{"id":7147,"date":"2023-04-14T10:08:55","date_gmt":"2023-04-14T10:08:55","guid":{"rendered":"https:\/\/oceansignal.com\/programmation-de-lemetteur-recepteur-ais-atb1-classe-b\/"},"modified":"2024-09-30T14:52:47","modified_gmt":"2024-09-30T14:52:47","slug":"programmation-de-lemetteur-recepteur-ais-atb1-classe-b","status":"publish","type":"page","link":"https:\/\/oceansignal.com\/fr\/soutien\/programmation-du-produit\/programmation-de-lemetteur-recepteur-ais-atb1-classe-b\/","title":{"rendered":"Programmation de l\u2019\u00e9metteur-r\u00e9cepteur AIS ATB1 classe B"},"content":{"rendered":"\n<div class=\"gb-product-programming\">\n    <div class=\"gc-container \">\n                \n\n<div class=\"wp-block-columns gb-product-programming__description is-layout-flex wp-container-core-columns-is-layout-9d6595d7 wp-block-columns-is-layout-flex\">\n<div class=\"wp-block-column gb-product-programming__description__text-container is-layout-flow wp-block-column-is-layout-flow\">\n<h2 class=\"gb-product-programming__description__text-container__title wp-block-heading\" id=\"h-atb1-class-b-ais-transceiver-programming\">Programmation de l\u2019\u00e9metteur-r\u00e9cepteur AIS ATB1 classe B<\/h2>\n\n\n\n<p class=\"gb-product-programming__description__text-container__text\">L\u2019ATB1 doit \u00eatre configur\u00e9 par l\u2019utilisateur pour entrer le num\u00e9ro MMSI du navire et d\u2019autres d\u00e9tails. Cela peut \u00eatre effectu\u00e9 par une application mobile ou un programme bas\u00e9 sur le Web.<\/p>\n\n\n\n<a\n                    href=\"http:\/\/oceansignal.com\/products\/ais-atb1-class-b-ais-transceiver\/\"\n                class=\"gb-button-link  \"\n        target=\"_self\">\n        See product details\n<\/a>\n\n\n\n<\/div>\n\n\n\n<div class=\"wp-block-column gb-product-programming__description__divider is-layout-flow wp-block-column-is-layout-flow\"><\/div>\n\n\n\n<div class=\"wp-block-column gb-product-programming__description__image is-layout-flow wp-block-column-is-layout-flow\">\n<div class=\"gb-image\">\n\t\n<div class=\"gc-image \">\n        <img decoding=\"async\" class=\"gc-image__image  \"\n         src=\"http:\/\/oceansignal.com\/wp-content\/uploads\/2023\/04\/image-products-atb1-1.png\"\n         alt=\"\"\n    >\n<\/div><\/div>\n<\/div>\n<\/div>\n\n\n\n<div class=\"wp-block-columns gb-product-programming__blurbs is-layout-flex wp-container-core-columns-is-layout-9d6595d7 wp-block-columns-is-layout-flex\">\n<div class=\"wp-block-column gb-product-programming__blurbs__text-container is-layout-flow wp-block-column-is-layout-flow\">\n<h6 class=\"gb-product-programming__blurbs__text-container__title wp-block-heading\" id=\"h-android-mobile\">Mobile Android<\/h6>\n\n\n\n<p class=\"gb-product-programming__blurbs__text-container__text\">Pour la version mobile Android, recherchez Ocean Signal sur le Playstore<\/p>\n\n\n\n<div class=\"wp-block-columns gb-product-programming__blurbs__text-container__link is-layout-flex wp-container-core-columns-is-layout-9d6595d7 wp-block-columns-is-layout-flex\">\n<div class=\"wp-block-column gb-product-programming__blurbs__text-container__link__image is-layout-flow wp-block-column-is-layout-flow\">\n<div class=\"gb-image\">\n\t\n<div class=\"gc-image \">\n        <img decoding=\"async\" class=\"gc-image__image  \"\n         src=\"http:\/\/oceansignal.com\/wp-content\/uploads\/2023\/04\/icon-android.png\"\n         alt=\"\"\n    >\n<\/div><\/div>\n<\/div>\n\n\n\n<div class=\"wp-block-column gb-product-programming__blurbs__text-container__link__link is-layout-flow wp-block-column-is-layout-flow\">\n<a\n                    href=\"https:\/\/play.google.com\/store\/apps\/details?id=com.ais.config.oceansignal\"\n                class=\"gb-button-link  \"\n        target=\"__blank\">\n        Go to Playstore\n<\/a>\n\n\n\n<\/div>\n<\/div>\n<\/div>\n\n\n\n<div class=\"wp-block-column gb-product-programming__blurbs__text-container is-layout-flow wp-block-column-is-layout-flow\">\n<h6 class=\"gb-product-programming__blurbs__text-container__title wp-block-heading\" id=\"h-mobile-ios\">Appareil mobile iOS<\/h6>\n\n\n\n<p class=\"gb-product-programming__blurbs__text-container__text\">Pour la version mobile iOS, recherchez Ocean Signal sur l\u2019Appstore<\/p>\n\n\n\n<div class=\"wp-block-columns gb-product-programming__blurbs__text-container__link is-layout-flex wp-container-core-columns-is-layout-9d6595d7 wp-block-columns-is-layout-flex\">\n<div class=\"wp-block-column gb-product-programming__blurbs__text-container__link__image is-layout-flow wp-block-column-is-layout-flow\">\n<div class=\"gb-image\">\n\t\n<div class=\"gc-image \">\n        <img decoding=\"async\" class=\"gc-image__image  \"\n         src=\"http:\/\/oceansignal.com\/wp-content\/uploads\/2023\/04\/icon-apple.png\"\n         alt=\"\"\n    >\n<\/div><\/div>\n<\/div>\n\n\n\n<div class=\"wp-block-column gb-product-programming__blurbs__text-container__link__link is-layout-flow wp-block-column-is-layout-flow\">\n<a\n                    href=\"https:\/\/apps.apple.com\/gb\/app\/ocean-signal\/id1453183713\"\n                class=\"gb-button-link  \"\n        target=\"__blank\">\n        Go to Appstore\n<\/a>\n\n\n\n<\/div>\n<\/div>\n<\/div>\n\n\n\n<div class=\"wp-block-column gb-product-programming__blurbs__text-container is-layout-flow wp-block-column-is-layout-flow\">\n<h6 class=\"gb-product-programming__blurbs__text-container__title wp-block-heading\" id=\"h-web-based-version\">Version Web<\/h6>\n\n\n\n<p class=\"gb-product-programming__blurbs__text-container__text\">Pour la version Web, cliquez ici :<\/p>\n\n\n\n<div class=\"wp-block-columns gb-product-programming__blurbs__text-container__link is-layout-flex wp-container-core-columns-is-layout-9d6595d7 wp-block-columns-is-layout-flex\">\n<div class=\"wp-block-column gb-product-programming__blurbs__text-container__link__image is-layout-flow wp-block-column-is-layout-flow\">\n<div class=\"gb-image\">\n\t\n<div class=\"gc-image \">\n        <img decoding=\"async\" class=\"gc-image__image  \"\n         src=\"http:\/\/oceansignal.com\/wp-content\/uploads\/2023\/04\/icon-desktop.png\"\n         alt=\"\"\n    >\n<\/div><\/div>\n<\/div>\n\n\n\n<div class=\"wp-block-column gb-product-programming__blurbs__text-container__link__link is-layout-flow wp-block-column-is-layout-flow\">\n<a\n                    href=\"https:\/\/oceansignal.com\/ais_webapp.html\"\n                class=\"gb-button-link  \"\n        target=\"__blank\">\n        Launch on your computer\n<\/a>\n\n\n\n<\/div>\n<\/div>\n<\/div>\n\n\n\n<div class=\"wp-block-column gb-product-programming__blurbs__text-container is-layout-flow wp-block-column-is-layout-flow\">\n<h6 class=\"gb-product-programming__blurbs__text-container__title wp-block-heading\" id=\"h-firmware-updates\">Mises \u00e0 jour du firmware<\/h6>\n\n\n\n<p class=\"gb-product-programming__blurbs__text-container__text\">Les mises \u00e0 jour du micrologiciel ne peuvent \u00eatre effectu\u00e9es qu\u2019\u00e0 l\u2019aide d\u2019un PC ou d\u2019un ordinateur Mac.\nAssurez-vous toujours que les applications mobiles sont mises \u00e0 jour vers la derni\u00e8re version pour activer de nouvelles fonctionnalit\u00e9s <\/p>\n\n\n\n<div class=\"wp-block-columns gb-product-programming__blurbs__text-container__link is-layout-flex wp-container-core-columns-is-layout-9d6595d7 wp-block-columns-is-layout-flex\">\n<div class=\"wp-block-column gb-product-programming__blurbs__text-container__link__image is-layout-flow wp-block-column-is-layout-flow\">\n<div class=\"gb-image\">\n\t\n<div class=\"gc-image \">\n        <img decoding=\"async\" class=\"gc-image__image  \"\n         src=\"http:\/\/oceansignal.com\/wp-content\/uploads\/2023\/04\/icons-software-updates.png\"\n         alt=\"\"\n    >\n<\/div><\/div>\n<\/div>\n\n\n\n<div class=\"wp-block-column gb-product-programming__blurbs__text-container__link__link is-layout-flow wp-block-column-is-layout-flow\">\n<a\n                    href=\"http:\/\/oceansignal.com\/support\/product-programming\/atb1-class-b-ais-transceiver-programming\/software-updates\/\"\n                class=\"gb-button-link  \"\n        target=\"__blank\">\n        View Firmware updates\n<\/a>\n\n\n\n<\/div>\n<\/div>\n<\/div>\n<\/div>\n\n\n        <\/div><\/div>\n","protected":false},"excerpt":{"rendered":"","protected":false},"author":2,"featured_media":0,"parent":7979,"menu_order":0,"comment_status":"closed","ping_status":"closed","template":"pagetemplate-empty.php","meta":{"_acf_changed":false,"om_disable_all_campaigns":false,"footnotes":""},"class_list":["post-7147","page","type-page","status-publish","hentry"],"acf":[],"yoast_head":"<!-- This site is optimized with the Yoast SEO Premium plugin v25.2 (Yoast SEO v26.4) - https:\/\/yoast.com\/wordpress\/plugins\/seo\/ -->\n<title>Programmation de l\u2019\u00e9metteur-r\u00e9cepteur AIS ATB1 classe B - Ocean Signal<\/title>\n<meta name=\"description\" content=\"Programmez facilement votre \u00e9metteur-r\u00e9cepteur AIS Ocean Signal ATB1 Classe B pour am\u00e9liorer le suivi et la s\u00e9curit\u00e9 des navires. Simplifiez la configuration AIS en toute simplicit\u00e9.\" \/>\n<meta name=\"robots\" content=\"index, follow, max-snippet:-1, max-image-preview:large, max-video-preview:-1\" \/>\n<link rel=\"canonical\" href=\"https:\/\/oceansignal.com\/fr\/soutien\/programmation-du-produit\/programmation-de-lemetteur-recepteur-ais-atb1-classe-b\/\" \/>\n<meta property=\"og:locale\" content=\"fr_FR\" \/>\n<meta property=\"og:type\" content=\"article\" \/>\n<meta property=\"og:title\" content=\"Programmation de l\u2019\u00e9metteur-r\u00e9cepteur AIS ATB1 classe B - Ocean Signal\" \/>\n<meta property=\"og:description\" content=\"Programmez facilement votre \u00e9metteur-r\u00e9cepteur AIS Ocean Signal ATB1 Classe B pour am\u00e9liorer le suivi et la s\u00e9curit\u00e9 des navires. Simplifiez la configuration AIS en toute simplicit\u00e9.\" \/>\n<meta property=\"og:url\" content=\"https:\/\/oceansignal.com\/fr\/soutien\/programmation-du-produit\/programmation-de-lemetteur-recepteur-ais-atb1-classe-b\/\" \/>\n<meta property=\"og:site_name\" content=\"Ocean Signal\" \/>\n<meta property=\"article:modified_time\" content=\"2024-09-30T14:52:47+00:00\" \/>\n<meta property=\"og:image\" content=\"https:\/\/oceansignal.com\/wp-content\/uploads\/2024\/03\/image-social-share-04.jpg\" \/>\n\t<meta property=\"og:image:width\" content=\"1200\" \/>\n\t<meta property=\"og:image:height\" content=\"630\" \/>\n\t<meta property=\"og:image:type\" content=\"image\/jpeg\" \/>\n<meta name=\"twitter:card\" content=\"summary_large_image\" \/>\n<meta name=\"twitter:label1\" content=\"Dur\u00e9e de lecture estim\u00e9e\" \/>\n\t<meta name=\"twitter:data1\" content=\"1 minute\" \/>\n<script type=\"application\/ld+json\" class=\"yoast-schema-graph\">{\"@context\":\"https:\/\/schema.org\",\"@graph\":[{\"@type\":\"WebPage\",\"@id\":\"https:\/\/oceansignal.com\/fr\/soutien\/programmation-du-produit\/programmation-de-lemetteur-recepteur-ais-atb1-classe-b\/\",\"url\":\"https:\/\/oceansignal.com\/fr\/soutien\/programmation-du-produit\/programmation-de-lemetteur-recepteur-ais-atb1-classe-b\/\",\"name\":\"Programmation de l\u2019\u00e9metteur-r\u00e9cepteur AIS ATB1 classe B - Ocean Signal\",\"isPartOf\":{\"@id\":\"https:\/\/oceansignal.com\/fr\/#website\"},\"datePublished\":\"2023-04-14T10:08:55+00:00\",\"dateModified\":\"2024-09-30T14:52:47+00:00\",\"description\":\"Programmez facilement votre \u00e9metteur-r\u00e9cepteur AIS Ocean Signal ATB1 Classe B pour am\u00e9liorer le suivi et la s\u00e9curit\u00e9 des navires. Simplifiez la configuration AIS en toute simplicit\u00e9.\",\"breadcrumb\":{\"@id\":\"https:\/\/oceansignal.com\/fr\/soutien\/programmation-du-produit\/programmation-de-lemetteur-recepteur-ais-atb1-classe-b\/#breadcrumb\"},\"inLanguage\":\"fr-FR\",\"potentialAction\":[{\"@type\":\"ReadAction\",\"target\":[\"https:\/\/oceansignal.com\/fr\/soutien\/programmation-du-produit\/programmation-de-lemetteur-recepteur-ais-atb1-classe-b\/\"]}]},{\"@type\":\"BreadcrumbList\",\"@id\":\"https:\/\/oceansignal.com\/fr\/soutien\/programmation-du-produit\/programmation-de-lemetteur-recepteur-ais-atb1-classe-b\/#breadcrumb\",\"itemListElement\":[{\"@type\":\"ListItem\",\"position\":1,\"name\":\"Soutien\",\"item\":\"https:\/\/oceansignal.com\/fr\/soutien\/\"},{\"@type\":\"ListItem\",\"position\":2,\"name\":\"Programmation du produit\",\"item\":\"https:\/\/oceansignal.com\/fr\/soutien\/programmation-du-produit\/\"},{\"@type\":\"ListItem\",\"position\":3,\"name\":\"Programmation de l\u2019\u00e9metteur-r\u00e9cepteur AIS ATB1 classe B\"}]},{\"@type\":\"WebSite\",\"@id\":\"https:\/\/oceansignal.com\/fr\/#website\",\"url\":\"https:\/\/oceansignal.com\/fr\/\",\"name\":\"Ocean Signal\",\"description\":\"A leading manufacturer of EPIRBs, AIS, SARTs, Personal Locator Beacons, Man Overboard Beacon for the Marine and Outdoor Markets.\",\"potentialAction\":[{\"@type\":\"SearchAction\",\"target\":{\"@type\":\"EntryPoint\",\"urlTemplate\":\"https:\/\/oceansignal.com\/fr\/?s={search_term_string}\"},\"query-input\":{\"@type\":\"PropertyValueSpecification\",\"valueRequired\":true,\"valueName\":\"search_term_string\"}}],\"inLanguage\":\"fr-FR\"}]}<\/script>\n<!-- \/ Yoast SEO Premium plugin. -->","yoast_head_json":{"title":"Programmation de l\u2019\u00e9metteur-r\u00e9cepteur AIS ATB1 classe B - Ocean Signal","description":"Programmez facilement votre \u00e9metteur-r\u00e9cepteur AIS Ocean Signal ATB1 Classe B pour am\u00e9liorer le suivi et la s\u00e9curit\u00e9 des navires. Simplifiez la configuration AIS en toute simplicit\u00e9.","robots":{"index":"index","follow":"follow","max-snippet":"max-snippet:-1","max-image-preview":"max-image-preview:large","max-video-preview":"max-video-preview:-1"},"canonical":"https:\/\/oceansignal.com\/fr\/soutien\/programmation-du-produit\/programmation-de-lemetteur-recepteur-ais-atb1-classe-b\/","og_locale":"fr_FR","og_type":"article","og_title":"Programmation de l\u2019\u00e9metteur-r\u00e9cepteur AIS ATB1 classe B - Ocean Signal","og_description":"Programmez facilement votre \u00e9metteur-r\u00e9cepteur AIS Ocean Signal ATB1 Classe B pour am\u00e9liorer le suivi et la s\u00e9curit\u00e9 des navires. Simplifiez la configuration AIS en toute simplicit\u00e9.","og_url":"https:\/\/oceansignal.com\/fr\/soutien\/programmation-du-produit\/programmation-de-lemetteur-recepteur-ais-atb1-classe-b\/","og_site_name":"Ocean Signal","article_modified_time":"2024-09-30T14:52:47+00:00","og_image":[{"width":1200,"height":630,"url":"https:\/\/oceansignal.com\/wp-content\/uploads\/2024\/03\/image-social-share-04.jpg","type":"image\/jpeg"}],"twitter_card":"summary_large_image","twitter_misc":{"Dur\u00e9e de lecture estim\u00e9e":"1 minute"},"schema":{"@context":"https:\/\/schema.org","@graph":[{"@type":"WebPage","@id":"https:\/\/oceansignal.com\/fr\/soutien\/programmation-du-produit\/programmation-de-lemetteur-recepteur-ais-atb1-classe-b\/","url":"https:\/\/oceansignal.com\/fr\/soutien\/programmation-du-produit\/programmation-de-lemetteur-recepteur-ais-atb1-classe-b\/","name":"Programmation de l\u2019\u00e9metteur-r\u00e9cepteur AIS ATB1 classe B - Ocean Signal","isPartOf":{"@id":"https:\/\/oceansignal.com\/fr\/#website"},"datePublished":"2023-04-14T10:08:55+00:00","dateModified":"2024-09-30T14:52:47+00:00","description":"Programmez facilement votre \u00e9metteur-r\u00e9cepteur AIS Ocean Signal ATB1 Classe B pour am\u00e9liorer le suivi et la s\u00e9curit\u00e9 des navires. Simplifiez la configuration AIS en toute simplicit\u00e9.","breadcrumb":{"@id":"https:\/\/oceansignal.com\/fr\/soutien\/programmation-du-produit\/programmation-de-lemetteur-recepteur-ais-atb1-classe-b\/#breadcrumb"},"inLanguage":"fr-FR","potentialAction":[{"@type":"ReadAction","target":["https:\/\/oceansignal.com\/fr\/soutien\/programmation-du-produit\/programmation-de-lemetteur-recepteur-ais-atb1-classe-b\/"]}]},{"@type":"BreadcrumbList","@id":"https:\/\/oceansignal.com\/fr\/soutien\/programmation-du-produit\/programmation-de-lemetteur-recepteur-ais-atb1-classe-b\/#breadcrumb","itemListElement":[{"@type":"ListItem","position":1,"name":"Soutien","item":"https:\/\/oceansignal.com\/fr\/soutien\/"},{"@type":"ListItem","position":2,"name":"Programmation du produit","item":"https:\/\/oceansignal.com\/fr\/soutien\/programmation-du-produit\/"},{"@type":"ListItem","position":3,"name":"Programmation de l\u2019\u00e9metteur-r\u00e9cepteur AIS ATB1 classe B"}]},{"@type":"WebSite","@id":"https:\/\/oceansignal.com\/fr\/#website","url":"https:\/\/oceansignal.com\/fr\/","name":"Ocean Signal","description":"A leading manufacturer of EPIRBs, AIS, SARTs, Personal Locator Beacons, Man Overboard Beacon for the Marine and Outdoor Markets.","potentialAction":[{"@type":"SearchAction","target":{"@type":"EntryPoint","urlTemplate":"https:\/\/oceansignal.com\/fr\/?s={search_term_string}"},"query-input":{"@type":"PropertyValueSpecification","valueRequired":true,"valueName":"search_term_string"}}],"inLanguage":"fr-FR"}]}},"_links":{"self":[{"href":"https:\/\/oceansignal.com\/fr\/wp-json\/wp\/v2\/pages\/7147","targetHints":{"allow":["GET"]}}],"collection":[{"href":"https:\/\/oceansignal.com\/fr\/wp-json\/wp\/v2\/pages"}],"about":[{"href":"https:\/\/oceansignal.com\/fr\/wp-json\/wp\/v2\/types\/page"}],"author":[{"embeddable":true,"href":"https:\/\/oceansignal.com\/fr\/wp-json\/wp\/v2\/users\/2"}],"replies":[{"embeddable":true,"href":"https:\/\/oceansignal.com\/fr\/wp-json\/wp\/v2\/comments?post=7147"}],"version-history":[{"count":1,"href":"https:\/\/oceansignal.com\/fr\/wp-json\/wp\/v2\/pages\/7147\/revisions"}],"predecessor-version":[{"id":7149,"href":"https:\/\/oceansignal.com\/fr\/wp-json\/wp\/v2\/pages\/7147\/revisions\/7149"}],"up":[{"embeddable":true,"href":"https:\/\/oceansignal.com\/fr\/wp-json\/wp\/v2\/pages\/7979"}],"wp:attachment":[{"href":"https:\/\/oceansignal.com\/fr\/wp-json\/wp\/v2\/media?parent=7147"}],"curies":[{"name":"wp","href":"https:\/\/api.w.org\/{rel}","templated":true}]}}