{"id":7398,"date":"2023-05-03T13:05:48","date_gmt":"2023-05-03T13:05:48","guid":{"rendered":"https:\/\/oceansignal.com\/mot-de-passe-oublie\/"},"modified":"2023-05-03T13:05:48","modified_gmt":"2023-05-03T13:05:48","slug":"mot-de-passe-oublie","status":"publish","type":"page","link":"https:\/\/oceansignal.com\/fr\/mot-de-passe-oublie\/","title":{"rendered":"Mot de passe oubli\u00e9"},"content":{"rendered":"","protected":false},"excerpt":{"rendered":"","protected":false},"author":1,"featured_media":0,"parent":0,"menu_order":0,"comment_status":"closed","ping_status":"closed","template":"pagetemplate-forgot.php","meta":{"_acf_changed":false,"om_disable_all_campaigns":false,"footnotes":""},"class_list":["post-7398","page","type-page","status-publish","hentry"],"acf":[],"yoast_head":"<!-- This site is optimized with the Yoast SEO Premium plugin v25.2 (Yoast SEO v26.4) - https:\/\/yoast.com\/wordpress\/plugins\/seo\/ -->\n<title>Mot de passe oubli\u00e9 - Ocean Signal<\/title>\n<meta name=\"description\" content=\"Vous avez oubli\u00e9 votre mot de passe ? G\u00e9rez votre compte Ocean Signal en mettant facilement \u00e0 jour votre mot de passe pour une protection accrue du compte et une tranquillit\u00e9 d\u2019esprit.\" \/>\n<meta name=\"robots\" content=\"index, follow, max-snippet:-1, max-image-preview:large, max-video-preview:-1\" \/>\n<link rel=\"canonical\" href=\"https:\/\/oceansignal.com\/fr\/mot-de-passe-oublie\/\" \/>\n<meta property=\"og:locale\" content=\"fr_FR\" \/>\n<meta property=\"og:type\" content=\"article\" \/>\n<meta property=\"og:title\" content=\"Mot de passe oubli\u00e9 - Ocean Signal\" \/>\n<meta property=\"og:description\" content=\"Vous avez oubli\u00e9 votre mot de passe ? G\u00e9rez votre compte Ocean Signal en mettant facilement \u00e0 jour votre mot de passe pour une protection accrue du compte et une tranquillit\u00e9 d\u2019esprit.\" \/>\n<meta property=\"og:url\" content=\"https:\/\/oceansignal.com\/fr\/mot-de-passe-oublie\/\" \/>\n<meta property=\"og:site_name\" content=\"Ocean Signal\" \/>\n<meta property=\"og:image\" content=\"https:\/\/oceansignal.com\/wp-content\/uploads\/2024\/03\/image-social-share-04.jpg\" \/>\n\t<meta property=\"og:image:width\" content=\"1200\" \/>\n\t<meta property=\"og:image:height\" content=\"630\" \/>\n\t<meta property=\"og:image:type\" content=\"image\/jpeg\" \/>\n<meta name=\"twitter:card\" content=\"summary_large_image\" \/>\n<script type=\"application\/ld+json\" class=\"yoast-schema-graph\">{\"@context\":\"https:\/\/schema.org\",\"@graph\":[{\"@type\":\"WebPage\",\"@id\":\"https:\/\/oceansignal.com\/fr\/mot-de-passe-oublie\/\",\"url\":\"https:\/\/oceansignal.com\/fr\/mot-de-passe-oublie\/\",\"name\":\"Mot de passe oubli\u00e9 - Ocean Signal\",\"isPartOf\":{\"@id\":\"https:\/\/oceansignal.com\/fr\/#website\"},\"datePublished\":\"2023-05-03T13:05:48+00:00\",\"description\":\"Vous avez oubli\u00e9 votre mot de passe ? G\u00e9rez votre compte Ocean Signal en mettant facilement \u00e0 jour votre mot de passe pour une protection accrue du compte et une tranquillit\u00e9 d\u2019esprit.\",\"inLanguage\":\"fr-FR\",\"potentialAction\":[{\"@type\":\"ReadAction\",\"target\":[\"https:\/\/oceansignal.com\/fr\/mot-de-passe-oublie\/\"]}]},{\"@type\":\"WebSite\",\"@id\":\"https:\/\/oceansignal.com\/fr\/#website\",\"url\":\"https:\/\/oceansignal.com\/fr\/\",\"name\":\"Ocean Signal\",\"description\":\"A leading manufacturer of EPIRBs, AIS, SARTs, Personal Locator Beacons, Man Overboard Beacon for the Marine and Outdoor Markets.\",\"potentialAction\":[{\"@type\":\"SearchAction\",\"target\":{\"@type\":\"EntryPoint\",\"urlTemplate\":\"https:\/\/oceansignal.com\/fr\/?s={search_term_string}\"},\"query-input\":{\"@type\":\"PropertyValueSpecification\",\"valueRequired\":true,\"valueName\":\"search_term_string\"}}],\"inLanguage\":\"fr-FR\"}]}<\/script>\n<!-- \/ Yoast SEO Premium plugin. -->","yoast_head_json":{"title":"Mot de passe oubli\u00e9 - Ocean Signal","description":"Vous avez oubli\u00e9 votre mot de passe ? G\u00e9rez votre compte Ocean Signal en mettant facilement \u00e0 jour votre mot de passe pour une protection accrue du compte et une tranquillit\u00e9 d\u2019esprit.","robots":{"index":"index","follow":"follow","max-snippet":"max-snippet:-1","max-image-preview":"max-image-preview:large","max-video-preview":"max-video-preview:-1"},"canonical":"https:\/\/oceansignal.com\/fr\/mot-de-passe-oublie\/","og_locale":"fr_FR","og_type":"article","og_title":"Mot de passe oubli\u00e9 - Ocean Signal","og_description":"Vous avez oubli\u00e9 votre mot de passe ? G\u00e9rez votre compte Ocean Signal en mettant facilement \u00e0 jour votre mot de passe pour une protection accrue du compte et une tranquillit\u00e9 d\u2019esprit.","og_url":"https:\/\/oceansignal.com\/fr\/mot-de-passe-oublie\/","og_site_name":"Ocean Signal","og_image":[{"width":1200,"height":630,"url":"https:\/\/oceansignal.com\/wp-content\/uploads\/2024\/03\/image-social-share-04.jpg","type":"image\/jpeg"}],"twitter_card":"summary_large_image","schema":{"@context":"https:\/\/schema.org","@graph":[{"@type":"WebPage","@id":"https:\/\/oceansignal.com\/fr\/mot-de-passe-oublie\/","url":"https:\/\/oceansignal.com\/fr\/mot-de-passe-oublie\/","name":"Mot de passe oubli\u00e9 - Ocean Signal","isPartOf":{"@id":"https:\/\/oceansignal.com\/fr\/#website"},"datePublished":"2023-05-03T13:05:48+00:00","description":"Vous avez oubli\u00e9 votre mot de passe ? G\u00e9rez votre compte Ocean Signal en mettant facilement \u00e0 jour votre mot de passe pour une protection accrue du compte et une tranquillit\u00e9 d\u2019esprit.","inLanguage":"fr-FR","potentialAction":[{"@type":"ReadAction","target":["https:\/\/oceansignal.com\/fr\/mot-de-passe-oublie\/"]}]},{"@type":"WebSite","@id":"https:\/\/oceansignal.com\/fr\/#website","url":"https:\/\/oceansignal.com\/fr\/","name":"Ocean Signal","description":"A leading manufacturer of EPIRBs, AIS, SARTs, Personal Locator Beacons, Man Overboard Beacon for the Marine and Outdoor Markets.","potentialAction":[{"@type":"SearchAction","target":{"@type":"EntryPoint","urlTemplate":"https:\/\/oceansignal.com\/fr\/?s={search_term_string}"},"query-input":{"@type":"PropertyValueSpecification","valueRequired":true,"valueName":"search_term_string"}}],"inLanguage":"fr-FR"}]}},"_links":{"self":[{"href":"https:\/\/oceansignal.com\/fr\/wp-json\/wp\/v2\/pages\/7398","targetHints":{"allow":["GET"]}}],"collection":[{"href":"https:\/\/oceansignal.com\/fr\/wp-json\/wp\/v2\/pages"}],"about":[{"href":"https:\/\/oceansignal.com\/fr\/wp-json\/wp\/v2\/types\/page"}],"author":[{"embeddable":true,"href":"https:\/\/oceansignal.com\/fr\/wp-json\/wp\/v2\/users\/1"}],"replies":[{"embeddable":true,"href":"https:\/\/oceansignal.com\/fr\/wp-json\/wp\/v2\/comments?post=7398"}],"version-history":[{"count":0,"href":"https:\/\/oceansignal.com\/fr\/wp-json\/wp\/v2\/pages\/7398\/revisions"}],"wp:attachment":[{"href":"https:\/\/oceansignal.com\/fr\/wp-json\/wp\/v2\/media?parent=7398"}],"curies":[{"name":"wp","href":"https:\/\/api.w.org\/{rel}","templated":true}]}}