{"id":7539,"date":"2023-03-27T07:24:53","date_gmt":"2023-03-27T07:24:53","guid":{"rendered":"https:\/\/oceansignal.com\/charrette\/"},"modified":"2025-02-21T10:32:00","modified_gmt":"2025-02-21T10:32:00","slug":"charrette","status":"publish","type":"page","link":"https:\/\/oceansignal.com\/fr\/charrette\/","title":{"rendered":"Charrette"},"content":{"rendered":"\n","protected":false},"excerpt":{"rendered":"","protected":false},"author":1,"featured_media":0,"parent":0,"menu_order":0,"comment_status":"closed","ping_status":"closed","template":"pagetemplate-cart.php","meta":{"_acf_changed":false,"om_disable_all_campaigns":false,"footnotes":""},"class_list":["post-7539","page","type-page","status-publish","hentry"],"acf":[],"yoast_head":"<!-- This site is optimized with the Yoast SEO Premium plugin v25.2 (Yoast SEO v26.4) - https:\/\/yoast.com\/wordpress\/plugins\/seo\/ -->\n<title>Charrette - Ocean Signal<\/title>\n<meta name=\"description\" content=\"Simplifiez votre achat d\u2019\u00e9quipement de s\u00e9curit\u00e9 maritime avec le panier d\u2019achat d\u2019Ocean Signal. Pratique, s\u00e9curis\u00e9 et fiable. Achetez maintenant.\" \/>\n<meta name=\"robots\" content=\"index, follow, max-snippet:-1, max-image-preview:large, max-video-preview:-1\" \/>\n<link rel=\"canonical\" href=\"https:\/\/oceansignal.com\/fr\/charrette\/\" \/>\n<meta property=\"og:locale\" content=\"fr_FR\" \/>\n<meta property=\"og:type\" content=\"article\" \/>\n<meta property=\"og:title\" content=\"Charrette - Ocean Signal\" \/>\n<meta property=\"og:description\" content=\"Simplifiez votre achat d\u2019\u00e9quipement de s\u00e9curit\u00e9 maritime avec le panier d\u2019achat d\u2019Ocean Signal. Pratique, s\u00e9curis\u00e9 et fiable. Achetez maintenant.\" \/>\n<meta property=\"og:url\" content=\"https:\/\/oceansignal.com\/fr\/charrette\/\" \/>\n<meta property=\"og:site_name\" content=\"Ocean Signal\" \/>\n<meta property=\"article:modified_time\" content=\"2025-02-21T10:32:00+00:00\" \/>\n<meta property=\"og:image\" content=\"https:\/\/oceansignal.com\/wp-content\/uploads\/2024\/03\/image-social-share-04.jpg\" \/>\n\t<meta property=\"og:image:width\" content=\"1200\" \/>\n\t<meta property=\"og:image:height\" content=\"630\" \/>\n\t<meta property=\"og:image:type\" content=\"image\/jpeg\" \/>\n<meta name=\"twitter:card\" content=\"summary_large_image\" \/>\n<script type=\"application\/ld+json\" class=\"yoast-schema-graph\">{\"@context\":\"https:\/\/schema.org\",\"@graph\":[{\"@type\":\"WebPage\",\"@id\":\"https:\/\/oceansignal.com\/fr\/charrette\/\",\"url\":\"https:\/\/oceansignal.com\/fr\/charrette\/\",\"name\":\"Charrette - Ocean Signal\",\"isPartOf\":{\"@id\":\"https:\/\/oceansignal.com\/fr\/#website\"},\"datePublished\":\"2023-03-27T07:24:53+00:00\",\"dateModified\":\"2025-02-21T10:32:00+00:00\",\"description\":\"Simplifiez votre achat d\u2019\u00e9quipement de s\u00e9curit\u00e9 maritime avec le panier d\u2019achat d\u2019Ocean Signal. Pratique, s\u00e9curis\u00e9 et fiable. Achetez maintenant.\",\"inLanguage\":\"fr-FR\",\"potentialAction\":[{\"@type\":\"ReadAction\",\"target\":[\"https:\/\/oceansignal.com\/fr\/charrette\/\"]}]},{\"@type\":\"WebSite\",\"@id\":\"https:\/\/oceansignal.com\/fr\/#website\",\"url\":\"https:\/\/oceansignal.com\/fr\/\",\"name\":\"Ocean Signal\",\"description\":\"A leading manufacturer of EPIRBs, AIS, SARTs, Personal Locator Beacons, Man Overboard Beacon for the Marine and Outdoor Markets.\",\"potentialAction\":[{\"@type\":\"SearchAction\",\"target\":{\"@type\":\"EntryPoint\",\"urlTemplate\":\"https:\/\/oceansignal.com\/fr\/?s={search_term_string}\"},\"query-input\":{\"@type\":\"PropertyValueSpecification\",\"valueRequired\":true,\"valueName\":\"search_term_string\"}}],\"inLanguage\":\"fr-FR\"}]}<\/script>\n<!-- \/ Yoast SEO Premium plugin. -->","yoast_head_json":{"title":"Charrette - Ocean Signal","description":"Simplifiez votre achat d\u2019\u00e9quipement de s\u00e9curit\u00e9 maritime avec le panier d\u2019achat d\u2019Ocean Signal. Pratique, s\u00e9curis\u00e9 et fiable. Achetez maintenant.","robots":{"index":"index","follow":"follow","max-snippet":"max-snippet:-1","max-image-preview":"max-image-preview:large","max-video-preview":"max-video-preview:-1"},"canonical":"https:\/\/oceansignal.com\/fr\/charrette\/","og_locale":"fr_FR","og_type":"article","og_title":"Charrette - Ocean Signal","og_description":"Simplifiez votre achat d\u2019\u00e9quipement de s\u00e9curit\u00e9 maritime avec le panier d\u2019achat d\u2019Ocean Signal. Pratique, s\u00e9curis\u00e9 et fiable. Achetez maintenant.","og_url":"https:\/\/oceansignal.com\/fr\/charrette\/","og_site_name":"Ocean Signal","article_modified_time":"2025-02-21T10:32:00+00:00","og_image":[{"width":1200,"height":630,"url":"https:\/\/oceansignal.com\/wp-content\/uploads\/2024\/03\/image-social-share-04.jpg","type":"image\/jpeg"}],"twitter_card":"summary_large_image","schema":{"@context":"https:\/\/schema.org","@graph":[{"@type":"WebPage","@id":"https:\/\/oceansignal.com\/fr\/charrette\/","url":"https:\/\/oceansignal.com\/fr\/charrette\/","name":"Charrette - Ocean Signal","isPartOf":{"@id":"https:\/\/oceansignal.com\/fr\/#website"},"datePublished":"2023-03-27T07:24:53+00:00","dateModified":"2025-02-21T10:32:00+00:00","description":"Simplifiez votre achat d\u2019\u00e9quipement de s\u00e9curit\u00e9 maritime avec le panier d\u2019achat d\u2019Ocean Signal. Pratique, s\u00e9curis\u00e9 et fiable. Achetez maintenant.","inLanguage":"fr-FR","potentialAction":[{"@type":"ReadAction","target":["https:\/\/oceansignal.com\/fr\/charrette\/"]}]},{"@type":"WebSite","@id":"https:\/\/oceansignal.com\/fr\/#website","url":"https:\/\/oceansignal.com\/fr\/","name":"Ocean Signal","description":"A leading manufacturer of EPIRBs, AIS, SARTs, Personal Locator Beacons, Man Overboard Beacon for the Marine and Outdoor Markets.","potentialAction":[{"@type":"SearchAction","target":{"@type":"EntryPoint","urlTemplate":"https:\/\/oceansignal.com\/fr\/?s={search_term_string}"},"query-input":{"@type":"PropertyValueSpecification","valueRequired":true,"valueName":"search_term_string"}}],"inLanguage":"fr-FR"}]}},"_links":{"self":[{"href":"https:\/\/oceansignal.com\/fr\/wp-json\/wp\/v2\/pages\/7539","targetHints":{"allow":["GET"]}}],"collection":[{"href":"https:\/\/oceansignal.com\/fr\/wp-json\/wp\/v2\/pages"}],"about":[{"href":"https:\/\/oceansignal.com\/fr\/wp-json\/wp\/v2\/types\/page"}],"author":[{"embeddable":true,"href":"https:\/\/oceansignal.com\/fr\/wp-json\/wp\/v2\/users\/1"}],"replies":[{"embeddable":true,"href":"https:\/\/oceansignal.com\/fr\/wp-json\/wp\/v2\/comments?post=7539"}],"version-history":[{"count":1,"href":"https:\/\/oceansignal.com\/fr\/wp-json\/wp\/v2\/pages\/7539\/revisions"}],"predecessor-version":[{"id":7541,"href":"https:\/\/oceansignal.com\/fr\/wp-json\/wp\/v2\/pages\/7539\/revisions\/7541"}],"wp:attachment":[{"href":"https:\/\/oceansignal.com\/fr\/wp-json\/wp\/v2\/media?parent=7539"}],"curies":[{"name":"wp","href":"https:\/\/api.w.org\/{rel}","templated":true}]}}