{"id":7979,"date":"2023-04-14T09:51:51","date_gmt":"2023-04-14T09:51:51","guid":{"rendered":"https:\/\/oceansignal.com\/programmation-du-produit\/"},"modified":"2024-09-30T14:58:44","modified_gmt":"2024-09-30T14:58:44","slug":"programmation-du-produit","status":"publish","type":"page","link":"https:\/\/oceansignal.com\/fr\/soutien\/programmation-du-produit\/","title":{"rendered":"Programmation du produit"},"content":{"rendered":"\n<div class=\"gb-support-block\">\n\t<div class=\"gc-container \">\n    \t\t\t\n\n<div class=\"gb-support-item\">\n\t\t\t\n\n<div class=\"wp-block-column gb-support-item__column gb-support-item__image-container is-layout-flow wp-block-column-is-layout-flow\">\n<div class=\"gb-image\">\n\t\n<div class=\"gc-image \">\n        <img decoding=\"async\" class=\"gc-image__image  \"\n         src=\"http:\/\/oceansignal.com\/wp-content\/uploads\/2023\/04\/image-product-ais-alarm-box.png\"\n         alt=\"\"\n    >\n<\/div><\/div>\n<\/div>\n\n\n\n<div class=\"wp-block-column gb-support-item__column-divider is-layout-flow wp-block-column-is-layout-flow\"><\/div>\n\n\n\n<div class=\"wp-block-column gb-support-item__column gb-support-item__text-container is-layout-flow wp-block-column-is-layout-flow\">\n<h6 class=\"wp-block-heading gb-support-item__text-container__title\" id=\"h-ais-alarm-box\">Bo\u00eetier d\u2019alarme AIS<\/h6>\n\n\n\n<p class=\"gb-support-item__text-container__text\">Pour programmer ce produit, s\u00e9lectionnez le bouton ci-dessous.<\/p>\n\n\n\n<a\n\t\t\thref=\"http:\/\/oceansignal.com\/support\/product-programming\/ais-alarm-box-programming\/\"\n\t\tclass=\"gb-button gb-button--primary \"\n\ttarget=\"_self\">\n\t\tProgram product\n<\/a>\n<\/div>\n\n\n\t<\/div>\n\n\n\n<div class=\"gb-support-item\">\n\t\t\t\n\n<div class=\"wp-block-column gb-support-item__column gb-support-item__image-container is-layout-flow wp-block-column-is-layout-flow\">\n<div class=\"gb-image\">\n\t\n<div class=\"gc-image \">\n        <img decoding=\"async\" class=\"gc-image__image  \"\n         src=\"http:\/\/oceansignal.com\/wp-content\/uploads\/2023\/04\/image-product-mob1-1.png\"\n         alt=\"\"\n    >\n<\/div><\/div>\n<\/div>\n\n\n\n<div class=\"wp-block-column gb-support-item__column-divider is-layout-flow wp-block-column-is-layout-flow\"><\/div>\n\n\n\n<div class=\"wp-block-column gb-support-item__column gb-support-item__text-container is-layout-flow wp-block-column-is-layout-flow\">\n<h6 class=\"wp-block-heading gb-support-item__text-container__title\" id=\"h-mob1\">MOB1<\/h6>\n\n\n\n<p class=\"gb-support-item__text-container__text\">Pour programmer ce produit, s\u00e9lectionnez le bouton ci-dessous.<\/p>\n\n\n\n<a\n\t\t\thref=\"http:\/\/oceansignal.com\/support\/product-programming\/mob1-programming\/\"\n\t\tclass=\"gb-button gb-button--primary \"\n\ttarget=\"_self\">\n\t\tProgram product\n<\/a>\n<\/div>\n\n\n\t<\/div>\n\n\n\n<div class=\"gb-support-item\">\n\t\t\t\n\n<div class=\"wp-block-column gb-support-item__column gb-support-item__image-container is-layout-flow wp-block-column-is-layout-flow\">\n<div class=\"gb-image\">\n\t\n<div class=\"gc-image \">\n        <img decoding=\"async\" class=\"gc-image__image  \"\n         src=\"http:\/\/oceansignal.com\/wp-content\/uploads\/2023\/04\/image-products-atb1.png\"\n         alt=\"\"\n    >\n<\/div><\/div>\n<\/div>\n\n\n\n<div class=\"wp-block-column gb-support-item__column-divider is-layout-flow wp-block-column-is-layout-flow\"><\/div>\n\n\n\n<div class=\"wp-block-column gb-support-item__column gb-support-item__text-container is-layout-flow wp-block-column-is-layout-flow\">\n<h6 class=\"wp-block-heading gb-support-item__text-container__title\" id=\"h-atb1-class-b-ais-transceiver\">\u00c9metteur-r\u00e9cepteur AIS ATB1 de classe B<\/h6>\n\n\n\n<p class=\"gb-support-item__text-container__text\">Pour programmer ce produit, s\u00e9lectionnez le bouton ci-dessous.<\/p>\n\n\n\n<a\n\t\t\thref=\"http:\/\/oceansignal.com\/support\/product-programming\/atb1-class-b-ais-transceiver-programming\/\"\n\t\tclass=\"gb-button gb-button--primary \"\n\ttarget=\"_self\">\n\t\tProgram product\n<\/a>\n<\/div>\n\n\n\t<\/div>\n\n\n\t\t<\/div><\/div>\n\n<div class=\"gb-container-narrow\">\n    <div class=\"gc-container \">\n                \n\n<p>Il est primordial de bien programmer <a href=\"https:\/\/oceansignal.com\/fr\/produits\/\">les produits Ocean Signal<\/a> pour maximiser leur efficacit\u00e9 \u00e0 assurer la s\u00e9curit\u00e9 maritime.\nCes appareils, allant des balises de d\u00e9tresse aux syst\u00e8mes AIS, reposent sur une configuration pr\u00e9cise pour fonctionner de mani\u00e8re optimale en cas d\u2019urgence.\nUne programmation pr\u00e9cise garantit que les signaux de d\u00e9tresse sont transmis avec les bonnes informations, ce qui permet une r\u00e9ponse rapide et pr\u00e9cise des \u00e9quipes de recherche et de sauvetage.\nDe plus, la programmation permet aux utilisateurs d\u2019adapter les param\u00e8tres \u00e0 leurs besoins sp\u00e9cifiques en mati\u00e8re de navire et d\u2019exploitation, ce qui am\u00e9liore la fiabilit\u00e9 et r\u00e9duit les fausses alarmes.     <\/p>\n\n\n        <\/div><\/div>\n","protected":false},"excerpt":{"rendered":"<p>Pour programmer votre produit, vous devez d\u2019abord s\u00e9lectionner le type de produit.<\/p>\n","protected":false},"author":2,"featured_media":0,"parent":8379,"menu_order":0,"comment_status":"closed","ping_status":"closed","template":"pagetemplate-header-orange.php","meta":{"_acf_changed":false,"om_disable_all_campaigns":false,"footnotes":""},"class_list":["post-7979","page","type-page","status-publish","hentry"],"acf":[],"yoast_head":"<!-- This site is optimized with the Yoast SEO Premium plugin v25.2 (Yoast SEO v26.4) - https:\/\/yoast.com\/wordpress\/plugins\/seo\/ -->\n<title>Programmation du produit - Ocean Signal<\/title>\n<meta name=\"description\" content=\"Programmation des produits Ocean Signal : Personnalisez vos dispositifs de s\u00e9curit\u00e9 maritime pour des performances optimales. Assurez-vous de param\u00e8tres pr\u00e9cis pour une s\u00e9curit\u00e9 \u00e0 bord renforc\u00e9e.\" \/>\n<meta name=\"robots\" content=\"index, follow, max-snippet:-1, max-image-preview:large, max-video-preview:-1\" \/>\n<link rel=\"canonical\" href=\"https:\/\/oceansignal.com\/fr\/soutien\/programmation-du-produit\/\" \/>\n<meta property=\"og:locale\" content=\"fr_FR\" \/>\n<meta property=\"og:type\" content=\"article\" \/>\n<meta property=\"og:title\" content=\"Programmation du produit - Ocean Signal\" \/>\n<meta property=\"og:description\" content=\"Programmation des produits Ocean Signal : Personnalisez vos dispositifs de s\u00e9curit\u00e9 maritime pour des performances optimales. Assurez-vous de param\u00e8tres pr\u00e9cis pour une s\u00e9curit\u00e9 \u00e0 bord renforc\u00e9e.\" \/>\n<meta property=\"og:url\" content=\"https:\/\/oceansignal.com\/fr\/soutien\/programmation-du-produit\/\" \/>\n<meta property=\"og:site_name\" content=\"Ocean Signal\" \/>\n<meta property=\"article:modified_time\" content=\"2024-09-30T14:58:44+00:00\" \/>\n<meta property=\"og:image\" content=\"https:\/\/oceansignal.com\/wp-content\/uploads\/2024\/03\/image-social-share-04.jpg\" \/>\n\t<meta property=\"og:image:width\" content=\"1200\" \/>\n\t<meta property=\"og:image:height\" content=\"630\" \/>\n\t<meta property=\"og:image:type\" content=\"image\/jpeg\" \/>\n<meta name=\"twitter:card\" content=\"summary_large_image\" \/>\n<meta name=\"twitter:label1\" content=\"Dur\u00e9e de lecture estim\u00e9e\" \/>\n\t<meta name=\"twitter:data1\" content=\"1 minute\" \/>\n<script type=\"application\/ld+json\" class=\"yoast-schema-graph\">{\"@context\":\"https:\/\/schema.org\",\"@graph\":[{\"@type\":\"WebPage\",\"@id\":\"https:\/\/oceansignal.com\/fr\/soutien\/programmation-du-produit\/\",\"url\":\"https:\/\/oceansignal.com\/fr\/soutien\/programmation-du-produit\/\",\"name\":\"Programmation du produit - Ocean Signal\",\"isPartOf\":{\"@id\":\"https:\/\/oceansignal.com\/fr\/#website\"},\"datePublished\":\"2023-04-14T09:51:51+00:00\",\"dateModified\":\"2024-09-30T14:58:44+00:00\",\"description\":\"Programmation des produits Ocean Signal : Personnalisez vos dispositifs de s\u00e9curit\u00e9 maritime pour des performances optimales. Assurez-vous de param\u00e8tres pr\u00e9cis pour une s\u00e9curit\u00e9 \u00e0 bord renforc\u00e9e.\",\"breadcrumb\":{\"@id\":\"https:\/\/oceansignal.com\/fr\/soutien\/programmation-du-produit\/#breadcrumb\"},\"inLanguage\":\"fr-FR\",\"potentialAction\":[{\"@type\":\"ReadAction\",\"target\":[\"https:\/\/oceansignal.com\/fr\/soutien\/programmation-du-produit\/\"]}]},{\"@type\":\"BreadcrumbList\",\"@id\":\"https:\/\/oceansignal.com\/fr\/soutien\/programmation-du-produit\/#breadcrumb\",\"itemListElement\":[{\"@type\":\"ListItem\",\"position\":1,\"name\":\"Soutien\",\"item\":\"https:\/\/oceansignal.com\/fr\/soutien\/\"},{\"@type\":\"ListItem\",\"position\":2,\"name\":\"Programmation du produit\"}]},{\"@type\":\"WebSite\",\"@id\":\"https:\/\/oceansignal.com\/fr\/#website\",\"url\":\"https:\/\/oceansignal.com\/fr\/\",\"name\":\"Ocean Signal\",\"description\":\"A leading manufacturer of EPIRBs, AIS, SARTs, Personal Locator Beacons, Man Overboard Beacon for the Marine and Outdoor Markets.\",\"potentialAction\":[{\"@type\":\"SearchAction\",\"target\":{\"@type\":\"EntryPoint\",\"urlTemplate\":\"https:\/\/oceansignal.com\/fr\/?s={search_term_string}\"},\"query-input\":{\"@type\":\"PropertyValueSpecification\",\"valueRequired\":true,\"valueName\":\"search_term_string\"}}],\"inLanguage\":\"fr-FR\"}]}<\/script>\n<!-- \/ Yoast SEO Premium plugin. -->","yoast_head_json":{"title":"Programmation du produit - Ocean Signal","description":"Programmation des produits Ocean Signal : Personnalisez vos dispositifs de s\u00e9curit\u00e9 maritime pour des performances optimales. Assurez-vous de param\u00e8tres pr\u00e9cis pour une s\u00e9curit\u00e9 \u00e0 bord renforc\u00e9e.","robots":{"index":"index","follow":"follow","max-snippet":"max-snippet:-1","max-image-preview":"max-image-preview:large","max-video-preview":"max-video-preview:-1"},"canonical":"https:\/\/oceansignal.com\/fr\/soutien\/programmation-du-produit\/","og_locale":"fr_FR","og_type":"article","og_title":"Programmation du produit - Ocean Signal","og_description":"Programmation des produits Ocean Signal : Personnalisez vos dispositifs de s\u00e9curit\u00e9 maritime pour des performances optimales. Assurez-vous de param\u00e8tres pr\u00e9cis pour une s\u00e9curit\u00e9 \u00e0 bord renforc\u00e9e.","og_url":"https:\/\/oceansignal.com\/fr\/soutien\/programmation-du-produit\/","og_site_name":"Ocean Signal","article_modified_time":"2024-09-30T14:58:44+00:00","og_image":[{"width":1200,"height":630,"url":"https:\/\/oceansignal.com\/wp-content\/uploads\/2024\/03\/image-social-share-04.jpg","type":"image\/jpeg"}],"twitter_card":"summary_large_image","twitter_misc":{"Dur\u00e9e de lecture estim\u00e9e":"1 minute"},"schema":{"@context":"https:\/\/schema.org","@graph":[{"@type":"WebPage","@id":"https:\/\/oceansignal.com\/fr\/soutien\/programmation-du-produit\/","url":"https:\/\/oceansignal.com\/fr\/soutien\/programmation-du-produit\/","name":"Programmation du produit - Ocean Signal","isPartOf":{"@id":"https:\/\/oceansignal.com\/fr\/#website"},"datePublished":"2023-04-14T09:51:51+00:00","dateModified":"2024-09-30T14:58:44+00:00","description":"Programmation des produits Ocean Signal : Personnalisez vos dispositifs de s\u00e9curit\u00e9 maritime pour des performances optimales. Assurez-vous de param\u00e8tres pr\u00e9cis pour une s\u00e9curit\u00e9 \u00e0 bord renforc\u00e9e.","breadcrumb":{"@id":"https:\/\/oceansignal.com\/fr\/soutien\/programmation-du-produit\/#breadcrumb"},"inLanguage":"fr-FR","potentialAction":[{"@type":"ReadAction","target":["https:\/\/oceansignal.com\/fr\/soutien\/programmation-du-produit\/"]}]},{"@type":"BreadcrumbList","@id":"https:\/\/oceansignal.com\/fr\/soutien\/programmation-du-produit\/#breadcrumb","itemListElement":[{"@type":"ListItem","position":1,"name":"Soutien","item":"https:\/\/oceansignal.com\/fr\/soutien\/"},{"@type":"ListItem","position":2,"name":"Programmation du produit"}]},{"@type":"WebSite","@id":"https:\/\/oceansignal.com\/fr\/#website","url":"https:\/\/oceansignal.com\/fr\/","name":"Ocean Signal","description":"A leading manufacturer of EPIRBs, AIS, SARTs, Personal Locator Beacons, Man Overboard Beacon for the Marine and Outdoor Markets.","potentialAction":[{"@type":"SearchAction","target":{"@type":"EntryPoint","urlTemplate":"https:\/\/oceansignal.com\/fr\/?s={search_term_string}"},"query-input":{"@type":"PropertyValueSpecification","valueRequired":true,"valueName":"search_term_string"}}],"inLanguage":"fr-FR"}]}},"_links":{"self":[{"href":"https:\/\/oceansignal.com\/fr\/wp-json\/wp\/v2\/pages\/7979","targetHints":{"allow":["GET"]}}],"collection":[{"href":"https:\/\/oceansignal.com\/fr\/wp-json\/wp\/v2\/pages"}],"about":[{"href":"https:\/\/oceansignal.com\/fr\/wp-json\/wp\/v2\/types\/page"}],"author":[{"embeddable":true,"href":"https:\/\/oceansignal.com\/fr\/wp-json\/wp\/v2\/users\/2"}],"replies":[{"embeddable":true,"href":"https:\/\/oceansignal.com\/fr\/wp-json\/wp\/v2\/comments?post=7979"}],"version-history":[{"count":1,"href":"https:\/\/oceansignal.com\/fr\/wp-json\/wp\/v2\/pages\/7979\/revisions"}],"predecessor-version":[{"id":7981,"href":"https:\/\/oceansignal.com\/fr\/wp-json\/wp\/v2\/pages\/7979\/revisions\/7981"}],"up":[{"embeddable":true,"href":"https:\/\/oceansignal.com\/fr\/wp-json\/wp\/v2\/pages\/8379"}],"wp:attachment":[{"href":"https:\/\/oceansignal.com\/fr\/wp-json\/wp\/v2\/media?parent=7979"}],"curies":[{"name":"wp","href":"https:\/\/api.w.org\/{rel}","templated":true}]}}