{"id":12818,"date":"2024-11-12T19:50:16","date_gmt":"2024-11-12T19:50:16","guid":{"rendered":"https:\/\/oceansignal.com\/products\/safesea-m200\/"},"modified":"2026-02-17T15:46:52","modified_gmt":"2026-02-17T15:46:52","slug":"safesea-m200","status":"publish","type":"product","link":"https:\/\/oceansignal.com\/fr\/products\/safesea-m200\/","title":{"rendered":"safeSEA M200"},"content":{"rendered":"<p class=\"ai-optimize-36 ai-optimize-introduction\"><em>Vous souhaitez en savoir plus sur les derni\u00e8res exigences de classe M pour AIS MOB ?  <a href=\"https:\/\/oceansignal.com\/fr\/news\/comprendre-limpact-de-la-reglementation-ais-de-classe-m-sur-les-mob\/\">Cliquez ici<\/a><\/em><\/p>\n<p class=\"ai-optimize-37\"><em>Pour les \u00c9tats-Unis uniquement&nbsp;: cet appareil n&rsquo;a pas \u00e9t\u00e9 autoris\u00e9 conform\u00e9ment aux r\u00e8gles de la Federal Communications Commission. Cet appareil n&rsquo;est pas et ne peut pas \u00eatre propos\u00e9 \u00e0 la vente ou \u00e0 la location, ni vendu ou lou\u00e9, tant qu&rsquo;une autorisation n&rsquo;a pas \u00e9t\u00e9 obtenue. Approuv\u00e9 pour la vente dans les pays ayant adopt\u00e9 la r\u00e9glementation ECC\/DEC\/(22)02.  <\/em><\/p>\n<p class=\"ai-optimize-38\"><em><a href=\"https:\/\/www.dropbox.com\/s\/8343nj28z0d7bxa\/Prop%2065%20-%20BPA.pdf?dl=0\">AVERTISSEMENT : PROP 65<\/a><\/em><\/p>\n<h3 class=\"ai-optimize-39\">R\u00e9sum\u00e9<\/h3>\n<p class=\"ai-optimize-40\">Con\u00e7u pour r\u00e9pondre aux besoins des plaisanciers, du march\u00e9 de la marine professionnelle et de ses travailleurs offshore, le M200 peut \u00eatre fix\u00e9 \u00e0 un gilet de sauvetage et s&rsquo;active automatiquement lors du gonflage du gilet. Dot\u00e9 de plusieurs m\u00e9thodes d&rsquo;alerte de d\u00e9tresse, le M200 est dot\u00e9 de deux lumi\u00e8res stroboscopiques infrarouges blanches et transmet via AIS, DSC et 121,5 MHz pour faciliter les efforts de sauvetage et ainsi maximiser la vitesse et l&rsquo;efficacit\u00e9 du sauvetage. Conforme \u00e0 la r\u00e9glementation AIS Classe M, le M200 est un appareil MOB DSC (Digital Selective Calling) de classe M qui int\u00e8gre une conception durable avec un facteur de forme opportun\u00e9ment plus petit que d&rsquo;autres mod\u00e8les comparables.  <\/p>\n<p class=\"ai-optimize-41\">S&rsquo;appuyant sur l&rsquo;architecture \u00e9prouv\u00e9e de son pr\u00e9d\u00e9cesseur, le safeSEA M200 AIS reste fid\u00e8le aux principes de conception fondamentaux d&rsquo; Ocean Signal et r\u00e9alise un exploit impressionnant en int\u00e9grant des fonctionnalit\u00e9s suppl\u00e9mentaires dans un format encore plus compact. Conforme \u00e0 la r\u00e9glementation ECC\/DEC\/(22)02, \u00e9galement appel\u00e9e r\u00e9glementation AIS Classe M, le M200 int\u00e8gre un r\u00e9cepteur ASN (appel s\u00e9lectif num\u00e9rique) qui emp\u00eache le MOB d&rsquo;envoyer des messages ASN sur le canal ASN une fois le signal de d\u00e9tresse acquitt\u00e9. L&rsquo;int\u00e9gration de deux feux stroboscopiques infrarouges blancs, associ\u00e9s \u00e0 l&rsquo;alerte de d\u00e9tresse via AIS, ASN et 121,5 MHz, permet une d\u00e9tection optimale par les services d&rsquo;urgence.  <\/p>\n<p class=\"ai-optimize-42\"><strong>Comment \u00e7a marche<\/strong><\/p>\n<p class=\"ai-optimize-43\">D\u00e8s son activation, le safeSEA M200 AIS commence \u00e0 \u00e9mettre le signal de localisation 121,5 MHz, puis le premier signal de d\u00e9tresse individuel est diffus\u00e9 dans les 15 secondes. Le M200 envoie 8 messages AIS par minute. Une fois la position GNSS obtenue, chaque s\u00e9quence de 8 messages AIS inclut les coordonn\u00e9es GNSS pour alerter les sauveteurs de votre position pr\u00e9cise. Le M200 peut \u00e9galement envoyer diff\u00e9rents types de messages ASN*. Le type de message ASN transmis (appel relais de d\u00e9tresse individuel, appel de groupe ou alerte de d\u00e9tresse \u00e0 tous les navires) est r\u00e9gi par la r\u00e9glementation sp\u00e9cifique de chaque pays.   <\/p>\n<p class=\"ai-optimize-44\"><strong>Application connect\u00e9e<\/strong><\/p>\n<p class=\"ai-optimize-45\">Gr\u00e2ce \u00e0 la technologie NFC (Near Field Communication), placer votre t\u00e9l\u00e9phone \u00e0 proximit\u00e9 de la balise lance automatiquement l&rsquo;application Ocean Signal Product, vous donnant acc\u00e8s \u00e0 une gamme de donn\u00e9es d&rsquo;utilisation. Les donn\u00e9es sp\u00e9cifiques \u00e0 l&rsquo;utilisateur, telles que le num\u00e9ro MMSI d&rsquo;un navire, peuvent \u00eatre saisies dans le M200 tout en permettant d&rsquo;afficher facilement des informations vitales telles que l&rsquo;autonomie de la batterie et l&rsquo;historique des auto-tests. L&rsquo;utilisation de la technologie NFC garantit \u00e9galement que l&rsquo;autonomie de la batterie interne est maximis\u00e9e pour des raisons de s\u00e9curit\u00e9.  <\/p>\n<p class=\"ai-optimize-46\"><strong>Int\u00e9gration du gilet de sauvetage<\/strong><\/p>\n<p class=\"ai-optimize-47\">Le safeSEA M200 AIS peut \u00eatre activ\u00e9 manuellement ou automatiquement lorsqu&rsquo;il est install\u00e9 dans un gilet de sauvetage gonflable \u00e0 gonflage automatique. L&rsquo;installation est simplifi\u00e9e gr\u00e2ce au clip de gonflage buccal inclus, qui permet de fixer le M200 au gilet de sauvetage, et au ruban d&rsquo;activation fix\u00e9 autour de la vessie du gilet**. Une fois correctement install\u00e9, le gonflage de la vessie du gilet d\u00e9clenche le d\u00e9ploiement de l&rsquo;antenne et l&rsquo;activation de la balise.  <\/p>\n<p class=\"ai-optimize-48\">* La fonctionnalit\u00e9 DSC est soumise aux r\u00e9glementations du pays.<\/p>\n<p class=\"ai-optimize-49\"><strong>** <i data-olk-copy-source=\"MailCompose\">Il est recommand\u00e9 de consulter le fabricant du gilet de sauvetage avant l&rsquo;installation, car certains mod\u00e8les peuvent avoir leur propre m\u00e9thode de fixation ou leurs propres recommandations d&rsquo;int\u00e9gration.<\/i><\/strong><\/p>\n<p>&nbsp;<\/p>\n<p class=\"ai-optimize-50\"><strong>Caract\u00e9ristiques et avantages de l&rsquo; Ocean Signal safeSEA M200 AIS :<\/strong><\/p>\n<ul>\n<li class=\"ai-optimize-51\">AIS (syst\u00e8me d\u2019identification automatique)<\/li>\n<li class=\"ai-optimize-52\">Conforme \u00e0 la classe M (r\u00e8glement ECC\/DEC\/(22)02)<\/li>\n<li class=\"ai-optimize-53\">\u00c9metteur-r\u00e9cepteur ASN Tx et Rx int\u00e9gr\u00e9 (appel s\u00e9lectif num\u00e9rique) *<\/li>\n<li class=\"ai-optimize-54\">Les LED v\u00e9rifient la r\u00e9ception du signal de d\u00e9tresse ASN<\/li>\n<li class=\"ai-optimize-55\">20 % (typ) plus petit que les concurrents<\/li>\n<li class=\"ai-optimize-56\">GNSS via GPS et Galileo<\/li>\n<li class=\"ai-optimize-57\">Positionnement rapide et pr\u00e9cis<\/li>\n<li class=\"ai-optimize-58\">Signal de retour \u00e0 la maison de 121,5 MHz<\/li>\n<li class=\"ai-optimize-59\">Lumi\u00e8res stroboscopiques IR et blanches<\/li>\n<li class=\"ai-optimize-60\">Les LED v\u00e9rifient la r\u00e9ception du signal de d\u00e9tresse ASN<\/li>\n<li class=\"ai-optimize-61\">Activation automatique<\/li>\n<li class=\"ai-optimize-62\">Int\u00e9gration simple du gilet de sauvetage**<\/li>\n<li class=\"ai-optimize-63\">Autonomie de la batterie de 5 ans<\/li>\n<li class=\"ai-optimize-64\">12+ heures de dur\u00e9e de vie<\/li>\n<li class=\"ai-optimize-65\">Garantie de 2 ans<\/li>\n<li class=\"ai-optimize-66\">Communication en champ proche int\u00e9gr\u00e9e (NFC)<\/li>\n<li class=\"ai-optimize-67\">Connectivit\u00e9 smartphone via NFC<\/li>\n<li class=\"ai-optimize-68\">Application mobile Ocean Signal (IOS et Android)<\/li>\n<\/ul>\n<p>&nbsp;<\/p>\n<p class=\"ai-optimize-69\"><strong><em>Compatibilit\u00e9:<\/em><\/strong><em>  La plupart des traceurs AIS et VHF DSC modernes sont conformes aux normes requises pour recevoir les transmissions MOB . Il est toutefois recommand\u00e9, surtout si vous utilisez un \u00e9quipement plus ancien, de v\u00e9rifier la compatibilit\u00e9 avec le fabricant de l&rsquo;\u00e9quipement. <\/em><\/p>\n<p class=\"ai-optimize-70\">Vous souhaitez en savoir plus sur les derni\u00e8res exigences de classe M pour AIS MOB ?  <a href=\"https:\/\/oceansignal.com\/fr\/news\/comprendre-limpact-de-la-reglementation-ais-de-classe-m-sur-les-mob\/\">Cliquez ici<\/a><\/p>\n<p>&nbsp;<\/p>\n","protected":false},"excerpt":{"rendered":"<div class=\"flex max-w-full flex-col flex-grow\">\n<div class=\"min-h-8 text-message relative flex w-full flex-col items-end gap-2 whitespace-normal break-words text-start [.text-message+&amp;]:mt-5\" dir=\"auto\" data-message-author-role=\"assistant\" data-message-id=\"933cc1c1-b547-4ddb-bf48-2e55b6592f46\" data-message-model-slug=\"gpt-4o\">\n<div class=\"flex w-full flex-col gap-1 empty:hidden first:pt-[3px]\">\n<div class=\"markdown prose w-full break-words dark:prose-invert light\">\n<ul data-start=\"81\" data-end=\"826\" data-is-last-node=\"\" data-is-only-node=\"\">\n<li class=\"\" data-start=\"81\" data-end=\"235\">\n<p class=\"\" data-start=\"83\" data-end=\"235\"><strong data-start=\"83\" data-end=\"112\">Alerte AIS MOB avanc\u00e9e<\/strong> \u2013 Conforme \u00e0 la classe M (ECC\/DEC\/(22)02) avec signalisation de d\u00e9tresse AIS, DSC et 121,5 MHz pour une visibilit\u00e9 maximale pour les sauveteurs.<\/p>\n<\/li>\n<li class=\"\" data-start=\"236\" data-end=\"387\">\n<p class=\"\" data-start=\"238\" data-end=\"387\"><strong data-start=\"238\" data-end=\"275\">Suivi de localisation rapide et pr\u00e9cis<\/strong> \u2013 Envoie 8 messages AIS par minute avec un positionnement GNSS pr\u00e9cis (GPS et Galileo) pour une r\u00e9ponse d&rsquo;urgence rapide.<\/p>\n<\/li>\n<li class=\"\" data-start=\"388\" data-end=\"530\">\n<p class=\"\" data-start=\"390\" data-end=\"530\"><strong data-start=\"390\" data-end=\"417\">R\u00e9cepteur DSC int\u00e9gr\u00e9<\/strong> \u2013 Arr\u00eate les alertes de d\u00e9tresse une fois reconnues, r\u00e9duisant ainsi les transmissions inutiles et am\u00e9liorant l&rsquo;efficacit\u00e9 de la recherche.<\/p>\n<\/li>\n<li class=\"\" data-start=\"531\" data-end=\"678\">\n<p class=\"\" data-start=\"533\" data-end=\"678\"><strong data-start=\"533\" data-end=\"568\">Int\u00e9gration transparente du gilet de sauvetage<\/strong> \u2013 Activation automatique ou manuelle lorsqu\u2019il est install\u00e9 dans un gilet de sauvetage gonflable, garantissant un fonctionnement mains libres.<\/p>\n<\/li>\n<li class=\"\" data-start=\"679\" data-end=\"826\">\n<p class=\"\" data-start=\"681\" data-end=\"826\"><strong data-start=\"681\" data-end=\"708\">Connectivit\u00e9 du smartphone<\/strong> \u2013 Compatible NFC pour un acc\u00e8s facile \u00e0 l&rsquo;\u00e9tat de la batterie, \u00e0 l&rsquo;historique des autotests et \u00e0 la configuration MMSI via l&rsquo;application mobile Ocean Signal .<\/p>\n<\/li>\n<li data-start=\"679\" data-end=\"826\">Achat unique sans abonnement mensuel<\/li>\n<\/ul>\n<\/div>\n<\/div>\n<\/div>\n<\/div>\n","protected":false},"featured_media":12400,"template":"","meta":{"_acf_changed":false,"om_disable_all_campaigns":false},"product_brand":[],"product_cat":[385,1982,1054,328],"product_tag":[],"class_list":{"0":"post-12818","1":"product","2":"type-product","3":"status-publish","4":"has-post-thumbnail","6":"product_cat-ais-fr-2","7":"product_cat-compatible-avec-les-gilets-de-sauvetage","8":"product_cat-homme-a-la-mer","9":"product_cat-safesea-fr","11":"first","12":"instock","13":"taxable","14":"shipping-taxable","15":"purchasable","16":"product-type-simple"},"acf":[],"yoast_head":"<!-- This site is optimized with the Yoast SEO Premium plugin v25.2 (Yoast SEO v26.4) - https:\/\/yoast.com\/wordpress\/plugins\/seo\/ -->\n<title>safeSEA M200 - Ocean Signal<\/title>\n<meta name=\"description\" content=\"La balise de d\u00e9tresse Ocean Signal safeSEA M200 AIS Man Overboard maximise les chances de sauvetage gr\u00e2ce \u00e0 ses 3 m\u00e9thodes de transmission de d\u00e9tresse : AIS, DSC et 121,5 MHz\" \/>\n<meta name=\"robots\" content=\"index, follow, max-snippet:-1, max-image-preview:large, max-video-preview:-1\" \/>\n<link rel=\"canonical\" href=\"https:\/\/oceansignal.com\/fr\/products\/safesea-m200\/\" \/>\n<meta property=\"og:locale\" content=\"fr_FR\" \/>\n<meta property=\"og:type\" content=\"article\" \/>\n<meta property=\"og:title\" content=\"safeSEA M200\" \/>\n<meta property=\"og:description\" content=\"La balise de d\u00e9tresse Ocean Signal safeSEA M200 AIS Man Overboard maximise les chances de sauvetage gr\u00e2ce \u00e0 ses 3 m\u00e9thodes de transmission de d\u00e9tresse : AIS, DSC et 121,5 MHz\" \/>\n<meta property=\"og:url\" content=\"https:\/\/oceansignal.com\/fr\/products\/safesea-m200\/\" \/>\n<meta property=\"og:site_name\" content=\"Ocean Signal\" \/>\n<meta property=\"article:modified_time\" content=\"2026-02-17T15:46:52+00:00\" \/>\n<meta property=\"og:image\" content=\"https:\/\/oceansignal.com\/wp-content\/uploads\/2024\/11\/M200-Front.png\" \/>\n\t<meta property=\"og:image:width\" content=\"800\" \/>\n\t<meta property=\"og:image:height\" content=\"800\" \/>\n\t<meta property=\"og:image:type\" content=\"image\/png\" \/>\n<meta name=\"twitter:card\" content=\"summary_large_image\" \/>\n<meta name=\"twitter:label1\" content=\"Dur\u00e9e de lecture estim\u00e9e\" \/>\n\t<meta name=\"twitter:data1\" content=\"4 minutes\" \/>\n<script type=\"application\/ld+json\" class=\"yoast-schema-graph\">{\"@context\":\"https:\/\/schema.org\",\"@graph\":[{\"@type\":\"WebPage\",\"@id\":\"https:\/\/oceansignal.com\/fr\/products\/safesea-m200\/\",\"url\":\"https:\/\/oceansignal.com\/fr\/products\/safesea-m200\/\",\"name\":\"safeSEA M200 - Ocean Signal\",\"isPartOf\":{\"@id\":\"https:\/\/oceansignal.com\/fr\/#website\"},\"primaryImageOfPage\":{\"@id\":\"https:\/\/oceansignal.com\/fr\/products\/safesea-m200\/#primaryimage\"},\"image\":{\"@id\":\"https:\/\/oceansignal.com\/fr\/products\/safesea-m200\/#primaryimage\"},\"thumbnailUrl\":\"https:\/\/oceansignal.com\/wp-content\/uploads\/2024\/11\/M200-Front.png\",\"datePublished\":\"2024-11-12T19:50:16+00:00\",\"dateModified\":\"2026-02-17T15:46:52+00:00\",\"description\":\"La balise de d\u00e9tresse Ocean Signal safeSEA M200 AIS Man Overboard maximise les chances de sauvetage gr\u00e2ce \u00e0 ses 3 m\u00e9thodes de transmission de d\u00e9tresse : AIS, DSC et 121,5 MHz\",\"breadcrumb\":{\"@id\":\"https:\/\/oceansignal.com\/fr\/products\/safesea-m200\/#breadcrumb\"},\"inLanguage\":\"fr-FR\",\"potentialAction\":[{\"@type\":\"ReadAction\",\"target\":[\"https:\/\/oceansignal.com\/fr\/products\/safesea-m200\/\"]}]},{\"@type\":\"ImageObject\",\"inLanguage\":\"fr-FR\",\"@id\":\"https:\/\/oceansignal.com\/fr\/products\/safesea-m200\/#primaryimage\",\"url\":\"https:\/\/oceansignal.com\/wp-content\/uploads\/2024\/11\/M200-Front.png\",\"contentUrl\":\"https:\/\/oceansignal.com\/wp-content\/uploads\/2024\/11\/M200-Front.png\",\"width\":800,\"height\":800},{\"@type\":\"BreadcrumbList\",\"@id\":\"https:\/\/oceansignal.com\/fr\/products\/safesea-m200\/#breadcrumb\",\"itemListElement\":[{\"@type\":\"ListItem\",\"position\":1,\"name\":\"Produits\",\"item\":\"https:\/\/oceansignal.com\/fr\/produits\/\"},{\"@type\":\"ListItem\",\"position\":2,\"name\":\"safeSEA M200\"}]},{\"@type\":\"WebSite\",\"@id\":\"https:\/\/oceansignal.com\/fr\/#website\",\"url\":\"https:\/\/oceansignal.com\/fr\/\",\"name\":\"Ocean Signal\",\"description\":\"A leading manufacturer of EPIRBs, AIS, SARTs, Personal Locator Beacons, Man Overboard Beacon for the Marine and Outdoor Markets.\",\"potentialAction\":[{\"@type\":\"SearchAction\",\"target\":{\"@type\":\"EntryPoint\",\"urlTemplate\":\"https:\/\/oceansignal.com\/fr\/?s={search_term_string}\"},\"query-input\":{\"@type\":\"PropertyValueSpecification\",\"valueRequired\":true,\"valueName\":\"search_term_string\"}}],\"inLanguage\":\"fr-FR\"}]}<\/script>\n<!-- \/ Yoast SEO Premium plugin. -->","yoast_head_json":{"title":"safeSEA M200 - Ocean Signal","description":"La balise de d\u00e9tresse Ocean Signal safeSEA M200 AIS Man Overboard maximise les chances de sauvetage gr\u00e2ce \u00e0 ses 3 m\u00e9thodes de transmission de d\u00e9tresse : AIS, DSC et 121,5 MHz","robots":{"index":"index","follow":"follow","max-snippet":"max-snippet:-1","max-image-preview":"max-image-preview:large","max-video-preview":"max-video-preview:-1"},"canonical":"https:\/\/oceansignal.com\/fr\/products\/safesea-m200\/","og_locale":"fr_FR","og_type":"article","og_title":"safeSEA M200","og_description":"La balise de d\u00e9tresse Ocean Signal safeSEA M200 AIS Man Overboard maximise les chances de sauvetage gr\u00e2ce \u00e0 ses 3 m\u00e9thodes de transmission de d\u00e9tresse : AIS, DSC et 121,5 MHz","og_url":"https:\/\/oceansignal.com\/fr\/products\/safesea-m200\/","og_site_name":"Ocean Signal","article_modified_time":"2026-02-17T15:46:52+00:00","og_image":[{"width":800,"height":800,"url":"https:\/\/oceansignal.com\/wp-content\/uploads\/2024\/11\/M200-Front.png","type":"image\/png"}],"twitter_card":"summary_large_image","twitter_misc":{"Dur\u00e9e de lecture estim\u00e9e":"4 minutes"},"schema":{"@context":"https:\/\/schema.org","@graph":[{"@type":"WebPage","@id":"https:\/\/oceansignal.com\/fr\/products\/safesea-m200\/","url":"https:\/\/oceansignal.com\/fr\/products\/safesea-m200\/","name":"safeSEA M200 - Ocean Signal","isPartOf":{"@id":"https:\/\/oceansignal.com\/fr\/#website"},"primaryImageOfPage":{"@id":"https:\/\/oceansignal.com\/fr\/products\/safesea-m200\/#primaryimage"},"image":{"@id":"https:\/\/oceansignal.com\/fr\/products\/safesea-m200\/#primaryimage"},"thumbnailUrl":"https:\/\/oceansignal.com\/wp-content\/uploads\/2024\/11\/M200-Front.png","datePublished":"2024-11-12T19:50:16+00:00","dateModified":"2026-02-17T15:46:52+00:00","description":"La balise de d\u00e9tresse Ocean Signal safeSEA M200 AIS Man Overboard maximise les chances de sauvetage gr\u00e2ce \u00e0 ses 3 m\u00e9thodes de transmission de d\u00e9tresse : AIS, DSC et 121,5 MHz","breadcrumb":{"@id":"https:\/\/oceansignal.com\/fr\/products\/safesea-m200\/#breadcrumb"},"inLanguage":"fr-FR","potentialAction":[{"@type":"ReadAction","target":["https:\/\/oceansignal.com\/fr\/products\/safesea-m200\/"]}]},{"@type":"ImageObject","inLanguage":"fr-FR","@id":"https:\/\/oceansignal.com\/fr\/products\/safesea-m200\/#primaryimage","url":"https:\/\/oceansignal.com\/wp-content\/uploads\/2024\/11\/M200-Front.png","contentUrl":"https:\/\/oceansignal.com\/wp-content\/uploads\/2024\/11\/M200-Front.png","width":800,"height":800},{"@type":"BreadcrumbList","@id":"https:\/\/oceansignal.com\/fr\/products\/safesea-m200\/#breadcrumb","itemListElement":[{"@type":"ListItem","position":1,"name":"Produits","item":"https:\/\/oceansignal.com\/fr\/produits\/"},{"@type":"ListItem","position":2,"name":"safeSEA M200"}]},{"@type":"WebSite","@id":"https:\/\/oceansignal.com\/fr\/#website","url":"https:\/\/oceansignal.com\/fr\/","name":"Ocean Signal","description":"A leading manufacturer of EPIRBs, AIS, SARTs, Personal Locator Beacons, Man Overboard Beacon for the Marine and Outdoor Markets.","potentialAction":[{"@type":"SearchAction","target":{"@type":"EntryPoint","urlTemplate":"https:\/\/oceansignal.com\/fr\/?s={search_term_string}"},"query-input":{"@type":"PropertyValueSpecification","valueRequired":true,"valueName":"search_term_string"}}],"inLanguage":"fr-FR"}]}},"_links":{"self":[{"href":"https:\/\/oceansignal.com\/fr\/wp-json\/wp\/v2\/product\/12818","targetHints":{"allow":["GET"]}}],"collection":[{"href":"https:\/\/oceansignal.com\/fr\/wp-json\/wp\/v2\/product"}],"about":[{"href":"https:\/\/oceansignal.com\/fr\/wp-json\/wp\/v2\/types\/product"}],"wp:featuredmedia":[{"embeddable":true,"href":"https:\/\/oceansignal.com\/fr\/wp-json\/wp\/v2\/media\/12400"}],"wp:attachment":[{"href":"https:\/\/oceansignal.com\/fr\/wp-json\/wp\/v2\/media?parent=12818"}],"wp:term":[{"taxonomy":"product_brand","embeddable":true,"href":"https:\/\/oceansignal.com\/fr\/wp-json\/wp\/v2\/product_brand?post=12818"},{"taxonomy":"product_cat","embeddable":true,"href":"https:\/\/oceansignal.com\/fr\/wp-json\/wp\/v2\/product_cat?post=12818"},{"taxonomy":"product_tag","embeddable":true,"href":"https:\/\/oceansignal.com\/fr\/wp-json\/wp\/v2\/product_tag?post=12818"}],"curies":[{"name":"wp","href":"https:\/\/api.w.org\/{rel}","templated":true}]}}