{"id":12828,"date":"2024-10-30T20:20:15","date_gmt":"2024-10-30T20:20:15","guid":{"rendered":"https:\/\/oceansignal.com\/products\/flare-edf2-de-rescueme\/"},"modified":"2025-11-24T16:35:48","modified_gmt":"2025-11-24T16:35:48","slug":"rescueme-edf2-fuse-de-detresse-electronique-led","status":"publish","type":"product","link":"https:\/\/oceansignal.com\/fr\/products\/rescueme-edf2-fuse-de-detresse-electronique-led\/","title":{"rendered":"EDF2 Flare rescueME"},"content":{"rendered":"<p><img loading=\"lazy\" decoding=\"async\" class=\"alignnone wp-image-26922 size-full\" src=\"https:\/\/oceansignal.com\/wp-content\/uploads\/2024\/10\/OSL-EDF2-Features-Group-001.jpeg\" alt=\"EDF2 Flare de d\u00e9tresse \u00e9lectronique \u00e0 LED stroboscopique infrarouge, batterie rempla\u00e7able par l'utilisateur, visibilit\u00e9 \u00e0 360\u00b0\" width=\"550\" height=\"310\" srcset=\"https:\/\/oceansignal.com\/wp-content\/uploads\/2024\/10\/OSL-EDF2-Features-Group-001.jpeg 550w, https:\/\/oceansignal.com\/wp-content\/uploads\/2024\/10\/OSL-EDF2-Features-Group-001-300x169.jpeg 300w, https:\/\/oceansignal.com\/wp-content\/uploads\/2024\/10\/OSL-EDF2-Features-Group-001-60x34.jpeg 60w, https:\/\/oceansignal.com\/wp-content\/uploads\/2024\/10\/OSL-EDF2-Features-Group-001-110x62.jpeg 110w\" sizes=\"auto, (max-width: 550px) 100vw, 550px\" \/><\/p>\n<p><img loading=\"lazy\" decoding=\"async\" class=\"alignnone wp-image-26938 size-full\" src=\"https:\/\/oceansignal.com\/wp-content\/uploads\/2024\/10\/OSL-EDF2-Features-Group-002.jpeg\" alt=\"Coffre-fort familial EDF2\" width=\"550\" height=\"310\" srcset=\"https:\/\/oceansignal.com\/wp-content\/uploads\/2024\/10\/OSL-EDF2-Features-Group-002.jpeg 550w, https:\/\/oceansignal.com\/wp-content\/uploads\/2024\/10\/OSL-EDF2-Features-Group-002-300x169.jpeg 300w, https:\/\/oceansignal.com\/wp-content\/uploads\/2024\/10\/OSL-EDF2-Features-Group-002-60x34.jpeg 60w, https:\/\/oceansignal.com\/wp-content\/uploads\/2024\/10\/OSL-EDF2-Features-Group-002-110x62.jpeg 110w\" sizes=\"auto, (max-width: 550px) 100vw, 550px\" \/><\/p>\n<p><img loading=\"lazy\" decoding=\"async\" class=\"alignnone wp-image-26954 size-full\" src=\"https:\/\/oceansignal.com\/wp-content\/uploads\/2024\/10\/OSL-EDF2-Features-Group-003.jpeg\" alt=\"LED haute intensit\u00e9 \u00e0 flottabilit\u00e9 int\u00e9gr\u00e9e EDF2\" width=\"550\" height=\"310\" srcset=\"https:\/\/oceansignal.com\/wp-content\/uploads\/2024\/10\/OSL-EDF2-Features-Group-003.jpeg 550w, https:\/\/oceansignal.com\/wp-content\/uploads\/2024\/10\/OSL-EDF2-Features-Group-003-300x169.jpeg 300w, https:\/\/oceansignal.com\/wp-content\/uploads\/2024\/10\/OSL-EDF2-Features-Group-003-60x34.jpeg 60w, https:\/\/oceansignal.com\/wp-content\/uploads\/2024\/10\/OSL-EDF2-Features-Group-003-110x62.jpeg 110w\" sizes=\"auto, (max-width: 550px) 100vw, 550px\" \/><\/p>\n<p><strong>R\u00e9sum\u00e9:<\/strong><\/p>\n<p>Progr\u00e8s majeur en mati\u00e8re de feux de d\u00e9tresse \u00e9lectroniques, le Flare \u00e9lectronique pour bateau EDF2 int\u00e8gre une technologie de pointe en mati\u00e8re de signalisation de d\u00e9tresse SOS. Utilisant des LED rouge-orange et cyan combin\u00e9es \u00e0 un composant infrarouge (IR), l&rsquo;EDF2 offre une autonomie consid\u00e9rable tout en am\u00e9liorant consid\u00e9rablement la visibilit\u00e9. <\/p>\n<p>Vendu avec le drapeau de d\u00e9tresse diurne inclus, l&rsquo;EDF2 et le drapeau qui l&rsquo;accompagne sont certifi\u00e9s conformes aux exigences applicables de la Garde c\u00f4ti\u00e8re am\u00e9ricaine, leur permettant d&rsquo;\u00eatre transport\u00e9s \u00e0 la place des fus\u00e9es pyrotechniques traditionnelles aux \u00c9tats-Unis.<\/p>\n<p><strong>Description:<\/strong><\/p>\n<p>Conforme aux exigences de la norme RTCM 13200.00, le feu \u00e9lectronique flottant pour bateau EDF2 est class\u00e9 comme dispositif de signalisation de d\u00e9tresse visuelle \u00e9lectronique (eVDSD) et utilise une signalisation de d\u00e9tresse SOS multicolore pour produire une plus grande luminosit\u00e9 avec une distribution de lumi\u00e8re nettement meilleure. L&rsquo;utilisation de LED rouge-orange et cyan permet une meilleure visibilit\u00e9 sur l&rsquo;eau tandis que l&rsquo;ajout d&rsquo;un composant infrarouge (IR) conduit \u00e0 une visibilit\u00e9 encore plus grande lorsque l&rsquo;\u00e9quipement de vision nocturne est utilis\u00e9 par la recherche et le sauvetage. <\/p>\n<p>L&rsquo;EDF2 facilite le sauvetage en \u00e9mettant le flash caract\u00e9ristique du code Morse international pour SOS, o\u00f9 le premier \u00ab S \u00bb est repr\u00e9sent\u00e9 par trois flashs LED rouge-orange, suivi du \u00ab O \u00bb qui est repr\u00e9sent\u00e9 par trois flashs LED cyan, et le dernier \u00ab S \u00bb qui est repr\u00e9sent\u00e9 par trois autres flashs LED rouge-orange. Simultan\u00e9ment aux flashs LED rouge-orange et cyan visibles, le composant IR \u00e9met le m\u00eame motif SOS qui est optimis\u00e9 pour la visibilit\u00e9 via des lunettes de vision nocturne (NVG). Le plus impressionnant est peut-\u00eatre que, m\u00eame avec le grand nombre de flashs visibles et IR qui se produisent, le niveau \u00e9lev\u00e9 d&rsquo;intensit\u00e9 lumineuse produit et la plage de distribution lumineuse importante (angle lumineux \u2265 180\u00b0) qui est atteinte, l&rsquo;EDF2 atteint toujours une dur\u00e9e de vie op\u00e9rationnelle impressionnante d&rsquo;au moins trois heures (d\u00e9passant les exigences RTCM de 50 %).  <\/p>\n<p><strong>REMARQUE : Avant d&rsquo;installer les piles, \u00e0 l&rsquo;aide du cordon attach\u00e9 (situ\u00e9 sous le velcro), attachez le corps sup\u00e9rieur au point de fixation situ\u00e9 au bas du compartiment des piles.<\/strong><\/p>\n<h4>Ce qui est inclus<\/h4>\n<p>R\u00e9pondant \u00e9galement aux exigences de la <a href=\"https:\/\/www.ecfr.gov\/current\/title-46\/chapter-I\/subchapter-Q\/part-161\/subpart-161.013?toc=1\">norme 46 CFR 161.013<\/a> , la fus\u00e9e de d\u00e9tresse \u00e9lectronique EDF2 est class\u00e9e comme signal de d\u00e9tresse visuel nocturne approuv\u00e9. \u00c9tant donn\u00e9 qu&rsquo;un drapeau de d\u00e9tresse, r\u00e9pondant aux exigences du <a href=\"https:\/\/www.ecfr.gov\/current\/title-46\/chapter-I\/subchapter-Q\/part-160\/subpart-160.072\">46 CFR 160.072<\/a> , est inclus dans l&#8217;emballage avec chaque EDF2, les utilisateurs re\u00e7oivent \u00e9galement un signal de d\u00e9tresse visuel de jour approuv\u00e9 (l&rsquo;exigence de transporter des signaux de d\u00e9tresse visuels de jour et de nuit approuv\u00e9s se trouve dans le 33 CFR partie 175). Le drapeau de d\u00e9tresse fourni offre de nombreuses options de signalisation en plein jour. Le drapeau peut \u00eatre hiss\u00e9 en le fixant au m\u00e2t ou simplement en le hissant au point le plus haut possible. Il peut \u00e9galement \u00eatre pr\u00e9sent\u00e9 \u00e0 la main, attach\u00e9 \u00e0 des objets tels qu&rsquo;une gaffe, une pagaie ou une canne \u00e0 p\u00eache, puis agit\u00e9 sur ceux-ci, ou encore \u00eatre pos\u00e9 \u00e0 plat sur le pont pour attirer les avions. Ce drapeau ne doit \u00eatre utilis\u00e9 que comme signal diurne et, lorsqu&rsquo;il est correctement d\u00e9ploy\u00e9, le carr\u00e9 noir doit se trouver au-dessus du cercle noir.<\/p>\n<p>En plus du drapeau de d\u00e9tresse, un support et le mat\u00e9riel de montage correspondant sont \u00e9galement inclus, permettant aux utilisateurs de monter facilement le produit sur le navire afin que l&rsquo;EDF2 soit toujours accessible en cas de besoin. Une longe de 1 m\u00e8tre est \u00e9galement dissimul\u00e9e sous la sangle Velcro noire autour du corps central du produit. Cette longe peut \u00eatre utilis\u00e9e pour attacher l&rsquo;EDF2 \u00e0 une personne ou \u00e0 un radeau de sauvetage en cas d&rsquo;urgence.  <\/p>\n<h4>Exigences en mati\u00e8re de transport<\/h4>\n<p>Aux \u00c9tats-Unis*, le transport de la fus\u00e9e de d\u00e9tresse EDF2 et du drapeau de d\u00e9tresse permet aux plaisanciers de renoncer \u00e0 l&rsquo;obligation d&rsquo;utiliser des fus\u00e9es pyrotechniques traditionnelles lorsqu&rsquo;ils se trouvent \u00e0 bord de navires de plaisance mesurant jusqu&rsquo;\u00e0 65 pieds de longueur, naviguant sur les Grands Lacs, \u00e0 moins de 12 milles des eaux am\u00e9ricaines ou sur tout plan d&rsquo;eau dot\u00e9 d&rsquo;un passage vers la mer d&rsquo;au moins deux milles de large. Les navires de moins de 16 pieds ne sont pas tenus d&rsquo;avoir \u00e0 bord un signal de d\u00e9tresse visuel de jour, mais doivent tout de m\u00eame avoir \u00e0 bord un signal de d\u00e9tresse visuel de nuit, ce qui fait de l&rsquo;EDF2 une alternative plus que viable aux fus\u00e9es pyrotechniques pour les navires de cette taille \u00e9galement. Remarque : Au Canada, l&rsquo;EDF2 peut \u00eatre transport\u00e9 sur les bateaux de plaisance \u00e0 la place des fus\u00e9es pyrotechniques (politique TP 13585 E) s&rsquo;il est transport\u00e9 avec un signal fumig\u00e8ne approuv\u00e9 (pour l&rsquo;alerte de jour).  <\/p>\n<p>Avec une distribution lumineuse homog\u00e8ne sur une port\u00e9e importante** et une dur\u00e9e de combustion 15 fois sup\u00e9rieure \u00e0 celle des fus\u00e9es pyrotechniques moyennes***, l&rsquo;EDF2 est clairement le choix le plus \u00ab lumineux \u00bb que l&rsquo;on puisse faire.<\/p>\n<p>&nbsp;<\/p>\n<p>*Pour les homologations dans d&rsquo;autres pays, voir les exigences de l&rsquo;autorit\u00e9 nationale comp\u00e9tente \u00e0 r\u00e9f\u00e9rencer<\/p>\n<p>leur acceptation sp\u00e9cifique d&rsquo;une eVDSD r\u00e9pondant \u00e0 la norme RTCM 13200.00<\/p>\n<p>**Angle lumineux \u2265 180\u00b0<\/p>\n<p>***Bas\u00e9 sur le transport de 4 fus\u00e9es pyrotechniques d&rsquo;une dur\u00e9e de combustion moyenne de 3 minutes chacune<\/p>\n<p>&nbsp;<\/p>\n<h4><strong>Caract\u00e9ristiques et avantages :<\/strong><\/h4>\n<ul>\n<li>Conforme \u00e0 la norme RTCM 13200.0 pour les eVDSD<\/li>\n<li>Le feu de d\u00e9tresse \u00e9lectronique EDF2 et le drapeau de d\u00e9tresse inclus, lorsqu&rsquo;ils sont transport\u00e9s ensemble, peuvent remplacer le transport de fus\u00e9es pyrotechniques de l&rsquo;USCG (\u00c9tats-Unis uniquement)<\/li>\n<li>Lumi\u00e8re vive dans toutes les directions (visibilit\u00e9 360\u00b0 et angle lumineux \u2265 180\u00b0)<\/li>\n<li>Se redresse automatiquement et flotte lorsqu&rsquo;il est dans l&rsquo;eau (aucun anneau de flottaison\/de flottaison n&rsquo;est n\u00e9cessaire)<\/li>\n<li>Visible \u00e0 plus de 8 miles<\/li>\n<li>Piles au lithium 123 rempla\u00e7ables par l&rsquo;utilisateur (x8 &#8211; non incluses)<\/li>\n<li>Intensit\u00e9 lumineuse maximale&gt; 170 cd<\/li>\n<li>Intensit\u00e9 lumineuse efficace moyenne de 50 cd<\/li>\n<li>La dur\u00e9e de vie op\u00e9rationnelle de 3 heures (\u00e0 une intensit\u00e9 lumineuse effective moyenne minimale de 50 cd) d\u00e9passe de 50 % les exigences RTCM<\/li>\n<li>Conception durable : test\u00e9 selon les normes de performance environnementale applicables li\u00e9es \u00e0 la chaleur s\u00e8che, \u00e0 la chaleur humide, aux basses temp\u00e9ratures, aux chocs thermiques, aux chutes, aux vibrations, au rayonnement solaire, \u00e0 la pluie et aux embruns, \u00e0 la corrosion et \u00e0 la CEM (conform\u00e9ment \u00e0 la norme IEC 60945)<\/li>\n<li>\u00c9tanche (IP67)<\/li>\n<li>Certifi\u00e9 selon l&rsquo;USCG 161.013 comme signal de d\u00e9tresse visuel nocturne<\/li>\n<li>Comprend un drapeau de d\u00e9tresse (certifi\u00e9 selon l&rsquo;USCG 160.072 comme signal de d\u00e9tresse visuel de jour), un support de montage et un cordon de 1 m (dissimul\u00e9 sous la sangle Velcro)<\/li>\n<\/ul>\n<p>&nbsp;<\/p>\n<h4><strong>Avantages des<\/strong> <strong>Flare \u00e9lectroniques pour bateaux EDF2<\/strong> <strong>par rapport aux fus\u00e9es pyrotechniques traditionnelles :<\/strong><\/h4>\n<ul>\n<li>Pas de date d&rsquo;expiration<\/li>\n<li>Coffre-fort familial (pas de flamme br\u00fblante)<\/li>\n<li>Facile \u00e0 utiliser (m\u00eame vos enfants et les plaisanciers d\u00e9butants peuvent l&rsquo;utiliser en cas d&rsquo;urgence)<\/li>\n<li>Aucun probl\u00e8me avec les exigences strictes existantes en mati\u00e8re d&rsquo;\u00e9limination obligatoire des fus\u00e9es pyrotechniques (l\u00e9galement consid\u00e9r\u00e9es comme des mati\u00e8res dangereuses)<\/li>\n<li>Imperm\u00e9able et flottant<\/li>\n<li>Achat unique (moins de co\u00fbts sur la dur\u00e9e de vie du produit)<\/li>\n<li>2 m\u00e9thodes distinctes de signalisation de d\u00e9tresse dans un seul produit \u2013 Stroboscope LED multicolore et stroboscope LED infrarouge<\/li>\n<li>Possibilit\u00e9 de prolonger la dur\u00e9e de vie du produit en cas d&rsquo;urgence en rempla\u00e7ant les piles<\/li>\n<\/ul>\n<p>&nbsp;<\/p>\n<p>Pour obtenir des informations sur les produits de s\u00e9curit\u00e9 maritime essentiels suppl\u00e9mentaires qui augmentent votre transport de l&rsquo;EDF2, veuillez consulter notre blog sur <a href=\"https:\/\/oceansignal.com\/fr\/news\/strategies-docean-signal-pour-une-saison-de-navigation-plus-securitaire\/\">les strat\u00e9gies pour une saison de navigation plus s\u00fbre<\/a> .<\/p>\n","protected":false},"excerpt":{"rendered":"<p>EDF2 : L&rsquo;alternative ultime aux fus\u00e9es pyrotechniques traditionnelles<\/p>\n<ul>\n<li>Durable et \u00e9conomique \u2013 Aucune date d\u2019expiration, achat unique et batteries au lithium rempla\u00e7ables par l\u2019utilisateur prolongent la dur\u00e9e de vie en cas d\u2019urgence<\/li>\n<li>S\u00fbr et facile \u00e0 utiliser \u2013 Pas de flammes, adapt\u00e9 \u00e0 la famille et fonctionnement simple pour tous les utilisateurs, y compris les enfants et les plaisanciers d\u00e9butants.<\/li>\n<li>Visibilit\u00e9 sup\u00e9rieure \u2013 Lumi\u00e8re brillante \u00e0 360\u00b0, visible \u00e0 plus de 8 miles, et d\u00e9passant de 50 % les exigences de dur\u00e9e de vie op\u00e9rationnelle RTCM.<\/li>\n<li>\u00c9tanche et flottant \u2013 Se redresse automatiquement et flotte sans anneau de flottaison.<\/li>\n<li>Conception durable : test\u00e9 selon les normes de performance environnementale applicables li\u00e9es \u00e0 la chaleur s\u00e8che, \u00e0 la chaleur humide, aux basses temp\u00e9ratures, aux chocs thermiques, aux chutes, aux vibrations, au rayonnement solaire, \u00e0 la pluie et aux embruns, \u00e0 la corrosion et \u00e0 la CEM (conform\u00e9ment \u00e0 la norme IEC 60945)<\/li>\n<\/ul>\n<p><a href=\"https:\/\/www.dropbox.com\/s\/0ezw0kexbm120vv\/Prop%2065%20-%20Lead%20and%20Lead%20Compounds.pdf?dl=0\">AVERTISSEMENT : PROP 65<\/a><\/p>\n","protected":false},"featured_media":38631,"template":"","meta":{"_acf_changed":false,"om_disable_all_campaigns":false},"product_brand":[],"product_cat":[471,1185],"product_tag":[1235,1234,1187],"class_list":{"0":"post-12828","1":"product","2":"type-product","3":"status-publish","4":"has-post-thumbnail","6":"product_cat-rescueme-fr","7":"product_cat-signalisation-electronique-et-flare-de-detresse","8":"product_tag-balise-de-signalisation","9":"product_tag-edf2-fr","10":"product_tag-flare-de-detresse-electronique","12":"first","13":"instock","14":"taxable","15":"shipping-taxable","16":"purchasable","17":"product-type-simple"},"acf":[],"yoast_head":"<!-- This site is optimized with the Yoast SEO Premium plugin v25.2 (Yoast SEO v26.4) - https:\/\/yoast.com\/wordpress\/plugins\/seo\/ -->\n<title>EDF2 Flare rescueME - Ocean Signal EDF2 Flare \u00e9lectronique pour bateau approuv\u00e9e par l&#039;USCG RTCM | Ocean Signal<\/title>\n<meta name=\"description\" content=\"Restez en s\u00e9curit\u00e9 avec le feu de d\u00e9tresse \u00e9lectronique Ocean Signal EDF2, un puissant feu de d\u00e9tresse \u00e9lectronique con\u00e7u pour une visibilit\u00e9 et une fiabilit\u00e9 optimales dans les situations d&#039;urgence. Compact et durable, l&#039;EDF2 est le choix id\u00e9al pour les plaisanciers \u00e0 la recherche d&#039;une alternative plus s\u00fbre et plus \u00e9cologique aux feux de d\u00e9tresse traditionnels.\" \/>\n<meta name=\"robots\" content=\"index, follow, max-snippet:-1, max-image-preview:large, max-video-preview:-1\" \/>\n<link rel=\"canonical\" href=\"https:\/\/oceansignal.com\/fr\/products\/rescueme-edf2-fuse-de-detresse-electronique-led\/\" \/>\n<meta property=\"og:locale\" content=\"fr_FR\" \/>\n<meta property=\"og:type\" content=\"article\" \/>\n<meta property=\"og:title\" content=\"EDF2 Flare rescueME\" \/>\n<meta property=\"og:description\" content=\"Restez en s\u00e9curit\u00e9 avec le feu de d\u00e9tresse \u00e9lectronique Ocean Signal EDF2, un puissant feu de d\u00e9tresse \u00e9lectronique con\u00e7u pour une visibilit\u00e9 et une fiabilit\u00e9 optimales dans les situations d&#039;urgence. Compact et durable, l&#039;EDF2 est le choix id\u00e9al pour les plaisanciers \u00e0 la recherche d&#039;une alternative plus s\u00fbre et plus \u00e9cologique aux feux de d\u00e9tresse traditionnels.\" \/>\n<meta property=\"og:url\" content=\"https:\/\/oceansignal.com\/fr\/products\/rescueme-edf2-fuse-de-detresse-electronique-led\/\" \/>\n<meta property=\"og:site_name\" content=\"Ocean Signal\" \/>\n<meta property=\"article:modified_time\" content=\"2025-11-24T16:35:48+00:00\" \/>\n<meta property=\"og:image\" content=\"https:\/\/oceansignal.com\/wp-content\/uploads\/2025\/06\/EDF2-FRONT-e1752085297427.png\" \/>\n\t<meta property=\"og:image:width\" content=\"782\" \/>\n\t<meta property=\"og:image:height\" content=\"782\" \/>\n\t<meta property=\"og:image:type\" content=\"image\/png\" \/>\n<meta name=\"twitter:card\" content=\"summary_large_image\" \/>\n<meta name=\"twitter:label1\" content=\"Dur\u00e9e de lecture estim\u00e9e\" \/>\n\t<meta name=\"twitter:data1\" content=\"6 minutes\" \/>\n<script type=\"application\/ld+json\" class=\"yoast-schema-graph\">{\"@context\":\"https:\/\/schema.org\",\"@graph\":[{\"@type\":\"WebPage\",\"@id\":\"https:\/\/oceansignal.com\/fr\/products\/rescueme-edf2-fuse-de-detresse-electronique-led\/\",\"url\":\"https:\/\/oceansignal.com\/fr\/products\/rescueme-edf2-fuse-de-detresse-electronique-led\/\",\"name\":\"EDF2 Flare rescueME - Ocean Signal EDF2 Flare \u00e9lectronique pour bateau approuv\u00e9e par l'USCG RTCM | Ocean Signal\",\"isPartOf\":{\"@id\":\"https:\/\/oceansignal.com\/fr\/#website\"},\"primaryImageOfPage\":{\"@id\":\"https:\/\/oceansignal.com\/fr\/products\/rescueme-edf2-fuse-de-detresse-electronique-led\/#primaryimage\"},\"image\":{\"@id\":\"https:\/\/oceansignal.com\/fr\/products\/rescueme-edf2-fuse-de-detresse-electronique-led\/#primaryimage\"},\"thumbnailUrl\":\"https:\/\/oceansignal.com\/wp-content\/uploads\/2024\/10\/EDF2-FRONT_2025.png\",\"datePublished\":\"2024-10-30T20:20:15+00:00\",\"dateModified\":\"2025-11-24T16:35:48+00:00\",\"description\":\"Restez en s\u00e9curit\u00e9 avec le feu de d\u00e9tresse \u00e9lectronique Ocean Signal EDF2, un puissant feu de d\u00e9tresse \u00e9lectronique con\u00e7u pour une visibilit\u00e9 et une fiabilit\u00e9 optimales dans les situations d'urgence. Compact et durable, l'EDF2 est le choix id\u00e9al pour les plaisanciers \u00e0 la recherche d'une alternative plus s\u00fbre et plus \u00e9cologique aux feux de d\u00e9tresse traditionnels.\",\"breadcrumb\":{\"@id\":\"https:\/\/oceansignal.com\/fr\/products\/rescueme-edf2-fuse-de-detresse-electronique-led\/#breadcrumb\"},\"inLanguage\":\"fr-FR\",\"potentialAction\":[{\"@type\":\"ReadAction\",\"target\":[\"https:\/\/oceansignal.com\/fr\/products\/rescueme-edf2-fuse-de-detresse-electronique-led\/\"]}]},{\"@type\":\"ImageObject\",\"inLanguage\":\"fr-FR\",\"@id\":\"https:\/\/oceansignal.com\/fr\/products\/rescueme-edf2-fuse-de-detresse-electronique-led\/#primaryimage\",\"url\":\"https:\/\/oceansignal.com\/wp-content\/uploads\/2024\/10\/EDF2-FRONT_2025.png\",\"contentUrl\":\"https:\/\/oceansignal.com\/wp-content\/uploads\/2024\/10\/EDF2-FRONT_2025.png\",\"width\":1000,\"height\":1000},{\"@type\":\"BreadcrumbList\",\"@id\":\"https:\/\/oceansignal.com\/fr\/products\/rescueme-edf2-fuse-de-detresse-electronique-led\/#breadcrumb\",\"itemListElement\":[{\"@type\":\"ListItem\",\"position\":1,\"name\":\"Produits\",\"item\":\"https:\/\/oceansignal.com\/fr\/produits\/\"},{\"@type\":\"ListItem\",\"position\":2,\"name\":\"EDF2 Flare rescueME\"}]},{\"@type\":\"WebSite\",\"@id\":\"https:\/\/oceansignal.com\/fr\/#website\",\"url\":\"https:\/\/oceansignal.com\/fr\/\",\"name\":\"Ocean Signal\",\"description\":\"A leading manufacturer of EPIRBs, AIS, SARTs, Personal Locator Beacons, Man Overboard Beacon for the Marine and Outdoor Markets.\",\"potentialAction\":[{\"@type\":\"SearchAction\",\"target\":{\"@type\":\"EntryPoint\",\"urlTemplate\":\"https:\/\/oceansignal.com\/fr\/?s={search_term_string}\"},\"query-input\":{\"@type\":\"PropertyValueSpecification\",\"valueRequired\":true,\"valueName\":\"search_term_string\"}}],\"inLanguage\":\"fr-FR\"}]}<\/script>\n<!-- \/ Yoast SEO Premium plugin. -->","yoast_head_json":{"title":"EDF2 Flare rescueME - Ocean Signal EDF2 Flare \u00e9lectronique pour bateau approuv\u00e9e par l'USCG RTCM | Ocean Signal","description":"Restez en s\u00e9curit\u00e9 avec le feu de d\u00e9tresse \u00e9lectronique Ocean Signal EDF2, un puissant feu de d\u00e9tresse \u00e9lectronique con\u00e7u pour une visibilit\u00e9 et une fiabilit\u00e9 optimales dans les situations d'urgence. Compact et durable, l'EDF2 est le choix id\u00e9al pour les plaisanciers \u00e0 la recherche d'une alternative plus s\u00fbre et plus \u00e9cologique aux feux de d\u00e9tresse traditionnels.","robots":{"index":"index","follow":"follow","max-snippet":"max-snippet:-1","max-image-preview":"max-image-preview:large","max-video-preview":"max-video-preview:-1"},"canonical":"https:\/\/oceansignal.com\/fr\/products\/rescueme-edf2-fuse-de-detresse-electronique-led\/","og_locale":"fr_FR","og_type":"article","og_title":"EDF2 Flare rescueME","og_description":"Restez en s\u00e9curit\u00e9 avec le feu de d\u00e9tresse \u00e9lectronique Ocean Signal EDF2, un puissant feu de d\u00e9tresse \u00e9lectronique con\u00e7u pour une visibilit\u00e9 et une fiabilit\u00e9 optimales dans les situations d'urgence. Compact et durable, l'EDF2 est le choix id\u00e9al pour les plaisanciers \u00e0 la recherche d'une alternative plus s\u00fbre et plus \u00e9cologique aux feux de d\u00e9tresse traditionnels.","og_url":"https:\/\/oceansignal.com\/fr\/products\/rescueme-edf2-fuse-de-detresse-electronique-led\/","og_site_name":"Ocean Signal","article_modified_time":"2025-11-24T16:35:48+00:00","og_image":[{"width":782,"height":782,"url":"https:\/\/oceansignal.com\/wp-content\/uploads\/2025\/06\/EDF2-FRONT-e1752085297427.png","type":"image\/png"}],"twitter_card":"summary_large_image","twitter_misc":{"Dur\u00e9e de lecture estim\u00e9e":"6 minutes"},"schema":{"@context":"https:\/\/schema.org","@graph":[{"@type":"WebPage","@id":"https:\/\/oceansignal.com\/fr\/products\/rescueme-edf2-fuse-de-detresse-electronique-led\/","url":"https:\/\/oceansignal.com\/fr\/products\/rescueme-edf2-fuse-de-detresse-electronique-led\/","name":"EDF2 Flare rescueME - Ocean Signal EDF2 Flare \u00e9lectronique pour bateau approuv\u00e9e par l'USCG RTCM | Ocean Signal","isPartOf":{"@id":"https:\/\/oceansignal.com\/fr\/#website"},"primaryImageOfPage":{"@id":"https:\/\/oceansignal.com\/fr\/products\/rescueme-edf2-fuse-de-detresse-electronique-led\/#primaryimage"},"image":{"@id":"https:\/\/oceansignal.com\/fr\/products\/rescueme-edf2-fuse-de-detresse-electronique-led\/#primaryimage"},"thumbnailUrl":"https:\/\/oceansignal.com\/wp-content\/uploads\/2024\/10\/EDF2-FRONT_2025.png","datePublished":"2024-10-30T20:20:15+00:00","dateModified":"2025-11-24T16:35:48+00:00","description":"Restez en s\u00e9curit\u00e9 avec le feu de d\u00e9tresse \u00e9lectronique Ocean Signal EDF2, un puissant feu de d\u00e9tresse \u00e9lectronique con\u00e7u pour une visibilit\u00e9 et une fiabilit\u00e9 optimales dans les situations d'urgence. Compact et durable, l'EDF2 est le choix id\u00e9al pour les plaisanciers \u00e0 la recherche d'une alternative plus s\u00fbre et plus \u00e9cologique aux feux de d\u00e9tresse traditionnels.","breadcrumb":{"@id":"https:\/\/oceansignal.com\/fr\/products\/rescueme-edf2-fuse-de-detresse-electronique-led\/#breadcrumb"},"inLanguage":"fr-FR","potentialAction":[{"@type":"ReadAction","target":["https:\/\/oceansignal.com\/fr\/products\/rescueme-edf2-fuse-de-detresse-electronique-led\/"]}]},{"@type":"ImageObject","inLanguage":"fr-FR","@id":"https:\/\/oceansignal.com\/fr\/products\/rescueme-edf2-fuse-de-detresse-electronique-led\/#primaryimage","url":"https:\/\/oceansignal.com\/wp-content\/uploads\/2024\/10\/EDF2-FRONT_2025.png","contentUrl":"https:\/\/oceansignal.com\/wp-content\/uploads\/2024\/10\/EDF2-FRONT_2025.png","width":1000,"height":1000},{"@type":"BreadcrumbList","@id":"https:\/\/oceansignal.com\/fr\/products\/rescueme-edf2-fuse-de-detresse-electronique-led\/#breadcrumb","itemListElement":[{"@type":"ListItem","position":1,"name":"Produits","item":"https:\/\/oceansignal.com\/fr\/produits\/"},{"@type":"ListItem","position":2,"name":"EDF2 Flare rescueME"}]},{"@type":"WebSite","@id":"https:\/\/oceansignal.com\/fr\/#website","url":"https:\/\/oceansignal.com\/fr\/","name":"Ocean Signal","description":"A leading manufacturer of EPIRBs, AIS, SARTs, Personal Locator Beacons, Man Overboard Beacon for the Marine and Outdoor Markets.","potentialAction":[{"@type":"SearchAction","target":{"@type":"EntryPoint","urlTemplate":"https:\/\/oceansignal.com\/fr\/?s={search_term_string}"},"query-input":{"@type":"PropertyValueSpecification","valueRequired":true,"valueName":"search_term_string"}}],"inLanguage":"fr-FR"}]}},"_links":{"self":[{"href":"https:\/\/oceansignal.com\/fr\/wp-json\/wp\/v2\/product\/12828","targetHints":{"allow":["GET"]}}],"collection":[{"href":"https:\/\/oceansignal.com\/fr\/wp-json\/wp\/v2\/product"}],"about":[{"href":"https:\/\/oceansignal.com\/fr\/wp-json\/wp\/v2\/types\/product"}],"wp:featuredmedia":[{"embeddable":true,"href":"https:\/\/oceansignal.com\/fr\/wp-json\/wp\/v2\/media\/38631"}],"wp:attachment":[{"href":"https:\/\/oceansignal.com\/fr\/wp-json\/wp\/v2\/media?parent=12828"}],"wp:term":[{"taxonomy":"product_brand","embeddable":true,"href":"https:\/\/oceansignal.com\/fr\/wp-json\/wp\/v2\/product_brand?post=12828"},{"taxonomy":"product_cat","embeddable":true,"href":"https:\/\/oceansignal.com\/fr\/wp-json\/wp\/v2\/product_cat?post=12828"},{"taxonomy":"product_tag","embeddable":true,"href":"https:\/\/oceansignal.com\/fr\/wp-json\/wp\/v2\/product_tag?post=12828"}],"curies":[{"name":"wp","href":"https:\/\/api.w.org\/{rel}","templated":true}]}}