{"id":28555,"date":"2025-05-22T10:05:48","date_gmt":"2025-05-22T10:05:48","guid":{"rendered":"https:\/\/oceansignal.com\/products\/sac-fourre-tout-ocean-signal\/"},"modified":"2025-07-24T15:11:41","modified_gmt":"2025-07-24T15:11:41","slug":"sac-fourre-tout-ocean-signal","status":"publish","type":"product","link":"https:\/\/oceansignal.com\/fr\/products\/sac-fourre-tout-ocean-signal\/","title":{"rendered":"Sac fourre-tout Ocean Signal"},"content":{"rendered":"<h3 data-start=\"3285\" data-end=\"3337\"><strong data-start=\"3292\" data-end=\"3337\"><img loading=\"lazy\" decoding=\"async\" class=\"alignnone size-full wp-image-32359\" src=\"https:\/\/oceansignal.com\/wp-content\/uploads\/2025\/07\/View-New-Safety-Kits.png\" alt=\"\" width=\"300\" height=\"75\" srcset=\"https:\/\/oceansignal.com\/wp-content\/uploads\/2025\/07\/View-New-Safety-Kits.png 300w, https:\/\/oceansignal.com\/wp-content\/uploads\/2025\/07\/View-New-Safety-Kits-60x15.png 60w, https:\/\/oceansignal.com\/wp-content\/uploads\/2025\/07\/View-New-Safety-Kits-110x28.png 110w\" sizes=\"auto, (max-width: 300px) 100vw, 300px\" \/><\/strong><\/h3>\n<p><b><span data-contrast=\"auto\">Sac de transport Ocean Signal \u2013 Con\u00e7u sp\u00e9cialement pour la s\u00e9curit\u00e9 en mer<\/span><\/b><span data-ccp-props=\"{}\"> <\/span><\/p>\n<p><span data-contrast=\"auto\">En cas d&rsquo;urgence en mer, chaque seconde compte. Le sac de sauvetage Ocean Signal est sp\u00e9cialement con\u00e7u pour vous aider \u00e0 rester pr\u00e9par\u00e9 et \u00e0 r\u00e9agir rapidement, en vous offrant un espace s\u00e9curis\u00e9 et facile d&rsquo;acc\u00e8s pour ranger votre \u00e9quipement de s\u00e9curit\u00e9 essentiel. Que vous soyez un plaisancier c\u00f4tier ou que vous naviguiez au large, un sac de sauvetage d\u00e9di\u00e9 peut faire la diff\u00e9rence entre panique et pr\u00e9paration.  <\/span><span data-ccp-props=\"{}\"> <\/span><\/p>\n<p><span data-contrast=\"auto\">Con\u00e7u en collaboration avec l&rsquo;\u00e9quipe d&rsquo;ing\u00e9nierie Ocean Signal et un marin professionnel et concepteur de sacs bas\u00e9 \u00e0 Southampton, au Royaume-Uni, le sac Ocean Signal Grab Bag est inspir\u00e9 de l&rsquo;exp\u00e9rience du terrain. Compact, il se glisse dans les espaces les plus restreints \u00e0 bord, mais suffisamment spacieux pour transporter votre \u00e9quipement d&rsquo;urgence essentiel&nbsp;: balises de d\u00e9tresse, balises de d\u00e9tresse, radios VHF, fus\u00e9es \u00e9clairantes, etc. <\/span><span data-ccp-props=\"{}\"> <\/span><\/p>\n<p><b><span data-contrast=\"auto\">Pourquoi vous avez besoin d&rsquo;un sac fourre-tout&nbsp;:<\/span><\/b><br \/>\n<span data-contrast=\"auto\">En cas d&rsquo;urgence, comme un incendie, une inondation ou un abandon, vous n&rsquo;avez pas le temps de r\u00e9fl\u00e9chir \u00e0 ce que vous allez emporter. Avec un sac de survie bien rempli, vos affaires essentielles sont d\u00e9j\u00e0 pr\u00eates. C&rsquo;est votre bou\u00e9e de sauvetage en cas de probl\u00e8me.  <\/span><span data-ccp-props=\"{}\"> <\/span><\/p>\n<p><b><span data-contrast=\"auto\">Fonctionnalit\u00e9s:<\/span><\/b><span data-ccp-props=\"{}\"> <\/span><\/p>\n<ul>\n<li data-leveltext=\"\uf0b7\" data-font=\"Symbol\" data-listid=\"2\" data-list-defn-props=\"{\"335552541\":1,\"335559685\":720,\"335559991\":360,\"469769226\":\"Symbol\",\"469769242\":[8226],\"469777803\":\"left\",\"469777804\":\"\uf0b7\",\"469777815\":\"multilevel\"}\" data-aria-posinset=\"1\" data-aria-level=\"1\"><b><span data-contrast=\"auto\">Compartiment principal spacieux<\/span><\/b> <span data-contrast=\"auto\">\u2013 offrant 9 litres de capacit\u00e9 interne \u2013 le grand espace interne pour les essentiels du sac \u00e0 provisions comme les fus\u00e9es \u00e9clairantes, les rations alimentaires, les PLB, les premiers secours et plus encore.<\/span><span data-ccp-props=\"{}\"> <\/span><\/li>\n<\/ul>\n<ul>\n<li data-leveltext=\"\uf0b7\" data-font=\"Symbol\" data-listid=\"2\" data-list-defn-props=\"{\"335552541\":1,\"335559685\":720,\"335559991\":360,\"469769226\":\"Symbol\",\"469769242\":[8226],\"469777803\":\"left\",\"469777804\":\"\uf0b7\",\"469777815\":\"multilevel\"}\" data-aria-posinset=\"2\" data-aria-level=\"1\"><b><span data-contrast=\"auto\">Rail d&rsquo;attache interne \u2013<\/span><\/b> <span data-contrast=\"auto\">permettant la fixation d&rsquo;objets cl\u00e9s via un cordon ou un mousqueton,<\/span> <span data-ccp-props=\"{}\"> <\/span><\/li>\n<\/ul>\n<ul>\n<li data-leveltext=\"\uf0b7\" data-font=\"Symbol\" data-listid=\"2\" data-list-defn-props=\"{\"335552541\":1,\"335559685\":720,\"335559991\":360,\"469769226\":\"Symbol\",\"469769242\":[8226],\"469777803\":\"left\",\"469777804\":\"\uf0b7\",\"469777815\":\"multilevel\"}\" data-aria-posinset=\"3\" data-aria-level=\"1\"><b><span data-contrast=\"auto\">2 poches externes<\/span><\/b> <span data-contrast=\"auto\">\u2013 Con\u00e7ues pour s&rsquo;adapter en toute s\u00e9curit\u00e9 \u00e0 n&rsquo;importe quelle taille de radio EPIRB ou VHF<\/span><span data-ccp-props=\"{}\"> <\/span><\/li>\n<\/ul>\n<ul>\n<li data-leveltext=\"\uf0b7\" data-font=\"Symbol\" data-listid=\"2\" data-list-defn-props=\"{\"335552541\":1,\"335559685\":720,\"335559991\":360,\"469769226\":\"Symbol\",\"469769242\":[8226],\"469777803\":\"left\",\"469777804\":\"\uf0b7\",\"469777815\":\"multilevel\"}\" data-aria-posinset=\"4\" data-aria-level=\"1\"><b><span data-contrast=\"auto\">Dimensions compactes et pratiques<\/span><\/b> <span data-contrast=\"auto\">\u2013 L 42 cm x H 29 cm x P 17 cm une fois ferm\u00e9 ; se glisse facilement dans les petits casiers et sous les si\u00e8ges.<\/span><span data-ccp-props=\"{}\"> <\/span><\/li>\n<\/ul>\n<ul>\n<li data-leveltext=\"\uf0b7\" data-font=\"Symbol\" data-listid=\"2\" data-list-defn-props=\"{\"335552541\":1,\"335559685\":720,\"335559991\":360,\"469769226\":\"Symbol\",\"469769242\":[8226],\"469777803\":\"left\",\"469777804\":\"\uf0b7\",\"469777815\":\"multilevel\"}\" data-aria-posinset=\"5\" data-aria-level=\"1\"><b><span data-contrast=\"auto\">R\u00e9sistant \u00e0 l\u2019eau et l\u00e9ger<\/span><\/b> <span data-contrast=\"auto\">\u2013 Con\u00e7u pour survivre aux conditions marines difficiles et facile \u00e0 transporter jusqu\u2019au radeau de sauvetage.<\/span><\/li>\n<\/ul>\n<ul>\n<li data-leveltext=\"\uf0b7\" data-font=\"Symbol\" data-listid=\"2\" data-list-defn-props=\"{\"335552541\":1,\"335559685\":720,\"335559991\":360,\"469769226\":\"Symbol\",\"469769242\":[8226],\"469777803\":\"left\",\"469777804\":\"\uf0b7\",\"469777815\":\"multilevel\"}\" data-aria-posinset=\"6\" data-aria-level=\"1\"><b><span data-contrast=\"auto\">Ext\u00e9rieur brillant et facile \u00e0 nettoyer<\/span><\/b> <span data-contrast=\"auto\">\u2013 Le mat\u00e9riau tr\u00e8s visible r\u00e9siste \u00e0 la moisissure et est facile \u00e0 nettoyer.<\/span><span data-ccp-props=\"{}\"> <\/span><\/li>\n<\/ul>\n<ul>\n<li data-leveltext=\"\uf0b7\" data-font=\"Symbol\" data-listid=\"2\" data-list-defn-props=\"{\"335552541\":1,\"335559685\":720,\"335559991\":360,\"469769226\":\"Symbol\",\"469769242\":[8226],\"469777803\":\"left\",\"469777804\":\"\uf0b7\",\"469777815\":\"multilevel\"}\" data-aria-posinset=\"7\" data-aria-level=\"1\"><b><span data-contrast=\"auto\">Ruban r\u00e9fl\u00e9chissant approuv\u00e9 SOLAS<\/span><\/b> <span data-contrast=\"auto\">\u2013 Am\u00e9liore la visibilit\u00e9 dans des situations de faible luminosit\u00e9 ou de sauvetage.<\/span><span data-ccp-props=\"{}\"> <\/span><\/li>\n<\/ul>\n<ul>\n<li data-leveltext=\"\uf0b7\" data-font=\"Symbol\" data-listid=\"2\" data-list-defn-props=\"{\"335552541\":1,\"335559685\":720,\"335559991\":360,\"469769226\":\"Symbol\",\"469769242\":[8226],\"469777803\":\"left\",\"469777804\":\"\uf0b7\",\"469777815\":\"multilevel\"}\" data-aria-posinset=\"8\" data-aria-level=\"1\"><b><span data-contrast=\"auto\">Construction flottante<\/span><\/b> <span data-contrast=\"auto\">\u2013 Maintient l\u2019\u00e9quipement \u00e0 flot en cas de chute ou d\u2019immersion.<\/span><span data-ccp-props=\"{}\"> <\/span><\/li>\n<\/ul>\n<ul>\n<li data-leveltext=\"\uf0b7\" data-font=\"Symbol\" data-listid=\"2\" data-list-defn-props=\"{\"335552541\":1,\"335559685\":720,\"335559991\":360,\"469769226\":\"Symbol\",\"469769242\":[8226],\"469777803\":\"left\",\"469777804\":\"\uf0b7\",\"469777815\":\"multilevel\"}\" data-aria-posinset=\"9\" data-aria-level=\"1\"><b><span data-contrast=\"auto\">Bandouli\u00e8re amovible et r\u00e9glable<\/span><\/b> <span data-contrast=\"auto\">\u2013 Pour une prise en main rapide et pratique.<\/span><span data-ccp-props=\"{}\"> <\/span><\/li>\n<\/ul>\n<ul>\n<li data-leveltext=\"\uf0b7\" data-font=\"Symbol\" data-listid=\"2\" data-list-defn-props=\"{\"335552541\":1,\"335559685\":720,\"335559991\":360,\"469769226\":\"Symbol\",\"469769242\":[8226],\"469777803\":\"left\",\"469777804\":\"\uf0b7\",\"469777815\":\"multilevel\"}\" data-aria-posinset=\"10\" data-aria-level=\"1\"><b><span data-contrast=\"auto\">Grands espaces pour le nom\/l&rsquo;indicatif d&rsquo;appel\/le nom MMSI \u00e0 l&rsquo;arri\u00e8re<\/span><\/b><span data-ccp-props=\"{}\"> <\/span><\/li>\n<\/ul>\n","protected":false},"excerpt":{"rendered":"<p>Con\u00e7u en collaboration avec des marins professionnels, le sac Ocean Signal est la solution de rangement indispensable pour votre \u00e9quipement d&rsquo;urgence. Compact et spacieux, il offre une capacit\u00e9 interne de 9 L et deux grandes poches ext\u00e9rieures pour les EPIRB et les VHF. R\u00e9sistant \u00e0 l&rsquo;eau, flottant, facile \u00e0 nettoyer et facile \u00e0 saisir en cas d&rsquo;urgence, il est dot\u00e9 de bandes r\u00e9fl\u00e9chissantes certifi\u00e9es SOLAS, de points d&rsquo;attache internes et d&rsquo;un grand panneau arri\u00e8re pour afficher les informations de votre bateau.  <\/p>\n","protected":false},"featured_media":31559,"template":"","meta":{"_acf_changed":false,"om_disable_all_campaigns":false},"product_brand":[],"product_cat":[1673,471],"product_tag":[1709,1674],"class_list":{"0":"post-28555","1":"product","2":"type-product","3":"status-publish","4":"has-post-thumbnail","6":"product_cat-kits-de-securite","7":"product_cat-rescueme-fr","8":"product_tag-sac-de-fosse","9":"product_tag-sac-fourre-tout","11":"first","12":"outofstock","13":"taxable","14":"shipping-taxable","15":"purchasable","16":"product-type-simple"},"acf":[],"yoast_head":"<!-- This site is optimized with the Yoast SEO Premium plugin v25.2 (Yoast SEO v26.4) - https:\/\/yoast.com\/wordpress\/plugins\/seo\/ -->\n<title>Sac fourre-tout Ocean Signal - Ocean Signal<\/title>\n<meta name=\"robots\" content=\"index, follow, max-snippet:-1, max-image-preview:large, max-video-preview:-1\" \/>\n<link rel=\"canonical\" href=\"https:\/\/oceansignal.com\/fr\/products\/sac-fourre-tout-ocean-signal\/\" \/>\n<meta property=\"og:locale\" content=\"fr_FR\" \/>\n<meta property=\"og:type\" content=\"article\" \/>\n<meta property=\"og:title\" content=\"Sac fourre-tout Ocean Signal\" \/>\n<meta property=\"og:description\" content=\"Con\u00e7u en collaboration avec des marins professionnels, le sac Ocean Signal est la solution de rangement indispensable pour votre \u00e9quipement d&#039;urgence. Compact et spacieux, il offre une capacit\u00e9 interne de 9 L et deux grandes poches ext\u00e9rieures pour les EPIRB et les VHF. R\u00e9sistant \u00e0 l&#039;eau, flottant, facile \u00e0 nettoyer et facile \u00e0 saisir en cas d&#039;urgence, il est dot\u00e9 de bandes r\u00e9fl\u00e9chissantes certifi\u00e9es SOLAS, de points d&#039;attache internes et d&#039;un grand panneau arri\u00e8re pour afficher les informations de votre bateau.\" \/>\n<meta property=\"og:url\" content=\"https:\/\/oceansignal.com\/fr\/products\/sac-fourre-tout-ocean-signal\/\" \/>\n<meta property=\"og:site_name\" content=\"Ocean Signal\" \/>\n<meta property=\"article:modified_time\" content=\"2025-07-24T15:11:41+00:00\" \/>\n<meta property=\"og:image\" content=\"https:\/\/oceansignal.com\/wp-content\/uploads\/2025\/06\/Grab_Bag-copy.jpg\" \/>\n\t<meta property=\"og:image:width\" content=\"1120\" \/>\n\t<meta property=\"og:image:height\" content=\"756\" \/>\n\t<meta property=\"og:image:type\" content=\"image\/jpeg\" \/>\n<meta name=\"twitter:card\" content=\"summary_large_image\" \/>\n<meta name=\"twitter:label1\" content=\"Dur\u00e9e de lecture estim\u00e9e\" \/>\n\t<meta name=\"twitter:data1\" content=\"2 minutes\" \/>\n<script type=\"application\/ld+json\" class=\"yoast-schema-graph\">{\"@context\":\"https:\/\/schema.org\",\"@graph\":[{\"@type\":\"WebPage\",\"@id\":\"https:\/\/oceansignal.com\/fr\/products\/sac-fourre-tout-ocean-signal\/\",\"url\":\"https:\/\/oceansignal.com\/fr\/products\/sac-fourre-tout-ocean-signal\/\",\"name\":\"Sac fourre-tout Ocean Signal - Ocean Signal\",\"isPartOf\":{\"@id\":\"https:\/\/oceansignal.com\/fr\/#website\"},\"primaryImageOfPage\":{\"@id\":\"https:\/\/oceansignal.com\/fr\/products\/sac-fourre-tout-ocean-signal\/#primaryimage\"},\"image\":{\"@id\":\"https:\/\/oceansignal.com\/fr\/products\/sac-fourre-tout-ocean-signal\/#primaryimage\"},\"thumbnailUrl\":\"https:\/\/oceansignal.com\/wp-content\/uploads\/2025\/06\/Grab_Bag-copy.jpg\",\"datePublished\":\"2025-05-22T10:05:48+00:00\",\"dateModified\":\"2025-07-24T15:11:41+00:00\",\"breadcrumb\":{\"@id\":\"https:\/\/oceansignal.com\/fr\/products\/sac-fourre-tout-ocean-signal\/#breadcrumb\"},\"inLanguage\":\"fr-FR\",\"potentialAction\":[{\"@type\":\"ReadAction\",\"target\":[\"https:\/\/oceansignal.com\/fr\/products\/sac-fourre-tout-ocean-signal\/\"]}]},{\"@type\":\"ImageObject\",\"inLanguage\":\"fr-FR\",\"@id\":\"https:\/\/oceansignal.com\/fr\/products\/sac-fourre-tout-ocean-signal\/#primaryimage\",\"url\":\"https:\/\/oceansignal.com\/wp-content\/uploads\/2025\/06\/Grab_Bag-copy.jpg\",\"contentUrl\":\"https:\/\/oceansignal.com\/wp-content\/uploads\/2025\/06\/Grab_Bag-copy.jpg\",\"width\":1120,\"height\":756},{\"@type\":\"BreadcrumbList\",\"@id\":\"https:\/\/oceansignal.com\/fr\/products\/sac-fourre-tout-ocean-signal\/#breadcrumb\",\"itemListElement\":[{\"@type\":\"ListItem\",\"position\":1,\"name\":\"Produits\",\"item\":\"https:\/\/oceansignal.com\/fr\/produits\/\"},{\"@type\":\"ListItem\",\"position\":2,\"name\":\"Sac fourre-tout Ocean Signal\"}]},{\"@type\":\"WebSite\",\"@id\":\"https:\/\/oceansignal.com\/fr\/#website\",\"url\":\"https:\/\/oceansignal.com\/fr\/\",\"name\":\"Ocean Signal\",\"description\":\"A leading manufacturer of EPIRBs, AIS, SARTs, Personal Locator Beacons, Man Overboard Beacon for the Marine and Outdoor Markets.\",\"potentialAction\":[{\"@type\":\"SearchAction\",\"target\":{\"@type\":\"EntryPoint\",\"urlTemplate\":\"https:\/\/oceansignal.com\/fr\/?s={search_term_string}\"},\"query-input\":{\"@type\":\"PropertyValueSpecification\",\"valueRequired\":true,\"valueName\":\"search_term_string\"}}],\"inLanguage\":\"fr-FR\"}]}<\/script>\n<!-- \/ Yoast SEO Premium plugin. -->","yoast_head_json":{"title":"Sac fourre-tout Ocean Signal - Ocean Signal","robots":{"index":"index","follow":"follow","max-snippet":"max-snippet:-1","max-image-preview":"max-image-preview:large","max-video-preview":"max-video-preview:-1"},"canonical":"https:\/\/oceansignal.com\/fr\/products\/sac-fourre-tout-ocean-signal\/","og_locale":"fr_FR","og_type":"article","og_title":"Sac fourre-tout Ocean Signal","og_description":"Con\u00e7u en collaboration avec des marins professionnels, le sac Ocean Signal est la solution de rangement indispensable pour votre \u00e9quipement d'urgence. Compact et spacieux, il offre une capacit\u00e9 interne de 9 L et deux grandes poches ext\u00e9rieures pour les EPIRB et les VHF. R\u00e9sistant \u00e0 l'eau, flottant, facile \u00e0 nettoyer et facile \u00e0 saisir en cas d'urgence, il est dot\u00e9 de bandes r\u00e9fl\u00e9chissantes certifi\u00e9es SOLAS, de points d'attache internes et d'un grand panneau arri\u00e8re pour afficher les informations de votre bateau.","og_url":"https:\/\/oceansignal.com\/fr\/products\/sac-fourre-tout-ocean-signal\/","og_site_name":"Ocean Signal","article_modified_time":"2025-07-24T15:11:41+00:00","og_image":[{"width":1120,"height":756,"url":"https:\/\/oceansignal.com\/wp-content\/uploads\/2025\/06\/Grab_Bag-copy.jpg","type":"image\/jpeg"}],"twitter_card":"summary_large_image","twitter_misc":{"Dur\u00e9e de lecture estim\u00e9e":"2 minutes"},"schema":{"@context":"https:\/\/schema.org","@graph":[{"@type":"WebPage","@id":"https:\/\/oceansignal.com\/fr\/products\/sac-fourre-tout-ocean-signal\/","url":"https:\/\/oceansignal.com\/fr\/products\/sac-fourre-tout-ocean-signal\/","name":"Sac fourre-tout Ocean Signal - Ocean Signal","isPartOf":{"@id":"https:\/\/oceansignal.com\/fr\/#website"},"primaryImageOfPage":{"@id":"https:\/\/oceansignal.com\/fr\/products\/sac-fourre-tout-ocean-signal\/#primaryimage"},"image":{"@id":"https:\/\/oceansignal.com\/fr\/products\/sac-fourre-tout-ocean-signal\/#primaryimage"},"thumbnailUrl":"https:\/\/oceansignal.com\/wp-content\/uploads\/2025\/06\/Grab_Bag-copy.jpg","datePublished":"2025-05-22T10:05:48+00:00","dateModified":"2025-07-24T15:11:41+00:00","breadcrumb":{"@id":"https:\/\/oceansignal.com\/fr\/products\/sac-fourre-tout-ocean-signal\/#breadcrumb"},"inLanguage":"fr-FR","potentialAction":[{"@type":"ReadAction","target":["https:\/\/oceansignal.com\/fr\/products\/sac-fourre-tout-ocean-signal\/"]}]},{"@type":"ImageObject","inLanguage":"fr-FR","@id":"https:\/\/oceansignal.com\/fr\/products\/sac-fourre-tout-ocean-signal\/#primaryimage","url":"https:\/\/oceansignal.com\/wp-content\/uploads\/2025\/06\/Grab_Bag-copy.jpg","contentUrl":"https:\/\/oceansignal.com\/wp-content\/uploads\/2025\/06\/Grab_Bag-copy.jpg","width":1120,"height":756},{"@type":"BreadcrumbList","@id":"https:\/\/oceansignal.com\/fr\/products\/sac-fourre-tout-ocean-signal\/#breadcrumb","itemListElement":[{"@type":"ListItem","position":1,"name":"Produits","item":"https:\/\/oceansignal.com\/fr\/produits\/"},{"@type":"ListItem","position":2,"name":"Sac fourre-tout Ocean Signal"}]},{"@type":"WebSite","@id":"https:\/\/oceansignal.com\/fr\/#website","url":"https:\/\/oceansignal.com\/fr\/","name":"Ocean Signal","description":"A leading manufacturer of EPIRBs, AIS, SARTs, Personal Locator Beacons, Man Overboard Beacon for the Marine and Outdoor Markets.","potentialAction":[{"@type":"SearchAction","target":{"@type":"EntryPoint","urlTemplate":"https:\/\/oceansignal.com\/fr\/?s={search_term_string}"},"query-input":{"@type":"PropertyValueSpecification","valueRequired":true,"valueName":"search_term_string"}}],"inLanguage":"fr-FR"}]}},"_links":{"self":[{"href":"https:\/\/oceansignal.com\/fr\/wp-json\/wp\/v2\/product\/28555","targetHints":{"allow":["GET"]}}],"collection":[{"href":"https:\/\/oceansignal.com\/fr\/wp-json\/wp\/v2\/product"}],"about":[{"href":"https:\/\/oceansignal.com\/fr\/wp-json\/wp\/v2\/types\/product"}],"wp:featuredmedia":[{"embeddable":true,"href":"https:\/\/oceansignal.com\/fr\/wp-json\/wp\/v2\/media\/31559"}],"wp:attachment":[{"href":"https:\/\/oceansignal.com\/fr\/wp-json\/wp\/v2\/media?parent=28555"}],"wp:term":[{"taxonomy":"product_brand","embeddable":true,"href":"https:\/\/oceansignal.com\/fr\/wp-json\/wp\/v2\/product_brand?post=28555"},{"taxonomy":"product_cat","embeddable":true,"href":"https:\/\/oceansignal.com\/fr\/wp-json\/wp\/v2\/product_cat?post=28555"},{"taxonomy":"product_tag","embeddable":true,"href":"https:\/\/oceansignal.com\/fr\/wp-json\/wp\/v2\/product_tag?post=28555"}],"curies":[{"name":"wp","href":"https:\/\/api.w.org\/{rel}","templated":true}]}}