{"id":29726,"date":"2025-11-12T22:31:39","date_gmt":"2025-11-12T22:31:39","guid":{"rendered":"https:\/\/oceansignal.com\/?post_type=product&#038;p=29726"},"modified":"2026-03-24T17:40:05","modified_gmt":"2026-03-24T17:40:05","slug":"radio-vhf-ocean-signal-safesea-v200","status":"publish","type":"product","link":"https:\/\/oceansignal.com\/fr\/products\/radio-vhf-ocean-signal-safesea-v200\/","title":{"rendered":"Radio VHF safeSEA V200"},"content":{"rendered":"<p>Propos\u00e9 en deux formats pratiques, en tant que VHF d&rsquo;urgence GMDSS uniquement pour les applications d&rsquo;urgence ou en tant que kit complet pour une utilisation quotidienne g\u00e9n\u00e9rale et\/ou des applications d&rsquo;urgence, l&rsquo; Ocean Signal V200 constitue une solution compl\u00e8te pour tous vos besoins de communication maritime.<\/p>\n<p>La VHF d&rsquo;urgence SMDSM est livr\u00e9e avec une batterie au lithium principale, munie d&rsquo;une \u00e9tiquette t\u00e9moin, garantissant ainsi l \u00ab \u00e9tat de charge de la batterie principale. Une fois l \u00bb \u00e9tiquette retir\u00e9e, la radio s&rsquo;allume automatiquement d\u00e8s que la batterie est connect\u00e9e et passe automatiquement en mode SMDSM avec les pr\u00e9r\u00e9glages suivants&nbsp;: canal 16, volume 8 et silencieux 2. <\/p>\n<p>Le kit complet comprend la batterie au lithium principale d\u00e9crite, ainsi qu&rsquo;une batterie rechargeable lithium-ion et une base de chargement. Les accessoires standard fournis avec l&rsquo;option VHF d&rsquo;urgence GMDSS autonome ou le kit complet incluent une antenne flexible en caoutchouc, un clip ceinture et une dragonne. <\/p>\n<p>Con\u00e7u pour une utilisation facile, le V200 peut \u00eatre utilis\u00e9 avec des gants de survie et dispose d&rsquo;un \u00e9cran num\u00e9rique facile \u00e0 lire. L&rsquo;\u00e9cran et le clavier sont r\u00e9tro\u00e9clair\u00e9s, ce qui simplifie l&rsquo;utilisation dans des environnements peu \u00e9clair\u00e9s. Le V200 int\u00e8gre \u00e9galement la technologie NFC (Near Field Communication), permettant d&rsquo;acc\u00e9der \u00e0 la date de remplacement de la batterie et aux informations produit sur un appareil mobile.  <\/p>\n<p>Gr\u00e2ce \u00e0 sa conception robuste, le V200 convient \u00e0 toutes les applications maritimes et constitue un choix id\u00e9al pour le transport obligatoire et volontaire. Fort d&rsquo;une solide exp\u00e9rience en mati\u00e8re de technologies de s\u00e9curit\u00e9 maritime et d&rsquo;un engagement constant en mati\u00e8re de qualit\u00e9 et d&rsquo;innovation, le V200 offre les performances in\u00e9gal\u00e9es que les navigateurs du monde entier attendent des produits Ocean Signal . <\/p>\n<p>&nbsp;<\/p>\n","protected":false},"excerpt":{"rendered":"<p>La radio VHF marine SMDSM Ocean Signal V200 est con\u00e7ue pour \u00eatre flexible et offre aux utilisateurs des options pratiques pour faciliter les communications en mer, quelles que soient les circonstances. Con\u00e7ue pour le SMDSM (Syst\u00e8me mondial de d\u00e9tresse et de s\u00e9curit\u00e9 en mer), cette radio VHF \u00e9tanche est enti\u00e8rement certifi\u00e9e OMI et SOLAS et offre un support de communication essentiel, aussi bien dans les situations critiques que lors des op\u00e9rations maritimes quotidiennes. <\/p>\n<p>&nbsp;<\/p>\n","protected":false},"featured_media":29741,"template":"","meta":{"_acf_changed":false,"om_disable_all_campaigns":false},"product_brand":[],"product_cat":[328],"product_tag":[],"class_list":{"0":"post-29726","1":"product","2":"type-product","3":"status-publish","4":"has-post-thumbnail","6":"product_cat-safesea-fr","8":"first","9":"instock","10":"taxable","11":"shipping-taxable","12":"product-type-simple"},"acf":[],"yoast_head":"<!-- This site is optimized with the Yoast SEO Premium plugin v25.2 (Yoast SEO v26.4) - https:\/\/yoast.com\/wordpress\/plugins\/seo\/ -->\n<title>Radio VHF d&#039;urgence Ocean Signal V200 GMDSS, Radio VHF safeSEA V200 - Ocean Signal<\/title>\n<meta name=\"description\" content=\"Restez en s\u00e9curit\u00e9 en mer avec la radio VHF d&#039;urgence Ocean Signal V200 GMDSS. Con\u00e7ue pour une utilisation marine quotidienne et d&#039;urgence, elle dispose d&#039;un mode GMDSS automatique, d&#039;une utilisation avec des gants et d&#039;une robustesse \u00e0 toute \u00e9preuve.\" \/>\n<meta name=\"robots\" content=\"index, follow, max-snippet:-1, max-image-preview:large, max-video-preview:-1\" \/>\n<link rel=\"canonical\" href=\"https:\/\/oceansignal.com\/fr\/products\/radio-vhf-ocean-signal-safesea-v200\/\" \/>\n<meta property=\"og:locale\" content=\"fr_FR\" \/>\n<meta property=\"og:type\" content=\"article\" \/>\n<meta property=\"og:title\" content=\"Radio VHF safeSEA V200\" \/>\n<meta property=\"og:description\" content=\"Restez en s\u00e9curit\u00e9 en mer avec la radio VHF d&#039;urgence Ocean Signal V200 GMDSS. Con\u00e7ue pour une utilisation marine quotidienne et d&#039;urgence, elle dispose d&#039;un mode GMDSS automatique, d&#039;une utilisation avec des gants et d&#039;une robustesse \u00e0 toute \u00e9preuve.\" \/>\n<meta property=\"og:url\" content=\"https:\/\/oceansignal.com\/fr\/products\/radio-vhf-ocean-signal-safesea-v200\/\" \/>\n<meta property=\"og:site_name\" content=\"Ocean Signal\" \/>\n<meta property=\"article:modified_time\" content=\"2026-03-24T17:40:05+00:00\" \/>\n<meta property=\"og:image\" content=\"https:\/\/oceansignal.com\/wp-content\/uploads\/2025\/06\/OSL-V200-Front-2.png\" \/>\n\t<meta property=\"og:image:width\" content=\"2000\" \/>\n\t<meta property=\"og:image:height\" content=\"2000\" \/>\n\t<meta property=\"og:image:type\" content=\"image\/png\" \/>\n<meta name=\"twitter:card\" content=\"summary_large_image\" \/>\n<meta name=\"twitter:label1\" content=\"Dur\u00e9e de lecture estim\u00e9e\" \/>\n\t<meta name=\"twitter:data1\" content=\"2 minutes\" \/>\n<script type=\"application\/ld+json\" class=\"yoast-schema-graph\">{\"@context\":\"https:\/\/schema.org\",\"@graph\":[{\"@type\":\"WebPage\",\"@id\":\"https:\/\/oceansignal.com\/fr\/products\/radio-vhf-ocean-signal-safesea-v200\/\",\"url\":\"https:\/\/oceansignal.com\/fr\/products\/radio-vhf-ocean-signal-safesea-v200\/\",\"name\":\"Radio VHF d'urgence Ocean Signal V200 GMDSS, Radio VHF safeSEA V200 - Ocean Signal\",\"isPartOf\":{\"@id\":\"https:\/\/oceansignal.com\/fr\/#website\"},\"primaryImageOfPage\":{\"@id\":\"https:\/\/oceansignal.com\/fr\/products\/radio-vhf-ocean-signal-safesea-v200\/#primaryimage\"},\"image\":{\"@id\":\"https:\/\/oceansignal.com\/fr\/products\/radio-vhf-ocean-signal-safesea-v200\/#primaryimage\"},\"thumbnailUrl\":\"https:\/\/oceansignal.com\/wp-content\/uploads\/2025\/06\/OSL-V200-Front-2.png\",\"datePublished\":\"2025-11-12T22:31:39+00:00\",\"dateModified\":\"2026-03-24T17:40:05+00:00\",\"description\":\"Restez en s\u00e9curit\u00e9 en mer avec la radio VHF d'urgence Ocean Signal V200 GMDSS. Con\u00e7ue pour une utilisation marine quotidienne et d'urgence, elle dispose d'un mode GMDSS automatique, d'une utilisation avec des gants et d'une robustesse \u00e0 toute \u00e9preuve.\",\"breadcrumb\":{\"@id\":\"https:\/\/oceansignal.com\/fr\/products\/radio-vhf-ocean-signal-safesea-v200\/#breadcrumb\"},\"inLanguage\":\"fr-FR\",\"potentialAction\":[{\"@type\":\"ReadAction\",\"target\":[\"https:\/\/oceansignal.com\/fr\/products\/radio-vhf-ocean-signal-safesea-v200\/\"]}]},{\"@type\":\"ImageObject\",\"inLanguage\":\"fr-FR\",\"@id\":\"https:\/\/oceansignal.com\/fr\/products\/radio-vhf-ocean-signal-safesea-v200\/#primaryimage\",\"url\":\"https:\/\/oceansignal.com\/wp-content\/uploads\/2025\/06\/OSL-V200-Front-2.png\",\"contentUrl\":\"https:\/\/oceansignal.com\/wp-content\/uploads\/2025\/06\/OSL-V200-Front-2.png\",\"width\":2000,\"height\":2000},{\"@type\":\"BreadcrumbList\",\"@id\":\"https:\/\/oceansignal.com\/fr\/products\/radio-vhf-ocean-signal-safesea-v200\/#breadcrumb\",\"itemListElement\":[{\"@type\":\"ListItem\",\"position\":1,\"name\":\"Produits\",\"item\":\"https:\/\/oceansignal.com\/fr\/produits\/\"},{\"@type\":\"ListItem\",\"position\":2,\"name\":\"Radio VHF safeSEA V200\"}]},{\"@type\":\"WebSite\",\"@id\":\"https:\/\/oceansignal.com\/fr\/#website\",\"url\":\"https:\/\/oceansignal.com\/fr\/\",\"name\":\"Ocean Signal\",\"description\":\"A leading manufacturer of EPIRBs, AIS, SARTs, Personal Locator Beacons, Man Overboard Beacon for the Marine and Outdoor Markets.\",\"potentialAction\":[{\"@type\":\"SearchAction\",\"target\":{\"@type\":\"EntryPoint\",\"urlTemplate\":\"https:\/\/oceansignal.com\/fr\/?s={search_term_string}\"},\"query-input\":{\"@type\":\"PropertyValueSpecification\",\"valueRequired\":true,\"valueName\":\"search_term_string\"}}],\"inLanguage\":\"fr-FR\"}]}<\/script>\n<!-- \/ Yoast SEO Premium plugin. -->","yoast_head_json":{"title":"Radio VHF d'urgence Ocean Signal V200 GMDSS, Radio VHF safeSEA V200 - Ocean Signal","description":"Restez en s\u00e9curit\u00e9 en mer avec la radio VHF d'urgence Ocean Signal V200 GMDSS. Con\u00e7ue pour une utilisation marine quotidienne et d'urgence, elle dispose d'un mode GMDSS automatique, d'une utilisation avec des gants et d'une robustesse \u00e0 toute \u00e9preuve.","robots":{"index":"index","follow":"follow","max-snippet":"max-snippet:-1","max-image-preview":"max-image-preview:large","max-video-preview":"max-video-preview:-1"},"canonical":"https:\/\/oceansignal.com\/fr\/products\/radio-vhf-ocean-signal-safesea-v200\/","og_locale":"fr_FR","og_type":"article","og_title":"Radio VHF safeSEA V200","og_description":"Restez en s\u00e9curit\u00e9 en mer avec la radio VHF d'urgence Ocean Signal V200 GMDSS. Con\u00e7ue pour une utilisation marine quotidienne et d'urgence, elle dispose d'un mode GMDSS automatique, d'une utilisation avec des gants et d'une robustesse \u00e0 toute \u00e9preuve.","og_url":"https:\/\/oceansignal.com\/fr\/products\/radio-vhf-ocean-signal-safesea-v200\/","og_site_name":"Ocean Signal","article_modified_time":"2026-03-24T17:40:05+00:00","og_image":[{"width":2000,"height":2000,"url":"https:\/\/oceansignal.com\/wp-content\/uploads\/2025\/06\/OSL-V200-Front-2.png","type":"image\/png"}],"twitter_card":"summary_large_image","twitter_misc":{"Dur\u00e9e de lecture estim\u00e9e":"2 minutes"},"schema":{"@context":"https:\/\/schema.org","@graph":[{"@type":"WebPage","@id":"https:\/\/oceansignal.com\/fr\/products\/radio-vhf-ocean-signal-safesea-v200\/","url":"https:\/\/oceansignal.com\/fr\/products\/radio-vhf-ocean-signal-safesea-v200\/","name":"Radio VHF d'urgence Ocean Signal V200 GMDSS, Radio VHF safeSEA V200 - Ocean Signal","isPartOf":{"@id":"https:\/\/oceansignal.com\/fr\/#website"},"primaryImageOfPage":{"@id":"https:\/\/oceansignal.com\/fr\/products\/radio-vhf-ocean-signal-safesea-v200\/#primaryimage"},"image":{"@id":"https:\/\/oceansignal.com\/fr\/products\/radio-vhf-ocean-signal-safesea-v200\/#primaryimage"},"thumbnailUrl":"https:\/\/oceansignal.com\/wp-content\/uploads\/2025\/06\/OSL-V200-Front-2.png","datePublished":"2025-11-12T22:31:39+00:00","dateModified":"2026-03-24T17:40:05+00:00","description":"Restez en s\u00e9curit\u00e9 en mer avec la radio VHF d'urgence Ocean Signal V200 GMDSS. Con\u00e7ue pour une utilisation marine quotidienne et d'urgence, elle dispose d'un mode GMDSS automatique, d'une utilisation avec des gants et d'une robustesse \u00e0 toute \u00e9preuve.","breadcrumb":{"@id":"https:\/\/oceansignal.com\/fr\/products\/radio-vhf-ocean-signal-safesea-v200\/#breadcrumb"},"inLanguage":"fr-FR","potentialAction":[{"@type":"ReadAction","target":["https:\/\/oceansignal.com\/fr\/products\/radio-vhf-ocean-signal-safesea-v200\/"]}]},{"@type":"ImageObject","inLanguage":"fr-FR","@id":"https:\/\/oceansignal.com\/fr\/products\/radio-vhf-ocean-signal-safesea-v200\/#primaryimage","url":"https:\/\/oceansignal.com\/wp-content\/uploads\/2025\/06\/OSL-V200-Front-2.png","contentUrl":"https:\/\/oceansignal.com\/wp-content\/uploads\/2025\/06\/OSL-V200-Front-2.png","width":2000,"height":2000},{"@type":"BreadcrumbList","@id":"https:\/\/oceansignal.com\/fr\/products\/radio-vhf-ocean-signal-safesea-v200\/#breadcrumb","itemListElement":[{"@type":"ListItem","position":1,"name":"Produits","item":"https:\/\/oceansignal.com\/fr\/produits\/"},{"@type":"ListItem","position":2,"name":"Radio VHF safeSEA V200"}]},{"@type":"WebSite","@id":"https:\/\/oceansignal.com\/fr\/#website","url":"https:\/\/oceansignal.com\/fr\/","name":"Ocean Signal","description":"A leading manufacturer of EPIRBs, AIS, SARTs, Personal Locator Beacons, Man Overboard Beacon for the Marine and Outdoor Markets.","potentialAction":[{"@type":"SearchAction","target":{"@type":"EntryPoint","urlTemplate":"https:\/\/oceansignal.com\/fr\/?s={search_term_string}"},"query-input":{"@type":"PropertyValueSpecification","valueRequired":true,"valueName":"search_term_string"}}],"inLanguage":"fr-FR"}]}},"_links":{"self":[{"href":"https:\/\/oceansignal.com\/fr\/wp-json\/wp\/v2\/product\/29726","targetHints":{"allow":["GET"]}}],"collection":[{"href":"https:\/\/oceansignal.com\/fr\/wp-json\/wp\/v2\/product"}],"about":[{"href":"https:\/\/oceansignal.com\/fr\/wp-json\/wp\/v2\/types\/product"}],"wp:featuredmedia":[{"embeddable":true,"href":"https:\/\/oceansignal.com\/fr\/wp-json\/wp\/v2\/media\/29741"}],"wp:attachment":[{"href":"https:\/\/oceansignal.com\/fr\/wp-json\/wp\/v2\/media?parent=29726"}],"wp:term":[{"taxonomy":"product_brand","embeddable":true,"href":"https:\/\/oceansignal.com\/fr\/wp-json\/wp\/v2\/product_brand?post=29726"},{"taxonomy":"product_cat","embeddable":true,"href":"https:\/\/oceansignal.com\/fr\/wp-json\/wp\/v2\/product_cat?post=29726"},{"taxonomy":"product_tag","embeddable":true,"href":"https:\/\/oceansignal.com\/fr\/wp-json\/wp\/v2\/product_tag?post=29726"}],"curies":[{"name":"wp","href":"https:\/\/api.w.org\/{rel}","templated":true}]}}