{"id":29838,"date":"2025-11-12T21:58:44","date_gmt":"2025-11-12T21:58:44","guid":{"rendered":"https:\/\/oceansignal.com\/?post_type=product&#038;p=29838"},"modified":"2026-03-24T16:21:56","modified_gmt":"2026-03-24T16:21:56","slug":"safesea-s200-ais-sart","status":"publish","type":"product","link":"https:\/\/oceansignal.com\/fr\/products\/safesea-s200-ais-sart\/","title":{"rendered":"safeSEA S200 AIS SART"},"content":{"rendered":"<p>Con\u00e7u \u00e0 partir du mod\u00e8le \u00e9prouv\u00e9 S100, le S200 SART offre une alerte de d\u00e9tresse am\u00e9lior\u00e9e gr\u00e2ce \u00e0 la technologie du Syst\u00e8me d&rsquo;identification automatique (AIS), surpassant ainsi les syst\u00e8mes radar traditionnels. Cet appareil de pointe transmet des coordonn\u00e9es GPS\/GNSS pr\u00e9cises \u00e0 tous les navires \u00e9quip\u00e9s d&rsquo;un syst\u00e8me AIS et situ\u00e9s \u00e0 port\u00e9e VHF, garantissant ainsi un d\u00e9ploiement rapide des secours en cas de besoin. <\/p>\n<p>Avec une port\u00e9e de d\u00e9tection moyenne de 5 milles nautiques, le S200 int\u00e8gre la technologie NFC (Near Field Communication) pour un enregistrement facile du produit et un acc\u00e8s aux donn\u00e9es de test. Sa batterie lithium haute performance offre jusqu&rsquo;\u00e0 96 heures d&rsquo;autonomie, garantissant une fiabilit\u00e9 accrue dans les conditions les plus difficiles. Ce syst\u00e8me bas\u00e9 sur l&rsquo;AIS offre \u00e9galement des performances sup\u00e9rieures par mauvais temps, avec une sensibilit\u00e9 r\u00e9duite aux interf\u00e9rences dues aux fortes pluies ou au brouillard.  <\/p>\n<p>Con\u00e7u pour \u00eatre pratique, le S200 est \u00e9quip\u00e9 d&rsquo;un support mural \u00e9l\u00e9gant pour un acc\u00e8s facile en cas d&rsquo;urgence. Une perche t\u00e9lescopique optionnelle, extensible jusqu&rsquo;\u00e0 1 m\u00e8tre, peut \u00eatre fix\u00e9e pour une hauteur et une visibilit\u00e9 maximales lors du d\u00e9ploiement depuis une embarcation de sauvetage. Le SART peut \u00e9galement \u00eatre suspendu \u00e0 l&rsquo;int\u00e9rieur de l&#8217;embarcation pour une utilisation mains libres. <\/p>\n<p>Con\u00e7u pour r\u00e9sister aux environnements marins les plus difficiles, le S200 est un partenaire fiable en cas d&rsquo;urgence, garantissant que votre signal de d\u00e9tresse parvienne \u00e0 tout navire \u00e9quip\u00e9 d&rsquo;un syst\u00e8me AIS \u00e0 port\u00e9e. Sa construction robuste garantit son fonctionnement optimal en cas de besoin, pour une tranquillit\u00e9 d&rsquo;esprit optimale sur l&rsquo;eau. <\/p>\n<p><strong>Exigences en mati\u00e8re de transport<\/strong><\/p>\n<ul>\n<li>Tous les navires SOLAS de l&rsquo;OMI effectuant des voyages internationaux sont tenus d&rsquo;avoir \u00e0 bord un SART<\/li>\n<li>Les navires de 300 \u00e0 500 tonneaux de jauge brute (GRT) doivent transporter au moins 1 SART<\/li>\n<li>Les navires de plus de 500 tonneaux de jauge brute (GRT) doivent transporter au moins 2 SART<\/li>\n<li>1 SART pour quatre radeaux de sauvetage sur les navires rouliers \u00e0 passagers<\/li>\n<li>Les navires \u00e0 passagers de toute taille doivent transporter au moins 2 SART, quel que soit leur tonnage.<\/li>\n<li>Canots de sauvetage : la convention SOLAS exige qu&rsquo;au moins un SART soit disponible pour \u00eatre utilis\u00e9 dans chaque embarcation de sauvetage<\/li>\n<li>Radeaux de sauvetage : Dans le cas des navires \u00e0 passagers, s&rsquo;il y a plus de 2 radeaux de sauvetage, des SART suppl\u00e9mentaires doivent \u00eatre fournis afin qu&rsquo;au moins un SART soit disponible pour 2 radeaux de sauvetage.<\/li>\n<\/ul>\n<p>&nbsp;<\/p>\n","protected":false},"excerpt":{"rendered":"<p>L&rsquo;\u00e9metteur SART S200 est un transmetteur AIS de recherche et de sauvetage (SART) conforme \u00e0 la convention SOLAS de l&rsquo;OMI. Il offre aux navires soumis \u00e0 la r\u00e9glementation SMDSM une solution fiable pour r\u00e9pondre aux exigences obligatoires d&#8217;embarquement d&rsquo;un SART. Utilisant les donn\u00e9es de position AIS de classe A, le S200 transmet huit messages de position par minute, permettant un suivi en temps r\u00e9el dans les situations critiques. <\/p>\n<p><strong>Cet appareil n&rsquo;a pas \u00e9t\u00e9 homologu\u00e9 conform\u00e9ment \u00e0 la r\u00e9glementation de la FCC. Il ne peut \u00eatre propos\u00e9 \u00e0 la vente ou \u00e0 la location, ni vendu ou lou\u00e9, aux \u00c9tats-Unis tant que l&rsquo;homologation n&rsquo;aura pas \u00e9t\u00e9 obtenue. <\/strong><\/p>\n<p><a href=\"https:\/\/www.dropbox.com\/s\/fk04stqsp2hgk5f\/Prop%2065%20-%20DEHP.pdf?dl=0\">AVERTISSEMENT : PROP 65<\/a><\/p>\n<p>&nbsp;<\/p>\n","protected":false},"featured_media":29806,"template":"","meta":{"_acf_changed":false,"om_disable_all_campaigns":false},"product_brand":[],"product_cat":[328],"product_tag":[],"class_list":{"0":"post-29838","1":"product","2":"type-product","3":"status-publish","4":"has-post-thumbnail","6":"product_cat-safesea-fr","8":"first","9":"instock","10":"taxable","11":"shipping-taxable","12":"purchasable","13":"product-type-simple"},"acf":[],"yoast_head":"<!-- This site is optimized with the Yoast SEO Premium plugin v25.2 (Yoast SEO v26.4) - https:\/\/yoast.com\/wordpress\/plugins\/seo\/ -->\n<title>Signal oc\u00e9anique safeSEA S200 AIS SART - Ocean Signal<\/title>\n<meta name=\"description\" content=\"L&#039;\u00e9metteur SART AIS S200 (SURV) pour navires SMDSM et SOLAS am\u00e9liore la s\u00e9curit\u00e9 maritime et les communications en cas d&#039;urgence.\" \/>\n<meta name=\"robots\" content=\"index, follow, max-snippet:-1, max-image-preview:large, max-video-preview:-1\" \/>\n<link rel=\"canonical\" href=\"https:\/\/oceansignal.com\/fr\/products\/safesea-s200-ais-sart\/\" \/>\n<meta property=\"og:locale\" content=\"fr_FR\" \/>\n<meta property=\"og:type\" content=\"article\" \/>\n<meta property=\"og:title\" content=\"safeSEA S200 AIS SART\" \/>\n<meta property=\"og:description\" content=\"L&#039;\u00e9metteur SART AIS S200 (SURV) pour navires SMDSM et SOLAS am\u00e9liore la s\u00e9curit\u00e9 maritime et les communications en cas d&#039;urgence.\" \/>\n<meta property=\"og:url\" content=\"https:\/\/oceansignal.com\/fr\/products\/safesea-s200-ais-sart\/\" \/>\n<meta property=\"og:site_name\" content=\"Ocean Signal\" \/>\n<meta property=\"article:modified_time\" content=\"2026-03-24T16:21:56+00:00\" \/>\n<meta property=\"og:image\" content=\"https:\/\/oceansignal.com\/wp-content\/uploads\/2025\/06\/OSL-AIS-SART-Front-1024x1024.png\" \/>\n\t<meta property=\"og:image:width\" content=\"1024\" \/>\n\t<meta property=\"og:image:height\" content=\"1024\" \/>\n\t<meta property=\"og:image:type\" content=\"image\/png\" \/>\n<meta name=\"twitter:card\" content=\"summary_large_image\" \/>\n<meta name=\"twitter:label1\" content=\"Dur\u00e9e de lecture estim\u00e9e\" \/>\n\t<meta name=\"twitter:data1\" content=\"2 minutes\" \/>\n<script type=\"application\/ld+json\" class=\"yoast-schema-graph\">{\"@context\":\"https:\/\/schema.org\",\"@graph\":[{\"@type\":\"WebPage\",\"@id\":\"https:\/\/oceansignal.com\/fr\/products\/safesea-s200-ais-sart\/\",\"url\":\"https:\/\/oceansignal.com\/fr\/products\/safesea-s200-ais-sart\/\",\"name\":\"Signal oc\u00e9anique safeSEA S200 AIS SART - Ocean Signal\",\"isPartOf\":{\"@id\":\"https:\/\/oceansignal.com\/fr\/#website\"},\"primaryImageOfPage\":{\"@id\":\"https:\/\/oceansignal.com\/fr\/products\/safesea-s200-ais-sart\/#primaryimage\"},\"image\":{\"@id\":\"https:\/\/oceansignal.com\/fr\/products\/safesea-s200-ais-sart\/#primaryimage\"},\"thumbnailUrl\":\"https:\/\/oceansignal.com\/wp-content\/uploads\/2025\/06\/OSL-AIS-SART-Front.png\",\"datePublished\":\"2025-11-12T21:58:44+00:00\",\"dateModified\":\"2026-03-24T16:21:56+00:00\",\"description\":\"L'\u00e9metteur SART AIS S200 (SURV) pour navires SMDSM et SOLAS am\u00e9liore la s\u00e9curit\u00e9 maritime et les communications en cas d'urgence.\",\"breadcrumb\":{\"@id\":\"https:\/\/oceansignal.com\/fr\/products\/safesea-s200-ais-sart\/#breadcrumb\"},\"inLanguage\":\"fr-FR\",\"potentialAction\":[{\"@type\":\"ReadAction\",\"target\":[\"https:\/\/oceansignal.com\/fr\/products\/safesea-s200-ais-sart\/\"]}]},{\"@type\":\"ImageObject\",\"inLanguage\":\"fr-FR\",\"@id\":\"https:\/\/oceansignal.com\/fr\/products\/safesea-s200-ais-sart\/#primaryimage\",\"url\":\"https:\/\/oceansignal.com\/wp-content\/uploads\/2025\/06\/OSL-AIS-SART-Front.png\",\"contentUrl\":\"https:\/\/oceansignal.com\/wp-content\/uploads\/2025\/06\/OSL-AIS-SART-Front.png\",\"width\":3850,\"height\":3850,\"caption\":\"\u00c9metteur SART AIS S200 pour navires GMDSS et SOLAS\"},{\"@type\":\"BreadcrumbList\",\"@id\":\"https:\/\/oceansignal.com\/fr\/products\/safesea-s200-ais-sart\/#breadcrumb\",\"itemListElement\":[{\"@type\":\"ListItem\",\"position\":1,\"name\":\"Produits\",\"item\":\"https:\/\/oceansignal.com\/fr\/produits\/\"},{\"@type\":\"ListItem\",\"position\":2,\"name\":\"safeSEA S200 AIS SART\"}]},{\"@type\":\"WebSite\",\"@id\":\"https:\/\/oceansignal.com\/fr\/#website\",\"url\":\"https:\/\/oceansignal.com\/fr\/\",\"name\":\"Ocean Signal\",\"description\":\"A leading manufacturer of EPIRBs, AIS, SARTs, Personal Locator Beacons, Man Overboard Beacon for the Marine and Outdoor Markets.\",\"potentialAction\":[{\"@type\":\"SearchAction\",\"target\":{\"@type\":\"EntryPoint\",\"urlTemplate\":\"https:\/\/oceansignal.com\/fr\/?s={search_term_string}\"},\"query-input\":{\"@type\":\"PropertyValueSpecification\",\"valueRequired\":true,\"valueName\":\"search_term_string\"}}],\"inLanguage\":\"fr-FR\"}]}<\/script>\n<!-- \/ Yoast SEO Premium plugin. -->","yoast_head_json":{"title":"Signal oc\u00e9anique safeSEA S200 AIS SART - Ocean Signal","description":"L'\u00e9metteur SART AIS S200 (SURV) pour navires SMDSM et SOLAS am\u00e9liore la s\u00e9curit\u00e9 maritime et les communications en cas d'urgence.","robots":{"index":"index","follow":"follow","max-snippet":"max-snippet:-1","max-image-preview":"max-image-preview:large","max-video-preview":"max-video-preview:-1"},"canonical":"https:\/\/oceansignal.com\/fr\/products\/safesea-s200-ais-sart\/","og_locale":"fr_FR","og_type":"article","og_title":"safeSEA S200 AIS SART","og_description":"L'\u00e9metteur SART AIS S200 (SURV) pour navires SMDSM et SOLAS am\u00e9liore la s\u00e9curit\u00e9 maritime et les communications en cas d'urgence.","og_url":"https:\/\/oceansignal.com\/fr\/products\/safesea-s200-ais-sart\/","og_site_name":"Ocean Signal","article_modified_time":"2026-03-24T16:21:56+00:00","og_image":[{"width":1024,"height":1024,"url":"https:\/\/oceansignal.com\/wp-content\/uploads\/2025\/06\/OSL-AIS-SART-Front-1024x1024.png","type":"image\/png"}],"twitter_card":"summary_large_image","twitter_misc":{"Dur\u00e9e de lecture estim\u00e9e":"2 minutes"},"schema":{"@context":"https:\/\/schema.org","@graph":[{"@type":"WebPage","@id":"https:\/\/oceansignal.com\/fr\/products\/safesea-s200-ais-sart\/","url":"https:\/\/oceansignal.com\/fr\/products\/safesea-s200-ais-sart\/","name":"Signal oc\u00e9anique safeSEA S200 AIS SART - Ocean Signal","isPartOf":{"@id":"https:\/\/oceansignal.com\/fr\/#website"},"primaryImageOfPage":{"@id":"https:\/\/oceansignal.com\/fr\/products\/safesea-s200-ais-sart\/#primaryimage"},"image":{"@id":"https:\/\/oceansignal.com\/fr\/products\/safesea-s200-ais-sart\/#primaryimage"},"thumbnailUrl":"https:\/\/oceansignal.com\/wp-content\/uploads\/2025\/06\/OSL-AIS-SART-Front.png","datePublished":"2025-11-12T21:58:44+00:00","dateModified":"2026-03-24T16:21:56+00:00","description":"L'\u00e9metteur SART AIS S200 (SURV) pour navires SMDSM et SOLAS am\u00e9liore la s\u00e9curit\u00e9 maritime et les communications en cas d'urgence.","breadcrumb":{"@id":"https:\/\/oceansignal.com\/fr\/products\/safesea-s200-ais-sart\/#breadcrumb"},"inLanguage":"fr-FR","potentialAction":[{"@type":"ReadAction","target":["https:\/\/oceansignal.com\/fr\/products\/safesea-s200-ais-sart\/"]}]},{"@type":"ImageObject","inLanguage":"fr-FR","@id":"https:\/\/oceansignal.com\/fr\/products\/safesea-s200-ais-sart\/#primaryimage","url":"https:\/\/oceansignal.com\/wp-content\/uploads\/2025\/06\/OSL-AIS-SART-Front.png","contentUrl":"https:\/\/oceansignal.com\/wp-content\/uploads\/2025\/06\/OSL-AIS-SART-Front.png","width":3850,"height":3850,"caption":"\u00c9metteur SART AIS S200 pour navires GMDSS et SOLAS"},{"@type":"BreadcrumbList","@id":"https:\/\/oceansignal.com\/fr\/products\/safesea-s200-ais-sart\/#breadcrumb","itemListElement":[{"@type":"ListItem","position":1,"name":"Produits","item":"https:\/\/oceansignal.com\/fr\/produits\/"},{"@type":"ListItem","position":2,"name":"safeSEA S200 AIS SART"}]},{"@type":"WebSite","@id":"https:\/\/oceansignal.com\/fr\/#website","url":"https:\/\/oceansignal.com\/fr\/","name":"Ocean Signal","description":"A leading manufacturer of EPIRBs, AIS, SARTs, Personal Locator Beacons, Man Overboard Beacon for the Marine and Outdoor Markets.","potentialAction":[{"@type":"SearchAction","target":{"@type":"EntryPoint","urlTemplate":"https:\/\/oceansignal.com\/fr\/?s={search_term_string}"},"query-input":{"@type":"PropertyValueSpecification","valueRequired":true,"valueName":"search_term_string"}}],"inLanguage":"fr-FR"}]}},"_links":{"self":[{"href":"https:\/\/oceansignal.com\/fr\/wp-json\/wp\/v2\/product\/29838","targetHints":{"allow":["GET"]}}],"collection":[{"href":"https:\/\/oceansignal.com\/fr\/wp-json\/wp\/v2\/product"}],"about":[{"href":"https:\/\/oceansignal.com\/fr\/wp-json\/wp\/v2\/types\/product"}],"wp:featuredmedia":[{"embeddable":true,"href":"https:\/\/oceansignal.com\/fr\/wp-json\/wp\/v2\/media\/29806"}],"wp:attachment":[{"href":"https:\/\/oceansignal.com\/fr\/wp-json\/wp\/v2\/media?parent=29838"}],"wp:term":[{"taxonomy":"product_brand","embeddable":true,"href":"https:\/\/oceansignal.com\/fr\/wp-json\/wp\/v2\/product_brand?post=29838"},{"taxonomy":"product_cat","embeddable":true,"href":"https:\/\/oceansignal.com\/fr\/wp-json\/wp\/v2\/product_cat?post=29838"},{"taxonomy":"product_tag","embeddable":true,"href":"https:\/\/oceansignal.com\/fr\/wp-json\/wp\/v2\/product_tag?post=29838"}],"curies":[{"name":"wp","href":"https:\/\/api.w.org\/{rel}","templated":true}]}}