{"id":31898,"date":"2025-07-17T08:59:49","date_gmt":"2025-07-17T08:59:49","guid":{"rendered":"https:\/\/oceansignal.com\/products\/kit-de-securite-epirb2-plus\/"},"modified":"2026-03-17T10:33:11","modified_gmt":"2026-03-17T10:33:11","slug":"kit-de-securite-epirb2-plus","status":"publish","type":"product","link":"https:\/\/oceansignal.com\/fr\/products\/kit-de-securite-epirb2-plus\/","title":{"rendered":"Kit de s\u00e9curit\u00e9 de navigation EPIRB2 Plus"},"content":{"rendered":"<h3 data-start=\"3285\" data-end=\"3337\"><strong data-start=\"3292\" data-end=\"3337\"><img loading=\"lazy\" decoding=\"async\" class=\"alignnone size-full wp-image-32359\" src=\"https:\/\/oceansignal.com\/wp-content\/uploads\/2025\/07\/View-New-Safety-Kits.png\" alt=\"\" width=\"300\" height=\"75\" srcset=\"https:\/\/oceansignal.com\/wp-content\/uploads\/2025\/07\/View-New-Safety-Kits.png 300w, https:\/\/oceansignal.com\/wp-content\/uploads\/2025\/07\/View-New-Safety-Kits-60x15.png 60w, https:\/\/oceansignal.com\/wp-content\/uploads\/2025\/07\/View-New-Safety-Kits-110x28.png 110w\" sizes=\"auto, (max-width: 300px) 100vw, 300px\" \/><\/strong><\/h3>\n<h3 data-start=\"3285\" data-end=\"3337\"><strong data-start=\"3292\" data-end=\"3337\">Pourquoi choisir le kit de s\u00e9curit\u00e9 EPIRB2 Plus ?<\/strong><\/h3>\n<p data-start=\"195\" data-end=\"642\">Le kit de s\u00e9curit\u00e9 EPIRB2 Plus offre un \u00e9quilibre parfait entre performance, rapport qualit\u00e9-prix et \u00e9volutivit\u00e9. Con\u00e7u autour de l&rsquo;EPIRB2 nouvelle g\u00e9n\u00e9ration avec NFC d&rsquo;Ocean Signal, il comprend une fus\u00e9e de d\u00e9tresse \u00e9lectronique EDF2 et des outils visuels de secours essentiels, le tout dans un sac \u00e9tanche et flottant. Que vous soyez en croisi\u00e8re c\u00f4ti\u00e8re ou que vous traversiez la Manche, ce kit vous permet de faire face aux urgences maritimes r\u00e9elles, sans compromis.  <\/p>\n<p data-start=\"644\" data-end=\"692\">S\u00e9curit\u00e9 renforc\u00e9e. Technologie moderne. Z\u00e9ro incertitude.  <\/p>\n<h3 data-start=\"2903\" data-end=\"2924\"><strong data-start=\"2910\" data-end=\"2924\">Id\u00e9al pour :<\/strong><\/h3>\n<ul>\n<li data-start=\"717\" data-end=\"786\">Les navigateurs hauturiers et c\u00f4tiers \u00e0 la recherche d&rsquo;une solution de s\u00e9curit\u00e9 compl\u00e8te<\/li>\n<li data-start=\"717\" data-end=\"786\">Les propri\u00e9taires de yachts se pr\u00e9parent \u00e0 des travers\u00e9es prolong\u00e9es (maximisant la s\u00e9curit\u00e9 sans avoir \u00e0 respecter toutes les r\u00e9glementations sp\u00e9ciales offshore de cat\u00e9gorie 0)<\/li>\n<li data-start=\"717\" data-end=\"786\">Croiseurs modernisant la pyrotechnie traditionnelle<\/li>\n<li data-start=\"717\" data-end=\"786\">Les candidats au RYA Yachtmaster construisent une configuration de s\u00e9curit\u00e9 \u00e0 l&rsquo;\u00e9preuve du temps<\/li>\n<li data-start=\"717\" data-end=\"786\">Les \u00e9quipes remplacent les fus\u00e9es \u00e9clairantes p\u00e9rim\u00e9es par des alternatives r\u00e9utilisables et durables<\/li>\n<\/ul>\n<h3 data-start=\"661\" data-end=\"706\"><strong data-start=\"668\" data-end=\"706\">Qu&rsquo;est-ce qui est inclus et pourquoi est-ce important ?<\/strong><\/h3>\n<h4 data-start=\"708\" data-end=\"751\"><strong data-start=\"713\" data-end=\"749\">1 \u00d7 Ocean Signal EPIRB2 avec NFC<\/strong><\/h4>\n<p data-start=\"752\" data-end=\"775\">Vous b\u00e9n\u00e9ficiez d&rsquo;une couverture satellite pour un sauvetage mondial et d&rsquo;un RLS pour une tranquillit\u00e9 d&rsquo;esprit, le tout dans une balise compacte et conforme \u00e0 la r\u00e9glementation.<br \/>\n<img loading=\"lazy\" decoding=\"async\" class=\"alignnone size-medium wp-image-31423\" src=\"https:\/\/oceansignal.com\/wp-content\/uploads\/2025\/06\/EPIRB2-FRONT-300-300x300.png\" alt=\"\" width=\"300\" height=\"300\" srcset=\"https:\/\/oceansignal.com\/wp-content\/uploads\/2025\/06\/EPIRB2-FRONT-300-300x300.png 300w, https:\/\/oceansignal.com\/wp-content\/uploads\/2025\/06\/EPIRB2-FRONT-300-150x150.png 150w, https:\/\/oceansignal.com\/wp-content\/uploads\/2025\/06\/EPIRB2-FRONT-300-100x100.png 100w, https:\/\/oceansignal.com\/wp-content\/uploads\/2025\/06\/EPIRB2-FRONT-300-60x60.png 60w, https:\/\/oceansignal.com\/wp-content\/uploads\/2025\/06\/EPIRB2-FRONT-300-110x110.png 110w, https:\/\/oceansignal.com\/wp-content\/uploads\/2025\/06\/EPIRB2-FRONT-300.png 411w\" sizes=\"auto, (max-width: 300px) 100vw, 300px\" \/><br \/>\n Cette EPIRB de cat\u00e9gorie II de derni\u00e8re g\u00e9n\u00e9ration combine la signalisation par satellite 406 MHz avec le service de liaison de retour (RLS) et la configuration par smartphone via la connectivit\u00e9 NFC.<\/p>\n<ul data-start=\"954\" data-end=\"1273\">\n<li data-start=\"954\" data-end=\"1004\">\n<p data-start=\"956\" data-end=\"1004\"><strong data-start=\"956\" data-end=\"984\">Alerte de d\u00e9tresse mondiale<\/strong> via le r\u00e9seau de satellites Cospas-Sarsat<\/p>\n<\/li>\n<li data-start=\"1064\" data-end=\"1131\">\n<p data-start=\"1066\" data-end=\"1131\"><strong data-start=\"1066\" data-end=\"1095\">Le service de liaison de retour (RLS)<\/strong> confirme que votre signal a \u00e9t\u00e9 re\u00e7u<\/p>\n<\/li>\n<li data-start=\"1132\" data-end=\"1210\">\n<p data-start=\"1134\" data-end=\"1210\"><strong data-start=\"1134\" data-end=\"1166\">Configuration et test du smartphone<\/strong> via l&rsquo;application gratuite Ocean Signal (iOS et Android)<\/p>\n<\/li>\n<li data-start=\"1211\" data-end=\"1273\">\n<p data-start=\"1213\" data-end=\"1273\"><strong data-start=\"1213\" data-end=\"1251\">Support manuel (Cat II)<\/strong> inclus pour un montage flexible<\/p>\n<\/li>\n<\/ul>\n<hr data-start=\"2026\" data-end=\"2029\">\n<h4 data-start=\"2031\" data-end=\"2073\"><strong data-start=\"2036\" data-end=\"2071\">1 \u00d7<\/strong> <strong data-start=\"2191\" data-end=\"2242\">Fus\u00e9e de d\u00e9tresse \u00e9lectronique Ocean Signal EDF2<\/strong><\/h4>\n<p data-start=\"2245\" data-end=\"2268\">Une torche \u00e0 laquelle vous pouvez faire confiance pour fonctionner, sans date d&rsquo;expiration, sans risque d&rsquo;incendie ni probl\u00e8me d&rsquo;\u00e9limination.<br \/>\n Valeur au d\u00e9tail : 229,99 \u00a3<br \/>\n<img loading=\"lazy\" decoding=\"async\" class=\"alignnone wp-image-31439 size-medium\" src=\"https:\/\/oceansignal.com\/wp-content\/uploads\/2025\/06\/EDF2-FRONT-e1752085297427-198x300.png\" alt=\"\" width=\"198\" height=\"300\" srcset=\"https:\/\/oceansignal.com\/wp-content\/uploads\/2025\/06\/EDF2-FRONT-e1752085297427-198x300.png 198w, https:\/\/oceansignal.com\/wp-content\/uploads\/2025\/06\/EDF2-FRONT-e1752085297427-60x91.png 60w, https:\/\/oceansignal.com\/wp-content\/uploads\/2025\/06\/EDF2-FRONT-e1752085297427-110x166.png 110w, https:\/\/oceansignal.com\/wp-content\/uploads\/2025\/06\/EDF2-FRONT-e1752085297427.png 424w\" sizes=\"auto, (max-width: 198px) 100vw, 198px\" \/><br \/>\nFus\u00e9e LED haute intensit\u00e9, multicolore et infrarouge. Visible \u00e0 plus de 13 km la nuit. R\u00e9utilisable et plus s\u00fbre que les dispositifs pyrotechniques.  <\/p>\n<ul data-start=\"2183\" data-end=\"2300\">\n<li data-start=\"2183\" data-end=\"2216\">\n<p data-start=\"2185\" data-end=\"2216\">\u00c9met le flash caract\u00e9ristique du code Morse international pour SOS<\/p>\n<\/li>\n<li data-start=\"2183\" data-end=\"2216\">Comprend un drapeau de d\u00e9tresse diurne et un support de montage<\/li>\n<li data-start=\"2217\" data-end=\"2261\">\n<p data-start=\"2219\" data-end=\"2261\">Flotte et fonctionne pendant 3 heures \u00e0 l&rsquo;intensit\u00e9 lumineuse requise<\/p>\n<\/li>\n<li data-start=\"2217\" data-end=\"2261\">\n<p data-start=\"2219\" data-end=\"2261\">S\u00e9curit\u00e9 r\u00e9utilisable et aliment\u00e9e par batterie<\/p>\n<\/li>\n<li data-start=\"2217\" data-end=\"2261\">Angle lumineux \u2265180 \u00e0 \u226550 cd pour une visibilit\u00e9 \u00e9lev\u00e9e Range Plus<\/li>\n<\/ul>\n<hr data-start=\"2026\" data-end=\"2029\">\n<h4 data-start=\"2031\" data-end=\"2073\"><strong data-start=\"2036\" data-end=\"2071\">1 \u00d7 Miroir de signalisation et sifflet ACR<\/strong><\/h4>\n<p data-start=\"2074\" data-end=\"2096\">Ajoute une signalisation de secours \u00e0 votre bo\u00eete \u00e0 outils, particuli\u00e8rement utile lorsque des avions ou des navires SAR sont en vue mais pas encore verrouill\u00e9s sur votre position.<br \/>\n Valeur au d\u00e9tail : 10,99 \u00a3<br \/>\n<img loading=\"lazy\" decoding=\"async\" class=\"alignnone wp-image-31407 size-medium\" src=\"https:\/\/oceansignal.com\/wp-content\/uploads\/2025\/06\/Grab_Bag_EPIRB1_Kit-e1752085331562-300x131.png\" alt=\"\" width=\"300\" height=\"131\" srcset=\"https:\/\/oceansignal.com\/wp-content\/uploads\/2025\/06\/Grab_Bag_EPIRB1_Kit-e1752085331562-300x131.png 300w, https:\/\/oceansignal.com\/wp-content\/uploads\/2025\/06\/Grab_Bag_EPIRB1_Kit-e1752085331562-60x26.png 60w, https:\/\/oceansignal.com\/wp-content\/uploads\/2025\/06\/Grab_Bag_EPIRB1_Kit-e1752085331562-110x48.png 110w, https:\/\/oceansignal.com\/wp-content\/uploads\/2025\/06\/Grab_Bag_EPIRB1_Kit-e1752085331562.png 344w\" sizes=\"auto, (max-width: 300px) 100vw, 300px\" \/><br \/>\n Des outils simples, reconnus dans le monde entier, pour la signalisation \u00e0 courte port\u00e9e lorsque la visibilit\u00e9 est importante.<\/p>\n<ul data-start=\"2183\" data-end=\"2300\">\n<li data-start=\"2183\" data-end=\"2216\">\n<p data-start=\"2185\" data-end=\"2216\">Miroir compact hautement r\u00e9fl\u00e9chissant pour les signaux visuels de jour &#8211; Con\u00e7u pour r\u00e9fl\u00e9chir la lumi\u00e8re du soleil sur de longues distances, id\u00e9al pour attirer l&rsquo;attention des navires ou des avions qui passent<\/p>\n<\/li>\n<li data-start=\"2217\" data-end=\"2261\">\n<p data-start=\"2219\" data-end=\"2261\">Sifflet \u00e0 d\u00e9cibels \u00e9lev\u00e9s pour la signalisation sonore<\/p>\n<\/li>\n<li data-start=\"2262\" data-end=\"2300\">\n<p data-start=\"2264\" data-end=\"2300\">Des essentiels compacts et sans entretien<\/p>\n<\/li>\n<\/ul>\n<hr data-start=\"2461\" data-end=\"2464\">\n<h4 data-start=\"2466\" data-end=\"2513\"><strong data-start=\"2471\" data-end=\"2511\">1 \u00d7 Sac de transport \u00e9tanche Ocean Signal<\/strong><\/h4>\n<p data-start=\"2514\" data-end=\"2536\">Les moments d&rsquo;urgence sont chaotiques : ce sac garantit que votre meilleur \u00e9quipement reste au sec, ensemble, visible et facile d&rsquo;acc\u00e8s.<br \/>\n Valeur au d\u00e9tail : 129,99 \u00a3<br \/>\n<img loading=\"lazy\" decoding=\"async\" class=\"alignnone wp-image-31488 size-medium\" src=\"https:\/\/oceansignal.com\/wp-content\/uploads\/2025\/06\/Grab_Bag-1-241x300.webp\" alt=\"\" width=\"241\" height=\"300\" srcset=\"https:\/\/oceansignal.com\/wp-content\/uploads\/2025\/06\/Grab_Bag-1-241x300.webp 241w, https:\/\/oceansignal.com\/wp-content\/uploads\/2025\/06\/Grab_Bag-1-60x75.webp 60w, https:\/\/oceansignal.com\/wp-content\/uploads\/2025\/06\/Grab_Bag-1-110x137.webp 110w, https:\/\/oceansignal.com\/wp-content\/uploads\/2025\/06\/Grab_Bag-1.webp 489w\" sizes=\"auto, (max-width: 241px) 100vw, 241px\" \/><\/p>\n<p data-start=\"2538\" data-end=\"2634\">Ce sac flottant lumineux comprend des fonctionnalit\u00e9s telles que&nbsp;:<\/p>\n<ul data-start=\"2636\" data-end=\"2778\">\n<li data-start=\"2636\" data-end=\"2669\">\n<p data-start=\"2638\" data-end=\"2669\">L\u00e9ger et facile \u00e0 ranger<\/p>\n<\/li>\n<li data-start=\"2670\" data-end=\"2722\">\n<p data-start=\"2672\" data-end=\"2722\">Flotte et prot\u00e8ge le contenu dans des conditions difficiles<\/p>\n<\/li>\n<li data-start=\"2723\" data-end=\"2778\">\n<p data-start=\"2725\" data-end=\"2778\">Permet de r\u00e9cup\u00e9rer vos essentiels rapidement et sans friction<\/p>\n<\/li>\n<\/ul>\n<p data-start=\"2780\" data-end=\"2896\">\n","protected":false},"excerpt":{"rendered":"<ul>\n<li>Soyez pr\u00eat \u00e0 intervenir \u00e0 chaque seconde gr\u00e2ce au <strong data-start=\"43\" data-end=\"89\">kit de s\u00e9curit\u00e9 Ocean Signal EPIRB2 Plus<\/strong> \u2014 une solution d&rsquo;urgence essentielle pour les navigateurs qui constituent leur premier sac de survie.<\/li>\n<p> \t<\/p>\n<li>Log\u00e9 dans le sac robuste et flottant <strong data-start=\"195\" data-end=\"220\">Ocean Signal Grab Bag<\/strong> , ce kit comprend l&rsquo; <strong data-start=\"253\" data-end=\"263\">EPIRB2<\/strong> avanc\u00e9 avec positionnement GPS, le service de liaison de retour (RLS) pour confirmer que votre signal de d\u00e9tresse a \u00e9t\u00e9 re\u00e7u, deux feux stroboscopiques (visibles et IR) et des diagnostics sur smartphone via NFC.<\/li>\n<p> \t<\/p>\n<li>Ce kit comprend \u00e9galement la puissante <strong data-start=\"444\" data-end=\"478\">balise de d\u00e9tresse \u00e9lectronique EDF2<\/strong> , offrant une visibilit\u00e9 \u00e0 360\u00b0 gr\u00e2ce \u00e0 ses LED multicolores et infrarouges intenses \u2013 id\u00e9ale pour attirer l&rsquo;attention par faible luminosit\u00e9 ou visibilit\u00e9 r\u00e9duite. Compact, \u00e9tanche et con\u00e7u pour les situations de sauvetage r\u00e9elles, il contribue \u00e0 garantir que vous soyez vu, retrouv\u00e9 et ramen\u00e9 chez vous rapidement. <\/li>\n<p> \t<\/p>\n<li>Valeur totale du kit au prix de vente conseill\u00e9&nbsp;: 920,96&nbsp;\u00a3. \u00c9conomisez 170&nbsp;\u00a3 avec ce kit&nbsp;! <\/li>\n<\/ul>\n","protected":false},"featured_media":31360,"template":"","meta":{"_acf_changed":false,"om_disable_all_campaigns":false},"product_brand":[],"product_cat":[1673,471,1185],"product_tag":[1690,1674],"class_list":{"0":"post-31898","1":"product","2":"type-product","3":"status-publish","4":"has-post-thumbnail","6":"product_cat-kits-de-securite","7":"product_cat-rescueme-fr","8":"product_cat-signalisation-electronique-et-flare-de-detresse","9":"product_tag-kits-de-securite","10":"product_tag-sac-fourre-tout","12":"first","13":"instock","14":"taxable","15":"shipping-taxable","16":"purchasable","17":"product-type-simple"},"acf":[],"yoast_head":"<!-- This site is optimized with the Yoast SEO Premium plugin v25.2 (Yoast SEO v26.4) - https:\/\/yoast.com\/wordpress\/plugins\/seo\/ -->\n<title>Kit de s\u00e9curit\u00e9 de navigation EPIRB2 Plus - Ocean Signal<\/title>\n<meta name=\"robots\" content=\"index, follow, max-snippet:-1, max-image-preview:large, max-video-preview:-1\" \/>\n<link rel=\"canonical\" href=\"https:\/\/oceansignal.com\/fr\/products\/kit-de-securite-epirb2-plus\/\" \/>\n<meta property=\"og:locale\" content=\"fr_FR\" \/>\n<meta property=\"og:type\" content=\"article\" \/>\n<meta property=\"og:title\" content=\"Kit de s\u00e9curit\u00e9 de navigation EPIRB2 Plus\" \/>\n<meta property=\"og:description\" content=\"Soyez pr\u00eat \u00e0 intervenir \u00e0 chaque seconde gr\u00e2ce au kit de s\u00e9curit\u00e9 Ocean Signal EPIRB2 Plus \u2014 une solution d&#039;urgence essentielle pour les navigateurs qui constituent leur premier sac de survie. Log\u00e9 dans le sac robuste et flottant Ocean Signal Grab Bag , ce kit comprend l&#039; EPIRB2 avanc\u00e9 avec positionnement GPS, le service de liaison de retour (RLS) pour confirmer que votre signal de d\u00e9tresse a \u00e9t\u00e9 re\u00e7u, deux feux stroboscopiques (visibles et IR) et des diagnostics sur smartphone via NFC. Ce kit comprend \u00e9galement la puissante balise de d\u00e9tresse \u00e9lectronique EDF2 , offrant une visibilit\u00e9 \u00e0 360\u00b0 gr\u00e2ce \u00e0 ses LED multicolores et infrarouges intenses \u2013 id\u00e9ale pour attirer l&#039;attention par faible luminosit\u00e9 ou visibilit\u00e9 r\u00e9duite. Compact, \u00e9tanche et con\u00e7u pour les situations de sauvetage r\u00e9elles, il contribue \u00e0 garantir que vous soyez vu, retrouv\u00e9 et ramen\u00e9 chez vous rapidement.  Valeur totale du kit au prix de vente conseill\u00e9&nbsp;: 920,96&nbsp;\u00a3. \u00c9conomisez 170&nbsp;\u00a3 avec ce kit&nbsp;!\" \/>\n<meta property=\"og:url\" content=\"https:\/\/oceansignal.com\/fr\/products\/kit-de-securite-epirb2-plus\/\" \/>\n<meta property=\"og:site_name\" content=\"Ocean Signal\" \/>\n<meta property=\"article:modified_time\" content=\"2026-03-17T10:33:11+00:00\" \/>\n<meta property=\"og:image\" content=\"https:\/\/oceansignal.com\/wp-content\/uploads\/2025\/06\/Grab_Bag_EPIRB2_Safety_Kit_Plus-2.jpg\" \/>\n\t<meta property=\"og:image:width\" content=\"911\" \/>\n\t<meta property=\"og:image:height\" content=\"805\" \/>\n\t<meta property=\"og:image:type\" content=\"image\/jpeg\" \/>\n<meta name=\"twitter:card\" content=\"summary_large_image\" \/>\n<meta name=\"twitter:label1\" content=\"Dur\u00e9e de lecture estim\u00e9e\" \/>\n\t<meta name=\"twitter:data1\" content=\"4 minutes\" \/>\n<script type=\"application\/ld+json\" class=\"yoast-schema-graph\">{\"@context\":\"https:\/\/schema.org\",\"@graph\":[{\"@type\":\"WebPage\",\"@id\":\"https:\/\/oceansignal.com\/fr\/products\/kit-de-securite-epirb2-plus\/\",\"url\":\"https:\/\/oceansignal.com\/fr\/products\/kit-de-securite-epirb2-plus\/\",\"name\":\"Kit de s\u00e9curit\u00e9 de navigation EPIRB2 Plus - Ocean Signal\",\"isPartOf\":{\"@id\":\"https:\/\/oceansignal.com\/fr\/#website\"},\"primaryImageOfPage\":{\"@id\":\"https:\/\/oceansignal.com\/fr\/products\/kit-de-securite-epirb2-plus\/#primaryimage\"},\"image\":{\"@id\":\"https:\/\/oceansignal.com\/fr\/products\/kit-de-securite-epirb2-plus\/#primaryimage\"},\"thumbnailUrl\":\"https:\/\/oceansignal.com\/wp-content\/uploads\/2025\/06\/Grab_Bag_EPIRB2_Safety_Kit_Plus-2.jpg\",\"datePublished\":\"2025-07-17T08:59:49+00:00\",\"dateModified\":\"2026-03-17T10:33:11+00:00\",\"breadcrumb\":{\"@id\":\"https:\/\/oceansignal.com\/fr\/products\/kit-de-securite-epirb2-plus\/#breadcrumb\"},\"inLanguage\":\"fr-FR\",\"potentialAction\":[{\"@type\":\"ReadAction\",\"target\":[\"https:\/\/oceansignal.com\/fr\/products\/kit-de-securite-epirb2-plus\/\"]}]},{\"@type\":\"ImageObject\",\"inLanguage\":\"fr-FR\",\"@id\":\"https:\/\/oceansignal.com\/fr\/products\/kit-de-securite-epirb2-plus\/#primaryimage\",\"url\":\"https:\/\/oceansignal.com\/wp-content\/uploads\/2025\/06\/Grab_Bag_EPIRB2_Safety_Kit_Plus-2.jpg\",\"contentUrl\":\"https:\/\/oceansignal.com\/wp-content\/uploads\/2025\/06\/Grab_Bag_EPIRB2_Safety_Kit_Plus-2.jpg\",\"width\":911,\"height\":805,\"caption\":\"Le kit de s\u00e9curit\u00e9 nautique Ocean Signal est d\u00e9sormais disponible\"},{\"@type\":\"BreadcrumbList\",\"@id\":\"https:\/\/oceansignal.com\/fr\/products\/kit-de-securite-epirb2-plus\/#breadcrumb\",\"itemListElement\":[{\"@type\":\"ListItem\",\"position\":1,\"name\":\"Produits\",\"item\":\"https:\/\/oceansignal.com\/fr\/produits\/\"},{\"@type\":\"ListItem\",\"position\":2,\"name\":\"Kit de s\u00e9curit\u00e9 de navigation EPIRB2 Plus\"}]},{\"@type\":\"WebSite\",\"@id\":\"https:\/\/oceansignal.com\/fr\/#website\",\"url\":\"https:\/\/oceansignal.com\/fr\/\",\"name\":\"Ocean Signal\",\"description\":\"A leading manufacturer of EPIRBs, AIS, SARTs, Personal Locator Beacons, Man Overboard Beacon for the Marine and Outdoor Markets.\",\"potentialAction\":[{\"@type\":\"SearchAction\",\"target\":{\"@type\":\"EntryPoint\",\"urlTemplate\":\"https:\/\/oceansignal.com\/fr\/?s={search_term_string}\"},\"query-input\":{\"@type\":\"PropertyValueSpecification\",\"valueRequired\":true,\"valueName\":\"search_term_string\"}}],\"inLanguage\":\"fr-FR\"}]}<\/script>\n<!-- \/ Yoast SEO Premium plugin. -->","yoast_head_json":{"title":"Kit de s\u00e9curit\u00e9 de navigation EPIRB2 Plus - Ocean Signal","robots":{"index":"index","follow":"follow","max-snippet":"max-snippet:-1","max-image-preview":"max-image-preview:large","max-video-preview":"max-video-preview:-1"},"canonical":"https:\/\/oceansignal.com\/fr\/products\/kit-de-securite-epirb2-plus\/","og_locale":"fr_FR","og_type":"article","og_title":"Kit de s\u00e9curit\u00e9 de navigation EPIRB2 Plus","og_description":"Soyez pr\u00eat \u00e0 intervenir \u00e0 chaque seconde gr\u00e2ce au kit de s\u00e9curit\u00e9 Ocean Signal EPIRB2 Plus \u2014 une solution d'urgence essentielle pour les navigateurs qui constituent leur premier sac de survie. Log\u00e9 dans le sac robuste et flottant Ocean Signal Grab Bag , ce kit comprend l' EPIRB2 avanc\u00e9 avec positionnement GPS, le service de liaison de retour (RLS) pour confirmer que votre signal de d\u00e9tresse a \u00e9t\u00e9 re\u00e7u, deux feux stroboscopiques (visibles et IR) et des diagnostics sur smartphone via NFC. Ce kit comprend \u00e9galement la puissante balise de d\u00e9tresse \u00e9lectronique EDF2 , offrant une visibilit\u00e9 \u00e0 360\u00b0 gr\u00e2ce \u00e0 ses LED multicolores et infrarouges intenses \u2013 id\u00e9ale pour attirer l'attention par faible luminosit\u00e9 ou visibilit\u00e9 r\u00e9duite. Compact, \u00e9tanche et con\u00e7u pour les situations de sauvetage r\u00e9elles, il contribue \u00e0 garantir que vous soyez vu, retrouv\u00e9 et ramen\u00e9 chez vous rapidement.  Valeur totale du kit au prix de vente conseill\u00e9&nbsp;: 920,96&nbsp;\u00a3. \u00c9conomisez 170&nbsp;\u00a3 avec ce kit&nbsp;!","og_url":"https:\/\/oceansignal.com\/fr\/products\/kit-de-securite-epirb2-plus\/","og_site_name":"Ocean Signal","article_modified_time":"2026-03-17T10:33:11+00:00","og_image":[{"width":911,"height":805,"url":"https:\/\/oceansignal.com\/wp-content\/uploads\/2025\/06\/Grab_Bag_EPIRB2_Safety_Kit_Plus-2.jpg","type":"image\/jpeg"}],"twitter_card":"summary_large_image","twitter_misc":{"Dur\u00e9e de lecture estim\u00e9e":"4 minutes"},"schema":{"@context":"https:\/\/schema.org","@graph":[{"@type":"WebPage","@id":"https:\/\/oceansignal.com\/fr\/products\/kit-de-securite-epirb2-plus\/","url":"https:\/\/oceansignal.com\/fr\/products\/kit-de-securite-epirb2-plus\/","name":"Kit de s\u00e9curit\u00e9 de navigation EPIRB2 Plus - Ocean Signal","isPartOf":{"@id":"https:\/\/oceansignal.com\/fr\/#website"},"primaryImageOfPage":{"@id":"https:\/\/oceansignal.com\/fr\/products\/kit-de-securite-epirb2-plus\/#primaryimage"},"image":{"@id":"https:\/\/oceansignal.com\/fr\/products\/kit-de-securite-epirb2-plus\/#primaryimage"},"thumbnailUrl":"https:\/\/oceansignal.com\/wp-content\/uploads\/2025\/06\/Grab_Bag_EPIRB2_Safety_Kit_Plus-2.jpg","datePublished":"2025-07-17T08:59:49+00:00","dateModified":"2026-03-17T10:33:11+00:00","breadcrumb":{"@id":"https:\/\/oceansignal.com\/fr\/products\/kit-de-securite-epirb2-plus\/#breadcrumb"},"inLanguage":"fr-FR","potentialAction":[{"@type":"ReadAction","target":["https:\/\/oceansignal.com\/fr\/products\/kit-de-securite-epirb2-plus\/"]}]},{"@type":"ImageObject","inLanguage":"fr-FR","@id":"https:\/\/oceansignal.com\/fr\/products\/kit-de-securite-epirb2-plus\/#primaryimage","url":"https:\/\/oceansignal.com\/wp-content\/uploads\/2025\/06\/Grab_Bag_EPIRB2_Safety_Kit_Plus-2.jpg","contentUrl":"https:\/\/oceansignal.com\/wp-content\/uploads\/2025\/06\/Grab_Bag_EPIRB2_Safety_Kit_Plus-2.jpg","width":911,"height":805,"caption":"Le kit de s\u00e9curit\u00e9 nautique Ocean Signal est d\u00e9sormais disponible"},{"@type":"BreadcrumbList","@id":"https:\/\/oceansignal.com\/fr\/products\/kit-de-securite-epirb2-plus\/#breadcrumb","itemListElement":[{"@type":"ListItem","position":1,"name":"Produits","item":"https:\/\/oceansignal.com\/fr\/produits\/"},{"@type":"ListItem","position":2,"name":"Kit de s\u00e9curit\u00e9 de navigation EPIRB2 Plus"}]},{"@type":"WebSite","@id":"https:\/\/oceansignal.com\/fr\/#website","url":"https:\/\/oceansignal.com\/fr\/","name":"Ocean Signal","description":"A leading manufacturer of EPIRBs, AIS, SARTs, Personal Locator Beacons, Man Overboard Beacon for the Marine and Outdoor Markets.","potentialAction":[{"@type":"SearchAction","target":{"@type":"EntryPoint","urlTemplate":"https:\/\/oceansignal.com\/fr\/?s={search_term_string}"},"query-input":{"@type":"PropertyValueSpecification","valueRequired":true,"valueName":"search_term_string"}}],"inLanguage":"fr-FR"}]}},"_links":{"self":[{"href":"https:\/\/oceansignal.com\/fr\/wp-json\/wp\/v2\/product\/31898","targetHints":{"allow":["GET"]}}],"collection":[{"href":"https:\/\/oceansignal.com\/fr\/wp-json\/wp\/v2\/product"}],"about":[{"href":"https:\/\/oceansignal.com\/fr\/wp-json\/wp\/v2\/types\/product"}],"wp:featuredmedia":[{"embeddable":true,"href":"https:\/\/oceansignal.com\/fr\/wp-json\/wp\/v2\/media\/31360"}],"wp:attachment":[{"href":"https:\/\/oceansignal.com\/fr\/wp-json\/wp\/v2\/media?parent=31898"}],"wp:term":[{"taxonomy":"product_brand","embeddable":true,"href":"https:\/\/oceansignal.com\/fr\/wp-json\/wp\/v2\/product_brand?post=31898"},{"taxonomy":"product_cat","embeddable":true,"href":"https:\/\/oceansignal.com\/fr\/wp-json\/wp\/v2\/product_cat?post=31898"},{"taxonomy":"product_tag","embeddable":true,"href":"https:\/\/oceansignal.com\/fr\/wp-json\/wp\/v2\/product_tag?post=31898"}],"curies":[{"name":"wp","href":"https:\/\/api.w.org\/{rel}","templated":true}]}}