{"id":31928,"date":"2025-06-24T09:48:12","date_gmt":"2025-06-24T09:48:12","guid":{"rendered":"https:\/\/oceansignal.com\/products\/kit-de-securite-epirb3\/"},"modified":"2026-03-26T15:12:34","modified_gmt":"2026-03-26T15:12:34","slug":"kit-de-securite-epirb3","status":"publish","type":"product","link":"https:\/\/oceansignal.com\/fr\/products\/kit-de-securite-epirb3\/","title":{"rendered":"Kit de s\u00e9curit\u00e9 pour la navigation EPIRB3"},"content":{"rendered":"<h3 class=\"ai-optimize-42\" data-start=\"3285\" data-end=\"3337\"><strong data-start=\"3292\" data-end=\"3337\"><img loading=\"lazy\" decoding=\"async\" class=\"alignnone size-full wp-image-32359\" src=\"https:\/\/oceansignal.com\/wp-content\/uploads\/2025\/07\/View-New-Safety-Kits.png\" alt=\"\" width=\"300\" height=\"75\" srcset=\"https:\/\/oceansignal.com\/wp-content\/uploads\/2025\/07\/View-New-Safety-Kits.png 300w, https:\/\/oceansignal.com\/wp-content\/uploads\/2025\/07\/View-New-Safety-Kits-60x15.png 60w, https:\/\/oceansignal.com\/wp-content\/uploads\/2025\/07\/View-New-Safety-Kits-110x28.png 110w\" sizes=\"auto, (max-width: 300px) 100vw, 300px\" \/><\/strong><\/h3>\n<h3 class=\"ai-optimize-43\" data-start=\"2673\" data-end=\"2727\"><strong data-start=\"2680\" data-end=\"2727\">Pourquoi choisir le kit EPIRB3 ?<\/strong><\/h3>\n<p class=\"ai-optimize-44 ai-optimize-introduction\" data-start=\"2729\" data-end=\"3018\">Le kit EPIRB3 est l&rsquo;offre d&rsquo;entr\u00e9e de gamme la plus avanc\u00e9e. Dot\u00e9 d&rsquo;une technologie EPIRB de pointe, d&rsquo;une configuration intuitive sur smartphone et d&rsquo;une visibilit\u00e9 locale et mondiale sur les op\u00e9rations de sauvetage, il est id\u00e9al pour tous ceux qui recherchent la tranquillit\u00e9 d&rsquo;esprit, la conformit\u00e9 r\u00e9glementaire et des fonctionnalit\u00e9s modernes int\u00e9gr\u00e9es d\u00e8s le d\u00e9part. <\/p>\n<p class=\"ai-optimize-45\" data-start=\"3020\" data-end=\"3075\">Votre meilleur d\u00e9part en s\u00e9curit\u00e9 offshore. Sans compromis. <\/p>\n<h3 class=\"ai-optimize-46\" data-start=\"2313\" data-end=\"2334\"><strong data-start=\"2320\" data-end=\"2334\">Id\u00e9al pour :<\/strong><\/h3>\n<ul data-start=\"2335\" data-end=\"2600\">\n<li class=\"ai-optimize-47\" data-start=\"2335\" data-end=\"2389\">\n<p class=\"ai-optimize-48\" data-start=\"2337\" data-end=\"2389\">Marins hauturiers, propri\u00e9taires de yachts et croisi\u00e9ristes oc\u00e9aniques<\/p>\n<\/li>\n<li class=\"ai-optimize-49\" data-start=\"2390\" data-end=\"2456\">\n<p class=\"ai-optimize-50\" data-start=\"2392\" data-end=\"2456\">\u00c9quipages se pr\u00e9parant pour des courses au large de cat\u00e9gorie 1 ou des travers\u00e9es en haute mer<\/p>\n<\/li>\n<li class=\"ai-optimize-51\" data-start=\"2457\" data-end=\"2532\">\n<p class=\"ai-optimize-52\" data-start=\"2459\" data-end=\"2532\">Les capitaines soucieux de leur s\u00e9curit\u00e9 recherchent une technologie EPIRB de pointe<\/p>\n<\/li>\n<li class=\"ai-optimize-53\" data-start=\"2533\" data-end=\"2600\">\n<p class=\"ai-optimize-54\" data-start=\"2535\" data-end=\"2600\">Les marins remplacent les anciens EPIRB par des \u00e9quipements modernes et conformes \u00e0 la r\u00e9glementation<\/p>\n<\/li>\n<\/ul>\n<h3 class=\"ai-optimize-55\" data-start=\"673\" data-end=\"726\"><strong data-start=\"680\" data-end=\"726\">Qu&rsquo;est-ce qui est inclus et comment cela prend en charge le sauvetage&nbsp;?<\/strong><\/h3>\n<h4 class=\"ai-optimize-56\" data-start=\"728\" data-end=\"762\"><strong data-start=\"733\" data-end=\"760\">1 \u00d7 Ocean Signal EPIRB3<\/strong><\/h4>\n<p class=\"ai-optimize-57\" data-start=\"763\" data-end=\"786\">Visible localement (navires \u00e9quip\u00e9s d&amp;#39;\u00e9metteurs-r\u00e9cepteurs AIS) et globalement (message 406 MHz transmis aux services de recherche et de sauvetage), suivi avec pr\u00e9cision (AIS) et confirm\u00e9 en temps r\u00e9el (RLS) \u2014 le tout dans un seul appareil.<br \/>\n Valeur au d\u00e9tail : 840,95 \u00a3<\/p>\n<p data-start=\"763\" data-end=\"786\"><img loading=\"lazy\" decoding=\"async\" class=\"alignnone size-medium wp-image-2147\" src=\"https:\/\/oceansignal.com\/wp-content\/uploads\/2024\/03\/EPIRB3-Front-300-RLS-on-1-300x300.png\" alt=\"Ocean Signal EPIRB3 avec voyant bleu de service de liaison de retour allum\u00e9.\" width=\"300\" height=\"300\" srcset=\"https:\/\/oceansignal.com\/wp-content\/uploads\/2024\/03\/EPIRB3-Front-300-RLS-on-1-300x300.png 300w, https:\/\/oceansignal.com\/wp-content\/uploads\/2024\/03\/EPIRB3-Front-300-RLS-on-1-150x150.png 150w, https:\/\/oceansignal.com\/wp-content\/uploads\/2024\/03\/EPIRB3-Front-300-RLS-on-1-100x100.png 100w, https:\/\/oceansignal.com\/wp-content\/uploads\/2024\/03\/EPIRB3-Front-300-RLS-on-1.png 411w\" sizes=\"auto, (max-width: 300px) 100vw, 300px\" \/><\/p>\n<p class=\"ai-optimize-58\" data-start=\"788\" data-end=\"915\">L&rsquo;EPIRB phare d&rsquo;Ocean Signal, construit pour r\u00e9pondre aux derni\u00e8res normes internationales et dot\u00e9 de fonctionnalit\u00e9s de sauvetage, notamment :<\/p>\n<ul data-start=\"917\" data-end=\"1359\">\n<li class=\"ai-optimize-59\" data-start=\"917\" data-end=\"965\">\n<p class=\"ai-optimize-60\" data-start=\"919\" data-end=\"965\"><strong>Alerte par satellite Cospas-Sarsat 406 MHz<\/strong><\/p>\n<\/li>\n<li class=\"ai-optimize-61\" data-start=\"966\" data-end=\"1014\">\n<p class=\"ai-optimize-62\" data-start=\"968\" data-end=\"1014\"><strong>Diffusion AIS aux navires \u00e0 proximit\u00e9 \u00e9quip\u00e9s d&rsquo;\u00e9metteurs-r\u00e9cepteurs AIS<\/strong><\/p>\n<\/li>\n<li class=\"ai-optimize-63\" data-start=\"1015\" data-end=\"1097\">\n<p class=\"ai-optimize-64\" data-start=\"1017\" data-end=\"1097\"><strong>Service de liaison de retour (RLS) : confirme que votre signal de d\u00e9tresse a \u00e9t\u00e9 re\u00e7u<\/strong><\/p>\n<\/li>\n<li class=\"ai-optimize-65\" data-start=\"1098\" data-end=\"1148\">\n<p class=\"ai-optimize-66\" data-start=\"1100\" data-end=\"1148\"><strong>GNSS (GPS + Galileo) pour une pr\u00e9cision extr\u00eame<\/strong><\/p>\n<\/li>\n<li class=\"ai-optimize-67\" data-start=\"1149\" data-end=\"1186\">\n<p class=\"ai-optimize-68\" data-start=\"1151\" data-end=\"1186\"><strong>Signal de localisation local de 121,5 MHz<\/strong><\/p>\n<\/li>\n<li class=\"ai-optimize-69\" data-start=\"1187\" data-end=\"1239\">\n<p class=\"ai-optimize-70\" data-start=\"1189\" data-end=\"1239\"><strong>Stroboscopes visibles + infrarouges pour la d\u00e9tection visuelle dans les sc\u00e9narios de faible luminosit\u00e9<\/strong><\/p>\n<\/li>\n<li class=\"ai-optimize-71\" data-start=\"1240\" data-end=\"1299\">\n<p class=\"ai-optimize-72\" data-start=\"1242\" data-end=\"1299\"><strong>Configuration du smartphone NFC avec l&rsquo;application gratuite Ocean Signal<\/strong><\/p>\n<\/li>\n<li class=\"ai-optimize-73\" data-start=\"1300\" data-end=\"1359\">\n<p class=\"ai-optimize-74\" data-start=\"1302\" data-end=\"1359\"><strong>Support manuel (Cat II) pour montage flexible<\/strong><\/p>\n<\/li>\n<\/ul>\n<hr data-start=\"1511\" data-end=\"1514\">\n<h4 class=\"ai-optimize-75\" data-start=\"1516\" data-end=\"1558\"><strong data-start=\"1521\" data-end=\"1556\">1 \u00d7 Miroir de signalisation et sifflet ACR<\/strong><\/h4>\n<p class=\"ai-optimize-76\" data-start=\"1559\" data-end=\"1581\">Id\u00e9al lorsque les \u00e9quipes SAR sont \u00e0 proximit\u00e9 et que vous devez attirer leur attention rapidement et clairement.<br \/>\n Valeur au d\u00e9tail : 10,99 \u00a3<\/p>\n<p data-start=\"1559\" data-end=\"1581\"><img loading=\"lazy\" decoding=\"async\" class=\"alignnone wp-image-31407 size-medium\" src=\"https:\/\/oceansignal.com\/wp-content\/uploads\/2025\/06\/Grab_Bag_EPIRB1_Kit-e1752085331562-300x131.png\" alt=\"\" width=\"300\" height=\"131\" srcset=\"https:\/\/oceansignal.com\/wp-content\/uploads\/2025\/06\/Grab_Bag_EPIRB1_Kit-e1752085331562-300x131.png 300w, https:\/\/oceansignal.com\/wp-content\/uploads\/2025\/06\/Grab_Bag_EPIRB1_Kit-e1752085331562-60x26.png 60w, https:\/\/oceansignal.com\/wp-content\/uploads\/2025\/06\/Grab_Bag_EPIRB1_Kit-e1752085331562-110x48.png 110w, https:\/\/oceansignal.com\/wp-content\/uploads\/2025\/06\/Grab_Bag_EPIRB1_Kit-e1752085331562.png 344w\" sizes=\"auto, (max-width: 300px) 100vw, 300px\" \/><\/p>\n<p class=\"ai-optimize-77\" data-start=\"1583\" data-end=\"1691\">Ces outils sans entretien ajoutent une visibilit\u00e9 suppl\u00e9mentaire pr\u00e9cieuse et une signalisation audio dans les derni\u00e8res \u00e9tapes du sauvetage.<\/p>\n<ul data-start=\"1693\" data-end=\"1791\">\n<li class=\"ai-optimize-78\" data-start=\"1693\" data-end=\"1734\">\n<p class=\"ai-optimize-79\" data-start=\"1695\" data-end=\"1734\"><strong>Miroir compact hautement r\u00e9fl\u00e9chissant pour les signaux visuels de jour &#8211; Con\u00e7u pour r\u00e9fl\u00e9chir la lumi\u00e8re du soleil sur de grandes distances, id\u00e9al pour attirer l&rsquo;attention des navires ou des avions qui passent<\/strong><\/p>\n<\/li>\n<li class=\"ai-optimize-80\" data-start=\"1735\" data-end=\"1791\">\n<p class=\"ai-optimize-81\" data-start=\"1737\" data-end=\"1791\"><strong>Sifflet puissant et sans bille pour attirer l&rsquo;attention \u00e0 courte distance<\/strong><\/p>\n<\/li>\n<\/ul>\n<hr data-start=\"1909\" data-end=\"1912\">\n<h4 class=\"ai-optimize-82\" data-start=\"1914\" data-end=\"1961\"><strong data-start=\"1919\" data-end=\"1959\">1 \u00d7 Sac de transport \u00e9tanche Ocean Signal<\/strong><\/h4>\n<p class=\"ai-optimize-83\" data-start=\"1962\" data-end=\"1985\"><em data-start=\"1962\" data-end=\"1985\">Lorsque chaque seconde compte, il est essentiel de disposer de tout dans un seul endroit sec et visible.<br \/>\n Valeur au d\u00e9tail : 129,99 \u00a3<\/em><\/p>\n<p data-start=\"1962\" data-end=\"1985\"><img loading=\"lazy\" decoding=\"async\" class=\"alignnone wp-image-31488 size-medium\" src=\"https:\/\/oceansignal.com\/wp-content\/uploads\/2025\/06\/Grab_Bag-1-241x300.webp\" alt=\"\" width=\"241\" height=\"300\" srcset=\"https:\/\/oceansignal.com\/wp-content\/uploads\/2025\/06\/Grab_Bag-1-241x300.webp 241w, https:\/\/oceansignal.com\/wp-content\/uploads\/2025\/06\/Grab_Bag-1-60x75.webp 60w, https:\/\/oceansignal.com\/wp-content\/uploads\/2025\/06\/Grab_Bag-1-110x137.webp 110w, https:\/\/oceansignal.com\/wp-content\/uploads\/2025\/06\/Grab_Bag-1.webp 489w\" sizes=\"auto, (max-width: 241px) 100vw, 241px\" \/><\/p>\n<p class=\"ai-optimize-84\" data-start=\"1987\" data-end=\"2079\">Ce sac robuste et flottant maintient votre kit essentiel ensemble : sec, prot\u00e9g\u00e9 et pr\u00eat \u00e0 partir.<\/p>\n<ul data-start=\"2081\" data-end=\"2190\">\n<li class=\"ai-optimize-85\" data-start=\"2081\" data-end=\"2107\">\n<p class=\"ai-optimize-86\" data-start=\"2083\" data-end=\"2107\"><strong>Couleur haute visibilit\u00e9<\/strong><\/p>\n<\/li>\n<li class=\"ai-optimize-87\" data-start=\"2108\" data-end=\"2131\">\n<p class=\"ai-optimize-88\" data-start=\"2110\" data-end=\"2131\"><strong>Flottable<\/strong><\/p>\n<\/li>\n<li class=\"ai-optimize-89\" data-start=\"2132\" data-end=\"2190\">\n<p class=\"ai-optimize-90\" data-start=\"2134\" data-end=\"2190\"><strong>Taille id\u00e9ale pour EPIRB, tout \u00e9quipement de s\u00e9curit\u00e9 suppl\u00e9mentaire et documents cl\u00e9s<\/strong><\/p>\n<\/li>\n<\/ul>\n","protected":false},"excerpt":{"rendered":"<ul>\n<li class=\"ai-optimize-38\">Le kit EPIRB3 est une solution de s\u00e9curit\u00e9 tout-en-un haut de gamme con\u00e7ue pour les marins qui souhaitent b\u00e9n\u00e9ficier des fonctionnalit\u00e9s EPIRB les plus avanc\u00e9es disponibles, d\u00e8s le d\u00e9part.<\/li>\n<li class=\"ai-optimize-39\">Avec l&rsquo;AIS, le service de liaison de retour, le positionnement GNSS et l&rsquo;alerte mondiale Cospas-Sarsat, l&rsquo;EPIRB3 offre aux marins solitaires et en \u00e9quipage une configuration de s\u00e9curit\u00e9 \u00e0 l&rsquo;\u00e9preuve du temps d\u00e8s le premier jour.<\/li>\n<li class=\"ai-optimize-40\">Le sac de rangement inclus vous garantit une solution de rangement hautement visible et flottante pour votre EPIRB3, votre miroir de signalisation et votre sifflet inclus dans le kit.<\/li>\n<\/ul>\n<p class=\"ai-optimize-41\">Valeur totale du kit au prix de vente conseill\u00e9&nbsp;: 990,97&nbsp;\u00a3. \u00c9conomisez 129,98&nbsp;\u00a3 avec ce kit&nbsp;! <\/p>\n","protected":false},"featured_media":31575,"template":"","meta":{"_acf_changed":false,"om_disable_all_campaigns":false},"product_brand":[],"product_cat":[1673,471],"product_tag":[756,994,1690,1674],"class_list":{"0":"post-31928","1":"product","2":"type-product","3":"status-publish","4":"has-post-thumbnail","6":"product_cat-kits-de-securite","7":"product_cat-rescueme-fr","8":"product_tag-epirb-fr","9":"product_tag-epirb3-fr","10":"product_tag-kits-de-securite","11":"product_tag-sac-fourre-tout","13":"first","14":"instock","15":"taxable","16":"shipping-taxable","17":"purchasable","18":"product-type-simple"},"acf":[],"yoast_head":"<!-- This site is optimized with the Yoast SEO Premium plugin v25.2 (Yoast SEO v26.4) - https:\/\/yoast.com\/wordpress\/plugins\/seo\/ -->\n<title>Kit de s\u00e9curit\u00e9 pour la navigation EPIRB3 - Ocean Signal<\/title>\n<meta name=\"robots\" content=\"index, follow, max-snippet:-1, max-image-preview:large, max-video-preview:-1\" \/>\n<link rel=\"canonical\" href=\"https:\/\/oceansignal.com\/fr\/products\/kit-de-securite-epirb3\/\" \/>\n<meta property=\"og:locale\" content=\"fr_FR\" \/>\n<meta property=\"og:type\" content=\"article\" \/>\n<meta property=\"og:title\" content=\"Kit de s\u00e9curit\u00e9 pour la navigation EPIRB3\" \/>\n<meta property=\"og:description\" content=\"Le kit EPIRB3 est une solution de s\u00e9curit\u00e9 tout-en-un haut de gamme con\u00e7ue pour les marins qui souhaitent b\u00e9n\u00e9ficier des fonctionnalit\u00e9s EPIRB les plus avanc\u00e9es disponibles, d\u00e8s le d\u00e9part.  Avec l&#039;AIS, le service de liaison de retour, le positionnement GNSS et l&#039;alerte mondiale Cospas-Sarsat, l&#039;EPIRB3 offre aux marins solitaires et en \u00e9quipage une configuration de s\u00e9curit\u00e9 \u00e0 l&#039;\u00e9preuve du temps d\u00e8s le premier jour.  Le sac de rangement inclus vous garantit une solution de rangement hautement visible et flottante pour votre EPIRB3, votre miroir de signalisation et votre sifflet inclus dans le kit. Valeur totale du kit au prix de vente conseill\u00e9&nbsp;: 990,97&nbsp;\u00a3. \u00c9conomisez 129,98&nbsp;\u00a3 avec ce kit&nbsp;!\" \/>\n<meta property=\"og:url\" content=\"https:\/\/oceansignal.com\/fr\/products\/kit-de-securite-epirb3\/\" \/>\n<meta property=\"og:site_name\" content=\"Ocean Signal\" \/>\n<meta property=\"article:modified_time\" content=\"2026-03-26T15:12:34+00:00\" \/>\n<meta property=\"og:image\" content=\"https:\/\/oceansignal.com\/wp-content\/uploads\/2025\/06\/Grab_Bag_EPIRB3_Kit-1.jpg\" \/>\n\t<meta property=\"og:image:width\" content=\"911\" \/>\n\t<meta property=\"og:image:height\" content=\"805\" \/>\n\t<meta property=\"og:image:type\" content=\"image\/jpeg\" \/>\n<meta name=\"twitter:card\" content=\"summary_large_image\" \/>\n<meta name=\"twitter:label1\" content=\"Dur\u00e9e de lecture estim\u00e9e\" \/>\n\t<meta name=\"twitter:data1\" content=\"2 minutes\" \/>\n<script type=\"application\/ld+json\" class=\"yoast-schema-graph\">{\"@context\":\"https:\/\/schema.org\",\"@graph\":[{\"@type\":\"WebPage\",\"@id\":\"https:\/\/oceansignal.com\/fr\/products\/kit-de-securite-epirb3\/\",\"url\":\"https:\/\/oceansignal.com\/fr\/products\/kit-de-securite-epirb3\/\",\"name\":\"Kit de s\u00e9curit\u00e9 pour la navigation EPIRB3 - Ocean Signal\",\"isPartOf\":{\"@id\":\"https:\/\/oceansignal.com\/fr\/#website\"},\"primaryImageOfPage\":{\"@id\":\"https:\/\/oceansignal.com\/fr\/products\/kit-de-securite-epirb3\/#primaryimage\"},\"image\":{\"@id\":\"https:\/\/oceansignal.com\/fr\/products\/kit-de-securite-epirb3\/#primaryimage\"},\"thumbnailUrl\":\"https:\/\/oceansignal.com\/wp-content\/uploads\/2025\/06\/Grab_Bag_EPIRB3_Kit-1.jpg\",\"datePublished\":\"2025-06-24T09:48:12+00:00\",\"dateModified\":\"2026-03-26T15:12:34+00:00\",\"breadcrumb\":{\"@id\":\"https:\/\/oceansignal.com\/fr\/products\/kit-de-securite-epirb3\/#breadcrumb\"},\"inLanguage\":\"fr-FR\",\"potentialAction\":[{\"@type\":\"ReadAction\",\"target\":[\"https:\/\/oceansignal.com\/fr\/products\/kit-de-securite-epirb3\/\"]}]},{\"@type\":\"ImageObject\",\"inLanguage\":\"fr-FR\",\"@id\":\"https:\/\/oceansignal.com\/fr\/products\/kit-de-securite-epirb3\/#primaryimage\",\"url\":\"https:\/\/oceansignal.com\/wp-content\/uploads\/2025\/06\/Grab_Bag_EPIRB3_Kit-1.jpg\",\"contentUrl\":\"https:\/\/oceansignal.com\/wp-content\/uploads\/2025\/06\/Grab_Bag_EPIRB3_Kit-1.jpg\",\"width\":911,\"height\":805},{\"@type\":\"BreadcrumbList\",\"@id\":\"https:\/\/oceansignal.com\/fr\/products\/kit-de-securite-epirb3\/#breadcrumb\",\"itemListElement\":[{\"@type\":\"ListItem\",\"position\":1,\"name\":\"Produits\",\"item\":\"https:\/\/oceansignal.com\/fr\/produits\/\"},{\"@type\":\"ListItem\",\"position\":2,\"name\":\"Kit de s\u00e9curit\u00e9 pour la navigation EPIRB3\"}]},{\"@type\":\"WebSite\",\"@id\":\"https:\/\/oceansignal.com\/fr\/#website\",\"url\":\"https:\/\/oceansignal.com\/fr\/\",\"name\":\"Ocean Signal\",\"description\":\"A leading manufacturer of EPIRBs, AIS, SARTs, Personal Locator Beacons, Man Overboard Beacon for the Marine and Outdoor Markets.\",\"potentialAction\":[{\"@type\":\"SearchAction\",\"target\":{\"@type\":\"EntryPoint\",\"urlTemplate\":\"https:\/\/oceansignal.com\/fr\/?s={search_term_string}\"},\"query-input\":{\"@type\":\"PropertyValueSpecification\",\"valueRequired\":true,\"valueName\":\"search_term_string\"}}],\"inLanguage\":\"fr-FR\"}]}<\/script>\n<!-- \/ Yoast SEO Premium plugin. -->","yoast_head_json":{"title":"Kit de s\u00e9curit\u00e9 pour la navigation EPIRB3 - Ocean Signal","robots":{"index":"index","follow":"follow","max-snippet":"max-snippet:-1","max-image-preview":"max-image-preview:large","max-video-preview":"max-video-preview:-1"},"canonical":"https:\/\/oceansignal.com\/fr\/products\/kit-de-securite-epirb3\/","og_locale":"fr_FR","og_type":"article","og_title":"Kit de s\u00e9curit\u00e9 pour la navigation EPIRB3","og_description":"Le kit EPIRB3 est une solution de s\u00e9curit\u00e9 tout-en-un haut de gamme con\u00e7ue pour les marins qui souhaitent b\u00e9n\u00e9ficier des fonctionnalit\u00e9s EPIRB les plus avanc\u00e9es disponibles, d\u00e8s le d\u00e9part.  Avec l'AIS, le service de liaison de retour, le positionnement GNSS et l'alerte mondiale Cospas-Sarsat, l'EPIRB3 offre aux marins solitaires et en \u00e9quipage une configuration de s\u00e9curit\u00e9 \u00e0 l'\u00e9preuve du temps d\u00e8s le premier jour.  Le sac de rangement inclus vous garantit une solution de rangement hautement visible et flottante pour votre EPIRB3, votre miroir de signalisation et votre sifflet inclus dans le kit. Valeur totale du kit au prix de vente conseill\u00e9&nbsp;: 990,97&nbsp;\u00a3. \u00c9conomisez 129,98&nbsp;\u00a3 avec ce kit&nbsp;!","og_url":"https:\/\/oceansignal.com\/fr\/products\/kit-de-securite-epirb3\/","og_site_name":"Ocean Signal","article_modified_time":"2026-03-26T15:12:34+00:00","og_image":[{"width":911,"height":805,"url":"https:\/\/oceansignal.com\/wp-content\/uploads\/2025\/06\/Grab_Bag_EPIRB3_Kit-1.jpg","type":"image\/jpeg"}],"twitter_card":"summary_large_image","twitter_misc":{"Dur\u00e9e de lecture estim\u00e9e":"2 minutes"},"schema":{"@context":"https:\/\/schema.org","@graph":[{"@type":"WebPage","@id":"https:\/\/oceansignal.com\/fr\/products\/kit-de-securite-epirb3\/","url":"https:\/\/oceansignal.com\/fr\/products\/kit-de-securite-epirb3\/","name":"Kit de s\u00e9curit\u00e9 pour la navigation EPIRB3 - Ocean Signal","isPartOf":{"@id":"https:\/\/oceansignal.com\/fr\/#website"},"primaryImageOfPage":{"@id":"https:\/\/oceansignal.com\/fr\/products\/kit-de-securite-epirb3\/#primaryimage"},"image":{"@id":"https:\/\/oceansignal.com\/fr\/products\/kit-de-securite-epirb3\/#primaryimage"},"thumbnailUrl":"https:\/\/oceansignal.com\/wp-content\/uploads\/2025\/06\/Grab_Bag_EPIRB3_Kit-1.jpg","datePublished":"2025-06-24T09:48:12+00:00","dateModified":"2026-03-26T15:12:34+00:00","breadcrumb":{"@id":"https:\/\/oceansignal.com\/fr\/products\/kit-de-securite-epirb3\/#breadcrumb"},"inLanguage":"fr-FR","potentialAction":[{"@type":"ReadAction","target":["https:\/\/oceansignal.com\/fr\/products\/kit-de-securite-epirb3\/"]}]},{"@type":"ImageObject","inLanguage":"fr-FR","@id":"https:\/\/oceansignal.com\/fr\/products\/kit-de-securite-epirb3\/#primaryimage","url":"https:\/\/oceansignal.com\/wp-content\/uploads\/2025\/06\/Grab_Bag_EPIRB3_Kit-1.jpg","contentUrl":"https:\/\/oceansignal.com\/wp-content\/uploads\/2025\/06\/Grab_Bag_EPIRB3_Kit-1.jpg","width":911,"height":805},{"@type":"BreadcrumbList","@id":"https:\/\/oceansignal.com\/fr\/products\/kit-de-securite-epirb3\/#breadcrumb","itemListElement":[{"@type":"ListItem","position":1,"name":"Produits","item":"https:\/\/oceansignal.com\/fr\/produits\/"},{"@type":"ListItem","position":2,"name":"Kit de s\u00e9curit\u00e9 pour la navigation EPIRB3"}]},{"@type":"WebSite","@id":"https:\/\/oceansignal.com\/fr\/#website","url":"https:\/\/oceansignal.com\/fr\/","name":"Ocean Signal","description":"A leading manufacturer of EPIRBs, AIS, SARTs, Personal Locator Beacons, Man Overboard Beacon for the Marine and Outdoor Markets.","potentialAction":[{"@type":"SearchAction","target":{"@type":"EntryPoint","urlTemplate":"https:\/\/oceansignal.com\/fr\/?s={search_term_string}"},"query-input":{"@type":"PropertyValueSpecification","valueRequired":true,"valueName":"search_term_string"}}],"inLanguage":"fr-FR"}]}},"_links":{"self":[{"href":"https:\/\/oceansignal.com\/fr\/wp-json\/wp\/v2\/product\/31928","targetHints":{"allow":["GET"]}}],"collection":[{"href":"https:\/\/oceansignal.com\/fr\/wp-json\/wp\/v2\/product"}],"about":[{"href":"https:\/\/oceansignal.com\/fr\/wp-json\/wp\/v2\/types\/product"}],"wp:featuredmedia":[{"embeddable":true,"href":"https:\/\/oceansignal.com\/fr\/wp-json\/wp\/v2\/media\/31575"}],"wp:attachment":[{"href":"https:\/\/oceansignal.com\/fr\/wp-json\/wp\/v2\/media?parent=31928"}],"wp:term":[{"taxonomy":"product_brand","embeddable":true,"href":"https:\/\/oceansignal.com\/fr\/wp-json\/wp\/v2\/product_brand?post=31928"},{"taxonomy":"product_cat","embeddable":true,"href":"https:\/\/oceansignal.com\/fr\/wp-json\/wp\/v2\/product_cat?post=31928"},{"taxonomy":"product_tag","embeddable":true,"href":"https:\/\/oceansignal.com\/fr\/wp-json\/wp\/v2\/product_tag?post=31928"}],"curies":[{"name":"wp","href":"https:\/\/api.w.org\/{rel}","templated":true}]}}