{"id":31939,"date":"2025-06-24T09:31:27","date_gmt":"2025-06-24T09:31:27","guid":{"rendered":"https:\/\/oceansignal.com\/products\/kit-de-securite-plb1\/"},"modified":"2026-03-18T16:38:29","modified_gmt":"2026-03-18T16:38:29","slug":"kit-de-securite-plb1","status":"publish","type":"product","link":"https:\/\/oceansignal.com\/fr\/products\/kit-de-securite-plb1\/","title":{"rendered":"Kit de s\u00e9curit\u00e9 PLB1"},"content":{"rendered":"<h3 data-start=\"3285\" data-end=\"3337\"><strong data-start=\"3292\" data-end=\"3337\"><img loading=\"lazy\" decoding=\"async\" class=\"alignnone size-full wp-image-32359\" src=\"https:\/\/oceansignal.com\/wp-content\/uploads\/2025\/07\/View-New-Safety-Kits.png\" alt=\"\" width=\"300\" height=\"75\" srcset=\"https:\/\/oceansignal.com\/wp-content\/uploads\/2025\/07\/View-New-Safety-Kits.png 300w, https:\/\/oceansignal.com\/wp-content\/uploads\/2025\/07\/View-New-Safety-Kits-60x15.png 60w, https:\/\/oceansignal.com\/wp-content\/uploads\/2025\/07\/View-New-Safety-Kits-110x28.png 110w\" sizes=\"auto, (max-width: 300px) 100vw, 300px\" \/><\/strong><\/h3>\n<h3 data-start=\"3116\" data-end=\"3164\"><strong data-start=\"3123\" data-end=\"3164\">Pourquoi choisir le kit de s\u00e9curit\u00e9 PLB1&nbsp;?<\/strong><\/h3>\n<p data-start=\"3166\" data-end=\"3448\">Con\u00e7u pour l&rsquo;autonomie, ce kit permet aux marins et aux aviateurs de se prot\u00e9ger, ainsi que leur \u00e9quipage, gr\u00e2ce \u00e0 un syst\u00e8me de s\u00e9curit\u00e9 professionnel, compact, \u00e9conomique et conforme \u00e0 la r\u00e9glementation. Il est id\u00e9al pour ceux qui ne sont pas encore tenus d&rsquo;utiliser une balise de d\u00e9tresse (EPIRB) mais qui souhaitent \u00eatre vus, entendus et retrouv\u00e9s en cas d&rsquo;urgence. <\/p>\n<p data-start=\"3450\" data-end=\"3536\">Que vous r\u00e9gliez les voiles ou que vous voliez, voici votre dispositif de s\u00e9curit\u00e9 personnel.<\/p>\n<h3 data-start=\"2760\" data-end=\"2781\"><strong data-start=\"2767\" data-end=\"2781\">Id\u00e9al pour :<\/strong><\/h3>\n<ul data-start=\"2782\" data-end=\"3037\">\n<li data-start=\"2782\" data-end=\"2842\">\n<p data-start=\"2784\" data-end=\"2842\">Navigateurs solitaires, \u00e9l\u00e8ves de la RYA (Royal Yachting Association), plaisanciers c\u00f4tiers du week-end et marins professionnels<\/p>\n<\/li>\n<li data-start=\"2843\" data-end=\"2895\">\n<p data-start=\"2845\" data-end=\"2895\">pilotes priv\u00e9s<\/p>\n<\/li>\n<li data-start=\"2896\" data-end=\"2965\">\n<p data-start=\"2898\" data-end=\"2965\">voyageurs aventuriers, propri\u00e9taires d&rsquo;avions l\u00e9gers et pilotes d&rsquo;ULM<\/p>\n<\/li>\n<li data-start=\"2966\" data-end=\"3037\">\n<p data-start=\"2968\" data-end=\"3037\">Tout marin sans balise EPIRB fixe et ayant besoin d&rsquo;une couverture d&rsquo;urgence l\u00e9g\u00e8re<\/p>\n<\/li>\n<\/ul>\n<h3 data-start=\"699\" data-end=\"752\"><strong data-start=\"706\" data-end=\"752\">Qu&rsquo;est-ce qui est inclus et comment cela prend en charge le sauvetage&nbsp;?<\/strong><\/h3>\n<h4 data-start=\"754\" data-end=\"810\"><strong data-start=\"759\" data-end=\"808\">1 \u00d7 Balise de localisation personnelle Ocean Signal PLB1<\/strong><\/h4>\n<p data-start=\"811\" data-end=\"834\">Que vous soyez en mer ou au-dessus de terres isol\u00e9es, la PLB1 vous connecte directement aux services de secours internationaux, m\u00eame lorsque vous \u00eates hors de port\u00e9e VHF ou mobile.<br \/>\n Prix \u200b\u200bde vente conseill\u00e9 : 279,99 \u00a3<br \/>\n<img loading=\"lazy\" decoding=\"async\" class=\"alignnone size-medium wp-image-31618\" src=\"https:\/\/oceansignal.com\/wp-content\/uploads\/2025\/06\/PLB1-straight-on-2.png\" alt=\"\" width=\"172\" height=\"246\" srcset=\"https:\/\/oceansignal.com\/wp-content\/uploads\/2025\/06\/PLB1-straight-on-2.png 172w, https:\/\/oceansignal.com\/wp-content\/uploads\/2025\/06\/PLB1-straight-on-2-60x86.png 60w, https:\/\/oceansignal.com\/wp-content\/uploads\/2025\/06\/PLB1-straight-on-2-110x157.png 110w\" sizes=\"auto, (max-width: 172px) 100vw, 172px\" \/><\/p>\n<p data-start=\"836\" data-end=\"1027\">Cette balise satellite ultra-compacte de 406 MHz transmet votre position GPS au r\u00e9seau satellitaire mondial Cospas-Sarsat et \u00e9met un signal de localisation local de 121,5 MHz pour aider les \u00e9quipes de recherche \u00e0 se rep\u00e9rer rapidement.<\/p>\n<ul data-start=\"1029\" data-end=\"1218\">\n<li data-start=\"1029\" data-end=\"1065\">\n<p data-start=\"1031\" data-end=\"1065\">alertes de d\u00e9tresse par satellite mondiales<\/p>\n<\/li>\n<li data-start=\"1066\" data-end=\"1101\">\n<p data-start=\"1068\" data-end=\"1101\">Positionnement GPS + balise de localisation<\/p>\n<\/li>\n<li data-start=\"1102\" data-end=\"1152\">\n<p data-start=\"1104\" data-end=\"1152\">Assez petit pour tenir dans une poche ou un gilet de vol<\/p>\n<\/li>\n<li data-start=\"1153\" data-end=\"1181\">\n<p data-start=\"1155\" data-end=\"1181\">Aucun abonnement requis<\/p>\n<\/li>\n<li data-start=\"1182\" data-end=\"1218\">\n<p data-start=\"1184\" data-end=\"1218\">Batterie d&rsquo;une dur\u00e9e de vie de 7 ans, autonomie de plus de 24 heures.<\/p>\n<\/li>\n<\/ul>\n<hr data-start=\"1389\" data-end=\"1392\">\n<h4 data-start=\"1394\" data-end=\"1452\"><strong data-start=\"1399\" data-end=\"1450\">1 \u00d7 Fus\u00e9e de d\u00e9tresse \u00e9lectronique Ocean Signal EDF1<\/strong><\/h4>\n<p data-start=\"1453\" data-end=\"1476\">Signalisation efficace pour les avions de recherche ou les sauveteurs \u00e0 proximit\u00e9 \u2013 id\u00e9al pour les pilotes ou les marins abattus en attente de r\u00e9cup\u00e9ration.<br \/>\n Prix \u200b\u200bde vente conseill\u00e9 : 149,99 \u00a3<br \/>\n<img loading=\"lazy\" decoding=\"async\" class=\"alignnone size-medium wp-image-31601\" src=\"https:\/\/oceansignal.com\/wp-content\/uploads\/2025\/06\/EDF1-cutout-70x300.png\" alt=\"\" width=\"70\" height=\"300\" srcset=\"https:\/\/oceansignal.com\/wp-content\/uploads\/2025\/06\/EDF1-cutout-70x300.png 70w, https:\/\/oceansignal.com\/wp-content\/uploads\/2025\/06\/EDF1-cutout-60x258.png 60w, https:\/\/oceansignal.com\/wp-content\/uploads\/2025\/06\/EDF1-cutout-110x473.png 110w, https:\/\/oceansignal.com\/wp-content\/uploads\/2025\/06\/EDF1-cutout.png 180w\" sizes=\"auto, (max-width: 70px) 100vw, 70px\" \/><\/p>\n<p data-start=\"1478\" data-end=\"1641\">Une fus\u00e9e de d\u00e9tresse LED r\u00e9utilisable et aliment\u00e9e par batterie qui remplace les dispositifs pyrotechniques par une alternative plus s\u00fbre et plus durable, id\u00e9ale pour la visibilit\u00e9 nocturne sur terre ou en mer.<\/p>\n<ul data-start=\"1643\" data-end=\"1796\">\n<li data-start=\"1643\" data-end=\"1685\">\n<p data-start=\"1645\" data-end=\"1685\">Visibilit\u00e9 \u00e0 360\u00b0 la nuit jusqu&rsquo;\u00e0 11 km<\/p>\n<\/li>\n<li data-start=\"1686\" data-end=\"1727\">\n<p data-start=\"1688\" data-end=\"1727\">Fonction flash SOS \u00e9mise dans l&amp;#39;un des quatre modes optionnels (\u00c9conomie, Lumineux, Ultra et Faisceau).<\/p>\n<\/li>\n<li data-start=\"1728\" data-end=\"1765\">\n<p data-start=\"1730\" data-end=\"1765\">Imperm\u00e9able, flottant et robuste<\/p>\n<\/li>\n<li data-start=\"1766\" data-end=\"1796\">\n<p data-start=\"1768\" data-end=\"1796\">Aucun risque d&rsquo;incendie ni date de p\u00e9remption<\/p>\n<\/li>\n<\/ul>\n<hr data-start=\"1933\" data-end=\"1936\">\n<h4 data-start=\"1938\" data-end=\"1980\"><strong data-start=\"1943\" data-end=\"1978\">1 \u00d7 Miroir de signalisation et sifflet ACR<\/strong><\/h4>\n<p data-start=\"1981\" data-end=\"2003\">Un outil de secours indispensable lorsque les autres solutions \u00e9chouent \u2013 \u200b\u200bid\u00e9al pour attirer l&rsquo;attention finale des h\u00e9licopt\u00e8res, des canots de sauvetage ou des \u00e9quipes de recherche et de sauvetage au sol.<br \/>\n Prix \u200b\u200bde vente conseill\u00e9 : 10,99 \u00a3<br \/>\n<img loading=\"lazy\" decoding=\"async\" class=\"alignnone size-medium wp-image-31407\" src=\"https:\/\/oceansignal.com\/wp-content\/uploads\/2025\/06\/Grab_Bag_EPIRB1_Kit-e1752085331562-300x131.png\" alt=\"\" width=\"300\" height=\"131\" srcset=\"https:\/\/oceansignal.com\/wp-content\/uploads\/2025\/06\/Grab_Bag_EPIRB1_Kit-e1752085331562-300x131.png 300w, https:\/\/oceansignal.com\/wp-content\/uploads\/2025\/06\/Grab_Bag_EPIRB1_Kit-e1752085331562-60x26.png 60w, https:\/\/oceansignal.com\/wp-content\/uploads\/2025\/06\/Grab_Bag_EPIRB1_Kit-e1752085331562-110x48.png 110w, https:\/\/oceansignal.com\/wp-content\/uploads\/2025\/06\/Grab_Bag_EPIRB1_Kit-e1752085331562.png 344w\" sizes=\"auto, (max-width: 300px) 100vw, 300px\" \/><br \/>\n Des outils simples et l\u00e9gers qui permettent d&rsquo;attirer visuellement et auditivement les secours lorsqu&rsquo;ils sont \u00e0 port\u00e9e.<\/p>\n<ul>\n<li><strong>Miroir compact hautement r\u00e9fl\u00e9chissant pour les signaux visuels de jour &#8211; Con\u00e7u pour r\u00e9fl\u00e9chir la lumi\u00e8re du soleil sur de grandes distances, id\u00e9al pour attirer l&rsquo;attention des navires ou des avions qui passent<\/strong><\/li>\n<li><strong>Sifflet puissant et sans bille pour attirer l&rsquo;attention \u00e0 courte distance<\/strong><\/li>\n<li><strong>Sans piles, sans entretien<\/strong><\/li>\n<\/ul>\n<hr data-start=\"1933\" data-end=\"1936\">\n<p><strong data-start=\"2380\" data-end=\"2420\">1 \u00d7 Sac de transport \u00e9tanche Ocean Signal<\/strong><\/p>\n<p data-start=\"2423\" data-end=\"2445\">Permet de prot\u00e9ger votre kit de secours, de le rendre visible et pr\u00eat \u00e0 \u00eatre d\u00e9ploy\u00e9 rapidement en cas d&rsquo;urgence.<br \/>\n Prix \u200b\u200bde vente conseill\u00e9 : 99,99 \u00a3<br \/>\n<img loading=\"lazy\" decoding=\"async\" class=\"alignnone size-medium wp-image-31488\" src=\"https:\/\/oceansignal.com\/wp-content\/uploads\/2025\/06\/Grab_Bag-1-241x300.webp\" alt=\"\" width=\"241\" height=\"300\" srcset=\"https:\/\/oceansignal.com\/wp-content\/uploads\/2025\/06\/Grab_Bag-1-241x300.webp 241w, https:\/\/oceansignal.com\/wp-content\/uploads\/2025\/06\/Grab_Bag-1-60x75.webp 60w, https:\/\/oceansignal.com\/wp-content\/uploads\/2025\/06\/Grab_Bag-1-110x137.webp 110w, https:\/\/oceansignal.com\/wp-content\/uploads\/2025\/06\/Grab_Bag-1.webp 489w\" sizes=\"auto, (max-width: 241px) 100vw, 241px\" \/><\/p>\n<p data-start=\"2447\" data-end=\"2517\">Sac de rangement color\u00e9 et flottant pour ranger tous les articles de s\u00e9curit\u00e9 essentiels au m\u00eame endroit.<\/p>\n<ul data-start=\"2519\" data-end=\"2641\">\n<li data-start=\"2519\" data-end=\"2570\">\n<p data-start=\"2521\" data-end=\"2570\"><strong>Facile \u00e0 ranger dans un coffre ou un sac de cockpit<\/strong><\/p>\n<\/li>\n<li data-start=\"2571\" data-end=\"2616\">\n<p data-start=\"2573\" data-end=\"2616\"><strong>Flottable<\/strong><\/p>\n<\/li>\n<li data-start=\"2617\" data-end=\"2641\">\n<p data-start=\"2619\" data-end=\"2641\"><strong>Conception \u00e0 haute visibilit\u00e9<\/strong><\/p>\n<\/li>\n<\/ul>\n","protected":false},"excerpt":{"rendered":"<p>Le kit de s\u00e9curit\u00e9 PLB1 est un ensemble d&rsquo;urgence fiable et \u00e9conomique, id\u00e9al pour les navigateurs et les pilotes ind\u00e9pendants qui privil\u00e9gient un \u00e9quipement de s\u00e9curit\u00e9 l\u00e9ger et autonome. Que vous effectuiez un court vol c\u00f4tier ou un vol transcontinental au-dessus de r\u00e9gions isol\u00e9es, ce kit vous assure d&rsquo;\u00eatre pr\u00eat en cas d&rsquo;impr\u00e9vu. <\/p>\n<p>Valeur totale du kit au prix de vente conseill\u00e9&nbsp;: 595,99&nbsp;\u00a3 \u00c9conomisez 115,97&nbsp;\u00a3 avec ce kit&nbsp;!<\/p>\n","protected":false},"featured_media":31592,"template":"","meta":{"_acf_changed":false,"om_disable_all_campaigns":false},"product_brand":[],"product_cat":[1982,1673,471],"product_tag":[1690,1674],"class_list":{"0":"post-31939","1":"product","2":"type-product","3":"status-publish","4":"has-post-thumbnail","6":"product_cat-compatible-avec-les-gilets-de-sauvetage","7":"product_cat-kits-de-securite","8":"product_cat-rescueme-fr","9":"product_tag-kits-de-securite","10":"product_tag-sac-fourre-tout","12":"first","13":"instock","14":"taxable","15":"shipping-taxable","16":"purchasable","17":"product-type-simple"},"acf":[],"yoast_head":"<!-- This site is optimized with the Yoast SEO Premium plugin v25.2 (Yoast SEO v26.4) - https:\/\/yoast.com\/wordpress\/plugins\/seo\/ -->\n<title>Kit de s\u00e9curit\u00e9 PLB1 - Ocean Signal<\/title>\n<meta name=\"robots\" content=\"index, follow, max-snippet:-1, max-image-preview:large, max-video-preview:-1\" \/>\n<link rel=\"canonical\" href=\"https:\/\/oceansignal.com\/fr\/products\/kit-de-securite-plb1\/\" \/>\n<meta property=\"og:locale\" content=\"fr_FR\" \/>\n<meta property=\"og:type\" content=\"article\" \/>\n<meta property=\"og:title\" content=\"Kit de s\u00e9curit\u00e9 PLB1\" \/>\n<meta property=\"og:description\" content=\"Le kit de s\u00e9curit\u00e9 PLB1 est un ensemble d&#039;urgence fiable et \u00e9conomique, id\u00e9al pour les navigateurs et les pilotes ind\u00e9pendants qui privil\u00e9gient un \u00e9quipement de s\u00e9curit\u00e9 l\u00e9ger et autonome. Que vous effectuiez un court vol c\u00f4tier ou un vol transcontinental au-dessus de r\u00e9gions isol\u00e9es, ce kit vous assure d&#039;\u00eatre pr\u00eat en cas d&#039;impr\u00e9vu.  Valeur totale du kit au prix de vente conseill\u00e9&nbsp;: 595,99&nbsp;\u00a3 \u00c9conomisez 115,97&nbsp;\u00a3 avec ce kit&nbsp;!\" \/>\n<meta property=\"og:url\" content=\"https:\/\/oceansignal.com\/fr\/products\/kit-de-securite-plb1\/\" \/>\n<meta property=\"og:site_name\" content=\"Ocean Signal\" \/>\n<meta property=\"article:modified_time\" content=\"2026-03-18T16:38:29+00:00\" \/>\n<meta property=\"og:image\" content=\"https:\/\/oceansignal.com\/wp-content\/uploads\/2025\/06\/Grab_Bag_PLB1_Kit-1.jpg\" \/>\n\t<meta property=\"og:image:width\" content=\"911\" \/>\n\t<meta property=\"og:image:height\" content=\"805\" \/>\n\t<meta property=\"og:image:type\" content=\"image\/jpeg\" \/>\n<meta name=\"twitter:card\" content=\"summary_large_image\" \/>\n<meta name=\"twitter:label1\" content=\"Dur\u00e9e de lecture estim\u00e9e\" \/>\n\t<meta name=\"twitter:data1\" content=\"3 minutes\" \/>\n<script type=\"application\/ld+json\" class=\"yoast-schema-graph\">{\"@context\":\"https:\/\/schema.org\",\"@graph\":[{\"@type\":\"WebPage\",\"@id\":\"https:\/\/oceansignal.com\/fr\/products\/kit-de-securite-plb1\/\",\"url\":\"https:\/\/oceansignal.com\/fr\/products\/kit-de-securite-plb1\/\",\"name\":\"Kit de s\u00e9curit\u00e9 PLB1 - Ocean Signal\",\"isPartOf\":{\"@id\":\"https:\/\/oceansignal.com\/fr\/#website\"},\"primaryImageOfPage\":{\"@id\":\"https:\/\/oceansignal.com\/fr\/products\/kit-de-securite-plb1\/#primaryimage\"},\"image\":{\"@id\":\"https:\/\/oceansignal.com\/fr\/products\/kit-de-securite-plb1\/#primaryimage\"},\"thumbnailUrl\":\"https:\/\/oceansignal.com\/wp-content\/uploads\/2025\/06\/Grab_Bag_PLB1_Kit-1.jpg\",\"datePublished\":\"2025-06-24T09:31:27+00:00\",\"dateModified\":\"2026-03-18T16:38:29+00:00\",\"breadcrumb\":{\"@id\":\"https:\/\/oceansignal.com\/fr\/products\/kit-de-securite-plb1\/#breadcrumb\"},\"inLanguage\":\"fr-FR\",\"potentialAction\":[{\"@type\":\"ReadAction\",\"target\":[\"https:\/\/oceansignal.com\/fr\/products\/kit-de-securite-plb1\/\"]}]},{\"@type\":\"ImageObject\",\"inLanguage\":\"fr-FR\",\"@id\":\"https:\/\/oceansignal.com\/fr\/products\/kit-de-securite-plb1\/#primaryimage\",\"url\":\"https:\/\/oceansignal.com\/wp-content\/uploads\/2025\/06\/Grab_Bag_PLB1_Kit-1.jpg\",\"contentUrl\":\"https:\/\/oceansignal.com\/wp-content\/uploads\/2025\/06\/Grab_Bag_PLB1_Kit-1.jpg\",\"width\":911,\"height\":805},{\"@type\":\"BreadcrumbList\",\"@id\":\"https:\/\/oceansignal.com\/fr\/products\/kit-de-securite-plb1\/#breadcrumb\",\"itemListElement\":[{\"@type\":\"ListItem\",\"position\":1,\"name\":\"Produits\",\"item\":\"https:\/\/oceansignal.com\/fr\/produits\/\"},{\"@type\":\"ListItem\",\"position\":2,\"name\":\"Kit de s\u00e9curit\u00e9 PLB1\"}]},{\"@type\":\"WebSite\",\"@id\":\"https:\/\/oceansignal.com\/fr\/#website\",\"url\":\"https:\/\/oceansignal.com\/fr\/\",\"name\":\"Ocean Signal\",\"description\":\"A leading manufacturer of EPIRBs, AIS, SARTs, Personal Locator Beacons, Man Overboard Beacon for the Marine and Outdoor Markets.\",\"potentialAction\":[{\"@type\":\"SearchAction\",\"target\":{\"@type\":\"EntryPoint\",\"urlTemplate\":\"https:\/\/oceansignal.com\/fr\/?s={search_term_string}\"},\"query-input\":{\"@type\":\"PropertyValueSpecification\",\"valueRequired\":true,\"valueName\":\"search_term_string\"}}],\"inLanguage\":\"fr-FR\"}]}<\/script>\n<!-- \/ Yoast SEO Premium plugin. -->","yoast_head_json":{"title":"Kit de s\u00e9curit\u00e9 PLB1 - Ocean Signal","robots":{"index":"index","follow":"follow","max-snippet":"max-snippet:-1","max-image-preview":"max-image-preview:large","max-video-preview":"max-video-preview:-1"},"canonical":"https:\/\/oceansignal.com\/fr\/products\/kit-de-securite-plb1\/","og_locale":"fr_FR","og_type":"article","og_title":"Kit de s\u00e9curit\u00e9 PLB1","og_description":"Le kit de s\u00e9curit\u00e9 PLB1 est un ensemble d'urgence fiable et \u00e9conomique, id\u00e9al pour les navigateurs et les pilotes ind\u00e9pendants qui privil\u00e9gient un \u00e9quipement de s\u00e9curit\u00e9 l\u00e9ger et autonome. Que vous effectuiez un court vol c\u00f4tier ou un vol transcontinental au-dessus de r\u00e9gions isol\u00e9es, ce kit vous assure d'\u00eatre pr\u00eat en cas d'impr\u00e9vu.  Valeur totale du kit au prix de vente conseill\u00e9&nbsp;: 595,99&nbsp;\u00a3 \u00c9conomisez 115,97&nbsp;\u00a3 avec ce kit&nbsp;!","og_url":"https:\/\/oceansignal.com\/fr\/products\/kit-de-securite-plb1\/","og_site_name":"Ocean Signal","article_modified_time":"2026-03-18T16:38:29+00:00","og_image":[{"width":911,"height":805,"url":"https:\/\/oceansignal.com\/wp-content\/uploads\/2025\/06\/Grab_Bag_PLB1_Kit-1.jpg","type":"image\/jpeg"}],"twitter_card":"summary_large_image","twitter_misc":{"Dur\u00e9e de lecture estim\u00e9e":"3 minutes"},"schema":{"@context":"https:\/\/schema.org","@graph":[{"@type":"WebPage","@id":"https:\/\/oceansignal.com\/fr\/products\/kit-de-securite-plb1\/","url":"https:\/\/oceansignal.com\/fr\/products\/kit-de-securite-plb1\/","name":"Kit de s\u00e9curit\u00e9 PLB1 - Ocean Signal","isPartOf":{"@id":"https:\/\/oceansignal.com\/fr\/#website"},"primaryImageOfPage":{"@id":"https:\/\/oceansignal.com\/fr\/products\/kit-de-securite-plb1\/#primaryimage"},"image":{"@id":"https:\/\/oceansignal.com\/fr\/products\/kit-de-securite-plb1\/#primaryimage"},"thumbnailUrl":"https:\/\/oceansignal.com\/wp-content\/uploads\/2025\/06\/Grab_Bag_PLB1_Kit-1.jpg","datePublished":"2025-06-24T09:31:27+00:00","dateModified":"2026-03-18T16:38:29+00:00","breadcrumb":{"@id":"https:\/\/oceansignal.com\/fr\/products\/kit-de-securite-plb1\/#breadcrumb"},"inLanguage":"fr-FR","potentialAction":[{"@type":"ReadAction","target":["https:\/\/oceansignal.com\/fr\/products\/kit-de-securite-plb1\/"]}]},{"@type":"ImageObject","inLanguage":"fr-FR","@id":"https:\/\/oceansignal.com\/fr\/products\/kit-de-securite-plb1\/#primaryimage","url":"https:\/\/oceansignal.com\/wp-content\/uploads\/2025\/06\/Grab_Bag_PLB1_Kit-1.jpg","contentUrl":"https:\/\/oceansignal.com\/wp-content\/uploads\/2025\/06\/Grab_Bag_PLB1_Kit-1.jpg","width":911,"height":805},{"@type":"BreadcrumbList","@id":"https:\/\/oceansignal.com\/fr\/products\/kit-de-securite-plb1\/#breadcrumb","itemListElement":[{"@type":"ListItem","position":1,"name":"Produits","item":"https:\/\/oceansignal.com\/fr\/produits\/"},{"@type":"ListItem","position":2,"name":"Kit de s\u00e9curit\u00e9 PLB1"}]},{"@type":"WebSite","@id":"https:\/\/oceansignal.com\/fr\/#website","url":"https:\/\/oceansignal.com\/fr\/","name":"Ocean Signal","description":"A leading manufacturer of EPIRBs, AIS, SARTs, Personal Locator Beacons, Man Overboard Beacon for the Marine and Outdoor Markets.","potentialAction":[{"@type":"SearchAction","target":{"@type":"EntryPoint","urlTemplate":"https:\/\/oceansignal.com\/fr\/?s={search_term_string}"},"query-input":{"@type":"PropertyValueSpecification","valueRequired":true,"valueName":"search_term_string"}}],"inLanguage":"fr-FR"}]}},"_links":{"self":[{"href":"https:\/\/oceansignal.com\/fr\/wp-json\/wp\/v2\/product\/31939","targetHints":{"allow":["GET"]}}],"collection":[{"href":"https:\/\/oceansignal.com\/fr\/wp-json\/wp\/v2\/product"}],"about":[{"href":"https:\/\/oceansignal.com\/fr\/wp-json\/wp\/v2\/types\/product"}],"wp:featuredmedia":[{"embeddable":true,"href":"https:\/\/oceansignal.com\/fr\/wp-json\/wp\/v2\/media\/31592"}],"wp:attachment":[{"href":"https:\/\/oceansignal.com\/fr\/wp-json\/wp\/v2\/media?parent=31939"}],"wp:term":[{"taxonomy":"product_brand","embeddable":true,"href":"https:\/\/oceansignal.com\/fr\/wp-json\/wp\/v2\/product_brand?post=31939"},{"taxonomy":"product_cat","embeddable":true,"href":"https:\/\/oceansignal.com\/fr\/wp-json\/wp\/v2\/product_cat?post=31939"},{"taxonomy":"product_tag","embeddable":true,"href":"https:\/\/oceansignal.com\/fr\/wp-json\/wp\/v2\/product_tag?post=31939"}],"curies":[{"name":"wp","href":"https:\/\/api.w.org\/{rel}","templated":true}]}}