{"id":31960,"date":"2025-06-17T12:56:37","date_gmt":"2025-06-17T12:56:37","guid":{"rendered":"https:\/\/oceansignal.com\/products\/kit-de-securite-epirb1\/"},"modified":"2025-08-21T14:03:40","modified_gmt":"2025-08-21T14:03:40","slug":"kit-de-securite-epirb1","status":"publish","type":"product","link":"https:\/\/oceansignal.com\/fr\/products\/kit-de-securite-epirb1\/","title":{"rendered":"Kit de s\u00e9curit\u00e9 EPIRB1"},"content":{"rendered":"<h3><img loading=\"lazy\" decoding=\"async\" class=\"alignnone size-full wp-image-32359\" src=\"https:\/\/oceansignal.com\/wp-content\/uploads\/2025\/07\/View-New-Safety-Kits.png\" alt=\"\" width=\"300\" height=\"75\" srcset=\"https:\/\/oceansignal.com\/wp-content\/uploads\/2025\/07\/View-New-Safety-Kits.png 300w, https:\/\/oceansignal.com\/wp-content\/uploads\/2025\/07\/View-New-Safety-Kits-60x15.png 60w, https:\/\/oceansignal.com\/wp-content\/uploads\/2025\/07\/View-New-Safety-Kits-110x28.png 110w\" sizes=\"auto, (max-width: 300px) 100vw, 300px\" \/><\/h3>\n<h3>Pourquoi choisir le kit de s\u00e9curit\u00e9 EPIRB1 ?<\/h3>\n<p>Ce kit a \u00e9t\u00e9 con\u00e7u pour les situations d&rsquo;urgence r\u00e9elles&nbsp;: d\u00e9m\u00e2tage, incendie, naufrage ou abandon soudain. Que vous traversiez la Manche ou que vous vous aventuriez plus au large, le <em>kit de s\u00e9curit\u00e9 EPIRB1<\/em> vous offre une longueur d&rsquo;avance en cas de sc\u00e9nario catastrophe et pourrait vous sauver la vie. <\/p>\n<p>Le kit de s\u00e9curit\u00e9 EPIRB1 est un ensemble de s\u00e9curit\u00e9 d&rsquo;urgence compact et facile \u00e0 emporter, con\u00e7u pour les navigateurs solitaires, les p\u00eacheurs passionn\u00e9s et les plaisanciers c\u00f4tiers qui recherchent un \u00e9quipement de qualit\u00e9 professionnelle avec un minimum d&rsquo;installation. Il r\u00e9unit trois outils essentiels dans un seul pack de grande qualit\u00e9, chacun choisi pour augmenter vos chances d&rsquo;un sauvetage rapide et coordonn\u00e9. <\/p>\n<h3><strong>Con\u00e7u pour :<\/strong><\/h3>\n<ul>\n<li>Navigateurs solitaires au large<\/li>\n<li>Les propri\u00e9taires de yachts \u00e0 la recherche d&rsquo;un sac fourre-tout conforme<\/li>\n<li>Croiseurs c\u00f4tiers et capitaines de livraison<\/li>\n<li>P\u00eacheurs r\u00e9cr\u00e9atifs<\/li>\n<li>Nouveaux venus soucieux de la s\u00e9curit\u00e9 \u00e9quipant leur bateau pour la premi\u00e8re fois<\/li>\n<\/ul>\n<h3><strong>Ce qui est inclus et pourquoi c&rsquo;est important<\/strong><\/h3>\n<h4><strong>1 \u00d7 Balise de d\u00e9tresse EPIRB1 Cat II Ocean Signal<\/strong><\/h4>\n<p><img loading=\"lazy\" decoding=\"async\" class=\"alignnone wp-image-31391 size-medium\" src=\"https:\/\/oceansignal.com\/wp-content\/uploads\/2025\/06\/EPIRB-1.2-153x300.png\" alt=\"\" width=\"153\" height=\"300\" srcset=\"https:\/\/oceansignal.com\/wp-content\/uploads\/2025\/06\/EPIRB-1.2-153x300.png 153w, https:\/\/oceansignal.com\/wp-content\/uploads\/2025\/06\/EPIRB-1.2-522x1024.png 522w, https:\/\/oceansignal.com\/wp-content\/uploads\/2025\/06\/EPIRB-1.2-768x1507.png 768w, https:\/\/oceansignal.com\/wp-content\/uploads\/2025\/06\/EPIRB-1.2-783x1536.png 783w, https:\/\/oceansignal.com\/wp-content\/uploads\/2025\/06\/EPIRB-1.2-600x1177.png 600w, https:\/\/oceansignal.com\/wp-content\/uploads\/2025\/06\/EPIRB-1.2-60x118.png 60w, https:\/\/oceansignal.com\/wp-content\/uploads\/2025\/06\/EPIRB-1.2-110x216.png 110w, https:\/\/oceansignal.com\/wp-content\/uploads\/2025\/06\/EPIRB-1.2.png 822w\" sizes=\"auto, (max-width: 153px) 100vw, 153px\" \/><\/p>\n<p>Les EPIRB constituent le moyen le plus efficace de d\u00e9clencher une intervention SAR mondiale en cas d\u2019urgence en mer.<br \/>\n Valeur au d\u00e9tail : 484,99 \u00a3<\/p>\n<p>Au c\u0153ur du kit se trouve une balise de localisation des sinistres (EPIRB) 406 MHz qui, une fois activ\u00e9e, transmet automatiquement votre position aux satellites de recherche et de sauvetage du monde entier. L&rsquo;EPIRB1 utilise le GPS et le r\u00e9seau satellitaire COSPAS-SARSAT pour localiser pr\u00e9cis\u00e9ment votre position partout dans le monde, garantissant ainsi une alerte rapide. <\/p>\n<ul>\n<li><strong>Un GPS de haute pr\u00e9cision<\/strong> garantit que les sauveteurs re\u00e7oivent des mises \u00e0 jour de localisation pr\u00e9cises.<\/li>\n<li><strong>Une autonomie de batterie de plus de 48 heures<\/strong> offre aux \u00e9quipes de recherche une longue fen\u00eatre pour vous trouver.<\/li>\n<li><strong>Le support manuel (Cat II)<\/strong> permet un montage simple \u00e0 bord.<\/li>\n<\/ul>\n<hr>\n<h4><strong>1 \u00d7 Miroir de signalisation et sifflet ACR<\/strong><\/h4>\n<p><img loading=\"lazy\" decoding=\"async\" class=\"alignnone wp-image-31407 size-medium\" src=\"https:\/\/oceansignal.com\/wp-content\/uploads\/2025\/06\/Grab_Bag_EPIRB1_Kit-300x218.png\" alt=\"\" width=\"300\" height=\"218\"><\/p>\n<p>Une fois que les sauveteurs sont \u00e0 proximit\u00e9, il est essentiel de pouvoir signaler votre position exacte visuellement ou de mani\u00e8re sonore, en particulier dans une mer agit\u00e9e ou en cas de faible visibilit\u00e9. <em><br \/>\nValeur au d\u00e9tail : 10,99 \u00a3<\/em><\/p>\n<p>Une combinaison de signalisation visuelle et sonore simple mais puissante qui pourrait faire la diff\u00e9rence entre \u00eatre rep\u00e9r\u00e9 ou n\u00e9glig\u00e9 par un avion ou un navire de sauvetage.<\/p>\n<ul>\n<li><strong>Miroir de signalisation :<\/strong> <strong>con\u00e7u pour r\u00e9fl\u00e9chir la lumi\u00e8re du soleil sur de grandes distances, id\u00e9al pour attirer l&rsquo;attention des navires ou des avions qui passent.<\/strong><\/li>\n<li><strong>Sifflet : D\u00e9livre des signaux sonores aigus qui peuvent couper le bruit du vent et des vagues.<\/strong><\/li>\n<\/ul>\n<hr>\n<h4><strong>1 \u00d7 Sac de transport \u00e9tanche Ocean Signal<\/strong><\/h4>\n<p><img loading=\"lazy\" decoding=\"async\" class=\"alignnone wp-image-31488 size-medium\" src=\"https:\/\/oceansignal.com\/wp-content\/uploads\/2025\/06\/Grab_Bag-1-241x300.webp\" alt=\"\" width=\"241\" height=\"300\" srcset=\"https:\/\/oceansignal.com\/wp-content\/uploads\/2025\/06\/Grab_Bag-1-241x300.webp 241w, https:\/\/oceansignal.com\/wp-content\/uploads\/2025\/06\/Grab_Bag-1-60x75.webp 60w, https:\/\/oceansignal.com\/wp-content\/uploads\/2025\/06\/Grab_Bag-1-110x137.webp 110w, https:\/\/oceansignal.com\/wp-content\/uploads\/2025\/06\/Grab_Bag-1.webp 489w\" sizes=\"auto, (max-width: 241px) 100vw, 241px\" \/><\/p>\n<p>Dans le chaos d&rsquo;une urgence, ce sac fourre-tout vous permet de vous d\u00e9placer rapidement avec tout ce dont vous avez besoin : sec, organis\u00e9 et facile \u00e0 saisir et \u00e0 emporter.<br \/>\n Valeur au d\u00e9tail : 129,99 \u00a3<\/p>\n<p>Un sac \u00e9tanche robuste et de qualit\u00e9 marine, con\u00e7u pour transporter votre EPIRB, votre mat\u00e9riel de signalisation, vos documents et autres \u00e9quipements de s\u00e9curit\u00e9 essentiels. Con\u00e7u pour flotter et rester au sec dans les environnements marins difficiles. <\/p>\n<ul>\n<li><strong>Couleur vive et haute visibilit\u00e9 pour un rep\u00e9rage rapide.<\/strong><\/li>\n<li><strong>La fermeture s\u00e9curis\u00e9e maintient le contenu au sec et prot\u00e9g\u00e9.<\/strong><\/li>\n<li><strong>Poign\u00e9e de transport facile pour une \u00e9vacuation rapide.<\/strong><\/li>\n<\/ul>\n","protected":false},"excerpt":{"rendered":"<p>Le kit de s\u00e9curit\u00e9 EPIRB 1 est un sac pr\u00eat \u00e0 l&#8217;emploi contenant du mat\u00e9riel d&rsquo;urgence essentiel. Con\u00e7u autour de la balise ultra-compacte EPIRB1 Cat\u00e9gorie II d&rsquo;Ocean Signal, ce kit essentiel comprend \u00e9galement un miroir de signalisation et un sifflet, vous assurant ainsi de disposer de l&rsquo;\u00e9quipement de s\u00e9curit\u00e9 le plus essentiel. <\/p>\n<p>Parfait pour les navigateurs solitaires, les croiseurs c\u00f4tiers ou ceux qui \u00e9quipent un premier kit de s\u00e9curit\u00e9.<\/p>\n<p>Valeur totale du kit (prix de vente conseill\u00e9)&nbsp;: 625,97&nbsp;\u00a3. \u00c9conomisez 95,98&nbsp;\u00a3 avec ce kit&nbsp;! <\/p>\n","protected":false},"featured_media":31295,"template":"","meta":{"_acf_changed":false,"om_disable_all_campaigns":false},"product_brand":[],"product_cat":[1673,471],"product_tag":[],"class_list":{"0":"post-31960","1":"product","2":"type-product","3":"status-publish","4":"has-post-thumbnail","6":"product_cat-kits-de-securite","7":"product_cat-rescueme-fr","9":"first","10":"instock","11":"taxable","12":"shipping-taxable","13":"purchasable","14":"product-type-simple"},"acf":[],"yoast_head":"<!-- This site is optimized with the Yoast SEO Premium plugin v25.2 (Yoast SEO v26.4) - https:\/\/yoast.com\/wordpress\/plugins\/seo\/ -->\n<title>Kit de s\u00e9curit\u00e9 EPIRB1 - Ocean Signal<\/title>\n<meta name=\"robots\" content=\"index, follow, max-snippet:-1, max-image-preview:large, max-video-preview:-1\" \/>\n<link rel=\"canonical\" href=\"https:\/\/oceansignal.com\/fr\/products\/kit-de-securite-epirb1\/\" \/>\n<meta property=\"og:locale\" content=\"fr_FR\" \/>\n<meta property=\"og:type\" content=\"article\" \/>\n<meta property=\"og:title\" content=\"Kit de s\u00e9curit\u00e9 EPIRB1\" \/>\n<meta property=\"og:description\" content=\"Le kit de s\u00e9curit\u00e9 EPIRB 1 est un sac pr\u00eat \u00e0 l&#039;emploi contenant du mat\u00e9riel d&#039;urgence essentiel. Con\u00e7u autour de la balise ultra-compacte EPIRB1 Cat\u00e9gorie II d&#039;Ocean Signal, ce kit essentiel comprend \u00e9galement un miroir de signalisation et un sifflet, vous assurant ainsi de disposer de l&#039;\u00e9quipement de s\u00e9curit\u00e9 le plus essentiel.  Parfait pour les navigateurs solitaires, les croiseurs c\u00f4tiers ou ceux qui \u00e9quipent un premier kit de s\u00e9curit\u00e9. Valeur totale du kit (prix de vente conseill\u00e9)&nbsp;: 625,97&nbsp;\u00a3. \u00c9conomisez 95,98&nbsp;\u00a3 avec ce kit&nbsp;!\" \/>\n<meta property=\"og:url\" content=\"https:\/\/oceansignal.com\/fr\/products\/kit-de-securite-epirb1\/\" \/>\n<meta property=\"og:site_name\" content=\"Ocean Signal\" \/>\n<meta property=\"article:modified_time\" content=\"2025-08-21T14:03:40+00:00\" \/>\n<meta property=\"og:image\" content=\"https:\/\/oceansignal.com\/wp-content\/uploads\/2025\/06\/Grab_Bag_EPIRB1_Kit-1.jpg\" \/>\n\t<meta property=\"og:image:width\" content=\"911\" \/>\n\t<meta property=\"og:image:height\" content=\"805\" \/>\n\t<meta property=\"og:image:type\" content=\"image\/jpeg\" \/>\n<meta name=\"twitter:card\" content=\"summary_large_image\" \/>\n<meta name=\"twitter:label1\" content=\"Dur\u00e9e de lecture estim\u00e9e\" \/>\n\t<meta name=\"twitter:data1\" content=\"3 minutes\" \/>\n<script type=\"application\/ld+json\" class=\"yoast-schema-graph\">{\"@context\":\"https:\/\/schema.org\",\"@graph\":[{\"@type\":\"WebPage\",\"@id\":\"https:\/\/oceansignal.com\/fr\/products\/kit-de-securite-epirb1\/\",\"url\":\"https:\/\/oceansignal.com\/fr\/products\/kit-de-securite-epirb1\/\",\"name\":\"Kit de s\u00e9curit\u00e9 EPIRB1 - Ocean Signal\",\"isPartOf\":{\"@id\":\"https:\/\/oceansignal.com\/fr\/#website\"},\"primaryImageOfPage\":{\"@id\":\"https:\/\/oceansignal.com\/fr\/products\/kit-de-securite-epirb1\/#primaryimage\"},\"image\":{\"@id\":\"https:\/\/oceansignal.com\/fr\/products\/kit-de-securite-epirb1\/#primaryimage\"},\"thumbnailUrl\":\"https:\/\/oceansignal.com\/wp-content\/uploads\/2025\/06\/Grab_Bag_EPIRB1_Kit-1.jpg\",\"datePublished\":\"2025-06-17T12:56:37+00:00\",\"dateModified\":\"2025-08-21T14:03:40+00:00\",\"breadcrumb\":{\"@id\":\"https:\/\/oceansignal.com\/fr\/products\/kit-de-securite-epirb1\/#breadcrumb\"},\"inLanguage\":\"fr-FR\",\"potentialAction\":[{\"@type\":\"ReadAction\",\"target\":[\"https:\/\/oceansignal.com\/fr\/products\/kit-de-securite-epirb1\/\"]}]},{\"@type\":\"ImageObject\",\"inLanguage\":\"fr-FR\",\"@id\":\"https:\/\/oceansignal.com\/fr\/products\/kit-de-securite-epirb1\/#primaryimage\",\"url\":\"https:\/\/oceansignal.com\/wp-content\/uploads\/2025\/06\/Grab_Bag_EPIRB1_Kit-1.jpg\",\"contentUrl\":\"https:\/\/oceansignal.com\/wp-content\/uploads\/2025\/06\/Grab_Bag_EPIRB1_Kit-1.jpg\",\"width\":911,\"height\":805},{\"@type\":\"BreadcrumbList\",\"@id\":\"https:\/\/oceansignal.com\/fr\/products\/kit-de-securite-epirb1\/#breadcrumb\",\"itemListElement\":[{\"@type\":\"ListItem\",\"position\":1,\"name\":\"Produits\",\"item\":\"https:\/\/oceansignal.com\/fr\/produits\/\"},{\"@type\":\"ListItem\",\"position\":2,\"name\":\"Kit de s\u00e9curit\u00e9 EPIRB1\"}]},{\"@type\":\"WebSite\",\"@id\":\"https:\/\/oceansignal.com\/fr\/#website\",\"url\":\"https:\/\/oceansignal.com\/fr\/\",\"name\":\"Ocean Signal\",\"description\":\"A leading manufacturer of EPIRBs, AIS, SARTs, Personal Locator Beacons, Man Overboard Beacon for the Marine and Outdoor Markets.\",\"potentialAction\":[{\"@type\":\"SearchAction\",\"target\":{\"@type\":\"EntryPoint\",\"urlTemplate\":\"https:\/\/oceansignal.com\/fr\/?s={search_term_string}\"},\"query-input\":{\"@type\":\"PropertyValueSpecification\",\"valueRequired\":true,\"valueName\":\"search_term_string\"}}],\"inLanguage\":\"fr-FR\"}]}<\/script>\n<!-- \/ Yoast SEO Premium plugin. -->","yoast_head_json":{"title":"Kit de s\u00e9curit\u00e9 EPIRB1 - Ocean Signal","robots":{"index":"index","follow":"follow","max-snippet":"max-snippet:-1","max-image-preview":"max-image-preview:large","max-video-preview":"max-video-preview:-1"},"canonical":"https:\/\/oceansignal.com\/fr\/products\/kit-de-securite-epirb1\/","og_locale":"fr_FR","og_type":"article","og_title":"Kit de s\u00e9curit\u00e9 EPIRB1","og_description":"Le kit de s\u00e9curit\u00e9 EPIRB 1 est un sac pr\u00eat \u00e0 l'emploi contenant du mat\u00e9riel d'urgence essentiel. Con\u00e7u autour de la balise ultra-compacte EPIRB1 Cat\u00e9gorie II d'Ocean Signal, ce kit essentiel comprend \u00e9galement un miroir de signalisation et un sifflet, vous assurant ainsi de disposer de l'\u00e9quipement de s\u00e9curit\u00e9 le plus essentiel.  Parfait pour les navigateurs solitaires, les croiseurs c\u00f4tiers ou ceux qui \u00e9quipent un premier kit de s\u00e9curit\u00e9. Valeur totale du kit (prix de vente conseill\u00e9)&nbsp;: 625,97&nbsp;\u00a3. \u00c9conomisez 95,98&nbsp;\u00a3 avec ce kit&nbsp;!","og_url":"https:\/\/oceansignal.com\/fr\/products\/kit-de-securite-epirb1\/","og_site_name":"Ocean Signal","article_modified_time":"2025-08-21T14:03:40+00:00","og_image":[{"width":911,"height":805,"url":"https:\/\/oceansignal.com\/wp-content\/uploads\/2025\/06\/Grab_Bag_EPIRB1_Kit-1.jpg","type":"image\/jpeg"}],"twitter_card":"summary_large_image","twitter_misc":{"Dur\u00e9e de lecture estim\u00e9e":"3 minutes"},"schema":{"@context":"https:\/\/schema.org","@graph":[{"@type":"WebPage","@id":"https:\/\/oceansignal.com\/fr\/products\/kit-de-securite-epirb1\/","url":"https:\/\/oceansignal.com\/fr\/products\/kit-de-securite-epirb1\/","name":"Kit de s\u00e9curit\u00e9 EPIRB1 - Ocean Signal","isPartOf":{"@id":"https:\/\/oceansignal.com\/fr\/#website"},"primaryImageOfPage":{"@id":"https:\/\/oceansignal.com\/fr\/products\/kit-de-securite-epirb1\/#primaryimage"},"image":{"@id":"https:\/\/oceansignal.com\/fr\/products\/kit-de-securite-epirb1\/#primaryimage"},"thumbnailUrl":"https:\/\/oceansignal.com\/wp-content\/uploads\/2025\/06\/Grab_Bag_EPIRB1_Kit-1.jpg","datePublished":"2025-06-17T12:56:37+00:00","dateModified":"2025-08-21T14:03:40+00:00","breadcrumb":{"@id":"https:\/\/oceansignal.com\/fr\/products\/kit-de-securite-epirb1\/#breadcrumb"},"inLanguage":"fr-FR","potentialAction":[{"@type":"ReadAction","target":["https:\/\/oceansignal.com\/fr\/products\/kit-de-securite-epirb1\/"]}]},{"@type":"ImageObject","inLanguage":"fr-FR","@id":"https:\/\/oceansignal.com\/fr\/products\/kit-de-securite-epirb1\/#primaryimage","url":"https:\/\/oceansignal.com\/wp-content\/uploads\/2025\/06\/Grab_Bag_EPIRB1_Kit-1.jpg","contentUrl":"https:\/\/oceansignal.com\/wp-content\/uploads\/2025\/06\/Grab_Bag_EPIRB1_Kit-1.jpg","width":911,"height":805},{"@type":"BreadcrumbList","@id":"https:\/\/oceansignal.com\/fr\/products\/kit-de-securite-epirb1\/#breadcrumb","itemListElement":[{"@type":"ListItem","position":1,"name":"Produits","item":"https:\/\/oceansignal.com\/fr\/produits\/"},{"@type":"ListItem","position":2,"name":"Kit de s\u00e9curit\u00e9 EPIRB1"}]},{"@type":"WebSite","@id":"https:\/\/oceansignal.com\/fr\/#website","url":"https:\/\/oceansignal.com\/fr\/","name":"Ocean Signal","description":"A leading manufacturer of EPIRBs, AIS, SARTs, Personal Locator Beacons, Man Overboard Beacon for the Marine and Outdoor Markets.","potentialAction":[{"@type":"SearchAction","target":{"@type":"EntryPoint","urlTemplate":"https:\/\/oceansignal.com\/fr\/?s={search_term_string}"},"query-input":{"@type":"PropertyValueSpecification","valueRequired":true,"valueName":"search_term_string"}}],"inLanguage":"fr-FR"}]}},"_links":{"self":[{"href":"https:\/\/oceansignal.com\/fr\/wp-json\/wp\/v2\/product\/31960","targetHints":{"allow":["GET"]}}],"collection":[{"href":"https:\/\/oceansignal.com\/fr\/wp-json\/wp\/v2\/product"}],"about":[{"href":"https:\/\/oceansignal.com\/fr\/wp-json\/wp\/v2\/types\/product"}],"wp:featuredmedia":[{"embeddable":true,"href":"https:\/\/oceansignal.com\/fr\/wp-json\/wp\/v2\/media\/31295"}],"wp:attachment":[{"href":"https:\/\/oceansignal.com\/fr\/wp-json\/wp\/v2\/media?parent=31960"}],"wp:term":[{"taxonomy":"product_brand","embeddable":true,"href":"https:\/\/oceansignal.com\/fr\/wp-json\/wp\/v2\/product_brand?post=31960"},{"taxonomy":"product_cat","embeddable":true,"href":"https:\/\/oceansignal.com\/fr\/wp-json\/wp\/v2\/product_cat?post=31960"},{"taxonomy":"product_tag","embeddable":true,"href":"https:\/\/oceansignal.com\/fr\/wp-json\/wp\/v2\/product_tag?post=31960"}],"curies":[{"name":"wp","href":"https:\/\/api.w.org\/{rel}","templated":true}]}}