{"id":31973,"date":"2025-06-24T09:45:57","date_gmt":"2025-06-24T09:45:57","guid":{"rendered":"https:\/\/oceansignal.com\/products\/kit-de-securite-epirb2\/"},"modified":"2025-07-28T13:20:12","modified_gmt":"2025-07-28T13:20:12","slug":"kit-de-securite-epirb2","status":"publish","type":"product","link":"https:\/\/oceansignal.com\/fr\/products\/kit-de-securite-epirb2\/","title":{"rendered":"Kit de s\u00e9curit\u00e9 EPIRB2"},"content":{"rendered":"<h3 data-start=\"3285\" data-end=\"3337\"><strong data-start=\"3292\" data-end=\"3337\"><img loading=\"lazy\" decoding=\"async\" class=\"alignnone size-full wp-image-32359\" src=\"https:\/\/oceansignal.com\/wp-content\/uploads\/2025\/07\/View-New-Safety-Kits.png\" alt=\"\" width=\"300\" height=\"75\" srcset=\"https:\/\/oceansignal.com\/wp-content\/uploads\/2025\/07\/View-New-Safety-Kits.png 300w, https:\/\/oceansignal.com\/wp-content\/uploads\/2025\/07\/View-New-Safety-Kits-60x15.png 60w, https:\/\/oceansignal.com\/wp-content\/uploads\/2025\/07\/View-New-Safety-Kits-110x28.png 110w\" sizes=\"auto, (max-width: 300px) 100vw, 300px\" \/><\/strong><\/h3>\n<h3 data-start=\"2553\" data-end=\"2604\"><strong data-start=\"2560\" data-end=\"2604\">Pourquoi choisir le kit de s\u00e9curit\u00e9 EPIRB2 ?<\/strong><\/h3>\n<p data-start=\"2606\" data-end=\"2880\">Simple, conforme et fiable, le kit EPIRB2 vous offre une protection de niveau satellite avec une configuration minimale, tout en vous offrant la tranquillit\u00e9 d&rsquo;esprit offerte par la fonction Return Link Service (RLS). L&rsquo;int\u00e9gration du RLS permet aux utilisateurs de confirmer que leur message de d\u00e9tresse a bien \u00e9t\u00e9 envoy\u00e9 et re\u00e7u. Gr\u00e2ce \u00e0 son sac de transport inclus, ce kit est id\u00e9al pour les marins souhaitant respecter des normes de s\u00e9curit\u00e9 strictes sans se ruiner. C&rsquo;est le choix pratique pour les aventures nautiques.<\/p>\n<p data-start=\"2882\" data-end=\"2932\">S\u00e9curit\u00e9 absolue. Sans suppl\u00e9ment. Juste ce qu&rsquo;il vous faut.<\/p>\n<h3 data-start=\"2206\" data-end=\"2227\"><strong data-start=\"2213\" data-end=\"2227\">Id\u00e9al pour :<\/strong><\/h3>\n<ul data-start=\"2228\" data-end=\"2474\">\n<li data-start=\"2228\" data-end=\"2281\">\n<p data-start=\"2230\" data-end=\"2281\">Des marins se pr\u00e9parent pour une travers\u00e9e au large<\/p>\n<\/li>\n<li data-start=\"2282\" data-end=\"2347\">\n<p data-start=\"2284\" data-end=\"2347\">Les croisi\u00e9ristes c\u00f4tiers \u00e0 la recherche de la s\u00e9curit\u00e9 et de la protection associ\u00e9es \u00e0 la pr\u00e9sence d&rsquo;une EPIRB \u00e0 bord<\/p>\n<\/li>\n<li data-start=\"2348\" data-end=\"2418\">\n<p data-start=\"2350\" data-end=\"2418\">Les \u00e9quipages am\u00e9liorent leur \u00e9quipement de s\u00e9curit\u00e9 pour r\u00e9pondre aux exigences de la course ou de l&rsquo;assurance<\/p>\n<\/li>\n<li data-start=\"2419\" data-end=\"2474\">\n<p data-start=\"2421\" data-end=\"2474\">\u00c9tudiants de la RYA et propri\u00e9taires de yachts sans EPIRB int\u00e9gr\u00e9s<\/p>\n<\/li>\n<\/ul>\n<h3 data-start=\"727\" data-end=\"780\"><strong data-start=\"734\" data-end=\"780\">Ce qui est inclus et comment cela prend en charge le sauvetage<\/strong><\/h3>\n<h4 data-start=\"782\" data-end=\"825\"><strong data-start=\"787\" data-end=\"823\">1 \u00d7 Ocean Signal EPIRB2 avec NFC<\/strong><\/h4>\n<p data-start=\"826\" data-end=\"849\">Que vous soyez sur la c\u00f4te ou que vous vous aventuriez en mer, cette EPIRB garantit une port\u00e9e mondiale avec une technologie moderne, le tout dans une unit\u00e9 compacte et facile \u00e0 installer.<br \/>\nValeur au d\u00e9tail : 549,99 \u00a3<\/p>\n<p data-start=\"826\" data-end=\"849\"><img loading=\"lazy\" decoding=\"async\" class=\"alignnone size-medium wp-image-1118\" src=\"https:\/\/oceansignal.com\/wp-content\/uploads\/2023\/09\/EPIRB2-FRONT-72-300x300.png\" alt=\"EPIRB2 Ocean Signal rescueME avec service de liaison de retour - contribuant \u00e0 des op\u00e9rations de sauvetage efficaces\" width=\"300\" height=\"300\" srcset=\"https:\/\/oceansignal.com\/wp-content\/uploads\/2023\/09\/EPIRB2-FRONT-72-300x300.png 300w, https:\/\/oceansignal.com\/wp-content\/uploads\/2023\/09\/EPIRB2-FRONT-72-150x150.png 150w, https:\/\/oceansignal.com\/wp-content\/uploads\/2023\/09\/EPIRB2-FRONT-72-100x100.png 100w, https:\/\/oceansignal.com\/wp-content\/uploads\/2023\/09\/EPIRB2-FRONT-72.png 411w\" sizes=\"auto, (max-width: 300px) 100vw, 300px\" \/><\/p>\n<p data-start=\"851\" data-end=\"1068\">Une puissante balise de d\u00e9tresse de cat\u00e9gorie II 406 MHz qui vous connecte au r\u00e9seau mondial de satellites Cospas-Sarsat en quelques minutes. Elle inclut le service de liaison retour (RLS) et la connectivit\u00e9 smartphone via NFC.<\/p>\n<ul data-start=\"1070\" data-end=\"1259\">\n<li data-start=\"1070\" data-end=\"1096\">\n<p data-start=\"1072\" data-end=\"1096\">Alerte SAR mondiale<\/p>\n<\/li>\n<li data-start=\"1131\" data-end=\"1181\">\n<p data-start=\"1133\" data-end=\"1181\">RLS confirme que votre signal de d\u00e9tresse a \u00e9t\u00e9 re\u00e7u<\/p>\n<\/li>\n<li data-start=\"1182\" data-end=\"1222\">\n<p data-start=\"1184\" data-end=\"1222\">Application pour smartphone pour les tests et la configuration<\/p>\n<\/li>\n<li data-start=\"1223\" data-end=\"1259\">\n<p data-start=\"1225\" data-end=\"1259\">Support manuel (Cat II) inclus<\/p>\n<\/li>\n<\/ul>\n<hr data-start=\"1423\" data-end=\"1426\" \/>\n<h4 data-start=\"1428\" data-end=\"1470\"><strong data-start=\"1433\" data-end=\"1468\">1 \u00d7 Miroir de signalisation et sifflet ACR<\/strong><\/h4>\n<p data-start=\"1471\" data-end=\"1493\">Des outils essentiels pour faciliter l\u2019identification de l\u2019emplacement final une fois les secours arriv\u00e9s sur les lieux.<br \/>\nValeur au d\u00e9tail : 10,99 \u00a3<\/p>\n<p data-start=\"1471\" data-end=\"1493\"><img loading=\"lazy\" decoding=\"async\" class=\"alignnone wp-image-31407 size-medium\" src=\"https:\/\/oceansignal.com\/wp-content\/uploads\/2025\/06\/Grab_Bag_EPIRB1_Kit-e1752085331562-300x131.png\" alt=\"\" width=\"300\" height=\"131\" srcset=\"https:\/\/oceansignal.com\/wp-content\/uploads\/2025\/06\/Grab_Bag_EPIRB1_Kit-e1752085331562-300x131.png 300w, https:\/\/oceansignal.com\/wp-content\/uploads\/2025\/06\/Grab_Bag_EPIRB1_Kit-e1752085331562-60x26.png 60w, https:\/\/oceansignal.com\/wp-content\/uploads\/2025\/06\/Grab_Bag_EPIRB1_Kit-e1752085331562-110x48.png 110w, https:\/\/oceansignal.com\/wp-content\/uploads\/2025\/06\/Grab_Bag_EPIRB1_Kit-e1752085331562.png 344w\" sizes=\"auto, (max-width: 300px) 100vw, 300px\" \/><\/p>\n<p data-start=\"1495\" data-end=\"1589\">Outils de signalisation visuelle et sonore simples mais efficaces, parfaits pour le soutien au sauvetage \u00e0 courte port\u00e9e.<\/p>\n<ul data-start=\"1591\" data-end=\"1704\">\n<li data-start=\"1591\" data-end=\"1650\">\n<p data-start=\"1593\" data-end=\"1650\">Miroir compact hautement r\u00e9fl\u00e9chissant pour signal visuel de jour &#8211; Con\u00e7u pour r\u00e9fl\u00e9chir la lumi\u00e8re du soleil sur de longues distances, id\u00e9al pour attirer l&rsquo;attention des navires ou des avions qui passent<\/p>\n<\/li>\n<li data-start=\"1651\" data-end=\"1704\">\n<p data-start=\"1653\" data-end=\"1704\">Sifflet puissant sans bille pour une alerte sonore \u00e0 courte port\u00e9e<\/p>\n<\/li>\n<\/ul>\n<hr data-start=\"1810\" data-end=\"1813\" \/>\n<h4 data-start=\"1815\" data-end=\"1862\"><strong data-start=\"1820\" data-end=\"1860\">1 \u00d7 Sac de transport \u00e9tanche Ocean Signal<\/strong><\/h4>\n<p data-start=\"1863\" data-end=\"1886\"><em data-start=\"1863\" data-end=\"1886\">Les urgences \u00e9voluent rapidement : ce sac vous permet d&rsquo;y faire face aussi.<br \/>\nValeur au d\u00e9tail : 129,99 \u00a3<\/em><\/p>\n<p data-start=\"1863\" data-end=\"1886\"><img loading=\"lazy\" decoding=\"async\" class=\"alignnone wp-image-31455 \" src=\"https:\/\/oceansignal.com\/wp-content\/uploads\/2025\/06\/Grab_Bag-300x200.webp\" alt=\"\" width=\"387\" height=\"258\" srcset=\"https:\/\/oceansignal.com\/wp-content\/uploads\/2025\/06\/Grab_Bag-300x200.webp 300w, https:\/\/oceansignal.com\/wp-content\/uploads\/2025\/06\/Grab_Bag-1024x683.webp 1024w, https:\/\/oceansignal.com\/wp-content\/uploads\/2025\/06\/Grab_Bag-768x512.webp 768w, https:\/\/oceansignal.com\/wp-content\/uploads\/2025\/06\/Grab_Bag-600x400.webp 600w, https:\/\/oceansignal.com\/wp-content\/uploads\/2025\/06\/Grab_Bag-60x40.webp 60w, https:\/\/oceansignal.com\/wp-content\/uploads\/2025\/06\/Grab_Bag-110x73.webp 110w, https:\/\/oceansignal.com\/wp-content\/uploads\/2025\/06\/Grab_Bag.webp 1234w\" sizes=\"auto, (max-width: 387px) 100vw, 387px\" \/><\/p>\n<p data-start=\"1888\" data-end=\"2000\">Un sac \u00e9tanche et robuste qui garde votre \u00e9quipement d&rsquo;urgence ensemble, au sec et accessible lorsque vous en avez le plus besoin.<\/p>\n<ul data-start=\"2002\" data-end=\"2122\">\n<li data-start=\"2002\" data-end=\"2039\">\n<p data-start=\"2004\" data-end=\"2039\">Conception flottante et haute visibilit\u00e9<\/p>\n<\/li>\n<li data-start=\"2040\" data-end=\"2075\">\n<p data-start=\"2042\" data-end=\"2075\">Durable pour les conditions offshore<\/p>\n<\/li>\n<li data-start=\"2076\" data-end=\"2122\">\n<p data-start=\"2078\" data-end=\"2122\">Espace pour EPIRB, fus\u00e9es \u00e9clairantes \u00e9lectroniques, documents et plus encore<\/p>\n<\/li>\n<\/ul>\n","protected":false},"excerpt":{"rendered":"<p><strong data-start=\"336\" data-end=\"374\">Une entr\u00e9e solide dans la s\u00e9curit\u00e9 s\u00e9rieuse.<br \/>\n<\/strong><br data-start=\"374\" data-end=\"377\" \/>Le <strong data-start=\"381\" data-end=\"395\">kit EPIRB2<\/strong> est un ensemble pratique et compact pour les marins \u00e0 la recherche d&rsquo;un syst\u00e8me d&rsquo;urgence simple et conforme \u00e0 la r\u00e9glementation, bas\u00e9 sur la derni\u00e8re EPIRB d&rsquo;Ocean Signal avec connectivit\u00e9 NFC. Que vous vous pr\u00e9pariez pour votre premi\u00e8re travers\u00e9e en haute mer ou que vous modernisiez un syst\u00e8me obsol\u00e8te, ce kit couvre l&rsquo;essentiel, sans complications.<\/p>\n<p>Valeur totale du kit (prix de vente conseill\u00e9)\u00a0: 910,97\u00a0\u20ac. \u00c9conomisez 230,98\u00a0\u20ac avec ce kit\u00a0!<\/p>\n<div class=\"x_elementToProof\">Avis aux clients en France :<\/div>\n<div class=\"x_elementToProof\">Les\u00a0EPIRB2\u00a0et\u00a0EPIRB2 Pro\u00a0ne sont pas homologu\u00e9es pour l\u2019armement obligatoire en France. Pour r\u00e9pondre aux exigences r\u00e9glementaires, veuillez choisir une\u00a0EPIRB avec AIS, comme l\u2019<a href=\"https:\/\/oceansignal.com\/fr\/products\/kit-de-securite-epirb3\/\">EPIRB3<\/a>\u00a0ou l\u2019<a href=\"https:\/\/oceansignal.com\/fr\/products\/kit-de-securite-epirb3-ais-plus\/\">EPIRB3 Pro<\/a>.<\/div>\n<div class=\"x_elementToProof\"><\/div>\n","protected":false},"featured_media":31376,"template":"","meta":{"_acf_changed":false,"om_disable_all_campaigns":false},"product_brand":[],"product_cat":[1673,471],"product_tag":[1690,1674],"class_list":{"0":"post-31973","1":"product","2":"type-product","3":"status-publish","4":"has-post-thumbnail","6":"product_cat-kits-de-securite","7":"product_cat-rescueme-fr","8":"product_tag-kits-de-securite","9":"product_tag-sac-fourre-tout","11":"first","12":"instock","13":"taxable","14":"shipping-taxable","15":"purchasable","16":"product-type-simple"},"acf":[],"yoast_head":"<!-- This site is optimized with the Yoast SEO Premium plugin v25.2 (Yoast SEO v26.4) - https:\/\/yoast.com\/wordpress\/plugins\/seo\/ -->\n<title>Kit de s\u00e9curit\u00e9 EPIRB2 - Ocean Signal<\/title>\n<meta name=\"robots\" content=\"index, follow, max-snippet:-1, max-image-preview:large, max-video-preview:-1\" \/>\n<link rel=\"canonical\" href=\"https:\/\/oceansignal.com\/fr\/products\/kit-de-securite-epirb2\/\" \/>\n<meta property=\"og:locale\" content=\"fr_FR\" \/>\n<meta property=\"og:type\" content=\"article\" \/>\n<meta property=\"og:title\" content=\"Kit de s\u00e9curit\u00e9 EPIRB2\" \/>\n<meta property=\"og:description\" content=\"Une entr\u00e9e solide dans la s\u00e9curit\u00e9 s\u00e9rieuse. Le kit EPIRB2 est un ensemble pratique et compact pour les marins \u00e0 la recherche d&#039;un syst\u00e8me d&#039;urgence simple et conforme \u00e0 la r\u00e9glementation, bas\u00e9 sur la derni\u00e8re EPIRB d&#039;Ocean Signal avec connectivit\u00e9 NFC. Que vous vous pr\u00e9pariez pour votre premi\u00e8re travers\u00e9e en haute mer ou que vous modernisiez un syst\u00e8me obsol\u00e8te, ce kit couvre l&#039;essentiel, sans complications.  Valeur totale du kit (prix de vente conseill\u00e9)\u00a0: 910,97\u00a0\u20ac. \u00c9conomisez 230,98\u00a0\u20ac avec ce kit\u00a0! Avis aux clients en France : Les\u00a0EPIRB2\u00a0et\u00a0EPIRB2 Pro\u00a0ne sont pas homologu\u00e9es pour l\u2019armement obligatoire en France. Pour r\u00e9pondre aux exigences r\u00e9glementaires, veuillez choisir une\u00a0EPIRB avec AIS, comme l\u2019EPIRB3\u00a0ou l\u2019EPIRB3 Pro.\" \/>\n<meta property=\"og:url\" content=\"https:\/\/oceansignal.com\/fr\/products\/kit-de-securite-epirb2\/\" \/>\n<meta property=\"og:site_name\" content=\"Ocean Signal\" \/>\n<meta property=\"article:modified_time\" content=\"2025-07-28T13:20:12+00:00\" \/>\n<meta property=\"og:image\" content=\"https:\/\/oceansignal.com\/wp-content\/uploads\/2025\/06\/Grab_Bag_EPIRB2_Kit-1.jpg\" \/>\n\t<meta property=\"og:image:width\" content=\"911\" \/>\n\t<meta property=\"og:image:height\" content=\"805\" \/>\n\t<meta property=\"og:image:type\" content=\"image\/jpeg\" \/>\n<meta name=\"twitter:card\" content=\"summary_large_image\" \/>\n<meta name=\"twitter:label1\" content=\"Dur\u00e9e de lecture estim\u00e9e\" \/>\n\t<meta name=\"twitter:data1\" content=\"3 minutes\" \/>\n<script type=\"application\/ld+json\" class=\"yoast-schema-graph\">{\"@context\":\"https:\/\/schema.org\",\"@graph\":[{\"@type\":\"WebPage\",\"@id\":\"https:\/\/oceansignal.com\/fr\/products\/kit-de-securite-epirb2\/\",\"url\":\"https:\/\/oceansignal.com\/fr\/products\/kit-de-securite-epirb2\/\",\"name\":\"Kit de s\u00e9curit\u00e9 EPIRB2 - Ocean Signal\",\"isPartOf\":{\"@id\":\"https:\/\/oceansignal.com\/fr\/#website\"},\"primaryImageOfPage\":{\"@id\":\"https:\/\/oceansignal.com\/fr\/products\/kit-de-securite-epirb2\/#primaryimage\"},\"image\":{\"@id\":\"https:\/\/oceansignal.com\/fr\/products\/kit-de-securite-epirb2\/#primaryimage\"},\"thumbnailUrl\":\"https:\/\/oceansignal.com\/wp-content\/uploads\/2025\/06\/Grab_Bag_EPIRB2_Kit-1.jpg\",\"datePublished\":\"2025-06-24T09:45:57+00:00\",\"dateModified\":\"2025-07-28T13:20:12+00:00\",\"breadcrumb\":{\"@id\":\"https:\/\/oceansignal.com\/fr\/products\/kit-de-securite-epirb2\/#breadcrumb\"},\"inLanguage\":\"fr-FR\",\"potentialAction\":[{\"@type\":\"ReadAction\",\"target\":[\"https:\/\/oceansignal.com\/fr\/products\/kit-de-securite-epirb2\/\"]}]},{\"@type\":\"ImageObject\",\"inLanguage\":\"fr-FR\",\"@id\":\"https:\/\/oceansignal.com\/fr\/products\/kit-de-securite-epirb2\/#primaryimage\",\"url\":\"https:\/\/oceansignal.com\/wp-content\/uploads\/2025\/06\/Grab_Bag_EPIRB2_Kit-1.jpg\",\"contentUrl\":\"https:\/\/oceansignal.com\/wp-content\/uploads\/2025\/06\/Grab_Bag_EPIRB2_Kit-1.jpg\",\"width\":911,\"height\":805},{\"@type\":\"BreadcrumbList\",\"@id\":\"https:\/\/oceansignal.com\/fr\/products\/kit-de-securite-epirb2\/#breadcrumb\",\"itemListElement\":[{\"@type\":\"ListItem\",\"position\":1,\"name\":\"Produits\",\"item\":\"https:\/\/oceansignal.com\/fr\/produits\/\"},{\"@type\":\"ListItem\",\"position\":2,\"name\":\"Kit de s\u00e9curit\u00e9 EPIRB2\"}]},{\"@type\":\"WebSite\",\"@id\":\"https:\/\/oceansignal.com\/fr\/#website\",\"url\":\"https:\/\/oceansignal.com\/fr\/\",\"name\":\"Ocean Signal\",\"description\":\"A leading manufacturer of EPIRBs, AIS, SARTs, Personal Locator Beacons, Man Overboard Beacon for the Marine and Outdoor Markets.\",\"potentialAction\":[{\"@type\":\"SearchAction\",\"target\":{\"@type\":\"EntryPoint\",\"urlTemplate\":\"https:\/\/oceansignal.com\/fr\/?s={search_term_string}\"},\"query-input\":{\"@type\":\"PropertyValueSpecification\",\"valueRequired\":true,\"valueName\":\"search_term_string\"}}],\"inLanguage\":\"fr-FR\"}]}<\/script>\n<!-- \/ Yoast SEO Premium plugin. -->","yoast_head_json":{"title":"Kit de s\u00e9curit\u00e9 EPIRB2 - Ocean Signal","robots":{"index":"index","follow":"follow","max-snippet":"max-snippet:-1","max-image-preview":"max-image-preview:large","max-video-preview":"max-video-preview:-1"},"canonical":"https:\/\/oceansignal.com\/fr\/products\/kit-de-securite-epirb2\/","og_locale":"fr_FR","og_type":"article","og_title":"Kit de s\u00e9curit\u00e9 EPIRB2","og_description":"Une entr\u00e9e solide dans la s\u00e9curit\u00e9 s\u00e9rieuse. Le kit EPIRB2 est un ensemble pratique et compact pour les marins \u00e0 la recherche d'un syst\u00e8me d'urgence simple et conforme \u00e0 la r\u00e9glementation, bas\u00e9 sur la derni\u00e8re EPIRB d'Ocean Signal avec connectivit\u00e9 NFC. Que vous vous pr\u00e9pariez pour votre premi\u00e8re travers\u00e9e en haute mer ou que vous modernisiez un syst\u00e8me obsol\u00e8te, ce kit couvre l'essentiel, sans complications.  Valeur totale du kit (prix de vente conseill\u00e9)\u00a0: 910,97\u00a0\u20ac. \u00c9conomisez 230,98\u00a0\u20ac avec ce kit\u00a0! Avis aux clients en France : Les\u00a0EPIRB2\u00a0et\u00a0EPIRB2 Pro\u00a0ne sont pas homologu\u00e9es pour l\u2019armement obligatoire en France. Pour r\u00e9pondre aux exigences r\u00e9glementaires, veuillez choisir une\u00a0EPIRB avec AIS, comme l\u2019EPIRB3\u00a0ou l\u2019EPIRB3 Pro.","og_url":"https:\/\/oceansignal.com\/fr\/products\/kit-de-securite-epirb2\/","og_site_name":"Ocean Signal","article_modified_time":"2025-07-28T13:20:12+00:00","og_image":[{"width":911,"height":805,"url":"https:\/\/oceansignal.com\/wp-content\/uploads\/2025\/06\/Grab_Bag_EPIRB2_Kit-1.jpg","type":"image\/jpeg"}],"twitter_card":"summary_large_image","twitter_misc":{"Dur\u00e9e de lecture estim\u00e9e":"3 minutes"},"schema":{"@context":"https:\/\/schema.org","@graph":[{"@type":"WebPage","@id":"https:\/\/oceansignal.com\/fr\/products\/kit-de-securite-epirb2\/","url":"https:\/\/oceansignal.com\/fr\/products\/kit-de-securite-epirb2\/","name":"Kit de s\u00e9curit\u00e9 EPIRB2 - Ocean Signal","isPartOf":{"@id":"https:\/\/oceansignal.com\/fr\/#website"},"primaryImageOfPage":{"@id":"https:\/\/oceansignal.com\/fr\/products\/kit-de-securite-epirb2\/#primaryimage"},"image":{"@id":"https:\/\/oceansignal.com\/fr\/products\/kit-de-securite-epirb2\/#primaryimage"},"thumbnailUrl":"https:\/\/oceansignal.com\/wp-content\/uploads\/2025\/06\/Grab_Bag_EPIRB2_Kit-1.jpg","datePublished":"2025-06-24T09:45:57+00:00","dateModified":"2025-07-28T13:20:12+00:00","breadcrumb":{"@id":"https:\/\/oceansignal.com\/fr\/products\/kit-de-securite-epirb2\/#breadcrumb"},"inLanguage":"fr-FR","potentialAction":[{"@type":"ReadAction","target":["https:\/\/oceansignal.com\/fr\/products\/kit-de-securite-epirb2\/"]}]},{"@type":"ImageObject","inLanguage":"fr-FR","@id":"https:\/\/oceansignal.com\/fr\/products\/kit-de-securite-epirb2\/#primaryimage","url":"https:\/\/oceansignal.com\/wp-content\/uploads\/2025\/06\/Grab_Bag_EPIRB2_Kit-1.jpg","contentUrl":"https:\/\/oceansignal.com\/wp-content\/uploads\/2025\/06\/Grab_Bag_EPIRB2_Kit-1.jpg","width":911,"height":805},{"@type":"BreadcrumbList","@id":"https:\/\/oceansignal.com\/fr\/products\/kit-de-securite-epirb2\/#breadcrumb","itemListElement":[{"@type":"ListItem","position":1,"name":"Produits","item":"https:\/\/oceansignal.com\/fr\/produits\/"},{"@type":"ListItem","position":2,"name":"Kit de s\u00e9curit\u00e9 EPIRB2"}]},{"@type":"WebSite","@id":"https:\/\/oceansignal.com\/fr\/#website","url":"https:\/\/oceansignal.com\/fr\/","name":"Ocean Signal","description":"A leading manufacturer of EPIRBs, AIS, SARTs, Personal Locator Beacons, Man Overboard Beacon for the Marine and Outdoor Markets.","potentialAction":[{"@type":"SearchAction","target":{"@type":"EntryPoint","urlTemplate":"https:\/\/oceansignal.com\/fr\/?s={search_term_string}"},"query-input":{"@type":"PropertyValueSpecification","valueRequired":true,"valueName":"search_term_string"}}],"inLanguage":"fr-FR"}]}},"_links":{"self":[{"href":"https:\/\/oceansignal.com\/fr\/wp-json\/wp\/v2\/product\/31973","targetHints":{"allow":["GET"]}}],"collection":[{"href":"https:\/\/oceansignal.com\/fr\/wp-json\/wp\/v2\/product"}],"about":[{"href":"https:\/\/oceansignal.com\/fr\/wp-json\/wp\/v2\/types\/product"}],"wp:featuredmedia":[{"embeddable":true,"href":"https:\/\/oceansignal.com\/fr\/wp-json\/wp\/v2\/media\/31376"}],"wp:attachment":[{"href":"https:\/\/oceansignal.com\/fr\/wp-json\/wp\/v2\/media?parent=31973"}],"wp:term":[{"taxonomy":"product_brand","embeddable":true,"href":"https:\/\/oceansignal.com\/fr\/wp-json\/wp\/v2\/product_brand?post=31973"},{"taxonomy":"product_cat","embeddable":true,"href":"https:\/\/oceansignal.com\/fr\/wp-json\/wp\/v2\/product_cat?post=31973"},{"taxonomy":"product_tag","embeddable":true,"href":"https:\/\/oceansignal.com\/fr\/wp-json\/wp\/v2\/product_tag?post=31973"}],"curies":[{"name":"wp","href":"https:\/\/api.w.org\/{rel}","templated":true}]}}