{"id":34713,"date":"2025-09-18T12:42:18","date_gmt":"2025-09-18T12:42:18","guid":{"rendered":"https:\/\/oceansignal.com\/?post_type=product&#038;p=34713"},"modified":"2026-04-01T15:58:56","modified_gmt":"2026-04-01T15:58:56","slug":"pochette-de-flottaison-plb1-copy","status":"publish","type":"product","link":"https:\/\/oceansignal.com\/fr\/products\/pochette-de-flottaison-plb1-copy\/","title":{"rendered":"Pochette de flottaison PLB3"},"content":{"rendered":"<ul>\n<li>Ajoute de la flottabilit\u00e9 au rescueME PLB3 une fois install\u00e9<\/li>\n<li>Ajustement parfait et maintient votre PLB3 op\u00e9rationnel<\/li>\n<li>Compatible avec le Ocean Signal rescueME PLB3 (730S-01261)<\/li>\n<\/ul>\n","protected":false},"excerpt":{"rendered":"<p>La pochette de flottaison rescueME PLB3* renforce la flottabilit\u00e9 de votre PLB3 pour qu&rsquo;elle flotte et puisse \u00eatre r\u00e9cup\u00e9r\u00e9e en cas de chute dans l&rsquo;eau. Gr\u00e2ce \u00e0 la pochette de flottaison install\u00e9e, votre PLB3 reste pleinement op\u00e9rationnelle. <\/p>\n<p><em>*rescueMe PLB3 montr\u00e9 dans l&rsquo;image n&rsquo;est pas inclus et vendu s\u00e9par\u00e9ment.<\/em><\/p>\n","protected":false},"featured_media":34808,"template":"","meta":{"_acf_changed":false,"om_disable_all_campaigns":false},"product_brand":[],"product_cat":[1799,471],"product_tag":[1036,1801,1834],"class_list":{"0":"post-34713","1":"product","2":"type-product","3":"status-publish","4":"has-post-thumbnail","6":"product_cat-accessoires","7":"product_cat-rescueme-fr","8":"product_tag-plb3-fr","9":"product_tag-pochette-de-flottaison","10":"product_tag-pochette-plb3","12":"first","13":"instock","14":"taxable","15":"shipping-taxable","16":"purchasable","17":"product-type-simple"},"acf":[],"yoast_head":"<!-- This site is optimized with the Yoast SEO Premium plugin v25.2 (Yoast SEO v26.4) - https:\/\/yoast.com\/wordpress\/plugins\/seo\/ -->\n<title>Pochette de flottaison PLB3 - Ocean Signal<\/title>\n<meta name=\"robots\" content=\"index, follow, max-snippet:-1, max-image-preview:large, max-video-preview:-1\" \/>\n<link rel=\"canonical\" href=\"https:\/\/oceansignal.com\/fr\/products\/pochette-de-flottaison-plb1-copy\/\" \/>\n<meta property=\"og:locale\" content=\"fr_FR\" \/>\n<meta property=\"og:type\" content=\"article\" \/>\n<meta property=\"og:title\" content=\"Pochette de flottaison PLB3\" \/>\n<meta property=\"og:description\" content=\"La pochette de flottaison rescueME PLB3* renforce la flottabilit\u00e9 de votre PLB3 pour qu&#039;elle flotte et puisse \u00eatre r\u00e9cup\u00e9r\u00e9e en cas de chute dans l&#039;eau. Gr\u00e2ce \u00e0 la pochette de flottaison install\u00e9e, votre PLB3 reste pleinement op\u00e9rationnelle.  *rescueMe PLB3 montr\u00e9 dans l&#039;image n&#039;est pas inclus et vendu s\u00e9par\u00e9ment.\" \/>\n<meta property=\"og:url\" content=\"https:\/\/oceansignal.com\/fr\/products\/pochette-de-flottaison-plb1-copy\/\" \/>\n<meta property=\"og:site_name\" content=\"Ocean Signal\" \/>\n<meta property=\"article:modified_time\" content=\"2026-04-01T15:58:56+00:00\" \/>\n<meta property=\"og:image\" content=\"https:\/\/oceansignal.com\/wp-content\/uploads\/2025\/09\/OSL-PLB3-Pouch-Right-Angle.jpg\" \/>\n\t<meta property=\"og:image:width\" content=\"2000\" \/>\n\t<meta property=\"og:image:height\" content=\"2000\" \/>\n\t<meta property=\"og:image:type\" content=\"image\/jpeg\" \/>\n<meta name=\"twitter:card\" content=\"summary_large_image\" \/>\n<script type=\"application\/ld+json\" class=\"yoast-schema-graph\">{\"@context\":\"https:\/\/schema.org\",\"@graph\":[{\"@type\":\"WebPage\",\"@id\":\"https:\/\/oceansignal.com\/fr\/products\/pochette-de-flottaison-plb1-copy\/\",\"url\":\"https:\/\/oceansignal.com\/fr\/products\/pochette-de-flottaison-plb1-copy\/\",\"name\":\"Pochette de flottaison PLB3 - Ocean Signal\",\"isPartOf\":{\"@id\":\"https:\/\/oceansignal.com\/fr\/#website\"},\"primaryImageOfPage\":{\"@id\":\"https:\/\/oceansignal.com\/fr\/products\/pochette-de-flottaison-plb1-copy\/#primaryimage\"},\"image\":{\"@id\":\"https:\/\/oceansignal.com\/fr\/products\/pochette-de-flottaison-plb1-copy\/#primaryimage\"},\"thumbnailUrl\":\"https:\/\/oceansignal.com\/wp-content\/uploads\/2025\/09\/OSL-PLB3-Pouch-Right-Angle.jpg\",\"datePublished\":\"2025-09-18T12:42:18+00:00\",\"dateModified\":\"2026-04-01T15:58:56+00:00\",\"breadcrumb\":{\"@id\":\"https:\/\/oceansignal.com\/fr\/products\/pochette-de-flottaison-plb1-copy\/#breadcrumb\"},\"inLanguage\":\"fr-FR\",\"potentialAction\":[{\"@type\":\"ReadAction\",\"target\":[\"https:\/\/oceansignal.com\/fr\/products\/pochette-de-flottaison-plb1-copy\/\"]}]},{\"@type\":\"ImageObject\",\"inLanguage\":\"fr-FR\",\"@id\":\"https:\/\/oceansignal.com\/fr\/products\/pochette-de-flottaison-plb1-copy\/#primaryimage\",\"url\":\"https:\/\/oceansignal.com\/wp-content\/uploads\/2025\/09\/OSL-PLB3-Pouch-Right-Angle.jpg\",\"contentUrl\":\"https:\/\/oceansignal.com\/wp-content\/uploads\/2025\/09\/OSL-PLB3-Pouch-Right-Angle.jpg\",\"width\":2000,\"height\":2000},{\"@type\":\"BreadcrumbList\",\"@id\":\"https:\/\/oceansignal.com\/fr\/products\/pochette-de-flottaison-plb1-copy\/#breadcrumb\",\"itemListElement\":[{\"@type\":\"ListItem\",\"position\":1,\"name\":\"Produits\",\"item\":\"https:\/\/oceansignal.com\/fr\/produits\/\"},{\"@type\":\"ListItem\",\"position\":2,\"name\":\"Pochette de flottaison PLB3\"}]},{\"@type\":\"WebSite\",\"@id\":\"https:\/\/oceansignal.com\/fr\/#website\",\"url\":\"https:\/\/oceansignal.com\/fr\/\",\"name\":\"Ocean Signal\",\"description\":\"A leading manufacturer of EPIRBs, AIS, SARTs, Personal Locator Beacons, Man Overboard Beacon for the Marine and Outdoor Markets.\",\"potentialAction\":[{\"@type\":\"SearchAction\",\"target\":{\"@type\":\"EntryPoint\",\"urlTemplate\":\"https:\/\/oceansignal.com\/fr\/?s={search_term_string}\"},\"query-input\":{\"@type\":\"PropertyValueSpecification\",\"valueRequired\":true,\"valueName\":\"search_term_string\"}}],\"inLanguage\":\"fr-FR\"}]}<\/script>\n<!-- \/ Yoast SEO Premium plugin. -->","yoast_head_json":{"title":"Pochette de flottaison PLB3 - Ocean Signal","robots":{"index":"index","follow":"follow","max-snippet":"max-snippet:-1","max-image-preview":"max-image-preview:large","max-video-preview":"max-video-preview:-1"},"canonical":"https:\/\/oceansignal.com\/fr\/products\/pochette-de-flottaison-plb1-copy\/","og_locale":"fr_FR","og_type":"article","og_title":"Pochette de flottaison PLB3","og_description":"La pochette de flottaison rescueME PLB3* renforce la flottabilit\u00e9 de votre PLB3 pour qu'elle flotte et puisse \u00eatre r\u00e9cup\u00e9r\u00e9e en cas de chute dans l'eau. Gr\u00e2ce \u00e0 la pochette de flottaison install\u00e9e, votre PLB3 reste pleinement op\u00e9rationnelle.  *rescueMe PLB3 montr\u00e9 dans l'image n'est pas inclus et vendu s\u00e9par\u00e9ment.","og_url":"https:\/\/oceansignal.com\/fr\/products\/pochette-de-flottaison-plb1-copy\/","og_site_name":"Ocean Signal","article_modified_time":"2026-04-01T15:58:56+00:00","og_image":[{"width":2000,"height":2000,"url":"https:\/\/oceansignal.com\/wp-content\/uploads\/2025\/09\/OSL-PLB3-Pouch-Right-Angle.jpg","type":"image\/jpeg"}],"twitter_card":"summary_large_image","schema":{"@context":"https:\/\/schema.org","@graph":[{"@type":"WebPage","@id":"https:\/\/oceansignal.com\/fr\/products\/pochette-de-flottaison-plb1-copy\/","url":"https:\/\/oceansignal.com\/fr\/products\/pochette-de-flottaison-plb1-copy\/","name":"Pochette de flottaison PLB3 - Ocean Signal","isPartOf":{"@id":"https:\/\/oceansignal.com\/fr\/#website"},"primaryImageOfPage":{"@id":"https:\/\/oceansignal.com\/fr\/products\/pochette-de-flottaison-plb1-copy\/#primaryimage"},"image":{"@id":"https:\/\/oceansignal.com\/fr\/products\/pochette-de-flottaison-plb1-copy\/#primaryimage"},"thumbnailUrl":"https:\/\/oceansignal.com\/wp-content\/uploads\/2025\/09\/OSL-PLB3-Pouch-Right-Angle.jpg","datePublished":"2025-09-18T12:42:18+00:00","dateModified":"2026-04-01T15:58:56+00:00","breadcrumb":{"@id":"https:\/\/oceansignal.com\/fr\/products\/pochette-de-flottaison-plb1-copy\/#breadcrumb"},"inLanguage":"fr-FR","potentialAction":[{"@type":"ReadAction","target":["https:\/\/oceansignal.com\/fr\/products\/pochette-de-flottaison-plb1-copy\/"]}]},{"@type":"ImageObject","inLanguage":"fr-FR","@id":"https:\/\/oceansignal.com\/fr\/products\/pochette-de-flottaison-plb1-copy\/#primaryimage","url":"https:\/\/oceansignal.com\/wp-content\/uploads\/2025\/09\/OSL-PLB3-Pouch-Right-Angle.jpg","contentUrl":"https:\/\/oceansignal.com\/wp-content\/uploads\/2025\/09\/OSL-PLB3-Pouch-Right-Angle.jpg","width":2000,"height":2000},{"@type":"BreadcrumbList","@id":"https:\/\/oceansignal.com\/fr\/products\/pochette-de-flottaison-plb1-copy\/#breadcrumb","itemListElement":[{"@type":"ListItem","position":1,"name":"Produits","item":"https:\/\/oceansignal.com\/fr\/produits\/"},{"@type":"ListItem","position":2,"name":"Pochette de flottaison PLB3"}]},{"@type":"WebSite","@id":"https:\/\/oceansignal.com\/fr\/#website","url":"https:\/\/oceansignal.com\/fr\/","name":"Ocean Signal","description":"A leading manufacturer of EPIRBs, AIS, SARTs, Personal Locator Beacons, Man Overboard Beacon for the Marine and Outdoor Markets.","potentialAction":[{"@type":"SearchAction","target":{"@type":"EntryPoint","urlTemplate":"https:\/\/oceansignal.com\/fr\/?s={search_term_string}"},"query-input":{"@type":"PropertyValueSpecification","valueRequired":true,"valueName":"search_term_string"}}],"inLanguage":"fr-FR"}]}},"_links":{"self":[{"href":"https:\/\/oceansignal.com\/fr\/wp-json\/wp\/v2\/product\/34713","targetHints":{"allow":["GET"]}}],"collection":[{"href":"https:\/\/oceansignal.com\/fr\/wp-json\/wp\/v2\/product"}],"about":[{"href":"https:\/\/oceansignal.com\/fr\/wp-json\/wp\/v2\/types\/product"}],"wp:featuredmedia":[{"embeddable":true,"href":"https:\/\/oceansignal.com\/fr\/wp-json\/wp\/v2\/media\/34808"}],"wp:attachment":[{"href":"https:\/\/oceansignal.com\/fr\/wp-json\/wp\/v2\/media?parent=34713"}],"wp:term":[{"taxonomy":"product_brand","embeddable":true,"href":"https:\/\/oceansignal.com\/fr\/wp-json\/wp\/v2\/product_brand?post=34713"},{"taxonomy":"product_cat","embeddable":true,"href":"https:\/\/oceansignal.com\/fr\/wp-json\/wp\/v2\/product_cat?post=34713"},{"taxonomy":"product_tag","embeddable":true,"href":"https:\/\/oceansignal.com\/fr\/wp-json\/wp\/v2\/product_tag?post=34713"}],"curies":[{"name":"wp","href":"https:\/\/api.w.org\/{rel}","templated":true}]}}