{"id":38013,"date":"2025-11-07T11:01:43","date_gmt":"2025-11-07T11:01:43","guid":{"rendered":"https:\/\/oceansignal.com\/?post_type=product&#038;p=38013"},"modified":"2026-03-17T17:01:04","modified_gmt":"2026-03-17T17:01:04","slug":"kit-de-securite-pour-la-navigation-epirb3-copy-2","status":"publish","type":"product","link":"https:\/\/oceansignal.com\/fr\/products\/kit-de-securite-pour-la-navigation-epirb3-copy-2\/","title":{"rendered":"Kit de s\u00e9curit\u00e9 nautique PLB3"},"content":{"rendered":"<h3 data-start=\"3285\" data-end=\"3337\"><strong data-start=\"3292\" data-end=\"3337\"><img loading=\"lazy\" decoding=\"async\" class=\"alignnone size-full wp-image-32359\" src=\"https:\/\/oceansignal.com\/wp-content\/uploads\/2025\/07\/View-New-Safety-Kits.png\" alt=\"\" width=\"300\" height=\"75\" srcset=\"https:\/\/oceansignal.com\/wp-content\/uploads\/2025\/07\/View-New-Safety-Kits.png 300w, https:\/\/oceansignal.com\/wp-content\/uploads\/2025\/07\/View-New-Safety-Kits-60x15.png 60w, https:\/\/oceansignal.com\/wp-content\/uploads\/2025\/07\/View-New-Safety-Kits-110x28.png 110w\" sizes=\"auto, (max-width: 300px) 100vw, 300px\" \/><\/strong><\/h3>\n<h3 data-start=\"2673\" data-end=\"2727\"><strong data-start=\"2680\" data-end=\"2727\">Pourquoi choisir le kit PLB3 ?<\/strong><\/h3>\n<ul>\n<li data-start=\"308\" data-end=\"559\">Con\u00e7u pour les navigateurs autonomes&nbsp;: lorsque vous naviguez seul ou en petit \u00e9quipage, chaque \u00e9l\u00e9ment de votre \u00e9quipement doit \u00eatre irr\u00e9prochable. Le kit PLB3 offre une protection de qualit\u00e9 professionnelle, con\u00e7ue pour ceux qui ne comptent que sur eux-m\u00eames et leur mat\u00e9riel. <\/li>\n<li data-start=\"308\" data-end=\"559\">La balise personnelle la plus avanc\u00e9e au monde&nbsp;: la rescueME PLB3 combine la d\u00e9tresse par satellite 406&nbsp;MHz, l\u2019alerte locale AIS et la confirmation du service de liaison de retour (RLS), vous assurant ainsi que votre appel de d\u00e9tresse a bien \u00e9t\u00e9 re\u00e7u. L\u2019AIS diffuse votre position aux navires \u00e0 proximit\u00e9 pour une alerte locale imm\u00e9diate. <\/li>\n<li data-start=\"308\" data-end=\"559\">Solution de s\u00e9curit\u00e9 compl\u00e8te et compacte&nbsp;: sac de signalisation oc\u00e9anique avec ruban adh\u00e9sif homologu\u00e9 SOLAS et ensemble miroir et sifflet ACR, ce kit vous permet de r\u00e9pondre aux exigences en mer tout en restant l\u00e9ger, organis\u00e9 et pr\u00eat \u00e0 \u00eatre d\u00e9ploy\u00e9 instantan\u00e9ment.<\/li>\n<li data-start=\"308\" data-end=\"559\">Technologie \u00e9prouv\u00e9e d&amp;#39;Ocean Signal et d&amp;#39;ACR Electronics. Approuv\u00e9 par les coureurs oc\u00e9aniques, les skippers de convoyage et les plaisanciers au long cours du monde entier, ce kit repr\u00e9sente la science de la survie \u00e0 son plus haut niveau de fiabilit\u00e9.<\/li>\n<\/ul>\n<h3 data-start=\"2313\" data-end=\"2334\"><strong data-start=\"2320\" data-end=\"2334\">Id\u00e9al pour :<\/strong><\/h3>\n<ul>\n<li data-start=\"181\" data-end=\"379\">Con\u00e7u pour les navigateurs solitaires et les \u00e9quipages r\u00e9duits, ce syst\u00e8me offre une communication fiable \u00e0 deux niveaux et une s\u00e9curit\u00e9 optimale en mati\u00e8re de sauvetage, partout dans le monde.<\/li>\n<li data-start=\"181\" data-end=\"379\">Aventuriers en haute mer et au large Id\u00e9al pour les navigateurs traversant les oc\u00e9ans ou explorant des c\u00f4tes isol\u00e9es o\u00f9 l&amp;#39;autonomie et un \u00e9quipement de s\u00e9curit\u00e9 compact et homologu\u00e9 SOLAS sont essentiels.<\/li>\n<li data-start=\"181\" data-end=\"379\">Skippers et instructeurs de livraison&nbsp;: Id\u00e9al pour les skippers professionnels responsables des transferts de navires ou de la formation, garantissant la conformit\u00e9 et la protection personnelle en toutes circonstances.<\/li>\n<\/ul>\n<p>&nbsp;<\/p>\n<h3 data-start=\"673\" data-end=\"726\"><strong data-start=\"680\" data-end=\"726\">Qu&rsquo;est-ce qui est inclus et comment cela prend en charge le sauvetage&nbsp;?<\/strong><\/h3>\n<h4 data-start=\"728\" data-end=\"762\"><strong data-start=\"733\" data-end=\"760\">2 \u00d7 Balise de d\u00e9tresse Ocean Signal rescueME PLB3<\/strong><\/h4>\n<p data-start=\"763\" data-end=\"786\">Peut \u00eatre vu localement (navires \u00e9quip\u00e9s d&rsquo;\u00e9metteurs-r\u00e9cepteurs AIS) et globalement (message 406 MHz d\u00e9livr\u00e9 aux \u00e9quipes de recherche et de sauvetage), suivi avec pr\u00e9cision (AIS) et rassur\u00e9 avec confirmation en temps r\u00e9el (RLS) \u2014 le tout dans un seul appareil.<br \/>\n Valeur au d\u00e9tail : 849,99 \u00a3<\/p>\n<p data-start=\"763\" data-end=\"786\"><img loading=\"lazy\" decoding=\"async\" class=\"alignnone size-medium wp-image-11815\" src=\"https:\/\/oceansignal.com\/wp-content\/uploads\/2023\/09\/OSL-PLB3-Front-Antenna-Deployed-300x300.png\" alt=\"\" width=\"300\" height=\"300\" srcset=\"https:\/\/oceansignal.com\/wp-content\/uploads\/2023\/09\/OSL-PLB3-Front-Antenna-Deployed-300x300.png 300w, https:\/\/oceansignal.com\/wp-content\/uploads\/2023\/09\/OSL-PLB3-Front-Antenna-Deployed-1024x1024.png 1024w, https:\/\/oceansignal.com\/wp-content\/uploads\/2023\/09\/OSL-PLB3-Front-Antenna-Deployed-150x150.png 150w, https:\/\/oceansignal.com\/wp-content\/uploads\/2023\/09\/OSL-PLB3-Front-Antenna-Deployed-768x768.png 768w, https:\/\/oceansignal.com\/wp-content\/uploads\/2023\/09\/OSL-PLB3-Front-Antenna-Deployed-1536x1536.png 1536w, https:\/\/oceansignal.com\/wp-content\/uploads\/2023\/09\/OSL-PLB3-Front-Antenna-Deployed-600x600.png 600w, https:\/\/oceansignal.com\/wp-content\/uploads\/2023\/09\/OSL-PLB3-Front-Antenna-Deployed-100x100.png 100w, https:\/\/oceansignal.com\/wp-content\/uploads\/2023\/09\/OSL-PLB3-Front-Antenna-Deployed-60x60.png 60w, https:\/\/oceansignal.com\/wp-content\/uploads\/2023\/09\/OSL-PLB3-Front-Antenna-Deployed-110x110.png 110w, https:\/\/oceansignal.com\/wp-content\/uploads\/2023\/09\/OSL-PLB3-Front-Antenna-Deployed.png 2000w\" sizes=\"auto, (max-width: 300px) 100vw, 300px\" \/><\/p>\n<ul data-start=\"917\" data-end=\"1359\">\n<li data-start=\"917\" data-end=\"965\">La PREMI\u00c8RE balise de d\u00e9tresse personnelle (PLB) au monde avec syst\u00e8me d&rsquo;alerte pr\u00e9coce (AIS) et la PREMI\u00c8RE PLB au monde \u00e0 inclure la technologie NFC et une application mobile\n<ul>\n<li data-start=\"71\" data-end=\"199\">\n<p data-start=\"73\" data-end=\"199\">Syst\u00e8me d&rsquo;alerte triple&nbsp;: envoie un signal de d\u00e9tresse mondial \u00e0 406&nbsp;MHz, un signal AIS pour les navires \u00e0 proximit\u00e9 et un signal de localisation \u00e0 121,5&nbsp;MHz pour les \u00e9quipes de secours internationales.<\/p>\n<\/li>\n<li data-start=\"71\" data-end=\"199\">Conception compatible avec les gilets de sauvetage gonflables&nbsp;: comprend un clip multifonction et est con\u00e7u pour s\u2019int\u00e9grer parfaitement \u00e0 la plupart des gilets de sauvetage gonflables.<\/li>\n<li data-start=\"200\" data-end=\"302\">\n<p data-start=\"202\" data-end=\"302\">Intelligent et connect\u00e9 : compatible NFC pour la configuration et la v\u00e9rification de l&amp;#39;\u00e9tat via une application mobile gratuite (iOS et Android)<\/p>\n<\/li>\n<li data-start=\"303\" data-end=\"403\">\n<p data-start=\"305\" data-end=\"403\">Aucun abonnement&nbsp;: achat unique avec une autonomie de batterie de 6&nbsp;ans et une dur\u00e9e d\u2019activation de plus de 24&nbsp;heures.<\/p>\n<\/li>\n<li data-start=\"303\" data-end=\"403\"><a href=\"https:\/\/oceansignal.com\/fr\/news\/ocean-signal-remporte-le-dame-design-award-2022-pour-la-balise-de-localisation-personnelle-rescueme-plb3-ais\/\">Gagnant : Prix DAME Design Award 2022<\/a><\/li>\n<\/ul>\n<p data-start=\"919\" data-end=\"965\">\n<\/li>\n<\/ul>\n<h4 data-start=\"1516\" data-end=\"1558\"><strong data-start=\"1521\" data-end=\"1556\">1 \u00d7 Miroir de signalisation et sifflet ACR<\/strong><\/h4>\n<p data-start=\"1559\" data-end=\"1581\">Id\u00e9al lorsque les \u00e9quipes SAR sont \u00e0 proximit\u00e9 et que vous devez attirer leur attention rapidement et clairement.<br \/>\n Valeur au d\u00e9tail : 10,99 \u00a3<\/p>\n<p data-start=\"1559\" data-end=\"1581\"><img loading=\"lazy\" decoding=\"async\" class=\"alignnone wp-image-31407 size-medium\" src=\"https:\/\/oceansignal.com\/wp-content\/uploads\/2025\/06\/Grab_Bag_EPIRB1_Kit-e1752085331562-300x131.png\" alt=\"\" width=\"300\" height=\"131\" srcset=\"https:\/\/oceansignal.com\/wp-content\/uploads\/2025\/06\/Grab_Bag_EPIRB1_Kit-e1752085331562-300x131.png 300w, https:\/\/oceansignal.com\/wp-content\/uploads\/2025\/06\/Grab_Bag_EPIRB1_Kit-e1752085331562-60x26.png 60w, https:\/\/oceansignal.com\/wp-content\/uploads\/2025\/06\/Grab_Bag_EPIRB1_Kit-e1752085331562-110x48.png 110w, https:\/\/oceansignal.com\/wp-content\/uploads\/2025\/06\/Grab_Bag_EPIRB1_Kit-e1752085331562.png 344w\" sizes=\"auto, (max-width: 300px) 100vw, 300px\" \/><\/p>\n<p data-start=\"1583\" data-end=\"1691\">Ces outils sans entretien ajoutent une visibilit\u00e9 suppl\u00e9mentaire pr\u00e9cieuse et une signalisation audio dans les derni\u00e8res \u00e9tapes du sauvetage.<\/p>\n<ul data-start=\"1693\" data-end=\"1791\">\n<li data-start=\"1693\" data-end=\"1734\">\n<p data-start=\"1695\" data-end=\"1734\"><strong>Miroir compact hautement r\u00e9fl\u00e9chissant pour les signaux visuels de jour &#8211; Con\u00e7u pour r\u00e9fl\u00e9chir la lumi\u00e8re du soleil sur de grandes distances, id\u00e9al pour attirer l&rsquo;attention des navires ou des avions qui passent<\/strong><\/p>\n<\/li>\n<li data-start=\"1735\" data-end=\"1791\">\n<p data-start=\"1737\" data-end=\"1791\"><strong>Sifflet puissant et sans bille pour attirer l&rsquo;attention \u00e0 courte distance<\/strong><\/p>\n<\/li>\n<\/ul>\n<h4 data-start=\"1914\" data-end=\"1961\"><\/h4>\n<h4 data-start=\"1914\" data-end=\"1961\"><strong data-start=\"1919\" data-end=\"1959\">1 \u00d7 Sac de transport \u00e9tanche Ocean Signal<\/strong><\/h4>\n<p data-start=\"1962\" data-end=\"1985\"><em data-start=\"1962\" data-end=\"1985\">Lorsque chaque seconde compte, il est essentiel de disposer de tout dans un seul endroit sec et visible.<br \/>\n Valeur au d\u00e9tail : 129,99 \u00a3<\/em><\/p>\n<p data-start=\"1962\" data-end=\"1985\"><img loading=\"lazy\" decoding=\"async\" class=\"alignnone wp-image-31488 size-medium\" src=\"https:\/\/oceansignal.com\/wp-content\/uploads\/2025\/06\/Grab_Bag-1-241x300.webp\" alt=\"\" width=\"241\" height=\"300\" srcset=\"https:\/\/oceansignal.com\/wp-content\/uploads\/2025\/06\/Grab_Bag-1-241x300.webp 241w, https:\/\/oceansignal.com\/wp-content\/uploads\/2025\/06\/Grab_Bag-1-60x75.webp 60w, https:\/\/oceansignal.com\/wp-content\/uploads\/2025\/06\/Grab_Bag-1-110x137.webp 110w, https:\/\/oceansignal.com\/wp-content\/uploads\/2025\/06\/Grab_Bag-1.webp 489w\" sizes=\"auto, (max-width: 241px) 100vw, 241px\" \/><\/p>\n<p data-start=\"1987\" data-end=\"2079\">Ce sac robuste et flottant maintient votre kit essentiel ensemble : sec, prot\u00e9g\u00e9 et pr\u00eat \u00e0 partir.<\/p>\n<ul data-start=\"2081\" data-end=\"2190\">\n<li data-start=\"2081\" data-end=\"2107\">\n<p data-start=\"2083\" data-end=\"2107\"><strong>Couleur haute visibilit\u00e9<\/strong><\/p>\n<\/li>\n<li data-start=\"2108\" data-end=\"2131\">\n<p data-start=\"2110\" data-end=\"2131\"><strong>Flottable<\/strong><\/p>\n<\/li>\n<li data-start=\"2132\" data-end=\"2190\">\n<p data-start=\"2134\" data-end=\"2190\"><strong>Taille id\u00e9ale pour EPIRB, tout \u00e9quipement de s\u00e9curit\u00e9 suppl\u00e9mentaire et documents cl\u00e9s<\/strong><\/p>\n<\/li>\n<\/ul>\n","protected":false},"excerpt":{"rendered":"<ul>\n<li data-start=\"250\" data-end=\"437\">Con\u00e7ues pour les navigateurs solitaires et en petit \u00e9quipage&nbsp;: deux balises Ocean Signal PLB3 \u00e9mettent des alertes de d\u00e9tresse AIS et 406&nbsp;MHz, garantissant une intervention de secours mondiale et une visibilit\u00e9 locale instantan\u00e9e.<\/li>\n<li data-start=\"250\" data-end=\"437\">Conception compacte et adapt\u00e9e \u00e0 la navigation hauturi\u00e8re. Comprend un sac de signalisation maritime avec ruban adh\u00e9sif homologu\u00e9 SOLAS, ainsi que des miroirs et des sifflets ACR pour la signalisation essentielle et la conformit\u00e9 en mer.<\/li>\n<li data-start=\"250\" data-end=\"437\">Fiabilit\u00e9 \u00e9prouv\u00e9e : Con\u00e7u par Ocean Signal et ACR Electronics, ce syst\u00e8me de s\u00e9curit\u00e9 de qualit\u00e9 professionnelle est pl\u00e9biscit\u00e9 par les navigateurs hauturiers et les aventuriers solitaires du monde entier.<\/li>\n<\/ul>\n<p>Valeur totale du kit au prix de vente conseill\u00e9&nbsp;: 1&nbsp;201&nbsp;\u00a3. \u00c9conomisez 160&nbsp;\u00a3 avec ce kit&nbsp;! <\/p>\n","protected":false},"featured_media":38044,"template":"","meta":{"_acf_changed":false,"om_disable_all_campaigns":false},"product_brand":[],"product_cat":[1982,1673,471],"product_tag":[1690,1674],"class_list":{"0":"post-38013","1":"product","2":"type-product","3":"status-publish","4":"has-post-thumbnail","6":"product_cat-compatible-avec-les-gilets-de-sauvetage","7":"product_cat-kits-de-securite","8":"product_cat-rescueme-fr","9":"product_tag-kits-de-securite","10":"product_tag-sac-fourre-tout","12":"first","13":"instock","14":"taxable","15":"shipping-taxable","16":"purchasable","17":"product-type-simple"},"acf":[],"yoast_head":"<!-- This site is optimized with the Yoast SEO Premium plugin v25.2 (Yoast SEO v26.4) - https:\/\/yoast.com\/wordpress\/plugins\/seo\/ -->\n<title>Kit de s\u00e9curit\u00e9 nautique PLB3 - Ocean Signal<\/title>\n<meta name=\"robots\" content=\"index, follow, max-snippet:-1, max-image-preview:large, max-video-preview:-1\" \/>\n<link rel=\"canonical\" href=\"https:\/\/oceansignal.com\/fr\/products\/kit-de-securite-pour-la-navigation-epirb3-copy-2\/\" \/>\n<meta property=\"og:locale\" content=\"fr_FR\" \/>\n<meta property=\"og:type\" content=\"article\" \/>\n<meta property=\"og:title\" content=\"Kit de s\u00e9curit\u00e9 nautique PLB3\" \/>\n<meta property=\"og:description\" content=\"Con\u00e7ues pour les navigateurs solitaires et en petit \u00e9quipage&nbsp;: deux balises Ocean Signal PLB3 \u00e9mettent des alertes de d\u00e9tresse AIS et 406&nbsp;MHz, garantissant une intervention de secours mondiale et une visibilit\u00e9 locale instantan\u00e9e.  Conception compacte et adapt\u00e9e \u00e0 la navigation hauturi\u00e8re. Comprend un sac de signalisation maritime avec ruban adh\u00e9sif homologu\u00e9 SOLAS, ainsi que des miroirs et des sifflets ACR pour la signalisation essentielle et la conformit\u00e9 en mer.  Fiabilit\u00e9 \u00e9prouv\u00e9e : Con\u00e7u par Ocean Signal et ACR Electronics, ce syst\u00e8me de s\u00e9curit\u00e9 de qualit\u00e9 professionnelle est pl\u00e9biscit\u00e9 par les navigateurs hauturiers et les aventuriers solitaires du monde entier. Valeur totale du kit au prix de vente conseill\u00e9&nbsp;: 1&nbsp;201&nbsp;\u00a3. \u00c9conomisez 160&nbsp;\u00a3 avec ce kit&nbsp;!\" \/>\n<meta property=\"og:url\" content=\"https:\/\/oceansignal.com\/fr\/products\/kit-de-securite-pour-la-navigation-epirb3-copy-2\/\" \/>\n<meta property=\"og:site_name\" content=\"Ocean Signal\" \/>\n<meta property=\"article:modified_time\" content=\"2026-03-17T17:01:04+00:00\" \/>\n<meta property=\"og:image\" content=\"https:\/\/oceansignal.com\/wp-content\/uploads\/2025\/11\/Grab_Bag_PLB3_Safety_Kit.jpg\" \/>\n\t<meta property=\"og:image:width\" content=\"504\" \/>\n\t<meta property=\"og:image:height\" content=\"497\" \/>\n\t<meta property=\"og:image:type\" content=\"image\/jpeg\" \/>\n<meta name=\"twitter:card\" content=\"summary_large_image\" \/>\n<meta name=\"twitter:label1\" content=\"Dur\u00e9e de lecture estim\u00e9e\" \/>\n\t<meta name=\"twitter:data1\" content=\"4 minutes\" \/>\n<script type=\"application\/ld+json\" class=\"yoast-schema-graph\">{\"@context\":\"https:\/\/schema.org\",\"@graph\":[{\"@type\":\"WebPage\",\"@id\":\"https:\/\/oceansignal.com\/fr\/products\/kit-de-securite-pour-la-navigation-epirb3-copy-2\/\",\"url\":\"https:\/\/oceansignal.com\/fr\/products\/kit-de-securite-pour-la-navigation-epirb3-copy-2\/\",\"name\":\"Kit de s\u00e9curit\u00e9 nautique PLB3 - Ocean Signal\",\"isPartOf\":{\"@id\":\"https:\/\/oceansignal.com\/fr\/#website\"},\"primaryImageOfPage\":{\"@id\":\"https:\/\/oceansignal.com\/fr\/products\/kit-de-securite-pour-la-navigation-epirb3-copy-2\/#primaryimage\"},\"image\":{\"@id\":\"https:\/\/oceansignal.com\/fr\/products\/kit-de-securite-pour-la-navigation-epirb3-copy-2\/#primaryimage\"},\"thumbnailUrl\":\"https:\/\/oceansignal.com\/wp-content\/uploads\/2025\/11\/Grab_Bag_PLB3_Safety_Kit.jpg\",\"datePublished\":\"2025-11-07T11:01:43+00:00\",\"dateModified\":\"2026-03-17T17:01:04+00:00\",\"breadcrumb\":{\"@id\":\"https:\/\/oceansignal.com\/fr\/products\/kit-de-securite-pour-la-navigation-epirb3-copy-2\/#breadcrumb\"},\"inLanguage\":\"fr-FR\",\"potentialAction\":[{\"@type\":\"ReadAction\",\"target\":[\"https:\/\/oceansignal.com\/fr\/products\/kit-de-securite-pour-la-navigation-epirb3-copy-2\/\"]}]},{\"@type\":\"ImageObject\",\"inLanguage\":\"fr-FR\",\"@id\":\"https:\/\/oceansignal.com\/fr\/products\/kit-de-securite-pour-la-navigation-epirb3-copy-2\/#primaryimage\",\"url\":\"https:\/\/oceansignal.com\/wp-content\/uploads\/2025\/11\/Grab_Bag_PLB3_Safety_Kit.jpg\",\"contentUrl\":\"https:\/\/oceansignal.com\/wp-content\/uploads\/2025\/11\/Grab_Bag_PLB3_Safety_Kit.jpg\",\"width\":504,\"height\":497},{\"@type\":\"BreadcrumbList\",\"@id\":\"https:\/\/oceansignal.com\/fr\/products\/kit-de-securite-pour-la-navigation-epirb3-copy-2\/#breadcrumb\",\"itemListElement\":[{\"@type\":\"ListItem\",\"position\":1,\"name\":\"Produits\",\"item\":\"https:\/\/oceansignal.com\/fr\/produits\/\"},{\"@type\":\"ListItem\",\"position\":2,\"name\":\"Kit de s\u00e9curit\u00e9 nautique PLB3\"}]},{\"@type\":\"WebSite\",\"@id\":\"https:\/\/oceansignal.com\/fr\/#website\",\"url\":\"https:\/\/oceansignal.com\/fr\/\",\"name\":\"Ocean Signal\",\"description\":\"A leading manufacturer of EPIRBs, AIS, SARTs, Personal Locator Beacons, Man Overboard Beacon for the Marine and Outdoor Markets.\",\"potentialAction\":[{\"@type\":\"SearchAction\",\"target\":{\"@type\":\"EntryPoint\",\"urlTemplate\":\"https:\/\/oceansignal.com\/fr\/?s={search_term_string}\"},\"query-input\":{\"@type\":\"PropertyValueSpecification\",\"valueRequired\":true,\"valueName\":\"search_term_string\"}}],\"inLanguage\":\"fr-FR\"}]}<\/script>\n<!-- \/ Yoast SEO Premium plugin. -->","yoast_head_json":{"title":"Kit de s\u00e9curit\u00e9 nautique PLB3 - Ocean Signal","robots":{"index":"index","follow":"follow","max-snippet":"max-snippet:-1","max-image-preview":"max-image-preview:large","max-video-preview":"max-video-preview:-1"},"canonical":"https:\/\/oceansignal.com\/fr\/products\/kit-de-securite-pour-la-navigation-epirb3-copy-2\/","og_locale":"fr_FR","og_type":"article","og_title":"Kit de s\u00e9curit\u00e9 nautique PLB3","og_description":"Con\u00e7ues pour les navigateurs solitaires et en petit \u00e9quipage&nbsp;: deux balises Ocean Signal PLB3 \u00e9mettent des alertes de d\u00e9tresse AIS et 406&nbsp;MHz, garantissant une intervention de secours mondiale et une visibilit\u00e9 locale instantan\u00e9e.  Conception compacte et adapt\u00e9e \u00e0 la navigation hauturi\u00e8re. Comprend un sac de signalisation maritime avec ruban adh\u00e9sif homologu\u00e9 SOLAS, ainsi que des miroirs et des sifflets ACR pour la signalisation essentielle et la conformit\u00e9 en mer.  Fiabilit\u00e9 \u00e9prouv\u00e9e : Con\u00e7u par Ocean Signal et ACR Electronics, ce syst\u00e8me de s\u00e9curit\u00e9 de qualit\u00e9 professionnelle est pl\u00e9biscit\u00e9 par les navigateurs hauturiers et les aventuriers solitaires du monde entier. Valeur totale du kit au prix de vente conseill\u00e9&nbsp;: 1&nbsp;201&nbsp;\u00a3. \u00c9conomisez 160&nbsp;\u00a3 avec ce kit&nbsp;!","og_url":"https:\/\/oceansignal.com\/fr\/products\/kit-de-securite-pour-la-navigation-epirb3-copy-2\/","og_site_name":"Ocean Signal","article_modified_time":"2026-03-17T17:01:04+00:00","og_image":[{"width":504,"height":497,"url":"https:\/\/oceansignal.com\/wp-content\/uploads\/2025\/11\/Grab_Bag_PLB3_Safety_Kit.jpg","type":"image\/jpeg"}],"twitter_card":"summary_large_image","twitter_misc":{"Dur\u00e9e de lecture estim\u00e9e":"4 minutes"},"schema":{"@context":"https:\/\/schema.org","@graph":[{"@type":"WebPage","@id":"https:\/\/oceansignal.com\/fr\/products\/kit-de-securite-pour-la-navigation-epirb3-copy-2\/","url":"https:\/\/oceansignal.com\/fr\/products\/kit-de-securite-pour-la-navigation-epirb3-copy-2\/","name":"Kit de s\u00e9curit\u00e9 nautique PLB3 - Ocean Signal","isPartOf":{"@id":"https:\/\/oceansignal.com\/fr\/#website"},"primaryImageOfPage":{"@id":"https:\/\/oceansignal.com\/fr\/products\/kit-de-securite-pour-la-navigation-epirb3-copy-2\/#primaryimage"},"image":{"@id":"https:\/\/oceansignal.com\/fr\/products\/kit-de-securite-pour-la-navigation-epirb3-copy-2\/#primaryimage"},"thumbnailUrl":"https:\/\/oceansignal.com\/wp-content\/uploads\/2025\/11\/Grab_Bag_PLB3_Safety_Kit.jpg","datePublished":"2025-11-07T11:01:43+00:00","dateModified":"2026-03-17T17:01:04+00:00","breadcrumb":{"@id":"https:\/\/oceansignal.com\/fr\/products\/kit-de-securite-pour-la-navigation-epirb3-copy-2\/#breadcrumb"},"inLanguage":"fr-FR","potentialAction":[{"@type":"ReadAction","target":["https:\/\/oceansignal.com\/fr\/products\/kit-de-securite-pour-la-navigation-epirb3-copy-2\/"]}]},{"@type":"ImageObject","inLanguage":"fr-FR","@id":"https:\/\/oceansignal.com\/fr\/products\/kit-de-securite-pour-la-navigation-epirb3-copy-2\/#primaryimage","url":"https:\/\/oceansignal.com\/wp-content\/uploads\/2025\/11\/Grab_Bag_PLB3_Safety_Kit.jpg","contentUrl":"https:\/\/oceansignal.com\/wp-content\/uploads\/2025\/11\/Grab_Bag_PLB3_Safety_Kit.jpg","width":504,"height":497},{"@type":"BreadcrumbList","@id":"https:\/\/oceansignal.com\/fr\/products\/kit-de-securite-pour-la-navigation-epirb3-copy-2\/#breadcrumb","itemListElement":[{"@type":"ListItem","position":1,"name":"Produits","item":"https:\/\/oceansignal.com\/fr\/produits\/"},{"@type":"ListItem","position":2,"name":"Kit de s\u00e9curit\u00e9 nautique PLB3"}]},{"@type":"WebSite","@id":"https:\/\/oceansignal.com\/fr\/#website","url":"https:\/\/oceansignal.com\/fr\/","name":"Ocean Signal","description":"A leading manufacturer of EPIRBs, AIS, SARTs, Personal Locator Beacons, Man Overboard Beacon for the Marine and Outdoor Markets.","potentialAction":[{"@type":"SearchAction","target":{"@type":"EntryPoint","urlTemplate":"https:\/\/oceansignal.com\/fr\/?s={search_term_string}"},"query-input":{"@type":"PropertyValueSpecification","valueRequired":true,"valueName":"search_term_string"}}],"inLanguage":"fr-FR"}]}},"_links":{"self":[{"href":"https:\/\/oceansignal.com\/fr\/wp-json\/wp\/v2\/product\/38013","targetHints":{"allow":["GET"]}}],"collection":[{"href":"https:\/\/oceansignal.com\/fr\/wp-json\/wp\/v2\/product"}],"about":[{"href":"https:\/\/oceansignal.com\/fr\/wp-json\/wp\/v2\/types\/product"}],"wp:featuredmedia":[{"embeddable":true,"href":"https:\/\/oceansignal.com\/fr\/wp-json\/wp\/v2\/media\/38044"}],"wp:attachment":[{"href":"https:\/\/oceansignal.com\/fr\/wp-json\/wp\/v2\/media?parent=38013"}],"wp:term":[{"taxonomy":"product_brand","embeddable":true,"href":"https:\/\/oceansignal.com\/fr\/wp-json\/wp\/v2\/product_brand?post=38013"},{"taxonomy":"product_cat","embeddable":true,"href":"https:\/\/oceansignal.com\/fr\/wp-json\/wp\/v2\/product_cat?post=38013"},{"taxonomy":"product_tag","embeddable":true,"href":"https:\/\/oceansignal.com\/fr\/wp-json\/wp\/v2\/product_tag?post=38013"}],"curies":[{"name":"wp","href":"https:\/\/api.w.org\/{rel}","templated":true}]}}