{"id":6542,"date":"2024-03-15T17:33:28","date_gmt":"2024-03-15T17:33:28","guid":{"rendered":"https:\/\/oceansignal.com\/products\/unite-de-declenchement-hydrostatique-de-remplacement-ocean-signal-hr1e\/"},"modified":"2025-07-08T09:36:26","modified_gmt":"2025-07-08T09:36:26","slug":"unite-de-declenchement-hydrostatique-de-remplacement-ocean-signal-hr1e","status":"publish","type":"product","link":"https:\/\/oceansignal.com\/fr\/products\/unite-de-declenchement-hydrostatique-de-remplacement-ocean-signal-hr1e\/","title":{"rendered":"Ocean Signal HR1E Replacement Hydrostatic Release Unit"},"content":{"rendered":"<p id=\"title\" class=\"a-size-large a-spacing-none\"><span id=\"productTitle\" class=\"a-size-large product-title-word-break\">Supports EPIRB flottants Ocean Signal HR1E Replacement Hydrostatic Release Unit<\/span> .<\/p>\n<p class=\"a-size-large a-spacing-none\">Con\u00e7u pour lib\u00e9rer automatiquement une balise radio de localisation d&rsquo;urgence ( EPIRB ) Ocean Signal de son support de montage flottant (cat\u00e9gorie 1) lors de l&rsquo;immersion dans l&rsquo;eau, ce dispositif assure une activation rapide des signaux de d\u00e9tresse dans les situations d&rsquo;urgence.<\/p>\n<p>Voici comment cela fonctionne : le HR1E est \u00e9quip\u00e9 d&rsquo;un m\u00e9canisme hydrostatique qui r\u00e9agit \u00e0 la pression de l&rsquo;eau. Lorsqu&rsquo;il est immerg\u00e9 \u00e0 une certaine profondeur, g\u00e9n\u00e9ralement entre 1,5 et 4 m\u00e8tres, la pression hydrostatique d\u00e9clenche le m\u00e9canisme de lib\u00e9ration, permettant \u00e0 l&rsquo; EPIRB de flotter librement de son support de montage. Une fois lib\u00e9r\u00e9, l&rsquo; EPIRB commence \u00e0 transmettre son signal de d\u00e9tresse, qui est capt\u00e9 par les autorit\u00e9s de recherche et de sauvetage \u00e0 proximit\u00e9, leur permettant de localiser et d&rsquo;aider rapidement les personnes dans le besoin.  <\/p>\n<p>Le HR1E est con\u00e7u avec pr\u00e9cision et fiabilit\u00e9 et fabriqu\u00e9 au Royaume-Uni, ce qui garantit son fonctionnement efficace m\u00eame dans les conditions maritimes les plus difficiles. En activant automatiquement l&rsquo; EPIRB lors de l&rsquo;immersion, le HR1E am\u00e9liore consid\u00e9rablement les chances d&rsquo;une r\u00e9ponse rapide aux situations de d\u00e9tresse, sauvant ainsi des vies en mer. <\/p>\n<p>Les supports flottants libres de cat\u00e9gorie 1 doivent avoir l&rsquo;unit\u00e9 de lib\u00e9ration hydrostatique remplac\u00e9e <strong>tous les 2 ans.<\/strong><\/p>\n<ul class=\"a-unordered-list a-vertical a-spacing-mini\">\n<li class=\"a-spacing-mini\"><span class=\"a-list-item\">Remplacement direct pour tous les bo\u00eetiers de d\u00e9verrouillage automatique <a href=\"https:\/\/www.cospas-sarsat.int\/en\/\">EPIRB<\/a> Ocean Signal (supports flottants libres de cat\u00e9gorie 1)<\/span><\/li>\n<li class=\"a-spacing-mini\"><span class=\"a-list-item\">Comprend le HR1E HRU, les instructions et le mat\u00e9riel de remplacement<\/span><\/li>\n<li class=\"a-spacing-mini\"><span class=\"a-list-item\">Fi\u00e8rement con\u00e7u et fabriqu\u00e9 au Royaume-Uni<\/span><\/li>\n<li class=\"a-spacing-mini\"><span class=\"a-list-item\">L\u2019installation est rapide et facile<\/span><\/li>\n<\/ul>\n<p>Compatible avec les EPIRB flottantes de cat\u00e9gorie 1 suivantes<\/p>\n<ul>\n<li><a href=\"https:\/\/oceansignal.com\/fr\/products\/e100-e100g\/\">SafeSea E100<\/a><\/li>\n<li><a href=\"https:\/\/oceansignal.com\/fr\/products\/e100-e100g\/\">SafeSea E100G<\/a><\/li>\n<li><a href=\"https:\/\/oceansignal.com\/fr\/products\/rescueme-epirb1-pro\/\">rescueME EPIRB1 Pro (anciennement SafeSea EPIRB1 Pro )<\/a><\/li>\n<li><a href=\"https:\/\/oceansignal.com\/fr\/products\/rescueme-epirb2-pro\/\">rescueME EPIRB2 Pro<\/a><\/li>\n<li><a href=\"https:\/\/oceansignal.com\/fr\/products\/safesea-epirb3-pro\/\">SafeSea EPIRB3 Pro<\/a><\/li>\n<li><a href=\"https:\/\/oceansignal.com\/fr\/products\/e101v\/\">D\u00e9tecteur de fum\u00e9e SafeSea E101V<\/a><\/li>\n<\/ul>\n","protected":false},"excerpt":{"rendered":"<p>Pr\u00e9sentation de l&rsquo;unit\u00e9 de largage hydrostatique SafeSea HR1E pour EPIRB Ocean Signal &#8211; votre protection indispensable en cas d&rsquo;urgence maritime. Con\u00e7u pour lib\u00e9rer automatiquement une balise radio de localisation d&rsquo;urgence ( EPIRB ) de son support de montage lors de l&rsquo;immersion dans l&rsquo;eau, cet appareil assure une activation rapide des signaux de d\u00e9tresse lorsque chaque seconde compte. Con\u00e7u avec pr\u00e9cision et fiabilit\u00e9, le HR1E offre une tranquillit\u00e9 d&rsquo;esprit aux marins et aux navigants, augmentant les chances d&rsquo;une r\u00e9ponse rapide dans les situations critiques. Ne faites aucun compromis sur la s\u00e9curit\u00e9 &#8211; \u00e9quipez votre navire de l&rsquo;unit\u00e9 de largage hydrostatique SafeSea HR1E pour EPIRB Ocean Signal et naviguez en toute confiance, sachant que l&rsquo;aide n&rsquo;est qu&rsquo;\u00e0 un signal de distance lorsque vous en avez le plus besoin.   <\/p>\n<p><a href=\"https:\/\/www.dropbox.com\/s\/fk04stqsp2hgk5f\/Prop%2065%20-%20DEHP.pdf?dl=0\">AVERTISSEMENT : PROP 65<\/a><\/p>\n","protected":false},"featured_media":22877,"template":"","meta":{"_acf_changed":false,"om_disable_all_campaigns":false},"product_brand":[],"product_cat":[755,328],"product_tag":[],"class_list":{"0":"post-6542","1":"product","2":"type-product","3":"status-publish","4":"has-post-thumbnail","6":"product_cat-epirb-fr","7":"product_cat-safesea-fr","9":"first","10":"instock","11":"taxable","12":"shipping-taxable","13":"purchasable","14":"product-type-simple"},"acf":[],"yoast_head":"<!-- This site is optimized with the Yoast SEO Premium plugin v25.2 (Yoast SEO v26.4) - https:\/\/yoast.com\/wordpress\/plugins\/seo\/ -->\n<title>Ocean Signal HR1E Replacement Hydrostatic Release Unit - Ocean Signal<\/title>\n<meta name=\"description\" content=\"Unit\u00e9 de largage hydrostatique de remplacement Ocean Signal SafeSea HR1E ou HRU pour les EPIRB SafeSea et rescueME . Achetez votre unit\u00e9 de largage hydrostatique de remplacement EPIRB HRU d\u00e8s aujourd&#039;hui.\" \/>\n<meta name=\"robots\" content=\"index, follow, max-snippet:-1, max-image-preview:large, max-video-preview:-1\" \/>\n<link rel=\"canonical\" href=\"https:\/\/oceansignal.com\/fr\/products\/unite-de-declenchement-hydrostatique-de-remplacement-ocean-signal-hr1e\/\" \/>\n<meta property=\"og:locale\" content=\"fr_FR\" \/>\n<meta property=\"og:type\" content=\"article\" \/>\n<meta property=\"og:title\" content=\"Ocean Signal HR1E Replacement Hydrostatic Release Unit\" \/>\n<meta property=\"og:description\" content=\"Unit\u00e9 de largage hydrostatique de remplacement Ocean Signal SafeSea HR1E ou HRU pour les EPIRB SafeSea et rescueME . Achetez votre unit\u00e9 de largage hydrostatique de remplacement EPIRB HRU d\u00e8s aujourd&#039;hui.\" \/>\n<meta property=\"og:url\" content=\"https:\/\/oceansignal.com\/fr\/products\/unite-de-declenchement-hydrostatique-de-remplacement-ocean-signal-hr1e\/\" \/>\n<meta property=\"og:site_name\" content=\"Ocean Signal\" \/>\n<meta property=\"article:modified_time\" content=\"2025-07-08T09:36:26+00:00\" \/>\n<meta property=\"og:image\" content=\"https:\/\/oceansignal.com\/wp-content\/uploads\/2024\/03\/HR1E_Front-1024x1024.png\" \/>\n\t<meta property=\"og:image:width\" content=\"1024\" \/>\n\t<meta property=\"og:image:height\" content=\"1024\" \/>\n\t<meta property=\"og:image:type\" content=\"image\/png\" \/>\n<meta name=\"twitter:card\" content=\"summary_large_image\" \/>\n<meta name=\"twitter:label1\" content=\"Dur\u00e9e de lecture estim\u00e9e\" \/>\n\t<meta name=\"twitter:data1\" content=\"2 minutes\" \/>\n<script type=\"application\/ld+json\" class=\"yoast-schema-graph\">{\"@context\":\"https:\/\/schema.org\",\"@graph\":[{\"@type\":\"WebPage\",\"@id\":\"https:\/\/oceansignal.com\/fr\/products\/unite-de-declenchement-hydrostatique-de-remplacement-ocean-signal-hr1e\/\",\"url\":\"https:\/\/oceansignal.com\/fr\/products\/unite-de-declenchement-hydrostatique-de-remplacement-ocean-signal-hr1e\/\",\"name\":\"Ocean Signal HR1E Replacement Hydrostatic Release Unit - Ocean Signal\",\"isPartOf\":{\"@id\":\"https:\/\/oceansignal.com\/fr\/#website\"},\"primaryImageOfPage\":{\"@id\":\"https:\/\/oceansignal.com\/fr\/products\/unite-de-declenchement-hydrostatique-de-remplacement-ocean-signal-hr1e\/#primaryimage\"},\"image\":{\"@id\":\"https:\/\/oceansignal.com\/fr\/products\/unite-de-declenchement-hydrostatique-de-remplacement-ocean-signal-hr1e\/#primaryimage\"},\"thumbnailUrl\":\"https:\/\/oceansignal.com\/wp-content\/uploads\/2024\/03\/HR1E_Front.png\",\"datePublished\":\"2024-03-15T17:33:28+00:00\",\"dateModified\":\"2025-07-08T09:36:26+00:00\",\"description\":\"Unit\u00e9 de largage hydrostatique de remplacement Ocean Signal SafeSea HR1E ou HRU pour les EPIRB SafeSea et rescueME . Achetez votre unit\u00e9 de largage hydrostatique de remplacement EPIRB HRU d\u00e8s aujourd'hui.\",\"breadcrumb\":{\"@id\":\"https:\/\/oceansignal.com\/fr\/products\/unite-de-declenchement-hydrostatique-de-remplacement-ocean-signal-hr1e\/#breadcrumb\"},\"inLanguage\":\"fr-FR\",\"potentialAction\":[{\"@type\":\"ReadAction\",\"target\":[\"https:\/\/oceansignal.com\/fr\/products\/unite-de-declenchement-hydrostatique-de-remplacement-ocean-signal-hr1e\/\"]}]},{\"@type\":\"ImageObject\",\"inLanguage\":\"fr-FR\",\"@id\":\"https:\/\/oceansignal.com\/fr\/products\/unite-de-declenchement-hydrostatique-de-remplacement-ocean-signal-hr1e\/#primaryimage\",\"url\":\"https:\/\/oceansignal.com\/wp-content\/uploads\/2024\/03\/HR1E_Front.png\",\"contentUrl\":\"https:\/\/oceansignal.com\/wp-content\/uploads\/2024\/03\/HR1E_Front.png\",\"width\":2147,\"height\":2147,\"caption\":\"Unit\u00e9 de largage hydrostatique Ocean Signal SafeSea HR1E - \u00e9quipement de s\u00e9curit\u00e9 maritime essentiel pour l'activation automatique des radeaux de sauvetage\"},{\"@type\":\"BreadcrumbList\",\"@id\":\"https:\/\/oceansignal.com\/fr\/products\/unite-de-declenchement-hydrostatique-de-remplacement-ocean-signal-hr1e\/#breadcrumb\",\"itemListElement\":[{\"@type\":\"ListItem\",\"position\":1,\"name\":\"Produits\",\"item\":\"https:\/\/oceansignal.com\/fr\/produits\/\"},{\"@type\":\"ListItem\",\"position\":2,\"name\":\"Ocean Signal HR1E Replacement Hydrostatic Release Unit\"}]},{\"@type\":\"WebSite\",\"@id\":\"https:\/\/oceansignal.com\/fr\/#website\",\"url\":\"https:\/\/oceansignal.com\/fr\/\",\"name\":\"Ocean Signal\",\"description\":\"A leading manufacturer of EPIRBs, AIS, SARTs, Personal Locator Beacons, Man Overboard Beacon for the Marine and Outdoor Markets.\",\"potentialAction\":[{\"@type\":\"SearchAction\",\"target\":{\"@type\":\"EntryPoint\",\"urlTemplate\":\"https:\/\/oceansignal.com\/fr\/?s={search_term_string}\"},\"query-input\":{\"@type\":\"PropertyValueSpecification\",\"valueRequired\":true,\"valueName\":\"search_term_string\"}}],\"inLanguage\":\"fr-FR\"}]}<\/script>\n<!-- \/ Yoast SEO Premium plugin. -->","yoast_head_json":{"title":"Ocean Signal HR1E Replacement Hydrostatic Release Unit - Ocean Signal","description":"Unit\u00e9 de largage hydrostatique de remplacement Ocean Signal SafeSea HR1E ou HRU pour les EPIRB SafeSea et rescueME . Achetez votre unit\u00e9 de largage hydrostatique de remplacement EPIRB HRU d\u00e8s aujourd'hui.","robots":{"index":"index","follow":"follow","max-snippet":"max-snippet:-1","max-image-preview":"max-image-preview:large","max-video-preview":"max-video-preview:-1"},"canonical":"https:\/\/oceansignal.com\/fr\/products\/unite-de-declenchement-hydrostatique-de-remplacement-ocean-signal-hr1e\/","og_locale":"fr_FR","og_type":"article","og_title":"Ocean Signal HR1E Replacement Hydrostatic Release Unit","og_description":"Unit\u00e9 de largage hydrostatique de remplacement Ocean Signal SafeSea HR1E ou HRU pour les EPIRB SafeSea et rescueME . Achetez votre unit\u00e9 de largage hydrostatique de remplacement EPIRB HRU d\u00e8s aujourd'hui.","og_url":"https:\/\/oceansignal.com\/fr\/products\/unite-de-declenchement-hydrostatique-de-remplacement-ocean-signal-hr1e\/","og_site_name":"Ocean Signal","article_modified_time":"2025-07-08T09:36:26+00:00","og_image":[{"width":1024,"height":1024,"url":"https:\/\/oceansignal.com\/wp-content\/uploads\/2024\/03\/HR1E_Front-1024x1024.png","type":"image\/png"}],"twitter_card":"summary_large_image","twitter_misc":{"Dur\u00e9e de lecture estim\u00e9e":"2 minutes"},"schema":{"@context":"https:\/\/schema.org","@graph":[{"@type":"WebPage","@id":"https:\/\/oceansignal.com\/fr\/products\/unite-de-declenchement-hydrostatique-de-remplacement-ocean-signal-hr1e\/","url":"https:\/\/oceansignal.com\/fr\/products\/unite-de-declenchement-hydrostatique-de-remplacement-ocean-signal-hr1e\/","name":"Ocean Signal HR1E Replacement Hydrostatic Release Unit - Ocean Signal","isPartOf":{"@id":"https:\/\/oceansignal.com\/fr\/#website"},"primaryImageOfPage":{"@id":"https:\/\/oceansignal.com\/fr\/products\/unite-de-declenchement-hydrostatique-de-remplacement-ocean-signal-hr1e\/#primaryimage"},"image":{"@id":"https:\/\/oceansignal.com\/fr\/products\/unite-de-declenchement-hydrostatique-de-remplacement-ocean-signal-hr1e\/#primaryimage"},"thumbnailUrl":"https:\/\/oceansignal.com\/wp-content\/uploads\/2024\/03\/HR1E_Front.png","datePublished":"2024-03-15T17:33:28+00:00","dateModified":"2025-07-08T09:36:26+00:00","description":"Unit\u00e9 de largage hydrostatique de remplacement Ocean Signal SafeSea HR1E ou HRU pour les EPIRB SafeSea et rescueME . Achetez votre unit\u00e9 de largage hydrostatique de remplacement EPIRB HRU d\u00e8s aujourd'hui.","breadcrumb":{"@id":"https:\/\/oceansignal.com\/fr\/products\/unite-de-declenchement-hydrostatique-de-remplacement-ocean-signal-hr1e\/#breadcrumb"},"inLanguage":"fr-FR","potentialAction":[{"@type":"ReadAction","target":["https:\/\/oceansignal.com\/fr\/products\/unite-de-declenchement-hydrostatique-de-remplacement-ocean-signal-hr1e\/"]}]},{"@type":"ImageObject","inLanguage":"fr-FR","@id":"https:\/\/oceansignal.com\/fr\/products\/unite-de-declenchement-hydrostatique-de-remplacement-ocean-signal-hr1e\/#primaryimage","url":"https:\/\/oceansignal.com\/wp-content\/uploads\/2024\/03\/HR1E_Front.png","contentUrl":"https:\/\/oceansignal.com\/wp-content\/uploads\/2024\/03\/HR1E_Front.png","width":2147,"height":2147,"caption":"Unit\u00e9 de largage hydrostatique Ocean Signal SafeSea HR1E - \u00e9quipement de s\u00e9curit\u00e9 maritime essentiel pour l'activation automatique des radeaux de sauvetage"},{"@type":"BreadcrumbList","@id":"https:\/\/oceansignal.com\/fr\/products\/unite-de-declenchement-hydrostatique-de-remplacement-ocean-signal-hr1e\/#breadcrumb","itemListElement":[{"@type":"ListItem","position":1,"name":"Produits","item":"https:\/\/oceansignal.com\/fr\/produits\/"},{"@type":"ListItem","position":2,"name":"Ocean Signal HR1E Replacement Hydrostatic Release Unit"}]},{"@type":"WebSite","@id":"https:\/\/oceansignal.com\/fr\/#website","url":"https:\/\/oceansignal.com\/fr\/","name":"Ocean Signal","description":"A leading manufacturer of EPIRBs, AIS, SARTs, Personal Locator Beacons, Man Overboard Beacon for the Marine and Outdoor Markets.","potentialAction":[{"@type":"SearchAction","target":{"@type":"EntryPoint","urlTemplate":"https:\/\/oceansignal.com\/fr\/?s={search_term_string}"},"query-input":{"@type":"PropertyValueSpecification","valueRequired":true,"valueName":"search_term_string"}}],"inLanguage":"fr-FR"}]}},"_links":{"self":[{"href":"https:\/\/oceansignal.com\/fr\/wp-json\/wp\/v2\/product\/6542","targetHints":{"allow":["GET"]}}],"collection":[{"href":"https:\/\/oceansignal.com\/fr\/wp-json\/wp\/v2\/product"}],"about":[{"href":"https:\/\/oceansignal.com\/fr\/wp-json\/wp\/v2\/types\/product"}],"wp:featuredmedia":[{"embeddable":true,"href":"https:\/\/oceansignal.com\/fr\/wp-json\/wp\/v2\/media\/22877"}],"wp:attachment":[{"href":"https:\/\/oceansignal.com\/fr\/wp-json\/wp\/v2\/media?parent=6542"}],"wp:term":[{"taxonomy":"product_brand","embeddable":true,"href":"https:\/\/oceansignal.com\/fr\/wp-json\/wp\/v2\/product_brand?post=6542"},{"taxonomy":"product_cat","embeddable":true,"href":"https:\/\/oceansignal.com\/fr\/wp-json\/wp\/v2\/product_cat?post=6542"},{"taxonomy":"product_tag","embeddable":true,"href":"https:\/\/oceansignal.com\/fr\/wp-json\/wp\/v2\/product_tag?post=6542"}],"curies":[{"name":"wp","href":"https:\/\/api.w.org\/{rel}","templated":true}]}}