{"id":7046,"date":"2023-09-08T12:03:59","date_gmt":"2023-09-08T12:03:59","guid":{"rendered":"https:\/\/oceansignal.com\/products\/emetteur-recepteur-ais-atb1-classe-b\/"},"modified":"2025-09-23T15:43:17","modified_gmt":"2025-09-23T15:43:17","slug":"emetteur-recepteur-ais-atb1-classe-b","status":"publish","type":"product","link":"https:\/\/oceansignal.com\/fr\/products\/emetteur-recepteur-ais-atb1-classe-b\/","title":{"rendered":"\u00c9metteur-r\u00e9cepteur AIS ATB1 Classe B+"},"content":{"rendered":"<p><strong><span class=\"fontstyle0\">L\u2019ATB1 doit \u00eatre configur\u00e9 par l\u2019utilisateur pour entrer le num\u00e9ro MMSI du navire et d\u2019autres d\u00e9tails.<\/span><\/strong><br \/>\n<strong><span class=\"fontstyle0\">Cela peut \u00eatre r\u00e9alis\u00e9 par une application mobile ou un programme Web, veuillez s\u00e9lectionner le lien Programmation du produit sous le nom du produit pour commencer la configuration.<br \/>\n<\/span><\/strong><\/p>\n<p>&nbsp;<\/p>\n<ul>\n<li>Fiches d\u2019information AIS : <a href=\"http:\/\/oceansignal.com\/wp-content\/uploads\/2023\/09\/AIS_Message_Structure.pdf\" target=\"_blank\" rel=\"noopener\">Structure des messages AIS<\/a>, <a href=\"http:\/\/oceansignal.com\/wp-content\/uploads\/2023\/09\/AIS_Multiplexing.pdf\" target=\"_blank\" rel=\"noopener\">multiplexage AIS<\/a>, <a href=\"http:\/\/oceansignal.com\/wp-content\/uploads\/2023\/09\/AIS_with_LRM_Explained.pdf\" target=\"_blank\" rel=\"noopener\">AIS avec LRM expliqu\u00e9s<\/a><\/li>\n<\/ul>\n<p>&nbsp;<\/p>\n<p><span class=\"fontstyle0\">Les informations sur votre navire, telles que la position, la vitesse, le cap et le cap, sont d\u00e9termin\u00e9es automatiquement et en continu \u00e0 l&rsquo;aide de l&rsquo;impressionnant r\u00e9cepteur multi-GPS interne pour un positionnement global pr\u00e9cis<\/span> . Dot\u00e9e de 99 canaux d&rsquo;acquisition et de 33 canaux de suivi, cette technologie avanc\u00e9e garantit que les transmissions AIS fournissent \u00e0 tout moment l&rsquo;indication la plus pr\u00e9cise de la position de votre navire. <\/p>\n<p>&nbsp;<\/p>\n<p><span class=\"fontstyle0\">D&rsquo;autres informations sur le navire, telles que le nom du navire, l&rsquo;indicatif d&rsquo;appel, le type et les dimensions ainsi que le MMSI sont \u00e9galement transmises automatiquement depuis l&rsquo;ATB1. Ces informations sont t\u00e9l\u00e9charg\u00e9es sur l&rsquo;ATB1 via WiFi directement depuis l&rsquo;application mobile ou le site Web convivial d&rsquo; Ocean Signal . Une fois ces informations t\u00e9l\u00e9charg\u00e9es, elles restent stock\u00e9es dans la m\u00e9moire non volatile de l&rsquo;appareil, m\u00eame en cas d&rsquo;arr\u00eat prolong\u00e9.  <\/span><\/p>\n<p>&nbsp;<\/p>\n<p><span class=\"fontstyle0\">L\u2019ATB1 re\u00e7oit et interpr\u00e8te \u00e9galement les messages AIS d\u2019autres navires \u00e9quip\u00e9s de l\u2019AIS \u00e0 port\u00e9e, qui peuvent ensuite \u00eatre relay\u00e9s sans effort \u00e0 d\u2019autres appareils de navigation tels que des traceurs de cartes, des ordinateurs portables ou des mobiles \u00e0 l\u2019aide des sorties NMEA 0183, NMEA 2000,<\/span><span class=\"fontstyle0\">\u00ae<\/span> <span class=\"fontstyle0\">USB ou WiFi<\/span> de l\u2019ATB1.<\/p>\n<p>&nbsp;<\/p>\n<p><span class=\"fontstyle0\">L&rsquo;utilisation du sch\u00e9ma d&rsquo;acc\u00e8s SOTDMA* sup\u00e9rieur distingue l&rsquo;ATB1 des produits CSTDMA** de classe B disponibles. Cette unit\u00e9 Ocean Signal de classe B+ a la m\u00eame priorit\u00e9 de transmission AIS qu&rsquo;une unit\u00e9 de classe A, ce qui donne l&rsquo;assurance suppl\u00e9mentaire qu&rsquo;il n&rsquo;y aura aucune perte ou retard de transmission, m\u00eame dans les zones \u00e0 fort trafic. <\/span><\/p>\n<p>&nbsp;<\/p>\n<p><span class=\"fontstyle0\">L\u2019ATB1 a \u00e9galement un taux de rapport plus rapide et une puissance de sortie plus \u00e9lev\u00e9e que les unit\u00e9s CSTDMA de classe B.  <\/span><span class=\"fontstyle0\">Il envoie des transmissions AIS toutes les 5 secondes au lieu du maximum de deux transmissions par minute et la puissance de sortie de 5W au lieu de 2W permet \u00e0 vos transmissions d\u2019aller plus loin.<\/span><\/p>\n<p>&nbsp;<\/p>\n<p><span class=\"fontstyle0\">Un voyant LED multicolore sur l&rsquo;ATB1 signale l&rsquo;\u00e9tat de fonctionnement actuel de l&rsquo;appareil. Cette fonction de s\u00e9curit\u00e9 suppl\u00e9mentaire vous donne la certitude que l&rsquo;ATB1 dispose d&rsquo;une transmission AIS continue et de performances optimales. L&rsquo;ATB1 a une conception \u00e9tanche \u00e9l\u00e9gante mais robuste qui offre de hautes performances et une faible consommation d&rsquo;\u00e9nergie.    <\/span><\/p>\n<p>&nbsp;<\/p>\n<p><span class=\"fontstyle0\">Il est rapide et simple \u00e0 installer et est livr\u00e9 avec une<\/span> <span class=\"fontstyle0\">antenne GPS externe, ce qui signifie que tout ce dont vous avez besoin est d&rsquo;utiliser un appareil appropri\u00e9 (t\u00e9l\u00e9phone portable, tablette ou PC) pour t\u00e9l\u00e9charger les informations de votre navire, et vous pouvez commencer<\/span> <span class=\"fontstyle0\">\u00e0 transmettre vos messages AIS en quelques minutes.<\/span><\/p>\n<p>&nbsp;<\/p>\n<p><span class=\"fontstyle0\">Leader dans le domaine des produits maritimes de sauvetage pour les march\u00e9s professionnels et de loisirs, Ocean Signal offre une fois de plus le nec plus ultra en mati\u00e8re de s\u00e9curit\u00e9 et de tranquillit\u00e9 d&rsquo;esprit avec l&rsquo;\u00e9metteur-r\u00e9cepteur de classe B ATB1.<\/span><\/p>\n<p>&nbsp;<\/p>\n<p><em><span class=\"fontstyle0\">* Acc\u00e8s multiple par r\u00e9partition dans le temps auto-organis\u00e9<br \/>\n ** Acc\u00e8s multiple par r\u00e9partition dans le temps avec d\u00e9tection de porteuse<\/span><\/em><\/p>\n<p>&nbsp;<\/p>\n<p>Pour les mises \u00e0 jour du firmware ATB1 et l&rsquo;historique des r\u00e9visions, veuillez consulter <strong><a href=\"http:\/\/oceansignal.com\/support\/product-programming\/atb1-class-b-ais-transceiver-programming\/software-updates\/\">cette page<\/a><\/strong> .<\/p>\n","protected":false},"excerpt":{"rendered":"<p><span class=\"fontstyle0\">L&rsquo;\u00e9metteur-r\u00e9cepteur AIS Ocean Signal <span class=\"fontstyle2\">ATB1<\/span> Classe B+ incorporant le sch\u00e9ma d&rsquo;acc\u00e8s <span class=\"fontstyle2\">SOTDMA<\/span> sup\u00e9rieur offre une visibilit\u00e9 et une s\u00e9curit\u00e9 accrues en mer.<\/span><\/p>\n<p> <span class=\"fontstyle0\">L&rsquo;\u00e9metteur-r\u00e9cepteur AIS ATB1 Classe B+ (SOTDMA) enti\u00e8rement conforme d&rsquo; Ocean Signal est le dernier d&rsquo;une longue gamme d&rsquo;\u00e9quipements de s\u00e9curit\u00e9 maritime essentiels d\u00e9velopp\u00e9s et fabriqu\u00e9s au Royaume-Uni pour le<\/span> march\u00e9 maritime.<\/p>\n<p> <span class=\"fontstyle0\">Con\u00e7u pour aider \u00e0 \u00e9viter les collisions, il offre un avantage significatif en mati\u00e8re de s\u00e9curit\u00e9 de navigation, vous donnant la tranquillit\u00e9 d&rsquo;esprit que votre navire sera vu de jour comme de nuit, quelle que soit la m\u00e9t\u00e9o, sur les voies navigables tr\u00e8s fr\u00e9quent\u00e9es d&rsquo;aujourd&rsquo;hui.<\/span><\/p>\n","protected":false},"featured_media":20889,"template":"","meta":{"_acf_changed":false,"om_disable_all_campaigns":false},"product_brand":[],"product_cat":[349],"product_tag":[],"class_list":{"0":"post-7046","1":"product","2":"type-product","3":"status-publish","4":"has-post-thumbnail","6":"product_cat-abandonne","8":"first","9":"outofstock","10":"taxable","11":"shipping-taxable","12":"product-type-simple"},"acf":[],"yoast_head":"<!-- This site is optimized with the Yoast SEO Premium plugin v25.2 (Yoast SEO v26.4) - https:\/\/yoast.com\/wordpress\/plugins\/seo\/ -->\n<title>\u00c9metteur-r\u00e9cepteur AIS ATB1 Classe B+ - Ocean Signal<\/title>\n<meta name=\"robots\" content=\"index, follow, max-snippet:-1, max-image-preview:large, max-video-preview:-1\" \/>\n<link rel=\"canonical\" href=\"https:\/\/oceansignal.com\/fr\/products\/emetteur-recepteur-ais-atb1-classe-b\/\" \/>\n<meta property=\"og:locale\" content=\"fr_FR\" \/>\n<meta property=\"og:type\" content=\"article\" \/>\n<meta property=\"og:title\" content=\"\u00c9metteur-r\u00e9cepteur AIS ATB1 Classe B+\" \/>\n<meta property=\"og:description\" content=\"L&#039;\u00e9metteur-r\u00e9cepteur AIS Ocean Signal ATB1 Classe B+ incorporant le sch\u00e9ma d&#039;acc\u00e8s SOTDMA sup\u00e9rieur offre une visibilit\u00e9 et une s\u00e9curit\u00e9 accrues en mer.  L&#039;\u00e9metteur-r\u00e9cepteur AIS ATB1 Classe B+ (SOTDMA) enti\u00e8rement conforme d&#039; Ocean Signal est le dernier d&#039;une longue gamme d&#039;\u00e9quipements de s\u00e9curit\u00e9 maritime essentiels d\u00e9velopp\u00e9s et fabriqu\u00e9s au Royaume-Uni pour le march\u00e9 maritime.  Con\u00e7u pour aider \u00e0 \u00e9viter les collisions, il offre un avantage significatif en mati\u00e8re de s\u00e9curit\u00e9 de navigation, vous donnant la tranquillit\u00e9 d&#039;esprit que votre navire sera vu de jour comme de nuit, quelle que soit la m\u00e9t\u00e9o, sur les voies navigables tr\u00e8s fr\u00e9quent\u00e9es d&#039;aujourd&#039;hui.\" \/>\n<meta property=\"og:url\" content=\"https:\/\/oceansignal.com\/fr\/products\/emetteur-recepteur-ais-atb1-classe-b\/\" \/>\n<meta property=\"og:site_name\" content=\"Ocean Signal\" \/>\n<meta property=\"article:modified_time\" content=\"2025-09-23T15:43:17+00:00\" \/>\n<meta property=\"og:image\" content=\"https:\/\/oceansignal.com\/wp-content\/uploads\/2023\/09\/OSL-ATB1-Bundle-360_600x600-1.gif\" \/>\n\t<meta property=\"og:image:width\" content=\"600\" \/>\n\t<meta property=\"og:image:height\" content=\"600\" \/>\n\t<meta property=\"og:image:type\" content=\"image\/gif\" \/>\n<meta name=\"twitter:card\" content=\"summary_large_image\" \/>\n<meta name=\"twitter:label1\" content=\"Dur\u00e9e de lecture estim\u00e9e\" \/>\n\t<meta name=\"twitter:data1\" content=\"3 minutes\" \/>\n<script type=\"application\/ld+json\" class=\"yoast-schema-graph\">{\"@context\":\"https:\/\/schema.org\",\"@graph\":[{\"@type\":\"WebPage\",\"@id\":\"https:\/\/oceansignal.com\/fr\/products\/emetteur-recepteur-ais-atb1-classe-b\/\",\"url\":\"https:\/\/oceansignal.com\/fr\/products\/emetteur-recepteur-ais-atb1-classe-b\/\",\"name\":\"\u00c9metteur-r\u00e9cepteur AIS ATB1 Classe B+ - Ocean Signal\",\"isPartOf\":{\"@id\":\"https:\/\/oceansignal.com\/fr\/#website\"},\"primaryImageOfPage\":{\"@id\":\"https:\/\/oceansignal.com\/fr\/products\/emetteur-recepteur-ais-atb1-classe-b\/#primaryimage\"},\"image\":{\"@id\":\"https:\/\/oceansignal.com\/fr\/products\/emetteur-recepteur-ais-atb1-classe-b\/#primaryimage\"},\"thumbnailUrl\":\"https:\/\/oceansignal.com\/wp-content\/uploads\/2023\/09\/OSL-ATB1-Bundle-360_600x600-1.gif\",\"datePublished\":\"2023-09-08T12:03:59+00:00\",\"dateModified\":\"2025-09-23T15:43:17+00:00\",\"breadcrumb\":{\"@id\":\"https:\/\/oceansignal.com\/fr\/products\/emetteur-recepteur-ais-atb1-classe-b\/#breadcrumb\"},\"inLanguage\":\"fr-FR\",\"potentialAction\":[{\"@type\":\"ReadAction\",\"target\":[\"https:\/\/oceansignal.com\/fr\/products\/emetteur-recepteur-ais-atb1-classe-b\/\"]}]},{\"@type\":\"ImageObject\",\"inLanguage\":\"fr-FR\",\"@id\":\"https:\/\/oceansignal.com\/fr\/products\/emetteur-recepteur-ais-atb1-classe-b\/#primaryimage\",\"url\":\"https:\/\/oceansignal.com\/wp-content\/uploads\/2023\/09\/OSL-ATB1-Bundle-360_600x600-1.gif\",\"contentUrl\":\"https:\/\/oceansignal.com\/wp-content\/uploads\/2023\/09\/OSL-ATB1-Bundle-360_600x600-1.gif\",\"width\":600,\"height\":600},{\"@type\":\"BreadcrumbList\",\"@id\":\"https:\/\/oceansignal.com\/fr\/products\/emetteur-recepteur-ais-atb1-classe-b\/#breadcrumb\",\"itemListElement\":[{\"@type\":\"ListItem\",\"position\":1,\"name\":\"Produits\",\"item\":\"https:\/\/oceansignal.com\/fr\/produits\/\"},{\"@type\":\"ListItem\",\"position\":2,\"name\":\"\u00c9metteur-r\u00e9cepteur AIS ATB1 Classe B+\"}]},{\"@type\":\"WebSite\",\"@id\":\"https:\/\/oceansignal.com\/fr\/#website\",\"url\":\"https:\/\/oceansignal.com\/fr\/\",\"name\":\"Ocean Signal\",\"description\":\"A leading manufacturer of EPIRBs, AIS, SARTs, Personal Locator Beacons, Man Overboard Beacon for the Marine and Outdoor Markets.\",\"potentialAction\":[{\"@type\":\"SearchAction\",\"target\":{\"@type\":\"EntryPoint\",\"urlTemplate\":\"https:\/\/oceansignal.com\/fr\/?s={search_term_string}\"},\"query-input\":{\"@type\":\"PropertyValueSpecification\",\"valueRequired\":true,\"valueName\":\"search_term_string\"}}],\"inLanguage\":\"fr-FR\"}]}<\/script>\n<!-- \/ Yoast SEO Premium plugin. -->","yoast_head_json":{"title":"\u00c9metteur-r\u00e9cepteur AIS ATB1 Classe B+ - Ocean Signal","robots":{"index":"index","follow":"follow","max-snippet":"max-snippet:-1","max-image-preview":"max-image-preview:large","max-video-preview":"max-video-preview:-1"},"canonical":"https:\/\/oceansignal.com\/fr\/products\/emetteur-recepteur-ais-atb1-classe-b\/","og_locale":"fr_FR","og_type":"article","og_title":"\u00c9metteur-r\u00e9cepteur AIS ATB1 Classe B+","og_description":"L'\u00e9metteur-r\u00e9cepteur AIS Ocean Signal ATB1 Classe B+ incorporant le sch\u00e9ma d'acc\u00e8s SOTDMA sup\u00e9rieur offre une visibilit\u00e9 et une s\u00e9curit\u00e9 accrues en mer.  L'\u00e9metteur-r\u00e9cepteur AIS ATB1 Classe B+ (SOTDMA) enti\u00e8rement conforme d' Ocean Signal est le dernier d'une longue gamme d'\u00e9quipements de s\u00e9curit\u00e9 maritime essentiels d\u00e9velopp\u00e9s et fabriqu\u00e9s au Royaume-Uni pour le march\u00e9 maritime.  Con\u00e7u pour aider \u00e0 \u00e9viter les collisions, il offre un avantage significatif en mati\u00e8re de s\u00e9curit\u00e9 de navigation, vous donnant la tranquillit\u00e9 d'esprit que votre navire sera vu de jour comme de nuit, quelle que soit la m\u00e9t\u00e9o, sur les voies navigables tr\u00e8s fr\u00e9quent\u00e9es d'aujourd'hui.","og_url":"https:\/\/oceansignal.com\/fr\/products\/emetteur-recepteur-ais-atb1-classe-b\/","og_site_name":"Ocean Signal","article_modified_time":"2025-09-23T15:43:17+00:00","og_image":[{"url":"https:\/\/oceansignal.com\/wp-content\/uploads\/2023\/09\/OSL-ATB1-Bundle-360_600x600-1.gif","width":600,"height":600,"type":"image\/gif"}],"twitter_card":"summary_large_image","twitter_misc":{"Dur\u00e9e de lecture estim\u00e9e":"3 minutes"},"schema":{"@context":"https:\/\/schema.org","@graph":[{"@type":"WebPage","@id":"https:\/\/oceansignal.com\/fr\/products\/emetteur-recepteur-ais-atb1-classe-b\/","url":"https:\/\/oceansignal.com\/fr\/products\/emetteur-recepteur-ais-atb1-classe-b\/","name":"\u00c9metteur-r\u00e9cepteur AIS ATB1 Classe B+ - Ocean Signal","isPartOf":{"@id":"https:\/\/oceansignal.com\/fr\/#website"},"primaryImageOfPage":{"@id":"https:\/\/oceansignal.com\/fr\/products\/emetteur-recepteur-ais-atb1-classe-b\/#primaryimage"},"image":{"@id":"https:\/\/oceansignal.com\/fr\/products\/emetteur-recepteur-ais-atb1-classe-b\/#primaryimage"},"thumbnailUrl":"https:\/\/oceansignal.com\/wp-content\/uploads\/2023\/09\/OSL-ATB1-Bundle-360_600x600-1.gif","datePublished":"2023-09-08T12:03:59+00:00","dateModified":"2025-09-23T15:43:17+00:00","breadcrumb":{"@id":"https:\/\/oceansignal.com\/fr\/products\/emetteur-recepteur-ais-atb1-classe-b\/#breadcrumb"},"inLanguage":"fr-FR","potentialAction":[{"@type":"ReadAction","target":["https:\/\/oceansignal.com\/fr\/products\/emetteur-recepteur-ais-atb1-classe-b\/"]}]},{"@type":"ImageObject","inLanguage":"fr-FR","@id":"https:\/\/oceansignal.com\/fr\/products\/emetteur-recepteur-ais-atb1-classe-b\/#primaryimage","url":"https:\/\/oceansignal.com\/wp-content\/uploads\/2023\/09\/OSL-ATB1-Bundle-360_600x600-1.gif","contentUrl":"https:\/\/oceansignal.com\/wp-content\/uploads\/2023\/09\/OSL-ATB1-Bundle-360_600x600-1.gif","width":600,"height":600},{"@type":"BreadcrumbList","@id":"https:\/\/oceansignal.com\/fr\/products\/emetteur-recepteur-ais-atb1-classe-b\/#breadcrumb","itemListElement":[{"@type":"ListItem","position":1,"name":"Produits","item":"https:\/\/oceansignal.com\/fr\/produits\/"},{"@type":"ListItem","position":2,"name":"\u00c9metteur-r\u00e9cepteur AIS ATB1 Classe B+"}]},{"@type":"WebSite","@id":"https:\/\/oceansignal.com\/fr\/#website","url":"https:\/\/oceansignal.com\/fr\/","name":"Ocean Signal","description":"A leading manufacturer of EPIRBs, AIS, SARTs, Personal Locator Beacons, Man Overboard Beacon for the Marine and Outdoor Markets.","potentialAction":[{"@type":"SearchAction","target":{"@type":"EntryPoint","urlTemplate":"https:\/\/oceansignal.com\/fr\/?s={search_term_string}"},"query-input":{"@type":"PropertyValueSpecification","valueRequired":true,"valueName":"search_term_string"}}],"inLanguage":"fr-FR"}]}},"_links":{"self":[{"href":"https:\/\/oceansignal.com\/fr\/wp-json\/wp\/v2\/product\/7046","targetHints":{"allow":["GET"]}}],"collection":[{"href":"https:\/\/oceansignal.com\/fr\/wp-json\/wp\/v2\/product"}],"about":[{"href":"https:\/\/oceansignal.com\/fr\/wp-json\/wp\/v2\/types\/product"}],"wp:featuredmedia":[{"embeddable":true,"href":"https:\/\/oceansignal.com\/fr\/wp-json\/wp\/v2\/media\/20889"}],"wp:attachment":[{"href":"https:\/\/oceansignal.com\/fr\/wp-json\/wp\/v2\/media?parent=7046"}],"wp:term":[{"taxonomy":"product_brand","embeddable":true,"href":"https:\/\/oceansignal.com\/fr\/wp-json\/wp\/v2\/product_brand?post=7046"},{"taxonomy":"product_cat","embeddable":true,"href":"https:\/\/oceansignal.com\/fr\/wp-json\/wp\/v2\/product_cat?post=7046"},{"taxonomy":"product_tag","embeddable":true,"href":"https:\/\/oceansignal.com\/fr\/wp-json\/wp\/v2\/product_tag?post=7046"}],"curies":[{"name":"wp","href":"https:\/\/api.w.org\/{rel}","templated":true}]}}