{"id":7058,"date":"2023-09-08T12:12:42","date_gmt":"2023-09-08T12:12:42","guid":{"rendered":"https:\/\/oceansignal.com\/products\/ensemble-ais-atb1-classe-b-ais\/"},"modified":"2025-07-30T12:31:19","modified_gmt":"2025-07-30T12:31:19","slug":"ensemble-ais-atb1-classe-b-ais","status":"publish","type":"product","link":"https:\/\/oceansignal.com\/fr\/products\/ensemble-ais-atb1-classe-b-ais\/","title":{"rendered":"Ensemble AIS ATB1 Classe B+ AIS"},"content":{"rendered":"<p>&nbsp;<\/p>\n<table>\n<tbody>\n<tr>\n<th><\/th>\n<th class=\"content-entry\">Facilement int\u00e9gr\u00e9 dans un gilet de sauvetage, le MOB1 compact communique avec l&rsquo;ATB1, ainsi qu&rsquo;avec les bateaux \u00e9quip\u00e9s d&rsquo;AIS dans un rayon d&rsquo;environ cinq milles, et fournira deux m\u00e9thodes pour relayer rapidement la position de l&rsquo;homme \u00e0 la mer en cas d&rsquo;urgence. Tout d&rsquo;abord, il transmet une alerte \u00e0 tous les r\u00e9cepteurs AIS et traceurs compatibles AIS \u00e0 proximit\u00e9. Ensuite, le MOB1 activera l&rsquo;alarme DSC sur la radio VHF du navire pour alerter les autres membres de l&rsquo;\u00e9quipage. L&rsquo;\u00e9quipage \u00e9tant en mesure de suivre la position de la personne pendant la r\u00e9cup\u00e9ration, la lumi\u00e8re stroboscopique int\u00e9gr\u00e9e avec lentille moul\u00e9e garantit alors que le survivant est facilement rep\u00e9rable dans des conditions de faible luminosit\u00e9.   <\/th>\n<\/tr>\n<tr>\n<th><\/th>\n<th><a href=\"https:\/\/oceansignal.com\/fr\/products\/rescueme-mob1\/\">Cliquez ici pour plus de d\u00e9tails sur le MOB1<\/a><\/p>\n<p>&nbsp;<\/th>\n<\/tr>\n<tr>\n<th><\/th>\n<th><\/th>\n<\/tr>\n<tr>\n<th><\/th>\n<th>Le transpondeur AIS ATB1 de classe B+ (SOTDMA) avanc\u00e9 d&rsquo; Ocean Signal est con\u00e7u pour offrir aux propri\u00e9taires de bateaux une visibilit\u00e9 et une s\u00e9curit\u00e9 de navigation accrues. Int\u00e9grant la technologie SOTDMA sup\u00e9rieure, l&rsquo;ATB1 offre des avantages significatifs, notamment une priorit\u00e9 accrue pour les rapports de position sans perte ni retard de transmission, am\u00e9liorant la capacit\u00e9 de l&rsquo;utilisateur \u00e0 \u00eatre vu par les autres navires dans les eaux fr\u00e9quent\u00e9es et \u00e0 \u00e9viter les collisions de jour comme de nuit, quelles que soient les conditions. Il a un taux de rapport plus rapide et une puissance de sortie plus \u00e9lev\u00e9e que les unit\u00e9s CSTDMA de classe B standard, envoyant des transmissions AIS toutes les cinq secondes au lieu des deux transmissions CSTDMA par minute. La puissance de sortie de 5 W de l&rsquo;unit\u00e9, par rapport aux 2 W standard, permet aux transmissions d&rsquo;atteindre une plus grande port\u00e9e.   <\/th>\n<\/tr>\n<tr>\n<th><\/th>\n<th><a href=\"https:\/\/oceansignal.com\/products\/atb1\/\">Cliquez ici pour plus de d\u00e9tails sur l\u2019ATB1<\/a><\/th>\n<\/tr>\n<\/tbody>\n<\/table>\n","protected":false},"excerpt":{"rendered":"<p>Le nouveau pack AIS Ocean Signal ATB1 r\u00e9unit la derni\u00e8re technologie AIS Classe B+ du transpondeur ATB1 avec deux balises homme \u00e0 la mer prim\u00e9es rescueME MOB1 pour garantir les meilleures chances de sauvetage rapide depuis le propre navire du survivant ou d&rsquo;autres navires \u00e0 proximit\u00e9 si quelqu&rsquo;un tombe \u00e0 l&rsquo;eau, le kit AIS porte la s\u00e9curit\u00e9 \u00e0 bord \u00e0 un nouveau niveau.<\/p>\n","protected":false},"featured_media":19210,"template":"","meta":{"_acf_changed":false,"om_disable_all_campaigns":false},"product_brand":[],"product_cat":[349],"product_tag":[],"class_list":{"0":"post-7058","1":"product","2":"type-product","3":"status-publish","4":"has-post-thumbnail","6":"product_cat-abandonne","8":"first","9":"instock","10":"taxable","11":"shipping-taxable","12":"product-type-simple"},"acf":[],"yoast_head":"<!-- This site is optimized with the Yoast SEO Premium plugin v25.2 (Yoast SEO v26.4) - https:\/\/yoast.com\/wordpress\/plugins\/seo\/ -->\n<title>Ensemble AIS ATB1 Classe B+ AIS - Ocean Signal<\/title>\n<meta name=\"robots\" content=\"index, follow, max-snippet:-1, max-image-preview:large, max-video-preview:-1\" \/>\n<link rel=\"canonical\" href=\"https:\/\/oceansignal.com\/fr\/products\/ensemble-ais-atb1-classe-b-ais\/\" \/>\n<meta property=\"og:locale\" content=\"fr_FR\" \/>\n<meta property=\"og:type\" content=\"article\" \/>\n<meta property=\"og:title\" content=\"Ensemble AIS ATB1 Classe B+ AIS\" \/>\n<meta property=\"og:description\" content=\"Le nouveau pack AIS Ocean Signal ATB1 r\u00e9unit la derni\u00e8re technologie AIS Classe B+ du transpondeur ATB1 avec deux balises homme \u00e0 la mer prim\u00e9es rescueME MOB1 pour garantir les meilleures chances de sauvetage rapide depuis le propre navire du survivant ou d&#039;autres navires \u00e0 proximit\u00e9 si quelqu&#039;un tombe \u00e0 l&#039;eau, le kit AIS porte la s\u00e9curit\u00e9 \u00e0 bord \u00e0 un nouveau niveau.\" \/>\n<meta property=\"og:url\" content=\"https:\/\/oceansignal.com\/fr\/products\/ensemble-ais-atb1-classe-b-ais\/\" \/>\n<meta property=\"og:site_name\" content=\"Ocean Signal\" \/>\n<meta property=\"article:modified_time\" content=\"2025-07-30T12:31:19+00:00\" \/>\n<meta property=\"og:image\" content=\"https:\/\/oceansignal.com\/wp-content\/uploads\/2023\/09\/OSL-ATB1-MOB-Bundle1-Left-Angle.png\" \/>\n\t<meta property=\"og:image:width\" content=\"720\" \/>\n\t<meta property=\"og:image:height\" content=\"720\" \/>\n\t<meta property=\"og:image:type\" content=\"image\/png\" \/>\n<meta name=\"twitter:card\" content=\"summary_large_image\" \/>\n<meta name=\"twitter:label1\" content=\"Dur\u00e9e de lecture estim\u00e9e\" \/>\n\t<meta name=\"twitter:data1\" content=\"1 minute\" \/>\n<script type=\"application\/ld+json\" class=\"yoast-schema-graph\">{\"@context\":\"https:\/\/schema.org\",\"@graph\":[{\"@type\":\"WebPage\",\"@id\":\"https:\/\/oceansignal.com\/fr\/products\/ensemble-ais-atb1-classe-b-ais\/\",\"url\":\"https:\/\/oceansignal.com\/fr\/products\/ensemble-ais-atb1-classe-b-ais\/\",\"name\":\"Ensemble AIS ATB1 Classe B+ AIS - Ocean Signal\",\"isPartOf\":{\"@id\":\"https:\/\/oceansignal.com\/fr\/#website\"},\"primaryImageOfPage\":{\"@id\":\"https:\/\/oceansignal.com\/fr\/products\/ensemble-ais-atb1-classe-b-ais\/#primaryimage\"},\"image\":{\"@id\":\"https:\/\/oceansignal.com\/fr\/products\/ensemble-ais-atb1-classe-b-ais\/#primaryimage\"},\"thumbnailUrl\":\"https:\/\/oceansignal.com\/wp-content\/uploads\/2023\/09\/OSL-ATB1-MOB-Bundle1-Left-Angle.png\",\"datePublished\":\"2023-09-08T12:12:42+00:00\",\"dateModified\":\"2025-07-30T12:31:19+00:00\",\"breadcrumb\":{\"@id\":\"https:\/\/oceansignal.com\/fr\/products\/ensemble-ais-atb1-classe-b-ais\/#breadcrumb\"},\"inLanguage\":\"fr-FR\",\"potentialAction\":[{\"@type\":\"ReadAction\",\"target\":[\"https:\/\/oceansignal.com\/fr\/products\/ensemble-ais-atb1-classe-b-ais\/\"]}]},{\"@type\":\"ImageObject\",\"inLanguage\":\"fr-FR\",\"@id\":\"https:\/\/oceansignal.com\/fr\/products\/ensemble-ais-atb1-classe-b-ais\/#primaryimage\",\"url\":\"https:\/\/oceansignal.com\/wp-content\/uploads\/2023\/09\/OSL-ATB1-MOB-Bundle1-Left-Angle.png\",\"contentUrl\":\"https:\/\/oceansignal.com\/wp-content\/uploads\/2023\/09\/OSL-ATB1-MOB-Bundle1-Left-Angle.png\",\"width\":720,\"height\":720},{\"@type\":\"BreadcrumbList\",\"@id\":\"https:\/\/oceansignal.com\/fr\/products\/ensemble-ais-atb1-classe-b-ais\/#breadcrumb\",\"itemListElement\":[{\"@type\":\"ListItem\",\"position\":1,\"name\":\"Produits\",\"item\":\"https:\/\/oceansignal.com\/fr\/produits\/\"},{\"@type\":\"ListItem\",\"position\":2,\"name\":\"Ensemble AIS ATB1 Classe B+ AIS\"}]},{\"@type\":\"WebSite\",\"@id\":\"https:\/\/oceansignal.com\/fr\/#website\",\"url\":\"https:\/\/oceansignal.com\/fr\/\",\"name\":\"Ocean Signal\",\"description\":\"A leading manufacturer of EPIRBs, AIS, SARTs, Personal Locator Beacons, Man Overboard Beacon for the Marine and Outdoor Markets.\",\"potentialAction\":[{\"@type\":\"SearchAction\",\"target\":{\"@type\":\"EntryPoint\",\"urlTemplate\":\"https:\/\/oceansignal.com\/fr\/?s={search_term_string}\"},\"query-input\":{\"@type\":\"PropertyValueSpecification\",\"valueRequired\":true,\"valueName\":\"search_term_string\"}}],\"inLanguage\":\"fr-FR\"}]}<\/script>\n<!-- \/ Yoast SEO Premium plugin. -->","yoast_head_json":{"title":"Ensemble AIS ATB1 Classe B+ AIS - Ocean Signal","robots":{"index":"index","follow":"follow","max-snippet":"max-snippet:-1","max-image-preview":"max-image-preview:large","max-video-preview":"max-video-preview:-1"},"canonical":"https:\/\/oceansignal.com\/fr\/products\/ensemble-ais-atb1-classe-b-ais\/","og_locale":"fr_FR","og_type":"article","og_title":"Ensemble AIS ATB1 Classe B+ AIS","og_description":"Le nouveau pack AIS Ocean Signal ATB1 r\u00e9unit la derni\u00e8re technologie AIS Classe B+ du transpondeur ATB1 avec deux balises homme \u00e0 la mer prim\u00e9es rescueME MOB1 pour garantir les meilleures chances de sauvetage rapide depuis le propre navire du survivant ou d'autres navires \u00e0 proximit\u00e9 si quelqu'un tombe \u00e0 l'eau, le kit AIS porte la s\u00e9curit\u00e9 \u00e0 bord \u00e0 un nouveau niveau.","og_url":"https:\/\/oceansignal.com\/fr\/products\/ensemble-ais-atb1-classe-b-ais\/","og_site_name":"Ocean Signal","article_modified_time":"2025-07-30T12:31:19+00:00","og_image":[{"width":720,"height":720,"url":"https:\/\/oceansignal.com\/wp-content\/uploads\/2023\/09\/OSL-ATB1-MOB-Bundle1-Left-Angle.png","type":"image\/png"}],"twitter_card":"summary_large_image","twitter_misc":{"Dur\u00e9e de lecture estim\u00e9e":"1 minute"},"schema":{"@context":"https:\/\/schema.org","@graph":[{"@type":"WebPage","@id":"https:\/\/oceansignal.com\/fr\/products\/ensemble-ais-atb1-classe-b-ais\/","url":"https:\/\/oceansignal.com\/fr\/products\/ensemble-ais-atb1-classe-b-ais\/","name":"Ensemble AIS ATB1 Classe B+ AIS - Ocean Signal","isPartOf":{"@id":"https:\/\/oceansignal.com\/fr\/#website"},"primaryImageOfPage":{"@id":"https:\/\/oceansignal.com\/fr\/products\/ensemble-ais-atb1-classe-b-ais\/#primaryimage"},"image":{"@id":"https:\/\/oceansignal.com\/fr\/products\/ensemble-ais-atb1-classe-b-ais\/#primaryimage"},"thumbnailUrl":"https:\/\/oceansignal.com\/wp-content\/uploads\/2023\/09\/OSL-ATB1-MOB-Bundle1-Left-Angle.png","datePublished":"2023-09-08T12:12:42+00:00","dateModified":"2025-07-30T12:31:19+00:00","breadcrumb":{"@id":"https:\/\/oceansignal.com\/fr\/products\/ensemble-ais-atb1-classe-b-ais\/#breadcrumb"},"inLanguage":"fr-FR","potentialAction":[{"@type":"ReadAction","target":["https:\/\/oceansignal.com\/fr\/products\/ensemble-ais-atb1-classe-b-ais\/"]}]},{"@type":"ImageObject","inLanguage":"fr-FR","@id":"https:\/\/oceansignal.com\/fr\/products\/ensemble-ais-atb1-classe-b-ais\/#primaryimage","url":"https:\/\/oceansignal.com\/wp-content\/uploads\/2023\/09\/OSL-ATB1-MOB-Bundle1-Left-Angle.png","contentUrl":"https:\/\/oceansignal.com\/wp-content\/uploads\/2023\/09\/OSL-ATB1-MOB-Bundle1-Left-Angle.png","width":720,"height":720},{"@type":"BreadcrumbList","@id":"https:\/\/oceansignal.com\/fr\/products\/ensemble-ais-atb1-classe-b-ais\/#breadcrumb","itemListElement":[{"@type":"ListItem","position":1,"name":"Produits","item":"https:\/\/oceansignal.com\/fr\/produits\/"},{"@type":"ListItem","position":2,"name":"Ensemble AIS ATB1 Classe B+ AIS"}]},{"@type":"WebSite","@id":"https:\/\/oceansignal.com\/fr\/#website","url":"https:\/\/oceansignal.com\/fr\/","name":"Ocean Signal","description":"A leading manufacturer of EPIRBs, AIS, SARTs, Personal Locator Beacons, Man Overboard Beacon for the Marine and Outdoor Markets.","potentialAction":[{"@type":"SearchAction","target":{"@type":"EntryPoint","urlTemplate":"https:\/\/oceansignal.com\/fr\/?s={search_term_string}"},"query-input":{"@type":"PropertyValueSpecification","valueRequired":true,"valueName":"search_term_string"}}],"inLanguage":"fr-FR"}]}},"_links":{"self":[{"href":"https:\/\/oceansignal.com\/fr\/wp-json\/wp\/v2\/product\/7058","targetHints":{"allow":["GET"]}}],"collection":[{"href":"https:\/\/oceansignal.com\/fr\/wp-json\/wp\/v2\/product"}],"about":[{"href":"https:\/\/oceansignal.com\/fr\/wp-json\/wp\/v2\/types\/product"}],"wp:featuredmedia":[{"embeddable":true,"href":"https:\/\/oceansignal.com\/fr\/wp-json\/wp\/v2\/media\/19210"}],"wp:attachment":[{"href":"https:\/\/oceansignal.com\/fr\/wp-json\/wp\/v2\/media?parent=7058"}],"wp:term":[{"taxonomy":"product_brand","embeddable":true,"href":"https:\/\/oceansignal.com\/fr\/wp-json\/wp\/v2\/product_brand?post=7058"},{"taxonomy":"product_cat","embeddable":true,"href":"https:\/\/oceansignal.com\/fr\/wp-json\/wp\/v2\/product_cat?post=7058"},{"taxonomy":"product_tag","embeddable":true,"href":"https:\/\/oceansignal.com\/fr\/wp-json\/wp\/v2\/product_tag?post=7058"}],"curies":[{"name":"wp","href":"https:\/\/api.w.org\/{rel}","templated":true}]}}