{"id":7171,"date":"2023-09-08T12:47:59","date_gmt":"2023-09-08T12:47:59","guid":{"rendered":"https:\/\/oceansignal.com\/products\/alarme-ais\/"},"modified":"2025-11-26T08:54:39","modified_gmt":"2025-11-26T08:54:39","slug":"alarme-ais","status":"publish","type":"product","link":"https:\/\/oceansignal.com\/fr\/products\/alarme-ais\/","title":{"rendered":"AIS Alarm"},"content":{"rendered":"<p>L&rsquo; AIS Alarm Ocean Signal est \u00e9tanche, ce qui permet un montage externe si vous le souhaitez et peut \u00eatre programm\u00e9e par l&rsquo;utilisateur avec jusqu&rsquo;\u00e0 30 num\u00e9ros MMSI individuels pour fournir des alarmes visuelles et sonores (les alarmes sonores ont plusieurs tonalit\u00e9s pour identifier la source du signal AIS &#8211; MOB ou SART).  <span class=\"fontstyle0\">Une option de relais int\u00e9gr\u00e9 permet la connexion \u00e0 une alarme externe ou au coupe-circuit du moteur du navire. Le relais peut \u00eatre programm\u00e9 pour s&rsquo;activer si n\u00e9cessaire. <\/span><\/p>\n<p>Associez-le \u00e0 l&rsquo; Ocean Signal AIS <a href=\"https:\/\/oceansignal.com\/fr\/products\/rescueme-mob1\/\">MOB1<\/a> ou <a href=\"https:\/\/oceansignal.com\/products\/rescueme-plb3-ais-plb\/\">PLB3<\/a> pour alerter l&rsquo;\u00e9quipage \u00e0 l&rsquo;int\u00e9rieur de la cabine de votre alarme homme \u00e0 la mer.<\/p>\n<p>La configuration de l&rsquo; AIS Alarm peut \u00eatre r\u00e9alis\u00e9e en t\u00e9l\u00e9chargeant le logiciel via le lien ci-dessous :<\/p>\n<p>&nbsp;<\/p>\n<p><a href=\"https:\/\/oceansignal.com\/fr\/soutien\/programmation-du-produit\/programmation-du-boitier-dalarme-ais\/\">Configuration AIS Alarm<\/a><\/p>\n<p>&nbsp;<\/p>\n<p><em>Bien que tous les efforts aient \u00e9t\u00e9 faits pour garantir l&rsquo;exactitude des informations sur cette page, les produits et les sp\u00e9cifications peuvent \u00eatre modifi\u00e9s sans pr\u00e9avis.<\/em><\/p>\n","protected":false},"excerpt":{"rendered":"<p>Le <strong>bo\u00eetier d&rsquo;alarme AIS<\/strong> est con\u00e7u pour garantir qu&rsquo;au moment o\u00f9 un signal AIS MOB ou AIS SART est re\u00e7u, une alarme sonore de 87 dB retentit, garantissant que tous les membres du navire sont alert\u00e9s d&rsquo;un \u00e9ventuel MOB ou d&rsquo;un \u00e9quipage ayant besoin de secours. Sa conception simple, sa nature compacte et l&rsquo;utilisation de NMEA 0183 signifient que l&rsquo;int\u00e9gration du bo\u00eetier AIS Alarm dans votre r\u00e9cepteur AIS et votre r\u00e9seau existant est simple. <\/p>\n<p><a href=\"https:\/\/www.dropbox.com\/s\/fk04stqsp2hgk5f\/Prop%2065%20-%20DEHP.pdf?dl=0\">AVERTISSEMENT : PROP 65<\/a><\/p>\n","protected":false},"featured_media":20778,"template":"","meta":{"_acf_changed":false,"om_disable_all_campaigns":false},"product_brand":[],"product_cat":[385],"product_tag":[],"class_list":{"0":"post-7171","1":"product","2":"type-product","3":"status-publish","4":"has-post-thumbnail","6":"product_cat-ais-fr-2","8":"first","9":"instock","10":"taxable","11":"shipping-taxable","12":"purchasable","13":"product-type-simple"},"acf":[],"yoast_head":"<!-- This site is optimized with the Yoast SEO Premium plugin v25.2 (Yoast SEO v26.4) - https:\/\/yoast.com\/wordpress\/plugins\/seo\/ -->\n<title>AIS Alarm - Ocean Signal<\/title>\n<meta name=\"description\" content=\"Bo\u00eetier d&#039;alarme Ocean Signal : solution de s\u00e9curit\u00e9 maritime fiable pour des alertes instantan\u00e9es en cas d&#039;urgence AIS Homme \u00e0 la mer. Garantissez une r\u00e9ponse rapide en cas d&#039;urgence.\" \/>\n<meta name=\"robots\" content=\"index, follow, max-snippet:-1, max-image-preview:large, max-video-preview:-1\" \/>\n<link rel=\"canonical\" href=\"https:\/\/oceansignal.com\/fr\/products\/alarme-ais\/\" \/>\n<meta property=\"og:locale\" content=\"fr_FR\" \/>\n<meta property=\"og:type\" content=\"article\" \/>\n<meta property=\"og:title\" content=\"AIS Alarm\" \/>\n<meta property=\"og:description\" content=\"Bo\u00eetier d&#039;alarme Ocean Signal : solution de s\u00e9curit\u00e9 maritime fiable pour des alertes instantan\u00e9es en cas d&#039;urgence AIS Homme \u00e0 la mer. Garantissez une r\u00e9ponse rapide en cas d&#039;urgence.\" \/>\n<meta property=\"og:url\" content=\"https:\/\/oceansignal.com\/fr\/products\/alarme-ais\/\" \/>\n<meta property=\"og:site_name\" content=\"Ocean Signal\" \/>\n<meta property=\"article:modified_time\" content=\"2025-11-26T08:54:39+00:00\" \/>\n<meta property=\"og:image\" content=\"https:\/\/oceansignal.com\/wp-content\/uploads\/2023\/09\/OSL-AIS-Alarm-360_600x600.gif\" \/>\n\t<meta property=\"og:image:width\" content=\"600\" \/>\n\t<meta property=\"og:image:height\" content=\"600\" \/>\n\t<meta property=\"og:image:type\" content=\"image\/gif\" \/>\n<meta name=\"twitter:card\" content=\"summary_large_image\" \/>\n<meta name=\"twitter:label1\" content=\"Dur\u00e9e de lecture estim\u00e9e\" \/>\n\t<meta name=\"twitter:data1\" content=\"1 minute\" \/>\n<script type=\"application\/ld+json\" class=\"yoast-schema-graph\">{\"@context\":\"https:\/\/schema.org\",\"@graph\":[{\"@type\":\"WebPage\",\"@id\":\"https:\/\/oceansignal.com\/fr\/products\/alarme-ais\/\",\"url\":\"https:\/\/oceansignal.com\/fr\/products\/alarme-ais\/\",\"name\":\"AIS Alarm - Ocean Signal\",\"isPartOf\":{\"@id\":\"https:\/\/oceansignal.com\/fr\/#website\"},\"primaryImageOfPage\":{\"@id\":\"https:\/\/oceansignal.com\/fr\/products\/alarme-ais\/#primaryimage\"},\"image\":{\"@id\":\"https:\/\/oceansignal.com\/fr\/products\/alarme-ais\/#primaryimage\"},\"thumbnailUrl\":\"https:\/\/oceansignal.com\/wp-content\/uploads\/2023\/09\/OSL-AIS-Alarm-360_600x600.gif\",\"datePublished\":\"2023-09-08T12:47:59+00:00\",\"dateModified\":\"2025-11-26T08:54:39+00:00\",\"description\":\"Bo\u00eetier d'alarme Ocean Signal : solution de s\u00e9curit\u00e9 maritime fiable pour des alertes instantan\u00e9es en cas d'urgence AIS Homme \u00e0 la mer. Garantissez une r\u00e9ponse rapide en cas d'urgence.\",\"breadcrumb\":{\"@id\":\"https:\/\/oceansignal.com\/fr\/products\/alarme-ais\/#breadcrumb\"},\"inLanguage\":\"fr-FR\",\"potentialAction\":[{\"@type\":\"ReadAction\",\"target\":[\"https:\/\/oceansignal.com\/fr\/products\/alarme-ais\/\"]}]},{\"@type\":\"ImageObject\",\"inLanguage\":\"fr-FR\",\"@id\":\"https:\/\/oceansignal.com\/fr\/products\/alarme-ais\/#primaryimage\",\"url\":\"https:\/\/oceansignal.com\/wp-content\/uploads\/2023\/09\/OSL-AIS-Alarm-360_600x600.gif\",\"contentUrl\":\"https:\/\/oceansignal.com\/wp-content\/uploads\/2023\/09\/OSL-AIS-Alarm-360_600x600.gif\",\"width\":600,\"height\":600},{\"@type\":\"BreadcrumbList\",\"@id\":\"https:\/\/oceansignal.com\/fr\/products\/alarme-ais\/#breadcrumb\",\"itemListElement\":[{\"@type\":\"ListItem\",\"position\":1,\"name\":\"Produits\",\"item\":\"https:\/\/oceansignal.com\/fr\/produits\/\"},{\"@type\":\"ListItem\",\"position\":2,\"name\":\"AIS Alarm\"}]},{\"@type\":\"WebSite\",\"@id\":\"https:\/\/oceansignal.com\/fr\/#website\",\"url\":\"https:\/\/oceansignal.com\/fr\/\",\"name\":\"Ocean Signal\",\"description\":\"A leading manufacturer of EPIRBs, AIS, SARTs, Personal Locator Beacons, Man Overboard Beacon for the Marine and Outdoor Markets.\",\"potentialAction\":[{\"@type\":\"SearchAction\",\"target\":{\"@type\":\"EntryPoint\",\"urlTemplate\":\"https:\/\/oceansignal.com\/fr\/?s={search_term_string}\"},\"query-input\":{\"@type\":\"PropertyValueSpecification\",\"valueRequired\":true,\"valueName\":\"search_term_string\"}}],\"inLanguage\":\"fr-FR\"}]}<\/script>\n<!-- \/ Yoast SEO Premium plugin. -->","yoast_head_json":{"title":"AIS Alarm - Ocean Signal","description":"Bo\u00eetier d'alarme Ocean Signal : solution de s\u00e9curit\u00e9 maritime fiable pour des alertes instantan\u00e9es en cas d'urgence AIS Homme \u00e0 la mer. Garantissez une r\u00e9ponse rapide en cas d'urgence.","robots":{"index":"index","follow":"follow","max-snippet":"max-snippet:-1","max-image-preview":"max-image-preview:large","max-video-preview":"max-video-preview:-1"},"canonical":"https:\/\/oceansignal.com\/fr\/products\/alarme-ais\/","og_locale":"fr_FR","og_type":"article","og_title":"AIS Alarm","og_description":"Bo\u00eetier d'alarme Ocean Signal : solution de s\u00e9curit\u00e9 maritime fiable pour des alertes instantan\u00e9es en cas d'urgence AIS Homme \u00e0 la mer. Garantissez une r\u00e9ponse rapide en cas d'urgence.","og_url":"https:\/\/oceansignal.com\/fr\/products\/alarme-ais\/","og_site_name":"Ocean Signal","article_modified_time":"2025-11-26T08:54:39+00:00","og_image":[{"url":"https:\/\/oceansignal.com\/wp-content\/uploads\/2023\/09\/OSL-AIS-Alarm-360_600x600.gif","width":600,"height":600,"type":"image\/gif"}],"twitter_card":"summary_large_image","twitter_misc":{"Dur\u00e9e de lecture estim\u00e9e":"1 minute"},"schema":{"@context":"https:\/\/schema.org","@graph":[{"@type":"WebPage","@id":"https:\/\/oceansignal.com\/fr\/products\/alarme-ais\/","url":"https:\/\/oceansignal.com\/fr\/products\/alarme-ais\/","name":"AIS Alarm - Ocean Signal","isPartOf":{"@id":"https:\/\/oceansignal.com\/fr\/#website"},"primaryImageOfPage":{"@id":"https:\/\/oceansignal.com\/fr\/products\/alarme-ais\/#primaryimage"},"image":{"@id":"https:\/\/oceansignal.com\/fr\/products\/alarme-ais\/#primaryimage"},"thumbnailUrl":"https:\/\/oceansignal.com\/wp-content\/uploads\/2023\/09\/OSL-AIS-Alarm-360_600x600.gif","datePublished":"2023-09-08T12:47:59+00:00","dateModified":"2025-11-26T08:54:39+00:00","description":"Bo\u00eetier d'alarme Ocean Signal : solution de s\u00e9curit\u00e9 maritime fiable pour des alertes instantan\u00e9es en cas d'urgence AIS Homme \u00e0 la mer. Garantissez une r\u00e9ponse rapide en cas d'urgence.","breadcrumb":{"@id":"https:\/\/oceansignal.com\/fr\/products\/alarme-ais\/#breadcrumb"},"inLanguage":"fr-FR","potentialAction":[{"@type":"ReadAction","target":["https:\/\/oceansignal.com\/fr\/products\/alarme-ais\/"]}]},{"@type":"ImageObject","inLanguage":"fr-FR","@id":"https:\/\/oceansignal.com\/fr\/products\/alarme-ais\/#primaryimage","url":"https:\/\/oceansignal.com\/wp-content\/uploads\/2023\/09\/OSL-AIS-Alarm-360_600x600.gif","contentUrl":"https:\/\/oceansignal.com\/wp-content\/uploads\/2023\/09\/OSL-AIS-Alarm-360_600x600.gif","width":600,"height":600},{"@type":"BreadcrumbList","@id":"https:\/\/oceansignal.com\/fr\/products\/alarme-ais\/#breadcrumb","itemListElement":[{"@type":"ListItem","position":1,"name":"Produits","item":"https:\/\/oceansignal.com\/fr\/produits\/"},{"@type":"ListItem","position":2,"name":"AIS Alarm"}]},{"@type":"WebSite","@id":"https:\/\/oceansignal.com\/fr\/#website","url":"https:\/\/oceansignal.com\/fr\/","name":"Ocean Signal","description":"A leading manufacturer of EPIRBs, AIS, SARTs, Personal Locator Beacons, Man Overboard Beacon for the Marine and Outdoor Markets.","potentialAction":[{"@type":"SearchAction","target":{"@type":"EntryPoint","urlTemplate":"https:\/\/oceansignal.com\/fr\/?s={search_term_string}"},"query-input":{"@type":"PropertyValueSpecification","valueRequired":true,"valueName":"search_term_string"}}],"inLanguage":"fr-FR"}]}},"_links":{"self":[{"href":"https:\/\/oceansignal.com\/fr\/wp-json\/wp\/v2\/product\/7171","targetHints":{"allow":["GET"]}}],"collection":[{"href":"https:\/\/oceansignal.com\/fr\/wp-json\/wp\/v2\/product"}],"about":[{"href":"https:\/\/oceansignal.com\/fr\/wp-json\/wp\/v2\/types\/product"}],"wp:featuredmedia":[{"embeddable":true,"href":"https:\/\/oceansignal.com\/fr\/wp-json\/wp\/v2\/media\/20778"}],"wp:attachment":[{"href":"https:\/\/oceansignal.com\/fr\/wp-json\/wp\/v2\/media?parent=7171"}],"wp:term":[{"taxonomy":"product_brand","embeddable":true,"href":"https:\/\/oceansignal.com\/fr\/wp-json\/wp\/v2\/product_brand?post=7171"},{"taxonomy":"product_cat","embeddable":true,"href":"https:\/\/oceansignal.com\/fr\/wp-json\/wp\/v2\/product_cat?post=7171"},{"taxonomy":"product_tag","embeddable":true,"href":"https:\/\/oceansignal.com\/fr\/wp-json\/wp\/v2\/product_tag?post=7171"}],"curies":[{"name":"wp","href":"https:\/\/api.w.org\/{rel}","templated":true}]}}