{"id":7506,"date":"2023-09-08T13:57:50","date_gmt":"2023-09-08T13:57:50","guid":{"rendered":"https:\/\/oceansignal.com\/products\/e100-e100g\/"},"modified":"2026-01-21T20:26:45","modified_gmt":"2026-01-21T20:26:45","slug":"e100-e100g","status":"publish","type":"product","link":"https:\/\/oceansignal.com\/fr\/products\/e100-e100g\/","title":{"rendered":"safeSEA E100\/E100G"},"content":{"rendered":"<p>Les balises EPIRB safeSEA fonctionnent sur la bande satellite 406 MHz surveill\u00e9e par Cospas-Sarsat, l&rsquo;op\u00e9rateur international de satellites, ce qui permet de localiser le signal o\u00f9 qu&rsquo;il soit dans le monde. Elles sont \u00e9galement \u00e9quip\u00e9es d&rsquo;une balise de localisation 121,5 MHz et d&rsquo;un flash LED haute luminosit\u00e9 pour un rep\u00e9rage rapide sur les lieux d&rsquo;intervention. <\/p>\n<p>&nbsp;<\/p>\n<p>La balise EPIRB safeSEA E100G b\u00e9n\u00e9ficie d&rsquo;un GPS int\u00e9gr\u00e9 d\u00e9di\u00e9 qui envoie une position tr\u00e8s pr\u00e9cise, r\u00e9duisant consid\u00e9rablement le temps de recherche.<\/p>\n<p>&nbsp;<\/p>\n<p>Gr\u00e2ce \u00e0 la dur\u00e9e de vie de la batterie de la balise EPIRB safeSEA, la plus longue du secteur, une balise EPIRB Ocean Signal permet aux services de secours de conna\u00eetre votre position plus longtemps.<\/p>\n<p>&nbsp;<\/p>\n<p><strong>Fonctionnalit\u00e9s:<\/strong><\/p>\n<p>&nbsp;<\/p>\n<ul>\n<li>Choix de mod\u00e8les avec et sans GPS\n<ul>\n<li>La balise de d\u00e9tresse E100G EPIRB int\u00e8gre un r\u00e9cepteur GPS 50 canaux de pointe pour une acquisition de position rapide et pr\u00e9cise.<\/li>\n<\/ul>\n<\/li>\n<li>options de support manuel, de bo\u00eetier de d\u00e9verrouillage manuel et de bo\u00eetier flottant<\/li>\n<li>Autonomie de batterie extr\u00eame m\u00eame \u00e0 basse temp\u00e9rature\n<ul>\n<li>Plus de 96 heures de fonctionnement<\/li>\n<\/ul>\n<\/li>\n<li>Piles rempla\u00e7ables par l&rsquo;utilisateur avec un intervalle de remplacement de cinq ans<\/li>\n<li>Commandes de fonctionnement intuitives prot\u00e9g\u00e9es contre l&rsquo;activation accidentelle<\/li>\n<li>Conforme ou d\u00e9passe toutes les normes internationales<\/li>\n<li>Balise de d\u00e9tresse EPIRB de classe 2 (-20 \u00b0C \u2013 +55 \u00b0C) pour usage g\u00e9n\u00e9ral<\/li>\n<li>Batterie non dangereuse<\/li>\n<\/ul>\n<p>&nbsp;<\/p>\n<p><strong>Important&nbsp;:<\/strong> Veuillez lire ce <a href=\"http:\/\/oceansignal.com\/wp-content\/uploads\/2023\/09\/Service-Information-Letter-Ocean-Signal-E100-Self-Test-and-exchange.pdf\">bulletin de service<\/a> vous conseillant d\u2019effectuer un autotest de votre balise EPIRB safeSEA.<\/p>\n<p>&nbsp;<\/p>\n<p><strong>Important :<\/strong> Veuillez lire svp ce <a href=\"http:\/\/oceansignal.com\/wp-content\/uploads\/2023\/09\/Bulletin-Technique-DInformation-Auto-Test-EPIRB-Ocean-Signal-E100-June.pdf\">bulletin d&rsquo;information<\/a> qui recommande de faire un auto-test de la balise Ocean Signal E100\/E100G de la gamme safeSEA.<\/p>\n","protected":false},"excerpt":{"rendered":"<p>Les balises EPIRB safeSEA E100 et E100G ont \u00e9t\u00e9 con\u00e7ues et fabriqu\u00e9es pour r\u00e9pondre aux besoins de tous les navires commerciaux, de p\u00eache et de plaisance en mer.<\/p>\n<p> <strong>Les balises EPIRB safeSEA E100 et E100G ne sont plus commercialis\u00e9es.<\/strong><\/p>\n","protected":false},"featured_media":20806,"template":"","meta":{"_acf_changed":false,"om_disable_all_campaigns":false},"product_brand":[],"product_cat":[349],"product_tag":[],"class_list":{"0":"post-7506","1":"product","2":"type-product","3":"status-publish","4":"has-post-thumbnail","6":"product_cat-abandonne","8":"first","9":"outofstock","10":"taxable","11":"shipping-taxable","12":"product-type-simple"},"acf":[],"yoast_head":"<!-- This site is optimized with the Yoast SEO Premium plugin v25.2 (Yoast SEO v26.4) - https:\/\/yoast.com\/wordpress\/plugins\/seo\/ -->\n<title>safeSEA E100\/E100G - Ocean Signal<\/title>\n<meta name=\"description\" content=\"Balise de d\u00e9tresse Ocean Signal E100\u00a0: indispensable \u00e0 la s\u00e9curit\u00e9 maritime. Signalisation de d\u00e9tresse instantan\u00e9e pour une intervention rapide. Am\u00e9liore la s\u00e9curit\u00e9 \u00e0 bord.\" \/>\n<meta name=\"robots\" content=\"index, follow, max-snippet:-1, max-image-preview:large, max-video-preview:-1\" \/>\n<link rel=\"canonical\" href=\"https:\/\/oceansignal.com\/fr\/products\/e100-e100g\/\" \/>\n<meta property=\"og:locale\" content=\"fr_FR\" \/>\n<meta property=\"og:type\" content=\"article\" \/>\n<meta property=\"og:title\" content=\"safeSEA E100\/E100G\" \/>\n<meta property=\"og:description\" content=\"Balise de d\u00e9tresse Ocean Signal E100\u00a0: indispensable \u00e0 la s\u00e9curit\u00e9 maritime. Signalisation de d\u00e9tresse instantan\u00e9e pour une intervention rapide. Am\u00e9liore la s\u00e9curit\u00e9 \u00e0 bord.\" \/>\n<meta property=\"og:url\" content=\"https:\/\/oceansignal.com\/fr\/products\/e100-e100g\/\" \/>\n<meta property=\"og:site_name\" content=\"Ocean Signal\" \/>\n<meta property=\"article:modified_time\" content=\"2026-01-21T20:26:45+00:00\" \/>\n<meta property=\"og:image\" content=\"https:\/\/oceansignal.com\/wp-content\/uploads\/2023\/09\/OSL-E100-360_600x600.gif\" \/>\n\t<meta property=\"og:image:width\" content=\"600\" \/>\n\t<meta property=\"og:image:height\" content=\"600\" \/>\n\t<meta property=\"og:image:type\" content=\"image\/gif\" \/>\n<meta name=\"twitter:card\" content=\"summary_large_image\" \/>\n<meta name=\"twitter:label1\" content=\"Dur\u00e9e de lecture estim\u00e9e\" \/>\n\t<meta name=\"twitter:data1\" content=\"1 minute\" \/>\n<script type=\"application\/ld+json\" class=\"yoast-schema-graph\">{\"@context\":\"https:\/\/schema.org\",\"@graph\":[{\"@type\":\"WebPage\",\"@id\":\"https:\/\/oceansignal.com\/fr\/products\/e100-e100g\/\",\"url\":\"https:\/\/oceansignal.com\/fr\/products\/e100-e100g\/\",\"name\":\"safeSEA E100\/E100G - Ocean Signal\",\"isPartOf\":{\"@id\":\"https:\/\/oceansignal.com\/fr\/#website\"},\"primaryImageOfPage\":{\"@id\":\"https:\/\/oceansignal.com\/fr\/products\/e100-e100g\/#primaryimage\"},\"image\":{\"@id\":\"https:\/\/oceansignal.com\/fr\/products\/e100-e100g\/#primaryimage\"},\"thumbnailUrl\":\"https:\/\/oceansignal.com\/wp-content\/uploads\/2023\/09\/OSL-E100-360_600x600.gif\",\"datePublished\":\"2023-09-08T13:57:50+00:00\",\"dateModified\":\"2026-01-21T20:26:45+00:00\",\"description\":\"Balise de d\u00e9tresse Ocean Signal E100\u00a0: indispensable \u00e0 la s\u00e9curit\u00e9 maritime. Signalisation de d\u00e9tresse instantan\u00e9e pour une intervention rapide. Am\u00e9liore la s\u00e9curit\u00e9 \u00e0 bord.\",\"breadcrumb\":{\"@id\":\"https:\/\/oceansignal.com\/fr\/products\/e100-e100g\/#breadcrumb\"},\"inLanguage\":\"fr-FR\",\"potentialAction\":[{\"@type\":\"ReadAction\",\"target\":[\"https:\/\/oceansignal.com\/fr\/products\/e100-e100g\/\"]}]},{\"@type\":\"ImageObject\",\"inLanguage\":\"fr-FR\",\"@id\":\"https:\/\/oceansignal.com\/fr\/products\/e100-e100g\/#primaryimage\",\"url\":\"https:\/\/oceansignal.com\/wp-content\/uploads\/2023\/09\/OSL-E100-360_600x600.gif\",\"contentUrl\":\"https:\/\/oceansignal.com\/wp-content\/uploads\/2023\/09\/OSL-E100-360_600x600.gif\",\"width\":600,\"height\":600},{\"@type\":\"BreadcrumbList\",\"@id\":\"https:\/\/oceansignal.com\/fr\/products\/e100-e100g\/#breadcrumb\",\"itemListElement\":[{\"@type\":\"ListItem\",\"position\":1,\"name\":\"Produits\",\"item\":\"https:\/\/oceansignal.com\/fr\/produits\/\"},{\"@type\":\"ListItem\",\"position\":2,\"name\":\"safeSEA E100\/E100G\"}]},{\"@type\":\"WebSite\",\"@id\":\"https:\/\/oceansignal.com\/fr\/#website\",\"url\":\"https:\/\/oceansignal.com\/fr\/\",\"name\":\"Ocean Signal\",\"description\":\"A leading manufacturer of EPIRBs, AIS, SARTs, Personal Locator Beacons, Man Overboard Beacon for the Marine and Outdoor Markets.\",\"potentialAction\":[{\"@type\":\"SearchAction\",\"target\":{\"@type\":\"EntryPoint\",\"urlTemplate\":\"https:\/\/oceansignal.com\/fr\/?s={search_term_string}\"},\"query-input\":{\"@type\":\"PropertyValueSpecification\",\"valueRequired\":true,\"valueName\":\"search_term_string\"}}],\"inLanguage\":\"fr-FR\"}]}<\/script>\n<!-- \/ Yoast SEO Premium plugin. -->","yoast_head_json":{"title":"safeSEA E100\/E100G - Ocean Signal","description":"Balise de d\u00e9tresse Ocean Signal E100\u00a0: indispensable \u00e0 la s\u00e9curit\u00e9 maritime. Signalisation de d\u00e9tresse instantan\u00e9e pour une intervention rapide. Am\u00e9liore la s\u00e9curit\u00e9 \u00e0 bord.","robots":{"index":"index","follow":"follow","max-snippet":"max-snippet:-1","max-image-preview":"max-image-preview:large","max-video-preview":"max-video-preview:-1"},"canonical":"https:\/\/oceansignal.com\/fr\/products\/e100-e100g\/","og_locale":"fr_FR","og_type":"article","og_title":"safeSEA E100\/E100G","og_description":"Balise de d\u00e9tresse Ocean Signal E100\u00a0: indispensable \u00e0 la s\u00e9curit\u00e9 maritime. Signalisation de d\u00e9tresse instantan\u00e9e pour une intervention rapide. Am\u00e9liore la s\u00e9curit\u00e9 \u00e0 bord.","og_url":"https:\/\/oceansignal.com\/fr\/products\/e100-e100g\/","og_site_name":"Ocean Signal","article_modified_time":"2026-01-21T20:26:45+00:00","og_image":[{"url":"https:\/\/oceansignal.com\/wp-content\/uploads\/2023\/09\/OSL-E100-360_600x600.gif","width":600,"height":600,"type":"image\/gif"}],"twitter_card":"summary_large_image","twitter_misc":{"Dur\u00e9e de lecture estim\u00e9e":"1 minute"},"schema":{"@context":"https:\/\/schema.org","@graph":[{"@type":"WebPage","@id":"https:\/\/oceansignal.com\/fr\/products\/e100-e100g\/","url":"https:\/\/oceansignal.com\/fr\/products\/e100-e100g\/","name":"safeSEA E100\/E100G - Ocean Signal","isPartOf":{"@id":"https:\/\/oceansignal.com\/fr\/#website"},"primaryImageOfPage":{"@id":"https:\/\/oceansignal.com\/fr\/products\/e100-e100g\/#primaryimage"},"image":{"@id":"https:\/\/oceansignal.com\/fr\/products\/e100-e100g\/#primaryimage"},"thumbnailUrl":"https:\/\/oceansignal.com\/wp-content\/uploads\/2023\/09\/OSL-E100-360_600x600.gif","datePublished":"2023-09-08T13:57:50+00:00","dateModified":"2026-01-21T20:26:45+00:00","description":"Balise de d\u00e9tresse Ocean Signal E100\u00a0: indispensable \u00e0 la s\u00e9curit\u00e9 maritime. Signalisation de d\u00e9tresse instantan\u00e9e pour une intervention rapide. Am\u00e9liore la s\u00e9curit\u00e9 \u00e0 bord.","breadcrumb":{"@id":"https:\/\/oceansignal.com\/fr\/products\/e100-e100g\/#breadcrumb"},"inLanguage":"fr-FR","potentialAction":[{"@type":"ReadAction","target":["https:\/\/oceansignal.com\/fr\/products\/e100-e100g\/"]}]},{"@type":"ImageObject","inLanguage":"fr-FR","@id":"https:\/\/oceansignal.com\/fr\/products\/e100-e100g\/#primaryimage","url":"https:\/\/oceansignal.com\/wp-content\/uploads\/2023\/09\/OSL-E100-360_600x600.gif","contentUrl":"https:\/\/oceansignal.com\/wp-content\/uploads\/2023\/09\/OSL-E100-360_600x600.gif","width":600,"height":600},{"@type":"BreadcrumbList","@id":"https:\/\/oceansignal.com\/fr\/products\/e100-e100g\/#breadcrumb","itemListElement":[{"@type":"ListItem","position":1,"name":"Produits","item":"https:\/\/oceansignal.com\/fr\/produits\/"},{"@type":"ListItem","position":2,"name":"safeSEA E100\/E100G"}]},{"@type":"WebSite","@id":"https:\/\/oceansignal.com\/fr\/#website","url":"https:\/\/oceansignal.com\/fr\/","name":"Ocean Signal","description":"A leading manufacturer of EPIRBs, AIS, SARTs, Personal Locator Beacons, Man Overboard Beacon for the Marine and Outdoor Markets.","potentialAction":[{"@type":"SearchAction","target":{"@type":"EntryPoint","urlTemplate":"https:\/\/oceansignal.com\/fr\/?s={search_term_string}"},"query-input":{"@type":"PropertyValueSpecification","valueRequired":true,"valueName":"search_term_string"}}],"inLanguage":"fr-FR"}]}},"_links":{"self":[{"href":"https:\/\/oceansignal.com\/fr\/wp-json\/wp\/v2\/product\/7506","targetHints":{"allow":["GET"]}}],"collection":[{"href":"https:\/\/oceansignal.com\/fr\/wp-json\/wp\/v2\/product"}],"about":[{"href":"https:\/\/oceansignal.com\/fr\/wp-json\/wp\/v2\/types\/product"}],"wp:featuredmedia":[{"embeddable":true,"href":"https:\/\/oceansignal.com\/fr\/wp-json\/wp\/v2\/media\/20806"}],"wp:attachment":[{"href":"https:\/\/oceansignal.com\/fr\/wp-json\/wp\/v2\/media?parent=7506"}],"wp:term":[{"taxonomy":"product_brand","embeddable":true,"href":"https:\/\/oceansignal.com\/fr\/wp-json\/wp\/v2\/product_brand?post=7506"},{"taxonomy":"product_cat","embeddable":true,"href":"https:\/\/oceansignal.com\/fr\/wp-json\/wp\/v2\/product_cat?post=7506"},{"taxonomy":"product_tag","embeddable":true,"href":"https:\/\/oceansignal.com\/fr\/wp-json\/wp\/v2\/product_tag?post=7506"}],"curies":[{"name":"wp","href":"https:\/\/api.w.org\/{rel}","templated":true}]}}