{"id":7736,"date":"2023-07-11T19:29:27","date_gmt":"2023-07-11T19:29:27","guid":{"rendered":"https:\/\/oceansignal.com\/products\/safesea-epirb3-pro\/"},"modified":"2026-01-21T19:49:19","modified_gmt":"2026-01-21T19:49:19","slug":"safesea-epirb3-pro","status":"publish","type":"product","link":"https:\/\/oceansignal.com\/fr\/products\/safesea-epirb3-pro\/","title":{"rendered":"safeSEA EPIRB3 Pro"},"content":{"rendered":"<p>R\u00e9sum\u00e9:<\/p>\n<p>La nouvelle balise de sauvetage Ocean Signal EPIRB3 Pro est une balise de sauvetage mondiale 406 MHz compl\u00e8te, \u00e9quip\u00e9e d&rsquo;un support \u00e0 d\u00e9gagement automatique et de nombreuses fonctionnalit\u00e9s dans un design compact et moderne, incluant la technologie AIS. L&rsquo;AIS fournit aux sauveteurs locaux des informations pr\u00e9cises et fiables sur la position actuelle de la balise, acc\u00e9l\u00e9rant ainsi les op\u00e9rations de sauvetage. De plus, le service de liaison de retour (RLS) rassure ceux qui activent la balise en confirmant la r\u00e9ception de leur message de d\u00e9tresse. La technologie NFC (Near Field Communication) permet d&rsquo;utiliser une application pour smartphone afin de surveiller la batterie de EPIRB et d&rsquo;autres fonctions, garantissant ainsi son bon fonctionnement. Avec son design fin et ses fonctionnalit\u00e9s avanc\u00e9es, l&rsquo; EPIRB3 Pro est id\u00e9ale pour tous les navigateurs, qu&rsquo;ils naviguent en M\u00e9diterran\u00e9e, traversent le d\u00e9troit pour une travers\u00e9e, p\u00eachent, travaillent ou naviguent au large.    <\/p>\n<p>Blog sugg\u00e9r\u00e9 : <a href=\"https:\/\/oceansignal.com\/fr\/news\/quest-ce-quune-radiobalise-de-localisation-de-position-durgence-ou-rls\/\">Qu&rsquo;est-ce qu&rsquo;un EPRIB<\/a><\/p>\n<p>Description:<\/p>\n<p>La nouvelle EPIRB3 Pro (balise de positionnement d&rsquo;urgence) d&rsquo; Ocean Signal am\u00e9liore la fiabilit\u00e9 et facilite les op\u00e9rations de sauvetage gr\u00e2ce \u00e0 de nouvelles fonctionnalit\u00e9s avanc\u00e9es. Cette nouvelle EPIRB \u00e9met un signal de d\u00e9tresse num\u00e9rique sur 406 MHz, avertissant les sauveteurs du monde entier par satellite, et diffuse localement les signaux VHF du Syst\u00e8me d&rsquo;identification automatique (AIS) pour aider les sauveteurs \u00e0 retrouver la balise plus rapidement. Une fois activ\u00e9e, l&rsquo; EPIRB3 Pro transmet un signal d&rsquo;urgence au syst\u00e8me mondial de sauvetage par satellite <a href=\"https:\/\/www.cospas-sarsat.int\/en\/\">Cospas-Sarsat<\/a> et envoie simultan\u00e9ment une alerte AIS sur les fr\u00e9quences VHF, imm\u00e9diatement visible par tout navire \u00e0 proximit\u00e9 \u00e9quip\u00e9 d&rsquo;AIS. Le service de liaison retour (RLS) confirme visuellement \u00e0 l&rsquo;utilisateur que son message de d\u00e9tresse a \u00e9t\u00e9 re\u00e7u. La combinaison de l&rsquo;AIS, d&rsquo;un signal de radioguidage sur 121,5 MHz et de lumi\u00e8res stroboscopiques visibles et infrarouges acc\u00e9l\u00e8re les temps de r\u00e9cup\u00e9ration en permettant aux sauveteurs de localiser pr\u00e9cis\u00e9ment la balise, m\u00eame en cas de d\u00e9rive, \u00e0 toute heure du jour ou de la nuit. La communication en champ proche (NFC) est une excellente nouvelle fonctionnalit\u00e9 qui permet aux utilisateurs de surveiller l&rsquo; EPIRB3 Pro \u00e0 l&rsquo;aide d&rsquo;une application mobile gratuite pour smartphone, garantissant que la batterie dispose de suffisamment d&rsquo;\u00e9nergie et que la balise fonctionne correctement avant de partir.     <\/p>\n<p>&nbsp;<\/p>\n<p>La technologie avanc\u00e9e de s\u00e9curit\u00e9 et de sauvetage maritime d&rsquo; Ocean Signal dans le nouveau EPIRB3 Pro avec AIS combine de nouvelles fonctionnalit\u00e9s innovantes dans un bo\u00eetier compact et ergonomique, id\u00e9al pour tous les types et toutes les tailles de navires de plaisance et commerciaux.<\/p>\n<p>&nbsp;<\/p>\n<p><strong>Les temps de sauvetage peuvent s\u2019am\u00e9liorer gr\u00e2ce \u00e0 l\u2019activation globale combin\u00e9e \u00e0 la diffusion de la balise AIS Local.<\/strong><\/p>\n<p>&nbsp;<\/p>\n<p>L&rsquo; EPIRB3 Pro utilise les r\u00e9seaux de positionnement GNSS (GPS, Galileo, Glonass) pour d\u00e9terminer sa position mondiale. Lorsque la balise est d\u00e9clench\u00e9e, une transmission de d\u00e9tresse \u00e0 406 MHz relaie cette position EPIRB (GPIRB), pr\u00e9cise \u00e0 100 m\u00e8tres pr\u00e8s, au r\u00e9seau mondial de satellites de recherche et de sauvetage Cospas-Sarsat. Les stations terrestres connect\u00e9es au syst\u00e8me satellite re\u00e7oivent les informations d&rsquo;identification et de position de EPIRB , ce qui permet de coordonner et de d\u00e9clencher les op\u00e9rations de sauvetage. Gr\u00e2ce \u00e0 la technologie AIS avanc\u00e9e d\u00e9sormais int\u00e9gr\u00e9e \u00e0 l&rsquo; EPIRB , d\u00e8s son activation, la balise commence \u00e0 \u00e9mettre des signaux AIS. Les navires \u00e0 proximit\u00e9 \u00e9quip\u00e9s de l&rsquo;AIS sont ainsi instantan\u00e9ment inform\u00e9s de la situation de d\u00e9tresse et re\u00e7oivent leur position. Les navires \u00e9quip\u00e9s de l&rsquo;AIS \u00e0 port\u00e9e VHF verront s&rsquo;afficher un message de s\u00e9curit\u00e9 indiquant l&rsquo;identification MMSI du navire. Les navires locaux peuvent ainsi lancer imm\u00e9diatement les op\u00e9rations de sauvetage et de r\u00e9cup\u00e9ration, ce qui peut acc\u00e9l\u00e9rer les op\u00e9rations de r\u00e9cup\u00e9ration et sauver des vies. Comme une cible AIS est affich\u00e9e sur l&rsquo;\u00e9cran de bord de tout navire \u00e9quip\u00e9 d&rsquo;un syst\u00e8me AIS \u00e0 proximit\u00e9, ces derniers peuvent facilement naviguer directement vers la EPIRB en s\u00e9lectionnant la cible AIS. M\u00eame en l&rsquo;absence de navire local, l&rsquo;AIS acc\u00e9l\u00e8re les temps de r\u00e9cup\u00e9ration en permettant aux op\u00e9rateurs SAR maritimes de localiser pr\u00e9cis\u00e9ment la EPIRB \u00e0 son approche. La combinaison des appels de d\u00e9tresse par satellite mondiaux, de la transmission pr\u00e9cise de la position GPIRB et des messages de s\u00e9curit\u00e9 AIS locaux am\u00e9liorera consid\u00e9rablement les d\u00e9lais et la r\u00e9ussite des r\u00e9cup\u00e9rations.        <\/p>\n<p>&nbsp;<\/p>\n<p><strong>La communication en champ proche (NFC) fournit des diagnostics EPIRB \u00e0 l&rsquo;aide d&rsquo;un smartphone.<\/strong><\/p>\n<p>&nbsp;<\/p>\n<p>Les utilisateurs de balises peuvent d\u00e9sormais v\u00e9rifier leur EPIRB en connectant leur smartphone \u00e0 celle-ci via <a href=\"https:\/\/www.youtube.com\/watch?v=MRXLii6r3n4&amp;t=35s\">NFC (Near Field Communication)<\/a> . Cette technologie connecte un smartphone plac\u00e9 \u00e0 proximit\u00e9 de l&rsquo;EPIRB3 en lan\u00e7ant automatiquement l&rsquo;application gratuite Ocean Signal Product App. L&rsquo;application propose un diagnostic complet indiquant \u00e0 l&rsquo;utilisateur l&rsquo;autonomie actuelle de la batterie, le nombre d&rsquo;autotests effectu\u00e9s, le nombre de tests GNSS effectu\u00e9s et la dur\u00e9e d&rsquo;activation de la balise EPIRB. Des informations d\u00e9taill\u00e9es, notamment une vue cartographique indiquant l&#8217;emplacement du test GNSS, la date et l&rsquo;heure du test, le temps n\u00e9cessaire \u00e0 l&rsquo;EPIRB pour obtenir une position sur les coordonn\u00e9es GNSS, le nombre de satellites utilis\u00e9s pour obtenir cette position et la pr\u00e9cision de la position, sont affich\u00e9es de mani\u00e8re pratique. L&rsquo;application mobile gratuite et la fonctionnalit\u00e9 NFC d&rsquo;Ocean Signal fournissent aux utilisateurs toutes les informations n\u00e9cessaires pour confirmer que leur balise EPIRB est pleinement fonctionnelle et pr\u00eate \u00e0 \u00eatre d\u00e9ploy\u00e9e en cas d&rsquo;urgence.<\/p>\n<p>&nbsp;<\/p>\n<p><strong>Le service pratique de liaison de retour (RLS) informe les utilisateurs que leur appel de d\u00e9tresse a \u00e9t\u00e9 re\u00e7u.<\/strong><\/p>\n<p>&nbsp;<\/p>\n<p>Les EPIRB sont d\u00e9ploy\u00e9es en cas de d\u00e9tresse et les op\u00e9rations de sauvetage peuvent prendre du temps, surtout si le navire en d\u00e9tresse se trouve loin des c\u00f4tes. L&rsquo; EPIRB3 Pro est \u00e9quip\u00e9e du service de liaison retour (Return Link Service) qui informe les utilisateurs de la r\u00e9ception du signal de d\u00e9tresse de la balise. Le signal RLS est renvoy\u00e9 via le <a href=\"https:\/\/www.euspa.europa.eu\/european-space\/galileo\/services\/search-and-rescue-sar-galileo-service\">r\u00e9seau satellite Galileo<\/a> pour confirmer la r\u00e9ception du message de d\u00e9tresse, ainsi que de la position et des identifiants pr\u00e9cis EPIRB . Un simple clignotement bleu indique aux utilisateurs que la EPIRB s&rsquo;est correctement connect\u00e9e au r\u00e9seau satellite et que les sauveteurs seront avertis. Savoir que le signal de d\u00e9tresse num\u00e9rique, l&rsquo;identification de la EPIRB et la position de la balise ont bien \u00e9t\u00e9 transmis permet aux personnes en d\u00e9tresse de rester calmes en attendant les secours.    <\/p>\n<p>&nbsp;<\/p>\n<p><strong>Support de montage<\/strong><\/p>\n<p>&nbsp;<\/p>\n<p>L&rsquo; EPIRB3 Pro est livr\u00e9e avec un support de fixation \u00e0 d\u00e9gagement automatique de cat\u00e9gorie 1. Ce support maintient l&rsquo; EPIRB3 Pro en toute s\u00e9curit\u00e9 pendant toute la dur\u00e9e de votre exp\u00e9dition, quelles que soient les conditions. Il offre \u00e9galement de meilleures chances de d\u00e9ploiement en cas de d\u00e9tresse, lorsqu&rsquo;il est difficile pour un membre d&rsquo;\u00e9quipage d&rsquo;atteindre l&rsquo; EPIRB .  <\/p>\n<p>Ocean Signal utilise une technologie de pointe et des proc\u00e9d\u00e9s de fabrication de qualit\u00e9 pour d\u00e9velopper et produire des dispositifs de sauvetage \u00e9lectroniques de qualit\u00e9 et d&rsquo;autres produits de sauvetage. La nouvelle EPIRB3 Pro , avec son profil profil\u00e9, convient aussi bien aux voiliers qu&rsquo;aux bateaux \u00e0 moteur. Les utilisateurs, qu&rsquo;ils soient amateurs ou professionnels, peuvent \u00eatre assur\u00e9s que les fonctionnalit\u00e9s de cette nouvelle EPIRB offrent les meilleures chances Pro EPIRB3 o\u00f9 qu&rsquo;ils aillent. De nombreuses fonctionnalit\u00e9s de haute technologie, associ\u00e9es \u00e0 une conception unique, permettent une utilisation efficace sur tous types de navires, qu&rsquo;ils soient utilis\u00e9s pr\u00e8s des c\u00f4tes, en mer ou \u00e0 l&rsquo;\u00e9tranger.   <\/p>\n<p>Pour la version manuelle de cat\u00e9gorie 2&nbsp;: <a href=\"https:\/\/oceansignal.com\/products\/safesea-epirb3-pro\/\">rescueME EPIRB3<\/a><\/p>\n<p><strong>Fonctionnalit\u00e9s:<\/strong><\/p>\n<p>&nbsp;<\/p>\n<ul>\n<li>Approuv\u00e9 pour une utilisation sur les navires SOLAS<\/li>\n<li>30 % (typ) plus petit<\/li>\n<li>Alerte de d\u00e9tresse AIS<\/li>\n<li>Service de liaison de retour (RLS)<\/li>\n<li>Connectivit\u00e9 mobile \u00e0 l\u2019aide de la communication en champ proche (NFC)<\/li>\n<li>Application gratuite (Apple et Android)<\/li>\n<li>Autonomie de la batterie de 10 ans<\/li>\n<li>48+ heures d\u2019autonomie<\/li>\n<li>Garantie de 2 ans (la garantie peut \u00eatre \u00e9tendue \u00e0 5 ans via l&rsquo;enregistrement du produit aupr\u00e8s d&rsquo; Ocean Signal )<\/li>\n<li>Positionnement rapide et pr\u00e9cis avec GPS \u00e0 72 canaux<\/li>\n<li>Support flottant \u00e0 d\u00e9gagement automatique de cat\u00e9gorie I<\/li>\n<li>Longe s\u00e9curis\u00e9e<\/li>\n<\/ul>\n<p>&nbsp;<\/p>\n","protected":false},"excerpt":{"rendered":"<p>Notre balise de sauvetage mondiale compl\u00e8te de 406 MHz est livr\u00e9e avec un support flottant \u00e0 d\u00e9gagement automatique<\/p>\n<ul>\n<li>Approuv\u00e9 pour une utilisation sur les navires SOLAS<\/li>\n<li>30 % (typ) plus petit<\/li>\n<li>Alerte de d\u00e9tresse AIS<\/li>\n<li>Service de liaison de retour (RLS)<\/li>\n<li>Connectivit\u00e9 mobile \u00e0 l\u2019aide de la communication en champ proche (NFC)<\/li>\n<li>Application gratuite (Apple et Android)<\/li>\n<li>Autonomie de la batterie de 10 ans<\/li>\n<li>48+ heures d\u2019autonomie<\/li>\n<li>Garantie de 2 ans (la garantie peut \u00eatre \u00e9tendue \u00e0 5 ans via l&rsquo;enregistrement du produit aupr\u00e8s d&rsquo; Ocean Signal )<\/li>\n<li>Positionnement rapide et pr\u00e9cis avec GPS \u00e0 72 canaux<\/li>\n<li>Support flottant \u00e0 d\u00e9gagement automatique de cat\u00e9gorie I<\/li>\n<li>Longe s\u00e9curis\u00e9e<\/li>\n<\/ul>\n<p><a href=\"https:\/\/www.dropbox.com\/s\/8343nj28z0d7bxa\/Prop%2065%20-%20BPA.pdf?dl=0\" data-cke-saved-href=\"https:\/\/www.dropbox.com\/s\/8343nj28z0d7bxa\/Prop%2065%20-%20BPA.pdf?dl=0\">AVERTISSEMENT : PROP 65<\/a><\/p>\n<p>&nbsp;<\/p>\n","protected":false},"featured_media":11985,"template":"","meta":{"_acf_changed":false,"om_disable_all_campaigns":false},"product_brand":[],"product_cat":[755,328],"product_tag":[515,762,756,759,757,761,758,760],"class_list":{"0":"post-7736","1":"product","2":"type-product","3":"status-publish","4":"has-post-thumbnail","6":"product_cat-epirb-fr","7":"product_cat-safesea-fr","8":"product_tag-ais-fr","9":"product_tag-balise-de-positionnement-durgence-et-de-sauvetage","10":"product_tag-epirb-fr","11":"product_tag-epirb3-pro-fr","12":"product_tag-nfc-fr","13":"product_tag-service-de-lien-de-retour","14":"product_tag-syndrome-des-jambes-sans-repos","15":"product_tag-unite-de-liberation-hydrostatique","17":"first","18":"instock","19":"taxable","20":"shipping-taxable","21":"purchasable","22":"product-type-simple"},"acf":[],"yoast_head":"<!-- This site is optimized with the Yoast SEO Premium plugin v25.2 (Yoast SEO v26.4) - https:\/\/yoast.com\/wordpress\/plugins\/seo\/ -->\n<title>safeSEA EPIRB3 Pro - Ocean Signal<\/title>\n<meta name=\"description\" content=\"Ocean Signal safeSEA EPIRB3 Pro\u00a0: radiobalise de localisation d&#039;urgence SMDSM avanc\u00e9e avec AIS pour navires SOLAS et de plaisance. Acheter maintenant\" \/>\n<meta name=\"robots\" content=\"index, follow, max-snippet:-1, max-image-preview:large, max-video-preview:-1\" \/>\n<link rel=\"canonical\" href=\"https:\/\/oceansignal.com\/fr\/products\/safesea-epirb3-pro\/\" \/>\n<meta property=\"og:locale\" content=\"fr_FR\" \/>\n<meta property=\"og:type\" content=\"article\" \/>\n<meta property=\"og:title\" content=\"safeSEA EPIRB3 Pro\" \/>\n<meta property=\"og:description\" content=\"Ocean Signal safeSEA EPIRB3 Pro\u00a0: radiobalise de localisation d&#039;urgence SMDSM avanc\u00e9e avec AIS pour navires SOLAS et de plaisance. Acheter maintenant\" \/>\n<meta property=\"og:url\" content=\"https:\/\/oceansignal.com\/fr\/products\/safesea-epirb3-pro\/\" \/>\n<meta property=\"og:site_name\" content=\"Ocean Signal\" \/>\n<meta property=\"article:modified_time\" content=\"2026-01-21T19:49:19+00:00\" \/>\n<meta property=\"og:image\" content=\"https:\/\/oceansignal.com\/wp-content\/uploads\/2023\/07\/EPIRB3-Pro.png\" \/>\n\t<meta property=\"og:image:width\" content=\"800\" \/>\n\t<meta property=\"og:image:height\" content=\"800\" \/>\n\t<meta property=\"og:image:type\" content=\"image\/png\" \/>\n<meta name=\"twitter:card\" content=\"summary_large_image\" \/>\n<meta name=\"twitter:label1\" content=\"Dur\u00e9e de lecture estim\u00e9e\" \/>\n\t<meta name=\"twitter:data1\" content=\"7 minutes\" \/>\n<script type=\"application\/ld+json\" class=\"yoast-schema-graph\">{\"@context\":\"https:\/\/schema.org\",\"@graph\":[{\"@type\":\"WebPage\",\"@id\":\"https:\/\/oceansignal.com\/fr\/products\/safesea-epirb3-pro\/\",\"url\":\"https:\/\/oceansignal.com\/fr\/products\/safesea-epirb3-pro\/\",\"name\":\"safeSEA EPIRB3 Pro - Ocean Signal\",\"isPartOf\":{\"@id\":\"https:\/\/oceansignal.com\/fr\/#website\"},\"primaryImageOfPage\":{\"@id\":\"https:\/\/oceansignal.com\/fr\/products\/safesea-epirb3-pro\/#primaryimage\"},\"image\":{\"@id\":\"https:\/\/oceansignal.com\/fr\/products\/safesea-epirb3-pro\/#primaryimage\"},\"thumbnailUrl\":\"https:\/\/oceansignal.com\/wp-content\/uploads\/2023\/07\/EPIRB3-Pro.png\",\"datePublished\":\"2023-07-11T19:29:27+00:00\",\"dateModified\":\"2026-01-21T19:49:19+00:00\",\"description\":\"Ocean Signal safeSEA EPIRB3 Pro\u00a0: radiobalise de localisation d'urgence SMDSM avanc\u00e9e avec AIS pour navires SOLAS et de plaisance. Acheter maintenant\",\"breadcrumb\":{\"@id\":\"https:\/\/oceansignal.com\/fr\/products\/safesea-epirb3-pro\/#breadcrumb\"},\"inLanguage\":\"fr-FR\",\"potentialAction\":[{\"@type\":\"ReadAction\",\"target\":[\"https:\/\/oceansignal.com\/fr\/products\/safesea-epirb3-pro\/\"]}]},{\"@type\":\"ImageObject\",\"inLanguage\":\"fr-FR\",\"@id\":\"https:\/\/oceansignal.com\/fr\/products\/safesea-epirb3-pro\/#primaryimage\",\"url\":\"https:\/\/oceansignal.com\/wp-content\/uploads\/2023\/07\/EPIRB3-Pro.png\",\"contentUrl\":\"https:\/\/oceansignal.com\/wp-content\/uploads\/2023\/07\/EPIRB3-Pro.png\",\"width\":800,\"height\":800},{\"@type\":\"BreadcrumbList\",\"@id\":\"https:\/\/oceansignal.com\/fr\/products\/safesea-epirb3-pro\/#breadcrumb\",\"itemListElement\":[{\"@type\":\"ListItem\",\"position\":1,\"name\":\"Produits\",\"item\":\"https:\/\/oceansignal.com\/fr\/produits\/\"},{\"@type\":\"ListItem\",\"position\":2,\"name\":\"safeSEA EPIRB3 Pro\"}]},{\"@type\":\"WebSite\",\"@id\":\"https:\/\/oceansignal.com\/fr\/#website\",\"url\":\"https:\/\/oceansignal.com\/fr\/\",\"name\":\"Ocean Signal\",\"description\":\"A leading manufacturer of EPIRBs, AIS, SARTs, Personal Locator Beacons, Man Overboard Beacon for the Marine and Outdoor Markets.\",\"potentialAction\":[{\"@type\":\"SearchAction\",\"target\":{\"@type\":\"EntryPoint\",\"urlTemplate\":\"https:\/\/oceansignal.com\/fr\/?s={search_term_string}\"},\"query-input\":{\"@type\":\"PropertyValueSpecification\",\"valueRequired\":true,\"valueName\":\"search_term_string\"}}],\"inLanguage\":\"fr-FR\"}]}<\/script>\n<!-- \/ Yoast SEO Premium plugin. -->","yoast_head_json":{"title":"safeSEA EPIRB3 Pro - Ocean Signal","description":"Ocean Signal safeSEA EPIRB3 Pro\u00a0: radiobalise de localisation d'urgence SMDSM avanc\u00e9e avec AIS pour navires SOLAS et de plaisance. Acheter maintenant","robots":{"index":"index","follow":"follow","max-snippet":"max-snippet:-1","max-image-preview":"max-image-preview:large","max-video-preview":"max-video-preview:-1"},"canonical":"https:\/\/oceansignal.com\/fr\/products\/safesea-epirb3-pro\/","og_locale":"fr_FR","og_type":"article","og_title":"safeSEA EPIRB3 Pro","og_description":"Ocean Signal safeSEA EPIRB3 Pro\u00a0: radiobalise de localisation d'urgence SMDSM avanc\u00e9e avec AIS pour navires SOLAS et de plaisance. Acheter maintenant","og_url":"https:\/\/oceansignal.com\/fr\/products\/safesea-epirb3-pro\/","og_site_name":"Ocean Signal","article_modified_time":"2026-01-21T19:49:19+00:00","og_image":[{"width":800,"height":800,"url":"https:\/\/oceansignal.com\/wp-content\/uploads\/2023\/07\/EPIRB3-Pro.png","type":"image\/png"}],"twitter_card":"summary_large_image","twitter_misc":{"Dur\u00e9e de lecture estim\u00e9e":"7 minutes"},"schema":{"@context":"https:\/\/schema.org","@graph":[{"@type":"WebPage","@id":"https:\/\/oceansignal.com\/fr\/products\/safesea-epirb3-pro\/","url":"https:\/\/oceansignal.com\/fr\/products\/safesea-epirb3-pro\/","name":"safeSEA EPIRB3 Pro - Ocean Signal","isPartOf":{"@id":"https:\/\/oceansignal.com\/fr\/#website"},"primaryImageOfPage":{"@id":"https:\/\/oceansignal.com\/fr\/products\/safesea-epirb3-pro\/#primaryimage"},"image":{"@id":"https:\/\/oceansignal.com\/fr\/products\/safesea-epirb3-pro\/#primaryimage"},"thumbnailUrl":"https:\/\/oceansignal.com\/wp-content\/uploads\/2023\/07\/EPIRB3-Pro.png","datePublished":"2023-07-11T19:29:27+00:00","dateModified":"2026-01-21T19:49:19+00:00","description":"Ocean Signal safeSEA EPIRB3 Pro\u00a0: radiobalise de localisation d'urgence SMDSM avanc\u00e9e avec AIS pour navires SOLAS et de plaisance. Acheter maintenant","breadcrumb":{"@id":"https:\/\/oceansignal.com\/fr\/products\/safesea-epirb3-pro\/#breadcrumb"},"inLanguage":"fr-FR","potentialAction":[{"@type":"ReadAction","target":["https:\/\/oceansignal.com\/fr\/products\/safesea-epirb3-pro\/"]}]},{"@type":"ImageObject","inLanguage":"fr-FR","@id":"https:\/\/oceansignal.com\/fr\/products\/safesea-epirb3-pro\/#primaryimage","url":"https:\/\/oceansignal.com\/wp-content\/uploads\/2023\/07\/EPIRB3-Pro.png","contentUrl":"https:\/\/oceansignal.com\/wp-content\/uploads\/2023\/07\/EPIRB3-Pro.png","width":800,"height":800},{"@type":"BreadcrumbList","@id":"https:\/\/oceansignal.com\/fr\/products\/safesea-epirb3-pro\/#breadcrumb","itemListElement":[{"@type":"ListItem","position":1,"name":"Produits","item":"https:\/\/oceansignal.com\/fr\/produits\/"},{"@type":"ListItem","position":2,"name":"safeSEA EPIRB3 Pro"}]},{"@type":"WebSite","@id":"https:\/\/oceansignal.com\/fr\/#website","url":"https:\/\/oceansignal.com\/fr\/","name":"Ocean Signal","description":"A leading manufacturer of EPIRBs, AIS, SARTs, Personal Locator Beacons, Man Overboard Beacon for the Marine and Outdoor Markets.","potentialAction":[{"@type":"SearchAction","target":{"@type":"EntryPoint","urlTemplate":"https:\/\/oceansignal.com\/fr\/?s={search_term_string}"},"query-input":{"@type":"PropertyValueSpecification","valueRequired":true,"valueName":"search_term_string"}}],"inLanguage":"fr-FR"}]}},"_links":{"self":[{"href":"https:\/\/oceansignal.com\/fr\/wp-json\/wp\/v2\/product\/7736","targetHints":{"allow":["GET"]}}],"collection":[{"href":"https:\/\/oceansignal.com\/fr\/wp-json\/wp\/v2\/product"}],"about":[{"href":"https:\/\/oceansignal.com\/fr\/wp-json\/wp\/v2\/types\/product"}],"wp:featuredmedia":[{"embeddable":true,"href":"https:\/\/oceansignal.com\/fr\/wp-json\/wp\/v2\/media\/11985"}],"wp:attachment":[{"href":"https:\/\/oceansignal.com\/fr\/wp-json\/wp\/v2\/media?parent=7736"}],"wp:term":[{"taxonomy":"product_brand","embeddable":true,"href":"https:\/\/oceansignal.com\/fr\/wp-json\/wp\/v2\/product_brand?post=7736"},{"taxonomy":"product_cat","embeddable":true,"href":"https:\/\/oceansignal.com\/fr\/wp-json\/wp\/v2\/product_cat?post=7736"},{"taxonomy":"product_tag","embeddable":true,"href":"https:\/\/oceansignal.com\/fr\/wp-json\/wp\/v2\/product_tag?post=7736"}],"curies":[{"name":"wp","href":"https:\/\/api.w.org\/{rel}","templated":true}]}}