{"id":7772,"date":"2023-09-07T14:09:53","date_gmt":"2023-09-07T14:09:53","guid":{"rendered":"https:\/\/oceansignal.com\/products\/rescueme-plb3\/"},"modified":"2026-03-26T11:51:01","modified_gmt":"2026-03-26T11:51:01","slug":"rescueme-plb3-balise-de-secours","status":"publish","type":"product","link":"https:\/\/oceansignal.com\/fr\/products\/rescueme-plb3-balise-de-secours\/","title":{"rendered":"PLB3 rescueME"},"content":{"rendered":"<p class=\"ai-optimize-42 ai-optimize-introduction\">Pr\u00e9sentation de la <a href=\"https:\/\/oceansignal.com\/fr\/news\/ocean-signal-remporte-le-dame-design-award-2022-pour-la-balise-de-localisation-personnelle-rescueme-plb3-ais\/\">balise<\/a> de localisation personnelle AIS Ocean Signal rescueME PLB3 , d\u00e9sormais disponible en application mobile gratuite. La PLB3 transmet sur le syst\u00e8me mondial de satellites <a href=\"https:\/\/www.cospas-sarsat.int\/en\/\">Cospas Sarsat<\/a> qui comprend 3 constellations diff\u00e9rentes pour garantir que votre signal de d\u00e9tresse de 406 MHz atteigne imm\u00e9diatement le r\u00e9seau mondial des forces de recherche et de sauvetage avec votre position pr\u00e9cise \u00e0 100 m\u00e8tres pr\u00e8s. Avec plusieurs niveaux de technologie de signalisation int\u00e9gr\u00e9e, y compris le positionnement 406 MHz et GNSS (GPS, <a href=\"https:\/\/www.euspa.europa.eu\/european-space\/galileo\/services\/search-and-rescue-sar-galileo-service\">Galileo<\/a> , Glonass), la PLB3 transmet \u00e9galement un signal de localisation de 121,5 MHz qui guide les services de recherche et de sauvetage vers l&#8217;emplacement actuel de la balise lorsqu&rsquo;ils arrivent sur les lieux, car la balise peut avoir d\u00e9riv\u00e9 de la position initialement transmise. L&rsquo;ajout de transmissions AIS (Automatic Identification System) signifie que la balise de localisation personnelle AIS PLB3 alerte simultan\u00e9ment tous les navires \u00e9quip\u00e9s de transpondeurs AIS dans la port\u00e9e radio VHF de la position de d\u00e9tresse de la PLB . Cela augmente consid\u00e9rablement la probabilit\u00e9 et la rapidit\u00e9 du sauvetage puisque les navires \u00e0 proximit\u00e9 re\u00e7oivent les alertes. Imm\u00e9diatement apr\u00e8s le d\u00e9ploiement de la balise, un message de s\u00e9curit\u00e9 AIS ou une alarme MOB avec le MMSI et la position de la balise s&rsquo;affiche sur n&rsquo;importe quel \u00e9cran AIS \u00e0 port\u00e9e. Cela permet aux navires \u00e0 proximit\u00e9 de se diriger facilement vers la balise puisqu&rsquo;elle constitue une cible AIS active sur leurs \u00e9crans.      <\/p>\n<p class=\"ai-optimize-44\">Le PLB3 \u00e9clairera le chemin \u00e0 l&rsquo;arriv\u00e9e des sauveteurs sur les lieux avec un stroboscope blanc visible et un stroboscope infrarouge offrant aux sauveteurs la r\u00e9f\u00e9rence visuelle dont ils ont besoin pendant la nuit ou d&rsquo;autres op\u00e9rations de sauvetage \u00e0 faible visibilit\u00e9.<\/p>\n<p class=\"ai-optimize-45\"><strong>Connectivit\u00e9 smartphone \u00e0 l\u2019aide de la communication en champ proche (NFC)<\/strong><\/p>\n<p class=\"ai-optimize-46\">L&rsquo;int\u00e9gration de <a href=\"https:\/\/www.youtube.com\/watch?v=MRXLii6r3n4\">la technologie NFC<\/a> permet aux utilisateurs d&rsquo;acc\u00e9der facilement aux donn\u00e9es de la balise depuis leur t\u00e9l\u00e9phone mobile. Le simple fait de placer un t\u00e9l\u00e9phone \u00e0 proximit\u00e9 de la balise ouvre automatiquement l&rsquo;application Ocean Signal Product et donne acc\u00e8s \u00e0 une multitude de donn\u00e9es d&rsquo;utilisation, notamment la dur\u00e9e de vie actuelle de la batterie, le nombre d&rsquo;auto-tests effectu\u00e9s, le nombre de tests GNSS effectu\u00e9s et, le cas \u00e9ch\u00e9ant, la dur\u00e9e d&rsquo;activation de la balise. Des informations d\u00e9taill\u00e9es sur chaque auto-test et test GNSS effectu\u00e9 par la balise sont \u00e9galement disponibles si vous le souhaitez. Pour chaque test GNSS r\u00e9ussi, les utilisateurs peuvent consulter une carte indiquant exactement o\u00f9 le test a \u00e9t\u00e9 effectu\u00e9, la date et l&rsquo;heure du test, le temps qu&rsquo;il a fallu \u00e0 la balise pour obtenir une correction de vos coordonn\u00e9es GNSS, le nombre de satellites utilis\u00e9s par la balise pour obtenir cette correction et la pr\u00e9cision de la localisation.   <\/p>\n<p class=\"ai-optimize-47\"><strong> <\/strong><\/p>\n<p class=\"ai-optimize-48\"><strong>Service de lien de retour<\/strong><\/p>\n<p class=\"ai-optimize-49\">La fonctionnalit\u00e9 Return Link Service ou RLS fonctionne lorsque les \u00e9quipes de recherche et de sauvetage envoient un signal via le r\u00e9seau <a href=\"https:\/\/www.euspa.europa.eu\/european-space\/galileo\/services\/search-and-rescue-sar-galileo-service\">satellite Galileo<\/a> pour confirmer \u00e0 l&rsquo;utilisateur de la balise que son message de d\u00e9tresse a \u00e9t\u00e9 re\u00e7u et que sa position a \u00e9t\u00e9 d\u00e9tect\u00e9e. La confirmation de l&rsquo;utilisateur est clairement indiqu\u00e9e par un voyant bleu clignotant sur la PLB3 . En plus d&rsquo;inclure un ensemble complet de fonctionnalit\u00e9s, la balise de localisation personnelle AIS PLB3 est con\u00e7ue pour le confort. Ayez l&rsquo;esprit tranquille en sachant que votre message de d\u00e9tresse a \u00e9t\u00e9 transmis avec succ\u00e8s et que l&rsquo;aide est en route.   <\/p>\n<p>&nbsp;<\/p>\n<p class=\"ai-optimize-50\"><strong>Int\u00e9gration du gilet de sauvetage<\/strong><\/p>\n<p class=\"ai-optimize-51\">Le PLB3 est con\u00e7u pour \u00eatre install\u00e9 dans un gilet de sauvetage et s&rsquo;activer lors du gonflage du gilet (semi-automatique). <a href=\"https:\/\/www.youtube.com\/watch?v=eeTKOFMkfxM\">L&rsquo;installation est simplifi\u00e9e<\/a> gr\u00e2ce au clip de gonflage buccal inclus pour fixer le PLB3 au gilet de sauvetage avec un ruban reli\u00e9 autour de la poche du gilet de sauvetage. Une fois correctement install\u00e9, l&rsquo;action de gonflage du gilet de sauvetage d\u00e9clenche le d\u00e9ploiement de l&rsquo;antenne et l&rsquo;activation de la balise. <\/p>\n<p class=\"ai-optimize-36\"><strong>Il est recommand\u00e9 de consulter le fabricant du gilet de sauvetage avant l&rsquo;installation, car certains mod\u00e8les peuvent avoir leur propre m\u00e9thode de fixation ou leurs propres recommandations d&rsquo;int\u00e9gration.<\/strong><\/p>\n<p class=\"ai-optimize-52\">Les utilisateurs ne souhaitant pas installer le PLB3 dans un gilet de sauvetage ont la possibilit\u00e9 d&rsquo;utiliser le clip de sangle inclus pour attacher la balise \u00e0 une ceinture de taille appropri\u00e9e ou \u00e0 la sangle d&rsquo;un gilet de sauvetage intrins\u00e8quement flottant.<\/p>\n<p>&nbsp;<\/p>\n<p class=\"ai-optimize-53\"><strong>Fonctionnalit\u00e9s:<\/strong><\/p>\n<ul>\n<li class=\"ai-optimize-54\">Aucun abonnement requis<\/li>\n<li class=\"ai-optimize-55\">Signal de d\u00e9tresse <a href=\"https:\/\/www.cospas-sarsat.int\/en\/\">Cospas Sarsat<\/a> 406 MHz (compatible MEOSAR)<\/li>\n<li class=\"ai-optimize-56\">Signal de ralliement local de 121,5 MHz<\/li>\n<li class=\"ai-optimize-57\">Signal de localisation AIS (Automatic Identification System)<\/li>\n<li class=\"ai-optimize-58\">Connectivit\u00e9 smartphone via NFC (Near Field Communication)<\/li>\n<li class=\"ai-optimize-59\">Application mobile gratuite Ocean Signal Beacon (IOS et Android)<\/li>\n<li class=\"ai-optimize-60\">Fonctionnalit\u00e9 du service de liaison de retour (RLS)<\/li>\n<li class=\"ai-optimize-61\">GNSS via les satellites GPS et <a href=\"https:\/\/www.euspa.europa.eu\/european-space\/galileo\/services\/search-and-rescue-sar-galileo-service\">Galileo<\/a><\/li>\n<li class=\"ai-optimize-62\">Lumi\u00e8re stroboscopique et stroboscopique infrarouge<\/li>\n<li class=\"ai-optimize-63\">Couverture mondiale<\/li>\n<li class=\"ai-optimize-64\">Fixation simple du VFI<\/li>\n<li class=\"ai-optimize-65\">Con\u00e7u pour s\u2019int\u00e9grer aux VFI gonflables courants<\/li>\n<li class=\"ai-optimize-66\">Syst\u00e8me de clip multifonction inclus<\/li>\n<li class=\"ai-optimize-67\">Petit et l\u00e9ger<\/li>\n<li class=\"ai-optimize-68\">Dur\u00e9e de vie de la batterie : 6 ans \u00e0 compter de la date de fabrication ou 5 ans apr\u00e8s la mise en service de la balise.<\/li>\n<li class=\"ai-optimize-69\">Dur\u00e9e de vie op\u00e9rationnelle de plus de 24 heures<\/li>\n<\/ul>\n<p>&nbsp;<\/p>\n","protected":false},"excerpt":{"rendered":"<p class=\"ai-optimize-37\">La <strong>PREMI\u00c8RE<\/strong> PLB au monde avec AIS et la <strong>PREMI\u00c8RE<\/strong> PLB au monde \u00e0 inclure NFC et application mobile<\/p>\n<ul>\n<li class=\"ai-optimize-38\" data-start=\"71\" data-end=\"199\">\n<p class=\"ai-optimize-39\" data-start=\"73\" data-end=\"199\"><strong data-start=\"73\" data-end=\"97\">Syst\u00e8me d&rsquo;alerte triple :<\/strong> envoie un signal de d\u00e9tresse global de 406 MHz, un AIS pour les navires \u00e0 proximit\u00e9 et un syst\u00e8me de localisation de 121,5 MHz pour les \u00e9quipes de secours mondiales<\/p>\n<\/li>\n<li class=\"ai-optimize-40\" data-start=\"71\" data-end=\"199\"><strong data-start=\"406\" data-end=\"427\">Conception compatible avec les gilets de sauvetage&nbsp;:<\/strong> comprend un clip multifonction et est con\u00e7u pour s\u2019int\u00e9grer parfaitement \u00e0 la plupart des gilets de sauvetage gonflables.<\/li>\n<li class=\"ai-optimize-41\" data-start=\"200\" data-end=\"302\">\n<p class=\"ai-optimize-42\" data-start=\"202\" data-end=\"302\"><strong data-start=\"202\" data-end=\"224\">Intelligent et connect\u00e9&nbsp;:<\/strong> compatible NFC pour la configuration et les v\u00e9rifications d&rsquo;\u00e9tat via une application mobile gratuite (iOS et Android)<\/p>\n<\/li>\n<li class=\"ai-optimize-43\" data-start=\"303\" data-end=\"403\">\n<p class=\"ai-optimize-44\" data-start=\"305\" data-end=\"403\"><strong data-start=\"305\" data-end=\"326\">Aucun abonnement&nbsp;:<\/strong> achat unique avec une autonomie de batterie de 6&nbsp;ans et une dur\u00e9e d&rsquo;activation de plus de 24&nbsp;heures<\/p>\n<\/li>\n<li class=\"ai-optimize-45\" data-start=\"303\" data-end=\"403\"><strong>Offre&nbsp;: <a href=\"https:\/\/oceansignal.com\/fr\/products\/pochette-de-flottaison-plb1-copy\/\">Pochette de flottaison PLB3<\/a> GRATUITE<\/strong> pour tout achat d\u2019une PLB3. Utilisez le code&nbsp;: PLB3Pouch lors de votre commande. <\/li>\n<\/ul>\n","protected":false},"featured_media":11870,"template":"","meta":{"_acf_changed":false,"om_disable_all_campaigns":false},"product_brand":[],"product_cat":[819,1982,471],"product_tag":[1037,822,757,820,1036,758],"class_list":{"0":"post-7772","1":"product","2":"type-product","3":"status-publish","4":"has-post-thumbnail","6":"product_cat-balises-de-localisation-personnelles","7":"product_cat-compatible-avec-les-gilets-de-sauvetage","8":"product_cat-rescueme-fr","9":"product_tag-406-mhz-fr","10":"product_tag-balise-de-localisation-personnelle","11":"product_tag-nfc-fr","12":"product_tag-plb-fr","13":"product_tag-plb3-fr","14":"product_tag-syndrome-des-jambes-sans-repos","16":"first","17":"instock","18":"taxable","19":"shipping-taxable","20":"purchasable","21":"product-type-simple"},"acf":[],"yoast_head":"<!-- This site is optimized with the Yoast SEO Premium plugin v25.2 (Yoast SEO v26.4) - https:\/\/yoast.com\/wordpress\/plugins\/seo\/ -->\n<title>PLB3 rescueME - Ocean Signal<\/title>\n<meta name=\"description\" content=\"La balise de localisation personnelle AIS Ocean Signal rescueME PLB3 est la premi\u00e8re et la seule PLB avec 406 MHz, service de liaison de retour et application mobile. Achetez maintenant.\" \/>\n<meta name=\"robots\" content=\"index, follow, max-snippet:-1, max-image-preview:large, max-video-preview:-1\" \/>\n<link rel=\"canonical\" href=\"https:\/\/oceansignal.com\/fr\/products\/rescueme-plb3-balise-de-secours\/\" \/>\n<meta property=\"og:locale\" content=\"fr_FR\" \/>\n<meta property=\"og:type\" content=\"article\" \/>\n<meta property=\"og:title\" content=\"PLB3 rescueME\" \/>\n<meta property=\"og:description\" content=\"La balise de localisation personnelle AIS Ocean Signal rescueME PLB3 est la premi\u00e8re et la seule PLB avec 406 MHz, service de liaison de retour et application mobile. Achetez maintenant.\" \/>\n<meta property=\"og:url\" content=\"https:\/\/oceansignal.com\/fr\/products\/rescueme-plb3-balise-de-secours\/\" \/>\n<meta property=\"og:site_name\" content=\"Ocean Signal\" \/>\n<meta property=\"article:modified_time\" content=\"2026-03-26T11:51:01+00:00\" \/>\n<meta property=\"og:image\" content=\"https:\/\/oceansignal.com\/wp-content\/uploads\/2023\/09\/OSL-PLB3-Front.png\" \/>\n\t<meta property=\"og:image:width\" content=\"2000\" \/>\n\t<meta property=\"og:image:height\" content=\"2000\" \/>\n\t<meta property=\"og:image:type\" content=\"image\/png\" \/>\n<meta name=\"twitter:card\" content=\"summary_large_image\" \/>\n<meta name=\"twitter:label1\" content=\"Dur\u00e9e de lecture estim\u00e9e\" \/>\n\t<meta name=\"twitter:data1\" content=\"5 minutes\" \/>\n<script type=\"application\/ld+json\" class=\"yoast-schema-graph\">{\"@context\":\"https:\/\/schema.org\",\"@graph\":[{\"@type\":\"WebPage\",\"@id\":\"https:\/\/oceansignal.com\/fr\/products\/rescueme-plb3-balise-de-secours\/\",\"url\":\"https:\/\/oceansignal.com\/fr\/products\/rescueme-plb3-balise-de-secours\/\",\"name\":\"PLB3 rescueME - Ocean Signal\",\"isPartOf\":{\"@id\":\"https:\/\/oceansignal.com\/fr\/#website\"},\"primaryImageOfPage\":{\"@id\":\"https:\/\/oceansignal.com\/fr\/products\/rescueme-plb3-balise-de-secours\/#primaryimage\"},\"image\":{\"@id\":\"https:\/\/oceansignal.com\/fr\/products\/rescueme-plb3-balise-de-secours\/#primaryimage\"},\"thumbnailUrl\":\"https:\/\/oceansignal.com\/wp-content\/uploads\/2023\/09\/OSL-PLB3-Front.png\",\"datePublished\":\"2023-09-07T14:09:53+00:00\",\"dateModified\":\"2026-03-26T11:51:01+00:00\",\"description\":\"La balise de localisation personnelle AIS Ocean Signal rescueME PLB3 est la premi\u00e8re et la seule PLB avec 406 MHz, service de liaison de retour et application mobile. Achetez maintenant.\",\"breadcrumb\":{\"@id\":\"https:\/\/oceansignal.com\/fr\/products\/rescueme-plb3-balise-de-secours\/#breadcrumb\"},\"inLanguage\":\"fr-FR\",\"potentialAction\":[{\"@type\":\"ReadAction\",\"target\":[\"https:\/\/oceansignal.com\/fr\/products\/rescueme-plb3-balise-de-secours\/\"]}]},{\"@type\":\"ImageObject\",\"inLanguage\":\"fr-FR\",\"@id\":\"https:\/\/oceansignal.com\/fr\/products\/rescueme-plb3-balise-de-secours\/#primaryimage\",\"url\":\"https:\/\/oceansignal.com\/wp-content\/uploads\/2023\/09\/OSL-PLB3-Front.png\",\"contentUrl\":\"https:\/\/oceansignal.com\/wp-content\/uploads\/2023\/09\/OSL-PLB3-Front.png\",\"width\":2000,\"height\":2000},{\"@type\":\"BreadcrumbList\",\"@id\":\"https:\/\/oceansignal.com\/fr\/products\/rescueme-plb3-balise-de-secours\/#breadcrumb\",\"itemListElement\":[{\"@type\":\"ListItem\",\"position\":1,\"name\":\"Produits\",\"item\":\"https:\/\/oceansignal.com\/fr\/produits\/\"},{\"@type\":\"ListItem\",\"position\":2,\"name\":\"PLB3 rescueME\"}]},{\"@type\":\"WebSite\",\"@id\":\"https:\/\/oceansignal.com\/fr\/#website\",\"url\":\"https:\/\/oceansignal.com\/fr\/\",\"name\":\"Ocean Signal\",\"description\":\"A leading manufacturer of EPIRBs, AIS, SARTs, Personal Locator Beacons, Man Overboard Beacon for the Marine and Outdoor Markets.\",\"potentialAction\":[{\"@type\":\"SearchAction\",\"target\":{\"@type\":\"EntryPoint\",\"urlTemplate\":\"https:\/\/oceansignal.com\/fr\/?s={search_term_string}\"},\"query-input\":{\"@type\":\"PropertyValueSpecification\",\"valueRequired\":true,\"valueName\":\"search_term_string\"}}],\"inLanguage\":\"fr-FR\"}]}<\/script>\n<!-- \/ Yoast SEO Premium plugin. -->","yoast_head_json":{"title":"PLB3 rescueME - Ocean Signal","description":"La balise de localisation personnelle AIS Ocean Signal rescueME PLB3 est la premi\u00e8re et la seule PLB avec 406 MHz, service de liaison de retour et application mobile. Achetez maintenant.","robots":{"index":"index","follow":"follow","max-snippet":"max-snippet:-1","max-image-preview":"max-image-preview:large","max-video-preview":"max-video-preview:-1"},"canonical":"https:\/\/oceansignal.com\/fr\/products\/rescueme-plb3-balise-de-secours\/","og_locale":"fr_FR","og_type":"article","og_title":"PLB3 rescueME","og_description":"La balise de localisation personnelle AIS Ocean Signal rescueME PLB3 est la premi\u00e8re et la seule PLB avec 406 MHz, service de liaison de retour et application mobile. Achetez maintenant.","og_url":"https:\/\/oceansignal.com\/fr\/products\/rescueme-plb3-balise-de-secours\/","og_site_name":"Ocean Signal","article_modified_time":"2026-03-26T11:51:01+00:00","og_image":[{"width":2000,"height":2000,"url":"https:\/\/oceansignal.com\/wp-content\/uploads\/2023\/09\/OSL-PLB3-Front.png","type":"image\/png"}],"twitter_card":"summary_large_image","twitter_misc":{"Dur\u00e9e de lecture estim\u00e9e":"5 minutes"},"schema":{"@context":"https:\/\/schema.org","@graph":[{"@type":"WebPage","@id":"https:\/\/oceansignal.com\/fr\/products\/rescueme-plb3-balise-de-secours\/","url":"https:\/\/oceansignal.com\/fr\/products\/rescueme-plb3-balise-de-secours\/","name":"PLB3 rescueME - Ocean Signal","isPartOf":{"@id":"https:\/\/oceansignal.com\/fr\/#website"},"primaryImageOfPage":{"@id":"https:\/\/oceansignal.com\/fr\/products\/rescueme-plb3-balise-de-secours\/#primaryimage"},"image":{"@id":"https:\/\/oceansignal.com\/fr\/products\/rescueme-plb3-balise-de-secours\/#primaryimage"},"thumbnailUrl":"https:\/\/oceansignal.com\/wp-content\/uploads\/2023\/09\/OSL-PLB3-Front.png","datePublished":"2023-09-07T14:09:53+00:00","dateModified":"2026-03-26T11:51:01+00:00","description":"La balise de localisation personnelle AIS Ocean Signal rescueME PLB3 est la premi\u00e8re et la seule PLB avec 406 MHz, service de liaison de retour et application mobile. Achetez maintenant.","breadcrumb":{"@id":"https:\/\/oceansignal.com\/fr\/products\/rescueme-plb3-balise-de-secours\/#breadcrumb"},"inLanguage":"fr-FR","potentialAction":[{"@type":"ReadAction","target":["https:\/\/oceansignal.com\/fr\/products\/rescueme-plb3-balise-de-secours\/"]}]},{"@type":"ImageObject","inLanguage":"fr-FR","@id":"https:\/\/oceansignal.com\/fr\/products\/rescueme-plb3-balise-de-secours\/#primaryimage","url":"https:\/\/oceansignal.com\/wp-content\/uploads\/2023\/09\/OSL-PLB3-Front.png","contentUrl":"https:\/\/oceansignal.com\/wp-content\/uploads\/2023\/09\/OSL-PLB3-Front.png","width":2000,"height":2000},{"@type":"BreadcrumbList","@id":"https:\/\/oceansignal.com\/fr\/products\/rescueme-plb3-balise-de-secours\/#breadcrumb","itemListElement":[{"@type":"ListItem","position":1,"name":"Produits","item":"https:\/\/oceansignal.com\/fr\/produits\/"},{"@type":"ListItem","position":2,"name":"PLB3 rescueME"}]},{"@type":"WebSite","@id":"https:\/\/oceansignal.com\/fr\/#website","url":"https:\/\/oceansignal.com\/fr\/","name":"Ocean Signal","description":"A leading manufacturer of EPIRBs, AIS, SARTs, Personal Locator Beacons, Man Overboard Beacon for the Marine and Outdoor Markets.","potentialAction":[{"@type":"SearchAction","target":{"@type":"EntryPoint","urlTemplate":"https:\/\/oceansignal.com\/fr\/?s={search_term_string}"},"query-input":{"@type":"PropertyValueSpecification","valueRequired":true,"valueName":"search_term_string"}}],"inLanguage":"fr-FR"}]}},"_links":{"self":[{"href":"https:\/\/oceansignal.com\/fr\/wp-json\/wp\/v2\/product\/7772","targetHints":{"allow":["GET"]}}],"collection":[{"href":"https:\/\/oceansignal.com\/fr\/wp-json\/wp\/v2\/product"}],"about":[{"href":"https:\/\/oceansignal.com\/fr\/wp-json\/wp\/v2\/types\/product"}],"wp:featuredmedia":[{"embeddable":true,"href":"https:\/\/oceansignal.com\/fr\/wp-json\/wp\/v2\/media\/11870"}],"wp:attachment":[{"href":"https:\/\/oceansignal.com\/fr\/wp-json\/wp\/v2\/media?parent=7772"}],"wp:term":[{"taxonomy":"product_brand","embeddable":true,"href":"https:\/\/oceansignal.com\/fr\/wp-json\/wp\/v2\/product_brand?post=7772"},{"taxonomy":"product_cat","embeddable":true,"href":"https:\/\/oceansignal.com\/fr\/wp-json\/wp\/v2\/product_cat?post=7772"},{"taxonomy":"product_tag","embeddable":true,"href":"https:\/\/oceansignal.com\/fr\/wp-json\/wp\/v2\/product_tag?post=7772"}],"curies":[{"name":"wp","href":"https:\/\/api.w.org\/{rel}","templated":true}]}}