{"id":7783,"date":"2023-09-07T13:28:52","date_gmt":"2023-09-07T13:28:52","guid":{"rendered":"https:\/\/oceansignal.com\/products\/rescueme-plb1\/"},"modified":"2026-03-11T12:00:27","modified_gmt":"2026-03-11T12:00:27","slug":"rescueme-plb1-balise-de-detresse-personnelle","status":"publish","type":"product","link":"https:\/\/oceansignal.com\/fr\/products\/rescueme-plb1-balise-de-detresse-personnelle\/","title":{"rendered":"rescueME PLB1 &#8211; Balise Personnelle"},"content":{"rendered":"<p>POUR LES CLIENTS DES \u00c9TATS-UNIS ET DU CANADA\u00a0: <a href=\"https:\/\/www.dropbox.com\/s\/fk04stqsp2hgk5f\/Prop%2065%20-%20DEHP.pdf?dl=0\">AVERTISSEMENT\u00a0: PROPOSITION 65<\/a><\/p>\n<h3><a href=\"https:\/\/oceansignal.com\/fr\/products\/pochette-de-flottaison-plb1\/\">Pochette flottante PLB1<\/a> GRATUITE d&rsquo;une valeur de 19,99\u00a0\u20ac pour toute commande PLB1. Utilisez le code\u00a0: Pouch2025 dans votre panier.<\/h3>\n<p><img loading=\"lazy\" decoding=\"async\" class=\"\" src=\"https:\/\/oceansignal.com\/wp-content\/uploads\/2025\/10\/Free-PLB1-Floatation-Pouch-with-every-order-Ocean-Signal.png\" width=\"129\" height=\"179\" \/><\/p>\n<p>&nbsp;<\/p>\n<p>Le <strong>rescueMe PLB1<\/strong> peut \u00eatre utilis\u00e9 d&rsquo;une seule main, m\u00eame dans les situations les plus difficiles. Un simple rabat \u00e0 ressort recouvre le bouton d&rsquo;activation, emp\u00eachant toute utilisation accidentelle. La lumi\u00e8re stroboscopique ultra-lumineuse int\u00e9gr\u00e9e assure une visibilit\u00e9 maximale et le d\u00e9ploiement de l&rsquo;antenne ne pourrait pas \u00eatre plus simple, avec une l\u00e9g\u00e8re traction, l&rsquo;antenne est lib\u00e9r\u00e9e.<\/p>\n<p>Le <strong>PLB1 rescueME<\/strong> fonctionne avec le seul r\u00e9seau de satellites de recherche et de sauvetage officiellement reconnu dans le monde (exploit\u00e9 par Cospas Sarsat). Comme il est financ\u00e9 par les gouvernements, l&rsquo;utilisation de ce service est GRATUITE. Une fois activ\u00e9e, la balise de localisation personnelle transmet votre position et votre identifiant \u00e0 un centre de coordination de sauvetage via une liaison satellite. Les services de secours les plus proches de vous sont rapidement inform\u00e9s de votre situation d&rsquo;urgence et r\u00e9guli\u00e8rement inform\u00e9s de votre position actuelle pour faciliter un sauvetage rapide.<\/p>\n<p><strong>Fonctionnalit\u00e9s:<\/strong><\/p>\n<ul>\n<li>Utilisation gratuite, sans frais d\u2019abonnement<\/li>\n<li>30 % plus petit (typ) en volume<\/li>\n<li>\u00c9tanche jusqu&rsquo;\u00e0 15 m\u00e8tres<\/li>\n<li>P\u00e8se 116 grammes<\/li>\n<li>S\u2019adapte facilement au gilet de sauvetage*<\/li>\n<li>Antenne r\u00e9tractable<\/li>\n<li>Autonomie de la batterie de 7 ans<\/li>\n<li>Dur\u00e9e de vie op\u00e9rationnelle de 24+ heures<\/li>\n<li>Lumi\u00e8re &gt;stroboscopique haute luminosit\u00e9 1candela<\/li>\n<li>R\u00e9cepteur GPS 66 canaux<\/li>\n<li>Clip de montage unique<\/li>\n<li>Fonctionne sur le syst\u00e8me mondial de sauvetage Cospas Sarsat<\/li>\n<\/ul>\n<p>Le PLB1 rescueME est dot\u00e9 d&rsquo;une pochette de flottaison optionnelle** pour lui permettre de flotter. Veuillez noter que le PLB ne flottera pas en position de fonctionnement dans la pochette. Veuillez vous assurer que le PLB est fermement attach\u00e9 \u00e0 la pochette avec la longe fournie, en utilisant des n\u0153uds autobloquants appropri\u00e9s.<\/p>\n<p><em>* R\u00e9f\u00e9rez-vous toujours au fabricant pour des instructions sp\u00e9cifiques avant d\u2019installer ce produit directement sur votre gilet de sauvetage.<br \/>\n** Pour se conformer \u00e0 la r\u00e9glementation nationale, les balises PLB1 fournies \u00e0 l&rsquo;Australie et \u00e0 la Nouvelle-Z\u00e9lande sont dot\u00e9es d&rsquo;une pochette de flottaison fix\u00e9e en permanence<br \/>\n<\/em><\/p>\n","protected":false},"excerpt":{"rendered":"<p>La PLB la plus compacte au monde. Fi\u00e8rement con\u00e7ue et fabriqu\u00e9e au Royaume-Uni.<\/p>\n<ul>\n<li style=\"list-style-type: none;\">\n<ul>\n<li><strong>Utilisation gratuite, sans frais d&rsquo;abonnement. Couverture mondiale 24h\/24 et 7j\/7. <\/strong><\/li>\n<\/ul>\n<\/li>\n<\/ul>\n<ul>\n<li style=\"list-style-type: none;\">\n<ul>\n<li><strong>Convient aux utilisations marines, a\u00e9ronautiques et ext\u00e9rieures<\/strong><\/li>\n<\/ul>\n<\/li>\n<\/ul>\n<ul>\n<li style=\"list-style-type: none;\">\n<ul>\n<li><strong>Balise de localisation 121,5 MHz + Signal de d\u00e9tresse d\u00e9di\u00e9 406 MHz avec GPS 66 canaux<\/strong><\/li>\n<\/ul>\n<\/li>\n<\/ul>\n<ul>\n<li style=\"list-style-type: none;\">\n<ul>\n<li><strong>Dur\u00e9e de vie op\u00e9rationnelle de plus de 24 heures une fois activ\u00e9e<\/strong><\/li>\n<\/ul>\n<\/li>\n<\/ul>\n<ul>\n<li style=\"list-style-type: none;\">\n<ul>\n<li><strong>Robuste, \u00e9tanche jusqu&rsquo;\u00e0 15 m<\/strong><\/li>\n<\/ul>\n<\/li>\n<\/ul>\n","protected":false},"featured_media":12453,"template":"","meta":{"_acf_changed":false,"om_disable_all_campaigns":false},"product_brand":[],"product_cat":[819,1982,471],"product_tag":[822,824,820,823],"class_list":{"0":"post-7783","1":"product","2":"type-product","3":"status-publish","4":"has-post-thumbnail","6":"product_cat-balises-de-localisation-personnelles","7":"product_cat-compatible-avec-les-gilets-de-sauvetage","8":"product_cat-rescueme-fr","9":"product_tag-balise-de-localisation-personnelle","10":"product_tag-meosar-fr","11":"product_tag-plb-fr","12":"product_tag-plb1-fr","14":"first","15":"instock","16":"taxable","17":"shipping-taxable","18":"purchasable","19":"product-type-simple"},"acf":[],"yoast_head":"<!-- This site is optimized with the Yoast SEO Premium plugin v25.2 (Yoast SEO v26.4) - https:\/\/yoast.com\/wordpress\/plugins\/seo\/ -->\n<title>rescueME PLB1 - Balise Personnelle - Ocean Signal<\/title>\n<meta name=\"description\" content=\"Ocean Signal rescueME PLB1 : Votre balise de localisation personnelle compacte pour les aventures en plein air. Technologie de balise fiable pour une signalisation de d\u00e9tresse fiable. Achetez maintenant !\" \/>\n<meta name=\"robots\" content=\"index, follow, max-snippet:-1, max-image-preview:large, max-video-preview:-1\" \/>\n<link rel=\"canonical\" href=\"https:\/\/oceansignal.com\/fr\/products\/rescueme-plb1-balise-de-detresse-personnelle\/\" \/>\n<meta property=\"og:locale\" content=\"fr_FR\" \/>\n<meta property=\"og:type\" content=\"article\" \/>\n<meta property=\"og:title\" content=\"rescueME PLB1 - Balise Personnelle\" \/>\n<meta property=\"og:description\" content=\"Ocean Signal rescueME PLB1 : Votre balise de localisation personnelle compacte pour les aventures en plein air. Technologie de balise fiable pour une signalisation de d\u00e9tresse fiable. Achetez maintenant !\" \/>\n<meta property=\"og:url\" content=\"https:\/\/oceansignal.com\/fr\/products\/rescueme-plb1-balise-de-detresse-personnelle\/\" \/>\n<meta property=\"og:site_name\" content=\"Ocean Signal\" \/>\n<meta property=\"article:modified_time\" content=\"2026-03-11T12:00:27+00:00\" \/>\n<meta property=\"og:image\" content=\"https:\/\/oceansignal.com\/wp-content\/uploads\/2023\/09\/Ocean-Signal-PLB1-Front-2.png\" \/>\n\t<meta property=\"og:image:width\" content=\"800\" \/>\n\t<meta property=\"og:image:height\" content=\"800\" \/>\n\t<meta property=\"og:image:type\" content=\"image\/png\" \/>\n<meta name=\"twitter:card\" content=\"summary_large_image\" \/>\n<meta name=\"twitter:label1\" content=\"Dur\u00e9e de lecture estim\u00e9e\" \/>\n\t<meta name=\"twitter:data1\" content=\"2 minutes\" \/>\n<script type=\"application\/ld+json\" class=\"yoast-schema-graph\">{\"@context\":\"https:\/\/schema.org\",\"@graph\":[{\"@type\":\"WebPage\",\"@id\":\"https:\/\/oceansignal.com\/fr\/products\/rescueme-plb1-balise-de-detresse-personnelle\/\",\"url\":\"https:\/\/oceansignal.com\/fr\/products\/rescueme-plb1-balise-de-detresse-personnelle\/\",\"name\":\"rescueME PLB1 - Balise Personnelle - Ocean Signal\",\"isPartOf\":{\"@id\":\"https:\/\/oceansignal.com\/fr\/#website\"},\"primaryImageOfPage\":{\"@id\":\"https:\/\/oceansignal.com\/fr\/products\/rescueme-plb1-balise-de-detresse-personnelle\/#primaryimage\"},\"image\":{\"@id\":\"https:\/\/oceansignal.com\/fr\/products\/rescueme-plb1-balise-de-detresse-personnelle\/#primaryimage\"},\"thumbnailUrl\":\"https:\/\/oceansignal.com\/wp-content\/uploads\/2023\/09\/Ocean-Signal-PLB1-Front-2.png\",\"datePublished\":\"2023-09-07T13:28:52+00:00\",\"dateModified\":\"2026-03-11T12:00:27+00:00\",\"description\":\"Ocean Signal rescueME PLB1 : Votre balise de localisation personnelle compacte pour les aventures en plein air. Technologie de balise fiable pour une signalisation de d\u00e9tresse fiable. Achetez maintenant !\",\"breadcrumb\":{\"@id\":\"https:\/\/oceansignal.com\/fr\/products\/rescueme-plb1-balise-de-detresse-personnelle\/#breadcrumb\"},\"inLanguage\":\"fr-FR\",\"potentialAction\":[{\"@type\":\"ReadAction\",\"target\":[\"https:\/\/oceansignal.com\/fr\/products\/rescueme-plb1-balise-de-detresse-personnelle\/\"]}]},{\"@type\":\"ImageObject\",\"inLanguage\":\"fr-FR\",\"@id\":\"https:\/\/oceansignal.com\/fr\/products\/rescueme-plb1-balise-de-detresse-personnelle\/#primaryimage\",\"url\":\"https:\/\/oceansignal.com\/wp-content\/uploads\/2023\/09\/Ocean-Signal-PLB1-Front-2.png\",\"contentUrl\":\"https:\/\/oceansignal.com\/wp-content\/uploads\/2023\/09\/Ocean-Signal-PLB1-Front-2.png\",\"width\":800,\"height\":800},{\"@type\":\"BreadcrumbList\",\"@id\":\"https:\/\/oceansignal.com\/fr\/products\/rescueme-plb1-balise-de-detresse-personnelle\/#breadcrumb\",\"itemListElement\":[{\"@type\":\"ListItem\",\"position\":1,\"name\":\"Produits\",\"item\":\"https:\/\/oceansignal.com\/fr\/produits\/\"},{\"@type\":\"ListItem\",\"position\":2,\"name\":\"rescueME PLB1 &#8211; Balise Personnelle\"}]},{\"@type\":\"WebSite\",\"@id\":\"https:\/\/oceansignal.com\/fr\/#website\",\"url\":\"https:\/\/oceansignal.com\/fr\/\",\"name\":\"Ocean Signal\",\"description\":\"A leading manufacturer of EPIRBs, AIS, SARTs, Personal Locator Beacons, Man Overboard Beacon for the Marine and Outdoor Markets.\",\"potentialAction\":[{\"@type\":\"SearchAction\",\"target\":{\"@type\":\"EntryPoint\",\"urlTemplate\":\"https:\/\/oceansignal.com\/fr\/?s={search_term_string}\"},\"query-input\":{\"@type\":\"PropertyValueSpecification\",\"valueRequired\":true,\"valueName\":\"search_term_string\"}}],\"inLanguage\":\"fr-FR\"}]}<\/script>\n<!-- \/ Yoast SEO Premium plugin. -->","yoast_head_json":{"title":"rescueME PLB1 - Balise Personnelle - Ocean Signal","description":"Ocean Signal rescueME PLB1 : Votre balise de localisation personnelle compacte pour les aventures en plein air. Technologie de balise fiable pour une signalisation de d\u00e9tresse fiable. Achetez maintenant !","robots":{"index":"index","follow":"follow","max-snippet":"max-snippet:-1","max-image-preview":"max-image-preview:large","max-video-preview":"max-video-preview:-1"},"canonical":"https:\/\/oceansignal.com\/fr\/products\/rescueme-plb1-balise-de-detresse-personnelle\/","og_locale":"fr_FR","og_type":"article","og_title":"rescueME PLB1 - Balise Personnelle","og_description":"Ocean Signal rescueME PLB1 : Votre balise de localisation personnelle compacte pour les aventures en plein air. Technologie de balise fiable pour une signalisation de d\u00e9tresse fiable. Achetez maintenant !","og_url":"https:\/\/oceansignal.com\/fr\/products\/rescueme-plb1-balise-de-detresse-personnelle\/","og_site_name":"Ocean Signal","article_modified_time":"2026-03-11T12:00:27+00:00","og_image":[{"width":800,"height":800,"url":"https:\/\/oceansignal.com\/wp-content\/uploads\/2023\/09\/Ocean-Signal-PLB1-Front-2.png","type":"image\/png"}],"twitter_card":"summary_large_image","twitter_misc":{"Dur\u00e9e de lecture estim\u00e9e":"2 minutes"},"schema":{"@context":"https:\/\/schema.org","@graph":[{"@type":"WebPage","@id":"https:\/\/oceansignal.com\/fr\/products\/rescueme-plb1-balise-de-detresse-personnelle\/","url":"https:\/\/oceansignal.com\/fr\/products\/rescueme-plb1-balise-de-detresse-personnelle\/","name":"rescueME PLB1 - Balise Personnelle - Ocean Signal","isPartOf":{"@id":"https:\/\/oceansignal.com\/fr\/#website"},"primaryImageOfPage":{"@id":"https:\/\/oceansignal.com\/fr\/products\/rescueme-plb1-balise-de-detresse-personnelle\/#primaryimage"},"image":{"@id":"https:\/\/oceansignal.com\/fr\/products\/rescueme-plb1-balise-de-detresse-personnelle\/#primaryimage"},"thumbnailUrl":"https:\/\/oceansignal.com\/wp-content\/uploads\/2023\/09\/Ocean-Signal-PLB1-Front-2.png","datePublished":"2023-09-07T13:28:52+00:00","dateModified":"2026-03-11T12:00:27+00:00","description":"Ocean Signal rescueME PLB1 : Votre balise de localisation personnelle compacte pour les aventures en plein air. Technologie de balise fiable pour une signalisation de d\u00e9tresse fiable. Achetez maintenant !","breadcrumb":{"@id":"https:\/\/oceansignal.com\/fr\/products\/rescueme-plb1-balise-de-detresse-personnelle\/#breadcrumb"},"inLanguage":"fr-FR","potentialAction":[{"@type":"ReadAction","target":["https:\/\/oceansignal.com\/fr\/products\/rescueme-plb1-balise-de-detresse-personnelle\/"]}]},{"@type":"ImageObject","inLanguage":"fr-FR","@id":"https:\/\/oceansignal.com\/fr\/products\/rescueme-plb1-balise-de-detresse-personnelle\/#primaryimage","url":"https:\/\/oceansignal.com\/wp-content\/uploads\/2023\/09\/Ocean-Signal-PLB1-Front-2.png","contentUrl":"https:\/\/oceansignal.com\/wp-content\/uploads\/2023\/09\/Ocean-Signal-PLB1-Front-2.png","width":800,"height":800},{"@type":"BreadcrumbList","@id":"https:\/\/oceansignal.com\/fr\/products\/rescueme-plb1-balise-de-detresse-personnelle\/#breadcrumb","itemListElement":[{"@type":"ListItem","position":1,"name":"Produits","item":"https:\/\/oceansignal.com\/fr\/produits\/"},{"@type":"ListItem","position":2,"name":"rescueME PLB1 &#8211; Balise Personnelle"}]},{"@type":"WebSite","@id":"https:\/\/oceansignal.com\/fr\/#website","url":"https:\/\/oceansignal.com\/fr\/","name":"Ocean Signal","description":"A leading manufacturer of EPIRBs, AIS, SARTs, Personal Locator Beacons, Man Overboard Beacon for the Marine and Outdoor Markets.","potentialAction":[{"@type":"SearchAction","target":{"@type":"EntryPoint","urlTemplate":"https:\/\/oceansignal.com\/fr\/?s={search_term_string}"},"query-input":{"@type":"PropertyValueSpecification","valueRequired":true,"valueName":"search_term_string"}}],"inLanguage":"fr-FR"}]}},"_links":{"self":[{"href":"https:\/\/oceansignal.com\/fr\/wp-json\/wp\/v2\/product\/7783","targetHints":{"allow":["GET"]}}],"collection":[{"href":"https:\/\/oceansignal.com\/fr\/wp-json\/wp\/v2\/product"}],"about":[{"href":"https:\/\/oceansignal.com\/fr\/wp-json\/wp\/v2\/types\/product"}],"wp:featuredmedia":[{"embeddable":true,"href":"https:\/\/oceansignal.com\/fr\/wp-json\/wp\/v2\/media\/12453"}],"wp:attachment":[{"href":"https:\/\/oceansignal.com\/fr\/wp-json\/wp\/v2\/media?parent=7783"}],"wp:term":[{"taxonomy":"product_brand","embeddable":true,"href":"https:\/\/oceansignal.com\/fr\/wp-json\/wp\/v2\/product_brand?post=7783"},{"taxonomy":"product_cat","embeddable":true,"href":"https:\/\/oceansignal.com\/fr\/wp-json\/wp\/v2\/product_cat?post=7783"},{"taxonomy":"product_tag","embeddable":true,"href":"https:\/\/oceansignal.com\/fr\/wp-json\/wp\/v2\/product_tag?post=7783"}],"curies":[{"name":"wp","href":"https:\/\/api.w.org\/{rel}","templated":true}]}}