{"id":7796,"date":"2024-07-22T13:30:33","date_gmt":"2024-07-22T13:30:33","guid":{"rendered":"https:\/\/oceansignal.com\/products\/rescueme-mob2\/"},"modified":"2025-11-12T09:06:10","modified_gmt":"2025-11-12T09:06:10","slug":"rescueme-mob2","status":"publish","type":"product","link":"https:\/\/oceansignal.com\/fr\/products\/rescueme-mob2\/","title":{"rendered":"rescueME MOB2"},"content":{"rendered":"<p><strong>Cet appareil n&rsquo;a pas \u00e9t\u00e9 autoris\u00e9 conform\u00e9ment aux r\u00e8gles de la Commission f\u00e9d\u00e9rale des communications des \u00c9tats-Unis. Cet appareil n&rsquo;est pas et ne peut pas \u00eatre propos\u00e9 \u00e0 la vente ou \u00e0 la location, ni vendu ou lou\u00e9, jusqu&rsquo;\u00e0 ce que l&rsquo;autorisation soit obtenue. Approuv\u00e9 pour la vente dans les pays qui ont adopt\u00e9 la r\u00e9glementation ECC\/DEC\/(22)02. <\/strong><\/p>\n<p>R\u00e9sum\u00e9:<\/p>\n<p>Alerter votre navire en cas de pr\u00e9sence d&rsquo;un homme \u00e0 la mer est l&rsquo;option de r\u00e9cup\u00e9ration la plus rapide et la plus fiable. Dans une mer mod\u00e9r\u00e9e, perdre de vue un homme \u00e0 la mer peut se produire tr\u00e8s rapidement. C&rsquo;est pourquoi le dernier rescueME MOB2 d&rsquo; Ocean Signal combine les technologies d&rsquo;urgence AIS et VHF DSC dans la derni\u00e8re solution conforme \u00e0 la classe M AIS pour le march\u00e9 maritime.  <\/p>\n<p>Une fois activ\u00e9, l&#8217;emplacement du MOB2 est r\u00e9guli\u00e8rement mis \u00e0 jour et affich\u00e9 sur un traceur compatible AIS. Gr\u00e2ce \u00e0 son GPS int\u00e9gr\u00e9, le MOB2 fournit des donn\u00e9es de localisation pr\u00e9cises \u00e0 votre navire et \u00e0 tous les navires qui vous assistent. Les navires \u00e0 proximit\u00e9 sont automatiquement alert\u00e9s des situations d&rsquo;homme \u00e0 la mer via VHF DSC. L&rsquo; Ocean Signal MOB2 fait presque la moiti\u00e9 de la taille des produits concurrents et s&rsquo;int\u00e8gre parfaitement dans les gilets de sauvetage gonflables. Il b\u00e9n\u00e9ficie \u00e9galement d&rsquo;une dur\u00e9e de vie plus longue, d&rsquo;une activation automatique via un gilet de sauvetage gonflable, de deux lumi\u00e8res stroboscopiques IR et blanches et d&rsquo;une connectivit\u00e9 \u00e0 l&rsquo;application mobile NFC.    <\/p>\n<p>Vous souhaitez en savoir plus sur les derni\u00e8res exigences de classe M pour AIS MOB ?  <a href=\"https:\/\/oceansignal.com\/fr\/news\/comprendre-limpact-de-la-reglementation-ais-de-classe-m-sur-les-mob\/\">Cliquez ici<\/a><\/p>\n<p><a href=\"https:\/\/www.dropbox.com\/s\/8343nj28z0d7bxa\/Prop%2065%20-%20BPA.pdf?dl=0\">AVERTISSEMENT : PROP 65<\/a><\/p>\n<p>Pour les \u00c9tats-Unis uniquement&nbsp;: cet appareil n&rsquo;a pas \u00e9t\u00e9 autoris\u00e9 conform\u00e9ment aux r\u00e8gles de la Federal Communications Commission. Cet appareil n&rsquo;est pas et ne peut pas \u00eatre propos\u00e9 \u00e0 la vente ou \u00e0 la location, ni vendu ou lou\u00e9, tant qu&rsquo;une autorisation n&rsquo;a pas \u00e9t\u00e9 obtenue. Approuv\u00e9 pour la vente dans les pays ayant adopt\u00e9 la r\u00e9glementation ECC\/DEC\/(22)02.  <\/p>\n<p>Description:<\/p>\n<p>Pr\u00e9sentation du plus petit dispositif AIS de d\u00e9tection d&rsquo;homme \u00e0 la mer ( MOB ) au monde avec VHF DSC int\u00e9gr\u00e9 : le rescueME MOB2 AIS d&rsquo; Ocean Signal . Ce composant essentiel de tout kit de s\u00e9curit\u00e9 maritime est con\u00e7u pour une r\u00e9ponse rapide en cas d&rsquo;urgence d&rsquo;homme \u00e0 la mer. Compact et l\u00e9ger, le MOB2 s&rsquo;int\u00e8gre parfaitement m\u00eame aux gilets de sauvetage gonflables les plus compacts, garantissant une activation automatique lors du gonflage.  <\/p>\n<p>Le MOB2 envoie la premi\u00e8re alerte dans les 15 secondes, en diffusant votre position pr\u00e9cise \u00e0 l&rsquo;aide de la technologie AIS aux navires \u00e0 proximit\u00e9 et aux syst\u00e8mes de navigation embarqu\u00e9s. Il communique avec le navire dont vous avez \u00e9t\u00e9 s\u00e9par\u00e9 et avec d&rsquo;autres navires jusqu&rsquo;\u00e0 5 milles de distance, selon les conditions. De plus, les navires \u00e0 proximit\u00e9 sont instantan\u00e9ment inform\u00e9s de la situation d&rsquo;homme \u00e0 la mer gr\u00e2ce \u00e0 la technologie DSC.  <\/p>\n<p>En cas d&rsquo;urgence, le rescueME MOB2 AIS propose deux m\u00e9thodes de communication rapide de votre position, pr\u00e9cises \u00e0 quelques m\u00e8tres pr\u00e8s, et offre une indication visuelle via ses lumi\u00e8res stroboscopiques int\u00e9gr\u00e9es. Ses doubles lumi\u00e8res stroboscopiques infrarouges (IR) et blanches int\u00e9gr\u00e9es assurent une visibilit\u00e9 maximale dans des conditions de faible luminosit\u00e9, offrant une tranquillit\u00e9 d&rsquo;esprit aux marins et aux plaisanciers en am\u00e9liorant la s\u00e9curit\u00e9 sur l&rsquo;eau et en sauvant potentiellement des vies dans des situations critiques. \u00c9tanche jusqu&rsquo;\u00e0 10 m\u00e8tres, le MOB2 pr\u00e9sente une construction robuste et une batterie longue dur\u00e9e.  <\/p>\n<p><strong> <\/strong><\/p>\n<h3><strong>Connectivit\u00e9 smartphone \u00e0 l\u2019aide de la communication en champ proche (NFC)<\/strong><\/h3>\n<p>L&rsquo;int\u00e9gration de la technologie NFC permet aux utilisateurs de programmer facilement le MMSI MOB2 et d&rsquo;acc\u00e9der aux donn\u00e9es de la balise depuis leur t\u00e9l\u00e9phone mobile. Le simple fait de placer un t\u00e9l\u00e9phone \u00e0 proximit\u00e9 de la balise ouvre automatiquement l&rsquo;application Ocean Signal Product et donne acc\u00e8s \u00e0 diverses donn\u00e9es d&rsquo;utilisation, notamment l&rsquo;autonomie actuelle de la batterie, le nombre d&rsquo;auto-tests effectu\u00e9s, le nombre de tests GNSS effectu\u00e9s et, le cas \u00e9ch\u00e9ant, la dur\u00e9e d&rsquo;activation de la balise. <\/p>\n<p><strong> <\/strong><\/p>\n<h3><strong>Balise d\u2019homme \u00e0 la mer AIS approuv\u00e9e de classe M avec VHF DSC<\/strong><\/h3>\n<p>Con\u00e7u pour d\u00e9passer les exigences de la classe M, le MOB2 est conforme \u00e0 la r\u00e9glementation ECC\/DEC\/(22)02 concernant l&rsquo;utilisation des appareils MOB .<\/p>\n<p><strong> <\/strong><\/p>\n<h3><strong>Int\u00e9gration du gilet de sauvetage<\/strong><\/h3>\n<p>Le MOB2 peut \u00eatre activ\u00e9 manuellement ou automatiquement lorsqu&rsquo;il est install\u00e9 dans un gilet de sauvetage gonflable (automatique). L&rsquo;installation est simplifi\u00e9e gr\u00e2ce au clip de gonflage buccal inclus pour fixer le MOB2 au gilet de sauvetage avec un ruban reli\u00e9 autour de la poche du gilet de sauvetage. Une fois correctement install\u00e9, l&rsquo;action de gonflage du gilet de sauvetage d\u00e9clenche le d\u00e9ploiement de l&rsquo;antenne et l&rsquo;activation de la balise.  <\/p>\n<p><a href=\"https:\/\/oceansignal.com\/fr\/news\/ocean-signal-triple-la-taille-de-ses-installations-pour-repondre-a-la-demande-de-production\/\">Fabriqu\u00e9 avec fiert\u00e9 au Royaume-Uni<\/a><\/p>\n<h4><strong>Principales caract\u00e9ristiques du rescueME MOB AIS :<\/strong><\/h4>\n<ul>\n<li>AIS (syst\u00e8me d\u2019identification automatique)<\/li>\n<li>Conforme \u00e0 la classe M (r\u00e9glementation : ECC\/DEC\/(22)02)<\/li>\n<li>\u00c9metteur-r\u00e9cepteur ASN Tx et Rx int\u00e9gr\u00e9 (appel s\u00e9lectif num\u00e9rique) *<\/li>\n<li>Les LED v\u00e9rifient la r\u00e9ception du signal de d\u00e9tresse ASN<\/li>\n<li>50 % (typ) plus petit que les concurrents<\/li>\n<li>GNSS via GPS et Galileo<\/li>\n<li>Positionnement rapide et pr\u00e9cis<\/li>\n<li>Lumi\u00e8res stroboscopiques IR et blanches<\/li>\n<li>Activation automatique<\/li>\n<li>Int\u00e9gration simple du gilet de sauvetage**<\/li>\n<li>Autonomie de la batterie de 5 ans<\/li>\n<li>Autonomie op\u00e9rationnelle de 24 heures \u00e0 -20\u00b0C<\/li>\n<li>Garantie de 2 ans (la garantie peut \u00eatre \u00e9tendue \u00e0 5 ans via l&rsquo;enregistrement du produit aupr\u00e8s d&rsquo; Ocean Signal ) <sup>\u2020<\/sup><\/li>\n<li>Communication en champ proche int\u00e9gr\u00e9e (NFC)<\/li>\n<li>Connectivit\u00e9 smartphone via NFC<\/li>\n<li>Application mobile Ocean Signal (IOS et Android)<\/li>\n<\/ul>\n<p>&nbsp;<\/p>\n<p><em><strong>Compatibilit\u00e9 :<\/strong> La plupart des traceurs AIS et VHF DSC modernes sont conformes aux normes requises pour recevoir les transmissions MOB . Cependant, il est recommand\u00e9 de v\u00e9rifier la compatibilit\u00e9 avec le fabricant de l&rsquo;\u00e9quipement, en particulier si vous utilisez un \u00e9quipement plus ancien. Consultez la FAQ ci-dessous pour plus d&rsquo;informations.<br \/>\n<\/em><\/p>\n<p>&nbsp;<\/p>\n<p>Le MOB2 peut \u00eatre configur\u00e9 par l&rsquo;utilisateur pour saisir le num\u00e9ro DSC MMSI* du navire en t\u00e9l\u00e9chargeant le logiciel via le lien ci-dessous. Le num\u00e9ro DSC du navire peut \u00eatre programm\u00e9 plusieurs fois. <\/p>\n<p>&nbsp;<\/p>\n<p><span style=\"color: #c22f00;\">* La fonctionnalit\u00e9 DSC est soumise aux r\u00e9glementations du pays.<\/span><br \/>\n<span style=\"color: #c22f00;\"><em>** Consultez toujours le fabricant du gilet de sauvetage pour obtenir des instructions sp\u00e9cifiques avant d\u2019installer ce produit directement sur votre gilet de sauvetage.<\/em><\/span><br \/>\n<span style=\"color: #c22f00;\">\u2020 Sous r\u00e9serve de la d\u00e9claration de garantie. ( <em>Remarque&nbsp;: en cas d&rsquo;utilisation dans des applications commerciales, la p\u00e9riode de garantie est limit\u00e9e \u00e0 deux ans.<\/em> )<\/span><\/p>\n<p>&nbsp;<\/p>\n","protected":false},"excerpt":{"rendered":"<p>Le plus petit appareil au monde conforme \u00e0 la classe M, AIS Homme \u00e0 la mer (MOB) avec DSC VHF int\u00e9gr\u00e9.<\/p>\n<ul>\n<li data-start=\"195\" data-end=\"420\">\n<p data-start=\"197\" data-end=\"420\"><strong data-start=\"197\" data-end=\"247\">Alertes AIS et DSC instantan\u00e9es en cas d&rsquo;urgence MOB<\/strong><br data-start=\"247\" data-end=\"250\">MOB2 transmet imm\u00e9diatement votre position via AIS et active un appel de d\u00e9tresse DSC sur la radio VHF de votre navire, d\u00e9livrant ainsi une alerte locale rapide \u00e0 l&rsquo;\u00e9quipage et aux bateaux \u00e0 proximit\u00e9.<\/p>\n<\/li>\n<li data-start=\"422\" data-end=\"637\">\n<p data-start=\"424\" data-end=\"637\"><strong data-start=\"424\" data-end=\"470\">Id\u00e9al pour les exigences de s\u00e9curit\u00e9 des courses offshore et de yacht<\/strong><br data-start=\"470\" data-end=\"473\">Approuv\u00e9 par les marins de comp\u00e9tition et les coureurs oc\u00e9aniques, le MOB2 offre une protection contre les chutes d&rsquo;\u00e9quipage qui r\u00e9pond aux exigences des environnements de navigation rapides et \u00e0 haut risque.<\/p>\n<\/li>\n<li data-start=\"639\" data-end=\"858\">\n<p data-start=\"641\" data-end=\"858\"><strong data-start=\"641\" data-end=\"693\">Pr\u00e9cision GPS avec activation automatique du gilet de sauvetage<\/strong><br data-start=\"693\" data-end=\"696\">Le GPS int\u00e9gr\u00e9 assure un suivi pr\u00e9cis, tandis que l&rsquo;activation automatique avec gonflage du gilet de sauvetage signifie que vous \u00eates prot\u00e9g\u00e9 d\u00e8s que vous touchez l&rsquo;eau, les mains libres.<\/p>\n<\/li>\n<\/ul>\n<p>Conforme \u00e0 la r\u00e9glementation ECC\/DEC\/(22)02 concernant l&rsquo;utilisation des dispositifs MOB . Vous souhaitez en savoir plus sur les derni\u00e8res exigences de classe M pour AIS MOB ?  <a href=\"https:\/\/oceansignal.com\/fr\/news\/comprendre-limpact-de-la-reglementation-ais-de-classe-m-sur-les-mob\/\">Cliquez ici<\/a><\/p>\n<p><a href=\"https:\/\/www.dropbox.com\/s\/8343nj28z0d7bxa\/Prop%2065%20-%20BPA.pdf?dl=0\">AVERTISSEMENT : PROPOSITION 65<\/a><br \/>\n NE PEUT \u00caTRE VENDUE AUX \u00c9.-U.\/CA &#8211; essayez l&rsquo; <a href=\"https:\/\/oceansignal.com\/fr\/products\/rescueme-mob1\/\">Ocean Signal MOB1 pour les \u00c9.-U.\/CA ici<\/a><\/p>\n","protected":false},"featured_media":23812,"template":"","meta":{"_acf_changed":false,"om_disable_all_campaigns":false},"product_brand":[],"product_cat":[1982,1054,471],"product_tag":[515,513,512,516,1055,514],"class_list":{"0":"post-7796","1":"product","2":"type-product","3":"status-publish","4":"has-post-thumbnail","6":"product_cat-compatible-avec-les-gilets-de-sauvetage","7":"product_cat-homme-a-la-mer","8":"product_cat-rescueme-fr","9":"product_tag-ais-fr","10":"product_tag-ais-mob-fr","11":"product_tag-classe-m-fr","12":"product_tag-foule","13":"product_tag-homme-a-la-mer","14":"product_tag-mob2-fr","16":"first","17":"instock","18":"taxable","19":"shipping-taxable","20":"purchasable","21":"product-type-simple"},"acf":[],"yoast_head":"<!-- This site is optimized with the Yoast SEO Premium plugin v25.2 (Yoast SEO v26.4) - https:\/\/yoast.com\/wordpress\/plugins\/seo\/ -->\n<title>rescueME MOB2 - Ocean Signal rescueME MOB2 AIS Classe M Ocean Signal<\/title>\n<meta name=\"description\" content=\"La balise homme \u00e0 la mer Ocean Signal rescueME MOB2 AIS est la solution ultime pour la s\u00e9curit\u00e9 maritime, sp\u00e9cialement con\u00e7ue pour aider dans les situations SOS.\" \/>\n<meta name=\"robots\" content=\"index, follow, max-snippet:-1, max-image-preview:large, max-video-preview:-1\" \/>\n<link rel=\"canonical\" href=\"https:\/\/oceansignal.com\/fr\/products\/rescueme-mob2\/\" \/>\n<meta property=\"og:locale\" content=\"fr_FR\" \/>\n<meta property=\"og:type\" content=\"article\" \/>\n<meta property=\"og:title\" content=\"rescueME MOB2\" \/>\n<meta property=\"og:description\" content=\"La balise homme \u00e0 la mer Ocean Signal rescueME MOB2 AIS est la solution ultime pour la s\u00e9curit\u00e9 maritime, sp\u00e9cialement con\u00e7ue pour aider dans les situations SOS.\" \/>\n<meta property=\"og:url\" content=\"https:\/\/oceansignal.com\/fr\/products\/rescueme-mob2\/\" \/>\n<meta property=\"og:site_name\" content=\"Ocean Signal\" \/>\n<meta property=\"article:modified_time\" content=\"2025-11-12T09:06:10+00:00\" \/>\n<meta property=\"og:image\" content=\"https:\/\/oceansignal.com\/wp-content\/uploads\/2024\/07\/MOB2-22-07-24-A_Web.png\" \/>\n\t<meta property=\"og:image:width\" content=\"900\" \/>\n\t<meta property=\"og:image:height\" content=\"807\" \/>\n\t<meta property=\"og:image:type\" content=\"image\/png\" \/>\n<meta name=\"twitter:card\" content=\"summary_large_image\" \/>\n<meta name=\"twitter:label1\" content=\"Dur\u00e9e de lecture estim\u00e9e\" \/>\n\t<meta name=\"twitter:data1\" content=\"5 minutes\" \/>\n<script type=\"application\/ld+json\" class=\"yoast-schema-graph\">{\"@context\":\"https:\/\/schema.org\",\"@graph\":[{\"@type\":\"WebPage\",\"@id\":\"https:\/\/oceansignal.com\/fr\/products\/rescueme-mob2\/\",\"url\":\"https:\/\/oceansignal.com\/fr\/products\/rescueme-mob2\/\",\"name\":\"rescueME MOB2 - Ocean Signal rescueME MOB2 AIS Classe M Ocean Signal\",\"isPartOf\":{\"@id\":\"https:\/\/oceansignal.com\/fr\/#website\"},\"primaryImageOfPage\":{\"@id\":\"https:\/\/oceansignal.com\/fr\/products\/rescueme-mob2\/#primaryimage\"},\"image\":{\"@id\":\"https:\/\/oceansignal.com\/fr\/products\/rescueme-mob2\/#primaryimage\"},\"thumbnailUrl\":\"https:\/\/oceansignal.com\/wp-content\/uploads\/2024\/07\/MOB2-22-07-24-A_Web.png\",\"datePublished\":\"2024-07-22T13:30:33+00:00\",\"dateModified\":\"2025-11-12T09:06:10+00:00\",\"description\":\"La balise homme \u00e0 la mer Ocean Signal rescueME MOB2 AIS est la solution ultime pour la s\u00e9curit\u00e9 maritime, sp\u00e9cialement con\u00e7ue pour aider dans les situations SOS.\",\"breadcrumb\":{\"@id\":\"https:\/\/oceansignal.com\/fr\/products\/rescueme-mob2\/#breadcrumb\"},\"inLanguage\":\"fr-FR\",\"potentialAction\":[{\"@type\":\"ReadAction\",\"target\":[\"https:\/\/oceansignal.com\/fr\/products\/rescueme-mob2\/\"]}]},{\"@type\":\"ImageObject\",\"inLanguage\":\"fr-FR\",\"@id\":\"https:\/\/oceansignal.com\/fr\/products\/rescueme-mob2\/#primaryimage\",\"url\":\"https:\/\/oceansignal.com\/wp-content\/uploads\/2024\/07\/MOB2-22-07-24-A_Web.png\",\"contentUrl\":\"https:\/\/oceansignal.com\/wp-content\/uploads\/2024\/07\/MOB2-22-07-24-A_Web.png\",\"width\":900,\"height\":807,\"caption\":\"Dispositif de localisation personnel AIS Ocean Signal rescueME MOB2 approuv\u00e9 de classe M\"},{\"@type\":\"BreadcrumbList\",\"@id\":\"https:\/\/oceansignal.com\/fr\/products\/rescueme-mob2\/#breadcrumb\",\"itemListElement\":[{\"@type\":\"ListItem\",\"position\":1,\"name\":\"Produits\",\"item\":\"https:\/\/oceansignal.com\/fr\/produits\/\"},{\"@type\":\"ListItem\",\"position\":2,\"name\":\"rescueME MOB2\"}]},{\"@type\":\"WebSite\",\"@id\":\"https:\/\/oceansignal.com\/fr\/#website\",\"url\":\"https:\/\/oceansignal.com\/fr\/\",\"name\":\"Ocean Signal\",\"description\":\"A leading manufacturer of EPIRBs, AIS, SARTs, Personal Locator Beacons, Man Overboard Beacon for the Marine and Outdoor Markets.\",\"potentialAction\":[{\"@type\":\"SearchAction\",\"target\":{\"@type\":\"EntryPoint\",\"urlTemplate\":\"https:\/\/oceansignal.com\/fr\/?s={search_term_string}\"},\"query-input\":{\"@type\":\"PropertyValueSpecification\",\"valueRequired\":true,\"valueName\":\"search_term_string\"}}],\"inLanguage\":\"fr-FR\"}]}<\/script>\n<!-- \/ Yoast SEO Premium plugin. -->","yoast_head_json":{"title":"rescueME MOB2 - Ocean Signal rescueME MOB2 AIS Classe M Ocean Signal","description":"La balise homme \u00e0 la mer Ocean Signal rescueME MOB2 AIS est la solution ultime pour la s\u00e9curit\u00e9 maritime, sp\u00e9cialement con\u00e7ue pour aider dans les situations SOS.","robots":{"index":"index","follow":"follow","max-snippet":"max-snippet:-1","max-image-preview":"max-image-preview:large","max-video-preview":"max-video-preview:-1"},"canonical":"https:\/\/oceansignal.com\/fr\/products\/rescueme-mob2\/","og_locale":"fr_FR","og_type":"article","og_title":"rescueME MOB2","og_description":"La balise homme \u00e0 la mer Ocean Signal rescueME MOB2 AIS est la solution ultime pour la s\u00e9curit\u00e9 maritime, sp\u00e9cialement con\u00e7ue pour aider dans les situations SOS.","og_url":"https:\/\/oceansignal.com\/fr\/products\/rescueme-mob2\/","og_site_name":"Ocean Signal","article_modified_time":"2025-11-12T09:06:10+00:00","og_image":[{"width":900,"height":807,"url":"https:\/\/oceansignal.com\/wp-content\/uploads\/2024\/07\/MOB2-22-07-24-A_Web.png","type":"image\/png"}],"twitter_card":"summary_large_image","twitter_misc":{"Dur\u00e9e de lecture estim\u00e9e":"5 minutes"},"schema":{"@context":"https:\/\/schema.org","@graph":[{"@type":"WebPage","@id":"https:\/\/oceansignal.com\/fr\/products\/rescueme-mob2\/","url":"https:\/\/oceansignal.com\/fr\/products\/rescueme-mob2\/","name":"rescueME MOB2 - Ocean Signal rescueME MOB2 AIS Classe M Ocean Signal","isPartOf":{"@id":"https:\/\/oceansignal.com\/fr\/#website"},"primaryImageOfPage":{"@id":"https:\/\/oceansignal.com\/fr\/products\/rescueme-mob2\/#primaryimage"},"image":{"@id":"https:\/\/oceansignal.com\/fr\/products\/rescueme-mob2\/#primaryimage"},"thumbnailUrl":"https:\/\/oceansignal.com\/wp-content\/uploads\/2024\/07\/MOB2-22-07-24-A_Web.png","datePublished":"2024-07-22T13:30:33+00:00","dateModified":"2025-11-12T09:06:10+00:00","description":"La balise homme \u00e0 la mer Ocean Signal rescueME MOB2 AIS est la solution ultime pour la s\u00e9curit\u00e9 maritime, sp\u00e9cialement con\u00e7ue pour aider dans les situations SOS.","breadcrumb":{"@id":"https:\/\/oceansignal.com\/fr\/products\/rescueme-mob2\/#breadcrumb"},"inLanguage":"fr-FR","potentialAction":[{"@type":"ReadAction","target":["https:\/\/oceansignal.com\/fr\/products\/rescueme-mob2\/"]}]},{"@type":"ImageObject","inLanguage":"fr-FR","@id":"https:\/\/oceansignal.com\/fr\/products\/rescueme-mob2\/#primaryimage","url":"https:\/\/oceansignal.com\/wp-content\/uploads\/2024\/07\/MOB2-22-07-24-A_Web.png","contentUrl":"https:\/\/oceansignal.com\/wp-content\/uploads\/2024\/07\/MOB2-22-07-24-A_Web.png","width":900,"height":807,"caption":"Dispositif de localisation personnel AIS Ocean Signal rescueME MOB2 approuv\u00e9 de classe M"},{"@type":"BreadcrumbList","@id":"https:\/\/oceansignal.com\/fr\/products\/rescueme-mob2\/#breadcrumb","itemListElement":[{"@type":"ListItem","position":1,"name":"Produits","item":"https:\/\/oceansignal.com\/fr\/produits\/"},{"@type":"ListItem","position":2,"name":"rescueME MOB2"}]},{"@type":"WebSite","@id":"https:\/\/oceansignal.com\/fr\/#website","url":"https:\/\/oceansignal.com\/fr\/","name":"Ocean Signal","description":"A leading manufacturer of EPIRBs, AIS, SARTs, Personal Locator Beacons, Man Overboard Beacon for the Marine and Outdoor Markets.","potentialAction":[{"@type":"SearchAction","target":{"@type":"EntryPoint","urlTemplate":"https:\/\/oceansignal.com\/fr\/?s={search_term_string}"},"query-input":{"@type":"PropertyValueSpecification","valueRequired":true,"valueName":"search_term_string"}}],"inLanguage":"fr-FR"}]}},"_links":{"self":[{"href":"https:\/\/oceansignal.com\/fr\/wp-json\/wp\/v2\/product\/7796","targetHints":{"allow":["GET"]}}],"collection":[{"href":"https:\/\/oceansignal.com\/fr\/wp-json\/wp\/v2\/product"}],"about":[{"href":"https:\/\/oceansignal.com\/fr\/wp-json\/wp\/v2\/types\/product"}],"wp:featuredmedia":[{"embeddable":true,"href":"https:\/\/oceansignal.com\/fr\/wp-json\/wp\/v2\/media\/23812"}],"wp:attachment":[{"href":"https:\/\/oceansignal.com\/fr\/wp-json\/wp\/v2\/media?parent=7796"}],"wp:term":[{"taxonomy":"product_brand","embeddable":true,"href":"https:\/\/oceansignal.com\/fr\/wp-json\/wp\/v2\/product_brand?post=7796"},{"taxonomy":"product_cat","embeddable":true,"href":"https:\/\/oceansignal.com\/fr\/wp-json\/wp\/v2\/product_cat?post=7796"},{"taxonomy":"product_tag","embeddable":true,"href":"https:\/\/oceansignal.com\/fr\/wp-json\/wp\/v2\/product_tag?post=7796"}],"curies":[{"name":"wp","href":"https:\/\/api.w.org\/{rel}","templated":true}]}}