{"id":7804,"date":"2023-09-07T14:40:28","date_gmt":"2023-09-07T14:40:28","guid":{"rendered":"https:\/\/oceansignal.com\/products\/rescueme-mob1\/"},"modified":"2025-09-23T14:57:43","modified_gmt":"2025-09-23T14:57:43","slug":"rescueme-mob1","status":"publish","type":"product","link":"https:\/\/oceansignal.com\/fr\/products\/rescueme-mob1\/","title":{"rendered":"rescueME MOB1"},"content":{"rendered":"<p>La meilleure chance de sauvetage rapide en cas de chute par-dessus bord est de partir de votre propre bateau. Votre \u00e9quipage doit \u00eatre imm\u00e9diatement inform\u00e9 de l&rsquo;incident et suivre votre position pendant la r\u00e9cup\u00e9ration. M\u00eame dans la mer la plus calme, il est alarmant de constater \u00e0 quelle vitesse on peut perdre de vue un homme tomb\u00e9 par-dessus bord.  <\/p>\n<p>Une fois activ\u00e9, votre MOB1 transmettra une alerte \u00e0 tous les r\u00e9cepteurs AIS et traceurs compatibles AIS \u00e0 proximit\u00e9. Le GPS int\u00e9gr\u00e9 garantit que la position pr\u00e9cise est envoy\u00e9e \u00e0 votre navire et \u00e0 tous les autres qui pourraient vous aider. <\/p>\n<p>Une fonctionnalit\u00e9 suppl\u00e9mentaire du MOB1 est sa capacit\u00e9 \u00e0 activer l&rsquo;alarme DSC sur le VHF de votre navire, alertant votre \u00e9quipage de la situation.<\/p>\n<p>Vous souhaitez en savoir plus sur les derni\u00e8res exigences de classe M pour AIS MOB ?  <a href=\"https:\/\/oceansignal.com\/fr\/news\/comprendre-limpact-de-la-reglementation-ais-de-classe-m-sur-les-mob\/\">Cliquez ici<\/a><\/p>\n<p>La balise de sauvetage Ocean Signal rescueME MOB1 est un \u00e9l\u00e9ment essentiel de tout kit de s\u00e9curit\u00e9 maritime, con\u00e7ue pour fournir une r\u00e9ponse rapide en cas d&rsquo;urgence d&rsquo;homme \u00e0 la mer. Compacte et l\u00e9g\u00e8re, cette balise s&rsquo;int\u00e8gre parfaitement aux gilets de sauvetage, garantissant une activation automatique lors de l&rsquo;immersion dans l&rsquo;eau. Gr\u00e2ce \u00e0 la technologie AIS, elle diffuse votre position pr\u00e9cise aux navires \u00e0 proximit\u00e9 et aux syst\u00e8mes de navigation embarqu\u00e9s, facilitant ainsi les op\u00e9rations de sauvetage rapides et efficaces. Gr\u00e2ce \u00e0 sa construction robuste, \u00e0 sa batterie longue dur\u00e9e et \u00e0 son d\u00e9ploiement simple, la rescueME MOB1 offre une tranquillit\u00e9 d&rsquo;esprit aux marins et aux plaisanciers, am\u00e9liorant la s\u00e9curit\u00e9 sur l&rsquo;eau et sauvant potentiellement des vies dans des situations critiques.   <\/p>\n<p>Pr\u00e9sentation du plus petit appareil AIS MOB au monde avec DSC int\u00e9gr\u00e9 : le rescueME MOB1 d&rsquo; Ocean Signal . Le MOB1 est compatible avec les gilets de sauvetage gonflables les plus compacts*. Le MOB1 est destin\u00e9 \u00e0 \u00eatre install\u00e9 \u00e0 l&rsquo;int\u00e9rieur du gilet de sauvetage* et s&rsquo;active automatiquement lors du gonflage, envoyant la premi\u00e8re alerte dans les 15 secondes. Le MOB1 est \u00e9tanche jusqu&rsquo;\u00e0 10 m\u00e8tres.<\/p>\n<p>Le MOB1 <a href=\"https:\/\/www.youtube.com\/watch?v=WH4S8yhDAuo\">communique<\/a> avec le navire dont vous avez \u00e9t\u00e9 s\u00e9par\u00e9 et avec les autres navires \u00e0 proximit\u00e9 (port\u00e9e jusqu&rsquo;\u00e0 5 miles selon les conditions). Pour alerter les autorit\u00e9s de sauvetage, un produit alternatif, le rescueME PLB1 communique directement via un r\u00e9seau satellite de recherche et de sauvetage d\u00e9di\u00e9. En cas d&rsquo;urgence, rescueME MOB1 propose 2 m\u00e9thodes pour communiquer rapidement votre position, pr\u00e9cise \u00e0 quelques m\u00e8tres, au navire, et fournir une indication visuelle via sa lumi\u00e8re stroboscopique int\u00e9gr\u00e9e. La lumi\u00e8re stroboscopique int\u00e9gr\u00e9e assure une visibilit\u00e9 maximale dans des conditions de faible luminosit\u00e9.   <\/p>\n<p><a href=\"https:\/\/oceansignal.com\/fr\/news\/comprendre-limpact-de-la-reglementation-ais-de-classe-m-sur-les-mob\/\">Renseignez-vous sur les prochaines r\u00e9glementations MOB : AIS de classe M<\/a><\/p>\n<p><a href=\"https:\/\/oceansignal.com\/fr\/news\/ocean-signal-triple-la-taille-de-ses-installations-pour-repondre-a-la-demande-de-production\/\">Fabriqu\u00e9 avec fiert\u00e9 au Royaume-Uni<\/a><\/p>\n<p><strong>Fonctionnalit\u00e9s:<\/strong><\/p>\n<p>&nbsp;<\/p>\n<ul>\n<li>AIS (syst\u00e8me d\u2019identification automatique)<\/li>\n<li>\u00c9metteur ASN (appel s\u00e9lectif num\u00e9rique) int\u00e9gr\u00e9*<\/li>\n<li>30 % (typ) plus petit que les concurrents<\/li>\n<li>Activation automatique<\/li>\n<li>Int\u00e9gration simple du gilet de sauvetage**<\/li>\n<li>Autonomie de la batterie de 7 ans<\/li>\n<li>24+ heures d\u2019autonomie<\/li>\n<li>Garantie de 5 ans\u2020<\/li>\n<li>Positionnement rapide et pr\u00e9cis<\/li>\n<\/ul>\n<p>&nbsp;<\/p>\n<p><em><strong>Compatibilit\u00e9 :<\/strong> La plupart des traceurs AIS et VHF DSC modernes sont conformes aux normes requises pour recevoir les transmissions MOB . Il est toutefois recommand\u00e9, surtout si vous utilisez un \u00e9quipement plus ancien, de v\u00e9rifier la compatibilit\u00e9 avec le fabricant de l&rsquo;\u00e9quipement. Consultez la FAQ ci-dessous pour plus d&rsquo;informations.<br \/>\n<\/em><\/p>\n<p>&nbsp;<\/p>\n<p>Le MOB1 peut \u00eatre configur\u00e9 par l&rsquo;utilisateur pour saisir le num\u00e9ro DSC MMSI* du navire en t\u00e9l\u00e9chargeant le logiciel via le lien ci-dessous. Le num\u00e9ro DSC du navire peut \u00eatre programm\u00e9 plusieurs fois. <\/p>\n<p>&nbsp;<\/p>\n<p><span style=\"color: #c22f00\">* La fonctionnalit\u00e9 DSC est soumise aux r\u00e9glementations du pays.<\/span><br \/>\n<span style=\"color: #c22f00\"><em>** Consultez toujours le fabricant pour obtenir des instructions sp\u00e9cifiques avant d\u2019installer ce produit directement sur votre gilet de sauvetage.<\/em><\/span><br \/>\n<span style=\"color: #c22f00\">\u2020 Sous r\u00e9serve de la d\u00e9claration de garantie. ( <em>Remarque&nbsp;: en cas d&rsquo;utilisation dans des applications commerciales, la p\u00e9riode de garantie est limit\u00e9e \u00e0 deux ans.<\/em> )<\/span><\/p>\n","protected":false},"excerpt":{"rendered":"<p>Le plus petit appareil AIS MOB au monde avec DSC int\u00e9gr\u00e9.<\/p>\n<ul>\n<li>AIS (syst\u00e8me d\u2019identification automatique)<\/li>\n<li>\u00c9metteur ASN (appel s\u00e9lectif num\u00e9rique) int\u00e9gr\u00e9*<\/li>\n<li>30 % (typ) plus petit que les concurrents<\/li>\n<li>Activation automatique<\/li>\n<li>Int\u00e9gration simple du gilet de sauvetage**<\/li>\n<li>Autonomie de la batterie de 7 ans<\/li>\n<li>24+ heures d\u2019autonomie<\/li>\n<li>Garantie de 5 ans\u2020<\/li>\n<li>Positionnement rapide et pr\u00e9cis<\/li>\n<\/ul>\n<p><img loading=\"lazy\" decoding=\"async\" class=\"alignnone size-medium wp-image-609\" src=\"http:\/\/oceansignal.com\/wp-content\/uploads\/2023\/09\/MT_Dame-logo_nominated_RGB-small-300x70.jpg\" alt=\"\" width=\"300\" height=\"70\" srcset=\"https:\/\/oceansignal.com\/wp-content\/uploads\/2023\/09\/MT_Dame-logo_nominated_RGB-small-300x70.jpg 300w, https:\/\/oceansignal.com\/wp-content\/uploads\/2023\/09\/MT_Dame-logo_nominated_RGB-small.jpg 323w\" sizes=\"auto, (max-width: 300px) 100vw, 300px\" \/><\/p>\n<p>Situ\u00e9 au Royaume-Uni ou dans l&rsquo;UE&nbsp;?  <a href=\"https:\/\/oceansignal.com\/fr\/products\/rescueme-mob2\/\">D\u00e9couvrez le nouveau Ocean Signal MOB2 2025.<\/a><\/p>\n<p><a href=\"https:\/\/www.dropbox.com\/s\/8343nj28z0d7bxa\/Prop%2065%20-%20BPA.pdf?dl=0\">AVERTISSEMENT : PROP 65<\/a><\/p>\n","protected":false},"featured_media":19224,"template":"","meta":{"_acf_changed":false,"om_disable_all_campaigns":false},"product_brand":[],"product_cat":[1054,471],"product_tag":[513,516,1055],"class_list":{"0":"post-7804","1":"product","2":"type-product","3":"status-publish","4":"has-post-thumbnail","6":"product_cat-homme-a-la-mer","7":"product_cat-rescueme-fr","8":"product_tag-ais-mob-fr","9":"product_tag-foule","10":"product_tag-homme-a-la-mer","12":"first","13":"instock","14":"taxable","15":"shipping-taxable","16":"purchasable","17":"product-type-simple"},"acf":[],"yoast_head":"<!-- This site is optimized with the Yoast SEO Premium plugin v25.2 (Yoast SEO v26.4) - https:\/\/yoast.com\/wordpress\/plugins\/seo\/ -->\n<title>rescueME MOB1 - Ocean Signal<\/title>\n<meta name=\"description\" content=\"La balise homme \u00e0 la mer Ocean Signal rescueME MOB1 AIS est la solution ultime pour la s\u00e9curit\u00e9 maritime, sp\u00e9cialement con\u00e7ue pour aider dans les situations SOS.\" \/>\n<meta name=\"robots\" content=\"index, follow, max-snippet:-1, max-image-preview:large, max-video-preview:-1\" \/>\n<link rel=\"canonical\" href=\"https:\/\/oceansignal.com\/fr\/products\/rescueme-mob1\/\" \/>\n<meta property=\"og:locale\" content=\"fr_FR\" \/>\n<meta property=\"og:type\" content=\"article\" \/>\n<meta property=\"og:title\" content=\"rescueME MOB1\" \/>\n<meta property=\"og:description\" content=\"La balise homme \u00e0 la mer Ocean Signal rescueME MOB1 AIS est la solution ultime pour la s\u00e9curit\u00e9 maritime, sp\u00e9cialement con\u00e7ue pour aider dans les situations SOS.\" \/>\n<meta property=\"og:url\" content=\"https:\/\/oceansignal.com\/fr\/products\/rescueme-mob1\/\" \/>\n<meta property=\"og:site_name\" content=\"Ocean Signal\" \/>\n<meta property=\"article:modified_time\" content=\"2025-09-23T14:57:43+00:00\" \/>\n<meta property=\"og:image\" content=\"https:\/\/oceansignal.com\/wp-content\/uploads\/2023\/09\/MOB1-square-1.jpg\" \/>\n\t<meta property=\"og:image:width\" content=\"1000\" \/>\n\t<meta property=\"og:image:height\" content=\"1000\" \/>\n\t<meta property=\"og:image:type\" content=\"image\/jpeg\" \/>\n<meta name=\"twitter:card\" content=\"summary_large_image\" \/>\n<meta name=\"twitter:label1\" content=\"Dur\u00e9e de lecture estim\u00e9e\" \/>\n\t<meta name=\"twitter:data1\" content=\"3 minutes\" \/>\n<script type=\"application\/ld+json\" class=\"yoast-schema-graph\">{\"@context\":\"https:\/\/schema.org\",\"@graph\":[{\"@type\":\"WebPage\",\"@id\":\"https:\/\/oceansignal.com\/fr\/products\/rescueme-mob1\/\",\"url\":\"https:\/\/oceansignal.com\/fr\/products\/rescueme-mob1\/\",\"name\":\"rescueME MOB1 - Ocean Signal\",\"isPartOf\":{\"@id\":\"https:\/\/oceansignal.com\/fr\/#website\"},\"primaryImageOfPage\":{\"@id\":\"https:\/\/oceansignal.com\/fr\/products\/rescueme-mob1\/#primaryimage\"},\"image\":{\"@id\":\"https:\/\/oceansignal.com\/fr\/products\/rescueme-mob1\/#primaryimage\"},\"thumbnailUrl\":\"https:\/\/oceansignal.com\/wp-content\/uploads\/2023\/09\/MOB1-square-1.jpg\",\"datePublished\":\"2023-09-07T14:40:28+00:00\",\"dateModified\":\"2025-09-23T14:57:43+00:00\",\"description\":\"La balise homme \u00e0 la mer Ocean Signal rescueME MOB1 AIS est la solution ultime pour la s\u00e9curit\u00e9 maritime, sp\u00e9cialement con\u00e7ue pour aider dans les situations SOS.\",\"breadcrumb\":{\"@id\":\"https:\/\/oceansignal.com\/fr\/products\/rescueme-mob1\/#breadcrumb\"},\"inLanguage\":\"fr-FR\",\"potentialAction\":[{\"@type\":\"ReadAction\",\"target\":[\"https:\/\/oceansignal.com\/fr\/products\/rescueme-mob1\/\"]}]},{\"@type\":\"ImageObject\",\"inLanguage\":\"fr-FR\",\"@id\":\"https:\/\/oceansignal.com\/fr\/products\/rescueme-mob1\/#primaryimage\",\"url\":\"https:\/\/oceansignal.com\/wp-content\/uploads\/2023\/09\/MOB1-square-1.jpg\",\"contentUrl\":\"https:\/\/oceansignal.com\/wp-content\/uploads\/2023\/09\/MOB1-square-1.jpg\",\"width\":1000,\"height\":1000,\"caption\":\"Balise de d\u00e9tresse Ocean Signal rescueME MOB1 AIS avec DSC. La plus petite MOB au monde.\"},{\"@type\":\"BreadcrumbList\",\"@id\":\"https:\/\/oceansignal.com\/fr\/products\/rescueme-mob1\/#breadcrumb\",\"itemListElement\":[{\"@type\":\"ListItem\",\"position\":1,\"name\":\"Produits\",\"item\":\"https:\/\/oceansignal.com\/fr\/produits\/\"},{\"@type\":\"ListItem\",\"position\":2,\"name\":\"rescueME MOB1\"}]},{\"@type\":\"WebSite\",\"@id\":\"https:\/\/oceansignal.com\/fr\/#website\",\"url\":\"https:\/\/oceansignal.com\/fr\/\",\"name\":\"Ocean Signal\",\"description\":\"A leading manufacturer of EPIRBs, AIS, SARTs, Personal Locator Beacons, Man Overboard Beacon for the Marine and Outdoor Markets.\",\"potentialAction\":[{\"@type\":\"SearchAction\",\"target\":{\"@type\":\"EntryPoint\",\"urlTemplate\":\"https:\/\/oceansignal.com\/fr\/?s={search_term_string}\"},\"query-input\":{\"@type\":\"PropertyValueSpecification\",\"valueRequired\":true,\"valueName\":\"search_term_string\"}}],\"inLanguage\":\"fr-FR\"}]}<\/script>\n<!-- \/ Yoast SEO Premium plugin. -->","yoast_head_json":{"title":"rescueME MOB1 - Ocean Signal","description":"La balise homme \u00e0 la mer Ocean Signal rescueME MOB1 AIS est la solution ultime pour la s\u00e9curit\u00e9 maritime, sp\u00e9cialement con\u00e7ue pour aider dans les situations SOS.","robots":{"index":"index","follow":"follow","max-snippet":"max-snippet:-1","max-image-preview":"max-image-preview:large","max-video-preview":"max-video-preview:-1"},"canonical":"https:\/\/oceansignal.com\/fr\/products\/rescueme-mob1\/","og_locale":"fr_FR","og_type":"article","og_title":"rescueME MOB1","og_description":"La balise homme \u00e0 la mer Ocean Signal rescueME MOB1 AIS est la solution ultime pour la s\u00e9curit\u00e9 maritime, sp\u00e9cialement con\u00e7ue pour aider dans les situations SOS.","og_url":"https:\/\/oceansignal.com\/fr\/products\/rescueme-mob1\/","og_site_name":"Ocean Signal","article_modified_time":"2025-09-23T14:57:43+00:00","og_image":[{"width":1000,"height":1000,"url":"https:\/\/oceansignal.com\/wp-content\/uploads\/2023\/09\/MOB1-square-1.jpg","type":"image\/jpeg"}],"twitter_card":"summary_large_image","twitter_misc":{"Dur\u00e9e de lecture estim\u00e9e":"3 minutes"},"schema":{"@context":"https:\/\/schema.org","@graph":[{"@type":"WebPage","@id":"https:\/\/oceansignal.com\/fr\/products\/rescueme-mob1\/","url":"https:\/\/oceansignal.com\/fr\/products\/rescueme-mob1\/","name":"rescueME MOB1 - Ocean Signal","isPartOf":{"@id":"https:\/\/oceansignal.com\/fr\/#website"},"primaryImageOfPage":{"@id":"https:\/\/oceansignal.com\/fr\/products\/rescueme-mob1\/#primaryimage"},"image":{"@id":"https:\/\/oceansignal.com\/fr\/products\/rescueme-mob1\/#primaryimage"},"thumbnailUrl":"https:\/\/oceansignal.com\/wp-content\/uploads\/2023\/09\/MOB1-square-1.jpg","datePublished":"2023-09-07T14:40:28+00:00","dateModified":"2025-09-23T14:57:43+00:00","description":"La balise homme \u00e0 la mer Ocean Signal rescueME MOB1 AIS est la solution ultime pour la s\u00e9curit\u00e9 maritime, sp\u00e9cialement con\u00e7ue pour aider dans les situations SOS.","breadcrumb":{"@id":"https:\/\/oceansignal.com\/fr\/products\/rescueme-mob1\/#breadcrumb"},"inLanguage":"fr-FR","potentialAction":[{"@type":"ReadAction","target":["https:\/\/oceansignal.com\/fr\/products\/rescueme-mob1\/"]}]},{"@type":"ImageObject","inLanguage":"fr-FR","@id":"https:\/\/oceansignal.com\/fr\/products\/rescueme-mob1\/#primaryimage","url":"https:\/\/oceansignal.com\/wp-content\/uploads\/2023\/09\/MOB1-square-1.jpg","contentUrl":"https:\/\/oceansignal.com\/wp-content\/uploads\/2023\/09\/MOB1-square-1.jpg","width":1000,"height":1000,"caption":"Balise de d\u00e9tresse Ocean Signal rescueME MOB1 AIS avec DSC. La plus petite MOB au monde."},{"@type":"BreadcrumbList","@id":"https:\/\/oceansignal.com\/fr\/products\/rescueme-mob1\/#breadcrumb","itemListElement":[{"@type":"ListItem","position":1,"name":"Produits","item":"https:\/\/oceansignal.com\/fr\/produits\/"},{"@type":"ListItem","position":2,"name":"rescueME MOB1"}]},{"@type":"WebSite","@id":"https:\/\/oceansignal.com\/fr\/#website","url":"https:\/\/oceansignal.com\/fr\/","name":"Ocean Signal","description":"A leading manufacturer of EPIRBs, AIS, SARTs, Personal Locator Beacons, Man Overboard Beacon for the Marine and Outdoor Markets.","potentialAction":[{"@type":"SearchAction","target":{"@type":"EntryPoint","urlTemplate":"https:\/\/oceansignal.com\/fr\/?s={search_term_string}"},"query-input":{"@type":"PropertyValueSpecification","valueRequired":true,"valueName":"search_term_string"}}],"inLanguage":"fr-FR"}]}},"_links":{"self":[{"href":"https:\/\/oceansignal.com\/fr\/wp-json\/wp\/v2\/product\/7804","targetHints":{"allow":["GET"]}}],"collection":[{"href":"https:\/\/oceansignal.com\/fr\/wp-json\/wp\/v2\/product"}],"about":[{"href":"https:\/\/oceansignal.com\/fr\/wp-json\/wp\/v2\/types\/product"}],"wp:featuredmedia":[{"embeddable":true,"href":"https:\/\/oceansignal.com\/fr\/wp-json\/wp\/v2\/media\/19224"}],"wp:attachment":[{"href":"https:\/\/oceansignal.com\/fr\/wp-json\/wp\/v2\/media?parent=7804"}],"wp:term":[{"taxonomy":"product_brand","embeddable":true,"href":"https:\/\/oceansignal.com\/fr\/wp-json\/wp\/v2\/product_brand?post=7804"},{"taxonomy":"product_cat","embeddable":true,"href":"https:\/\/oceansignal.com\/fr\/wp-json\/wp\/v2\/product_cat?post=7804"},{"taxonomy":"product_tag","embeddable":true,"href":"https:\/\/oceansignal.com\/fr\/wp-json\/wp\/v2\/product_tag?post=7804"}],"curies":[{"name":"wp","href":"https:\/\/api.w.org\/{rel}","templated":true}]}}