{"id":7817,"date":"2023-03-27T07:28:36","date_gmt":"2023-03-27T07:28:36","guid":{"rendered":"https:\/\/oceansignal.com\/products\/rescueme-epirb3\/"},"modified":"2026-03-25T10:11:03","modified_gmt":"2026-03-25T10:11:03","slug":"rescueme-epirb3","status":"publish","type":"product","link":"https:\/\/oceansignal.com\/fr\/products\/rescueme-epirb3\/","title":{"rendered":"rescueME EPIRB3"},"content":{"rendered":"<p class=\"ai-optimize-38\"><a href=\"https:\/\/www.dropbox.com\/s\/8343nj28z0d7bxa\/Prop%2065%20-%20BPA.pdf?dl=0\" data-cke-saved-href=\"https:\/\/www.dropbox.com\/s\/8343nj28z0d7bxa\/Prop%2065%20-%20BPA.pdf?dl=0\">AVERTISSEMENT : PROP 65<\/a><\/p>\n<p class=\"ai-optimize-39\">R\u00e9sum\u00e9:<\/p>\n<p class=\"ai-optimize-40\">La nouvelle balise EPIRB3 Ocean Signal rescueME est une radiobalise de localisation d&rsquo;urgence (RLI) 406 MHz homologu\u00e9e SMDSM (Syst\u00e8me mondial de d\u00e9tection et de suivi des situations d&rsquo;urgence). Elle est livr\u00e9e avec un support de d\u00e9verrouillage manuel et int\u00e8gre de nombreuses fonctionnalit\u00e9s dans un design compact et moderne, incluant la technologie AIS. L&rsquo;AIS fournit aux sauveteurs locaux des informations pr\u00e9cises et fiables sur la position actuelle de la balise, acc\u00e9l\u00e9rant ainsi les op\u00e9rations de sauvetage. De plus, le service de liaison de retour (RLS) rassure ceux qui activent la balise en confirmant la r\u00e9ception de leur message de d\u00e9tresse. La technologie NFC (Near Field Communication) permet d&rsquo;utiliser une application pour smartphone afin de surveiller la batterie de EPIRB et d&rsquo;autres fonctions, garantissant ainsi son bon fonctionnement. Avec son design fin et ses fonctionnalit\u00e9s avanc\u00e9es, la EPIRB3 est id\u00e9ale pour tous les navigateurs, qu&rsquo;ils naviguent en M\u00e9diterran\u00e9e, traversent le d\u00e9troit pour une travers\u00e9e, p\u00eachent, travaillent ou naviguent au large.    <\/p>\n<p class=\"ai-optimize-41\">Description:<\/p>\n<p class=\"ai-optimize-42\">La nouvelle EPIRB3 (Emergency Position Indicating Radio Beacon) d&rsquo; Ocean Signal am\u00e9liore la fiabilit\u00e9 et facilite les op\u00e9rations de sauvetage gr\u00e2ce \u00e0 de nouvelles fonctionnalit\u00e9s avanc\u00e9es. Cette nouvelle balise EPIRB homologu\u00e9e EPIRB \u00e9met un signal de d\u00e9tresse num\u00e9rique sur 406 MHz, avertissant les sauveteurs du monde entier par satellite, et diffuse localement les signaux VHF du Syst\u00e8me d&rsquo;identification automatique (AIS) pour les aider \u00e0 retrouver la balise plus rapidement. Une fois activ\u00e9e, la EPIRB3 transmet un signal d&rsquo;urgence au syst\u00e8me mondial de sauvetage par satellite <a href=\"https:\/\/www.cospas-sarsat.int\/en\/\">Cospas-Sarsat<\/a> et envoie simultan\u00e9ment une alerte AIS sur les fr\u00e9quences VHF, imm\u00e9diatement visible par tout navire \u00e0 proximit\u00e9 \u00e9quip\u00e9 d&rsquo;AIS. Le service de liaison retour (RLS) confirme visuellement \u00e0 l&rsquo;utilisateur que son message de d\u00e9tresse a \u00e9t\u00e9 re\u00e7u. La combinaison de l&rsquo;AIS, d&rsquo;un signal de radioguidage sur 121,5 MHz et de lumi\u00e8res stroboscopiques visibles et infrarouges acc\u00e9l\u00e8re les temps de r\u00e9cup\u00e9ration en permettant aux sauveteurs de localiser pr\u00e9cis\u00e9ment la balise, m\u00eame en cas de d\u00e9rive, \u00e0 toute heure du jour ou de la nuit. La communication en champ proche (NFC) est une excellente nouvelle fonctionnalit\u00e9 qui permet aux utilisateurs de surveiller l&rsquo; EPIRB3 \u00e0 l&rsquo;aide d&rsquo;une application mobile gratuite pour smartphone, garantissant ainsi que la batterie dispose de suffisamment d&rsquo;\u00e9nergie et que la balise fonctionne correctement avant de partir.     <\/p>\n<p>&nbsp;<\/p>\n<p class=\"ai-optimize-43\">La technologie avanc\u00e9e de s\u00e9curit\u00e9 et de sauvetage maritime d&rsquo; Ocean Signal dans le nouveau EPIRB3 avec AIS combine de nouvelles fonctionnalit\u00e9s innovantes dans un bo\u00eetier compact et ergonomique, id\u00e9al pour tous les types et toutes les tailles de navires de plaisance et commerciaux.<\/p>\n<p>&nbsp;<\/p>\n<p class=\"ai-optimize-44\"><strong>Les temps de sauvetage peuvent s\u2019am\u00e9liorer gr\u00e2ce \u00e0 l\u2019activation globale combin\u00e9e \u00e0 la diffusion de la balise AIS Local.<\/strong><\/p>\n<p>&nbsp;<\/p>\n<p class=\"ai-optimize-45\">L&rsquo; EPIRB3 utilise les r\u00e9seaux de positionnement GNSS (GPS, Galileo, Glonass) pour d\u00e9terminer sa position mondiale. Lorsque la balise est d\u00e9clench\u00e9e, une transmission de d\u00e9tresse \u00e0 406 MHz relaie cette position EPIRB (GPIRB), pr\u00e9cise \u00e0 100 m\u00e8tres pr\u00e8s, au r\u00e9seau mondial de satellites de recherche et de sauvetage <a href=\"https:\/\/www.cospas-sarsat.int\/en\/\">Cospas-Sarsat<\/a> . Les stations terrestres connect\u00e9es au syst\u00e8me satellitaire re\u00e7oivent les informations d&rsquo;identification et de position de EPIRB , ce qui permet de coordonner et de d\u00e9clencher les op\u00e9rations de sauvetage. Gr\u00e2ce \u00e0 la technologie AIS avanc\u00e9e d\u00e9sormais int\u00e9gr\u00e9e \u00e0 l&rsquo; EPIRB , d\u00e8s son activation, la balise commence \u00e0 \u00e9mettre des signaux AIS. Les navires \u00e0 proximit\u00e9 \u00e9quip\u00e9s de l&rsquo;AIS sont ainsi instantan\u00e9ment inform\u00e9s de la situation de d\u00e9tresse et re\u00e7oivent leur position. Les navires \u00e9quip\u00e9s de l&rsquo;AIS \u00e0 port\u00e9e VHF verront s&rsquo;afficher sur leur \u00e9cran un message de s\u00e9curit\u00e9 indiquant l&rsquo;identification MMSI du navire. Les navires locaux peuvent ainsi lancer imm\u00e9diatement les op\u00e9rations de sauvetage et de r\u00e9cup\u00e9ration, ce qui peut acc\u00e9l\u00e9rer les op\u00e9rations de r\u00e9cup\u00e9ration et sauver des vies. Comme une cible AIS est affich\u00e9e sur l&rsquo;\u00e9cran de bord de tout navire \u00e9quip\u00e9 d&rsquo;un syst\u00e8me AIS \u00e0 proximit\u00e9, ces derniers peuvent facilement naviguer directement vers la EPIRB en s\u00e9lectionnant la cible AIS. M\u00eame en l&rsquo;absence de navire local, l&rsquo;AIS acc\u00e9l\u00e8re les temps de r\u00e9cup\u00e9ration en permettant aux op\u00e9rateurs SAR maritimes de localiser pr\u00e9cis\u00e9ment la EPIRB \u00e0 son approche. La combinaison des appels de d\u00e9tresse par satellite mondiaux, de la transmission pr\u00e9cise de la position GPIRB et des messages de s\u00e9curit\u00e9 AIS locaux am\u00e9liorera consid\u00e9rablement les d\u00e9lais et la r\u00e9ussite des r\u00e9cup\u00e9rations.        <\/p>\n<p>&nbsp;<\/p>\n<p class=\"ai-optimize-46\"><strong>La communication en champ proche (NFC) fournit des diagnostics EPIRB \u00e0 l&rsquo;aide d&rsquo;un smartphone.<\/strong><\/p>\n<p>&nbsp;<\/p>\n<p class=\"ai-optimize-47\">Les utilisateurs de balises de localisation des sinistres peuvent d\u00e9sormais consulter leur EPIRB en connectant leur smartphone \u00e0 celle-ci gr\u00e2ce \u00e0 <a href=\"https:\/\/www.youtube.com\/watch?v=MRXLii6r3n4&amp;t=10s\">la technologie NFC (Near Field Communication)<\/a> . Cette technologie connecte un smartphone plac\u00e9 \u00e0 proximit\u00e9 de l \u00ab EPIRB3 et lance automatiquement l&rsquo;application gratuite Ocean Signal . L&rsquo;application propose un diagnostic complet indiquant l&rsquo;autonomie de la batterie, le nombre d&rsquo;autotests et de tests GNSS effectu\u00e9s, ainsi que la dur\u00e9e d&rsquo;activation de l \u00bb EPIRB . Des informations d\u00e9taill\u00e9es, notamment une vue cartographique indiquant le lieu d&rsquo;un test GNSS, la date et l&rsquo;heure du test, le temps n\u00e9cessaire \u00e0 l \u00ab EPIRB pour obtenir les coordonn\u00e9es GNSS, le nombre de satellites utilis\u00e9s pour obtenir ce point et la pr\u00e9cision de ce dernier, sont affich\u00e9es de mani\u00e8re pratique. L&rsquo;application mobile gratuite et la fonctionnalit\u00e9 NFC d \u00bb Ocean Signal fournissent aux utilisateurs toutes les informations n\u00e9cessaires pour confirmer que leur EPIRB est pleinement op\u00e9rationnelle et pr\u00eate \u00e0 \u00eatre d\u00e9ploy\u00e9e en cas d&rsquo;urgence.    <\/p>\n<p>&nbsp;<\/p>\n<p class=\"ai-optimize-48\"><strong>Le service pratique de liaison de retour (RLS) informe les utilisateurs que leur appel de d\u00e9tresse a \u00e9t\u00e9 re\u00e7u.<\/strong><\/p>\n<p>&nbsp;<\/p>\n<p class=\"ai-optimize-49\">Les EPIRB sont d\u00e9ploy\u00e9es en cas de d\u00e9tresse et les op\u00e9rations de sauvetage peuvent prendre du temps, surtout si le navire en d\u00e9tresse se trouve loin au large. L&rsquo; EPIRB3 est \u00e9quip\u00e9e du service de liaison retour (Return Link Service) qui informe les utilisateurs de la r\u00e9ception du signal de d\u00e9tresse de la balise. Le signal RLS est renvoy\u00e9 via le r\u00e9seau <a href=\"https:\/\/www.euspa.europa.eu\/european-space\/galileo\/services\/search-and-rescue-sar-galileo-service\">satellitaire Galileo<\/a> pour confirmer la r\u00e9ception du message de d\u00e9tresse, ainsi que de la position et des identifiants pr\u00e9cis EPIRB . Un simple clignotement bleu indique aux utilisateurs que la EPIRB s&rsquo;est connect\u00e9e au r\u00e9seau satellitaire et que les sauveteurs seront avertis. Savoir que le signal de d\u00e9tresse num\u00e9rique, l&rsquo;identification EPIRB et la position de la balise ont bien \u00e9t\u00e9 transmis permet aux personnes en d\u00e9tresse de rester calmes en attendant les secours.    <\/p>\n<p>&nbsp;<\/p>\n<p class=\"ai-optimize-50\"><strong>Support de montage<\/strong><\/p>\n<p>&nbsp;<\/p>\n<p class=\"ai-optimize-51\">L&rsquo; EPIRB3 est livr\u00e9e avec un support de fixation \u00e0 d\u00e9clenchement manuel de cat\u00e9gorie 2. Ce support maintient l&rsquo; EPIRB3 en toute s\u00e9curit\u00e9 pendant toute la dur\u00e9e de votre voyage, quelles que soient les conditions. Il offre \u00e9galement un syst\u00e8me de d\u00e9verrouillage rapide permettant de retirer l&rsquo; EPIRB facilement et rapidement en cas de besoin.  <\/p>\n<p>&nbsp;<\/p>\n<p class=\"ai-optimize-52\">Ocean Signal utilise une technologie de pointe et des proc\u00e9d\u00e9s de fabrication de qualit\u00e9 pour d\u00e9velopper et produire des dispositifs de sauvetage \u00e9lectroniques et autres produits de sauvetage de qualit\u00e9. La nouvelle EPIRB3 , avec son profil profil\u00e9, convient aussi bien aux voiliers qu&rsquo;aux bateaux \u00e0 moteur. Les utilisateurs, qu&rsquo;ils soient de plaisance ou EPIRB3 , peuvent \u00eatre assur\u00e9s que les fonctionnalit\u00e9s de cette nouvelle balise de localisation des sinistres offrent les meilleures chances de succ\u00e8s pour un sauvetage efficace, o\u00f9 qu&rsquo;ils se trouvent. De nombreuses fonctionnalit\u00e9s de haute technologie, associ\u00e9es \u00e0 une conception unique, permettent une utilisation efficace sur tous types de navires, qu&rsquo;ils travaillent ou s&rsquo;amusent pr\u00e8s des c\u00f4tes, au large ou \u00e0 travers le monde.   <\/p>\n<p class=\"ai-optimize-53\">Pour la version sans flotteur de cat\u00e9gorie 1&nbsp;: <a href=\"https:\/\/oceansignal.com\/products\/safesea-epirb3-pro\/\">safeSEA EPIRB3 Pro<\/a><\/p>\n<p class=\"ai-optimize-54\"><strong>Fonctionnalit\u00e9s:<\/strong><\/p>\n<p>&nbsp;<\/p>\n<ul>\n<li class=\"ai-optimize-55\">30 % (typ) plus petit<\/li>\n<li class=\"ai-optimize-56\">Alerte de d\u00e9tresse AIS<\/li>\n<li class=\"ai-optimize-57\">Service de liaison de retour (RLS)<\/li>\n<li class=\"ai-optimize-58\">Connectivit\u00e9 mobile \u00e0 l\u2019aide de la communication en champ proche (NFC)<\/li>\n<li class=\"ai-optimize-59\">Application gratuite (Apple et Android)<\/li>\n<li class=\"ai-optimize-60\">Autonomie de la batterie de 10 ans<\/li>\n<li class=\"ai-optimize-61\">48+ heures d\u2019autonomie<\/li>\n<li class=\"ai-optimize-62\">Garantie de 2 ans (la garantie peut \u00eatre \u00e9tendue \u00e0 5 ans via l&rsquo;enregistrement du produit aupr\u00e8s d&rsquo; Ocean Signal )<\/li>\n<li class=\"ai-optimize-63\">Positionnement rapide et pr\u00e9cis avec GPS \u00e0 72 canaux<\/li>\n<li class=\"ai-optimize-64\">Antenne r\u00e9tractable<\/li>\n<li class=\"ai-optimize-65\">Support \u00e0 d\u00e9gagement rapide<\/li>\n<li class=\"ai-optimize-66\">Longe s\u00e9curis\u00e9e<\/li>\n<\/ul>\n<p>&nbsp;<\/p>\n","protected":false},"excerpt":{"rendered":"<p class=\"ai-optimize-14\" data-start=\"318\" data-end=\"494\">Le rescueME EPIRB3 combine une couverture de sauvetage mondiale et int\u00e8gre l&rsquo;AIS, pour des fonctionnalit\u00e9s de r\u00e9cup\u00e9ration locales intelligentes dans une seule unit\u00e9 compacte.<\/p>\n<ul>\n<li class=\"ai-optimize-15\" style=\"list-style-type: none;\">\n<ul data-start=\"496\" data-end=\"1135\">\n<li class=\"ai-optimize-16\" data-start=\"496\" data-end=\"748\">\n<p class=\"ai-optimize-17\" data-start=\"498\" data-end=\"748\"><strong data-start=\"498\" data-end=\"544\">Connectivit\u00e9 SAR mondiale via Cospas-Sarsat :<\/strong> envoie votre signal de d\u00e9tresse 406 MHz directement aux services internationaux de recherche et de sauvetage, garantissant ainsi une r\u00e9ponse <strong data-start=\"678\" data-end=\"725\">garantie et<\/strong> coordonn\u00e9e par le gouvernement partout dans le monde, 24 h\/24, 7 j\/7 et 365 j\/an.<\/p>\n<\/li>\n<li class=\"ai-optimize-18\" data-start=\"749\" data-end=\"929\">\n<p class=\"ai-optimize-19\" data-start=\"751\" data-end=\"929\"><strong data-start=\"751\" data-end=\"787\">Service de liaison de retour (RLS) + AIS :<\/strong> confirme que votre signal a \u00e9t\u00e9 re\u00e7u avec une lumi\u00e8re bleue visuelle, tandis que l&rsquo;AIS diffuse votre position aux navires \u00e0 proximit\u00e9 pour <strong data-start=\"905\" data-end=\"928\">un sauvetage \u00e0 double couche<\/strong> .<\/p>\n<\/li>\n<li class=\"ai-optimize-20\" data-start=\"930\" data-end=\"1135\">\n<p class=\"ai-optimize-21\" data-start=\"932\" data-end=\"1135\"><strong data-start=\"932\" data-end=\"968\">Performances fiables et durables :<\/strong> dispose d&rsquo;un r\u00e9cepteur GNSS de haute pr\u00e9cision, d&rsquo;une autonomie de batterie de plus de 48 heures une fois activ\u00e9e et est enti\u00e8rement conforme aux exigences de transport <strong data-start=\"1091\" data-end=\"1098\">IMO<\/strong> et <strong data-start=\"1103\" data-end=\"1112\">SOLAS<\/strong> .<\/p>\n<\/li>\n<li class=\"ai-optimize-22\" data-start=\"930\" data-end=\"1135\"><strong>Aucun frais d&rsquo;abonnement<\/strong> .<\/li>\n<\/ul>\n<\/li>\n<\/ul>\n","protected":false},"featured_media":12418,"template":"","meta":{"_acf_changed":false,"om_disable_all_campaigns":false},"product_brand":[],"product_cat":[755,471],"product_tag":[515,756,994,757,758],"class_list":{"0":"post-7817","1":"product","2":"type-product","3":"status-publish","4":"has-post-thumbnail","6":"product_cat-epirb-fr","7":"product_cat-rescueme-fr","8":"product_tag-ais-fr","9":"product_tag-epirb-fr","10":"product_tag-epirb3-fr","11":"product_tag-nfc-fr","12":"product_tag-syndrome-des-jambes-sans-repos","14":"first","15":"instock","16":"taxable","17":"shipping-taxable","18":"purchasable","19":"product-type-simple"},"acf":[],"yoast_head":"<!-- This site is optimized with the Yoast SEO Premium plugin v25.2 (Yoast SEO v26.4) - https:\/\/yoast.com\/wordpress\/plugins\/seo\/ -->\n<title>rescueME EPIRB3 - Ocean Signal<\/title>\n<meta name=\"description\" content=\"Restez en s\u00e9curit\u00e9 en mer avec la balise EPIRB3 rescueME\u00a0: cette balise de localisation des sinistres ( EPIRB est d\u00e9sormais dot\u00e9e de l&#039;AIS et est homologu\u00e9e SMDSM pour les plaisanciers. Achetez-la d\u00e8s maintenant\u00a0!\" \/>\n<meta name=\"robots\" content=\"index, follow, max-snippet:-1, max-image-preview:large, max-video-preview:-1\" \/>\n<link rel=\"canonical\" href=\"https:\/\/oceansignal.com\/fr\/products\/rescueme-epirb3\/\" \/>\n<meta property=\"og:locale\" content=\"fr_FR\" \/>\n<meta property=\"og:type\" content=\"article\" \/>\n<meta property=\"og:title\" content=\"rescueME EPIRB3\" \/>\n<meta property=\"og:description\" content=\"Restez en s\u00e9curit\u00e9 en mer avec la balise EPIRB3 rescueME\u00a0: cette balise de localisation des sinistres ( EPIRB est d\u00e9sormais dot\u00e9e de l&#039;AIS et est homologu\u00e9e SMDSM pour les plaisanciers. Achetez-la d\u00e8s maintenant\u00a0!\" \/>\n<meta property=\"og:url\" content=\"https:\/\/oceansignal.com\/fr\/products\/rescueme-epirb3\/\" \/>\n<meta property=\"og:site_name\" content=\"Ocean Signal\" \/>\n<meta property=\"article:modified_time\" content=\"2026-03-25T10:11:03+00:00\" \/>\n<meta property=\"og:image\" content=\"https:\/\/oceansignal.com\/wp-content\/uploads\/2023\/03\/EPIRB3-Front.png\" \/>\n\t<meta property=\"og:image:width\" content=\"800\" \/>\n\t<meta property=\"og:image:height\" content=\"800\" \/>\n\t<meta property=\"og:image:type\" content=\"image\/png\" \/>\n<meta name=\"twitter:card\" content=\"summary_large_image\" \/>\n<meta name=\"twitter:label1\" content=\"Dur\u00e9e de lecture estim\u00e9e\" \/>\n\t<meta name=\"twitter:data1\" content=\"7 minutes\" \/>\n<script type=\"application\/ld+json\" class=\"yoast-schema-graph\">{\"@context\":\"https:\/\/schema.org\",\"@graph\":[{\"@type\":\"WebPage\",\"@id\":\"https:\/\/oceansignal.com\/fr\/products\/rescueme-epirb3\/\",\"url\":\"https:\/\/oceansignal.com\/fr\/products\/rescueme-epirb3\/\",\"name\":\"rescueME EPIRB3 - Ocean Signal\",\"isPartOf\":{\"@id\":\"https:\/\/oceansignal.com\/fr\/#website\"},\"primaryImageOfPage\":{\"@id\":\"https:\/\/oceansignal.com\/fr\/products\/rescueme-epirb3\/#primaryimage\"},\"image\":{\"@id\":\"https:\/\/oceansignal.com\/fr\/products\/rescueme-epirb3\/#primaryimage\"},\"thumbnailUrl\":\"https:\/\/oceansignal.com\/wp-content\/uploads\/2023\/03\/EPIRB3-Front.png\",\"datePublished\":\"2023-03-27T07:28:36+00:00\",\"dateModified\":\"2026-03-25T10:11:03+00:00\",\"description\":\"Restez en s\u00e9curit\u00e9 en mer avec la balise EPIRB3 rescueME\u00a0: cette balise de localisation des sinistres ( EPIRB est d\u00e9sormais dot\u00e9e de l'AIS et est homologu\u00e9e SMDSM pour les plaisanciers. Achetez-la d\u00e8s maintenant\u00a0!\",\"breadcrumb\":{\"@id\":\"https:\/\/oceansignal.com\/fr\/products\/rescueme-epirb3\/#breadcrumb\"},\"inLanguage\":\"fr-FR\",\"potentialAction\":[{\"@type\":\"ReadAction\",\"target\":[\"https:\/\/oceansignal.com\/fr\/products\/rescueme-epirb3\/\"]}]},{\"@type\":\"ImageObject\",\"inLanguage\":\"fr-FR\",\"@id\":\"https:\/\/oceansignal.com\/fr\/products\/rescueme-epirb3\/#primaryimage\",\"url\":\"https:\/\/oceansignal.com\/wp-content\/uploads\/2023\/03\/EPIRB3-Front.png\",\"contentUrl\":\"https:\/\/oceansignal.com\/wp-content\/uploads\/2023\/03\/EPIRB3-Front.png\",\"width\":800,\"height\":800},{\"@type\":\"BreadcrumbList\",\"@id\":\"https:\/\/oceansignal.com\/fr\/products\/rescueme-epirb3\/#breadcrumb\",\"itemListElement\":[{\"@type\":\"ListItem\",\"position\":1,\"name\":\"Produits\",\"item\":\"https:\/\/oceansignal.com\/fr\/produits\/\"},{\"@type\":\"ListItem\",\"position\":2,\"name\":\"rescueME EPIRB3\"}]},{\"@type\":\"WebSite\",\"@id\":\"https:\/\/oceansignal.com\/fr\/#website\",\"url\":\"https:\/\/oceansignal.com\/fr\/\",\"name\":\"Ocean Signal\",\"description\":\"A leading manufacturer of EPIRBs, AIS, SARTs, Personal Locator Beacons, Man Overboard Beacon for the Marine and Outdoor Markets.\",\"potentialAction\":[{\"@type\":\"SearchAction\",\"target\":{\"@type\":\"EntryPoint\",\"urlTemplate\":\"https:\/\/oceansignal.com\/fr\/?s={search_term_string}\"},\"query-input\":{\"@type\":\"PropertyValueSpecification\",\"valueRequired\":true,\"valueName\":\"search_term_string\"}}],\"inLanguage\":\"fr-FR\"}]}<\/script>\n<!-- \/ Yoast SEO Premium plugin. -->","yoast_head_json":{"title":"rescueME EPIRB3 - Ocean Signal","description":"Restez en s\u00e9curit\u00e9 en mer avec la balise EPIRB3 rescueME\u00a0: cette balise de localisation des sinistres ( EPIRB est d\u00e9sormais dot\u00e9e de l'AIS et est homologu\u00e9e SMDSM pour les plaisanciers. Achetez-la d\u00e8s maintenant\u00a0!","robots":{"index":"index","follow":"follow","max-snippet":"max-snippet:-1","max-image-preview":"max-image-preview:large","max-video-preview":"max-video-preview:-1"},"canonical":"https:\/\/oceansignal.com\/fr\/products\/rescueme-epirb3\/","og_locale":"fr_FR","og_type":"article","og_title":"rescueME EPIRB3","og_description":"Restez en s\u00e9curit\u00e9 en mer avec la balise EPIRB3 rescueME\u00a0: cette balise de localisation des sinistres ( EPIRB est d\u00e9sormais dot\u00e9e de l'AIS et est homologu\u00e9e SMDSM pour les plaisanciers. Achetez-la d\u00e8s maintenant\u00a0!","og_url":"https:\/\/oceansignal.com\/fr\/products\/rescueme-epirb3\/","og_site_name":"Ocean Signal","article_modified_time":"2026-03-25T10:11:03+00:00","og_image":[{"width":800,"height":800,"url":"https:\/\/oceansignal.com\/wp-content\/uploads\/2023\/03\/EPIRB3-Front.png","type":"image\/png"}],"twitter_card":"summary_large_image","twitter_misc":{"Dur\u00e9e de lecture estim\u00e9e":"7 minutes"},"schema":{"@context":"https:\/\/schema.org","@graph":[{"@type":"WebPage","@id":"https:\/\/oceansignal.com\/fr\/products\/rescueme-epirb3\/","url":"https:\/\/oceansignal.com\/fr\/products\/rescueme-epirb3\/","name":"rescueME EPIRB3 - Ocean Signal","isPartOf":{"@id":"https:\/\/oceansignal.com\/fr\/#website"},"primaryImageOfPage":{"@id":"https:\/\/oceansignal.com\/fr\/products\/rescueme-epirb3\/#primaryimage"},"image":{"@id":"https:\/\/oceansignal.com\/fr\/products\/rescueme-epirb3\/#primaryimage"},"thumbnailUrl":"https:\/\/oceansignal.com\/wp-content\/uploads\/2023\/03\/EPIRB3-Front.png","datePublished":"2023-03-27T07:28:36+00:00","dateModified":"2026-03-25T10:11:03+00:00","description":"Restez en s\u00e9curit\u00e9 en mer avec la balise EPIRB3 rescueME\u00a0: cette balise de localisation des sinistres ( EPIRB est d\u00e9sormais dot\u00e9e de l'AIS et est homologu\u00e9e SMDSM pour les plaisanciers. Achetez-la d\u00e8s maintenant\u00a0!","breadcrumb":{"@id":"https:\/\/oceansignal.com\/fr\/products\/rescueme-epirb3\/#breadcrumb"},"inLanguage":"fr-FR","potentialAction":[{"@type":"ReadAction","target":["https:\/\/oceansignal.com\/fr\/products\/rescueme-epirb3\/"]}]},{"@type":"ImageObject","inLanguage":"fr-FR","@id":"https:\/\/oceansignal.com\/fr\/products\/rescueme-epirb3\/#primaryimage","url":"https:\/\/oceansignal.com\/wp-content\/uploads\/2023\/03\/EPIRB3-Front.png","contentUrl":"https:\/\/oceansignal.com\/wp-content\/uploads\/2023\/03\/EPIRB3-Front.png","width":800,"height":800},{"@type":"BreadcrumbList","@id":"https:\/\/oceansignal.com\/fr\/products\/rescueme-epirb3\/#breadcrumb","itemListElement":[{"@type":"ListItem","position":1,"name":"Produits","item":"https:\/\/oceansignal.com\/fr\/produits\/"},{"@type":"ListItem","position":2,"name":"rescueME EPIRB3"}]},{"@type":"WebSite","@id":"https:\/\/oceansignal.com\/fr\/#website","url":"https:\/\/oceansignal.com\/fr\/","name":"Ocean Signal","description":"A leading manufacturer of EPIRBs, AIS, SARTs, Personal Locator Beacons, Man Overboard Beacon for the Marine and Outdoor Markets.","potentialAction":[{"@type":"SearchAction","target":{"@type":"EntryPoint","urlTemplate":"https:\/\/oceansignal.com\/fr\/?s={search_term_string}"},"query-input":{"@type":"PropertyValueSpecification","valueRequired":true,"valueName":"search_term_string"}}],"inLanguage":"fr-FR"}]}},"_links":{"self":[{"href":"https:\/\/oceansignal.com\/fr\/wp-json\/wp\/v2\/product\/7817","targetHints":{"allow":["GET"]}}],"collection":[{"href":"https:\/\/oceansignal.com\/fr\/wp-json\/wp\/v2\/product"}],"about":[{"href":"https:\/\/oceansignal.com\/fr\/wp-json\/wp\/v2\/types\/product"}],"wp:featuredmedia":[{"embeddable":true,"href":"https:\/\/oceansignal.com\/fr\/wp-json\/wp\/v2\/media\/12418"}],"wp:attachment":[{"href":"https:\/\/oceansignal.com\/fr\/wp-json\/wp\/v2\/media?parent=7817"}],"wp:term":[{"taxonomy":"product_brand","embeddable":true,"href":"https:\/\/oceansignal.com\/fr\/wp-json\/wp\/v2\/product_brand?post=7817"},{"taxonomy":"product_cat","embeddable":true,"href":"https:\/\/oceansignal.com\/fr\/wp-json\/wp\/v2\/product_cat?post=7817"},{"taxonomy":"product_tag","embeddable":true,"href":"https:\/\/oceansignal.com\/fr\/wp-json\/wp\/v2\/product_tag?post=7817"}],"curies":[{"name":"wp","href":"https:\/\/api.w.org\/{rel}","templated":true}]}}