{"id":7830,"date":"2023-09-07T12:56:56","date_gmt":"2023-09-07T12:56:56","guid":{"rendered":"https:\/\/oceansignal.com\/products\/rescueme-epirb2-pro\/"},"modified":"2026-01-21T19:53:57","modified_gmt":"2026-01-21T19:53:57","slug":"rescueme-epirb2-pro","status":"publish","type":"product","link":"https:\/\/oceansignal.com\/fr\/products\/rescueme-epirb2-pro\/","title":{"rendered":"rescueME EPIRB2 Pro"},"content":{"rendered":"<p>R\u00e9sum\u00e9:<\/p>\n<p>Gr\u00e2ce \u00e0 l&rsquo;introduction des technologies Return Link Service (RLS) et Near Field Communication (NFC), l&rsquo; EPIRB2 Pro offre des avantages significatifs par rapport \u00e0 ses pr\u00e9d\u00e9cesseurs. Le RLS rassure ceux qui activent la balise en confirmant la r\u00e9ception de leur message de d\u00e9tresse, et la technologie NFC permet d&rsquo;utiliser une application pour smartphone afin de surveiller la batterie de EPIRB et d&rsquo;autres fonctions, garantissant ainsi son bon fonctionnement. <\/p>\n<p>Les nouvelles fonctionnalit\u00e9s innovantes de l&rsquo; EPIRB2 Pro et le support de flotteur \u00e0 d\u00e9gagement automatique inclus en font un excellent choix pour une grande vari\u00e9t\u00e9 d&rsquo;applications marines sp\u00e9cifiques aux navires de plaisance et commerciaux.<\/p>\n<p>Description:<\/p>\n<p>Pour d\u00e9velopper l&rsquo; EPIRB2 Pro , Ocean Signal s&rsquo;est appuy\u00e9 sur sa vaste exp\u00e9rience en conception et production d&rsquo;EPIRB RLS haute qualit\u00e9 et riches en fonctionnalit\u00e9s, dans un format compact et pratique. Gr\u00e2ce \u00e0 plusieurs niveaux de technologie de signalisation int\u00e9gr\u00e9e, dont la fr\u00e9quence 406 MHz, le positionnement GNSS (GPS, Galileo, Glonass) et un signal de radioguidage 121,5 MHz, l&rsquo; EPIRB2 Pro guide sans effort les \u00e9quipes de recherche et de sauvetage vers votre position. L&rsquo;ajout de la technologie Return Link Service (RLS) et de la communication en champ proche compl\u00e8te l&rsquo;ensemble impressionnant de fonctionnalit\u00e9s de l&rsquo; EPIRB2 Pro .  <\/p>\n<p>&nbsp;<\/p>\n<p><strong>Connectivit\u00e9 des smartphones gr\u00e2ce \u00e0 la communication en champ proche<\/strong><\/p>\n<p>&nbsp;<\/p>\n<p>L&rsquo;int\u00e9gration de la technologie NFC permet aux utilisateurs d&rsquo;acc\u00e9der facilement aux donn\u00e9es de la balise depuis leur t\u00e9l\u00e9phone mobile. Le simple fait de placer un t\u00e9l\u00e9phone \u00e0 proximit\u00e9 de la balise ouvre automatiquement l&rsquo;application Ocean Signal Product et donne acc\u00e8s \u00e0 une multitude de donn\u00e9es d&rsquo;utilisation, notamment l&rsquo;autonomie actuelle de la batterie, le nombre d&rsquo;auto-tests effectu\u00e9s, le nombre de tests GNSS effectu\u00e9s et, le cas \u00e9ch\u00e9ant, la dur\u00e9e d&rsquo;activation de la balise. <\/p>\n<p>&nbsp;<\/p>\n<p>Des informations d\u00e9taill\u00e9es sur chaque auto-test et test GNSS effectu\u00e9 par la balise sont \u00e9galement disponibles. Les informations accessibles pour chaque test GNSS r\u00e9ussi comprennent l&rsquo;acc\u00e8s \u00e0 une carte indiquant exactement o\u00f9 le test a \u00e9t\u00e9 effectu\u00e9, la date et l&rsquo;heure du test, le temps qu&rsquo;il a fallu \u00e0 la balise pour obtenir une coordonn\u00e9e GNSS, le nombre de satellites utilis\u00e9s par la balise pour obtenir cette correction et la pr\u00e9cision de la localisation. <\/p>\n<p>&nbsp;<\/p>\n<p><strong>Couverture mondiale via le r\u00e9seau de satellites Cospas-Sarsat<\/strong><\/p>\n<p>&nbsp;<\/p>\n<p>Tirant parti de la port\u00e9e mondiale du <a href=\"https:\/\/www.cospas-sarsat.int\/en\/\">r\u00e9seau de satellites Cospas-Sarsat<\/a> , l&rsquo;EPIRB2 Pro peut \u00eatre activ\u00e9e n&rsquo;importe o\u00f9, n&rsquo;importe quand, et transmettra votre message de d\u00e9tresse de 406 MHz. La transmission de d\u00e9tresse comprend les coordonn\u00e9es de la balise, d\u00e9riv\u00e9es du r\u00e9cepteur GNSS int\u00e9gr\u00e9 de l&rsquo;EPIRB, et pr\u00e9cises \u00e0 100 m\u00e8tres pr\u00e8s.<\/p>\n<p>&nbsp;<\/p>\n<p>Les balises EPIRB RLS rassurent les utilisateurs en envoyant un signal de retour via le r\u00e9seau de satellites <a href=\"https:\/\/www.euspa.europa.eu\/european-space\/galileo\/services\/search-and-rescue-sar-galileo-service\">Galileo<\/a> directement \u00e0 la balise pour confirmer que le message de d\u00e9tresse a \u00e9t\u00e9 re\u00e7u et que la position de la balise a \u00e9t\u00e9 d\u00e9tect\u00e9e. La confirmation de l&rsquo;utilisateur est clairement indiqu\u00e9e par un voyant bleu clignotant.<\/p>\n<p>&nbsp;<\/p>\n<p><strong>Service de liaison de retour (RLS)<\/strong><\/p>\n<p><strong> <\/strong><\/p>\n<p>Le stress inh\u00e9rent \u00e0 une situation d&rsquo;urgence maritime est un sympt\u00f4me difficile auquel tous les plaisanciers doivent malheureusement faire face lorsqu&rsquo;ils se trouvent en situation de d\u00e9tresse. Heureusement, l&rsquo;int\u00e9gration de la fonction RLS dans l&rsquo; EPIRB2 Pro permet de minimiser ce stress dans de telles situations. Les EPIRB RLS fournissent une confirmation directe \u00e0 la balise, indiquant \u00e0 l&rsquo;utilisateur que son message de d\u00e9tresse a \u00e9t\u00e9 re\u00e7u et que sa position a \u00e9t\u00e9 d\u00e9tect\u00e9e. L&rsquo;indication de la fonctionnalit\u00e9 RLS est repr\u00e9sent\u00e9e par un voyant bleu distinctif, permettant aux utilisateurs de savoir facilement quand la confirmation RLS a \u00e9t\u00e9 re\u00e7ue.   <\/p>\n<p>&nbsp;<\/p>\n<p><strong>Support de montage<\/strong><\/p>\n<p>&nbsp;<\/p>\n<p>L&rsquo; EPIRB2 Pro est livr\u00e9e avec un support de fixation \u00e0 d\u00e9gagement automatique de cat\u00e9gorie 1. Ce support maintient l&rsquo; EPIRB2 Pro en toute s\u00e9curit\u00e9 pendant toute la dur\u00e9e de votre exp\u00e9dition, quelles que soient les conditions. Il offre \u00e9galement de meilleures chances de d\u00e9ploiement en cas de d\u00e9tresse, lorsqu&rsquo;il est difficile pour un membre d&rsquo;\u00e9quipage d&rsquo;atteindre l&rsquo; EPIRB .  <\/p>\n<p>&nbsp;<\/p>\n<p>Ocean Signal est fier de proposer continuellement de nouvelles fonctionnalit\u00e9s innovantes, telles que RLS et NFC, et poursuit son objectif de proposer des produits de s\u00e9curit\u00e9 innovants et de la plus haute qualit\u00e9. Quelle que soit la raison de votre prochain voyage ou votre destination, assurez votre s\u00e9curit\u00e9 avec l&rsquo; EPIRB2 Pro . <\/p>\n<p>Besoin d&rsquo;une EPIRB AIS&nbsp;? D\u00e9couvrez la nouvelle <a href=\"https:\/\/oceansignal.com\/products\/safesea-epirb3-pro\/\">EPIRB3<\/a> <\/p>\n<p><strong>Fonctionnalit\u00e9s:<\/strong><\/p>\n<p>&nbsp;<\/p>\n<ul>\n<li>30 % (typ) plus petit<\/li>\n<li>Service de liaison de retour (RLS)<\/li>\n<li>Connectivit\u00e9 mobile \u00e0 l\u2019aide de la communication en champ proche (NFC)<\/li>\n<li>Application gratuite (Apple et Android)<\/li>\n<li>Autonomie de la batterie de 10 ans<\/li>\n<li>48+ heures d\u2019autonomie<\/li>\n<li>Garantie de 2 ans (la garantie peut \u00eatre \u00e9tendue \u00e0 5 ans via l&rsquo;enregistrement du produit aupr\u00e8s d&rsquo; Ocean Signal )<\/li>\n<li>Positionnement rapide et pr\u00e9cis avec GPS \u00e0 72 canaux<\/li>\n<li>Antenne r\u00e9tractable<\/li>\n<li>Support flottant \u00e0 d\u00e9gagement automatique de cat\u00e9gorie I<\/li>\n<li>Longe s\u00e9curis\u00e9e<\/li>\n<\/ul>\n","protected":false},"excerpt":{"rendered":"<p>L&rsquo; EPIRB la plus compacte au monde, avec RLS et NFC (avec support flottant Cat 1)<\/p>\n<ul>\n<li>30 % (typ) plus petit<\/li>\n<li>Comprend un support flottant \u00e0 d\u00e9gagement automatique de cat\u00e9gorie I<\/li>\n<li>Longe s\u00e9curis\u00e9e<\/li>\n<li>Service de liaison de retour (RLS)<\/li>\n<li>Connectivit\u00e9 mobile \u00e0 l\u2019aide de la communication en champ proche (NFC)<\/li>\n<li>Application gratuite (Apple et Android)<\/li>\n<li>Autonomie de la batterie de 10 ans<\/li>\n<li>48+ heures de dur\u00e9e de vie op\u00e9rationnelle<\/li>\n<li>Garantie de 2 ans (la garantie peut \u00eatre \u00e9tendue \u00e0 5 ans via l&rsquo;enregistrement du produit aupr\u00e8s d&rsquo; Ocean Signal ) \u2020<\/li>\n<li>Positionnement rapide et pr\u00e9cis avec GPS \u00e0 72 canaux<\/li>\n<li>Antenne r\u00e9tractable<\/li>\n<li>Support \u00e0 d\u00e9gagement rapide<\/li>\n<\/ul>\n<p><a href=\"https:\/\/www.dropbox.com\/s\/8343nj28z0d7bxa\/Prop%2065%20-%20BPA.pdf?dl=0\" data-cke-saved-href=\"https:\/\/www.dropbox.com\/s\/8343nj28z0d7bxa\/Prop%2065%20-%20BPA.pdf?dl=0\">AVERTISSEMENT : PROP 65<\/a><\/p>\n","protected":false},"featured_media":12470,"template":"","meta":{"_acf_changed":false,"om_disable_all_campaigns":false},"product_brand":[],"product_cat":[755,471],"product_tag":[756,1035,757,758],"class_list":{"0":"post-7830","1":"product","2":"type-product","3":"status-publish","4":"has-post-thumbnail","6":"product_cat-epirb-fr","7":"product_cat-rescueme-fr","8":"product_tag-epirb-fr","9":"product_tag-epirb2-pro-fr","10":"product_tag-nfc-fr","11":"product_tag-syndrome-des-jambes-sans-repos","13":"first","14":"outofstock","15":"taxable","16":"shipping-taxable","17":"purchasable","18":"product-type-simple"},"acf":[],"yoast_head":"<!-- This site is optimized with the Yoast SEO Premium plugin v25.2 (Yoast SEO v26.4) - https:\/\/yoast.com\/wordpress\/plugins\/seo\/ -->\n<title>rescueME EPIRB2 Pro - Ocean Signal<\/title>\n<meta name=\"description\" content=\"RLS Ocean Signal rescueME EPIRB2 avec service de liaison retour\u00a0: signal de d\u00e9tresse rapide pour la s\u00e9curit\u00e9 maritime. Ne naviguez pas sans RLS EPIRB .\" \/>\n<meta name=\"robots\" content=\"index, follow, max-snippet:-1, max-image-preview:large, max-video-preview:-1\" \/>\n<link rel=\"canonical\" href=\"https:\/\/oceansignal.com\/fr\/products\/rescueme-epirb2-pro\/\" \/>\n<meta property=\"og:locale\" content=\"fr_FR\" \/>\n<meta property=\"og:type\" content=\"article\" \/>\n<meta property=\"og:title\" content=\"rescueME EPIRB2 Pro\" \/>\n<meta property=\"og:description\" content=\"RLS Ocean Signal rescueME EPIRB2 avec service de liaison retour\u00a0: signal de d\u00e9tresse rapide pour la s\u00e9curit\u00e9 maritime. Ne naviguez pas sans RLS EPIRB .\" \/>\n<meta property=\"og:url\" content=\"https:\/\/oceansignal.com\/fr\/products\/rescueme-epirb2-pro\/\" \/>\n<meta property=\"og:site_name\" content=\"Ocean Signal\" \/>\n<meta property=\"article:modified_time\" content=\"2026-01-21T19:53:57+00:00\" \/>\n<meta property=\"og:image\" content=\"https:\/\/oceansignal.com\/wp-content\/uploads\/2023\/09\/Ocean-Signal-EPIRB2-Pro-Front.png\" \/>\n\t<meta property=\"og:image:width\" content=\"800\" \/>\n\t<meta property=\"og:image:height\" content=\"800\" \/>\n\t<meta property=\"og:image:type\" content=\"image\/png\" \/>\n<meta name=\"twitter:card\" content=\"summary_large_image\" \/>\n<meta name=\"twitter:label1\" content=\"Dur\u00e9e de lecture estim\u00e9e\" \/>\n\t<meta name=\"twitter:data1\" content=\"4 minutes\" \/>\n<script type=\"application\/ld+json\" class=\"yoast-schema-graph\">{\"@context\":\"https:\/\/schema.org\",\"@graph\":[{\"@type\":\"WebPage\",\"@id\":\"https:\/\/oceansignal.com\/fr\/products\/rescueme-epirb2-pro\/\",\"url\":\"https:\/\/oceansignal.com\/fr\/products\/rescueme-epirb2-pro\/\",\"name\":\"rescueME EPIRB2 Pro - Ocean Signal\",\"isPartOf\":{\"@id\":\"https:\/\/oceansignal.com\/fr\/#website\"},\"primaryImageOfPage\":{\"@id\":\"https:\/\/oceansignal.com\/fr\/products\/rescueme-epirb2-pro\/#primaryimage\"},\"image\":{\"@id\":\"https:\/\/oceansignal.com\/fr\/products\/rescueme-epirb2-pro\/#primaryimage\"},\"thumbnailUrl\":\"https:\/\/oceansignal.com\/wp-content\/uploads\/2023\/09\/Ocean-Signal-EPIRB2-Pro-Front.png\",\"datePublished\":\"2023-09-07T12:56:56+00:00\",\"dateModified\":\"2026-01-21T19:53:57+00:00\",\"description\":\"RLS Ocean Signal rescueME EPIRB2 avec service de liaison retour\u00a0: signal de d\u00e9tresse rapide pour la s\u00e9curit\u00e9 maritime. Ne naviguez pas sans RLS EPIRB .\",\"breadcrumb\":{\"@id\":\"https:\/\/oceansignal.com\/fr\/products\/rescueme-epirb2-pro\/#breadcrumb\"},\"inLanguage\":\"fr-FR\",\"potentialAction\":[{\"@type\":\"ReadAction\",\"target\":[\"https:\/\/oceansignal.com\/fr\/products\/rescueme-epirb2-pro\/\"]}]},{\"@type\":\"ImageObject\",\"inLanguage\":\"fr-FR\",\"@id\":\"https:\/\/oceansignal.com\/fr\/products\/rescueme-epirb2-pro\/#primaryimage\",\"url\":\"https:\/\/oceansignal.com\/wp-content\/uploads\/2023\/09\/Ocean-Signal-EPIRB2-Pro-Front.png\",\"contentUrl\":\"https:\/\/oceansignal.com\/wp-content\/uploads\/2023\/09\/Ocean-Signal-EPIRB2-Pro-Front.png\",\"width\":800,\"height\":800},{\"@type\":\"BreadcrumbList\",\"@id\":\"https:\/\/oceansignal.com\/fr\/products\/rescueme-epirb2-pro\/#breadcrumb\",\"itemListElement\":[{\"@type\":\"ListItem\",\"position\":1,\"name\":\"Produits\",\"item\":\"https:\/\/oceansignal.com\/fr\/produits\/\"},{\"@type\":\"ListItem\",\"position\":2,\"name\":\"rescueME EPIRB2 Pro\"}]},{\"@type\":\"WebSite\",\"@id\":\"https:\/\/oceansignal.com\/fr\/#website\",\"url\":\"https:\/\/oceansignal.com\/fr\/\",\"name\":\"Ocean Signal\",\"description\":\"A leading manufacturer of EPIRBs, AIS, SARTs, Personal Locator Beacons, Man Overboard Beacon for the Marine and Outdoor Markets.\",\"potentialAction\":[{\"@type\":\"SearchAction\",\"target\":{\"@type\":\"EntryPoint\",\"urlTemplate\":\"https:\/\/oceansignal.com\/fr\/?s={search_term_string}\"},\"query-input\":{\"@type\":\"PropertyValueSpecification\",\"valueRequired\":true,\"valueName\":\"search_term_string\"}}],\"inLanguage\":\"fr-FR\"}]}<\/script>\n<!-- \/ Yoast SEO Premium plugin. -->","yoast_head_json":{"title":"rescueME EPIRB2 Pro - Ocean Signal","description":"RLS Ocean Signal rescueME EPIRB2 avec service de liaison retour\u00a0: signal de d\u00e9tresse rapide pour la s\u00e9curit\u00e9 maritime. Ne naviguez pas sans RLS EPIRB .","robots":{"index":"index","follow":"follow","max-snippet":"max-snippet:-1","max-image-preview":"max-image-preview:large","max-video-preview":"max-video-preview:-1"},"canonical":"https:\/\/oceansignal.com\/fr\/products\/rescueme-epirb2-pro\/","og_locale":"fr_FR","og_type":"article","og_title":"rescueME EPIRB2 Pro","og_description":"RLS Ocean Signal rescueME EPIRB2 avec service de liaison retour\u00a0: signal de d\u00e9tresse rapide pour la s\u00e9curit\u00e9 maritime. Ne naviguez pas sans RLS EPIRB .","og_url":"https:\/\/oceansignal.com\/fr\/products\/rescueme-epirb2-pro\/","og_site_name":"Ocean Signal","article_modified_time":"2026-01-21T19:53:57+00:00","og_image":[{"width":800,"height":800,"url":"https:\/\/oceansignal.com\/wp-content\/uploads\/2023\/09\/Ocean-Signal-EPIRB2-Pro-Front.png","type":"image\/png"}],"twitter_card":"summary_large_image","twitter_misc":{"Dur\u00e9e de lecture estim\u00e9e":"4 minutes"},"schema":{"@context":"https:\/\/schema.org","@graph":[{"@type":"WebPage","@id":"https:\/\/oceansignal.com\/fr\/products\/rescueme-epirb2-pro\/","url":"https:\/\/oceansignal.com\/fr\/products\/rescueme-epirb2-pro\/","name":"rescueME EPIRB2 Pro - Ocean Signal","isPartOf":{"@id":"https:\/\/oceansignal.com\/fr\/#website"},"primaryImageOfPage":{"@id":"https:\/\/oceansignal.com\/fr\/products\/rescueme-epirb2-pro\/#primaryimage"},"image":{"@id":"https:\/\/oceansignal.com\/fr\/products\/rescueme-epirb2-pro\/#primaryimage"},"thumbnailUrl":"https:\/\/oceansignal.com\/wp-content\/uploads\/2023\/09\/Ocean-Signal-EPIRB2-Pro-Front.png","datePublished":"2023-09-07T12:56:56+00:00","dateModified":"2026-01-21T19:53:57+00:00","description":"RLS Ocean Signal rescueME EPIRB2 avec service de liaison retour\u00a0: signal de d\u00e9tresse rapide pour la s\u00e9curit\u00e9 maritime. Ne naviguez pas sans RLS EPIRB .","breadcrumb":{"@id":"https:\/\/oceansignal.com\/fr\/products\/rescueme-epirb2-pro\/#breadcrumb"},"inLanguage":"fr-FR","potentialAction":[{"@type":"ReadAction","target":["https:\/\/oceansignal.com\/fr\/products\/rescueme-epirb2-pro\/"]}]},{"@type":"ImageObject","inLanguage":"fr-FR","@id":"https:\/\/oceansignal.com\/fr\/products\/rescueme-epirb2-pro\/#primaryimage","url":"https:\/\/oceansignal.com\/wp-content\/uploads\/2023\/09\/Ocean-Signal-EPIRB2-Pro-Front.png","contentUrl":"https:\/\/oceansignal.com\/wp-content\/uploads\/2023\/09\/Ocean-Signal-EPIRB2-Pro-Front.png","width":800,"height":800},{"@type":"BreadcrumbList","@id":"https:\/\/oceansignal.com\/fr\/products\/rescueme-epirb2-pro\/#breadcrumb","itemListElement":[{"@type":"ListItem","position":1,"name":"Produits","item":"https:\/\/oceansignal.com\/fr\/produits\/"},{"@type":"ListItem","position":2,"name":"rescueME EPIRB2 Pro"}]},{"@type":"WebSite","@id":"https:\/\/oceansignal.com\/fr\/#website","url":"https:\/\/oceansignal.com\/fr\/","name":"Ocean Signal","description":"A leading manufacturer of EPIRBs, AIS, SARTs, Personal Locator Beacons, Man Overboard Beacon for the Marine and Outdoor Markets.","potentialAction":[{"@type":"SearchAction","target":{"@type":"EntryPoint","urlTemplate":"https:\/\/oceansignal.com\/fr\/?s={search_term_string}"},"query-input":{"@type":"PropertyValueSpecification","valueRequired":true,"valueName":"search_term_string"}}],"inLanguage":"fr-FR"}]}},"_links":{"self":[{"href":"https:\/\/oceansignal.com\/fr\/wp-json\/wp\/v2\/product\/7830","targetHints":{"allow":["GET"]}}],"collection":[{"href":"https:\/\/oceansignal.com\/fr\/wp-json\/wp\/v2\/product"}],"about":[{"href":"https:\/\/oceansignal.com\/fr\/wp-json\/wp\/v2\/types\/product"}],"wp:featuredmedia":[{"embeddable":true,"href":"https:\/\/oceansignal.com\/fr\/wp-json\/wp\/v2\/media\/12470"}],"wp:attachment":[{"href":"https:\/\/oceansignal.com\/fr\/wp-json\/wp\/v2\/media?parent=7830"}],"wp:term":[{"taxonomy":"product_brand","embeddable":true,"href":"https:\/\/oceansignal.com\/fr\/wp-json\/wp\/v2\/product_brand?post=7830"},{"taxonomy":"product_cat","embeddable":true,"href":"https:\/\/oceansignal.com\/fr\/wp-json\/wp\/v2\/product_cat?post=7830"},{"taxonomy":"product_tag","embeddable":true,"href":"https:\/\/oceansignal.com\/fr\/wp-json\/wp\/v2\/product_tag?post=7830"}],"curies":[{"name":"wp","href":"https:\/\/api.w.org\/{rel}","templated":true}]}}