{"id":7842,"date":"2023-09-07T12:44:22","date_gmt":"2023-09-07T12:44:22","guid":{"rendered":"https:\/\/oceansignal.com\/products\/rescueme-epirb2\/"},"modified":"2026-01-21T19:54:06","modified_gmt":"2026-01-21T19:54:06","slug":"rescueme-epirb2","status":"publish","type":"product","link":"https:\/\/oceansignal.com\/fr\/products\/rescueme-epirb2\/","title":{"rendered":"rescueME EPIRB2"},"content":{"rendered":"<p>Gr\u00e2ce \u00e0 l&rsquo;introduction des technologies Return Link Service (RLS) et Near Field Communication (NFC), l&rsquo; EPIRB2 offre des avantages significatifs par rapport \u00e0 ses pr\u00e9d\u00e9cesseurs. Les EPIRB Return Link Service rassurent ceux qui activent la balise en confirmant la r\u00e9ception de leur message de d\u00e9tresse. La technologie NFC permet, via une application smartphone, de surveiller la batterie et d&rsquo;autres fonctions de l&rsquo; EPIRB et de s&rsquo;assurer de son bon fonctionnement. Ses nouvelles fonctionnalit\u00e9s EPIRB2 en font un excellent choix pour une grande vari\u00e9t\u00e9 d&rsquo;applications marines, tant pour les navires de plaisance que pour les navires commerciaux.  <\/p>\n<p><iframe loading=\"lazy\" title=\"EPIRB3 and EPIRB2  | Activation\" width=\"500\" height=\"281\" src=\"https:\/\/www.youtube.com\/embed\/P5KBMhmPYjQ?feature=oembed\" frameborder=\"0\" allow=\"accelerometer; autoplay; clipboard-write; encrypted-media; gyroscope; picture-in-picture; web-share\" referrerpolicy=\"strict-origin-when-cross-origin\" allowfullscreen><\/iframe><\/p>\n<p>Description:<\/p>\n<p>Pour d\u00e9velopper l&rsquo; <a href=\"https:\/\/oceansignal.com\/fr\/news\/ocean-signal-lance-la-nouvelle-serie-epirb2\/\">EPIRB2<\/a> , Ocean Signal s&rsquo;est appuy\u00e9 sur sa vaste exp\u00e9rience dans la conception et la production de balises EPIRB de service de liaison de retour de haute qualit\u00e9 et riches en fonctionnalit\u00e9s, utilisant un format compact et pratique. Utilisant plusieurs niveaux de technologie de signalisation int\u00e9gr\u00e9e, notamment le positionnement GNSS (GPS, Galileo, Glonass) \u00e0 406 MHz et un signal de localisation \u00e0 121,5 MHz, l&rsquo;EPIRB2 guide sans effort les forces de recherche et de sauvetage jusqu&rsquo;\u00e0 votre position. L&rsquo;ajout de la technologie Return Link Service (RLS) et de la capacit\u00e9 de communication en champ proche compl\u00e8te l&rsquo;ensemble impressionnant de fonctionnalit\u00e9s de l&rsquo;EPIRB2.<\/p>\n<p>&nbsp;<\/p>\n<p><strong>Connectivit\u00e9 des smartphones utilisant la communication en champ proche (NFC)<\/strong><\/p>\n<p>&nbsp;<\/p>\n<p>L&rsquo;int\u00e9gration de <a href=\"https:\/\/www.youtube.com\/watch?v=MRXLii6r3n4&amp;t=42s\">la technologie NFC<\/a> offre aux utilisateurs la possibilit\u00e9 d&rsquo;acc\u00e9der facilement aux donn\u00e9es des balises depuis leurs t\u00e9l\u00e9phones mobiles. Le simple fait de placer un t\u00e9l\u00e9phone pr\u00e8s de la balise ouvre automatiquement l&rsquo;application Ocean Signal Product et donne acc\u00e8s \u00e0 une multitude de donn\u00e9es d&rsquo;utilisation, notamment l&rsquo;autonomie actuelle de la batterie, le nombre d&rsquo;autotests effectu\u00e9s, le nombre de tests GNSS effectu\u00e9s et, le cas \u00e9ch\u00e9ant, la dur\u00e9e d&rsquo;activation de la balise.<\/p>\n<p>&nbsp;<\/p>\n<p>Des informations d\u00e9taill\u00e9es sur chaque auto-test et test GNSS effectu\u00e9 par la balise sont \u00e9galement disponibles. Les informations accessibles pour chaque test GNSS r\u00e9ussi comprennent l&rsquo;acc\u00e8s \u00e0 une carte indiquant exactement o\u00f9 le test a \u00e9t\u00e9 effectu\u00e9, la date et l&rsquo;heure du test, le temps qu&rsquo;il a fallu \u00e0 la balise pour obtenir une coordonn\u00e9e GNSS, le nombre de satellites utilis\u00e9s par la balise pour obtenir cette correction et la pr\u00e9cision de la localisation. <\/p>\n<p>&nbsp;<\/p>\n<p><strong>Couverture mondiale via le r\u00e9seau de satellites Cospas-Sarsat<\/strong><\/p>\n<p>&nbsp;<\/p>\n<p>Tirant parti de la port\u00e9e mondiale du <a href=\"https:\/\/www.cospas-sarsat.int\/en\/\">r\u00e9seau de satellites Cospas-Sarsat<\/a> , l&rsquo;EPIRB2 peut \u00eatre activ\u00e9e n&rsquo;importe o\u00f9, n&rsquo;importe quand, et transmettra votre message de d\u00e9tresse de 406 MHz. La transmission de d\u00e9tresse comprend les coordonn\u00e9es de la balise, d\u00e9riv\u00e9es du r\u00e9cepteur GNSS int\u00e9gr\u00e9 de l&rsquo;EPIRB, et pr\u00e9cises \u00e0 100 m\u00e8tres pr\u00e8s.<\/p>\n<p>&nbsp;<\/p>\n<p>Le syst\u00e8me RLS rassure les utilisateurs en envoyant un signal de retour via le r\u00e9seau de satellites <a href=\"https:\/\/www.euspa.europa.eu\/european-space\/galileo\/services\/search-and-rescue-sar-galileo-service\">Galileo<\/a> directement \u00e0 la balise pour confirmer que le message de d\u00e9tresse a \u00e9t\u00e9 re\u00e7u et que la position de la balise a \u00e9t\u00e9 d\u00e9tect\u00e9e. La confirmation de l&rsquo;utilisateur est clairement indiqu\u00e9e par un voyant bleu clignotant.<\/p>\n<p>&nbsp;<\/p>\n<p><strong>Service de liaison de retour (RLS)<\/strong><\/p>\n<p><strong> <\/strong><\/p>\n<p>Le stress inh\u00e9rent \u00e0 une situation d&rsquo;urgence maritime est un sympt\u00f4me difficile auquel tous les plaisanciers doivent malheureusement faire face en cas de d\u00e9tresse. Heureusement, l&rsquo;int\u00e9gration de la fonction RLS dans les EPIRB2 permet de minimiser ce stress dans de telles situations. Les EPIRB \u00e0 service de liaison retour (Return Link Service) fournissent une confirmation directe \u00e0 la balise, indiquant \u00e0 l&rsquo;utilisateur que son message de d\u00e9tresse a \u00e9t\u00e9 re\u00e7u et que sa position a \u00e9t\u00e9 d\u00e9tect\u00e9e. L&rsquo;indication de la fonctionnalit\u00e9 RLS est repr\u00e9sent\u00e9e par un voyant bleu distinctif, permettant aux utilisateurs de savoir facilement quand la confirmation RLS a \u00e9t\u00e9 re\u00e7ue.   <\/p>\n<p>&nbsp;<\/p>\n<p>Ocean Signal est fier de proposer continuellement de nouvelles fonctionnalit\u00e9s innovantes telles que RLS et NFC, poursuivant ainsi son objectif de proposer des produits de s\u00e9curit\u00e9 innovants et de la plus haute qualit\u00e9. Quelle que soit la raison de votre prochain voyage ou votre destination, assurez votre s\u00e9curit\u00e9 gr\u00e2ce \u00e0 l&rsquo; EPIRB2 . <\/p>\n<p>&nbsp;<\/p>\n<p><strong>Fonctionnalit\u00e9s:<\/strong><\/p>\n<p>&nbsp;<\/p>\n<ul>\n<li>30 % (typ) plus petit<\/li>\n<li>Service de liaison de retour (RLS)<\/li>\n<li>Connectivit\u00e9 mobile \u00e0 l\u2019aide de la communication en champ proche (NFC)<\/li>\n<li>Application gratuite (Apple et Android)<\/li>\n<li>Autonomie de la batterie de 10 ans<\/li>\n<li>48+ heures de dur\u00e9e de vie op\u00e9rationnelle<\/li>\n<li>Garantie de 2 ans (la garantie peut \u00eatre \u00e9tendue \u00e0 5 ans via l&rsquo;enregistrement du produit aupr\u00e8s d&rsquo; Ocean Signal ) \u2020<\/li>\n<li>Positionnement rapide et pr\u00e9cis avec GPS \u00e0 72 canaux<\/li>\n<li>Antenne r\u00e9tractable<\/li>\n<li>Support \u00e0 d\u00e9gagement rapide<\/li>\n<li>Longe s\u00e9curis\u00e9e<\/li>\n<\/ul>\n<p>&nbsp;<\/p>\n<p>\u2020 Sous r\u00e9serve de la d\u00e9claration de garantie<\/p>\n","protected":false},"excerpt":{"rendered":"<p>L&rsquo; EPIRB la plus compacte au monde, d\u00e9sormais avec RLS et NFC<\/p>\n<ul>\n<li>Achat unique. Sans frais d&rsquo;abonnement. <\/li>\n<li>Service de liaison de retour (RLS)<\/li>\n<li>Connectivit\u00e9 mobile \u00e0 l\u2019aide de la communication en champ proche (NFC)<\/li>\n<li>Application gratuite (Apple et Android)<\/li>\n<li>Autonomie de la batterie de 10 ans<\/li>\n<li>48+ heures de dur\u00e9e de vie op\u00e9rationnelle<\/li>\n<li>Garantie de 2 ans (la garantie peut \u00eatre \u00e9tendue \u00e0 5 ans via l&rsquo;enregistrement du produit aupr\u00e8s d&rsquo; Ocean Signal ) \u2020<\/li>\n<li>Positionnement rapide et pr\u00e9cis avec GPS \u00e0 72 canaux<\/li>\n<li>Antenne r\u00e9tractable<\/li>\n<li>Support \u00e0 d\u00e9gagement rapide<\/li>\n<li>Longe s\u00e9curis\u00e9e<\/li>\n<\/ul>\n<p><a href=\"https:\/\/www.dropbox.com\/s\/8343nj28z0d7bxa\/Prop%2065%20-%20BPA.pdf?dl=0\" data-cke-saved-href=\"https:\/\/www.dropbox.com\/s\/8343nj28z0d7bxa\/Prop%2065%20-%20BPA.pdf?dl=0\">AVERTISSEMENT : PROP 65<\/a><\/p>\n","protected":false},"featured_media":20470,"template":"","meta":{"_acf_changed":false,"om_disable_all_campaigns":false},"product_brand":[],"product_cat":[755,471],"product_tag":[756,1025,757,1013,758],"class_list":{"0":"post-7842","1":"product","2":"type-product","3":"status-publish","4":"has-post-thumbnail","6":"product_cat-epirb-fr","7":"product_cat-rescueme-fr","8":"product_tag-epirb-fr","9":"product_tag-epirb2-fr","10":"product_tag-nfc-fr","11":"product_tag-radiobalise-de-localisation-des-sinistres","12":"product_tag-syndrome-des-jambes-sans-repos","14":"first","15":"instock","16":"taxable","17":"shipping-taxable","18":"purchasable","19":"product-type-simple"},"acf":[],"yoast_head":"<!-- This site is optimized with the Yoast SEO Premium plugin v25.2 (Yoast SEO v26.4) - https:\/\/yoast.com\/wordpress\/plugins\/seo\/ -->\n<title>rescueME EPIRB2 - Ocean Signal<\/title>\n<meta name=\"description\" content=\"Ocean Signal rescueME EPIRB2\u00a0: balise de d\u00e9tresse essentielle pour EPIRB s\u00e9curit\u00e9 maritime. Faites confiance \u00e0 une signalisation d&#039;urgence fiable. Achetez d\u00e8s maintenant pour une tranquillit\u00e9 d&#039;esprit\u00a0!\" \/>\n<meta name=\"robots\" content=\"index, follow, max-snippet:-1, max-image-preview:large, max-video-preview:-1\" \/>\n<link rel=\"canonical\" href=\"https:\/\/oceansignal.com\/fr\/products\/rescueme-epirb2\/\" \/>\n<meta property=\"og:locale\" content=\"fr_FR\" \/>\n<meta property=\"og:type\" content=\"article\" \/>\n<meta property=\"og:title\" content=\"rescueME EPIRB2\" \/>\n<meta property=\"og:description\" content=\"Ocean Signal rescueME EPIRB2\u00a0: balise de d\u00e9tresse essentielle pour EPIRB s\u00e9curit\u00e9 maritime. Faites confiance \u00e0 une signalisation d&#039;urgence fiable. Achetez d\u00e8s maintenant pour une tranquillit\u00e9 d&#039;esprit\u00a0!\" \/>\n<meta property=\"og:url\" content=\"https:\/\/oceansignal.com\/fr\/products\/rescueme-epirb2\/\" \/>\n<meta property=\"og:site_name\" content=\"Ocean Signal\" \/>\n<meta property=\"article:modified_time\" content=\"2026-01-21T19:54:06+00:00\" \/>\n<meta property=\"og:image\" content=\"https:\/\/oceansignal.com\/wp-content\/uploads\/2023\/09\/OSL-Phone-App-EPERB2-PRO-001-1.png\" \/>\n\t<meta property=\"og:image:width\" content=\"432\" \/>\n\t<meta property=\"og:image:height\" content=\"432\" \/>\n\t<meta property=\"og:image:type\" content=\"image\/png\" \/>\n<meta name=\"twitter:card\" content=\"summary_large_image\" \/>\n<meta name=\"twitter:label1\" content=\"Dur\u00e9e de lecture estim\u00e9e\" \/>\n\t<meta name=\"twitter:data1\" content=\"4 minutes\" \/>\n<script type=\"application\/ld+json\" class=\"yoast-schema-graph\">{\"@context\":\"https:\/\/schema.org\",\"@graph\":[{\"@type\":\"WebPage\",\"@id\":\"https:\/\/oceansignal.com\/fr\/products\/rescueme-epirb2\/\",\"url\":\"https:\/\/oceansignal.com\/fr\/products\/rescueme-epirb2\/\",\"name\":\"rescueME EPIRB2 - Ocean Signal\",\"isPartOf\":{\"@id\":\"https:\/\/oceansignal.com\/fr\/#website\"},\"primaryImageOfPage\":{\"@id\":\"https:\/\/oceansignal.com\/fr\/products\/rescueme-epirb2\/#primaryimage\"},\"image\":{\"@id\":\"https:\/\/oceansignal.com\/fr\/products\/rescueme-epirb2\/#primaryimage\"},\"thumbnailUrl\":\"https:\/\/oceansignal.com\/wp-content\/uploads\/2023\/09\/OSL-Phone-App-EPERB2-PRO-001-1.png\",\"datePublished\":\"2023-09-07T12:44:22+00:00\",\"dateModified\":\"2026-01-21T19:54:06+00:00\",\"description\":\"Ocean Signal rescueME EPIRB2\u00a0: balise de d\u00e9tresse essentielle pour EPIRB s\u00e9curit\u00e9 maritime. Faites confiance \u00e0 une signalisation d'urgence fiable. Achetez d\u00e8s maintenant pour une tranquillit\u00e9 d'esprit\u00a0!\",\"breadcrumb\":{\"@id\":\"https:\/\/oceansignal.com\/fr\/products\/rescueme-epirb2\/#breadcrumb\"},\"inLanguage\":\"fr-FR\",\"potentialAction\":[{\"@type\":\"ReadAction\",\"target\":[\"https:\/\/oceansignal.com\/fr\/products\/rescueme-epirb2\/\"]}]},{\"@type\":\"ImageObject\",\"inLanguage\":\"fr-FR\",\"@id\":\"https:\/\/oceansignal.com\/fr\/products\/rescueme-epirb2\/#primaryimage\",\"url\":\"https:\/\/oceansignal.com\/wp-content\/uploads\/2023\/09\/OSL-Phone-App-EPERB2-PRO-001-1.png\",\"contentUrl\":\"https:\/\/oceansignal.com\/wp-content\/uploads\/2023\/09\/OSL-Phone-App-EPERB2-PRO-001-1.png\",\"width\":432,\"height\":432,\"caption\":\"S\u00e9curisez vos aventures maritimes avec Ocean Signal SafeSea EPIRB3 Pro : balise de d\u00e9tresse fiable pour une intervention d'urgence rapide\"},{\"@type\":\"BreadcrumbList\",\"@id\":\"https:\/\/oceansignal.com\/fr\/products\/rescueme-epirb2\/#breadcrumb\",\"itemListElement\":[{\"@type\":\"ListItem\",\"position\":1,\"name\":\"Produits\",\"item\":\"https:\/\/oceansignal.com\/fr\/produits\/\"},{\"@type\":\"ListItem\",\"position\":2,\"name\":\"rescueME EPIRB2\"}]},{\"@type\":\"WebSite\",\"@id\":\"https:\/\/oceansignal.com\/fr\/#website\",\"url\":\"https:\/\/oceansignal.com\/fr\/\",\"name\":\"Ocean Signal\",\"description\":\"A leading manufacturer of EPIRBs, AIS, SARTs, Personal Locator Beacons, Man Overboard Beacon for the Marine and Outdoor Markets.\",\"potentialAction\":[{\"@type\":\"SearchAction\",\"target\":{\"@type\":\"EntryPoint\",\"urlTemplate\":\"https:\/\/oceansignal.com\/fr\/?s={search_term_string}\"},\"query-input\":{\"@type\":\"PropertyValueSpecification\",\"valueRequired\":true,\"valueName\":\"search_term_string\"}}],\"inLanguage\":\"fr-FR\"}]}<\/script>\n<!-- \/ Yoast SEO Premium plugin. -->","yoast_head_json":{"title":"rescueME EPIRB2 - Ocean Signal","description":"Ocean Signal rescueME EPIRB2\u00a0: balise de d\u00e9tresse essentielle pour EPIRB s\u00e9curit\u00e9 maritime. Faites confiance \u00e0 une signalisation d'urgence fiable. Achetez d\u00e8s maintenant pour une tranquillit\u00e9 d'esprit\u00a0!","robots":{"index":"index","follow":"follow","max-snippet":"max-snippet:-1","max-image-preview":"max-image-preview:large","max-video-preview":"max-video-preview:-1"},"canonical":"https:\/\/oceansignal.com\/fr\/products\/rescueme-epirb2\/","og_locale":"fr_FR","og_type":"article","og_title":"rescueME EPIRB2","og_description":"Ocean Signal rescueME EPIRB2\u00a0: balise de d\u00e9tresse essentielle pour EPIRB s\u00e9curit\u00e9 maritime. Faites confiance \u00e0 une signalisation d'urgence fiable. Achetez d\u00e8s maintenant pour une tranquillit\u00e9 d'esprit\u00a0!","og_url":"https:\/\/oceansignal.com\/fr\/products\/rescueme-epirb2\/","og_site_name":"Ocean Signal","article_modified_time":"2026-01-21T19:54:06+00:00","og_image":[{"width":432,"height":432,"url":"https:\/\/oceansignal.com\/wp-content\/uploads\/2023\/09\/OSL-Phone-App-EPERB2-PRO-001-1.png","type":"image\/png"}],"twitter_card":"summary_large_image","twitter_misc":{"Dur\u00e9e de lecture estim\u00e9e":"4 minutes"},"schema":{"@context":"https:\/\/schema.org","@graph":[{"@type":"WebPage","@id":"https:\/\/oceansignal.com\/fr\/products\/rescueme-epirb2\/","url":"https:\/\/oceansignal.com\/fr\/products\/rescueme-epirb2\/","name":"rescueME EPIRB2 - Ocean Signal","isPartOf":{"@id":"https:\/\/oceansignal.com\/fr\/#website"},"primaryImageOfPage":{"@id":"https:\/\/oceansignal.com\/fr\/products\/rescueme-epirb2\/#primaryimage"},"image":{"@id":"https:\/\/oceansignal.com\/fr\/products\/rescueme-epirb2\/#primaryimage"},"thumbnailUrl":"https:\/\/oceansignal.com\/wp-content\/uploads\/2023\/09\/OSL-Phone-App-EPERB2-PRO-001-1.png","datePublished":"2023-09-07T12:44:22+00:00","dateModified":"2026-01-21T19:54:06+00:00","description":"Ocean Signal rescueME EPIRB2\u00a0: balise de d\u00e9tresse essentielle pour EPIRB s\u00e9curit\u00e9 maritime. Faites confiance \u00e0 une signalisation d'urgence fiable. Achetez d\u00e8s maintenant pour une tranquillit\u00e9 d'esprit\u00a0!","breadcrumb":{"@id":"https:\/\/oceansignal.com\/fr\/products\/rescueme-epirb2\/#breadcrumb"},"inLanguage":"fr-FR","potentialAction":[{"@type":"ReadAction","target":["https:\/\/oceansignal.com\/fr\/products\/rescueme-epirb2\/"]}]},{"@type":"ImageObject","inLanguage":"fr-FR","@id":"https:\/\/oceansignal.com\/fr\/products\/rescueme-epirb2\/#primaryimage","url":"https:\/\/oceansignal.com\/wp-content\/uploads\/2023\/09\/OSL-Phone-App-EPERB2-PRO-001-1.png","contentUrl":"https:\/\/oceansignal.com\/wp-content\/uploads\/2023\/09\/OSL-Phone-App-EPERB2-PRO-001-1.png","width":432,"height":432,"caption":"S\u00e9curisez vos aventures maritimes avec Ocean Signal SafeSea EPIRB3 Pro : balise de d\u00e9tresse fiable pour une intervention d'urgence rapide"},{"@type":"BreadcrumbList","@id":"https:\/\/oceansignal.com\/fr\/products\/rescueme-epirb2\/#breadcrumb","itemListElement":[{"@type":"ListItem","position":1,"name":"Produits","item":"https:\/\/oceansignal.com\/fr\/produits\/"},{"@type":"ListItem","position":2,"name":"rescueME EPIRB2"}]},{"@type":"WebSite","@id":"https:\/\/oceansignal.com\/fr\/#website","url":"https:\/\/oceansignal.com\/fr\/","name":"Ocean Signal","description":"A leading manufacturer of EPIRBs, AIS, SARTs, Personal Locator Beacons, Man Overboard Beacon for the Marine and Outdoor Markets.","potentialAction":[{"@type":"SearchAction","target":{"@type":"EntryPoint","urlTemplate":"https:\/\/oceansignal.com\/fr\/?s={search_term_string}"},"query-input":{"@type":"PropertyValueSpecification","valueRequired":true,"valueName":"search_term_string"}}],"inLanguage":"fr-FR"}]}},"_links":{"self":[{"href":"https:\/\/oceansignal.com\/fr\/wp-json\/wp\/v2\/product\/7842","targetHints":{"allow":["GET"]}}],"collection":[{"href":"https:\/\/oceansignal.com\/fr\/wp-json\/wp\/v2\/product"}],"about":[{"href":"https:\/\/oceansignal.com\/fr\/wp-json\/wp\/v2\/types\/product"}],"wp:featuredmedia":[{"embeddable":true,"href":"https:\/\/oceansignal.com\/fr\/wp-json\/wp\/v2\/media\/20470"}],"wp:attachment":[{"href":"https:\/\/oceansignal.com\/fr\/wp-json\/wp\/v2\/media?parent=7842"}],"wp:term":[{"taxonomy":"product_brand","embeddable":true,"href":"https:\/\/oceansignal.com\/fr\/wp-json\/wp\/v2\/product_brand?post=7842"},{"taxonomy":"product_cat","embeddable":true,"href":"https:\/\/oceansignal.com\/fr\/wp-json\/wp\/v2\/product_cat?post=7842"},{"taxonomy":"product_tag","embeddable":true,"href":"https:\/\/oceansignal.com\/fr\/wp-json\/wp\/v2\/product_tag?post=7842"}],"curies":[{"name":"wp","href":"https:\/\/api.w.org\/{rel}","templated":true}]}}