{"id":7854,"date":"2023-09-07T12:15:25","date_gmt":"2023-09-07T12:15:25","guid":{"rendered":"https:\/\/oceansignal.com\/products\/rescueme-epirb1-pro\/"},"modified":"2026-01-21T19:35:45","modified_gmt":"2026-01-21T19:35:45","slug":"rescueme-epirb1-pro","status":"publish","type":"product","link":"https:\/\/oceansignal.com\/fr\/products\/rescueme-epirb1-pro\/","title":{"rendered":"rescueME EPIRB1 Pro"},"content":{"rendered":"<p class=\"ai-optimize-43 ai-optimize-introduction\">La balise de d\u00e9tresse EPIRB1 Pro, la plus compacte au monde, allie un format r\u00e9duit \u00e0 une conception robuste, ce qui en fait une solution id\u00e9ale pour tous les navires, qu&rsquo;ils soient commerciaux, de p\u00eache ou de plaisance. Con\u00e7ue pour une efficacit\u00e9 maximale, elle offre une autonomie de 10 ans et une excellente dur\u00e9e de fonctionnement, permettant ainsi aux services de secours de conna\u00eetre votre position plus longtemps. <\/p>\n<p><iframe loading=\"lazy\" title=\"Ocean Signal GMDSS Suite: SafeSea EPIRB1Pro Overview\" width=\"500\" height=\"281\" src=\"https:\/\/www.youtube.com\/embed\/BRNTAX6pNq4?feature=oembed\" frameborder=\"0\" allow=\"accelerometer; autoplay; clipboard-write; encrypted-media; gyroscope; picture-in-picture; web-share\" referrerpolicy=\"strict-origin-when-cross-origin\" allowfullscreen><\/iframe><\/p>\n<p>&nbsp;<\/p>\n<p class=\"ai-optimize-44\">Description:<\/p>\n<p class=\"ai-optimize-45\">La balise EPIRB1 Pro rescueMe fonctionne sur la bande satellite 406 MHz. Cette bande comprend les fr\u00e9quences de d\u00e9tresse internationales surveill\u00e9es en permanence par <a href=\"https:\/\/www.cospas-sarsat.int\/en\/\">Cospas-Sarsat<\/a> , l&rsquo;op\u00e9rateur international de satellites de recherche et de sauvetage, garantissant une r\u00e9ponse rapide d\u00e8s la r\u00e9ception d&rsquo;un signal, o\u00f9 que vous soyez dans le monde. <\/p>\n<p class=\"ai-optimize-46\">Cette EPIRB est \u00e9quip\u00e9e d&rsquo;une balise de localisation 121,5 MHz utilis\u00e9e par les services de secours pour localiser de pr\u00e8s les navires en d\u00e9tresse. De plus, EPIRB est \u00e9quip\u00e9e d&rsquo;un feu stroboscopique LED haute luminosit\u00e9 pour une efficacit\u00e9 accrue, notamment de nuit. Pour les situations d&rsquo;urgence o\u00f9 l&rsquo;utilisateur n&rsquo;est pas physiquement en mesure d&rsquo;atteindre l&rsquo; EPIRB \u00e0 temps, l&rsquo; EPIRB1 Pro est \u00e9galement \u00e9quip\u00e9e d&rsquo;un bo\u00eetier de largage automatique de cat\u00e9gorie I (commun\u00e9ment appel\u00e9 \u00ab&nbsp;flottant&nbsp;\u00bb). Ce bo\u00eetier assure le d\u00e9ploiement automatique de l&rsquo; EPIRB depuis son support par l&rsquo;unit\u00e9 de largage hydrostatique interne, puis son activation et sa remont\u00e9e \u00e0 la surface pour transmettre votre message de d\u00e9tresse au r\u00e9seau satellite.   <\/p>\n<p class=\"ai-optimize-47\">Le bo\u00eetier de d\u00e9clenchement automatique (ARH) comprend \u00e9galement un adaptateur pratique offrant de multiples options de mise \u00e0 niveau. Utilisez l&rsquo;adaptateur pour monter facilement l&rsquo;ARH en utilisant les m\u00eames trous de montage qui \u00e9taient auparavant utilis\u00e9s pour les EPIRBS plus anciens et plus grands tels que les Ocean Signal E100\/E100G, Jotron Tron 60 et McMurdo E5\/G5. <\/p>\n<p class=\"ai-optimize-48\">Besoin d&rsquo;une EPIRB compatible AIS&nbsp;? D\u00e9couvrez la nouvelle <a href=\"https:\/\/oceansignal.com\/products\/safesea-epirb3-pro\/\">EPIRB3<\/a> <\/p>\n<p class=\"ai-optimize-49\"><strong>Fonctionnalit\u00e9s:<\/strong><\/p>\n<ul>\n<li class=\"ai-optimize-50\">Conforme \u00e0 la norme MED (2014\/90\/UE)<\/li>\n<li class=\"ai-optimize-51\">406 MHz (liaison par satellite vers les services d\u2019urgence)<\/li>\n<li class=\"ai-optimize-52\">Signal de retour de 121,5 MHz (pour faciliter la localisation finale par les services de recherche et de sauvetage)<\/li>\n<li class=\"ai-optimize-53\">Stroboscope \u00e0 haute intensit\u00e9<\/li>\n<li class=\"ai-optimize-54\">30 % (typ) Plus petit<\/li>\n<li class=\"ai-optimize-55\">Autonomie de la batterie de 10 ans<\/li>\n<li class=\"ai-optimize-56\">Garantie de 2 ans (la garantie peut \u00eatre \u00e9tendue \u00e0 5 ans via l&rsquo;enregistrement du produit aupr\u00e8s d&rsquo; Ocean Signal )<\/li>\n<li class=\"ai-optimize-57\">GPS 66 canaux (positionnement pr\u00e9cis)<\/li>\n<\/ul>\n<h3 class=\"ai-optimize-58\">Remplacement de votre EPIRB McMurdo par l&rsquo; EPIRB1 Ocean Signal<\/h3>\n<p><iframe loading=\"lazy\" title=\"Replacing your McMurdo with the EPIRB1\" width=\"500\" height=\"281\" src=\"https:\/\/www.youtube.com\/embed\/7o7i59BIpQs?feature=oembed\" frameborder=\"0\" allow=\"accelerometer; autoplay; clipboard-write; encrypted-media; gyroscope; picture-in-picture; web-share\" referrerpolicy=\"strict-origin-when-cross-origin\" allowfullscreen><\/iframe><\/p>\n","protected":false},"excerpt":{"rendered":"<p>L&rsquo; EPIRB la plus compacte au monde avec bo\u00eetier \u00e0 d\u00e9clenchement automatique de cat\u00e9gorie I<\/p>\n<ul>\n<li>Achat unique. Aucun frais d&rsquo;abonnement. <\/li>\n<li>Comprend un bo\u00eetier \u00e0 d\u00e9clenchement automatique de cat\u00e9gorie I (commun\u00e9ment appel\u00e9 \u00ab flotteur libre \u00bb)<\/li>\n<li>Conforme \u00e0 la directive sur les \u00e9quipements radio : 2014\/53\/UE<\/li>\n<li>406 MHz (liaison par satellite vers les services d\u2019urgence)<\/li>\n<li>Signal de retour de 121,5 MHz (pour faciliter la localisation finale par les services de recherche et de sauvetage)<\/li>\n<li>Stroboscope \u00e0 haute intensit\u00e9<\/li>\n<li>30 % (typ) Plus petit<\/li>\n<li>Autonomie de la batterie de 10 ans<\/li>\n<li>Garantie de 2 ans (la garantie peut \u00eatre \u00e9tendue \u00e0 5 ans via l&rsquo;enregistrement du produit aupr\u00e8s d&rsquo; Ocean Signal )<\/li>\n<li>GPS 66 canaux (positionnement pr\u00e9cis)<\/li>\n<\/ul>\n<p><a href=\"https:\/\/www.dropbox.com\/s\/fk04stqsp2hgk5f\/Prop%2065%20-%20DEHP.pdf?dl=0\">AVERTISSEMENT (USA\/CA) : PROPOSITION 65<\/a><\/p>\n","protected":false},"featured_media":12436,"template":"","meta":{"_acf_changed":false,"om_disable_all_campaigns":false},"product_brand":[],"product_cat":[755,471],"product_tag":[1281,1280,756,803,804],"class_list":{"0":"post-7854","1":"product","2":"type-product","3":"status-publish","4":"has-post-thumbnail","6":"product_cat-epirb-fr","7":"product_cat-rescueme-fr","8":"product_tag-boitier-a-declenchement-automatique","9":"product_tag-categorie-1","10":"product_tag-epirb-fr","11":"product_tag-epirb1-fr","12":"product_tag-epirb1-pro-fr","14":"first","15":"instock","16":"taxable","17":"shipping-taxable","18":"purchasable","19":"product-type-simple"},"acf":[],"yoast_head":"<!-- This site is optimized with the Yoast SEO Premium plugin v25.2 (Yoast SEO v26.4) - https:\/\/yoast.com\/wordpress\/plugins\/seo\/ -->\n<title>rescueME EPIRB1 Pro - Ocean Signal<\/title>\n<meta name=\"description\" content=\"Ocean Signal EPIRB1 Pro avec support flottant : votre compagnon de confiance pour la s\u00e9curit\u00e9 maritime, assurant une signalisation de d\u00e9tresse rapide en mer.\" \/>\n<meta name=\"robots\" content=\"index, follow, max-snippet:-1, max-image-preview:large, max-video-preview:-1\" \/>\n<link rel=\"canonical\" href=\"https:\/\/oceansignal.com\/fr\/products\/rescueme-epirb1-pro\/\" \/>\n<meta property=\"og:locale\" content=\"fr_FR\" \/>\n<meta property=\"og:type\" content=\"article\" \/>\n<meta property=\"og:title\" content=\"rescueME EPIRB1 Pro\" \/>\n<meta property=\"og:description\" content=\"Ocean Signal EPIRB1 Pro avec support flottant : votre compagnon de confiance pour la s\u00e9curit\u00e9 maritime, assurant une signalisation de d\u00e9tresse rapide en mer.\" \/>\n<meta property=\"og:url\" content=\"https:\/\/oceansignal.com\/fr\/products\/rescueme-epirb1-pro\/\" \/>\n<meta property=\"og:site_name\" content=\"Ocean Signal\" \/>\n<meta property=\"article:modified_time\" content=\"2026-01-21T19:35:45+00:00\" \/>\n<meta property=\"og:image\" content=\"https:\/\/oceansignal.com\/wp-content\/uploads\/2023\/09\/EPRIB1-PRO-Front.png\" \/>\n\t<meta property=\"og:image:width\" content=\"800\" \/>\n\t<meta property=\"og:image:height\" content=\"800\" \/>\n\t<meta property=\"og:image:type\" content=\"image\/png\" \/>\n<meta name=\"twitter:card\" content=\"summary_large_image\" \/>\n<meta name=\"twitter:label1\" content=\"Dur\u00e9e de lecture estim\u00e9e\" \/>\n\t<meta name=\"twitter:data1\" content=\"2 minutes\" \/>\n<script type=\"application\/ld+json\" class=\"yoast-schema-graph\">{\"@context\":\"https:\/\/schema.org\",\"@graph\":[{\"@type\":\"WebPage\",\"@id\":\"https:\/\/oceansignal.com\/fr\/products\/rescueme-epirb1-pro\/\",\"url\":\"https:\/\/oceansignal.com\/fr\/products\/rescueme-epirb1-pro\/\",\"name\":\"rescueME EPIRB1 Pro - Ocean Signal\",\"isPartOf\":{\"@id\":\"https:\/\/oceansignal.com\/fr\/#website\"},\"primaryImageOfPage\":{\"@id\":\"https:\/\/oceansignal.com\/fr\/products\/rescueme-epirb1-pro\/#primaryimage\"},\"image\":{\"@id\":\"https:\/\/oceansignal.com\/fr\/products\/rescueme-epirb1-pro\/#primaryimage\"},\"thumbnailUrl\":\"https:\/\/oceansignal.com\/wp-content\/uploads\/2023\/09\/EPRIB1-PRO-Front.png\",\"datePublished\":\"2023-09-07T12:15:25+00:00\",\"dateModified\":\"2026-01-21T19:35:45+00:00\",\"description\":\"Ocean Signal EPIRB1 Pro avec support flottant : votre compagnon de confiance pour la s\u00e9curit\u00e9 maritime, assurant une signalisation de d\u00e9tresse rapide en mer.\",\"breadcrumb\":{\"@id\":\"https:\/\/oceansignal.com\/fr\/products\/rescueme-epirb1-pro\/#breadcrumb\"},\"inLanguage\":\"fr-FR\",\"potentialAction\":[{\"@type\":\"ReadAction\",\"target\":[\"https:\/\/oceansignal.com\/fr\/products\/rescueme-epirb1-pro\/\"]}]},{\"@type\":\"ImageObject\",\"inLanguage\":\"fr-FR\",\"@id\":\"https:\/\/oceansignal.com\/fr\/products\/rescueme-epirb1-pro\/#primaryimage\",\"url\":\"https:\/\/oceansignal.com\/wp-content\/uploads\/2023\/09\/EPRIB1-PRO-Front.png\",\"contentUrl\":\"https:\/\/oceansignal.com\/wp-content\/uploads\/2023\/09\/EPRIB1-PRO-Front.png\",\"width\":800,\"height\":800},{\"@type\":\"BreadcrumbList\",\"@id\":\"https:\/\/oceansignal.com\/fr\/products\/rescueme-epirb1-pro\/#breadcrumb\",\"itemListElement\":[{\"@type\":\"ListItem\",\"position\":1,\"name\":\"Produits\",\"item\":\"https:\/\/oceansignal.com\/fr\/produits\/\"},{\"@type\":\"ListItem\",\"position\":2,\"name\":\"rescueME EPIRB1 Pro\"}]},{\"@type\":\"WebSite\",\"@id\":\"https:\/\/oceansignal.com\/fr\/#website\",\"url\":\"https:\/\/oceansignal.com\/fr\/\",\"name\":\"Ocean Signal\",\"description\":\"A leading manufacturer of EPIRBs, AIS, SARTs, Personal Locator Beacons, Man Overboard Beacon for the Marine and Outdoor Markets.\",\"potentialAction\":[{\"@type\":\"SearchAction\",\"target\":{\"@type\":\"EntryPoint\",\"urlTemplate\":\"https:\/\/oceansignal.com\/fr\/?s={search_term_string}\"},\"query-input\":{\"@type\":\"PropertyValueSpecification\",\"valueRequired\":true,\"valueName\":\"search_term_string\"}}],\"inLanguage\":\"fr-FR\"}]}<\/script>\n<!-- \/ Yoast SEO Premium plugin. -->","yoast_head_json":{"title":"rescueME EPIRB1 Pro - Ocean Signal","description":"Ocean Signal EPIRB1 Pro avec support flottant : votre compagnon de confiance pour la s\u00e9curit\u00e9 maritime, assurant une signalisation de d\u00e9tresse rapide en mer.","robots":{"index":"index","follow":"follow","max-snippet":"max-snippet:-1","max-image-preview":"max-image-preview:large","max-video-preview":"max-video-preview:-1"},"canonical":"https:\/\/oceansignal.com\/fr\/products\/rescueme-epirb1-pro\/","og_locale":"fr_FR","og_type":"article","og_title":"rescueME EPIRB1 Pro","og_description":"Ocean Signal EPIRB1 Pro avec support flottant : votre compagnon de confiance pour la s\u00e9curit\u00e9 maritime, assurant une signalisation de d\u00e9tresse rapide en mer.","og_url":"https:\/\/oceansignal.com\/fr\/products\/rescueme-epirb1-pro\/","og_site_name":"Ocean Signal","article_modified_time":"2026-01-21T19:35:45+00:00","og_image":[{"width":800,"height":800,"url":"https:\/\/oceansignal.com\/wp-content\/uploads\/2023\/09\/EPRIB1-PRO-Front.png","type":"image\/png"}],"twitter_card":"summary_large_image","twitter_misc":{"Dur\u00e9e de lecture estim\u00e9e":"2 minutes"},"schema":{"@context":"https:\/\/schema.org","@graph":[{"@type":"WebPage","@id":"https:\/\/oceansignal.com\/fr\/products\/rescueme-epirb1-pro\/","url":"https:\/\/oceansignal.com\/fr\/products\/rescueme-epirb1-pro\/","name":"rescueME EPIRB1 Pro - Ocean Signal","isPartOf":{"@id":"https:\/\/oceansignal.com\/fr\/#website"},"primaryImageOfPage":{"@id":"https:\/\/oceansignal.com\/fr\/products\/rescueme-epirb1-pro\/#primaryimage"},"image":{"@id":"https:\/\/oceansignal.com\/fr\/products\/rescueme-epirb1-pro\/#primaryimage"},"thumbnailUrl":"https:\/\/oceansignal.com\/wp-content\/uploads\/2023\/09\/EPRIB1-PRO-Front.png","datePublished":"2023-09-07T12:15:25+00:00","dateModified":"2026-01-21T19:35:45+00:00","description":"Ocean Signal EPIRB1 Pro avec support flottant : votre compagnon de confiance pour la s\u00e9curit\u00e9 maritime, assurant une signalisation de d\u00e9tresse rapide en mer.","breadcrumb":{"@id":"https:\/\/oceansignal.com\/fr\/products\/rescueme-epirb1-pro\/#breadcrumb"},"inLanguage":"fr-FR","potentialAction":[{"@type":"ReadAction","target":["https:\/\/oceansignal.com\/fr\/products\/rescueme-epirb1-pro\/"]}]},{"@type":"ImageObject","inLanguage":"fr-FR","@id":"https:\/\/oceansignal.com\/fr\/products\/rescueme-epirb1-pro\/#primaryimage","url":"https:\/\/oceansignal.com\/wp-content\/uploads\/2023\/09\/EPRIB1-PRO-Front.png","contentUrl":"https:\/\/oceansignal.com\/wp-content\/uploads\/2023\/09\/EPRIB1-PRO-Front.png","width":800,"height":800},{"@type":"BreadcrumbList","@id":"https:\/\/oceansignal.com\/fr\/products\/rescueme-epirb1-pro\/#breadcrumb","itemListElement":[{"@type":"ListItem","position":1,"name":"Produits","item":"https:\/\/oceansignal.com\/fr\/produits\/"},{"@type":"ListItem","position":2,"name":"rescueME EPIRB1 Pro"}]},{"@type":"WebSite","@id":"https:\/\/oceansignal.com\/fr\/#website","url":"https:\/\/oceansignal.com\/fr\/","name":"Ocean Signal","description":"A leading manufacturer of EPIRBs, AIS, SARTs, Personal Locator Beacons, Man Overboard Beacon for the Marine and Outdoor Markets.","potentialAction":[{"@type":"SearchAction","target":{"@type":"EntryPoint","urlTemplate":"https:\/\/oceansignal.com\/fr\/?s={search_term_string}"},"query-input":{"@type":"PropertyValueSpecification","valueRequired":true,"valueName":"search_term_string"}}],"inLanguage":"fr-FR"}]}},"_links":{"self":[{"href":"https:\/\/oceansignal.com\/fr\/wp-json\/wp\/v2\/product\/7854","targetHints":{"allow":["GET"]}}],"collection":[{"href":"https:\/\/oceansignal.com\/fr\/wp-json\/wp\/v2\/product"}],"about":[{"href":"https:\/\/oceansignal.com\/fr\/wp-json\/wp\/v2\/types\/product"}],"wp:featuredmedia":[{"embeddable":true,"href":"https:\/\/oceansignal.com\/fr\/wp-json\/wp\/v2\/media\/12436"}],"wp:attachment":[{"href":"https:\/\/oceansignal.com\/fr\/wp-json\/wp\/v2\/media?parent=7854"}],"wp:term":[{"taxonomy":"product_brand","embeddable":true,"href":"https:\/\/oceansignal.com\/fr\/wp-json\/wp\/v2\/product_brand?post=7854"},{"taxonomy":"product_cat","embeddable":true,"href":"https:\/\/oceansignal.com\/fr\/wp-json\/wp\/v2\/product_cat?post=7854"},{"taxonomy":"product_tag","embeddable":true,"href":"https:\/\/oceansignal.com\/fr\/wp-json\/wp\/v2\/product_tag?post=7854"}],"curies":[{"name":"wp","href":"https:\/\/api.w.org\/{rel}","templated":true}]}}