{"id":7866,"date":"2023-09-07T11:09:06","date_gmt":"2023-09-07T11:09:06","guid":{"rendered":"https:\/\/oceansignal.com\/products\/rescueme-epirb1\/"},"modified":"2026-01-21T19:37:06","modified_gmt":"2026-01-21T19:37:06","slug":"rescueme-epirb1-balise-de-distresse","status":"publish","type":"product","link":"https:\/\/oceansignal.com\/fr\/products\/rescueme-epirb1-balise-de-distresse\/","title":{"rendered":"rescueME EPIRB1"},"content":{"rendered":"<p>R\u00e9sum\u00e9:<\/p>\n<p>La balise de d\u00e9tresse rescueME EPIRB1 offre une tranquillit\u00e9 d&rsquo;esprit gr\u00e2ce \u00e0 son impressionnante autonomie de 10 ans.<\/p>\n<p>La balise radio de localisation d&rsquo;urgence ( EPIRB la plus compacte au monde peut toujours \u00eatre \u00e0 port\u00e9e de main, car sa petite taille lui permet d&rsquo;\u00eatre facilement retenue dans son support manuel \u00e0 d\u00e9montage rapide ou plac\u00e9e dans un sac de secours ou un radeau de sauvetage. Une simple languette de protection sur les touches de commande emp\u00eache toute activation accidentelle, tout en permettant une utilisation facile en cas de besoin. <\/p>\n<p>La balise de d\u00e9tresse rescueME EPIRB1 est \u00e9galement \u00e9quip\u00e9e de deux feux stroboscopiques haute luminosit\u00e9 pour une visibilit\u00e9 optimale en conditions de faible luminosit\u00e9. Son antenne r\u00e9tractable offre une protection maximale et un encombrement r\u00e9duit pour un rangement ais\u00e9. En cas de besoin, l&rsquo;antenne se d\u00e9ploie facilement d&rsquo;une simple traction. <\/p>\n<p>Blog sugg\u00e9r\u00e9 : <a href=\"https:\/\/oceansignal.com\/fr\/news\/quest-ce-quune-radiobalise-de-localisation-de-position-durgence-ou-rls\/\">Qu&rsquo;est-ce qu&rsquo;une EPIRB ?<\/a><\/p>\n<p>Description du produit :<\/p>\n<p>D\u00e9couvrez la balise de d\u00e9tresse Ocean Signal rescueME EPIRB1 \u2013 votre compagnon fiable pour la s\u00e9curit\u00e9 maritime.<\/p>\n<p>Con\u00e7ue pour alerter rapidement les \u00e9quipes de recherche et de sauvetage en cas d&rsquo;urgence en mer, cette balise de d\u00e9tresse compacte (EPIRB) est votre lien vital sur l&rsquo;eau. Que vous soyez marin, p\u00eacheur ou aventurier, la rescueME EPIRB1 garantit la diffusion pr\u00e9cise de votre signal de d\u00e9tresse, facilitant ainsi une intervention rapide. Gr\u00e2ce \u00e0 sa technologie de pointe et \u00e0 sa conception intuitive, cet appareil indispensable vous offre une tranquillit\u00e9 d&rsquo;esprit in\u00e9gal\u00e9e et vous permet de naviguer en toute confiance.  <\/p>\n<p>La balise de d\u00e9tresse rescueME EPIRB1 est \u00e9quip\u00e9e de s\u00e9rie d&rsquo;un GPS 66 canaux int\u00e9gr\u00e9, fournissant des informations de position pr\u00e9cises aux services d&rsquo;urgence pour faciliter une intervention rapide. Lorsqu&rsquo;elle est activ\u00e9e, l&rsquo;EPIRB1 transmet votre position et votre identifiant unique \u00e0 un centre de coordination des secours par liaison satellite. Ces informations sont ensuite transmises aux services de recherche et de sauvetage locaux comp\u00e9tents, leur permettant de conna\u00eetre votre position exacte gr\u00e2ce au GPS 66 canaux.  <\/p>\n<p>Besoin de passer \u00e0 une balise EPIRB compatible AIS&nbsp;? D\u00e9couvrez la nouvelle <a href=\"https:\/\/oceansignal.com\/products\/safesea-epirb3-pro\/\">EPIRB3.<\/a> <\/p>\n<p>&nbsp;<\/p>\n<p><strong>Fonctionnalit\u00e9s:<\/strong><\/p>\n<ul>\n<li>30 % (typ) plus petit*<\/li>\n<li>Autonomie de la batterie de 10 ans<\/li>\n<li>48+ heures de dur\u00e9e de vie op\u00e9rationnelle<\/li>\n<li>Garantie de 2 ans \u2020 (la garantie peut \u00eatre \u00e9tendue \u00e0 5 ans via l&rsquo;enregistrement du produit)<\/li>\n<li>Positionnement rapide et pr\u00e9cis gr\u00e2ce au GPS \u00e0 66 canaux<\/li>\n<li>Antenne r\u00e9tractable<\/li>\n<li>Support \u00e0 d\u00e9gagement rapide<\/li>\n<li>Longe s\u00e9curis\u00e9e<\/li>\n<li>Fabriqu\u00e9 au Royaume-Uni (UK)<\/li>\n<\/ul>\n<p>&nbsp;<\/p>\n<p>*30 % plus petit que les autres produits homologu\u00e9s selon des normes reconnues (juillet 2014)<\/p>\n<p>\u2020 Sous r\u00e9serve de la d\u00e9claration de garantie<\/p>\n<p>Pour les travers\u00e9es hauturi\u00e8res ou oc\u00e9aniques plus longues, la balise Ocean Signal <a href=\"http:\/\/oceansignal.com\/products\/rescueme-epirb1-pro\/\">EPIRB1 Pro<\/a> est \u00e9quip\u00e9e d&rsquo;un bo\u00eetier \u00e0 d\u00e9clenchement automatique.<\/p>\n<p>&nbsp;<\/p>\n","protected":false},"excerpt":{"rendered":"<p>La balise radio de localisation des sinistres ( EPIRB ) la plus compacte au monde<\/p>\n<p><strong>Fonctionnalit\u00e9s:<\/strong><\/p>\n<ul>\n<li>Achat unique. Aucun frais d&rsquo;abonnement. <\/li>\n<li>Autonomie de la batterie de 10 ans<\/li>\n<li>48+ heures de dur\u00e9e de vie op\u00e9rationnelle<\/li>\n<li>Positionnement rapide et pr\u00e9cis gr\u00e2ce au GPS 66 canaux et aux bandes 406 MHz + 121,5 MHz<\/li>\n<li>Garantie de 2 ans \u2020 (la garantie peut \u00eatre \u00e9tendue \u00e0 5 ans via l&rsquo;enregistrement du produit)<\/li>\n<li>Antenne r\u00e9tractable<\/li>\n<li>Support \u00e0 d\u00e9gagement rapide<\/li>\n<li>Longe s\u00e9curis\u00e9e<\/li>\n<li>Fabriqu\u00e9 au Royaume-Uni (UK)<\/li>\n<\/ul>\n<p><a href=\"https:\/\/www.dropbox.com\/s\/fk04stqsp2hgk5f\/Prop%2065%20-%20DEHP.pdf?dl=0\">AVERTISSEMENT : PROP 65<\/a><\/p>\n<p>&nbsp;<\/p>\n","protected":false},"featured_media":35480,"template":"","meta":{"_acf_changed":false,"om_disable_all_campaigns":false},"product_brand":[],"product_cat":[755,471],"product_tag":[756,803,1015,1013,1017],"class_list":{"0":"post-7866","1":"product","2":"type-product","3":"status-publish","4":"has-post-thumbnail","6":"product_cat-epirb-fr","7":"product_cat-rescueme-fr","8":"product_tag-epirb-fr","9":"product_tag-epirb1-fr","10":"product_tag-gps-fr","11":"product_tag-radiobalise-de-localisation-des-sinistres","12":"product_tag-securite-maritime","14":"first","15":"instock","16":"taxable","17":"shipping-taxable","18":"purchasable","19":"product-type-simple"},"acf":[],"yoast_head":"<!-- This site is optimized with the Yoast SEO Premium plugin v25.2 (Yoast SEO v26.4) - https:\/\/yoast.com\/wordpress\/plugins\/seo\/ -->\n<title>rescueME EPIRB1 - Ocean Signal<\/title>\n<meta name=\"description\" content=\"Naviguez en toute s\u00e9curit\u00e9 gr\u00e2ce \u00e0 la balise de d\u00e9tresse EPIRB1 rescueME d&#039;Ocean Signal. Compacte et fiable, elle est id\u00e9ale pour vos aventures maritimes.\" \/>\n<meta name=\"robots\" content=\"index, follow, max-snippet:-1, max-image-preview:large, max-video-preview:-1\" \/>\n<link rel=\"canonical\" href=\"https:\/\/oceansignal.com\/fr\/products\/rescueme-epirb1-balise-de-distresse\/\" \/>\n<meta property=\"og:locale\" content=\"fr_FR\" \/>\n<meta property=\"og:type\" content=\"article\" \/>\n<meta property=\"og:title\" content=\"rescueME EPIRB1\" \/>\n<meta property=\"og:description\" content=\"Naviguez en toute s\u00e9curit\u00e9 gr\u00e2ce \u00e0 la balise de d\u00e9tresse EPIRB1 rescueME d&#039;Ocean Signal. Compacte et fiable, elle est id\u00e9ale pour vos aventures maritimes.\" \/>\n<meta property=\"og:url\" content=\"https:\/\/oceansignal.com\/fr\/products\/rescueme-epirb1-balise-de-distresse\/\" \/>\n<meta property=\"og:site_name\" content=\"Ocean Signal\" \/>\n<meta property=\"article:modified_time\" content=\"2026-01-21T19:37:06+00:00\" \/>\n<meta property=\"og:image\" content=\"https:\/\/oceansignal.com\/wp-content\/uploads\/2023\/09\/Ocean-Signal-EPIRB-1-Front.webp\" \/>\n\t<meta property=\"og:image:width\" content=\"800\" \/>\n\t<meta property=\"og:image:height\" content=\"800\" \/>\n\t<meta property=\"og:image:type\" content=\"image\/webp\" \/>\n<meta name=\"twitter:card\" content=\"summary_large_image\" \/>\n<meta name=\"twitter:label1\" content=\"Dur\u00e9e de lecture estim\u00e9e\" \/>\n\t<meta name=\"twitter:data1\" content=\"3 minutes\" \/>\n<script type=\"application\/ld+json\" class=\"yoast-schema-graph\">{\"@context\":\"https:\/\/schema.org\",\"@graph\":[{\"@type\":\"WebPage\",\"@id\":\"https:\/\/oceansignal.com\/fr\/products\/rescueme-epirb1-balise-de-distresse\/\",\"url\":\"https:\/\/oceansignal.com\/fr\/products\/rescueme-epirb1-balise-de-distresse\/\",\"name\":\"rescueME EPIRB1 - Ocean Signal\",\"isPartOf\":{\"@id\":\"https:\/\/oceansignal.com\/fr\/#website\"},\"primaryImageOfPage\":{\"@id\":\"https:\/\/oceansignal.com\/fr\/products\/rescueme-epirb1-balise-de-distresse\/#primaryimage\"},\"image\":{\"@id\":\"https:\/\/oceansignal.com\/fr\/products\/rescueme-epirb1-balise-de-distresse\/#primaryimage\"},\"thumbnailUrl\":\"https:\/\/oceansignal.com\/wp-content\/uploads\/2023\/09\/Ocean-Signal-EPIRB-1-Front.webp\",\"datePublished\":\"2023-09-07T11:09:06+00:00\",\"dateModified\":\"2026-01-21T19:37:06+00:00\",\"description\":\"Naviguez en toute s\u00e9curit\u00e9 gr\u00e2ce \u00e0 la balise de d\u00e9tresse EPIRB1 rescueME d'Ocean Signal. Compacte et fiable, elle est id\u00e9ale pour vos aventures maritimes.\",\"breadcrumb\":{\"@id\":\"https:\/\/oceansignal.com\/fr\/products\/rescueme-epirb1-balise-de-distresse\/#breadcrumb\"},\"inLanguage\":\"fr-FR\",\"potentialAction\":[{\"@type\":\"ReadAction\",\"target\":[\"https:\/\/oceansignal.com\/fr\/products\/rescueme-epirb1-balise-de-distresse\/\"]}]},{\"@type\":\"ImageObject\",\"inLanguage\":\"fr-FR\",\"@id\":\"https:\/\/oceansignal.com\/fr\/products\/rescueme-epirb1-balise-de-distresse\/#primaryimage\",\"url\":\"https:\/\/oceansignal.com\/wp-content\/uploads\/2023\/09\/Ocean-Signal-EPIRB-1-Front.webp\",\"contentUrl\":\"https:\/\/oceansignal.com\/wp-content\/uploads\/2023\/09\/Ocean-Signal-EPIRB-1-Front.webp\",\"width\":800,\"height\":800},{\"@type\":\"BreadcrumbList\",\"@id\":\"https:\/\/oceansignal.com\/fr\/products\/rescueme-epirb1-balise-de-distresse\/#breadcrumb\",\"itemListElement\":[{\"@type\":\"ListItem\",\"position\":1,\"name\":\"Produits\",\"item\":\"https:\/\/oceansignal.com\/fr\/produits\/\"},{\"@type\":\"ListItem\",\"position\":2,\"name\":\"rescueME EPIRB1\"}]},{\"@type\":\"WebSite\",\"@id\":\"https:\/\/oceansignal.com\/fr\/#website\",\"url\":\"https:\/\/oceansignal.com\/fr\/\",\"name\":\"Ocean Signal\",\"description\":\"A leading manufacturer of EPIRBs, AIS, SARTs, Personal Locator Beacons, Man Overboard Beacon for the Marine and Outdoor Markets.\",\"potentialAction\":[{\"@type\":\"SearchAction\",\"target\":{\"@type\":\"EntryPoint\",\"urlTemplate\":\"https:\/\/oceansignal.com\/fr\/?s={search_term_string}\"},\"query-input\":{\"@type\":\"PropertyValueSpecification\",\"valueRequired\":true,\"valueName\":\"search_term_string\"}}],\"inLanguage\":\"fr-FR\"}]}<\/script>\n<!-- \/ Yoast SEO Premium plugin. -->","yoast_head_json":{"title":"rescueME EPIRB1 - Ocean Signal","description":"Naviguez en toute s\u00e9curit\u00e9 gr\u00e2ce \u00e0 la balise de d\u00e9tresse EPIRB1 rescueME d'Ocean Signal. Compacte et fiable, elle est id\u00e9ale pour vos aventures maritimes.","robots":{"index":"index","follow":"follow","max-snippet":"max-snippet:-1","max-image-preview":"max-image-preview:large","max-video-preview":"max-video-preview:-1"},"canonical":"https:\/\/oceansignal.com\/fr\/products\/rescueme-epirb1-balise-de-distresse\/","og_locale":"fr_FR","og_type":"article","og_title":"rescueME EPIRB1","og_description":"Naviguez en toute s\u00e9curit\u00e9 gr\u00e2ce \u00e0 la balise de d\u00e9tresse EPIRB1 rescueME d'Ocean Signal. Compacte et fiable, elle est id\u00e9ale pour vos aventures maritimes.","og_url":"https:\/\/oceansignal.com\/fr\/products\/rescueme-epirb1-balise-de-distresse\/","og_site_name":"Ocean Signal","article_modified_time":"2026-01-21T19:37:06+00:00","og_image":[{"width":800,"height":800,"url":"https:\/\/oceansignal.com\/wp-content\/uploads\/2023\/09\/Ocean-Signal-EPIRB-1-Front.webp","type":"image\/webp"}],"twitter_card":"summary_large_image","twitter_misc":{"Dur\u00e9e de lecture estim\u00e9e":"3 minutes"},"schema":{"@context":"https:\/\/schema.org","@graph":[{"@type":"WebPage","@id":"https:\/\/oceansignal.com\/fr\/products\/rescueme-epirb1-balise-de-distresse\/","url":"https:\/\/oceansignal.com\/fr\/products\/rescueme-epirb1-balise-de-distresse\/","name":"rescueME EPIRB1 - Ocean Signal","isPartOf":{"@id":"https:\/\/oceansignal.com\/fr\/#website"},"primaryImageOfPage":{"@id":"https:\/\/oceansignal.com\/fr\/products\/rescueme-epirb1-balise-de-distresse\/#primaryimage"},"image":{"@id":"https:\/\/oceansignal.com\/fr\/products\/rescueme-epirb1-balise-de-distresse\/#primaryimage"},"thumbnailUrl":"https:\/\/oceansignal.com\/wp-content\/uploads\/2023\/09\/Ocean-Signal-EPIRB-1-Front.webp","datePublished":"2023-09-07T11:09:06+00:00","dateModified":"2026-01-21T19:37:06+00:00","description":"Naviguez en toute s\u00e9curit\u00e9 gr\u00e2ce \u00e0 la balise de d\u00e9tresse EPIRB1 rescueME d'Ocean Signal. Compacte et fiable, elle est id\u00e9ale pour vos aventures maritimes.","breadcrumb":{"@id":"https:\/\/oceansignal.com\/fr\/products\/rescueme-epirb1-balise-de-distresse\/#breadcrumb"},"inLanguage":"fr-FR","potentialAction":[{"@type":"ReadAction","target":["https:\/\/oceansignal.com\/fr\/products\/rescueme-epirb1-balise-de-distresse\/"]}]},{"@type":"ImageObject","inLanguage":"fr-FR","@id":"https:\/\/oceansignal.com\/fr\/products\/rescueme-epirb1-balise-de-distresse\/#primaryimage","url":"https:\/\/oceansignal.com\/wp-content\/uploads\/2023\/09\/Ocean-Signal-EPIRB-1-Front.webp","contentUrl":"https:\/\/oceansignal.com\/wp-content\/uploads\/2023\/09\/Ocean-Signal-EPIRB-1-Front.webp","width":800,"height":800},{"@type":"BreadcrumbList","@id":"https:\/\/oceansignal.com\/fr\/products\/rescueme-epirb1-balise-de-distresse\/#breadcrumb","itemListElement":[{"@type":"ListItem","position":1,"name":"Produits","item":"https:\/\/oceansignal.com\/fr\/produits\/"},{"@type":"ListItem","position":2,"name":"rescueME EPIRB1"}]},{"@type":"WebSite","@id":"https:\/\/oceansignal.com\/fr\/#website","url":"https:\/\/oceansignal.com\/fr\/","name":"Ocean Signal","description":"A leading manufacturer of EPIRBs, AIS, SARTs, Personal Locator Beacons, Man Overboard Beacon for the Marine and Outdoor Markets.","potentialAction":[{"@type":"SearchAction","target":{"@type":"EntryPoint","urlTemplate":"https:\/\/oceansignal.com\/fr\/?s={search_term_string}"},"query-input":{"@type":"PropertyValueSpecification","valueRequired":true,"valueName":"search_term_string"}}],"inLanguage":"fr-FR"}]}},"_links":{"self":[{"href":"https:\/\/oceansignal.com\/fr\/wp-json\/wp\/v2\/product\/7866","targetHints":{"allow":["GET"]}}],"collection":[{"href":"https:\/\/oceansignal.com\/fr\/wp-json\/wp\/v2\/product"}],"about":[{"href":"https:\/\/oceansignal.com\/fr\/wp-json\/wp\/v2\/types\/product"}],"wp:featuredmedia":[{"embeddable":true,"href":"https:\/\/oceansignal.com\/fr\/wp-json\/wp\/v2\/media\/35480"}],"wp:attachment":[{"href":"https:\/\/oceansignal.com\/fr\/wp-json\/wp\/v2\/media?parent=7866"}],"wp:term":[{"taxonomy":"product_brand","embeddable":true,"href":"https:\/\/oceansignal.com\/fr\/wp-json\/wp\/v2\/product_brand?post=7866"},{"taxonomy":"product_cat","embeddable":true,"href":"https:\/\/oceansignal.com\/fr\/wp-json\/wp\/v2\/product_cat?post=7866"},{"taxonomy":"product_tag","embeddable":true,"href":"https:\/\/oceansignal.com\/fr\/wp-json\/wp\/v2\/product_tag?post=7866"}],"curies":[{"name":"wp","href":"https:\/\/api.w.org\/{rel}","templated":true}]}}