{"id":7868,"date":"2023-09-08T08:24:00","date_gmt":"2023-09-08T08:24:00","guid":{"rendered":"https:\/\/oceansignal.com\/products\/rescueme-edf1-flare\/"},"modified":"2026-01-21T20:23:59","modified_gmt":"2026-01-21T20:23:59","slug":"rescueme-edf1-feu-de-destresse-electronique","status":"publish","type":"product","link":"https:\/\/oceansignal.com\/fr\/products\/rescueme-edf1-feu-de-destresse-electronique\/","title":{"rendered":"fus\u00e9e rescueME EDF1 Flare"},"content":{"rendered":"<p>La fus\u00e9e de d\u00e9tresse \u00e9lectronique <strong>rescueME EDF1<\/strong> offre aux utilisateurs une solution s\u00fbre et durable de signalisation visuelle en cas d&rsquo;urgence. La conception unique de la lentille combin\u00e9e \u00e0 l&rsquo;utilisation de LED avanc\u00e9es et d&rsquo;une technologie de circuit hautement efficace garantit un niveau constant de puissance lumineuse pendant toute la dur\u00e9e de vie de la batterie rempla\u00e7able par l&rsquo;utilisateur. <\/p>\n<p>Le faisceau lumineux est de plus de 30\u00b0 sur l&rsquo;ensemble de l&rsquo;azimut \u00e0 360\u00b0, ce qui permet une couverture lumineuse 6 fois sup\u00e9rieure \u00e0 celle des autres fus\u00e9es \u00e9lectroniques*. La lumi\u00e8re est \u00e9galement r\u00e9partie sur tout l&rsquo;h\u00e9misph\u00e8re au-dessus de l&rsquo;appareil pour assurer la visibilit\u00e9 depuis les airs. <\/p>\n<p>Contrairement aux fus\u00e9es pyrotechniques \u00e0 usage unique, le <strong>rescueME EDF1<\/strong> peut \u00eatre utilis\u00e9 \u00e0 plusieurs reprises dans l&rsquo;un de ses quatre modes, garantissant une visibilit\u00e9 continue sur une p\u00e9riode plus longue. L&rsquo;unit\u00e9 est \u00e0 la fois s\u00fbre \u00e0 stocker et \u00e0 utiliser tout en \u00e9liminant les soucis li\u00e9s \u00e0 l&rsquo;\u00e9limination. La taille compacte et la conception robuste font du <strong>rescueME EDF1<\/strong> le produit de s\u00e9curit\u00e9 parfait pour un sac \u00e0 main, un radeau de sauvetage ou un sac \u00e0 dos de randonneur.  <\/p>\n<p><em>La batterie de remplacement, LB10F, peut \u00eatre command\u00e9e aupr\u00e8s <a href=\"https:\/\/oceansignal.com\/fr\/soutien\/localisateur-de-revendeurs\/\">des revendeurs Ocean Signal<\/a> qui stockent l&rsquo;EDF1. Le code de commande est 751S-01771. <\/em><\/p>\n<p>Besoin d&rsquo;une Flare \u00e9lectronique approuv\u00e9e par l&rsquo;USCG : <a href=\"https:\/\/www.acrartex.com\/products\/resqflare-boat-flare\/\">ACR ResQFlare<\/a><\/p>\n","protected":false},"excerpt":{"rendered":"<p>Fus\u00e9e de d\u00e9tresse \u00e0 LED EDF1 : une excellente alternative aux fus\u00e9es pyrotechniques traditionnelles<\/p>\n<ul>\n<li>Technologie LED avanc\u00e9e &#8211; Fonctionnement s\u00fbr<\/li>\n<li>Superbe visibilit\u00e9 \u00e0 360 degr\u00e9s dans l&rsquo;azimut<\/li>\n<li>Jusqu&rsquo;\u00e0 6 heures d&rsquo;autonomie de la batterie<\/li>\n<li>Quatre modes de fonctionnement plus signalisation SOS Batterie rempla\u00e7able facile \u00e0 changer<\/li>\n<li>Port\u00e9e jusqu&rsquo;\u00e0 7 miles<\/li>\n<li>Fonction de test de batterie<\/li>\n<li>Conception compacte et robuste<\/li>\n<li>Excellente visibilit\u00e9 pour les avions et les h\u00e9licopt\u00e8res SAR<\/li>\n<li>Luminosit\u00e9 constante maintenue pendant toute la dur\u00e9e de vie de la batterie<\/li>\n<li>Batterie rempla\u00e7able facile \u00e0 changer<\/li>\n<li>\u00c9tanche jusqu&rsquo;\u00e0 10 m\u00e8tres<\/li>\n<\/ul>\n","protected":false},"featured_media":12043,"template":"","meta":{"_acf_changed":false,"om_disable_all_campaigns":false},"product_brand":[],"product_cat":[471,1185],"product_tag":[1186,1187,1188],"class_list":{"0":"post-7868","1":"product","2":"type-product","3":"status-publish","4":"has-post-thumbnail","6":"product_cat-rescueme-fr","7":"product_cat-signalisation-electronique-et-flare-de-detresse","8":"product_tag-edf1-fr","9":"product_tag-flare-de-detresse-electronique","10":"product_tag-flare-de-secours","12":"first","13":"instock","14":"taxable","15":"shipping-taxable","16":"purchasable","17":"product-type-simple"},"acf":[],"yoast_head":"<!-- This site is optimized with the Yoast SEO Premium plugin v25.2 (Yoast SEO v26.4) - https:\/\/yoast.com\/wordpress\/plugins\/seo\/ -->\n<title>fus\u00e9e rescueME EDF1 Flare - Ocean Signal<\/title>\n<meta name=\"description\" content=\"Restez en s\u00e9curit\u00e9 en mer avec Flare \u00e9lectronique Ocean Signal rescueME EDF1. Signalisation de d\u00e9tresse compacte et fiable pour les urgences maritimes. Achetez maintenant !\" \/>\n<meta name=\"robots\" content=\"index, follow, max-snippet:-1, max-image-preview:large, max-video-preview:-1\" \/>\n<link rel=\"canonical\" href=\"https:\/\/oceansignal.com\/fr\/products\/rescueme-edf1-feu-de-destresse-electronique\/\" \/>\n<meta property=\"og:locale\" content=\"fr_FR\" \/>\n<meta property=\"og:type\" content=\"article\" \/>\n<meta property=\"og:title\" content=\"fus\u00e9e rescueME EDF1 Flare\" \/>\n<meta property=\"og:description\" content=\"Restez en s\u00e9curit\u00e9 en mer avec Flare \u00e9lectronique Ocean Signal rescueME EDF1. Signalisation de d\u00e9tresse compacte et fiable pour les urgences maritimes. Achetez maintenant !\" \/>\n<meta property=\"og:url\" content=\"https:\/\/oceansignal.com\/fr\/products\/rescueme-edf1-feu-de-destresse-electronique\/\" \/>\n<meta property=\"og:site_name\" content=\"Ocean Signal\" \/>\n<meta property=\"article:modified_time\" content=\"2026-01-21T20:23:59+00:00\" \/>\n<meta property=\"og:image\" content=\"https:\/\/oceansignal.com\/wp-content\/uploads\/2023\/09\/Ocean-Signal-EDF1.png\" \/>\n\t<meta property=\"og:image:width\" content=\"800\" \/>\n\t<meta property=\"og:image:height\" content=\"800\" \/>\n\t<meta property=\"og:image:type\" content=\"image\/png\" \/>\n<meta name=\"twitter:card\" content=\"summary_large_image\" \/>\n<meta name=\"twitter:label1\" content=\"Dur\u00e9e de lecture estim\u00e9e\" \/>\n\t<meta name=\"twitter:data1\" content=\"1 minute\" \/>\n<script type=\"application\/ld+json\" class=\"yoast-schema-graph\">{\"@context\":\"https:\/\/schema.org\",\"@graph\":[{\"@type\":\"WebPage\",\"@id\":\"https:\/\/oceansignal.com\/fr\/products\/rescueme-edf1-feu-de-destresse-electronique\/\",\"url\":\"https:\/\/oceansignal.com\/fr\/products\/rescueme-edf1-feu-de-destresse-electronique\/\",\"name\":\"fus\u00e9e rescueME EDF1 Flare - Ocean Signal\",\"isPartOf\":{\"@id\":\"https:\/\/oceansignal.com\/fr\/#website\"},\"primaryImageOfPage\":{\"@id\":\"https:\/\/oceansignal.com\/fr\/products\/rescueme-edf1-feu-de-destresse-electronique\/#primaryimage\"},\"image\":{\"@id\":\"https:\/\/oceansignal.com\/fr\/products\/rescueme-edf1-feu-de-destresse-electronique\/#primaryimage\"},\"thumbnailUrl\":\"https:\/\/oceansignal.com\/wp-content\/uploads\/2023\/09\/Ocean-Signal-EDF1.png\",\"datePublished\":\"2023-09-08T08:24:00+00:00\",\"dateModified\":\"2026-01-21T20:23:59+00:00\",\"description\":\"Restez en s\u00e9curit\u00e9 en mer avec Flare \u00e9lectronique Ocean Signal rescueME EDF1. Signalisation de d\u00e9tresse compacte et fiable pour les urgences maritimes. Achetez maintenant !\",\"breadcrumb\":{\"@id\":\"https:\/\/oceansignal.com\/fr\/products\/rescueme-edf1-feu-de-destresse-electronique\/#breadcrumb\"},\"inLanguage\":\"fr-FR\",\"potentialAction\":[{\"@type\":\"ReadAction\",\"target\":[\"https:\/\/oceansignal.com\/fr\/products\/rescueme-edf1-feu-de-destresse-electronique\/\"]}]},{\"@type\":\"ImageObject\",\"inLanguage\":\"fr-FR\",\"@id\":\"https:\/\/oceansignal.com\/fr\/products\/rescueme-edf1-feu-de-destresse-electronique\/#primaryimage\",\"url\":\"https:\/\/oceansignal.com\/wp-content\/uploads\/2023\/09\/Ocean-Signal-EDF1.png\",\"contentUrl\":\"https:\/\/oceansignal.com\/wp-content\/uploads\/2023\/09\/Ocean-Signal-EDF1.png\",\"width\":800,\"height\":800},{\"@type\":\"BreadcrumbList\",\"@id\":\"https:\/\/oceansignal.com\/fr\/products\/rescueme-edf1-feu-de-destresse-electronique\/#breadcrumb\",\"itemListElement\":[{\"@type\":\"ListItem\",\"position\":1,\"name\":\"Produits\",\"item\":\"https:\/\/oceansignal.com\/fr\/produits\/\"},{\"@type\":\"ListItem\",\"position\":2,\"name\":\"fus\u00e9e rescueME EDF1 Flare\"}]},{\"@type\":\"WebSite\",\"@id\":\"https:\/\/oceansignal.com\/fr\/#website\",\"url\":\"https:\/\/oceansignal.com\/fr\/\",\"name\":\"Ocean Signal\",\"description\":\"A leading manufacturer of EPIRBs, AIS, SARTs, Personal Locator Beacons, Man Overboard Beacon for the Marine and Outdoor Markets.\",\"potentialAction\":[{\"@type\":\"SearchAction\",\"target\":{\"@type\":\"EntryPoint\",\"urlTemplate\":\"https:\/\/oceansignal.com\/fr\/?s={search_term_string}\"},\"query-input\":{\"@type\":\"PropertyValueSpecification\",\"valueRequired\":true,\"valueName\":\"search_term_string\"}}],\"inLanguage\":\"fr-FR\"}]}<\/script>\n<!-- \/ Yoast SEO Premium plugin. -->","yoast_head_json":{"title":"fus\u00e9e rescueME EDF1 Flare - Ocean Signal","description":"Restez en s\u00e9curit\u00e9 en mer avec Flare \u00e9lectronique Ocean Signal rescueME EDF1. Signalisation de d\u00e9tresse compacte et fiable pour les urgences maritimes. Achetez maintenant !","robots":{"index":"index","follow":"follow","max-snippet":"max-snippet:-1","max-image-preview":"max-image-preview:large","max-video-preview":"max-video-preview:-1"},"canonical":"https:\/\/oceansignal.com\/fr\/products\/rescueme-edf1-feu-de-destresse-electronique\/","og_locale":"fr_FR","og_type":"article","og_title":"fus\u00e9e rescueME EDF1 Flare","og_description":"Restez en s\u00e9curit\u00e9 en mer avec Flare \u00e9lectronique Ocean Signal rescueME EDF1. Signalisation de d\u00e9tresse compacte et fiable pour les urgences maritimes. Achetez maintenant !","og_url":"https:\/\/oceansignal.com\/fr\/products\/rescueme-edf1-feu-de-destresse-electronique\/","og_site_name":"Ocean Signal","article_modified_time":"2026-01-21T20:23:59+00:00","og_image":[{"width":800,"height":800,"url":"https:\/\/oceansignal.com\/wp-content\/uploads\/2023\/09\/Ocean-Signal-EDF1.png","type":"image\/png"}],"twitter_card":"summary_large_image","twitter_misc":{"Dur\u00e9e de lecture estim\u00e9e":"1 minute"},"schema":{"@context":"https:\/\/schema.org","@graph":[{"@type":"WebPage","@id":"https:\/\/oceansignal.com\/fr\/products\/rescueme-edf1-feu-de-destresse-electronique\/","url":"https:\/\/oceansignal.com\/fr\/products\/rescueme-edf1-feu-de-destresse-electronique\/","name":"fus\u00e9e rescueME EDF1 Flare - Ocean Signal","isPartOf":{"@id":"https:\/\/oceansignal.com\/fr\/#website"},"primaryImageOfPage":{"@id":"https:\/\/oceansignal.com\/fr\/products\/rescueme-edf1-feu-de-destresse-electronique\/#primaryimage"},"image":{"@id":"https:\/\/oceansignal.com\/fr\/products\/rescueme-edf1-feu-de-destresse-electronique\/#primaryimage"},"thumbnailUrl":"https:\/\/oceansignal.com\/wp-content\/uploads\/2023\/09\/Ocean-Signal-EDF1.png","datePublished":"2023-09-08T08:24:00+00:00","dateModified":"2026-01-21T20:23:59+00:00","description":"Restez en s\u00e9curit\u00e9 en mer avec Flare \u00e9lectronique Ocean Signal rescueME EDF1. Signalisation de d\u00e9tresse compacte et fiable pour les urgences maritimes. Achetez maintenant !","breadcrumb":{"@id":"https:\/\/oceansignal.com\/fr\/products\/rescueme-edf1-feu-de-destresse-electronique\/#breadcrumb"},"inLanguage":"fr-FR","potentialAction":[{"@type":"ReadAction","target":["https:\/\/oceansignal.com\/fr\/products\/rescueme-edf1-feu-de-destresse-electronique\/"]}]},{"@type":"ImageObject","inLanguage":"fr-FR","@id":"https:\/\/oceansignal.com\/fr\/products\/rescueme-edf1-feu-de-destresse-electronique\/#primaryimage","url":"https:\/\/oceansignal.com\/wp-content\/uploads\/2023\/09\/Ocean-Signal-EDF1.png","contentUrl":"https:\/\/oceansignal.com\/wp-content\/uploads\/2023\/09\/Ocean-Signal-EDF1.png","width":800,"height":800},{"@type":"BreadcrumbList","@id":"https:\/\/oceansignal.com\/fr\/products\/rescueme-edf1-feu-de-destresse-electronique\/#breadcrumb","itemListElement":[{"@type":"ListItem","position":1,"name":"Produits","item":"https:\/\/oceansignal.com\/fr\/produits\/"},{"@type":"ListItem","position":2,"name":"fus\u00e9e rescueME EDF1 Flare"}]},{"@type":"WebSite","@id":"https:\/\/oceansignal.com\/fr\/#website","url":"https:\/\/oceansignal.com\/fr\/","name":"Ocean Signal","description":"A leading manufacturer of EPIRBs, AIS, SARTs, Personal Locator Beacons, Man Overboard Beacon for the Marine and Outdoor Markets.","potentialAction":[{"@type":"SearchAction","target":{"@type":"EntryPoint","urlTemplate":"https:\/\/oceansignal.com\/fr\/?s={search_term_string}"},"query-input":{"@type":"PropertyValueSpecification","valueRequired":true,"valueName":"search_term_string"}}],"inLanguage":"fr-FR"}]}},"_links":{"self":[{"href":"https:\/\/oceansignal.com\/fr\/wp-json\/wp\/v2\/product\/7868","targetHints":{"allow":["GET"]}}],"collection":[{"href":"https:\/\/oceansignal.com\/fr\/wp-json\/wp\/v2\/product"}],"about":[{"href":"https:\/\/oceansignal.com\/fr\/wp-json\/wp\/v2\/types\/product"}],"wp:featuredmedia":[{"embeddable":true,"href":"https:\/\/oceansignal.com\/fr\/wp-json\/wp\/v2\/media\/12043"}],"wp:attachment":[{"href":"https:\/\/oceansignal.com\/fr\/wp-json\/wp\/v2\/media?parent=7868"}],"wp:term":[{"taxonomy":"product_brand","embeddable":true,"href":"https:\/\/oceansignal.com\/fr\/wp-json\/wp\/v2\/product_brand?post=7868"},{"taxonomy":"product_cat","embeddable":true,"href":"https:\/\/oceansignal.com\/fr\/wp-json\/wp\/v2\/product_cat?post=7868"},{"taxonomy":"product_tag","embeddable":true,"href":"https:\/\/oceansignal.com\/fr\/wp-json\/wp\/v2\/product_tag?post=7868"}],"curies":[{"name":"wp","href":"https:\/\/api.w.org\/{rel}","templated":true}]}}