{"id":8424,"date":"2023-09-08T09:20:37","date_gmt":"2023-09-08T09:20:37","guid":{"rendered":"https:\/\/oceansignal.com\/products\/safesea-v100-vhf\/"},"modified":"2026-01-21T19:54:57","modified_gmt":"2026-01-21T19:54:57","slug":"safesea-v100-vhf","status":"publish","type":"product","link":"https:\/\/oceansignal.com\/fr\/products\/safesea-v100-vhf\/","title":{"rendered":"VHF safeSEA V100"},"content":{"rendered":"<p>Pour les tests de routine du V100, une pile alcaline non rechargeable (TB6V) est disponible. Cette pile a une dur\u00e9e de vie limit\u00e9e pour les tests uniquement et ne convient pas \u00e0 une utilisation op\u00e9rationnelle. De plus, la nouvelle languette de protection de la pile signifie que la pile principale peut \u00eatre fix\u00e9e en permanence \u00e0 la radio sans craindre de perdre sa charge. La radio sera toujours disponible pour une utilisation en cas d&rsquo;urgence sans qu&rsquo;il soit n\u00e9cessaire de retirer les \u00e9tiquettes de protection ou autres avant utilisation. Il suffit de casser la languette de protection rouge et la radio sera imm\u00e9diatement pr\u00eate \u00e0 s&rsquo;allumer.    <\/p>\n<h4>Fonctionnalit\u00e9s:<\/h4>\n<ul>\n<li>Option de batterie rechargeable au lithium-polym\u00e8re disponible avec chargeur rapide, pour une utilisation normale au quotidien<\/li>\n<li>Enti\u00e8rement \u00e9tanche, m\u00eame 40C choc thermique<\/li>\n<li>\u00c9metteur \u00e0 haut rendement pour une dur\u00e9e de vie maximale de la batterie<\/li>\n<li>La conception robuste d\u00e9passe les exigences environnementales de la radio VHF GMDSS<\/li>\n<li>Batterie primaire au lithium pour utilisation d&rsquo;urgence\n<ul>\n<li>La nouvelle languette de protection de la batterie prot\u00e8ge contre l\u2019utilisation par inadvertance<\/li>\n<li>Batterie class\u00e9e comme non dangereuse pour l\u2019exp\u00e9dition<\/li>\n<li>La batterie offre plus de 16 heures de fonctionnement normal, m\u00eame \u00e0 -20 \u00b0C. (10 % Tx, 10 % Rx, 80 % Squelched) <\/li>\n<\/ul>\n<\/li>\n<li>L\u00e9gendes cl\u00e9s grav\u00e9es au laser pour plus de durabilit\u00e9<\/li>\n<li>\u00c9cran LCD et clavier r\u00e9tro\u00e9clair\u00e9s \u00e0 contraste \u00e9lev\u00e9<\/li>\n<li>Option de prise d\u2019accessoire robuste ; \u00e9tanche \u00e0 IP68 pour une utilisation avec des casques, des casques, des micros de poing, etc.<\/li>\n<li>4 modes de balayage, D\/W, T\/W, balayage et balayage de la m\u00e9moire<\/li>\n<li>21 canaux simplex selon les exigences SOLAs de l\u2019OMI<\/li>\n<\/ul>\n<p>La radio VHF safeSEA V100 GMDSS r\u00e9pond aux exigences rigoureuses fix\u00e9es par le Syst\u00e8me mondial de d\u00e9tresse et de s\u00e9curit\u00e9 en mer (SMDSM), <a href=\"https:\/\/www.imo.org\/\">l&rsquo;Organisation maritime internationale (OMI)<\/a> et la Convention internationale pour la sauvegarde de la vie humaine en mer (SOLAS). Conforme aux normes internationales, il garantit la conformit\u00e9 r\u00e9glementaire de votre navire et son aptitude aux op\u00e9rations maritimes.<\/p>\n<p>Les navires soumis \u00e0 la r\u00e9glementation du Syst\u00e8me mondial de d\u00e9tresse et de s\u00e9curit\u00e9 en mer ( <a href=\"https:\/\/www.navcen.uscg.gov\/global-maritime-distress-and-safety-system\">SMDSM<\/a> ) sont g\u00e9n\u00e9ralement tenus d&rsquo;avoir une radio VHF SMDSM.<br \/>\n Il s\u2019agit notamment de :<\/p>\n<ol>\n<li>Navires \u00e0 passagers, y compris les ferries et les paquebots de croisi\u00e8re.<\/li>\n<li>Navires de charge d\u2019une jauge brute de 300 tonneaux et plus.<\/li>\n<li>P\u00e9troliers, y compris les transporteurs de p\u00e9trole, de produits chimiques et de gaz liqu\u00e9fi\u00e9.<\/li>\n<li>Engins \u00e0 grande vitesse (HSC) d\u2019une jauge brute de 500 et plus.<\/li>\n<li>Installations offshore et unit\u00e9s mobiles de forage offshore (MODU).<\/li>\n<li>Certains navires du gouvernement effectuant des voyages internationaux.<\/li>\n<\/ol>\n<p>En outre, des r\u00e9glementations sp\u00e9cifiques peuvent s&rsquo;appliquer en fonction de l&rsquo;\u00c9tat du pavillon du navire, de la zone d&rsquo;exploitation et de la dur\u00e9e du voyage. Il est essentiel de consulter les autorit\u00e9s maritimes comp\u00e9tentes et de respecter les r\u00e9glementations en vigueur pour garantir la conformit\u00e9. <\/p>\n<p>Besoin d&rsquo;une nouvelle balise AIS EPIRB pour \u00eatre conforme au SMDSM&nbsp;? D\u00e9couvrez la nouvelle <a href=\"https:\/\/oceansignal.com\/products\/safesea-epirb3-pro\/\">balise safeSEA EPIRB3 Pro<\/a> <\/p>\n<p><strong>Important :<\/strong> Veuillez lire ce <a href=\"http:\/\/oceansignal.com\/wp-content\/uploads\/2023\/09\/Service-Information-Letter-V100-Battery-Replacement.pdf\">bulletin de service<\/a> informant d&rsquo;une offre d&rsquo;\u00e9change de batterie gratuite sur les batteries dont la date d&rsquo;expiration ne d\u00e9passe pas septembre 2023.<br \/>\n Ce <a href=\"http:\/\/oceansignal.com\/wp-content\/uploads\/2023\/09\/Service-Information-Letter-V100-Battery-Replacement-Fr.pdf\">bulletin<\/a> est \u00e9galement disponible en langue fran\u00e7aise<\/p>\n","protected":false},"excerpt":{"rendered":"<p>La VHF de survie Ocean Signal safeSEA V100 est soigneusement con\u00e7ue pour \u00eatre la solution de communication id\u00e9ale pour les navires conformes aux normes SMDSM, OMI et SOLAS. Gr\u00e2ce \u00e0 sa conception robuste et \u00e0 ses fonctionnalit\u00e9s avanc\u00e9es, cette radio VHF SMDSM est votre bou\u00e9e de sauvetage en cas d&rsquo;urgence en mer. <\/p>\n<p>La radio VHF portable safeSEA V100 pour embarcation de sauvetage r\u00e9pond \u00e0 toutes les exigences de l&rsquo;OMI pour l&#8217;emport sur les navires SOLAS. Con\u00e7ue pour \u00eatre ultra-robuste et facile \u00e0 utiliser, \u00e0 bord comme en situation de d\u00e9tresse, la V100 est le choix id\u00e9al pour l&#8217;emport obligatoire et facultatif. <\/p>\n<p>En plus de la batterie principale, Ocean Signal propose en option une batterie rechargeable au lithium polym\u00e8re (RB5V) pour une utilisation quotidienne. Le chargeur rapide \u00e0 d\u00e9gagement rapide constitue la solution id\u00e9ale pour maintenir les batteries compl\u00e8tement charg\u00e9es. <\/p>\n<p><a href=\"https:\/\/www.dropbox.com\/s\/fk04stqsp2hgk5f\/Prop%2065%20-%20DEHP.pdf?dl=0\">AVERTISSEMENT : PROP 65<\/a><\/p>\n<p>&nbsp;<\/p>\n<p>&nbsp;<\/p>\n","protected":false},"featured_media":20875,"template":"","meta":{"_acf_changed":false,"om_disable_all_campaigns":false},"product_brand":[],"product_cat":[328],"product_tag":[],"class_list":{"0":"post-8424","1":"product","2":"type-product","3":"status-publish","4":"has-post-thumbnail","6":"product_cat-safesea-fr","8":"first","9":"instock","10":"taxable","11":"shipping-taxable","12":"purchasable","13":"product-type-simple"},"acf":[],"yoast_head":"<!-- This site is optimized with the Yoast SEO Premium plugin v25.2 (Yoast SEO v26.4) - https:\/\/yoast.com\/wordpress\/plugins\/seo\/ -->\n<title>VHF safeSEA V100 - Ocean Signal<\/title>\n<meta name=\"description\" content=\"Radio VHF Ocean Signal safeSEA V100\u00a0: conforme SMDSM pour les navires SOLAS. \u00c9quipement de communication essentiel pour la s\u00e9curit\u00e9 maritime et la conformit\u00e9 r\u00e9glementaire.\" \/>\n<meta name=\"robots\" content=\"index, follow, max-snippet:-1, max-image-preview:large, max-video-preview:-1\" \/>\n<link rel=\"canonical\" href=\"https:\/\/oceansignal.com\/fr\/products\/safesea-v100-vhf\/\" \/>\n<meta property=\"og:locale\" content=\"fr_FR\" \/>\n<meta property=\"og:type\" content=\"article\" \/>\n<meta property=\"og:title\" content=\"VHF safeSEA V100\" \/>\n<meta property=\"og:description\" content=\"Radio VHF Ocean Signal safeSEA V100\u00a0: conforme SMDSM pour les navires SOLAS. \u00c9quipement de communication essentiel pour la s\u00e9curit\u00e9 maritime et la conformit\u00e9 r\u00e9glementaire.\" \/>\n<meta property=\"og:url\" content=\"https:\/\/oceansignal.com\/fr\/products\/safesea-v100-vhf\/\" \/>\n<meta property=\"og:site_name\" content=\"Ocean Signal\" \/>\n<meta property=\"article:modified_time\" content=\"2026-01-21T19:54:57+00:00\" \/>\n<meta property=\"og:image\" content=\"https:\/\/oceansignal.com\/wp-content\/uploads\/2023\/09\/OSL-V100-360_600x600.gif\" \/>\n\t<meta property=\"og:image:width\" content=\"600\" \/>\n\t<meta property=\"og:image:height\" content=\"600\" \/>\n\t<meta property=\"og:image:type\" content=\"image\/gif\" \/>\n<meta name=\"twitter:card\" content=\"summary_large_image\" \/>\n<meta name=\"twitter:label1\" content=\"Dur\u00e9e de lecture estim\u00e9e\" \/>\n\t<meta name=\"twitter:data1\" content=\"3 minutes\" \/>\n<script type=\"application\/ld+json\" class=\"yoast-schema-graph\">{\"@context\":\"https:\/\/schema.org\",\"@graph\":[{\"@type\":\"WebPage\",\"@id\":\"https:\/\/oceansignal.com\/fr\/products\/safesea-v100-vhf\/\",\"url\":\"https:\/\/oceansignal.com\/fr\/products\/safesea-v100-vhf\/\",\"name\":\"VHF safeSEA V100 - Ocean Signal\",\"isPartOf\":{\"@id\":\"https:\/\/oceansignal.com\/fr\/#website\"},\"primaryImageOfPage\":{\"@id\":\"https:\/\/oceansignal.com\/fr\/products\/safesea-v100-vhf\/#primaryimage\"},\"image\":{\"@id\":\"https:\/\/oceansignal.com\/fr\/products\/safesea-v100-vhf\/#primaryimage\"},\"thumbnailUrl\":\"https:\/\/oceansignal.com\/wp-content\/uploads\/2023\/09\/OSL-V100-360_600x600.gif\",\"datePublished\":\"2023-09-08T09:20:37+00:00\",\"dateModified\":\"2026-01-21T19:54:57+00:00\",\"description\":\"Radio VHF Ocean Signal safeSEA V100\u00a0: conforme SMDSM pour les navires SOLAS. \u00c9quipement de communication essentiel pour la s\u00e9curit\u00e9 maritime et la conformit\u00e9 r\u00e9glementaire.\",\"breadcrumb\":{\"@id\":\"https:\/\/oceansignal.com\/fr\/products\/safesea-v100-vhf\/#breadcrumb\"},\"inLanguage\":\"fr-FR\",\"potentialAction\":[{\"@type\":\"ReadAction\",\"target\":[\"https:\/\/oceansignal.com\/fr\/products\/safesea-v100-vhf\/\"]}]},{\"@type\":\"ImageObject\",\"inLanguage\":\"fr-FR\",\"@id\":\"https:\/\/oceansignal.com\/fr\/products\/safesea-v100-vhf\/#primaryimage\",\"url\":\"https:\/\/oceansignal.com\/wp-content\/uploads\/2023\/09\/OSL-V100-360_600x600.gif\",\"contentUrl\":\"https:\/\/oceansignal.com\/wp-content\/uploads\/2023\/09\/OSL-V100-360_600x600.gif\",\"width\":600,\"height\":600,\"caption\":\"GMDSS VHF Radio\"},{\"@type\":\"BreadcrumbList\",\"@id\":\"https:\/\/oceansignal.com\/fr\/products\/safesea-v100-vhf\/#breadcrumb\",\"itemListElement\":[{\"@type\":\"ListItem\",\"position\":1,\"name\":\"Produits\",\"item\":\"https:\/\/oceansignal.com\/fr\/produits\/\"},{\"@type\":\"ListItem\",\"position\":2,\"name\":\"VHF safeSEA V100\"}]},{\"@type\":\"WebSite\",\"@id\":\"https:\/\/oceansignal.com\/fr\/#website\",\"url\":\"https:\/\/oceansignal.com\/fr\/\",\"name\":\"Ocean Signal\",\"description\":\"A leading manufacturer of EPIRBs, AIS, SARTs, Personal Locator Beacons, Man Overboard Beacon for the Marine and Outdoor Markets.\",\"potentialAction\":[{\"@type\":\"SearchAction\",\"target\":{\"@type\":\"EntryPoint\",\"urlTemplate\":\"https:\/\/oceansignal.com\/fr\/?s={search_term_string}\"},\"query-input\":{\"@type\":\"PropertyValueSpecification\",\"valueRequired\":true,\"valueName\":\"search_term_string\"}}],\"inLanguage\":\"fr-FR\"}]}<\/script>\n<!-- \/ Yoast SEO Premium plugin. -->","yoast_head_json":{"title":"VHF safeSEA V100 - Ocean Signal","description":"Radio VHF Ocean Signal safeSEA V100\u00a0: conforme SMDSM pour les navires SOLAS. \u00c9quipement de communication essentiel pour la s\u00e9curit\u00e9 maritime et la conformit\u00e9 r\u00e9glementaire.","robots":{"index":"index","follow":"follow","max-snippet":"max-snippet:-1","max-image-preview":"max-image-preview:large","max-video-preview":"max-video-preview:-1"},"canonical":"https:\/\/oceansignal.com\/fr\/products\/safesea-v100-vhf\/","og_locale":"fr_FR","og_type":"article","og_title":"VHF safeSEA V100","og_description":"Radio VHF Ocean Signal safeSEA V100\u00a0: conforme SMDSM pour les navires SOLAS. \u00c9quipement de communication essentiel pour la s\u00e9curit\u00e9 maritime et la conformit\u00e9 r\u00e9glementaire.","og_url":"https:\/\/oceansignal.com\/fr\/products\/safesea-v100-vhf\/","og_site_name":"Ocean Signal","article_modified_time":"2026-01-21T19:54:57+00:00","og_image":[{"url":"https:\/\/oceansignal.com\/wp-content\/uploads\/2023\/09\/OSL-V100-360_600x600.gif","width":600,"height":600,"type":"image\/gif"}],"twitter_card":"summary_large_image","twitter_misc":{"Dur\u00e9e de lecture estim\u00e9e":"3 minutes"},"schema":{"@context":"https:\/\/schema.org","@graph":[{"@type":"WebPage","@id":"https:\/\/oceansignal.com\/fr\/products\/safesea-v100-vhf\/","url":"https:\/\/oceansignal.com\/fr\/products\/safesea-v100-vhf\/","name":"VHF safeSEA V100 - Ocean Signal","isPartOf":{"@id":"https:\/\/oceansignal.com\/fr\/#website"},"primaryImageOfPage":{"@id":"https:\/\/oceansignal.com\/fr\/products\/safesea-v100-vhf\/#primaryimage"},"image":{"@id":"https:\/\/oceansignal.com\/fr\/products\/safesea-v100-vhf\/#primaryimage"},"thumbnailUrl":"https:\/\/oceansignal.com\/wp-content\/uploads\/2023\/09\/OSL-V100-360_600x600.gif","datePublished":"2023-09-08T09:20:37+00:00","dateModified":"2026-01-21T19:54:57+00:00","description":"Radio VHF Ocean Signal safeSEA V100\u00a0: conforme SMDSM pour les navires SOLAS. \u00c9quipement de communication essentiel pour la s\u00e9curit\u00e9 maritime et la conformit\u00e9 r\u00e9glementaire.","breadcrumb":{"@id":"https:\/\/oceansignal.com\/fr\/products\/safesea-v100-vhf\/#breadcrumb"},"inLanguage":"fr-FR","potentialAction":[{"@type":"ReadAction","target":["https:\/\/oceansignal.com\/fr\/products\/safesea-v100-vhf\/"]}]},{"@type":"ImageObject","inLanguage":"fr-FR","@id":"https:\/\/oceansignal.com\/fr\/products\/safesea-v100-vhf\/#primaryimage","url":"https:\/\/oceansignal.com\/wp-content\/uploads\/2023\/09\/OSL-V100-360_600x600.gif","contentUrl":"https:\/\/oceansignal.com\/wp-content\/uploads\/2023\/09\/OSL-V100-360_600x600.gif","width":600,"height":600,"caption":"GMDSS VHF Radio"},{"@type":"BreadcrumbList","@id":"https:\/\/oceansignal.com\/fr\/products\/safesea-v100-vhf\/#breadcrumb","itemListElement":[{"@type":"ListItem","position":1,"name":"Produits","item":"https:\/\/oceansignal.com\/fr\/produits\/"},{"@type":"ListItem","position":2,"name":"VHF safeSEA V100"}]},{"@type":"WebSite","@id":"https:\/\/oceansignal.com\/fr\/#website","url":"https:\/\/oceansignal.com\/fr\/","name":"Ocean Signal","description":"A leading manufacturer of EPIRBs, AIS, SARTs, Personal Locator Beacons, Man Overboard Beacon for the Marine and Outdoor Markets.","potentialAction":[{"@type":"SearchAction","target":{"@type":"EntryPoint","urlTemplate":"https:\/\/oceansignal.com\/fr\/?s={search_term_string}"},"query-input":{"@type":"PropertyValueSpecification","valueRequired":true,"valueName":"search_term_string"}}],"inLanguage":"fr-FR"}]}},"_links":{"self":[{"href":"https:\/\/oceansignal.com\/fr\/wp-json\/wp\/v2\/product\/8424","targetHints":{"allow":["GET"]}}],"collection":[{"href":"https:\/\/oceansignal.com\/fr\/wp-json\/wp\/v2\/product"}],"about":[{"href":"https:\/\/oceansignal.com\/fr\/wp-json\/wp\/v2\/types\/product"}],"wp:featuredmedia":[{"embeddable":true,"href":"https:\/\/oceansignal.com\/fr\/wp-json\/wp\/v2\/media\/20875"}],"wp:attachment":[{"href":"https:\/\/oceansignal.com\/fr\/wp-json\/wp\/v2\/media?parent=8424"}],"wp:term":[{"taxonomy":"product_brand","embeddable":true,"href":"https:\/\/oceansignal.com\/fr\/wp-json\/wp\/v2\/product_brand?post=8424"},{"taxonomy":"product_cat","embeddable":true,"href":"https:\/\/oceansignal.com\/fr\/wp-json\/wp\/v2\/product_cat?post=8424"},{"taxonomy":"product_tag","embeddable":true,"href":"https:\/\/oceansignal.com\/fr\/wp-json\/wp\/v2\/product_tag?post=8424"}],"curies":[{"name":"wp","href":"https:\/\/api.w.org\/{rel}","templated":true}]}}