{"id":8436,"date":"2023-09-08T09:39:08","date_gmt":"2023-09-08T09:39:08","guid":{"rendered":"https:\/\/oceansignal.com\/products\/safesea-s100-radar-sart\/"},"modified":"2026-01-21T19:32:23","modified_gmt":"2026-01-21T19:32:23","slug":"safesea-s100-radar-sart","status":"publish","type":"product","link":"https:\/\/oceansignal.com\/fr\/products\/safesea-s100-radar-sart\/","title":{"rendered":"Radar SART safeSEA S100"},"content":{"rendered":"<h4>Le transpondeur de recherche et de sauvetage safeSEA S100 (Radar SART) est un transpondeur radar d\u00e9di\u00e9 conforme aux r\u00e9glementations <a href=\"https:\/\/www.imo.org\/\">IMO<\/a> SOLAS.<\/h4>\n<p>L&rsquo;Organisation maritime internationale (OMI) impose des exigences de transport pour les transpondeurs de recherche et de sauvetage (SART) dans le cadre du Syst\u00e8me mondial de d\u00e9tresse et de s\u00e9curit\u00e9 en mer (SMDSM). Les navires soumis \u00e0 la r\u00e9glementation SMDSM, notamment les navires \u00e0 passagers, les cargos de plus de 300 tonneaux de jauge brute et les navires effectuant des voyages internationaux, doivent \u00eatre \u00e9quip\u00e9s d&rsquo;au moins un SART S100. Le S100 est un SART radar compact qui est essentiel pour aider \u00e0 localiser les navires en d\u00e9tresse en r\u00e9pondant aux signaux radar des unit\u00e9s de recherche et de sauvetage. Le SART radar S100 r\u00e9pond \u00e0 des normes de performance sp\u00e9cifiques d\u00e9finies par l&rsquo;OMI, garantissant la fiabilit\u00e9 et l&rsquo;efficacit\u00e9 du produit dans les situations de d\u00e9tresse. Le respect de ces exigences est essentiel pour am\u00e9liorer la s\u00e9curit\u00e9 maritime et faciliter les op\u00e9rations de recherche et de sauvetage en temps opportun.    <\/p>\n<ul>\n<li>Autonomie sup\u00e9rieure de la batterie, m\u00eame \u00e0 -20 \u00b0C<\/li>\n<li>Batterie rempla\u00e7able par l\u2019utilisateur<\/li>\n<li>Batterie non dangereuse<\/li>\n<li>Intervalle de remplacement de cinq ans<\/li>\n<li>Taille compacte pour un rangement facile du radeau de sauvetage<\/li>\n<li>Livr\u00e9 avec support de rangement<\/li>\n<li>Poteau Montr\u00e9 dans les images fournies s\u00e9par\u00e9ment (Num\u00e9ro de pi\u00e8ce de commande : 711S-01802 Poteau de montage SART)<\/li>\n<\/ul>\n<p>&nbsp;<\/p>\n<h4>Exigences de transport<\/h4>\n<ul>\n<li>Les SART sont obligatoires sur tous les navires SOLAS de l&rsquo;OMI effectuant des voyages internationaux&nbsp;:\n<ul>\n<li>Un sur 300-500 TJB<\/li>\n<li>Deux si plus de 500 TJB<\/li>\n<li>Un SART tous les quatre radeaux de sauvetage \u00e0 bord des navires rouliers \u00e0 passagers<\/li>\n<\/ul>\n<\/li>\n<li>Les navires de mandat national, y compris les bateaux de p\u00eache, les engins \u00e0 passagers, les bateaux de travail commerciaux, etc<\/li>\n<li>La plupart des Super et Mega yachts sont tenus d\u2019\u00eatre \u00e9quip\u00e9s d\u2019un SART, surtout s\u2019ils sont couverts par le code de pratique MCA, qui est reconnu par de nombreux pays.<\/li>\n<li>Les navires \u00e0 am\u00e9nagement volontaire b\u00e9n\u00e9ficieront \u00e9galement de l\u2019emport d\u2019un SART<\/li>\n<\/ul>\n<p>Besoin de mettre \u00e0 niveau votre balise EPIRB AIS&nbsp;? D\u00e9couvrez la nouvelle <a href=\"https:\/\/oceansignal.com\/products\/safesea-epirb3-pro\/\">balise EPIRB3 Pro safeSEA .<\/a> <\/p>\n","protected":false},"excerpt":{"rendered":"<p>Le transpondeur radar de recherche et de sauvetage Ocean Signal safeSEA S100, ou radar SART, est un \u00e9l\u00e9ment essentiel de l \u00ab \u00e9quipement de s\u00e9curit\u00e9 maritime. Il est con\u00e7u pour am\u00e9liorer la visibilit\u00e9 et faciliter les op\u00e9rations de recherche et de sauvetage. Gr\u00e2ce \u00e0 sa technologie avanc\u00e9e de r\u00e9flecteur radar, cette balise garantit la d\u00e9tection ais\u00e9e de votre navire, m\u00eame par mauvais temps et par faible visibilit\u00e9. Compact et robuste, le radar SART S100 est facile \u00e0 d\u00e9ployer et extr\u00eamement fiable, offrant une tranquillit\u00e9 d&rsquo;esprit aux marins et aux plaisanciers. Que vous naviguiez sur des voies maritimes tr\u00e8s fr\u00e9quent\u00e9es ou dans des eaux isol\u00e9es, le radar SART Ocean Signal safeSEA S100 est un compl\u00e9ment essentiel \u00e0 l \u00bb \u00e9quipement de s\u00e9curit\u00e9 de tout navire, garantissant une intervention rapide et efficace en cas d&rsquo;urgence.   <\/p>\n<p>Le SART safeSEA S100 est con\u00e7u pour faciliter le sauvetage et la r\u00e9cup\u00e9ration des radeaux de sauvetage et des embarcations de sauvetage. Une fois allum\u00e9, le SART reste en mode veille jusqu&rsquo;\u00e0 son activation automatique par un balayage radar en bande X provenant d&rsquo;un navire \u00e0 proximit\u00e9. Le safeSEA S100 \u00e9met une s\u00e9rie d&rsquo;impulsions qui s&rsquo;affichent sur le radar du navire sous forme de points, indiquant le cap de l&#8217;embarcation de sauvetage.  <\/p>\n<p><a href=\"https:\/\/www.dropbox.com\/s\/fk04stqsp2hgk5f\/Prop%2065%20-%20DEHP.pdf?dl=0\">AVERTISSEMENT : PROP 65<\/a><\/p>\n","protected":false},"featured_media":23017,"template":"","meta":{"_acf_changed":false,"om_disable_all_campaigns":false},"product_brand":[],"product_cat":[328],"product_tag":[],"class_list":{"0":"post-8436","1":"product","2":"type-product","3":"status-publish","4":"has-post-thumbnail","6":"product_cat-safesea-fr","8":"first","9":"instock","10":"taxable","11":"shipping-taxable","12":"purchasable","13":"product-type-simple"},"acf":[],"yoast_head":"<!-- This site is optimized with the Yoast SEO Premium plugin v25.2 (Yoast SEO v26.4) - https:\/\/yoast.com\/wordpress\/plugins\/seo\/ -->\n<title>Radar SART safeSEA S100 - Ocean Signal<\/title>\n<meta name=\"description\" content=\"Radar SART Ocean Signal S100 : r\u00e9flecteur radar indispensable pour la s\u00e9curit\u00e9 maritime. Balise de recherche et de sauvetage SMDSM fiable. Achetez maintenant pour une tranquillit\u00e9 d&#039;esprit !\" \/>\n<meta name=\"robots\" content=\"index, follow, max-snippet:-1, max-image-preview:large, max-video-preview:-1\" \/>\n<link rel=\"canonical\" href=\"https:\/\/oceansignal.com\/fr\/products\/safesea-s100-radar-sart\/\" \/>\n<meta property=\"og:locale\" content=\"fr_FR\" \/>\n<meta property=\"og:type\" content=\"article\" \/>\n<meta property=\"og:title\" content=\"Radar SART safeSEA S100\" \/>\n<meta property=\"og:description\" content=\"Radar SART Ocean Signal S100 : r\u00e9flecteur radar indispensable pour la s\u00e9curit\u00e9 maritime. Balise de recherche et de sauvetage SMDSM fiable. Achetez maintenant pour une tranquillit\u00e9 d&#039;esprit !\" \/>\n<meta property=\"og:url\" content=\"https:\/\/oceansignal.com\/fr\/products\/safesea-s100-radar-sart\/\" \/>\n<meta property=\"og:site_name\" content=\"Ocean Signal\" \/>\n<meta property=\"article:modified_time\" content=\"2026-01-21T19:32:23+00:00\" \/>\n<meta property=\"og:image\" content=\"https:\/\/oceansignal.com\/wp-content\/uploads\/2023\/09\/OSL-S100-SART-With-back-piece.png\" \/>\n\t<meta property=\"og:image:width\" content=\"792\" \/>\n\t<meta property=\"og:image:height\" content=\"792\" \/>\n\t<meta property=\"og:image:type\" content=\"image\/png\" \/>\n<meta name=\"twitter:card\" content=\"summary_large_image\" \/>\n<meta name=\"twitter:label1\" content=\"Dur\u00e9e de lecture estim\u00e9e\" \/>\n\t<meta name=\"twitter:data1\" content=\"2 minutes\" \/>\n<script type=\"application\/ld+json\" class=\"yoast-schema-graph\">{\"@context\":\"https:\/\/schema.org\",\"@graph\":[{\"@type\":\"WebPage\",\"@id\":\"https:\/\/oceansignal.com\/fr\/products\/safesea-s100-radar-sart\/\",\"url\":\"https:\/\/oceansignal.com\/fr\/products\/safesea-s100-radar-sart\/\",\"name\":\"Radar SART safeSEA S100 - Ocean Signal\",\"isPartOf\":{\"@id\":\"https:\/\/oceansignal.com\/fr\/#website\"},\"primaryImageOfPage\":{\"@id\":\"https:\/\/oceansignal.com\/fr\/products\/safesea-s100-radar-sart\/#primaryimage\"},\"image\":{\"@id\":\"https:\/\/oceansignal.com\/fr\/products\/safesea-s100-radar-sart\/#primaryimage\"},\"thumbnailUrl\":\"https:\/\/oceansignal.com\/wp-content\/uploads\/2023\/09\/OSL-S100-SART-With-back-piece.png\",\"datePublished\":\"2023-09-08T09:39:08+00:00\",\"dateModified\":\"2026-01-21T19:32:23+00:00\",\"description\":\"Radar SART Ocean Signal S100 : r\u00e9flecteur radar indispensable pour la s\u00e9curit\u00e9 maritime. Balise de recherche et de sauvetage SMDSM fiable. Achetez maintenant pour une tranquillit\u00e9 d'esprit !\",\"breadcrumb\":{\"@id\":\"https:\/\/oceansignal.com\/fr\/products\/safesea-s100-radar-sart\/#breadcrumb\"},\"inLanguage\":\"fr-FR\",\"potentialAction\":[{\"@type\":\"ReadAction\",\"target\":[\"https:\/\/oceansignal.com\/fr\/products\/safesea-s100-radar-sart\/\"]}]},{\"@type\":\"ImageObject\",\"inLanguage\":\"fr-FR\",\"@id\":\"https:\/\/oceansignal.com\/fr\/products\/safesea-s100-radar-sart\/#primaryimage\",\"url\":\"https:\/\/oceansignal.com\/wp-content\/uploads\/2023\/09\/OSL-S100-SART-With-back-piece.png\",\"contentUrl\":\"https:\/\/oceansignal.com\/wp-content\/uploads\/2023\/09\/OSL-S100-SART-With-back-piece.png\",\"width\":792,\"height\":792,\"caption\":\"Ocean Signal S100 Sart avec support \u00e9clat\u00e9, angle gauche\"},{\"@type\":\"BreadcrumbList\",\"@id\":\"https:\/\/oceansignal.com\/fr\/products\/safesea-s100-radar-sart\/#breadcrumb\",\"itemListElement\":[{\"@type\":\"ListItem\",\"position\":1,\"name\":\"Produits\",\"item\":\"https:\/\/oceansignal.com\/fr\/produits\/\"},{\"@type\":\"ListItem\",\"position\":2,\"name\":\"Radar SART safeSEA S100\"}]},{\"@type\":\"WebSite\",\"@id\":\"https:\/\/oceansignal.com\/fr\/#website\",\"url\":\"https:\/\/oceansignal.com\/fr\/\",\"name\":\"Ocean Signal\",\"description\":\"A leading manufacturer of EPIRBs, AIS, SARTs, Personal Locator Beacons, Man Overboard Beacon for the Marine and Outdoor Markets.\",\"potentialAction\":[{\"@type\":\"SearchAction\",\"target\":{\"@type\":\"EntryPoint\",\"urlTemplate\":\"https:\/\/oceansignal.com\/fr\/?s={search_term_string}\"},\"query-input\":{\"@type\":\"PropertyValueSpecification\",\"valueRequired\":true,\"valueName\":\"search_term_string\"}}],\"inLanguage\":\"fr-FR\"}]}<\/script>\n<!-- \/ Yoast SEO Premium plugin. -->","yoast_head_json":{"title":"Radar SART safeSEA S100 - Ocean Signal","description":"Radar SART Ocean Signal S100 : r\u00e9flecteur radar indispensable pour la s\u00e9curit\u00e9 maritime. Balise de recherche et de sauvetage SMDSM fiable. Achetez maintenant pour une tranquillit\u00e9 d'esprit !","robots":{"index":"index","follow":"follow","max-snippet":"max-snippet:-1","max-image-preview":"max-image-preview:large","max-video-preview":"max-video-preview:-1"},"canonical":"https:\/\/oceansignal.com\/fr\/products\/safesea-s100-radar-sart\/","og_locale":"fr_FR","og_type":"article","og_title":"Radar SART safeSEA S100","og_description":"Radar SART Ocean Signal S100 : r\u00e9flecteur radar indispensable pour la s\u00e9curit\u00e9 maritime. Balise de recherche et de sauvetage SMDSM fiable. Achetez maintenant pour une tranquillit\u00e9 d'esprit !","og_url":"https:\/\/oceansignal.com\/fr\/products\/safesea-s100-radar-sart\/","og_site_name":"Ocean Signal","article_modified_time":"2026-01-21T19:32:23+00:00","og_image":[{"width":792,"height":792,"url":"https:\/\/oceansignal.com\/wp-content\/uploads\/2023\/09\/OSL-S100-SART-With-back-piece.png","type":"image\/png"}],"twitter_card":"summary_large_image","twitter_misc":{"Dur\u00e9e de lecture estim\u00e9e":"2 minutes"},"schema":{"@context":"https:\/\/schema.org","@graph":[{"@type":"WebPage","@id":"https:\/\/oceansignal.com\/fr\/products\/safesea-s100-radar-sart\/","url":"https:\/\/oceansignal.com\/fr\/products\/safesea-s100-radar-sart\/","name":"Radar SART safeSEA S100 - Ocean Signal","isPartOf":{"@id":"https:\/\/oceansignal.com\/fr\/#website"},"primaryImageOfPage":{"@id":"https:\/\/oceansignal.com\/fr\/products\/safesea-s100-radar-sart\/#primaryimage"},"image":{"@id":"https:\/\/oceansignal.com\/fr\/products\/safesea-s100-radar-sart\/#primaryimage"},"thumbnailUrl":"https:\/\/oceansignal.com\/wp-content\/uploads\/2023\/09\/OSL-S100-SART-With-back-piece.png","datePublished":"2023-09-08T09:39:08+00:00","dateModified":"2026-01-21T19:32:23+00:00","description":"Radar SART Ocean Signal S100 : r\u00e9flecteur radar indispensable pour la s\u00e9curit\u00e9 maritime. Balise de recherche et de sauvetage SMDSM fiable. Achetez maintenant pour une tranquillit\u00e9 d'esprit !","breadcrumb":{"@id":"https:\/\/oceansignal.com\/fr\/products\/safesea-s100-radar-sart\/#breadcrumb"},"inLanguage":"fr-FR","potentialAction":[{"@type":"ReadAction","target":["https:\/\/oceansignal.com\/fr\/products\/safesea-s100-radar-sart\/"]}]},{"@type":"ImageObject","inLanguage":"fr-FR","@id":"https:\/\/oceansignal.com\/fr\/products\/safesea-s100-radar-sart\/#primaryimage","url":"https:\/\/oceansignal.com\/wp-content\/uploads\/2023\/09\/OSL-S100-SART-With-back-piece.png","contentUrl":"https:\/\/oceansignal.com\/wp-content\/uploads\/2023\/09\/OSL-S100-SART-With-back-piece.png","width":792,"height":792,"caption":"Ocean Signal S100 Sart avec support \u00e9clat\u00e9, angle gauche"},{"@type":"BreadcrumbList","@id":"https:\/\/oceansignal.com\/fr\/products\/safesea-s100-radar-sart\/#breadcrumb","itemListElement":[{"@type":"ListItem","position":1,"name":"Produits","item":"https:\/\/oceansignal.com\/fr\/produits\/"},{"@type":"ListItem","position":2,"name":"Radar SART safeSEA S100"}]},{"@type":"WebSite","@id":"https:\/\/oceansignal.com\/fr\/#website","url":"https:\/\/oceansignal.com\/fr\/","name":"Ocean Signal","description":"A leading manufacturer of EPIRBs, AIS, SARTs, Personal Locator Beacons, Man Overboard Beacon for the Marine and Outdoor Markets.","potentialAction":[{"@type":"SearchAction","target":{"@type":"EntryPoint","urlTemplate":"https:\/\/oceansignal.com\/fr\/?s={search_term_string}"},"query-input":{"@type":"PropertyValueSpecification","valueRequired":true,"valueName":"search_term_string"}}],"inLanguage":"fr-FR"}]}},"_links":{"self":[{"href":"https:\/\/oceansignal.com\/fr\/wp-json\/wp\/v2\/product\/8436","targetHints":{"allow":["GET"]}}],"collection":[{"href":"https:\/\/oceansignal.com\/fr\/wp-json\/wp\/v2\/product"}],"about":[{"href":"https:\/\/oceansignal.com\/fr\/wp-json\/wp\/v2\/types\/product"}],"wp:featuredmedia":[{"embeddable":true,"href":"https:\/\/oceansignal.com\/fr\/wp-json\/wp\/v2\/media\/23017"}],"wp:attachment":[{"href":"https:\/\/oceansignal.com\/fr\/wp-json\/wp\/v2\/media?parent=8436"}],"wp:term":[{"taxonomy":"product_brand","embeddable":true,"href":"https:\/\/oceansignal.com\/fr\/wp-json\/wp\/v2\/product_brand?post=8436"},{"taxonomy":"product_cat","embeddable":true,"href":"https:\/\/oceansignal.com\/fr\/wp-json\/wp\/v2\/product_cat?post=8436"},{"taxonomy":"product_tag","embeddable":true,"href":"https:\/\/oceansignal.com\/fr\/wp-json\/wp\/v2\/product_tag?post=8436"}],"curies":[{"name":"wp","href":"https:\/\/api.w.org\/{rel}","templated":true}]}}