{"id":6570,"date":"2024-04-09T09:05:13","date_gmt":"2024-04-09T09:05:13","guid":{"rendered":"https:\/\/oceansignal.com\/podaci-o-kupcima\/"},"modified":"2024-09-30T12:43:33","modified_gmt":"2024-09-30T12:43:33","slug":"podaci-o-kupcima","status":"publish","type":"page","link":"https:\/\/oceansignal.com\/hr\/podaci-o-kupcima\/","title":{"rendered":"Podaci o kupcima"},"content":{"rendered":"\n<div class=\"gb-container-narrow\">\n    <div class=\"gc-container \">\n                \n\n<p><strong>U svrhu registracije jamstva, konfiguracije proizvoda i pristupa testnim podacima, Ocean Signal Ltd. pohranjuje ograni\u010dene podatke o kupcima koji se unose putem ove web stranice ili pomo\u0107u mobilne aplikacije.<\/strong><\/p>\n\n\n\n<p>Za mobilnu aplikaciju <strong>&#8220;Ocean Signal&#8221;<\/strong><\/p>\n\n\n\n<p>Po\u0161aljite <a href=\"mailto:help@oceansignal.com\">help@oceansignal.com<\/a> e-po\u0161tom s naslovom &#8220;Brisanje ra\u010duna aplikacije&#8221; i navedite svoju adresu e-po\u0161te kako biste zatra\u017eili brisanje ra\u010duna.<\/p>\n\n\n\n<p>Imajte na umu da \u0107e nakon brisanja va\u0161eg ra\u010duna svi osobni podaci, kao \u0161to su va\u0161a adresa e-po\u0161te i svi podaci koje imamo o vama, va\u0161e postavke, konfiguracije AIS-a i svjetionici u vlasni\u0161tvu biti izbrisani, kao i svi ostali registrirani proizvodi.<\/p>\n\n\n\n<p>Zadr\u017eat \u0107e se podaci o jamstvu, kao i podaci o pro\u0161loj konfiguraciji, samotestiranju i GNSS testu iz beacon proizvoda<\/p>\n\n\n        <\/div><\/div>\n","protected":false},"excerpt":{"rendered":"","protected":false},"author":1,"featured_media":0,"parent":0,"menu_order":0,"comment_status":"closed","ping_status":"closed","template":"pagetemplate-header-orange.php","meta":{"_acf_changed":false,"om_disable_all_campaigns":false,"footnotes":""},"class_list":["post-6570","page","type-page","status-publish","hentry"],"acf":[],"yoast_head":"<!-- This site is optimized with the Yoast SEO Premium plugin v25.2 (Yoast SEO v26.4) - https:\/\/yoast.com\/wordpress\/plugins\/seo\/ -->\n<title>Podaci o kupcima - Ocean Signal<\/title>\n<meta name=\"robots\" content=\"index, follow, max-snippet:-1, max-image-preview:large, max-video-preview:-1\" \/>\n<link rel=\"canonical\" href=\"https:\/\/oceansignal.com\/hr\/podaci-o-kupcima\/\" \/>\n<meta property=\"og:locale\" content=\"hr_HR\" \/>\n<meta property=\"og:type\" content=\"article\" \/>\n<meta property=\"og:title\" content=\"Podaci o kupcima - Ocean Signal\" \/>\n<meta property=\"og:url\" content=\"https:\/\/oceansignal.com\/hr\/podaci-o-kupcima\/\" \/>\n<meta property=\"og:site_name\" content=\"Ocean Signal\" \/>\n<meta property=\"article:modified_time\" content=\"2024-09-30T12:43:33+00:00\" \/>\n<meta property=\"og:image\" content=\"https:\/\/oceansignal.com\/wp-content\/uploads\/2024\/03\/image-social-share-04.jpg\" \/>\n\t<meta property=\"og:image:width\" content=\"1200\" \/>\n\t<meta property=\"og:image:height\" content=\"630\" \/>\n\t<meta property=\"og:image:type\" content=\"image\/jpeg\" \/>\n<meta name=\"twitter:card\" content=\"summary_large_image\" \/>\n<meta name=\"twitter:label1\" content=\"Procijenjeno vrijeme \u010ditanja\" \/>\n\t<meta name=\"twitter:data1\" content=\"1 minuta\" \/>\n<script type=\"application\/ld+json\" class=\"yoast-schema-graph\">{\"@context\":\"https:\/\/schema.org\",\"@graph\":[{\"@type\":\"WebPage\",\"@id\":\"https:\/\/oceansignal.com\/hr\/podaci-o-kupcima\/\",\"url\":\"https:\/\/oceansignal.com\/hr\/podaci-o-kupcima\/\",\"name\":\"Podaci o kupcima - Ocean Signal\",\"isPartOf\":{\"@id\":\"https:\/\/oceansignal.com\/hr\/#website\"},\"datePublished\":\"2024-04-09T09:05:13+00:00\",\"dateModified\":\"2024-09-30T12:43:33+00:00\",\"inLanguage\":\"hr\",\"potentialAction\":[{\"@type\":\"ReadAction\",\"target\":[\"https:\/\/oceansignal.com\/hr\/podaci-o-kupcima\/\"]}]},{\"@type\":\"WebSite\",\"@id\":\"https:\/\/oceansignal.com\/hr\/#website\",\"url\":\"https:\/\/oceansignal.com\/hr\/\",\"name\":\"Ocean Signal\",\"description\":\"A leading manufacturer of EPIRBs, AIS, SARTs, Personal Locator Beacons, Man Overboard Beacon for the Marine and Outdoor Markets.\",\"potentialAction\":[{\"@type\":\"SearchAction\",\"target\":{\"@type\":\"EntryPoint\",\"urlTemplate\":\"https:\/\/oceansignal.com\/hr\/?s={search_term_string}\"},\"query-input\":{\"@type\":\"PropertyValueSpecification\",\"valueRequired\":true,\"valueName\":\"search_term_string\"}}],\"inLanguage\":\"hr\"}]}<\/script>\n<!-- \/ Yoast SEO Premium plugin. -->","yoast_head_json":{"title":"Podaci o kupcima - Ocean Signal","robots":{"index":"index","follow":"follow","max-snippet":"max-snippet:-1","max-image-preview":"max-image-preview:large","max-video-preview":"max-video-preview:-1"},"canonical":"https:\/\/oceansignal.com\/hr\/podaci-o-kupcima\/","og_locale":"hr_HR","og_type":"article","og_title":"Podaci o kupcima - Ocean Signal","og_url":"https:\/\/oceansignal.com\/hr\/podaci-o-kupcima\/","og_site_name":"Ocean Signal","article_modified_time":"2024-09-30T12:43:33+00:00","og_image":[{"width":1200,"height":630,"url":"https:\/\/oceansignal.com\/wp-content\/uploads\/2024\/03\/image-social-share-04.jpg","type":"image\/jpeg"}],"twitter_card":"summary_large_image","twitter_misc":{"Procijenjeno vrijeme \u010ditanja":"1 minuta"},"schema":{"@context":"https:\/\/schema.org","@graph":[{"@type":"WebPage","@id":"https:\/\/oceansignal.com\/hr\/podaci-o-kupcima\/","url":"https:\/\/oceansignal.com\/hr\/podaci-o-kupcima\/","name":"Podaci o kupcima - Ocean Signal","isPartOf":{"@id":"https:\/\/oceansignal.com\/hr\/#website"},"datePublished":"2024-04-09T09:05:13+00:00","dateModified":"2024-09-30T12:43:33+00:00","inLanguage":"hr","potentialAction":[{"@type":"ReadAction","target":["https:\/\/oceansignal.com\/hr\/podaci-o-kupcima\/"]}]},{"@type":"WebSite","@id":"https:\/\/oceansignal.com\/hr\/#website","url":"https:\/\/oceansignal.com\/hr\/","name":"Ocean Signal","description":"A leading manufacturer of EPIRBs, AIS, SARTs, Personal Locator Beacons, Man Overboard Beacon for the Marine and Outdoor Markets.","potentialAction":[{"@type":"SearchAction","target":{"@type":"EntryPoint","urlTemplate":"https:\/\/oceansignal.com\/hr\/?s={search_term_string}"},"query-input":{"@type":"PropertyValueSpecification","valueRequired":true,"valueName":"search_term_string"}}],"inLanguage":"hr"}]}},"_links":{"self":[{"href":"https:\/\/oceansignal.com\/hr\/wp-json\/wp\/v2\/pages\/6570","targetHints":{"allow":["GET"]}}],"collection":[{"href":"https:\/\/oceansignal.com\/hr\/wp-json\/wp\/v2\/pages"}],"about":[{"href":"https:\/\/oceansignal.com\/hr\/wp-json\/wp\/v2\/types\/page"}],"author":[{"embeddable":true,"href":"https:\/\/oceansignal.com\/hr\/wp-json\/wp\/v2\/users\/1"}],"replies":[{"embeddable":true,"href":"https:\/\/oceansignal.com\/hr\/wp-json\/wp\/v2\/comments?post=6570"}],"version-history":[{"count":1,"href":"https:\/\/oceansignal.com\/hr\/wp-json\/wp\/v2\/pages\/6570\/revisions"}],"predecessor-version":[{"id":6572,"href":"https:\/\/oceansignal.com\/hr\/wp-json\/wp\/v2\/pages\/6570\/revisions\/6572"}],"wp:attachment":[{"href":"https:\/\/oceansignal.com\/hr\/wp-json\/wp\/v2\/media?parent=6570"}],"curies":[{"name":"wp","href":"https:\/\/api.w.org\/{rel}","templated":true}]}}