{"id":7042,"date":"2023-04-14T10:08:55","date_gmt":"2023-04-14T10:08:55","guid":{"rendered":"https:\/\/oceansignal.com\/atb1-ais-programiranje-primopredajnika-klase-b\/"},"modified":"2024-09-30T14:52:53","modified_gmt":"2024-09-30T14:52:53","slug":"atb1-ais-programiranje-primopredajnika-klase-b","status":"publish","type":"page","link":"https:\/\/oceansignal.com\/hr\/podrska\/programiranje-proizvoda\/atb1-ais-programiranje-primopredajnika-klase-b\/","title":{"rendered":"ATB1 AIS programiranje primopredajnika klase B"},"content":{"rendered":"\n<div class=\"gb-product-programming\">\n    <div class=\"gc-container \">\n                \n\n<div class=\"wp-block-columns gb-product-programming__description is-layout-flex wp-container-core-columns-is-layout-9d6595d7 wp-block-columns-is-layout-flex\">\n<div class=\"wp-block-column gb-product-programming__description__text-container is-layout-flow wp-block-column-is-layout-flow\">\n<h2 class=\"gb-product-programming__description__text-container__title wp-block-heading\" id=\"h-atb1-class-b-ais-transceiver-programming\">ATB1 AIS programiranje primopredajnika klase B<\/h2>\n\n\n\n<p class=\"gb-product-programming__description__text-container__text\">Korisnik mora konfigurirati ATB1 za unos MMSI broja plovila i drugih detalja. To se mo\u017ee provesti mobilnom aplikacijom ili programom temeljenim na webu.<\/p>\n\n\n\n<a\n                    href=\"http:\/\/oceansignal.com\/products\/ais-atb1-class-b-ais-transceiver\/\"\n                class=\"gb-button-link  \"\n        target=\"_self\">\n        See product details\n<\/a>\n\n\n\n<\/div>\n\n\n\n<div class=\"wp-block-column gb-product-programming__description__divider is-layout-flow wp-block-column-is-layout-flow\"><\/div>\n\n\n\n<div class=\"wp-block-column gb-product-programming__description__image is-layout-flow wp-block-column-is-layout-flow\">\n<div class=\"gb-image\">\n\t\n<div class=\"gc-image \">\n        <img decoding=\"async\" class=\"gc-image__image  \"\n         src=\"http:\/\/oceansignal.com\/wp-content\/uploads\/2023\/04\/image-products-atb1-1.png\"\n         alt=\"\"\n    >\n<\/div><\/div>\n<\/div>\n<\/div>\n\n\n\n<div class=\"wp-block-columns gb-product-programming__blurbs is-layout-flex wp-container-core-columns-is-layout-9d6595d7 wp-block-columns-is-layout-flex\">\n<div class=\"wp-block-column gb-product-programming__blurbs__text-container is-layout-flow wp-block-column-is-layout-flow\">\n<h6 class=\"gb-product-programming__blurbs__text-container__title wp-block-heading\" id=\"h-android-mobile\">Android mobitel<\/h6>\n\n\n\n<p class=\"gb-product-programming__blurbs__text-container__text\">Za mobilnu verziju Androida pretra\u017eite Playstore za Ocean Signal<\/p>\n\n\n\n<div class=\"wp-block-columns gb-product-programming__blurbs__text-container__link is-layout-flex wp-container-core-columns-is-layout-9d6595d7 wp-block-columns-is-layout-flex\">\n<div class=\"wp-block-column gb-product-programming__blurbs__text-container__link__image is-layout-flow wp-block-column-is-layout-flow\">\n<div class=\"gb-image\">\n\t\n<div class=\"gc-image \">\n        <img decoding=\"async\" class=\"gc-image__image  \"\n         src=\"http:\/\/oceansignal.com\/wp-content\/uploads\/2023\/04\/icon-android.png\"\n         alt=\"\"\n    >\n<\/div><\/div>\n<\/div>\n\n\n\n<div class=\"wp-block-column gb-product-programming__blurbs__text-container__link__link is-layout-flow wp-block-column-is-layout-flow\">\n<a\n                    href=\"https:\/\/play.google.com\/store\/apps\/details?id=com.ais.config.oceansignal\"\n                class=\"gb-button-link  \"\n        target=\"__blank\">\n        Go to Playstore\n<\/a>\n\n\n\n<\/div>\n<\/div>\n<\/div>\n\n\n\n<div class=\"wp-block-column gb-product-programming__blurbs__text-container is-layout-flow wp-block-column-is-layout-flow\">\n<h6 class=\"gb-product-programming__blurbs__text-container__title wp-block-heading\" id=\"h-mobile-ios\">Mobilni iOS<\/h6>\n\n\n\n<p class=\"gb-product-programming__blurbs__text-container__text\">Za mobilnu iOS verziju pretra\u017eite Appstore za Ocean Signal<\/p>\n\n\n\n<div class=\"wp-block-columns gb-product-programming__blurbs__text-container__link is-layout-flex wp-container-core-columns-is-layout-9d6595d7 wp-block-columns-is-layout-flex\">\n<div class=\"wp-block-column gb-product-programming__blurbs__text-container__link__image is-layout-flow wp-block-column-is-layout-flow\">\n<div class=\"gb-image\">\n\t\n<div class=\"gc-image \">\n        <img decoding=\"async\" class=\"gc-image__image  \"\n         src=\"http:\/\/oceansignal.com\/wp-content\/uploads\/2023\/04\/icon-apple.png\"\n         alt=\"\"\n    >\n<\/div><\/div>\n<\/div>\n\n\n\n<div class=\"wp-block-column gb-product-programming__blurbs__text-container__link__link is-layout-flow wp-block-column-is-layout-flow\">\n<a\n                    href=\"https:\/\/apps.apple.com\/gb\/app\/ocean-signal\/id1453183713\"\n                class=\"gb-button-link  \"\n        target=\"__blank\">\n        Go to Appstore\n<\/a>\n\n\n\n<\/div>\n<\/div>\n<\/div>\n\n\n\n<div class=\"wp-block-column gb-product-programming__blurbs__text-container is-layout-flow wp-block-column-is-layout-flow\">\n<h6 class=\"gb-product-programming__blurbs__text-container__title wp-block-heading\" id=\"h-web-based-version\">Web verzija<\/h6>\n\n\n\n<p class=\"gb-product-programming__blurbs__text-container__text\">Za web verziju kliknite ovdje:<\/p>\n\n\n\n<div class=\"wp-block-columns gb-product-programming__blurbs__text-container__link is-layout-flex wp-container-core-columns-is-layout-9d6595d7 wp-block-columns-is-layout-flex\">\n<div class=\"wp-block-column gb-product-programming__blurbs__text-container__link__image is-layout-flow wp-block-column-is-layout-flow\">\n<div class=\"gb-image\">\n\t\n<div class=\"gc-image \">\n        <img decoding=\"async\" class=\"gc-image__image  \"\n         src=\"http:\/\/oceansignal.com\/wp-content\/uploads\/2023\/04\/icon-desktop.png\"\n         alt=\"\"\n    >\n<\/div><\/div>\n<\/div>\n\n\n\n<div class=\"wp-block-column gb-product-programming__blurbs__text-container__link__link is-layout-flow wp-block-column-is-layout-flow\">\n<a\n                    href=\"https:\/\/oceansignal.com\/ais_webapp.html\"\n                class=\"gb-button-link  \"\n        target=\"__blank\">\n        Launch on your computer\n<\/a>\n\n\n\n<\/div>\n<\/div>\n<\/div>\n\n\n\n<div class=\"wp-block-column gb-product-programming__blurbs__text-container is-layout-flow wp-block-column-is-layout-flow\">\n<h6 class=\"gb-product-programming__blurbs__text-container__title wp-block-heading\" id=\"h-firmware-updates\">A\u017euriranja firmvera<\/h6>\n\n\n\n<p class=\"gb-product-programming__blurbs__text-container__text\">A\u017euriranja firmvera mogu se dovr\u0161iti samo na PC ili Mac ra\u010dunalu.\nUvijek provjerite jesu li mobilne aplikacije a\u017eurirane na najnoviju verziju kako biste omogu\u0107ili nove zna\u010dajke <\/p>\n\n\n\n<div class=\"wp-block-columns gb-product-programming__blurbs__text-container__link is-layout-flex wp-container-core-columns-is-layout-9d6595d7 wp-block-columns-is-layout-flex\">\n<div class=\"wp-block-column gb-product-programming__blurbs__text-container__link__image is-layout-flow wp-block-column-is-layout-flow\">\n<div class=\"gb-image\">\n\t\n<div class=\"gc-image \">\n        <img decoding=\"async\" class=\"gc-image__image  \"\n         src=\"http:\/\/oceansignal.com\/wp-content\/uploads\/2023\/04\/icons-software-updates.png\"\n         alt=\"\"\n    >\n<\/div><\/div>\n<\/div>\n\n\n\n<div class=\"wp-block-column gb-product-programming__blurbs__text-container__link__link is-layout-flow wp-block-column-is-layout-flow\">\n<a\n                    href=\"http:\/\/oceansignal.com\/support\/product-programming\/atb1-class-b-ais-transceiver-programming\/software-updates\/\"\n                class=\"gb-button-link  \"\n        target=\"__blank\">\n        View Firmware updates\n<\/a>\n\n\n\n<\/div>\n<\/div>\n<\/div>\n<\/div>\n\n\n        <\/div><\/div>\n","protected":false},"excerpt":{"rendered":"","protected":false},"author":2,"featured_media":0,"parent":7987,"menu_order":0,"comment_status":"closed","ping_status":"closed","template":"pagetemplate-empty.php","meta":{"_acf_changed":false,"om_disable_all_campaigns":false,"footnotes":""},"class_list":["post-7042","page","type-page","status-publish","hentry"],"acf":[],"yoast_head":"<!-- This site is optimized with the Yoast SEO Premium plugin v25.2 (Yoast SEO v26.4) - https:\/\/yoast.com\/wordpress\/plugins\/seo\/ -->\n<title>ATB1 AIS programiranje primopredajnika klase B - Ocean Signal<\/title>\n<meta name=\"description\" content=\"Jednostavno programirajte svoj Ocean Signal ATB1 klasa B AIS primopredajnik za pobolj\u0161ano pra\u0107enje plovila i sigurnost. Pojednostavite AIS konfiguraciju s lako\u0107om.\" \/>\n<meta name=\"robots\" content=\"index, follow, max-snippet:-1, max-image-preview:large, max-video-preview:-1\" \/>\n<link rel=\"canonical\" href=\"https:\/\/oceansignal.com\/hr\/podrska\/programiranje-proizvoda\/atb1-ais-programiranje-primopredajnika-klase-b\/\" \/>\n<meta property=\"og:locale\" content=\"hr_HR\" \/>\n<meta property=\"og:type\" content=\"article\" \/>\n<meta property=\"og:title\" content=\"ATB1 AIS programiranje primopredajnika klase B - Ocean Signal\" \/>\n<meta property=\"og:description\" content=\"Jednostavno programirajte svoj Ocean Signal ATB1 klasa B AIS primopredajnik za pobolj\u0161ano pra\u0107enje plovila i sigurnost. Pojednostavite AIS konfiguraciju s lako\u0107om.\" \/>\n<meta property=\"og:url\" content=\"https:\/\/oceansignal.com\/hr\/podrska\/programiranje-proizvoda\/atb1-ais-programiranje-primopredajnika-klase-b\/\" \/>\n<meta property=\"og:site_name\" content=\"Ocean Signal\" \/>\n<meta property=\"article:modified_time\" content=\"2024-09-30T14:52:53+00:00\" \/>\n<meta property=\"og:image\" content=\"https:\/\/oceansignal.com\/wp-content\/uploads\/2024\/03\/image-social-share-04.jpg\" \/>\n\t<meta property=\"og:image:width\" content=\"1200\" \/>\n\t<meta property=\"og:image:height\" content=\"630\" \/>\n\t<meta property=\"og:image:type\" content=\"image\/jpeg\" \/>\n<meta name=\"twitter:card\" content=\"summary_large_image\" \/>\n<script type=\"application\/ld+json\" class=\"yoast-schema-graph\">{\"@context\":\"https:\/\/schema.org\",\"@graph\":[{\"@type\":\"WebPage\",\"@id\":\"https:\/\/oceansignal.com\/hr\/podrska\/programiranje-proizvoda\/atb1-ais-programiranje-primopredajnika-klase-b\/\",\"url\":\"https:\/\/oceansignal.com\/hr\/podrska\/programiranje-proizvoda\/atb1-ais-programiranje-primopredajnika-klase-b\/\",\"name\":\"ATB1 AIS programiranje primopredajnika klase B - Ocean Signal\",\"isPartOf\":{\"@id\":\"https:\/\/oceansignal.com\/hr\/#website\"},\"datePublished\":\"2023-04-14T10:08:55+00:00\",\"dateModified\":\"2024-09-30T14:52:53+00:00\",\"description\":\"Jednostavno programirajte svoj Ocean Signal ATB1 klasa B AIS primopredajnik za pobolj\u0161ano pra\u0107enje plovila i sigurnost. Pojednostavite AIS konfiguraciju s lako\u0107om.\",\"breadcrumb\":{\"@id\":\"https:\/\/oceansignal.com\/hr\/podrska\/programiranje-proizvoda\/atb1-ais-programiranje-primopredajnika-klase-b\/#breadcrumb\"},\"inLanguage\":\"hr\",\"potentialAction\":[{\"@type\":\"ReadAction\",\"target\":[\"https:\/\/oceansignal.com\/hr\/podrska\/programiranje-proizvoda\/atb1-ais-programiranje-primopredajnika-klase-b\/\"]}]},{\"@type\":\"BreadcrumbList\",\"@id\":\"https:\/\/oceansignal.com\/hr\/podrska\/programiranje-proizvoda\/atb1-ais-programiranje-primopredajnika-klase-b\/#breadcrumb\",\"itemListElement\":[{\"@type\":\"ListItem\",\"position\":1,\"name\":\"Podr\u0161ka\",\"item\":\"https:\/\/oceansignal.com\/hr\/podrska\/\"},{\"@type\":\"ListItem\",\"position\":2,\"name\":\"Programiranje proizvoda\",\"item\":\"https:\/\/oceansignal.com\/hr\/podrska\/programiranje-proizvoda\/\"},{\"@type\":\"ListItem\",\"position\":3,\"name\":\"ATB1 AIS programiranje primopredajnika klase B\"}]},{\"@type\":\"WebSite\",\"@id\":\"https:\/\/oceansignal.com\/hr\/#website\",\"url\":\"https:\/\/oceansignal.com\/hr\/\",\"name\":\"Ocean Signal\",\"description\":\"A leading manufacturer of EPIRBs, AIS, SARTs, Personal Locator Beacons, Man Overboard Beacon for the Marine and Outdoor Markets.\",\"potentialAction\":[{\"@type\":\"SearchAction\",\"target\":{\"@type\":\"EntryPoint\",\"urlTemplate\":\"https:\/\/oceansignal.com\/hr\/?s={search_term_string}\"},\"query-input\":{\"@type\":\"PropertyValueSpecification\",\"valueRequired\":true,\"valueName\":\"search_term_string\"}}],\"inLanguage\":\"hr\"}]}<\/script>\n<!-- \/ Yoast SEO Premium plugin. -->","yoast_head_json":{"title":"ATB1 AIS programiranje primopredajnika klase B - Ocean Signal","description":"Jednostavno programirajte svoj Ocean Signal ATB1 klasa B AIS primopredajnik za pobolj\u0161ano pra\u0107enje plovila i sigurnost. Pojednostavite AIS konfiguraciju s lako\u0107om.","robots":{"index":"index","follow":"follow","max-snippet":"max-snippet:-1","max-image-preview":"max-image-preview:large","max-video-preview":"max-video-preview:-1"},"canonical":"https:\/\/oceansignal.com\/hr\/podrska\/programiranje-proizvoda\/atb1-ais-programiranje-primopredajnika-klase-b\/","og_locale":"hr_HR","og_type":"article","og_title":"ATB1 AIS programiranje primopredajnika klase B - Ocean Signal","og_description":"Jednostavno programirajte svoj Ocean Signal ATB1 klasa B AIS primopredajnik za pobolj\u0161ano pra\u0107enje plovila i sigurnost. Pojednostavite AIS konfiguraciju s lako\u0107om.","og_url":"https:\/\/oceansignal.com\/hr\/podrska\/programiranje-proizvoda\/atb1-ais-programiranje-primopredajnika-klase-b\/","og_site_name":"Ocean Signal","article_modified_time":"2024-09-30T14:52:53+00:00","og_image":[{"width":1200,"height":630,"url":"https:\/\/oceansignal.com\/wp-content\/uploads\/2024\/03\/image-social-share-04.jpg","type":"image\/jpeg"}],"twitter_card":"summary_large_image","schema":{"@context":"https:\/\/schema.org","@graph":[{"@type":"WebPage","@id":"https:\/\/oceansignal.com\/hr\/podrska\/programiranje-proizvoda\/atb1-ais-programiranje-primopredajnika-klase-b\/","url":"https:\/\/oceansignal.com\/hr\/podrska\/programiranje-proizvoda\/atb1-ais-programiranje-primopredajnika-klase-b\/","name":"ATB1 AIS programiranje primopredajnika klase B - Ocean Signal","isPartOf":{"@id":"https:\/\/oceansignal.com\/hr\/#website"},"datePublished":"2023-04-14T10:08:55+00:00","dateModified":"2024-09-30T14:52:53+00:00","description":"Jednostavno programirajte svoj Ocean Signal ATB1 klasa B AIS primopredajnik za pobolj\u0161ano pra\u0107enje plovila i sigurnost. Pojednostavite AIS konfiguraciju s lako\u0107om.","breadcrumb":{"@id":"https:\/\/oceansignal.com\/hr\/podrska\/programiranje-proizvoda\/atb1-ais-programiranje-primopredajnika-klase-b\/#breadcrumb"},"inLanguage":"hr","potentialAction":[{"@type":"ReadAction","target":["https:\/\/oceansignal.com\/hr\/podrska\/programiranje-proizvoda\/atb1-ais-programiranje-primopredajnika-klase-b\/"]}]},{"@type":"BreadcrumbList","@id":"https:\/\/oceansignal.com\/hr\/podrska\/programiranje-proizvoda\/atb1-ais-programiranje-primopredajnika-klase-b\/#breadcrumb","itemListElement":[{"@type":"ListItem","position":1,"name":"Podr\u0161ka","item":"https:\/\/oceansignal.com\/hr\/podrska\/"},{"@type":"ListItem","position":2,"name":"Programiranje proizvoda","item":"https:\/\/oceansignal.com\/hr\/podrska\/programiranje-proizvoda\/"},{"@type":"ListItem","position":3,"name":"ATB1 AIS programiranje primopredajnika klase B"}]},{"@type":"WebSite","@id":"https:\/\/oceansignal.com\/hr\/#website","url":"https:\/\/oceansignal.com\/hr\/","name":"Ocean Signal","description":"A leading manufacturer of EPIRBs, AIS, SARTs, Personal Locator Beacons, Man Overboard Beacon for the Marine and Outdoor Markets.","potentialAction":[{"@type":"SearchAction","target":{"@type":"EntryPoint","urlTemplate":"https:\/\/oceansignal.com\/hr\/?s={search_term_string}"},"query-input":{"@type":"PropertyValueSpecification","valueRequired":true,"valueName":"search_term_string"}}],"inLanguage":"hr"}]}},"_links":{"self":[{"href":"https:\/\/oceansignal.com\/hr\/wp-json\/wp\/v2\/pages\/7042","targetHints":{"allow":["GET"]}}],"collection":[{"href":"https:\/\/oceansignal.com\/hr\/wp-json\/wp\/v2\/pages"}],"about":[{"href":"https:\/\/oceansignal.com\/hr\/wp-json\/wp\/v2\/types\/page"}],"author":[{"embeddable":true,"href":"https:\/\/oceansignal.com\/hr\/wp-json\/wp\/v2\/users\/2"}],"replies":[{"embeddable":true,"href":"https:\/\/oceansignal.com\/hr\/wp-json\/wp\/v2\/comments?post=7042"}],"version-history":[{"count":1,"href":"https:\/\/oceansignal.com\/hr\/wp-json\/wp\/v2\/pages\/7042\/revisions"}],"predecessor-version":[{"id":7043,"href":"https:\/\/oceansignal.com\/hr\/wp-json\/wp\/v2\/pages\/7042\/revisions\/7043"}],"up":[{"embeddable":true,"href":"https:\/\/oceansignal.com\/hr\/wp-json\/wp\/v2\/pages\/7987"}],"wp:attachment":[{"href":"https:\/\/oceansignal.com\/hr\/wp-json\/wp\/v2\/media?parent=7042"}],"curies":[{"name":"wp","href":"https:\/\/api.w.org\/{rel}","templated":true}]}}