{"id":7119,"date":"2023-04-07T13:10:32","date_gmt":"2023-04-07T13:10:32","guid":{"rendered":"https:\/\/oceansignal.com\/o-tvrtki-ocean-signal\/"},"modified":"2024-09-30T14:32:25","modified_gmt":"2024-09-30T14:32:25","slug":"o-tvrtki-ocean-signal","status":"publish","type":"page","link":"https:\/\/oceansignal.com\/hr\/o-tvrtki-ocean-signal\/","title":{"rendered":"O tvrtki Ocean Signal"},"content":{"rendered":"\n<div class=\"gb-container-narrow\">\n    <div class=\"gc-container \">\n                \n\n<p class=\"has-medium-font-size\">Ocean Signal djeluje unutar ACR grupe.\nOva grupa ima preko 250 zaposlenika i 3 centra za istra\u017eivanje i razvoj svjetske klase.\nKontinuirano razvijamo poslovne prilike s vi\u0161e od 150 aktivnih globalnih kupaca i prisutni smo u vi\u0161e od 30 zemalja.\nU partnerstvu s klju\u010dnim organizacijama diljem svijeta, grupa je prisutna na pomorskom, zrakoplovnom i vojnom tr\u017ei\u0161tu vi\u0161e od 50 godina.<br\/>Ocean Signal je svjetski lider u dizajnu i proizvodnji satelitskih i zemaljskih svjetionika za spa\u0161avanje u hitnim slu\u010dajevima temeljenih na VHF\/UHF, Iridium, Digital Selective Calling ili DSC, sustavima automatske identifikacije ili AIS, GNSS i baterijskim tehnologijama.\nOpskrba proizvodima diljem svijeta na \u010detiri glavna tr\u017ei\u0161ta: \u2013 komercijalna pomorska, rekreacijska, vladina\/vojna i kopnena\/rekreacijska.    <br\/><br\/>Voditelj in\u017eenjeringa oceanskih signala jedan je od vode\u0107ih svjetskih stru\u010dnjaka za tehnologiju pobolj\u0161anja radara, Simon Nolan koji vodi sna\u017ean tim.\nPojedina\u010dno su dizajnirali i razvili mnoge vode\u0107e proizvode na tr\u017ei\u0161tu, a sada, kao Ocean Signal, imaju viziju pru\u017eiti najbolje komunikacijske i sigurnosne proizvode za dana\u0161nje pomorce. <\/p>\n\n\n\n<p><\/p>\n\n\n\n<figure class=\"wp-block-gallery has-nested-images columns-default is-cropped wp-block-gallery-1 is-layout-flex wp-block-gallery-is-layout-flex\">\n<figure class=\"wp-block-image size-large\"><img loading=\"lazy\" decoding=\"async\" width=\"420\" height=\"264\" data-id=\"180\" src=\"http:\/\/oceansignal.com\/wp-content\/uploads\/2023\/04\/image-about-us-employees.jpg\" alt=\"Sjedi&#x161;te i proizvodnja Ocean Signala u Margateu, Kent, Ujedinjeno Kraljevstvo\" class=\"wp-image-180\" srcset=\"https:\/\/oceansignal.com\/wp-content\/uploads\/2023\/04\/image-about-us-employees.jpg 420w, https:\/\/oceansignal.com\/wp-content\/uploads\/2023\/04\/image-about-us-employees-300x189.jpg 300w\" sizes=\"auto, (max-width: 420px) 100vw, 420px\" \/><\/figure>\n\n\n\n<figure class=\"wp-block-image size-large\"><img loading=\"lazy\" decoding=\"async\" width=\"420\" height=\"264\" data-id=\"181\" src=\"http:\/\/oceansignal.com\/wp-content\/uploads\/2023\/04\/image-about-us-2.jpg\" alt=\"\" class=\"wp-image-181\" srcset=\"https:\/\/oceansignal.com\/wp-content\/uploads\/2023\/04\/image-about-us-2.jpg 420w, https:\/\/oceansignal.com\/wp-content\/uploads\/2023\/04\/image-about-us-2-300x189.jpg 300w\" sizes=\"auto, (max-width: 420px) 100vw, 420px\" \/><\/figure>\n<\/figure>\n\n\n\n<p><\/p>\n\n\n\n<p>Kroz vi\u0161e od 10 godina kontinuiranog inovativnog dizajna, razvoja i testiranja, Ocean Signal je razvio i isporu\u010dio portfelj proizvoda svjetske klase na tr\u017ei\u0161te.<br\/>Portfelj proizvoda Ocean Signal osmi\u0161ljen je tako da zadovolji ili prema\u0161i tehni\u010dke zahtjeve Me\u0111unarodne pomorske organizacije (SOLAS), standarda Me\u0111unarodne elektrotehni\u010dke komisije, europskih direktiva i odluka, standarda Obalne stra\u017ee Sjedinjenih Ameri\u010dkih Dr\u017eava, kao i mnogih drugih primjenjivih nacionalnih i me\u0111unarodnih pravila.<\/p>\n\n\n\n<p><\/p>\n\n\n\n<figure class=\"wp-block-image size-full\"><img loading=\"lazy\" decoding=\"async\" width=\"856\" height=\"499\" src=\"http:\/\/oceansignal.com\/wp-content\/uploads\/2023\/04\/image-about-us-3-1.jpg\" alt=\"\" class=\"wp-image-182\" srcset=\"https:\/\/oceansignal.com\/wp-content\/uploads\/2023\/04\/image-about-us-3-1.jpg 856w, https:\/\/oceansignal.com\/wp-content\/uploads\/2023\/04\/image-about-us-3-1-300x175.jpg 300w, https:\/\/oceansignal.com\/wp-content\/uploads\/2023\/04\/image-about-us-3-1-768x448.jpg 768w, https:\/\/oceansignal.com\/wp-content\/uploads\/2023\/04\/image-about-us-3-1-600x350.jpg 600w\" sizes=\"auto, (max-width: 856px) 100vw, 856px\" \/><\/figure>\n\n\n\n<p><\/p>\n\n\n\n<p>Za karijere u Ocean Signalu, idite na <a href=\"http:\/\/oceansignal.com\/careers\/\" data-type=\"page\" data-id=\"200\">stranicu karijere<\/a>.<br\/><br\/><strong>Adresa registrirane tvrtke:<\/strong><br\/>Ocean Signal d.o.o.<br\/>Jedinica 4<br\/>Ocivanski put<br\/>Margate, Kent<br\/>CT9 4NN<br\/>Ujedinjena Kraljevina<br\/><br\/><strong>Op\u0107i upiti, prodaja i administracija<\/strong><br\/>+44 (0)1843 282930<br\/><br\/><strong>SAMO slu\u017eba za korisnike i tehni\u010dka podr\u0161ka<\/strong><br\/>+44 (0)1843 808190<br\/><br\/><strong>Mati\u010dni broj tvrtke:<\/strong> 06627101<br\/><br\/>Registriran u Engleskoj.<\/p>\n\n\n        <\/div><\/div>\n\n\t\n<div\n\tclass=\"c-wave-divider  c-wave-divider--blue  c-wave-divider--margin-top\">\n<\/div>\n\n<div class=\"gb-contact-us\" id=\"contact-us\">\n\t<div class=\"gc-container \">\n    \t\t\t\n\n<div class=\"wp-block-column gb-contact-us__column gb-contact-us__text-container is-layout-flow wp-block-column-is-layout-flow\">\n<h1 class=\"wp-block-heading gb-contact-us__text-container__title\" id=\"h-we-are-here-to-help\">Tu smo da vam pomognemo<\/h1>\n\n\n\n<p class=\"gb-contact-us__text-container__text\">Po\u0161aljite nam poruku i \u010dlan na\u0161eg tima \u0107e vas kontaktirati.<\/p>\n\n\n\n<div class=\"wp-block-column gb-contact-us__text-container__image is-layout-flow wp-block-column-is-layout-flow\"><\/div>\n<\/div>\n\n\n\n<div class=\"wp-block-column gb-contact-us__column gb-contact-us__form-container is-layout-flow wp-block-column-is-layout-flow\"><div id=\"contact-form\" class=\"gb-contact-form\">\n\t<form class=\"gb-contact-form__form\" method=\"post\">\n\t\t\n\n<div class=\"c-input c-input--fullName \">\n\t<label class=\"c-input__label\" for=\"fullName\">Ime i prezime (neobavezno)<\/label>\n\t<div class=\"c-input__container\">\n\t\t\t\t<input\n\t\t\ttype=\"text\"\n\t\t\tname=\"fullName\"\n\t\t\tid=\"fullName\"\n\t\t\tclass=\"c-input__input\"\n\t\t\tvalue=\"\"\n\t\t\t\n\t\t\tautocomplete=\"off\"\n\t\t\tspellcheck=\"true\"\n\t\t\tplaceholder=\"\"\n\t\t\/>\n\t<\/div>\n\t\t<span class=\"c-input__message\">Ovo je polje potrebno.<\/span>\n<\/div>\n\n\t\t\n\n<div class=\"c-input c-input--email \">\n\t<label class=\"c-input__label\" for=\"email\">E -po\u0161ta<\/label>\n\t<div class=\"c-input__container\">\n\t\t\t\t<input\n\t\t\ttype=\"email\"\n\t\t\tname=\"email\"\n\t\t\tid=\"email\"\n\t\t\tclass=\"c-input__input\"\n\t\t\tvalue=\"\"\n\t\t\t\n\t\t\tautocomplete=\"off\"\n\t\t\tspellcheck=\"true\"\n\t\t\tplaceholder=\"\"\n\t\t\/>\n\t<\/div>\n\t\t<span class=\"c-input__message\">Adresa e -po\u0161te je u pogre\u0161nom formatu.<\/span>\n<\/div>\n\n\t\t\n\n<div class=\"c-input c-input--phone \">\n\t<label class=\"c-input__label\" for=\"phone\">telefonski broj (neobavezno)<\/label>\n\t<div class=\"c-input__container\">\n\t\t\t\t<input\n\t\t\ttype=\"text\"\n\t\t\tname=\"phone\"\n\t\t\tid=\"phone\"\n\t\t\tclass=\"c-input__input\"\n\t\t\tvalue=\"\"\n\t\t\t\n\t\t\tautocomplete=\"off\"\n\t\t\tspellcheck=\"true\"\n\t\t\tplaceholder=\"\"\n\t\t\/>\n\t<\/div>\n\t\t<span class=\"c-input__message\">Ovo je polje potrebno.<\/span>\n<\/div>\n\n\t\t\n\n<div class=\"c-input c-input--country \">\n\t<label class=\"c-input__label\" for=\"country\">Zemlja podrijetla<\/label>\n\t<div class=\"c-input__container\">\n\t\t\t\t<input\n\t\t\ttype=\"text\"\n\t\t\tname=\"country\"\n\t\t\tid=\"country\"\n\t\t\tclass=\"c-input__input\"\n\t\t\tvalue=\"\"\n\t\t\t\n\t\t\tautocomplete=\"off\"\n\t\t\tspellcheck=\"true\"\n\t\t\tplaceholder=\"\"\n\t\t\/>\n\t<\/div>\n\t\t<span class=\"c-input__message\">Ovo je polje potrebno.<\/span>\n<\/div>\n\n\t\t<div class=\"c-input\">\n\t<label class=\"c-input__label\" for=\"message\">Va\u0161a poruka<\/label>\n\t<textarea\n\t\tname=\"message\"\n\t\tid=\"message\"\n\t\tclass=\"c-input__input\"\n\t\tvalue=\"\"\n\t\t\n\t\tautocomplete=\"off\"\n\t\tspellcheck=\"true\"\n\t><\/textarea>\n\t\t<span class=\"c-input__message\">Ovo je polje potrebno.<\/span>\n<\/div>\n\n\t\t\t<span class=\"c-checkbox c-checkbox--secondary\">\n\t<span class=\"c-checkbox__wrapper\">\n\t\t<input class=\"c-checkbox__input\" type=\"checkbox\" name=\"subscribe\" data-id=\"subscribe\" id=\"subscribe\" value=\"subscribe\"  autocomplete=\"on\"\/>\n\t<\/span>\n\t<label class=\"c-checkbox__text\" for=\"subscribe\"> \u017delio bih primati vijesti i promocije. <\/label>\n<\/span>\n\n\t\t<div class=\"c-recaptcha c-input js-recaptcha\" id=\"js-recaptcha\">\n    <div class=\"g-recaptcha\" data-sitekey=\"6LdypS0pAAAAAPO_gmMi6_T5NelPv7DVFckpx0_9\" data-callback=\"checkRecaptcha\"><\/div>\n    <span class=\"c-input__message\">Ovo je polje potrebno.<\/span>\n<\/div>\n\n\t\t<div class=\"gb-contact-form__form__divider\" ><\/div>\n\t\t<button type=\"submit\" class=\"c-button c-button--primary js-submit-button\">Po\u0161aljite zahtjev<\/button>\n\t<\/form>\n\t<p id=\"form-message\" class=\"gb-contact-form__message\"><\/p>\n<\/div>\n<\/div>\n\n\n\n<p class=\"gb-contact-us__bottom-text\">Smatramo da je va\u0161a privatnost va\u017ena, pro\u010ditajte na\u0161a Pravila o privatnosti.<br\/>Imajte na umu da se va\u0161i podaci za kontakt mogu koristiti u skladu s EU GDPR propisima.\nOcean Signal ne\u0107e koristiti ove podatke u marketin\u0161ke svrhe bez va\u0161eg izri\u010ditog dopu\u0161tenja.\nPojedinosti o na\u0161im pravilima o zadr\u017eavanju podataka potra\u017eite u ovim pravilima.  <br\/><br\/>Za servisnu podr\u0161ku prvo se obratite lokalnom distributeru.<br\/>Informacije o OSL distributeru i OSL uslugama zamjene baterija mo\u017eete prona\u0107i ovdje.<\/p>\n\n\n\t\t<\/div><\/div>\n\n<div class=\"gb-careers\">\n            \n\n<div class=\"wp-block-columns gb-careers__wrapper c-container is-layout-flex wp-container-core-columns-is-layout-9d6595d7 wp-block-columns-is-layout-flex\">\n<div class=\"wp-block-column gb-careers__column gb-careers__text-container is-layout-flow wp-block-column-is-layout-flow\">\n<h2 class=\"wp-block-heading gb-careers__text-container__title\" id=\"h-careers\">Karijere<\/h2>\n\n\n\n<p class=\"gb-careers__text-container__text\">Zainteresirani ste za pridru\u017eivanje na\u0161em timu?\nUvijek smo u potrazi za talentiranim pojedincima koji \u0107e se pridru\u017eiti obitelji Ocean Signal. <\/p>\n\n\n\n<a\n\t\t\thref=\"http:\/\/oceansignal.com\/careers\/\"\n\t\tclass=\"gb-button gb-button--primary-white \"\n\ttarget=\"_self\">\n\t\tOpen positions\n<\/a>\n<\/div>\n\n\n\n<div class=\"wp-block-column gb-careers__column gb-careers__image-container is-layout-flow wp-block-column-is-layout-flow\">\n<div class=\"gb-image\">\n\t\n<div class=\"gc-image \">\n        <img decoding=\"async\" class=\"gc-image__image gc-image__image--cover \"\n         src=\"http:\/\/oceansignal.com\/wp-content\/uploads\/2023\/04\/image-careers-section.jpg\"\n         alt=\"\"\n    >\n<\/div><\/div>\n<\/div>\n<\/div>\n\n\n    <\/div>\n","protected":false},"excerpt":{"rendered":"<p>Okupili smo jedan od najiskusnijih timova elektroni\u010dkog in\u017eenjeringa u industriji pomorskih komunikacija.<\/p>\n","protected":false},"author":2,"featured_media":0,"parent":0,"menu_order":0,"comment_status":"closed","ping_status":"closed","template":"pagetemplate-header-orange.php","meta":{"_acf_changed":false,"om_disable_all_campaigns":false,"footnotes":""},"class_list":["post-7119","page","type-page","status-publish","hentry"],"acf":[],"yoast_head":"<!-- This site is optimized with the Yoast SEO Premium plugin v25.2 (Yoast SEO v26.4) - https:\/\/yoast.com\/wordpress\/plugins\/seo\/ -->\n<title>O tvrtki Ocean Signal - Ocean Signal<\/title>\n<meta name=\"description\" content=\"Ocean Signal je va\u0161 izvor rje\u0161enja za pomorsku sigurnost. Istra\u017eite na\u0161u liniju EPIRB-ova, PLB-ova i AIS opreme za pouzdanu komunikaciju na moru\" \/>\n<meta name=\"robots\" content=\"index, follow, max-snippet:-1, max-image-preview:large, max-video-preview:-1\" \/>\n<link rel=\"canonical\" href=\"https:\/\/oceansignal.com\/hr\/o-tvrtki-ocean-signal\/\" \/>\n<meta property=\"og:locale\" content=\"hr_HR\" \/>\n<meta property=\"og:type\" content=\"article\" \/>\n<meta property=\"og:title\" content=\"O tvrtki Ocean Signal - Ocean Signal\" \/>\n<meta property=\"og:description\" content=\"Ocean Signal je va\u0161 izvor rje\u0161enja za pomorsku sigurnost. Istra\u017eite na\u0161u liniju EPIRB-ova, PLB-ova i AIS opreme za pouzdanu komunikaciju na moru\" \/>\n<meta property=\"og:url\" content=\"https:\/\/oceansignal.com\/hr\/o-tvrtki-ocean-signal\/\" \/>\n<meta property=\"og:site_name\" content=\"Ocean Signal\" \/>\n<meta property=\"article:modified_time\" content=\"2024-09-30T14:32:25+00:00\" \/>\n<meta property=\"og:image\" content=\"http:\/\/oceansignal.com\/wp-content\/uploads\/2023\/04\/image-about-us-employees.jpg\" \/>\n<meta name=\"twitter:card\" content=\"summary_large_image\" \/>\n<meta name=\"twitter:label1\" content=\"Procijenjeno vrijeme \u010ditanja\" \/>\n\t<meta name=\"twitter:data1\" content=\"2 minute\" \/>\n<script type=\"application\/ld+json\" class=\"yoast-schema-graph\">{\"@context\":\"https:\/\/schema.org\",\"@graph\":[{\"@type\":\"WebPage\",\"@id\":\"https:\/\/oceansignal.com\/hr\/o-tvrtki-ocean-signal\/\",\"url\":\"https:\/\/oceansignal.com\/hr\/o-tvrtki-ocean-signal\/\",\"name\":\"O tvrtki Ocean Signal - Ocean Signal\",\"isPartOf\":{\"@id\":\"https:\/\/oceansignal.com\/hr\/#website\"},\"primaryImageOfPage\":{\"@id\":\"https:\/\/oceansignal.com\/hr\/o-tvrtki-ocean-signal\/#primaryimage\"},\"image\":{\"@id\":\"https:\/\/oceansignal.com\/hr\/o-tvrtki-ocean-signal\/#primaryimage\"},\"thumbnailUrl\":\"http:\/\/oceansignal.com\/wp-content\/uploads\/2023\/04\/image-about-us-employees.jpg\",\"datePublished\":\"2023-04-07T13:10:32+00:00\",\"dateModified\":\"2024-09-30T14:32:25+00:00\",\"description\":\"Ocean Signal je va\u0161 izvor rje\u0161enja za pomorsku sigurnost. Istra\u017eite na\u0161u liniju EPIRB-ova, PLB-ova i AIS opreme za pouzdanu komunikaciju na moru\",\"inLanguage\":\"hr\",\"potentialAction\":[{\"@type\":\"ReadAction\",\"target\":[\"https:\/\/oceansignal.com\/hr\/o-tvrtki-ocean-signal\/\"]}]},{\"@type\":\"ImageObject\",\"inLanguage\":\"hr\",\"@id\":\"https:\/\/oceansignal.com\/hr\/o-tvrtki-ocean-signal\/#primaryimage\",\"url\":\"http:\/\/oceansignal.com\/wp-content\/uploads\/2023\/04\/image-about-us-employees.jpg\",\"contentUrl\":\"http:\/\/oceansignal.com\/wp-content\/uploads\/2023\/04\/image-about-us-employees.jpg\"},{\"@type\":\"WebSite\",\"@id\":\"https:\/\/oceansignal.com\/hr\/#website\",\"url\":\"https:\/\/oceansignal.com\/hr\/\",\"name\":\"Ocean Signal\",\"description\":\"A leading manufacturer of EPIRBs, AIS, SARTs, Personal Locator Beacons, Man Overboard Beacon for the Marine and Outdoor Markets.\",\"potentialAction\":[{\"@type\":\"SearchAction\",\"target\":{\"@type\":\"EntryPoint\",\"urlTemplate\":\"https:\/\/oceansignal.com\/hr\/?s={search_term_string}\"},\"query-input\":{\"@type\":\"PropertyValueSpecification\",\"valueRequired\":true,\"valueName\":\"search_term_string\"}}],\"inLanguage\":\"hr\"}]}<\/script>\n<!-- \/ Yoast SEO Premium plugin. -->","yoast_head_json":{"title":"O tvrtki Ocean Signal - Ocean Signal","description":"Ocean Signal je va\u0161 izvor rje\u0161enja za pomorsku sigurnost. Istra\u017eite na\u0161u liniju EPIRB-ova, PLB-ova i AIS opreme za pouzdanu komunikaciju na moru","robots":{"index":"index","follow":"follow","max-snippet":"max-snippet:-1","max-image-preview":"max-image-preview:large","max-video-preview":"max-video-preview:-1"},"canonical":"https:\/\/oceansignal.com\/hr\/o-tvrtki-ocean-signal\/","og_locale":"hr_HR","og_type":"article","og_title":"O tvrtki Ocean Signal - Ocean Signal","og_description":"Ocean Signal je va\u0161 izvor rje\u0161enja za pomorsku sigurnost. Istra\u017eite na\u0161u liniju EPIRB-ova, PLB-ova i AIS opreme za pouzdanu komunikaciju na moru","og_url":"https:\/\/oceansignal.com\/hr\/o-tvrtki-ocean-signal\/","og_site_name":"Ocean Signal","article_modified_time":"2024-09-30T14:32:25+00:00","og_image":[{"url":"http:\/\/oceansignal.com\/wp-content\/uploads\/2023\/04\/image-about-us-employees.jpg","type":"","width":"","height":""}],"twitter_card":"summary_large_image","twitter_misc":{"Procijenjeno vrijeme \u010ditanja":"2 minute"},"schema":{"@context":"https:\/\/schema.org","@graph":[{"@type":"WebPage","@id":"https:\/\/oceansignal.com\/hr\/o-tvrtki-ocean-signal\/","url":"https:\/\/oceansignal.com\/hr\/o-tvrtki-ocean-signal\/","name":"O tvrtki Ocean Signal - Ocean Signal","isPartOf":{"@id":"https:\/\/oceansignal.com\/hr\/#website"},"primaryImageOfPage":{"@id":"https:\/\/oceansignal.com\/hr\/o-tvrtki-ocean-signal\/#primaryimage"},"image":{"@id":"https:\/\/oceansignal.com\/hr\/o-tvrtki-ocean-signal\/#primaryimage"},"thumbnailUrl":"http:\/\/oceansignal.com\/wp-content\/uploads\/2023\/04\/image-about-us-employees.jpg","datePublished":"2023-04-07T13:10:32+00:00","dateModified":"2024-09-30T14:32:25+00:00","description":"Ocean Signal je va\u0161 izvor rje\u0161enja za pomorsku sigurnost. Istra\u017eite na\u0161u liniju EPIRB-ova, PLB-ova i AIS opreme za pouzdanu komunikaciju na moru","inLanguage":"hr","potentialAction":[{"@type":"ReadAction","target":["https:\/\/oceansignal.com\/hr\/o-tvrtki-ocean-signal\/"]}]},{"@type":"ImageObject","inLanguage":"hr","@id":"https:\/\/oceansignal.com\/hr\/o-tvrtki-ocean-signal\/#primaryimage","url":"http:\/\/oceansignal.com\/wp-content\/uploads\/2023\/04\/image-about-us-employees.jpg","contentUrl":"http:\/\/oceansignal.com\/wp-content\/uploads\/2023\/04\/image-about-us-employees.jpg"},{"@type":"WebSite","@id":"https:\/\/oceansignal.com\/hr\/#website","url":"https:\/\/oceansignal.com\/hr\/","name":"Ocean Signal","description":"A leading manufacturer of EPIRBs, AIS, SARTs, Personal Locator Beacons, Man Overboard Beacon for the Marine and Outdoor Markets.","potentialAction":[{"@type":"SearchAction","target":{"@type":"EntryPoint","urlTemplate":"https:\/\/oceansignal.com\/hr\/?s={search_term_string}"},"query-input":{"@type":"PropertyValueSpecification","valueRequired":true,"valueName":"search_term_string"}}],"inLanguage":"hr"}]}},"_links":{"self":[{"href":"https:\/\/oceansignal.com\/hr\/wp-json\/wp\/v2\/pages\/7119","targetHints":{"allow":["GET"]}}],"collection":[{"href":"https:\/\/oceansignal.com\/hr\/wp-json\/wp\/v2\/pages"}],"about":[{"href":"https:\/\/oceansignal.com\/hr\/wp-json\/wp\/v2\/types\/page"}],"author":[{"embeddable":true,"href":"https:\/\/oceansignal.com\/hr\/wp-json\/wp\/v2\/users\/2"}],"replies":[{"embeddable":true,"href":"https:\/\/oceansignal.com\/hr\/wp-json\/wp\/v2\/comments?post=7119"}],"version-history":[{"count":1,"href":"https:\/\/oceansignal.com\/hr\/wp-json\/wp\/v2\/pages\/7119\/revisions"}],"predecessor-version":[{"id":7120,"href":"https:\/\/oceansignal.com\/hr\/wp-json\/wp\/v2\/pages\/7119\/revisions\/7120"}],"wp:attachment":[{"href":"https:\/\/oceansignal.com\/hr\/wp-json\/wp\/v2\/media?parent=7119"}],"curies":[{"name":"wp","href":"https:\/\/api.w.org\/{rel}","templated":true}]}}