{"id":7328,"date":"2023-04-21T11:50:04","date_gmt":"2023-04-21T11:50:04","guid":{"rendered":"https:\/\/oceansignal.com\/mob1-programiranje\/"},"modified":"2024-09-30T14:52:54","modified_gmt":"2024-09-30T14:52:54","slug":"mob1-programiranje","status":"publish","type":"page","link":"https:\/\/oceansignal.com\/hr\/podrska\/programiranje-proizvoda\/mob1-programiranje\/","title":{"rendered":"MOB1 programiranje"},"content":{"rendered":"\n<div class=\"gb-product-programming\">\n    <div class=\"gc-container \">\n                \n\n<div class=\"wp-block-columns gb-product-programming__description is-layout-flex wp-container-core-columns-is-layout-9d6595d7 wp-block-columns-is-layout-flex\">\n<div class=\"wp-block-column gb-product-programming__description__text-container is-layout-flow wp-block-column-is-layout-flow\">\n<h2 class=\"gb-product-programming__description__text-container__title wp-block-heading\" id=\"h-mob1-programming\">MOB1 programiranje<\/h2>\n\n\n\n<p class=\"gb-product-programming__description__text-container__text\">Dostupna verzija specifi\u010dna je za dopu\u0161tene DSC zna\u010dajke u va\u0161oj zemlji.\nLinkovi za instalaciju bit \u0107e dostupni nakon odabira zemlje iz donjeg unosa lokacije. <\/p>\n\n\n\n<a\n                    href=\"http:\/\/oceansignal.com\/products\/rescueme-mob1\/\"\n                class=\"gb-button-link  \"\n        target=\"_self\">\n        See product details\n<\/a>\n\n\n\n<\/div>\n\n\n\n<div class=\"wp-block-column gb-product-programming__description__divider is-layout-flow wp-block-column-is-layout-flow\"><\/div>\n\n\n\n<div class=\"wp-block-column gb-product-programming__description__image is-layout-flow wp-block-column-is-layout-flow\">\n<div class=\"gb-image\">\n\t\n<div class=\"gc-image \">\n        <img decoding=\"async\" class=\"gc-image__image  \"\n         src=\"http:\/\/oceansignal.com\/wp-content\/uploads\/2023\/04\/image-product-mob1-2.png\"\n         alt=\"\"\n    >\n<\/div><\/div>\n<\/div>\n<\/div>\n\n\n        <\/div><\/div>\n","protected":false},"excerpt":{"rendered":"","protected":false},"author":2,"featured_media":0,"parent":7987,"menu_order":0,"comment_status":"closed","ping_status":"closed","template":"pagetemplate-mob1.php","meta":{"_acf_changed":false,"om_disable_all_campaigns":false,"footnotes":""},"class_list":["post-7328","page","type-page","status-publish","hentry"],"acf":[],"yoast_head":"<!-- This site is optimized with the Yoast SEO Premium plugin v25.2 (Yoast SEO v26.4) - https:\/\/yoast.com\/wordpress\/plugins\/seo\/ -->\n<title>MOB1 programiranje - Ocean Signal<\/title>\n<meta name=\"description\" content=\"Ocean Signal MOB1 programiranje za pobolj\u0161anu sigurnost. Jednostavno konfigurirajte svoj AIS Beacon za pouzdano upozorenje \u010dovjeka u moru. Programirajte sada.\" \/>\n<meta name=\"robots\" content=\"index, follow, max-snippet:-1, max-image-preview:large, max-video-preview:-1\" \/>\n<link rel=\"canonical\" href=\"https:\/\/oceansignal.com\/hr\/podrska\/programiranje-proizvoda\/mob1-programiranje\/\" \/>\n<meta property=\"og:locale\" content=\"hr_HR\" \/>\n<meta property=\"og:type\" content=\"article\" \/>\n<meta property=\"og:title\" content=\"MOB1 programiranje - Ocean Signal\" \/>\n<meta property=\"og:description\" content=\"Ocean Signal MOB1 programiranje za pobolj\u0161anu sigurnost. Jednostavno konfigurirajte svoj AIS Beacon za pouzdano upozorenje \u010dovjeka u moru. Programirajte sada.\" \/>\n<meta property=\"og:url\" content=\"https:\/\/oceansignal.com\/hr\/podrska\/programiranje-proizvoda\/mob1-programiranje\/\" \/>\n<meta property=\"og:site_name\" content=\"Ocean Signal\" \/>\n<meta property=\"article:modified_time\" content=\"2024-09-30T14:52:54+00:00\" \/>\n<meta property=\"og:image\" content=\"https:\/\/oceansignal.com\/wp-content\/uploads\/2024\/03\/image-social-share-04.jpg\" \/>\n\t<meta property=\"og:image:width\" content=\"1200\" \/>\n\t<meta property=\"og:image:height\" content=\"630\" \/>\n\t<meta property=\"og:image:type\" content=\"image\/jpeg\" \/>\n<meta name=\"twitter:card\" content=\"summary_large_image\" \/>\n<script type=\"application\/ld+json\" class=\"yoast-schema-graph\">{\"@context\":\"https:\/\/schema.org\",\"@graph\":[{\"@type\":\"WebPage\",\"@id\":\"https:\/\/oceansignal.com\/hr\/podrska\/programiranje-proizvoda\/mob1-programiranje\/\",\"url\":\"https:\/\/oceansignal.com\/hr\/podrska\/programiranje-proizvoda\/mob1-programiranje\/\",\"name\":\"MOB1 programiranje - Ocean Signal\",\"isPartOf\":{\"@id\":\"https:\/\/oceansignal.com\/hr\/#website\"},\"datePublished\":\"2023-04-21T11:50:04+00:00\",\"dateModified\":\"2024-09-30T14:52:54+00:00\",\"description\":\"Ocean Signal MOB1 programiranje za pobolj\u0161anu sigurnost. Jednostavno konfigurirajte svoj AIS Beacon za pouzdano upozorenje \u010dovjeka u moru. Programirajte sada.\",\"breadcrumb\":{\"@id\":\"https:\/\/oceansignal.com\/hr\/podrska\/programiranje-proizvoda\/mob1-programiranje\/#breadcrumb\"},\"inLanguage\":\"hr\",\"potentialAction\":[{\"@type\":\"ReadAction\",\"target\":[\"https:\/\/oceansignal.com\/hr\/podrska\/programiranje-proizvoda\/mob1-programiranje\/\"]}]},{\"@type\":\"BreadcrumbList\",\"@id\":\"https:\/\/oceansignal.com\/hr\/podrska\/programiranje-proizvoda\/mob1-programiranje\/#breadcrumb\",\"itemListElement\":[{\"@type\":\"ListItem\",\"position\":1,\"name\":\"Podr\u0161ka\",\"item\":\"https:\/\/oceansignal.com\/hr\/podrska\/\"},{\"@type\":\"ListItem\",\"position\":2,\"name\":\"Programiranje proizvoda\",\"item\":\"https:\/\/oceansignal.com\/hr\/podrska\/programiranje-proizvoda\/\"},{\"@type\":\"ListItem\",\"position\":3,\"name\":\"MOB1 programiranje\"}]},{\"@type\":\"WebSite\",\"@id\":\"https:\/\/oceansignal.com\/hr\/#website\",\"url\":\"https:\/\/oceansignal.com\/hr\/\",\"name\":\"Ocean Signal\",\"description\":\"A leading manufacturer of EPIRBs, AIS, SARTs, Personal Locator Beacons, Man Overboard Beacon for the Marine and Outdoor Markets.\",\"potentialAction\":[{\"@type\":\"SearchAction\",\"target\":{\"@type\":\"EntryPoint\",\"urlTemplate\":\"https:\/\/oceansignal.com\/hr\/?s={search_term_string}\"},\"query-input\":{\"@type\":\"PropertyValueSpecification\",\"valueRequired\":true,\"valueName\":\"search_term_string\"}}],\"inLanguage\":\"hr\"}]}<\/script>\n<!-- \/ Yoast SEO Premium plugin. -->","yoast_head_json":{"title":"MOB1 programiranje - Ocean Signal","description":"Ocean Signal MOB1 programiranje za pobolj\u0161anu sigurnost. Jednostavno konfigurirajte svoj AIS Beacon za pouzdano upozorenje \u010dovjeka u moru. Programirajte sada.","robots":{"index":"index","follow":"follow","max-snippet":"max-snippet:-1","max-image-preview":"max-image-preview:large","max-video-preview":"max-video-preview:-1"},"canonical":"https:\/\/oceansignal.com\/hr\/podrska\/programiranje-proizvoda\/mob1-programiranje\/","og_locale":"hr_HR","og_type":"article","og_title":"MOB1 programiranje - Ocean Signal","og_description":"Ocean Signal MOB1 programiranje za pobolj\u0161anu sigurnost. Jednostavno konfigurirajte svoj AIS Beacon za pouzdano upozorenje \u010dovjeka u moru. Programirajte sada.","og_url":"https:\/\/oceansignal.com\/hr\/podrska\/programiranje-proizvoda\/mob1-programiranje\/","og_site_name":"Ocean Signal","article_modified_time":"2024-09-30T14:52:54+00:00","og_image":[{"width":1200,"height":630,"url":"https:\/\/oceansignal.com\/wp-content\/uploads\/2024\/03\/image-social-share-04.jpg","type":"image\/jpeg"}],"twitter_card":"summary_large_image","schema":{"@context":"https:\/\/schema.org","@graph":[{"@type":"WebPage","@id":"https:\/\/oceansignal.com\/hr\/podrska\/programiranje-proizvoda\/mob1-programiranje\/","url":"https:\/\/oceansignal.com\/hr\/podrska\/programiranje-proizvoda\/mob1-programiranje\/","name":"MOB1 programiranje - Ocean Signal","isPartOf":{"@id":"https:\/\/oceansignal.com\/hr\/#website"},"datePublished":"2023-04-21T11:50:04+00:00","dateModified":"2024-09-30T14:52:54+00:00","description":"Ocean Signal MOB1 programiranje za pobolj\u0161anu sigurnost. Jednostavno konfigurirajte svoj AIS Beacon za pouzdano upozorenje \u010dovjeka u moru. Programirajte sada.","breadcrumb":{"@id":"https:\/\/oceansignal.com\/hr\/podrska\/programiranje-proizvoda\/mob1-programiranje\/#breadcrumb"},"inLanguage":"hr","potentialAction":[{"@type":"ReadAction","target":["https:\/\/oceansignal.com\/hr\/podrska\/programiranje-proizvoda\/mob1-programiranje\/"]}]},{"@type":"BreadcrumbList","@id":"https:\/\/oceansignal.com\/hr\/podrska\/programiranje-proizvoda\/mob1-programiranje\/#breadcrumb","itemListElement":[{"@type":"ListItem","position":1,"name":"Podr\u0161ka","item":"https:\/\/oceansignal.com\/hr\/podrska\/"},{"@type":"ListItem","position":2,"name":"Programiranje proizvoda","item":"https:\/\/oceansignal.com\/hr\/podrska\/programiranje-proizvoda\/"},{"@type":"ListItem","position":3,"name":"MOB1 programiranje"}]},{"@type":"WebSite","@id":"https:\/\/oceansignal.com\/hr\/#website","url":"https:\/\/oceansignal.com\/hr\/","name":"Ocean Signal","description":"A leading manufacturer of EPIRBs, AIS, SARTs, Personal Locator Beacons, Man Overboard Beacon for the Marine and Outdoor Markets.","potentialAction":[{"@type":"SearchAction","target":{"@type":"EntryPoint","urlTemplate":"https:\/\/oceansignal.com\/hr\/?s={search_term_string}"},"query-input":{"@type":"PropertyValueSpecification","valueRequired":true,"valueName":"search_term_string"}}],"inLanguage":"hr"}]}},"_links":{"self":[{"href":"https:\/\/oceansignal.com\/hr\/wp-json\/wp\/v2\/pages\/7328","targetHints":{"allow":["GET"]}}],"collection":[{"href":"https:\/\/oceansignal.com\/hr\/wp-json\/wp\/v2\/pages"}],"about":[{"href":"https:\/\/oceansignal.com\/hr\/wp-json\/wp\/v2\/types\/page"}],"author":[{"embeddable":true,"href":"https:\/\/oceansignal.com\/hr\/wp-json\/wp\/v2\/users\/2"}],"replies":[{"embeddable":true,"href":"https:\/\/oceansignal.com\/hr\/wp-json\/wp\/v2\/comments?post=7328"}],"version-history":[{"count":1,"href":"https:\/\/oceansignal.com\/hr\/wp-json\/wp\/v2\/pages\/7328\/revisions"}],"predecessor-version":[{"id":7334,"href":"https:\/\/oceansignal.com\/hr\/wp-json\/wp\/v2\/pages\/7328\/revisions\/7334"}],"up":[{"embeddable":true,"href":"https:\/\/oceansignal.com\/hr\/wp-json\/wp\/v2\/pages\/7987"}],"wp:attachment":[{"href":"https:\/\/oceansignal.com\/hr\/wp-json\/wp\/v2\/media?parent=7328"}],"curies":[{"name":"wp","href":"https:\/\/api.w.org\/{rel}","templated":true}]}}