{"id":7483,"date":"2023-05-03T12:36:48","date_gmt":"2023-05-03T12:36:48","guid":{"rendered":"https:\/\/oceansignal.com\/ecomm-i-jamstvena-pravila\/"},"modified":"2025-04-17T12:40:29","modified_gmt":"2025-04-17T12:40:29","slug":"ecomm-i-jamstvena-pravila","status":"publish","type":"page","link":"https:\/\/oceansignal.com\/hr\/ecomm-i-jamstvena-pravila\/","title":{"rendered":"Ecomm i jamstvena pravila"},"content":{"rendered":"\n<div class=\"gb-container-narrow\">\n    <div class=\"gc-container \">\n                \n\n<h4 class=\"wp-block-heading\" id=\"h-purchases-made-online-at-www-oceansignal-com\">Kupnje putem interneta na www.oceansignal.com<\/h4>\n\n\n\n<p>Stojimo iza na\u0161ih proizvoda. Ako va\u0161a kupnja na www.oceansignal.com ne ispuni va\u0161a o\u010dekivanja, mo\u017eete je vratiti radi zamjene ili povrata novca (isklju\u010duju\u0107i tro\u0161kove dostave) u roku od 30 dana od datuma kupnje, osim kako je navedeno u nastavku. Kako biste zapo\u010deli povrat, prijavite se na svoj ra\u010dun na www.oceansignal.com i pristupite kartici &#8220;Narud\u017ebe&#8221;. Zabilje\u017eite broj svoje narud\u017ebe, a zatim pristupite na\u0161em <a href=\"https:\/\/oceansignal.com\/hr\/podrska\/#contact-us\">obrascu za kontakt<\/a> putem odjeljka RMA na stranici za podr\u0161ku. Unesite svoje podatke za kontakt u obrazac, navedite broj svoje narud\u017ebe u svojoj poruci i kratak opis za\u0161to \u017eelite vratiti svoju narud\u017ebu. \u010clan na\u0161eg tima uskoro \u0107e vas kontaktirati u vezi sa sljede\u0107im koracima.     <\/p>\n\n\n\n<p>Napomena: radio-farovi za ozna\u010davanje polo\u017eaja u nu\u017edi (EPIRB-ovi) i osobni lokator-farovi (PLB-ovi) mogu se vratiti samo uz puni povrat unutar 30 dana od datuma kupnje ako pe\u010dat na kutiji nije o\u0161te\u0107en. Osim toga, ne smije biti registriran kod Nacionalnog tijela za registraciju. Bilo koji proizvod koji ispunjava uvjete za promotivnu ponudu (gotovinski rabati ili besplatna roba) koji je iskori\u0161ten nije prihvatljiv.  <\/p>\n\n\n\n<p>Upute za povrat UK &amp; Europe:<\/p>\n\n\n\n<p>Nakon dobivanja broja autorizacije povratnog materijala E-Commerce RMA, ponovno zapakirajte artikl u njegovo originalno pakiranje i po\u0161aljite nam artikle natrag s va\u0161im RMA brojem jasno napisanim na vanjskom paketu na donju adresu.<\/p>\n\n\n\n<p>Ocean Signal ,<br\/> Jedinica 4, Ocivan Way<br\/> Westwood<br\/> Margate<br\/> CT9 4NN<br\/> UK<\/p>\n\n\n\n<p>Upute za povrat SAD\/Kanada:<\/p>\n\n\n\n<p>Nakon dobivanja broja autorizacije materijala za povrat Ecommerce RMA, prepakirajte artikl u originalno pakiranje i po\u0161aljite nam artikle natrag s va\u0161im RMA brojem jasno napisanim na vanjskom pakiranju na donju adresu.  <\/p>\n\n\n\n<div class=\"wp-block-group\"><div class=\"wp-block-group__inner-container is-layout-constrained wp-block-group-is-layout-constrained\">\n<div class=\"wp-block-group is-vertical is-layout-flex wp-container-core-group-is-layout-8cf370e7 wp-block-group-is-layout-flex\">\n<p><strong>ACR elektronika<\/strong><\/p>\n\n\n\n<p><strong>5757 Ravenswood Road<\/strong><\/p>\n\n\n\n<p><strong>Fort Lauderdale, FL 33312<\/strong><\/p>\n<\/div>\n<\/div><\/div>\n\n\n\n<p>Predmeti koji sadr\u017ee opasne materijale smiju se vratiti samo kopnenim po\u0161iljkama i moraju biti ozna\u010deni ispravnom dokumentacijom za otpremu opasnih tvari (posjetite stranicu proizvoda kako biste vidjeli ispunjava li va\u0161 proizvod uvjete).<\/p>\n\n\n\n<p>Osim u slu\u010dajevima kada je povrat rezultat pogre\u0161ke tvrtke Ocean Signal ili kada artikal stigne o\u0161te\u0107en ili neispravan, izvorni tro\u0161kovi dostave se ne vra\u0107aju i vi ste odgovorni za sve tro\u0161kove povratne dostave. Ocean Signal ne\u0107e biti odgovoran za povrate koji su izgubljeni u transportu ili vra\u0107eni na neto\u010dnu adresu; molimo vas da zadr\u017eite podatke o pra\u0107enju povrata. <\/p>\n\n\n\n<p><\/p>\n\n\n\n<h2 class=\"wp-block-heading\">Globalno ograni\u010deno jamstvo<\/h2>\n\n\n\n<p>Ograni\u010dena jamstva u globalnom ograni\u010denom jamstvu su isklju\u010diva i zamjenjuju sva druga jamstva, izri\u010dita ili podrazumijevana ili zakonska, uklju\u010duju\u0107i bilo koju odgovornost koja proizlazi iz bilo kojeg jamstva o mogu\u0107nosti prodaje ili prikladnosti za odre\u0111enu svrhu, zakonsku ili drugu. Ovo jamstvo daje vlasniku odre\u0111ena zakonska prava, koja se mogu razlikovati od jurisdikcije do jurisdikcije. <\/p>\n\n\n\n<p>Ni u kojem slu\u010daju Ocean Signal Ltd. ili njegove podru\u017enice ne\u0107e biti odgovorni za bilo kakvu slu\u010dajnu, posebnu, neizravnu ili posljedi\u010dnu \u0161tetu, bilo da proizlazi iz uporabe, pogre\u0161ne uporabe, nemogu\u0107nosti kori\u0161tenja, nepravilnog oslanjanja na ili bilo kakvih nedostataka u proizvodu. Neke jurisdikcije ne dopu\u0161taju isklju\u010denje za slu\u010dajne ili posljedi\u010dne \u0161tete, tako da se gore navedeno ograni\u010denje mo\u017eda ne odnosi na vas. <\/p>\n\n\n\n<p>Globalno ograni\u010deno jamstvo ne utje\u010de na prava kupca prema trgovcu koja proizlaze iz kupoprodajnog\/kupoprodajnog ugovora.<\/p>\n\n\n\n<p>Proizvod popravljen ili zamijenjen pod jamstvom bit \u0107e zajam\u010den samo za preostali iznos primjenjivog izvornog jamstvenog roka.<\/p>\n\n\n\n<p>U skladu s odredbama, uvjetima, ograni\u010denjima i izuzecima u Globalnom ograni\u010denom jamstvu, jam\u010di se da svi Ocean Signal proizvodi nemaju nedostataka u materijalu ili izradi u razdoblju od dvije (2) godine od datuma kada je Proizvod kupio Izvorni kupac (&#8220;Standardno ograni\u010deno jamstveno razdoblje&#8221;). Tijekom tog razdoblja i samo za Izvornog kupca, Ocean Signal \u0107e, prema vlastitom naho\u0111enju, popraviti ili zamijeniti sve komponente koje se pokvare tijekom normalne uporabe, \u0161to \u0107e, u nedostatku bilo kojeg primjenjivog zakona koji bi bio suprotni, biti jedini i isklju\u010divi pravni lijek kupca za bilo kakvo kr\u0161enje jamstva. <\/p>\n\n\n\n<p>Ako se standardno ograni\u010deno jamstvo odnosi na vas, Ocean Signal vam ne\u0107e naplatiti dijelove ili rad za jamstvene popravke ili zamjene. Me\u0111utim, tro\u0161kovi prijevoza va\u0161eg proizvoda s jamstvom u Ocean Signal na popravak ili zamjenu va\u0161a su odgovornost i ne pokriva ih Ocean Signal . <\/p>\n\n\n\n<h2 class=\"wp-block-heading\">Produljeno ograni\u010deno jamstvo<\/h2>\n\n\n\n<p>U skladu s odredbama, uvjetima, ograni\u010denjima i izuzecima u Globalnom ograni\u010denom jamstvu, isklju\u010duju\u0107i zamjenske proizvode pod jamstvom i proizvode koji se koriste u redovne komercijalne, vojne, policijske ili srodne svrhe, za sve nove proizvode registrirane kod Ocean Signal u roku od devedeset (90) dana od datuma kada je proizvod prvi put kupio izvorni kupac, jam\u010di se da ne\u0107e imati nedostataka u materijalu ili izradi tijekom razdoblja od nekoliko godina (&#8220;Pro\u0161ireno ograni\u010deno&#8221; Jamstveno razdoblje&#8221;) kako je definirano u nastavku:<\/p>\n\n\n\n<figure class=\"wp-block-table\"><table><tbody><tr><td>rescueME proizvodi ( PLB1 , PLB3 , MOB1, MOB2 , EDF,<br\/> EPIRB1 , EPIRB1Pro, EPIRB2 , EPIRB2 Pro i EPIRB3 )<\/td><td>\u00a0\u2013<\/td><td>Produljeno jamstveno razdoblje 5 godina<\/td><\/tr><tr><td>safeSEA proizvodi ( EPIRB3 Pro , V100, M200 i S100)<\/td><td>\u00a0\u2013<\/td><td>Nije dostupno produljeno jamstvo<\/td><\/tr><tr><td>Profesionalni proizvodi: (M100 i M100X)<\/td><td>\u00a0\u2013<\/td><td>Nije dostupno produljeno jamstvo<\/td><\/tr><tr><td>AIS proizvodi: (ATB1 i ATA100)<\/td><td>\u00a0\u2013<\/td><td>Produljeno jamstveno razdoblje 3 godine<\/td><\/tr><\/tbody><\/table><\/figure>\n\n\n\n<p>Tijekom tog razdoblja i za Izvornog kupca, Ocean Signal \u0107e, prema vlastitom naho\u0111enju, popraviti ili zamijeniti sve komponente proizvoda koje se poka\u017eu u normalnoj uporabi, \u0161to \u0107e, u nedostatku bilo kojeg primjenjivog zakona koji govori suprotno, biti kup\u010dev jedini i isklju\u010divi pravni lijek za bilo kakvo kr\u0161enje jamstva.<\/p>\n\n\n\n<p>Nakon uspje\u0161ne registracije proizvoda, pro\u0161ireno ograni\u010deno jamstvo zamjenjuje standardno ograni\u010deno jamstvo.<\/p>\n\n\n\n<p>Ako se Produljeno ograni\u010deno jamstvo odnosi na vas, Ocean Signal vam ne\u0107e naplatiti dijelove ili rad za jamstvene popravke ili zamjene. Me\u0111utim, tro\u0161kovi prijevoza va\u0161eg proizvoda s jamstvom u Ocean Signal na popravak ili zamjenu va\u0161a su odgovornost i ne pokriva ih Ocean Signal . <\/p>\n\n\n        <\/div><\/div>\n","protected":false},"excerpt":{"rendered":"","protected":false},"author":1,"featured_media":0,"parent":0,"menu_order":0,"comment_status":"closed","ping_status":"closed","template":"pagetemplate-header-gray.php","meta":{"_acf_changed":false,"om_disable_all_campaigns":false,"footnotes":""},"class_list":["post-7483","page","type-page","status-publish","hentry"],"acf":[],"yoast_head":"<!-- This site is optimized with the Yoast SEO Premium plugin v25.2 (Yoast SEO v26.4) - https:\/\/yoast.com\/wordpress\/plugins\/seo\/ -->\n<title>Ecomm i jamstvena pravila - Ocean Signal<\/title>\n<meta name=\"description\" content=\"Istra\u017eite stranicu e-trgovine i jamstva tvrtke Ocean Signal za pouzdanu pomorsku sigurnosnu opremu. Kupujte s povjerenjem uz na\u0161e opse\u017eno jamstvo.\" \/>\n<meta name=\"robots\" content=\"index, follow, max-snippet:-1, max-image-preview:large, max-video-preview:-1\" \/>\n<link rel=\"canonical\" href=\"https:\/\/oceansignal.com\/hr\/ecomm-i-jamstvena-pravila\/\" \/>\n<meta property=\"og:locale\" content=\"hr_HR\" \/>\n<meta property=\"og:type\" content=\"article\" \/>\n<meta property=\"og:title\" content=\"Ecomm i jamstvena pravila - Ocean Signal\" \/>\n<meta property=\"og:description\" content=\"Istra\u017eite stranicu e-trgovine i jamstva tvrtke Ocean Signal za pouzdanu pomorsku sigurnosnu opremu. Kupujte s povjerenjem uz na\u0161e opse\u017eno jamstvo.\" \/>\n<meta property=\"og:url\" content=\"https:\/\/oceansignal.com\/hr\/ecomm-i-jamstvena-pravila\/\" \/>\n<meta property=\"og:site_name\" content=\"Ocean Signal\" \/>\n<meta property=\"article:modified_time\" content=\"2025-04-17T12:40:29+00:00\" \/>\n<meta property=\"og:image\" content=\"https:\/\/oceansignal.com\/wp-content\/uploads\/2024\/03\/image-social-share-04.jpg\" \/>\n\t<meta property=\"og:image:width\" content=\"1200\" \/>\n\t<meta property=\"og:image:height\" content=\"630\" \/>\n\t<meta property=\"og:image:type\" content=\"image\/jpeg\" \/>\n<meta name=\"twitter:card\" content=\"summary_large_image\" \/>\n<meta name=\"twitter:label1\" content=\"Procijenjeno vrijeme \u010ditanja\" \/>\n\t<meta name=\"twitter:data1\" content=\"5 minuta\" \/>\n<script type=\"application\/ld+json\" class=\"yoast-schema-graph\">{\"@context\":\"https:\/\/schema.org\",\"@graph\":[{\"@type\":\"WebPage\",\"@id\":\"https:\/\/oceansignal.com\/hr\/ecomm-i-jamstvena-pravila\/\",\"url\":\"https:\/\/oceansignal.com\/hr\/ecomm-i-jamstvena-pravila\/\",\"name\":\"Ecomm i jamstvena pravila - Ocean Signal\",\"isPartOf\":{\"@id\":\"https:\/\/oceansignal.com\/hr\/#website\"},\"datePublished\":\"2023-05-03T12:36:48+00:00\",\"dateModified\":\"2025-04-17T12:40:29+00:00\",\"description\":\"Istra\u017eite stranicu e-trgovine i jamstva tvrtke Ocean Signal za pouzdanu pomorsku sigurnosnu opremu. Kupujte s povjerenjem uz na\u0161e opse\u017eno jamstvo.\",\"inLanguage\":\"hr\",\"potentialAction\":[{\"@type\":\"ReadAction\",\"target\":[\"https:\/\/oceansignal.com\/hr\/ecomm-i-jamstvena-pravila\/\"]}]},{\"@type\":\"WebSite\",\"@id\":\"https:\/\/oceansignal.com\/hr\/#website\",\"url\":\"https:\/\/oceansignal.com\/hr\/\",\"name\":\"Ocean Signal\",\"description\":\"A leading manufacturer of EPIRBs, AIS, SARTs, Personal Locator Beacons, Man Overboard Beacon for the Marine and Outdoor Markets.\",\"potentialAction\":[{\"@type\":\"SearchAction\",\"target\":{\"@type\":\"EntryPoint\",\"urlTemplate\":\"https:\/\/oceansignal.com\/hr\/?s={search_term_string}\"},\"query-input\":{\"@type\":\"PropertyValueSpecification\",\"valueRequired\":true,\"valueName\":\"search_term_string\"}}],\"inLanguage\":\"hr\"}]}<\/script>\n<!-- \/ Yoast SEO Premium plugin. -->","yoast_head_json":{"title":"Ecomm i jamstvena pravila - Ocean Signal","description":"Istra\u017eite stranicu e-trgovine i jamstva tvrtke Ocean Signal za pouzdanu pomorsku sigurnosnu opremu. Kupujte s povjerenjem uz na\u0161e opse\u017eno jamstvo.","robots":{"index":"index","follow":"follow","max-snippet":"max-snippet:-1","max-image-preview":"max-image-preview:large","max-video-preview":"max-video-preview:-1"},"canonical":"https:\/\/oceansignal.com\/hr\/ecomm-i-jamstvena-pravila\/","og_locale":"hr_HR","og_type":"article","og_title":"Ecomm i jamstvena pravila - Ocean Signal","og_description":"Istra\u017eite stranicu e-trgovine i jamstva tvrtke Ocean Signal za pouzdanu pomorsku sigurnosnu opremu. Kupujte s povjerenjem uz na\u0161e opse\u017eno jamstvo.","og_url":"https:\/\/oceansignal.com\/hr\/ecomm-i-jamstvena-pravila\/","og_site_name":"Ocean Signal","article_modified_time":"2025-04-17T12:40:29+00:00","og_image":[{"width":1200,"height":630,"url":"https:\/\/oceansignal.com\/wp-content\/uploads\/2024\/03\/image-social-share-04.jpg","type":"image\/jpeg"}],"twitter_card":"summary_large_image","twitter_misc":{"Procijenjeno vrijeme \u010ditanja":"5 minuta"},"schema":{"@context":"https:\/\/schema.org","@graph":[{"@type":"WebPage","@id":"https:\/\/oceansignal.com\/hr\/ecomm-i-jamstvena-pravila\/","url":"https:\/\/oceansignal.com\/hr\/ecomm-i-jamstvena-pravila\/","name":"Ecomm i jamstvena pravila - Ocean Signal","isPartOf":{"@id":"https:\/\/oceansignal.com\/hr\/#website"},"datePublished":"2023-05-03T12:36:48+00:00","dateModified":"2025-04-17T12:40:29+00:00","description":"Istra\u017eite stranicu e-trgovine i jamstva tvrtke Ocean Signal za pouzdanu pomorsku sigurnosnu opremu. Kupujte s povjerenjem uz na\u0161e opse\u017eno jamstvo.","inLanguage":"hr","potentialAction":[{"@type":"ReadAction","target":["https:\/\/oceansignal.com\/hr\/ecomm-i-jamstvena-pravila\/"]}]},{"@type":"WebSite","@id":"https:\/\/oceansignal.com\/hr\/#website","url":"https:\/\/oceansignal.com\/hr\/","name":"Ocean Signal","description":"A leading manufacturer of EPIRBs, AIS, SARTs, Personal Locator Beacons, Man Overboard Beacon for the Marine and Outdoor Markets.","potentialAction":[{"@type":"SearchAction","target":{"@type":"EntryPoint","urlTemplate":"https:\/\/oceansignal.com\/hr\/?s={search_term_string}"},"query-input":{"@type":"PropertyValueSpecification","valueRequired":true,"valueName":"search_term_string"}}],"inLanguage":"hr"}]}},"_links":{"self":[{"href":"https:\/\/oceansignal.com\/hr\/wp-json\/wp\/v2\/pages\/7483","targetHints":{"allow":["GET"]}}],"collection":[{"href":"https:\/\/oceansignal.com\/hr\/wp-json\/wp\/v2\/pages"}],"about":[{"href":"https:\/\/oceansignal.com\/hr\/wp-json\/wp\/v2\/types\/page"}],"author":[{"embeddable":true,"href":"https:\/\/oceansignal.com\/hr\/wp-json\/wp\/v2\/users\/1"}],"replies":[{"embeddable":true,"href":"https:\/\/oceansignal.com\/hr\/wp-json\/wp\/v2\/comments?post=7483"}],"version-history":[{"count":7,"href":"https:\/\/oceansignal.com\/hr\/wp-json\/wp\/v2\/pages\/7483\/revisions"}],"predecessor-version":[{"id":27355,"href":"https:\/\/oceansignal.com\/hr\/wp-json\/wp\/v2\/pages\/7483\/revisions\/27355"}],"wp:attachment":[{"href":"https:\/\/oceansignal.com\/hr\/wp-json\/wp\/v2\/media?parent=7483"}],"curies":[{"name":"wp","href":"https:\/\/api.w.org\/{rel}","templated":true}]}}