{"id":7552,"date":"2023-04-14T09:37:36","date_gmt":"2023-04-14T09:37:36","guid":{"rendered":"https:\/\/oceansignal.com\/karijere\/"},"modified":"2024-09-30T14:47:22","modified_gmt":"2024-09-30T14:47:22","slug":"karijere","status":"publish","type":"page","link":"https:\/\/oceansignal.com\/hr\/karijere\/","title":{"rendered":"Karijere"},"content":{"rendered":"\n<div class=\"gb-container-narrow\">\n    <div class=\"gc-container \">\n                \n\n<p class=\"has-medium-font-size\">U Ocean Signalu nismo usredoto\u010deni samo na pomorsku i vanjsku sigurnost; Tako\u0111er smo predani njegovanju talenta i strasti.\nPridru\u017eite se na\u0161em timu i postanite dio dinami\u010dnog okru\u017eenja u kojem se inovacija spaja sa svrhom.\nBilo da ste iskusni profesionalac ili zapo\u010dinjete svoje karijerno putovanje, nudimo razli\u010dite mogu\u0107nosti zapo\u0161ljavanja u razli\u010ditim odjelima.\nOd in\u017eenjeringa i razvoja proizvoda do proizvodnje i korisni\u010dke podr\u0161ke, cijenimo predanost, kreativnost i predanost izvrsnosti.\nZapo\u010dnite ispunjenu karijeru u <a href=\"https:\/\/www.acrartex.com\/\">tvrtkama ACR Electronics<\/a> i Ocean Signal, gdje va\u0161i doprinosi igraju klju\u010dnu ulogu u <a href=\"https:\/\/oceansignal.com\/hr\/survivor-stories\/istrazivac-spasen-spasavanjem-ocean-signalame-plb1-od-kriticnog-atv-incidenta\/\">spa\u0161avanju \u017eivota<\/a>.\nIstra\u017eite na\u0161a trenutna otvorena radna mjesta i poduzmite sljede\u0107i korak prema oblikovanju budu\u0107nosti pomorske sigurnosti.     <\/p>\n\n\n\n<p>Ocean Signal djeluje unutar ACR Grupe, koja se sastoji od vi\u0161e od 250 zaposlenika i mo\u017ee se pohvaliti s tri najsuvremenija centra za istra\u017eivanje i razvoj.\nS velikim dosegom, aktivno tra\u017eimo poslovne prilike s vi\u0161e od 150 cijenjenih globalnih kupaca i odr\u017eavamo prisutnost u vi\u0161e od 30 zemalja.\nUdru\u017eiv\u0161i se s istaknutim organizacijama diljem svijeta, grupa je vi\u0161e od pet desetlje\u0107a pokazala vodstvo u pomorskom, zrakoplovnom, kopnenom i vojnom sektoru.\nOcean Signal je predvodnik u dizajniranju i proizvodnji satelitskih i zemaljskih svjetionika za hitno spa\u0161avanje, koriste\u0107i VHF\/UHF, Iridium, DSC, AIS, GNSS i baterijske tehnologije.\nNa\u0161i proizvodi opslu\u017euju \u010detiri primarna tr\u017ei\u0161ta diljem svijeta: komercijalno pomorsko, morsko za slobodno vrijeme, vladino\/vojno i kopneno\/rekreacijsko.    <\/p>\n\n\n\n<p class=\"has-medium-font-size\"><br\/>Obratite se Ocean Signalu na <a href=\"mailto:jobs@oceansignal.com\">jobs@oceansignal.com<\/a> sa svojim \u017eivotopisom ako ste zainteresirani za bilo koju poziciju navedenu u nastavku.<\/p>\n\n\n\n<div style=\"height:82px\" aria-hidden=\"true\" class=\"wp-block-spacer\"><\/div>\n\n\n        <\/div><\/div>\n","protected":false},"excerpt":{"rendered":"<p>Sljede\u0107e mogu\u0107nosti karijere dostupne su u Ocean Signalu<\/p>\n","protected":false},"author":2,"featured_media":0,"parent":0,"menu_order":0,"comment_status":"closed","ping_status":"closed","template":"pagetemplate-header-gray.php","meta":{"_acf_changed":false,"om_disable_all_campaigns":false,"footnotes":""},"class_list":["post-7552","page","type-page","status-publish","hentry"],"acf":[],"yoast_head":"<!-- This site is optimized with the Yoast SEO Premium plugin v25.2 (Yoast SEO v26.4) - https:\/\/yoast.com\/wordpress\/plugins\/seo\/ -->\n<title>Karijere - Ocean Signal<\/title>\n<meta name=\"description\" content=\"Istra\u017eite uzbudljive mogu\u0107nosti karijere u Ocean Signalu. Pridru\u017eite se na\u0161em timu i doprinesite inovacijama u pomorskoj sigurnosti.\" \/>\n<meta name=\"robots\" content=\"index, follow, max-snippet:-1, max-image-preview:large, max-video-preview:-1\" \/>\n<link rel=\"canonical\" href=\"https:\/\/oceansignal.com\/hr\/karijere\/\" \/>\n<meta property=\"og:locale\" content=\"hr_HR\" \/>\n<meta property=\"og:type\" content=\"article\" \/>\n<meta property=\"og:title\" content=\"Karijere - Ocean Signal\" \/>\n<meta property=\"og:description\" content=\"Istra\u017eite uzbudljive mogu\u0107nosti karijere u Ocean Signalu. Pridru\u017eite se na\u0161em timu i doprinesite inovacijama u pomorskoj sigurnosti.\" \/>\n<meta property=\"og:url\" content=\"https:\/\/oceansignal.com\/hr\/karijere\/\" \/>\n<meta property=\"og:site_name\" content=\"Ocean Signal\" \/>\n<meta property=\"article:modified_time\" content=\"2024-09-30T14:47:22+00:00\" \/>\n<meta property=\"og:image\" content=\"https:\/\/oceansignal.com\/wp-content\/uploads\/2024\/03\/image-social-share-04.jpg\" \/>\n\t<meta property=\"og:image:width\" content=\"1200\" \/>\n\t<meta property=\"og:image:height\" content=\"630\" \/>\n\t<meta property=\"og:image:type\" content=\"image\/jpeg\" \/>\n<meta name=\"twitter:card\" content=\"summary_large_image\" \/>\n<meta name=\"twitter:label1\" content=\"Procijenjeno vrijeme \u010ditanja\" \/>\n\t<meta name=\"twitter:data1\" content=\"1 minuta\" \/>\n<script type=\"application\/ld+json\" class=\"yoast-schema-graph\">{\"@context\":\"https:\/\/schema.org\",\"@graph\":[{\"@type\":\"WebPage\",\"@id\":\"https:\/\/oceansignal.com\/hr\/karijere\/\",\"url\":\"https:\/\/oceansignal.com\/hr\/karijere\/\",\"name\":\"Karijere - Ocean Signal\",\"isPartOf\":{\"@id\":\"https:\/\/oceansignal.com\/hr\/#website\"},\"datePublished\":\"2023-04-14T09:37:36+00:00\",\"dateModified\":\"2024-09-30T14:47:22+00:00\",\"description\":\"Istra\u017eite uzbudljive mogu\u0107nosti karijere u Ocean Signalu. Pridru\u017eite se na\u0161em timu i doprinesite inovacijama u pomorskoj sigurnosti.\",\"inLanguage\":\"hr\",\"potentialAction\":[{\"@type\":\"ReadAction\",\"target\":[\"https:\/\/oceansignal.com\/hr\/karijere\/\"]}]},{\"@type\":\"WebSite\",\"@id\":\"https:\/\/oceansignal.com\/hr\/#website\",\"url\":\"https:\/\/oceansignal.com\/hr\/\",\"name\":\"Ocean Signal\",\"description\":\"A leading manufacturer of EPIRBs, AIS, SARTs, Personal Locator Beacons, Man Overboard Beacon for the Marine and Outdoor Markets.\",\"potentialAction\":[{\"@type\":\"SearchAction\",\"target\":{\"@type\":\"EntryPoint\",\"urlTemplate\":\"https:\/\/oceansignal.com\/hr\/?s={search_term_string}\"},\"query-input\":{\"@type\":\"PropertyValueSpecification\",\"valueRequired\":true,\"valueName\":\"search_term_string\"}}],\"inLanguage\":\"hr\"}]}<\/script>\n<!-- \/ Yoast SEO Premium plugin. -->","yoast_head_json":{"title":"Karijere - Ocean Signal","description":"Istra\u017eite uzbudljive mogu\u0107nosti karijere u Ocean Signalu. Pridru\u017eite se na\u0161em timu i doprinesite inovacijama u pomorskoj sigurnosti.","robots":{"index":"index","follow":"follow","max-snippet":"max-snippet:-1","max-image-preview":"max-image-preview:large","max-video-preview":"max-video-preview:-1"},"canonical":"https:\/\/oceansignal.com\/hr\/karijere\/","og_locale":"hr_HR","og_type":"article","og_title":"Karijere - Ocean Signal","og_description":"Istra\u017eite uzbudljive mogu\u0107nosti karijere u Ocean Signalu. Pridru\u017eite se na\u0161em timu i doprinesite inovacijama u pomorskoj sigurnosti.","og_url":"https:\/\/oceansignal.com\/hr\/karijere\/","og_site_name":"Ocean Signal","article_modified_time":"2024-09-30T14:47:22+00:00","og_image":[{"width":1200,"height":630,"url":"https:\/\/oceansignal.com\/wp-content\/uploads\/2024\/03\/image-social-share-04.jpg","type":"image\/jpeg"}],"twitter_card":"summary_large_image","twitter_misc":{"Procijenjeno vrijeme \u010ditanja":"1 minuta"},"schema":{"@context":"https:\/\/schema.org","@graph":[{"@type":"WebPage","@id":"https:\/\/oceansignal.com\/hr\/karijere\/","url":"https:\/\/oceansignal.com\/hr\/karijere\/","name":"Karijere - Ocean Signal","isPartOf":{"@id":"https:\/\/oceansignal.com\/hr\/#website"},"datePublished":"2023-04-14T09:37:36+00:00","dateModified":"2024-09-30T14:47:22+00:00","description":"Istra\u017eite uzbudljive mogu\u0107nosti karijere u Ocean Signalu. Pridru\u017eite se na\u0161em timu i doprinesite inovacijama u pomorskoj sigurnosti.","inLanguage":"hr","potentialAction":[{"@type":"ReadAction","target":["https:\/\/oceansignal.com\/hr\/karijere\/"]}]},{"@type":"WebSite","@id":"https:\/\/oceansignal.com\/hr\/#website","url":"https:\/\/oceansignal.com\/hr\/","name":"Ocean Signal","description":"A leading manufacturer of EPIRBs, AIS, SARTs, Personal Locator Beacons, Man Overboard Beacon for the Marine and Outdoor Markets.","potentialAction":[{"@type":"SearchAction","target":{"@type":"EntryPoint","urlTemplate":"https:\/\/oceansignal.com\/hr\/?s={search_term_string}"},"query-input":{"@type":"PropertyValueSpecification","valueRequired":true,"valueName":"search_term_string"}}],"inLanguage":"hr"}]}},"_links":{"self":[{"href":"https:\/\/oceansignal.com\/hr\/wp-json\/wp\/v2\/pages\/7552","targetHints":{"allow":["GET"]}}],"collection":[{"href":"https:\/\/oceansignal.com\/hr\/wp-json\/wp\/v2\/pages"}],"about":[{"href":"https:\/\/oceansignal.com\/hr\/wp-json\/wp\/v2\/types\/page"}],"author":[{"embeddable":true,"href":"https:\/\/oceansignal.com\/hr\/wp-json\/wp\/v2\/users\/2"}],"replies":[{"embeddable":true,"href":"https:\/\/oceansignal.com\/hr\/wp-json\/wp\/v2\/comments?post=7552"}],"version-history":[{"count":1,"href":"https:\/\/oceansignal.com\/hr\/wp-json\/wp\/v2\/pages\/7552\/revisions"}],"predecessor-version":[{"id":7554,"href":"https:\/\/oceansignal.com\/hr\/wp-json\/wp\/v2\/pages\/7552\/revisions\/7554"}],"wp:attachment":[{"href":"https:\/\/oceansignal.com\/hr\/wp-json\/wp\/v2\/media?parent=7552"}],"curies":[{"name":"wp","href":"https:\/\/api.w.org\/{rel}","templated":true}]}}