{"id":7651,"date":"2024-04-29T18:48:01","date_gmt":"2024-04-29T18:48:01","guid":{"rendered":"https:\/\/oceansignal.com\/softver-za-konfiguraciju-svjetionika\/"},"modified":"2024-09-30T14:48:38","modified_gmt":"2024-09-30T14:48:38","slug":"softver-za-konfiguraciju-svjetionika","status":"publish","type":"page","link":"https:\/\/oceansignal.com\/hr\/softver-za-konfiguraciju-svjetionika\/","title":{"rendered":"Softver za konfiguraciju svjetionika"},"content":{"rendered":"\n<p class=\"has-text-align-center\">Ra\u010dun na Ocean Signal web stranica s dopu\u0161tenjem Battery Replacement Center (BRC) potreban je za pristup softveru Ocean Signal Beacon Config.  <\/p>\n\n<p class=\"has-text-align-center\">Ako jo\u0161 nemate ra\u010dun, <a href=\"https:\/\/oceansignal.com\/register\/\">registrirajte<\/a> se za ra\u010dun, a zatim se obratite help@oceansignal.com za daljnju pomo\u0107.  <\/p>\n\n<p class=\"has-text-align-center\">Ako imate ra\u010dun, ali trenutno nemate potrebna dopu\u0161tenja za ra\u010dun, obratite se help@oceansignal.com za dodatnu pomo\u0107.  <\/p>\n","protected":false},"excerpt":{"rendered":"<p>Ra\u010dun na Ocean Signal web stranica s dopu\u0161tenjem Battery Replacement Center (BRC) potreban je za pristup softveru Ocean Signal Beacon Config. Ako jo\u0161 nemate ra\u010dun, registrirajte se za ra\u010dun, a zatim se obratite help@oceansignal.com za daljnju pomo\u0107. Ako imate ra\u010dun, ali trenutno nemate potrebna dopu\u0161tenja za ra\u010dun, obratite se help@oceansignal.com za dodatnu pomo\u0107.<\/p>\n","protected":false},"author":4,"featured_media":0,"parent":0,"menu_order":0,"comment_status":"closed","ping_status":"closed","template":"","meta":{"_acf_changed":false,"om_disable_all_campaigns":false,"footnotes":""},"class_list":["post-7651","page","type-page","status-publish","hentry"],"acf":[],"yoast_head":"<!-- This site is optimized with the Yoast SEO Premium plugin v25.2 (Yoast SEO v26.4) - https:\/\/yoast.com\/wordpress\/plugins\/seo\/ -->\n<title>Softver za konfiguraciju svjetionika - Ocean Signal<\/title>\n<meta name=\"robots\" content=\"index, follow, max-snippet:-1, max-image-preview:large, max-video-preview:-1\" \/>\n<link rel=\"canonical\" href=\"https:\/\/oceansignal.com\/hr\/softver-za-konfiguraciju-svjetionika\/\" \/>\n<meta property=\"og:locale\" content=\"hr_HR\" \/>\n<meta property=\"og:type\" content=\"article\" \/>\n<meta property=\"og:title\" content=\"Softver za konfiguraciju svjetionika - Ocean Signal\" \/>\n<meta property=\"og:description\" content=\"Ra\u010dun na Ocean Signal web stranica s dopu\u0161tenjem Battery Replacement Center (BRC) potreban je za pristup softveru Ocean Signal Beacon Config. Ako jo\u0161 nemate ra\u010dun, registrirajte se za ra\u010dun, a zatim se obratite help@oceansignal.com za daljnju pomo\u0107. Ako imate ra\u010dun, ali trenutno nemate potrebna dopu\u0161tenja za ra\u010dun, obratite se help@oceansignal.com za dodatnu pomo\u0107.\" \/>\n<meta property=\"og:url\" content=\"https:\/\/oceansignal.com\/hr\/softver-za-konfiguraciju-svjetionika\/\" \/>\n<meta property=\"og:site_name\" content=\"Ocean Signal\" \/>\n<meta property=\"article:modified_time\" content=\"2024-09-30T14:48:38+00:00\" \/>\n<meta property=\"og:image\" content=\"https:\/\/oceansignal.com\/wp-content\/uploads\/2024\/03\/image-social-share-04.jpg\" \/>\n\t<meta property=\"og:image:width\" content=\"1200\" \/>\n\t<meta property=\"og:image:height\" content=\"630\" \/>\n\t<meta property=\"og:image:type\" content=\"image\/jpeg\" \/>\n<meta name=\"twitter:card\" content=\"summary_large_image\" \/>\n<script type=\"application\/ld+json\" class=\"yoast-schema-graph\">{\"@context\":\"https:\/\/schema.org\",\"@graph\":[{\"@type\":\"WebPage\",\"@id\":\"https:\/\/oceansignal.com\/hr\/softver-za-konfiguraciju-svjetionika\/\",\"url\":\"https:\/\/oceansignal.com\/hr\/softver-za-konfiguraciju-svjetionika\/\",\"name\":\"Softver za konfiguraciju svjetionika - Ocean Signal\",\"isPartOf\":{\"@id\":\"https:\/\/oceansignal.com\/hr\/#website\"},\"datePublished\":\"2024-04-29T18:48:01+00:00\",\"dateModified\":\"2024-09-30T14:48:38+00:00\",\"inLanguage\":\"hr\",\"potentialAction\":[{\"@type\":\"ReadAction\",\"target\":[\"https:\/\/oceansignal.com\/hr\/softver-za-konfiguraciju-svjetionika\/\"]}]},{\"@type\":\"WebSite\",\"@id\":\"https:\/\/oceansignal.com\/hr\/#website\",\"url\":\"https:\/\/oceansignal.com\/hr\/\",\"name\":\"Ocean Signal\",\"description\":\"A leading manufacturer of EPIRBs, AIS, SARTs, Personal Locator Beacons, Man Overboard Beacon for the Marine and Outdoor Markets.\",\"potentialAction\":[{\"@type\":\"SearchAction\",\"target\":{\"@type\":\"EntryPoint\",\"urlTemplate\":\"https:\/\/oceansignal.com\/hr\/?s={search_term_string}\"},\"query-input\":{\"@type\":\"PropertyValueSpecification\",\"valueRequired\":true,\"valueName\":\"search_term_string\"}}],\"inLanguage\":\"hr\"}]}<\/script>\n<!-- \/ Yoast SEO Premium plugin. -->","yoast_head_json":{"title":"Softver za konfiguraciju svjetionika - Ocean Signal","robots":{"index":"index","follow":"follow","max-snippet":"max-snippet:-1","max-image-preview":"max-image-preview:large","max-video-preview":"max-video-preview:-1"},"canonical":"https:\/\/oceansignal.com\/hr\/softver-za-konfiguraciju-svjetionika\/","og_locale":"hr_HR","og_type":"article","og_title":"Softver za konfiguraciju svjetionika - Ocean Signal","og_description":"Ra\u010dun na Ocean Signal web stranica s dopu\u0161tenjem Battery Replacement Center (BRC) potreban je za pristup softveru Ocean Signal Beacon Config. Ako jo\u0161 nemate ra\u010dun, registrirajte se za ra\u010dun, a zatim se obratite help@oceansignal.com za daljnju pomo\u0107. Ako imate ra\u010dun, ali trenutno nemate potrebna dopu\u0161tenja za ra\u010dun, obratite se help@oceansignal.com za dodatnu pomo\u0107.","og_url":"https:\/\/oceansignal.com\/hr\/softver-za-konfiguraciju-svjetionika\/","og_site_name":"Ocean Signal","article_modified_time":"2024-09-30T14:48:38+00:00","og_image":[{"width":1200,"height":630,"url":"https:\/\/oceansignal.com\/wp-content\/uploads\/2024\/03\/image-social-share-04.jpg","type":"image\/jpeg"}],"twitter_card":"summary_large_image","schema":{"@context":"https:\/\/schema.org","@graph":[{"@type":"WebPage","@id":"https:\/\/oceansignal.com\/hr\/softver-za-konfiguraciju-svjetionika\/","url":"https:\/\/oceansignal.com\/hr\/softver-za-konfiguraciju-svjetionika\/","name":"Softver za konfiguraciju svjetionika - Ocean Signal","isPartOf":{"@id":"https:\/\/oceansignal.com\/hr\/#website"},"datePublished":"2024-04-29T18:48:01+00:00","dateModified":"2024-09-30T14:48:38+00:00","inLanguage":"hr","potentialAction":[{"@type":"ReadAction","target":["https:\/\/oceansignal.com\/hr\/softver-za-konfiguraciju-svjetionika\/"]}]},{"@type":"WebSite","@id":"https:\/\/oceansignal.com\/hr\/#website","url":"https:\/\/oceansignal.com\/hr\/","name":"Ocean Signal","description":"A leading manufacturer of EPIRBs, AIS, SARTs, Personal Locator Beacons, Man Overboard Beacon for the Marine and Outdoor Markets.","potentialAction":[{"@type":"SearchAction","target":{"@type":"EntryPoint","urlTemplate":"https:\/\/oceansignal.com\/hr\/?s={search_term_string}"},"query-input":{"@type":"PropertyValueSpecification","valueRequired":true,"valueName":"search_term_string"}}],"inLanguage":"hr"}]}},"_links":{"self":[{"href":"https:\/\/oceansignal.com\/hr\/wp-json\/wp\/v2\/pages\/7651","targetHints":{"allow":["GET"]}}],"collection":[{"href":"https:\/\/oceansignal.com\/hr\/wp-json\/wp\/v2\/pages"}],"about":[{"href":"https:\/\/oceansignal.com\/hr\/wp-json\/wp\/v2\/types\/page"}],"author":[{"embeddable":true,"href":"https:\/\/oceansignal.com\/hr\/wp-json\/wp\/v2\/users\/4"}],"replies":[{"embeddable":true,"href":"https:\/\/oceansignal.com\/hr\/wp-json\/wp\/v2\/comments?post=7651"}],"version-history":[{"count":1,"href":"https:\/\/oceansignal.com\/hr\/wp-json\/wp\/v2\/pages\/7651\/revisions"}],"predecessor-version":[{"id":7653,"href":"https:\/\/oceansignal.com\/hr\/wp-json\/wp\/v2\/pages\/7651\/revisions\/7653"}],"wp:attachment":[{"href":"https:\/\/oceansignal.com\/hr\/wp-json\/wp\/v2\/media?parent=7651"}],"curies":[{"name":"wp","href":"https:\/\/api.w.org\/{rel}","templated":true}]}}