{"id":7987,"date":"2023-04-14T09:51:51","date_gmt":"2023-04-14T09:51:51","guid":{"rendered":"https:\/\/oceansignal.com\/programiranje-proizvoda\/"},"modified":"2024-09-30T14:58:35","modified_gmt":"2024-09-30T14:58:35","slug":"programiranje-proizvoda","status":"publish","type":"page","link":"https:\/\/oceansignal.com\/hr\/podrska\/programiranje-proizvoda\/","title":{"rendered":"Programiranje proizvoda"},"content":{"rendered":"\n<div class=\"gb-support-block\">\n\t<div class=\"gc-container \">\n    \t\t\t\n\n<div class=\"gb-support-item\">\n\t\t\t\n\n<div class=\"wp-block-column gb-support-item__column gb-support-item__image-container is-layout-flow wp-block-column-is-layout-flow\">\n<div class=\"gb-image\">\n\t\n<div class=\"gc-image \">\n        <img decoding=\"async\" class=\"gc-image__image  \"\n         src=\"http:\/\/oceansignal.com\/wp-content\/uploads\/2023\/04\/image-product-ais-alarm-box.png\"\n         alt=\"\"\n    >\n<\/div><\/div>\n<\/div>\n\n\n\n<div class=\"wp-block-column gb-support-item__column-divider is-layout-flow wp-block-column-is-layout-flow\"><\/div>\n\n\n\n<div class=\"wp-block-column gb-support-item__column gb-support-item__text-container is-layout-flow wp-block-column-is-layout-flow\">\n<h6 class=\"wp-block-heading gb-support-item__text-container__title\" id=\"h-ais-alarm-box\">AIS alarmna kutija<\/h6>\n\n\n\n<p class=\"gb-support-item__text-container__text\">Za programiranje ovog proizvoda odaberite gumb u nastavku.<\/p>\n\n\n\n<a\n\t\t\thref=\"http:\/\/oceansignal.com\/support\/product-programming\/ais-alarm-box-programming\/\"\n\t\tclass=\"gb-button gb-button--primary \"\n\ttarget=\"_self\">\n\t\tProgram product\n<\/a>\n<\/div>\n\n\n\t<\/div>\n\n\n\n<div class=\"gb-support-item\">\n\t\t\t\n\n<div class=\"wp-block-column gb-support-item__column gb-support-item__image-container is-layout-flow wp-block-column-is-layout-flow\">\n<div class=\"gb-image\">\n\t\n<div class=\"gc-image \">\n        <img decoding=\"async\" class=\"gc-image__image  \"\n         src=\"http:\/\/oceansignal.com\/wp-content\/uploads\/2023\/04\/image-product-mob1-1.png\"\n         alt=\"\"\n    >\n<\/div><\/div>\n<\/div>\n\n\n\n<div class=\"wp-block-column gb-support-item__column-divider is-layout-flow wp-block-column-is-layout-flow\"><\/div>\n\n\n\n<div class=\"wp-block-column gb-support-item__column gb-support-item__text-container is-layout-flow wp-block-column-is-layout-flow\">\n<h6 class=\"wp-block-heading gb-support-item__text-container__title\" id=\"h-mob1\">MOB1<\/h6>\n\n\n\n<p class=\"gb-support-item__text-container__text\">Za programiranje ovog proizvoda odaberite gumb u nastavku.<\/p>\n\n\n\n<a\n\t\t\thref=\"http:\/\/oceansignal.com\/support\/product-programming\/mob1-programming\/\"\n\t\tclass=\"gb-button gb-button--primary \"\n\ttarget=\"_self\">\n\t\tProgram product\n<\/a>\n<\/div>\n\n\n\t<\/div>\n\n\n\n<div class=\"gb-support-item\">\n\t\t\t\n\n<div class=\"wp-block-column gb-support-item__column gb-support-item__image-container is-layout-flow wp-block-column-is-layout-flow\">\n<div class=\"gb-image\">\n\t\n<div class=\"gc-image \">\n        <img decoding=\"async\" class=\"gc-image__image  \"\n         src=\"http:\/\/oceansignal.com\/wp-content\/uploads\/2023\/04\/image-products-atb1.png\"\n         alt=\"\"\n    >\n<\/div><\/div>\n<\/div>\n\n\n\n<div class=\"wp-block-column gb-support-item__column-divider is-layout-flow wp-block-column-is-layout-flow\"><\/div>\n\n\n\n<div class=\"wp-block-column gb-support-item__column gb-support-item__text-container is-layout-flow wp-block-column-is-layout-flow\">\n<h6 class=\"wp-block-heading gb-support-item__text-container__title\" id=\"h-atb1-class-b-ais-transceiver\">ATB1 AIS primopredajnik klase B<\/h6>\n\n\n\n<p class=\"gb-support-item__text-container__text\">Za programiranje ovog proizvoda odaberite gumb u nastavku.<\/p>\n\n\n\n<a\n\t\t\thref=\"http:\/\/oceansignal.com\/support\/product-programming\/atb1-class-b-ais-transceiver-programming\/\"\n\t\tclass=\"gb-button gb-button--primary \"\n\ttarget=\"_self\">\n\t\tProgram product\n<\/a>\n<\/div>\n\n\n\t<\/div>\n\n\n\t\t<\/div><\/div>\n\n<div class=\"gb-container-narrow\">\n    <div class=\"gc-container \">\n                \n\n<p>Pravilno programiranje <a href=\"https:\/\/oceansignal.com\/hr\/preradevina\/\">proizvoda Ocean Signal<\/a> najva\u017enije je za maksimiziranje njihove u\u010dinkovitosti u osiguravanju pomorske sigurnosti.\nOvi ure\u0111aji, u rasponu od svjetionika za pomo\u0107 do AIS sustava, oslanjaju se na to\u010dnu konfiguraciju kako bi optimalno funkcionirali tijekom hitnih slu\u010dajeva.\nPrecizno programiranje osigurava da se signali za pomo\u0107 prenose s to\u010dnim informacijama, omogu\u0107uju\u0107i brz i to\u010dan odgovor timova za potragu i spa\u0161avanje.\nOsim toga, programiranje omogu\u0107uje korisnicima da prilagode postavke svojim specifi\u010dnim potrebama plovila i operativnim potrebama, pove\u0107avaju\u0107i pouzdanost i smanjuju\u0107i la\u017ene alarme.     <\/p>\n\n\n        <\/div><\/div>\n","protected":false},"excerpt":{"rendered":"<p>Da biste programirali svoj proizvod, prvo morate odabrati vrstu proizvoda.<\/p>\n","protected":false},"author":2,"featured_media":0,"parent":8368,"menu_order":0,"comment_status":"closed","ping_status":"closed","template":"pagetemplate-header-orange.php","meta":{"_acf_changed":false,"om_disable_all_campaigns":false,"footnotes":""},"class_list":["post-7987","page","type-page","status-publish","hentry"],"acf":[],"yoast_head":"<!-- This site is optimized with the Yoast SEO Premium plugin v25.2 (Yoast SEO v26.4) - https:\/\/yoast.com\/wordpress\/plugins\/seo\/ -->\n<title>Programiranje proizvoda - Ocean Signal<\/title>\n<meta name=\"description\" content=\"Programiranje proizvoda Ocean Signal: Prilagodite svoje pomorske sigurnosne ure\u0111aje za optimalne performanse. Osigurajte precizne postavke za pobolj\u0161anu ugra\u0111enu sigurnost.\" \/>\n<meta name=\"robots\" content=\"index, follow, max-snippet:-1, max-image-preview:large, max-video-preview:-1\" \/>\n<link rel=\"canonical\" href=\"https:\/\/oceansignal.com\/hr\/podrska\/programiranje-proizvoda\/\" \/>\n<meta property=\"og:locale\" content=\"hr_HR\" \/>\n<meta property=\"og:type\" content=\"article\" \/>\n<meta property=\"og:title\" content=\"Programiranje proizvoda - Ocean Signal\" \/>\n<meta property=\"og:description\" content=\"Programiranje proizvoda Ocean Signal: Prilagodite svoje pomorske sigurnosne ure\u0111aje za optimalne performanse. Osigurajte precizne postavke za pobolj\u0161anu ugra\u0111enu sigurnost.\" \/>\n<meta property=\"og:url\" content=\"https:\/\/oceansignal.com\/hr\/podrska\/programiranje-proizvoda\/\" \/>\n<meta property=\"og:site_name\" content=\"Ocean Signal\" \/>\n<meta property=\"article:modified_time\" content=\"2024-09-30T14:58:35+00:00\" \/>\n<meta property=\"og:image\" content=\"https:\/\/oceansignal.com\/wp-content\/uploads\/2024\/03\/image-social-share-04.jpg\" \/>\n\t<meta property=\"og:image:width\" content=\"1200\" \/>\n\t<meta property=\"og:image:height\" content=\"630\" \/>\n\t<meta property=\"og:image:type\" content=\"image\/jpeg\" \/>\n<meta name=\"twitter:card\" content=\"summary_large_image\" \/>\n<meta name=\"twitter:label1\" content=\"Procijenjeno vrijeme \u010ditanja\" \/>\n\t<meta name=\"twitter:data1\" content=\"1 minuta\" \/>\n<script type=\"application\/ld+json\" class=\"yoast-schema-graph\">{\"@context\":\"https:\/\/schema.org\",\"@graph\":[{\"@type\":\"WebPage\",\"@id\":\"https:\/\/oceansignal.com\/hr\/podrska\/programiranje-proizvoda\/\",\"url\":\"https:\/\/oceansignal.com\/hr\/podrska\/programiranje-proizvoda\/\",\"name\":\"Programiranje proizvoda - Ocean Signal\",\"isPartOf\":{\"@id\":\"https:\/\/oceansignal.com\/hr\/#website\"},\"datePublished\":\"2023-04-14T09:51:51+00:00\",\"dateModified\":\"2024-09-30T14:58:35+00:00\",\"description\":\"Programiranje proizvoda Ocean Signal: Prilagodite svoje pomorske sigurnosne ure\u0111aje za optimalne performanse. Osigurajte precizne postavke za pobolj\u0161anu ugra\u0111enu sigurnost.\",\"breadcrumb\":{\"@id\":\"https:\/\/oceansignal.com\/hr\/podrska\/programiranje-proizvoda\/#breadcrumb\"},\"inLanguage\":\"hr\",\"potentialAction\":[{\"@type\":\"ReadAction\",\"target\":[\"https:\/\/oceansignal.com\/hr\/podrska\/programiranje-proizvoda\/\"]}]},{\"@type\":\"BreadcrumbList\",\"@id\":\"https:\/\/oceansignal.com\/hr\/podrska\/programiranje-proizvoda\/#breadcrumb\",\"itemListElement\":[{\"@type\":\"ListItem\",\"position\":1,\"name\":\"Podr\u0161ka\",\"item\":\"https:\/\/oceansignal.com\/hr\/podrska\/\"},{\"@type\":\"ListItem\",\"position\":2,\"name\":\"Programiranje proizvoda\"}]},{\"@type\":\"WebSite\",\"@id\":\"https:\/\/oceansignal.com\/hr\/#website\",\"url\":\"https:\/\/oceansignal.com\/hr\/\",\"name\":\"Ocean Signal\",\"description\":\"A leading manufacturer of EPIRBs, AIS, SARTs, Personal Locator Beacons, Man Overboard Beacon for the Marine and Outdoor Markets.\",\"potentialAction\":[{\"@type\":\"SearchAction\",\"target\":{\"@type\":\"EntryPoint\",\"urlTemplate\":\"https:\/\/oceansignal.com\/hr\/?s={search_term_string}\"},\"query-input\":{\"@type\":\"PropertyValueSpecification\",\"valueRequired\":true,\"valueName\":\"search_term_string\"}}],\"inLanguage\":\"hr\"}]}<\/script>\n<!-- \/ Yoast SEO Premium plugin. -->","yoast_head_json":{"title":"Programiranje proizvoda - Ocean Signal","description":"Programiranje proizvoda Ocean Signal: Prilagodite svoje pomorske sigurnosne ure\u0111aje za optimalne performanse. Osigurajte precizne postavke za pobolj\u0161anu ugra\u0111enu sigurnost.","robots":{"index":"index","follow":"follow","max-snippet":"max-snippet:-1","max-image-preview":"max-image-preview:large","max-video-preview":"max-video-preview:-1"},"canonical":"https:\/\/oceansignal.com\/hr\/podrska\/programiranje-proizvoda\/","og_locale":"hr_HR","og_type":"article","og_title":"Programiranje proizvoda - Ocean Signal","og_description":"Programiranje proizvoda Ocean Signal: Prilagodite svoje pomorske sigurnosne ure\u0111aje za optimalne performanse. Osigurajte precizne postavke za pobolj\u0161anu ugra\u0111enu sigurnost.","og_url":"https:\/\/oceansignal.com\/hr\/podrska\/programiranje-proizvoda\/","og_site_name":"Ocean Signal","article_modified_time":"2024-09-30T14:58:35+00:00","og_image":[{"width":1200,"height":630,"url":"https:\/\/oceansignal.com\/wp-content\/uploads\/2024\/03\/image-social-share-04.jpg","type":"image\/jpeg"}],"twitter_card":"summary_large_image","twitter_misc":{"Procijenjeno vrijeme \u010ditanja":"1 minuta"},"schema":{"@context":"https:\/\/schema.org","@graph":[{"@type":"WebPage","@id":"https:\/\/oceansignal.com\/hr\/podrska\/programiranje-proizvoda\/","url":"https:\/\/oceansignal.com\/hr\/podrska\/programiranje-proizvoda\/","name":"Programiranje proizvoda - Ocean Signal","isPartOf":{"@id":"https:\/\/oceansignal.com\/hr\/#website"},"datePublished":"2023-04-14T09:51:51+00:00","dateModified":"2024-09-30T14:58:35+00:00","description":"Programiranje proizvoda Ocean Signal: Prilagodite svoje pomorske sigurnosne ure\u0111aje za optimalne performanse. Osigurajte precizne postavke za pobolj\u0161anu ugra\u0111enu sigurnost.","breadcrumb":{"@id":"https:\/\/oceansignal.com\/hr\/podrska\/programiranje-proizvoda\/#breadcrumb"},"inLanguage":"hr","potentialAction":[{"@type":"ReadAction","target":["https:\/\/oceansignal.com\/hr\/podrska\/programiranje-proizvoda\/"]}]},{"@type":"BreadcrumbList","@id":"https:\/\/oceansignal.com\/hr\/podrska\/programiranje-proizvoda\/#breadcrumb","itemListElement":[{"@type":"ListItem","position":1,"name":"Podr\u0161ka","item":"https:\/\/oceansignal.com\/hr\/podrska\/"},{"@type":"ListItem","position":2,"name":"Programiranje proizvoda"}]},{"@type":"WebSite","@id":"https:\/\/oceansignal.com\/hr\/#website","url":"https:\/\/oceansignal.com\/hr\/","name":"Ocean Signal","description":"A leading manufacturer of EPIRBs, AIS, SARTs, Personal Locator Beacons, Man Overboard Beacon for the Marine and Outdoor Markets.","potentialAction":[{"@type":"SearchAction","target":{"@type":"EntryPoint","urlTemplate":"https:\/\/oceansignal.com\/hr\/?s={search_term_string}"},"query-input":{"@type":"PropertyValueSpecification","valueRequired":true,"valueName":"search_term_string"}}],"inLanguage":"hr"}]}},"_links":{"self":[{"href":"https:\/\/oceansignal.com\/hr\/wp-json\/wp\/v2\/pages\/7987","targetHints":{"allow":["GET"]}}],"collection":[{"href":"https:\/\/oceansignal.com\/hr\/wp-json\/wp\/v2\/pages"}],"about":[{"href":"https:\/\/oceansignal.com\/hr\/wp-json\/wp\/v2\/types\/page"}],"author":[{"embeddable":true,"href":"https:\/\/oceansignal.com\/hr\/wp-json\/wp\/v2\/users\/2"}],"replies":[{"embeddable":true,"href":"https:\/\/oceansignal.com\/hr\/wp-json\/wp\/v2\/comments?post=7987"}],"version-history":[{"count":1,"href":"https:\/\/oceansignal.com\/hr\/wp-json\/wp\/v2\/pages\/7987\/revisions"}],"predecessor-version":[{"id":7988,"href":"https:\/\/oceansignal.com\/hr\/wp-json\/wp\/v2\/pages\/7987\/revisions\/7988"}],"up":[{"embeddable":true,"href":"https:\/\/oceansignal.com\/hr\/wp-json\/wp\/v2\/pages\/8368"}],"wp:attachment":[{"href":"https:\/\/oceansignal.com\/hr\/wp-json\/wp\/v2\/media?parent=7987"}],"curies":[{"name":"wp","href":"https:\/\/api.w.org\/{rel}","templated":true}]}}