{"id":8264,"date":"2023-05-03T12:36:05","date_gmt":"2023-05-03T12:36:05","guid":{"rendered":"https:\/\/oceansignal.com\/jamstvena-politika\/"},"modified":"2025-03-06T13:47:52","modified_gmt":"2025-03-06T13:47:52","slug":"jamstvena-politika","status":"publish","type":"page","link":"https:\/\/oceansignal.com\/hr\/jamstvena-politika\/","title":{"rendered":"Jamstvena politika"},"content":{"rendered":"\n<div class=\"gb-container-narrow\">\n    <div class=\"gc-container \">\n                \n\n<p><strong>Globalno ograni\u010deno jamstvo<\/strong><\/p>\n\n\n\n<p>Ograni\u010dena jamstva u globalnom ograni\u010denom jamstvu su isklju\u010diva i zamjenjuju sva druga jamstva, izri\u010dita ili podrazumijevana ili zakonska, uklju\u010duju\u0107i bilo koju odgovornost koja proizlazi iz bilo kojeg jamstva o mogu\u0107nosti prodaje ili prikladnosti za odre\u0111enu svrhu, zakonsku ili drugu. Ovo jamstvo daje vlasniku odre\u0111ena zakonska prava, koja se mogu razlikovati od jurisdikcije do jurisdikcije. <\/p>\n\n\n\n<p>Ni u kojem slu\u010daju Ocean Signal Ltd. ili njegove podru\u017enice ne\u0107e biti odgovorni za bilo kakvu slu\u010dajnu, posebnu, neizravnu ili posljedi\u010dnu \u0161tetu, bilo da proizlazi iz uporabe, pogre\u0161ne uporabe, nemogu\u0107nosti kori\u0161tenja, nepravilnog oslanjanja na ili bilo kakvih nedostataka u proizvodu. Neke jurisdikcije ne dopu\u0161taju isklju\u010denje za slu\u010dajne ili posljedi\u010dne \u0161tete, tako da se gore navedeno ograni\u010denje mo\u017eda ne odnosi na vas. <\/p>\n\n\n\n<p>Globalno ograni\u010deno jamstvo ne utje\u010de na prava kupca prema trgovcu koja proizlaze iz kupoprodajnog\/kupoprodajnog ugovora.<\/p>\n\n\n\n<p>Proizvod popravljen ili zamijenjen pod jamstvom bit \u0107e zajam\u010den samo za preostali iznos primjenjivog izvornog jamstvenog roka.<\/p>\n\n\n\n<p>U skladu s odredbama, uvjetima, ograni\u010denjima i izuzecima u Globalnom ograni\u010denom jamstvu, jam\u010di se da svi Ocean Signal proizvodi nemaju nedostataka u materijalu ili izradi u razdoblju od dvije (2) godine od datuma kada je Proizvod kupio Izvorni kupac (&#8220;Standardno ograni\u010deno jamstveno razdoblje&#8221;). Tijekom tog razdoblja i samo za Izvornog kupca, Ocean Signal \u0107e, prema vlastitom naho\u0111enju, popraviti ili zamijeniti sve komponente koje se pokvare tijekom normalne uporabe, \u0161to \u0107e, u nedostatku bilo kojeg primjenjivog zakona koji bi bio suprotni, biti jedini i isklju\u010divi pravni lijek kupca za bilo kakvo kr\u0161enje jamstva. <\/p>\n\n\n\n<p>Ako se standardno ograni\u010deno jamstvo odnosi na vas, Ocean Signal vam ne\u0107e naplatiti dijelove ili rad za jamstvene popravke ili zamjene. Me\u0111utim, tro\u0161kovi prijevoza va\u0161eg proizvoda s jamstvom u Ocean Signal na popravak ili zamjenu va\u0161a su odgovornost i ne pokriva ih Ocean Signal . <\/p>\n\n\n\n<p><strong>Produljeno ograni\u010deno jamstvo<\/strong><\/p>\n\n\n\n<p>U skladu s odredbama, uvjetima, ograni\u010denjima i izuzecima u Globalnom ograni\u010denom jamstvu, isklju\u010duju\u0107i zamjenske proizvode pod jamstvom i proizvode koji se koriste u redovne komercijalne, vojne, policijske ili srodne svrhe, za sve nove proizvode registrirane kod Ocean Signal u roku od devedeset (90) dana od datuma kada je proizvod prvi put kupio izvorni kupac, jam\u010di se da ne\u0107e imati nedostataka u materijalu ili izradi tijekom razdoblja od nekoliko godina (&#8220;Pro\u0161ireno ograni\u010deno&#8221; Jamstveno razdoblje&#8221;) kako je definirano u nastavku:<\/p>\n\n\n\n<ul class=\"wp-block-list\">\n<li>rescueME proizvodi ( PLB1 , PLB3 , MOB1, EDF, EPIRB1, EPIRB1Pro, EPIRB2, EPIRB2 Pro i EPIRB3) &#8211; Produljeno jamstveno razdoblje 5 godina<\/li>\n<\/ul>\n\n\n\n<ul class=\"wp-block-list\">\n<li>safeSEA proizvodi (EPIRB3 Pro , V100 i S100) &#8211; Produljeno jamstvo nije dostupno<\/li>\n<\/ul>\n\n\n\n<ul class=\"wp-block-list\">\n<li>Profesionalni proizvodi: (M100 i M100X) &#8211; nije dostupno produljeno jamstvo<\/li>\n<\/ul>\n\n\n\n<ul class=\"wp-block-list\">\n<li>AIS proizvodi: (ATB1) &#8211; produ\u017eeno jamstveno razdoblje 3 godine<\/li>\n<\/ul>\n\n\n\n<p>Tijekom tog razdoblja i za Izvornog kupca, Ocean Signal \u0107e, prema vlastitom naho\u0111enju, popraviti ili zamijeniti sve komponente proizvoda koje se poka\u017eu u normalnoj uporabi, \u0161to \u0107e, u nedostatku bilo kojeg primjenjivog zakona koji govori suprotno, biti kup\u010dev jedini i isklju\u010divi pravni lijek za bilo kakvo kr\u0161enje jamstva.<\/p>\n\n\n\n<p>Nakon uspje\u0161ne registracije proizvoda, pro\u0161ireno ograni\u010deno jamstvo zamjenjuje standardno ograni\u010deno jamstvo.<\/p>\n\n\n\n<p>Prijavite se za produ\u017eeno jamstvo ovdje: <a href=\"https:\/\/oceansignal.com\/my-account\/products\/\">PRODU\u017dITE<\/a> <a href=\"https:\/\/oceansignal.com\/my-account\/products\/create\/\">VA\u0160E JAMSTVO<\/a> Ako se Pro\u0161ireno ograni\u010deno jamstvo odnosi na vas, Ocean Signal vam ne\u0107e naplatiti dijelove ili rad za jamstvene popravke ili zamjene. Me\u0111utim, tro\u0161kovi prijevoza va\u0161eg proizvoda s jamstvom u Ocean Signal na popravak ili zamjenu va\u0161a su odgovornost i ne pokriva ih Ocean Signal . <\/p>\n\n\n        <\/div><\/div>\n","protected":false},"excerpt":{"rendered":"","protected":false},"author":1,"featured_media":0,"parent":0,"menu_order":0,"comment_status":"closed","ping_status":"closed","template":"pagetemplate-header-gray.php","meta":{"_acf_changed":false,"om_disable_all_campaigns":false,"footnotes":""},"class_list":["post-8264","page","type-page","status-publish","hentry"],"acf":[],"yoast_head":"<!-- This site is optimized with the Yoast SEO Premium plugin v25.2 (Yoast SEO v26.4) - https:\/\/yoast.com\/wordpress\/plugins\/seo\/ -->\n<title>Jamstvena politika - Ocean Signal<\/title>\n<meta name=\"description\" content=\"Otkrijte sveobuhvatnu politiku jamstva tvrtke Ocean Signal za bezbri\u017enost va\u0161e sigurnosne opreme. Vjerujte na\u0161oj predanosti kvaliteti.\" \/>\n<meta name=\"robots\" content=\"index, follow, max-snippet:-1, max-image-preview:large, max-video-preview:-1\" \/>\n<link rel=\"canonical\" href=\"https:\/\/oceansignal.com\/hr\/jamstvena-politika\/\" \/>\n<meta property=\"og:locale\" content=\"hr_HR\" \/>\n<meta property=\"og:type\" content=\"article\" \/>\n<meta property=\"og:title\" content=\"Jamstvena politika - Ocean Signal\" \/>\n<meta property=\"og:description\" content=\"Otkrijte sveobuhvatnu politiku jamstva tvrtke Ocean Signal za bezbri\u017enost va\u0161e sigurnosne opreme. Vjerujte na\u0161oj predanosti kvaliteti.\" \/>\n<meta property=\"og:url\" content=\"https:\/\/oceansignal.com\/hr\/jamstvena-politika\/\" \/>\n<meta property=\"og:site_name\" content=\"Ocean Signal\" \/>\n<meta property=\"article:modified_time\" content=\"2025-03-06T13:47:52+00:00\" \/>\n<meta property=\"og:image\" content=\"https:\/\/oceansignal.com\/wp-content\/uploads\/2024\/03\/image-social-share-04.jpg\" \/>\n\t<meta property=\"og:image:width\" content=\"1200\" \/>\n\t<meta property=\"og:image:height\" content=\"630\" \/>\n\t<meta property=\"og:image:type\" content=\"image\/jpeg\" \/>\n<meta name=\"twitter:card\" content=\"summary_large_image\" \/>\n<meta name=\"twitter:label1\" content=\"Procijenjeno vrijeme \u010ditanja\" \/>\n\t<meta name=\"twitter:data1\" content=\"3 minute\" \/>\n<script type=\"application\/ld+json\" class=\"yoast-schema-graph\">{\"@context\":\"https:\/\/schema.org\",\"@graph\":[{\"@type\":\"WebPage\",\"@id\":\"https:\/\/oceansignal.com\/hr\/jamstvena-politika\/\",\"url\":\"https:\/\/oceansignal.com\/hr\/jamstvena-politika\/\",\"name\":\"Jamstvena politika - Ocean Signal\",\"isPartOf\":{\"@id\":\"https:\/\/oceansignal.com\/hr\/#website\"},\"datePublished\":\"2023-05-03T12:36:05+00:00\",\"dateModified\":\"2025-03-06T13:47:52+00:00\",\"description\":\"Otkrijte sveobuhvatnu politiku jamstva tvrtke Ocean Signal za bezbri\u017enost va\u0161e sigurnosne opreme. Vjerujte na\u0161oj predanosti kvaliteti.\",\"inLanguage\":\"hr\",\"potentialAction\":[{\"@type\":\"ReadAction\",\"target\":[\"https:\/\/oceansignal.com\/hr\/jamstvena-politika\/\"]}]},{\"@type\":\"WebSite\",\"@id\":\"https:\/\/oceansignal.com\/hr\/#website\",\"url\":\"https:\/\/oceansignal.com\/hr\/\",\"name\":\"Ocean Signal\",\"description\":\"A leading manufacturer of EPIRBs, AIS, SARTs, Personal Locator Beacons, Man Overboard Beacon for the Marine and Outdoor Markets.\",\"potentialAction\":[{\"@type\":\"SearchAction\",\"target\":{\"@type\":\"EntryPoint\",\"urlTemplate\":\"https:\/\/oceansignal.com\/hr\/?s={search_term_string}\"},\"query-input\":{\"@type\":\"PropertyValueSpecification\",\"valueRequired\":true,\"valueName\":\"search_term_string\"}}],\"inLanguage\":\"hr\"}]}<\/script>\n<!-- \/ Yoast SEO Premium plugin. -->","yoast_head_json":{"title":"Jamstvena politika - Ocean Signal","description":"Otkrijte sveobuhvatnu politiku jamstva tvrtke Ocean Signal za bezbri\u017enost va\u0161e sigurnosne opreme. Vjerujte na\u0161oj predanosti kvaliteti.","robots":{"index":"index","follow":"follow","max-snippet":"max-snippet:-1","max-image-preview":"max-image-preview:large","max-video-preview":"max-video-preview:-1"},"canonical":"https:\/\/oceansignal.com\/hr\/jamstvena-politika\/","og_locale":"hr_HR","og_type":"article","og_title":"Jamstvena politika - Ocean Signal","og_description":"Otkrijte sveobuhvatnu politiku jamstva tvrtke Ocean Signal za bezbri\u017enost va\u0161e sigurnosne opreme. Vjerujte na\u0161oj predanosti kvaliteti.","og_url":"https:\/\/oceansignal.com\/hr\/jamstvena-politika\/","og_site_name":"Ocean Signal","article_modified_time":"2025-03-06T13:47:52+00:00","og_image":[{"width":1200,"height":630,"url":"https:\/\/oceansignal.com\/wp-content\/uploads\/2024\/03\/image-social-share-04.jpg","type":"image\/jpeg"}],"twitter_card":"summary_large_image","twitter_misc":{"Procijenjeno vrijeme \u010ditanja":"3 minute"},"schema":{"@context":"https:\/\/schema.org","@graph":[{"@type":"WebPage","@id":"https:\/\/oceansignal.com\/hr\/jamstvena-politika\/","url":"https:\/\/oceansignal.com\/hr\/jamstvena-politika\/","name":"Jamstvena politika - Ocean Signal","isPartOf":{"@id":"https:\/\/oceansignal.com\/hr\/#website"},"datePublished":"2023-05-03T12:36:05+00:00","dateModified":"2025-03-06T13:47:52+00:00","description":"Otkrijte sveobuhvatnu politiku jamstva tvrtke Ocean Signal za bezbri\u017enost va\u0161e sigurnosne opreme. Vjerujte na\u0161oj predanosti kvaliteti.","inLanguage":"hr","potentialAction":[{"@type":"ReadAction","target":["https:\/\/oceansignal.com\/hr\/jamstvena-politika\/"]}]},{"@type":"WebSite","@id":"https:\/\/oceansignal.com\/hr\/#website","url":"https:\/\/oceansignal.com\/hr\/","name":"Ocean Signal","description":"A leading manufacturer of EPIRBs, AIS, SARTs, Personal Locator Beacons, Man Overboard Beacon for the Marine and Outdoor Markets.","potentialAction":[{"@type":"SearchAction","target":{"@type":"EntryPoint","urlTemplate":"https:\/\/oceansignal.com\/hr\/?s={search_term_string}"},"query-input":{"@type":"PropertyValueSpecification","valueRequired":true,"valueName":"search_term_string"}}],"inLanguage":"hr"}]}},"_links":{"self":[{"href":"https:\/\/oceansignal.com\/hr\/wp-json\/wp\/v2\/pages\/8264","targetHints":{"allow":["GET"]}}],"collection":[{"href":"https:\/\/oceansignal.com\/hr\/wp-json\/wp\/v2\/pages"}],"about":[{"href":"https:\/\/oceansignal.com\/hr\/wp-json\/wp\/v2\/types\/page"}],"author":[{"embeddable":true,"href":"https:\/\/oceansignal.com\/hr\/wp-json\/wp\/v2\/users\/1"}],"replies":[{"embeddable":true,"href":"https:\/\/oceansignal.com\/hr\/wp-json\/wp\/v2\/comments?post=8264"}],"version-history":[{"count":4,"href":"https:\/\/oceansignal.com\/hr\/wp-json\/wp\/v2\/pages\/8264\/revisions"}],"predecessor-version":[{"id":25569,"href":"https:\/\/oceansignal.com\/hr\/wp-json\/wp\/v2\/pages\/8264\/revisions\/25569"}],"wp:attachment":[{"href":"https:\/\/oceansignal.com\/hr\/wp-json\/wp\/v2\/media?parent=8264"}],"curies":[{"name":"wp","href":"https:\/\/api.w.org\/{rel}","templated":true}]}}