{"id":8368,"date":"2023-03-17T08:00:24","date_gmt":"2023-03-17T08:00:24","guid":{"rendered":"https:\/\/oceansignal.com\/podrska\/"},"modified":"2025-02-27T11:50:14","modified_gmt":"2025-02-27T11:50:14","slug":"podrska","status":"publish","type":"page","link":"https:\/\/oceansignal.com\/hr\/podrska\/","title":{"rendered":"Podr\u0161ka"},"content":{"rendered":"\n<div class=\"gb-support-block\">\n\t<div class=\"gc-container \">\n    \t\t\t\n\n<div class=\"gb-support-item\">\n\t\t\t\n\n<div class=\"wp-block-column gb-support-item__column gb-support-item__image-container is-layout-flow wp-block-column-is-layout-flow\">\n<div class=\"gb-image\">\n\t\n<div class=\"gc-image \">\n        <img decoding=\"async\" class=\"gc-image__image  \"\n         src=\"http:\/\/oceansignal.com\/wp-content\/uploads\/2023\/03\/icon-product-programming-1.png\"\n         alt=\"Ocean Signal Product Support - Product Programming\"\n    >\n<\/div><\/div>\n<\/div>\n\n\n\n<div class=\"wp-block-column gb-support-item__column-divider is-layout-flow wp-block-column-is-layout-flow\"><\/div>\n\n\n\n<div class=\"wp-block-column gb-support-item__column gb-support-item__text-container is-layout-flow wp-block-column-is-layout-flow\">\n<h6 class=\"wp-block-heading gb-support-item__text-container__title\" id=\"h-product-programming\">Programiranje proizvoda<\/h6>\n\n\n\n<p class=\"gb-support-item__text-container__text\">Da biste programirali svoj proizvod, prvo \u0107ete morati odabrati vrstu proizvoda.<\/p>\n\n\n\n<a\n\t\t\thref=\"http:\/\/oceansignal.com\/support\/product-programming\/\"\n\t\tclass=\"gb-button gb-button--primary \"\n\ttarget=\"_self\">\n\t\tProgram product\n<\/a>\n<\/div>\n\n\n\t<\/div>\n\n\n\n<div class=\"gb-support-item\">\n\t\t\t\n\n<div class=\"wp-block-column gb-support-item__column gb-support-item__image-container is-layout-flow wp-block-column-is-layout-flow\">\n<div class=\"gb-image\">\n\t\n<div class=\"gc-image \">\n        <img decoding=\"async\" class=\"gc-image__image  \"\n         src=\"http:\/\/oceansignal.com\/wp-content\/uploads\/2023\/03\/icon-warranty-1.png\"\n         alt=\"Ocean Signal Product Support - Extend Warranty\"\n    >\n<\/div><\/div>\n<\/div>\n\n\n\n<div class=\"wp-block-column gb-support-item__column-divider is-layout-flow wp-block-column-is-layout-flow\"><\/div>\n\n\n\n<div class=\"wp-block-column gb-support-item__column gb-support-item__text-container is-layout-flow wp-block-column-is-layout-flow\">\n<h6 class=\"wp-block-heading gb-support-item__text-container__title\" id=\"h-extend-warranty\">Produ\u017eite jamstvo<\/h6>\n\n\n\n<p class=\"gb-support-item__text-container__text\">Dodijelite jamstvo kupljenom proizvodu.<\/p>\n\n\n\n<a\n\t\t\thref=\"http:\/\/oceansignal.com\/my-account\/personal-products\"\n\t\tclass=\"gb-button gb-button--primary \"\n\ttarget=\"_self\">\n\t\tExtend warranty\n<\/a>\n<\/div>\n\n\n\t<\/div>\n\n\n\n<div class=\"gb-support-item\">\n\t\t\t\n\n<div class=\"wp-block-column gb-support-item__column gb-support-item__image-container is-layout-flow wp-block-column-is-layout-flow\">\n<div class=\"gb-image\">\n\t\n<div class=\"gc-image \">\n        <img decoding=\"async\" class=\"gc-image__image  \"\n         src=\"http:\/\/oceansignal.com\/wp-content\/uploads\/2023\/03\/icon-national-authority-1.png\"\n         alt=\"Ocean Signal Product Support - Register Product\"\n    >\n<\/div><\/div>\n<\/div>\n\n\n\n<div class=\"wp-block-column gb-support-item__column-divider is-layout-flow wp-block-column-is-layout-flow\"><\/div>\n\n\n\n<div class=\"wp-block-column gb-support-item__column gb-support-item__text-container is-layout-flow wp-block-column-is-layout-flow\">\n<h6 class=\"wp-block-heading gb-support-item__text-container__title\" id=\"h-register-product\">Registriraj proizvod<\/h6>\n\n\n\n<p class=\"gb-support-item__text-container__text\">Registrirajte svoj proizvod pri nacionalnom tijelu u svojoj mati\u010dnoj zemlji.<\/p>\n\n\n\n<a\n\t\t\thref=\"http:\/\/oceansignal.com\/support\/register-product-with-national-authority\/\"\n\t\tclass=\"gb-button gb-button--primary \"\n\ttarget=\"_self\">\n\t\tRegister product\n<\/a>\n<\/div>\n\n\n\t<\/div>\n\n\n\n<div class=\"gb-support-item\">\n\t\t\t\n\n<div class=\"wp-block-column gb-support-item__column gb-support-item__image-container is-layout-flow wp-block-column-is-layout-flow\">\n<div class=\"gb-image\">\n\t\n<div class=\"gc-image \">\n        <img decoding=\"async\" class=\"gc-image__image  \"\n         src=\"http:\/\/oceansignal.com\/wp-content\/uploads\/2023\/03\/icon-documents-1.png\"\n         alt=\"Ocean Signal Product Support - Documents\"\n    >\n<\/div><\/div>\n<\/div>\n\n\n\n<div class=\"wp-block-column gb-support-item__column-divider is-layout-flow wp-block-column-is-layout-flow\"><\/div>\n\n\n\n<div class=\"wp-block-column gb-support-item__column gb-support-item__text-container is-layout-flow wp-block-column-is-layout-flow\">\n<h6 class=\"wp-block-heading gb-support-item__text-container__title\" id=\"h-documents\">Dokumenata<\/h6>\n\n\n\n<p class=\"gb-support-item__text-container__text\">Jedno mjesto za dokumentaciju proizvoda i sve tehni\u010dke materijale<\/p>\n\n\n\n<a\n\t\t\thref=\"http:\/\/oceansignal.com\/support\/documents\/\"\n\t\tclass=\"gb-button gb-button--primary \"\n\ttarget=\"_self\">\n\t\tView resources\n<\/a>\n<\/div>\n\n\n\t<\/div>\n\n\n\n<div class=\"gb-support-item\">\n\t\t\t\n\n<div class=\"wp-block-column gb-support-item__column gb-support-item__image-container is-layout-flow wp-block-column-is-layout-flow\">\n<div class=\"gb-image\">\n\t\n<div class=\"gc-image \">\n        <img decoding=\"async\" class=\"gc-image__image  \"\n         src=\"http:\/\/oceansignal.com\/wp-content\/uploads\/2023\/03\/icon-faqs.png\"\n         alt=\"Ocean Signal Product Support - FAQs\"\n    >\n<\/div><\/div>\n<\/div>\n\n\n\n<div class=\"wp-block-column gb-support-item__column-divider is-layout-flow wp-block-column-is-layout-flow\"><\/div>\n\n\n\n<div class=\"wp-block-column gb-support-item__column gb-support-item__text-container is-layout-flow wp-block-column-is-layout-flow\">\n<h6 class=\"wp-block-heading gb-support-item__text-container__title\" id=\"h-faqs\">\u010cesta pitanja<\/h6>\n\n\n\n<p class=\"gb-support-item__text-container__text\">Pregledajte izbor \u010desto postavljanih pitanja kako biste dobili odgovore koje tra\u017eite.<\/p>\n\n\n\n<a\n\t\t\thref=\"https:\/\/oceansignal.com\/support\/faqs\/?category%5B%5D=general\"\n\t\tclass=\"gb-button gb-button--primary \"\n\ttarget=\"_self\">\n\t\tFind out\n<\/a>\n<\/div>\n\n\n\t<\/div>\n\n\n\n<div class=\"gb-support-item\">\n\t\t\t\n\n<div class=\"wp-block-column gb-support-item__column gb-support-item__image-container is-layout-flow wp-block-column-is-layout-flow\">\n<div class=\"gb-image\">\n\t\n<div class=\"gc-image \">\n        <img decoding=\"async\" class=\"gc-image__image  \"\n         src=\"http:\/\/oceansignal.com\/wp-content\/uploads\/2023\/03\/icon-returns.png\"\n         alt=\"Ocean Signal Product Support - RMA\"\n    >\n<\/div><\/div>\n<\/div>\n\n\n\n<div class=\"wp-block-column gb-support-item__column-divider is-layout-flow wp-block-column-is-layout-flow\"><\/div>\n\n\n\n<div class=\"wp-block-column gb-support-item__column gb-support-item__text-container is-layout-flow wp-block-column-is-layout-flow\">\n<h6 class=\"wp-block-heading gb-support-item__text-container__title\" id=\"h-rma-returns\">RMA \/ Povrat<\/h6>\n\n\n\n<p class=\"gb-support-item__text-container__text\">Zatra\u017eite odobrenje za povrat robe slanjem zahtjeva putem kontakt obrasca.<\/p>\n\n\n\n<a\n\t\t\thref=\"http:\/\/oceansignal.com\/support\/#contact-us\"\n\t\tclass=\"gb-button gb-button--primary \"\n\ttarget=\"_self\">\n\t\tContact us\n<\/a>\n<\/div>\n\n\n\t<\/div>\n\n\n\t\t<\/div><\/div>\n\n\n<div class=\"gb-contact-us\" id=\"contact-us\">\n\t<div class=\"gc-container \">\n    \t\t\t\n\n<div class=\"wp-block-column gb-contact-us__column gb-contact-us__text-container is-layout-flow wp-block-column-is-layout-flow\">\n<h1 class=\"wp-block-heading gb-contact-us__text-container__title\" id=\"h-we-are-here-to-help\">Tu smo da vam pomognemo<\/h1>\n\n\n\n<p class=\"gb-contact-us__text-container__text\">Po\u0161aljite nam poruku i \u010dlan na\u0161eg tima \u0107e vas kontaktirati.<\/p>\n\n\n\n<div class=\"wp-block-column gb-contact-us__text-container__image is-layout-flow wp-block-column-is-layout-flow\"><\/div>\n<\/div>\n\n\n\n<div class=\"wp-block-column gb-contact-us__column gb-contact-us__form-container is-layout-flow wp-block-column-is-layout-flow\"><div id=\"contact-form\" class=\"gb-contact-form\">\n\t<form class=\"gb-contact-form__form\" method=\"post\">\n\t\t\n\n<div class=\"c-input c-input--fullName \">\n\t<label class=\"c-input__label\" for=\"fullName\">Ime i prezime (neobavezno)<\/label>\n\t<div class=\"c-input__container\">\n\t\t\t\t<input\n\t\t\ttype=\"text\"\n\t\t\tname=\"fullName\"\n\t\t\tid=\"fullName\"\n\t\t\tclass=\"c-input__input\"\n\t\t\tvalue=\"\"\n\t\t\t\n\t\t\tautocomplete=\"off\"\n\t\t\tspellcheck=\"true\"\n\t\t\tplaceholder=\"\"\n\t\t\/>\n\t<\/div>\n\t\t<span class=\"c-input__message\">Ovo je polje potrebno.<\/span>\n<\/div>\n\n\t\t\n\n<div class=\"c-input c-input--email \">\n\t<label class=\"c-input__label\" for=\"email\">E -po\u0161ta<\/label>\n\t<div class=\"c-input__container\">\n\t\t\t\t<input\n\t\t\ttype=\"email\"\n\t\t\tname=\"email\"\n\t\t\tid=\"email\"\n\t\t\tclass=\"c-input__input\"\n\t\t\tvalue=\"\"\n\t\t\t\n\t\t\tautocomplete=\"off\"\n\t\t\tspellcheck=\"true\"\n\t\t\tplaceholder=\"\"\n\t\t\/>\n\t<\/div>\n\t\t<span class=\"c-input__message\">Adresa e -po\u0161te je u pogre\u0161nom formatu.<\/span>\n<\/div>\n\n\t\t\n\n<div class=\"c-input c-input--phone \">\n\t<label class=\"c-input__label\" for=\"phone\">telefonski broj (neobavezno)<\/label>\n\t<div class=\"c-input__container\">\n\t\t\t\t<input\n\t\t\ttype=\"text\"\n\t\t\tname=\"phone\"\n\t\t\tid=\"phone\"\n\t\t\tclass=\"c-input__input\"\n\t\t\tvalue=\"\"\n\t\t\t\n\t\t\tautocomplete=\"off\"\n\t\t\tspellcheck=\"true\"\n\t\t\tplaceholder=\"\"\n\t\t\/>\n\t<\/div>\n\t\t<span class=\"c-input__message\">Ovo je polje potrebno.<\/span>\n<\/div>\n\n\t\t\n\n<div class=\"c-input c-input--country \">\n\t<label class=\"c-input__label\" for=\"country\">Zemlja podrijetla<\/label>\n\t<div class=\"c-input__container\">\n\t\t\t\t<input\n\t\t\ttype=\"text\"\n\t\t\tname=\"country\"\n\t\t\tid=\"country\"\n\t\t\tclass=\"c-input__input\"\n\t\t\tvalue=\"\"\n\t\t\t\n\t\t\tautocomplete=\"off\"\n\t\t\tspellcheck=\"true\"\n\t\t\tplaceholder=\"\"\n\t\t\/>\n\t<\/div>\n\t\t<span class=\"c-input__message\">Ovo je polje potrebno.<\/span>\n<\/div>\n\n\t\t<div class=\"c-input\">\n\t<label class=\"c-input__label\" for=\"message\">Va\u0161a poruka<\/label>\n\t<textarea\n\t\tname=\"message\"\n\t\tid=\"message\"\n\t\tclass=\"c-input__input\"\n\t\tvalue=\"\"\n\t\t\n\t\tautocomplete=\"off\"\n\t\tspellcheck=\"true\"\n\t><\/textarea>\n\t\t<span class=\"c-input__message\">Ovo je polje potrebno.<\/span>\n<\/div>\n\n\t\t\t<span class=\"c-checkbox c-checkbox--secondary\">\n\t<span class=\"c-checkbox__wrapper\">\n\t\t<input class=\"c-checkbox__input\" type=\"checkbox\" name=\"subscribe\" data-id=\"subscribe\" id=\"subscribe\" value=\"subscribe\"  autocomplete=\"on\"\/>\n\t<\/span>\n\t<label class=\"c-checkbox__text\" for=\"subscribe\"> \u017delio bih primati vijesti i promocije. <\/label>\n<\/span>\n\n\t\t<div class=\"c-recaptcha c-input js-recaptcha\" id=\"js-recaptcha\">\n    <div class=\"g-recaptcha\" data-sitekey=\"6LdypS0pAAAAAPO_gmMi6_T5NelPv7DVFckpx0_9\" data-callback=\"checkRecaptcha\"><\/div>\n    <span class=\"c-input__message\">Ovo je polje potrebno.<\/span>\n<\/div>\n\n\t\t<div class=\"gb-contact-form__form__divider\" ><\/div>\n\t\t<button type=\"submit\" class=\"c-button c-button--primary js-submit-button\">Po\u0161aljite zahtjev<\/button>\n\t<\/form>\n\t<p id=\"form-message\" class=\"gb-contact-form__message\"><\/p>\n<\/div>\n<\/div>\n\n\n\n<p class=\"gb-contact-us__bottom-text\">Smatramo da je va\u0161a privatnost va\u017ena, pro\u010ditajte na\u0161a <a href=\"http:\/\/oceansignal.com\/tandc-and-privacy-policy\/\" data-type=\"page\" data-id=\"319\" target=\"_blank\" rel=\"noreferrer noopener\">Pravila o privatnosti<\/a>.<br\/>Imajte na umu da se va\u0161i podaci za kontakt mogu koristiti u skladu s EU GDPR propisima.\nOcean Signal ne\u0107e koristiti ove podatke u marketin\u0161ke svrhe bez va\u0161eg izri\u010ditog dopu\u0161tenja.\nPojedinosti o na\u0161im pravilima o zadr\u017eavanju podataka potra\u017eite u ovim pravilima.  <br\/><br\/>Za servisnu podr\u0161ku prvo se obratite lokalnom distributeru.<br\/>Informacije o OSL distributeru i OSL uslugama zamjene baterija mo\u017eete prona\u0107i ovdje.<\/p>\n\n\n\t\t<\/div><\/div>\n","protected":false},"excerpt":{"rendered":"<p>Zatra\u017eite pomo\u0107 za proizvode i usluge tvrtke Ocean Signal.<\/p>\n","protected":false},"author":2,"featured_media":0,"parent":0,"menu_order":0,"comment_status":"closed","ping_status":"closed","template":"pagetemplate-header-orange.php","meta":{"_acf_changed":false,"om_disable_all_campaigns":false,"footnotes":""},"class_list":["post-8368","page","type-page","status-publish","hentry"],"acf":[],"yoast_head":"<!-- This site is optimized with the Yoast SEO Premium plugin v25.2 (Yoast SEO v26.4) - https:\/\/yoast.com\/wordpress\/plugins\/seo\/ -->\n<title>Podr\u0161ka - Ocean Signal<\/title>\n<meta name=\"description\" content=\"Prona\u0111ite sveobuhvatnu podr\u0161ku za svoje proizvode Ocean Signal. Pristupite priru\u010dnicima, \u010desto postavljanim pitanjima i kontaktnim informacijama na na\u0161oj stranici za podr\u0161ku za proizvode.\" \/>\n<meta name=\"robots\" content=\"index, follow, max-snippet:-1, max-image-preview:large, max-video-preview:-1\" \/>\n<link rel=\"canonical\" href=\"https:\/\/oceansignal.com\/hr\/podrska\/\" \/>\n<meta property=\"og:locale\" content=\"hr_HR\" \/>\n<meta property=\"og:type\" content=\"article\" \/>\n<meta property=\"og:title\" content=\"Podr\u0161ka - Ocean Signal\" \/>\n<meta property=\"og:description\" content=\"Prona\u0111ite sveobuhvatnu podr\u0161ku za svoje proizvode Ocean Signal. Pristupite priru\u010dnicima, \u010desto postavljanim pitanjima i kontaktnim informacijama na na\u0161oj stranici za podr\u0161ku za proizvode.\" \/>\n<meta property=\"og:url\" content=\"https:\/\/oceansignal.com\/hr\/podrska\/\" \/>\n<meta property=\"og:site_name\" content=\"Ocean Signal\" \/>\n<meta property=\"article:modified_time\" content=\"2025-02-27T11:50:14+00:00\" \/>\n<meta property=\"og:image\" content=\"https:\/\/oceansignal.com\/wp-content\/uploads\/2024\/03\/image-social-share-04.jpg\" \/>\n\t<meta property=\"og:image:width\" content=\"1200\" \/>\n\t<meta property=\"og:image:height\" content=\"630\" \/>\n\t<meta property=\"og:image:type\" content=\"image\/jpeg\" \/>\n<meta name=\"twitter:card\" content=\"summary_large_image\" \/>\n<meta name=\"twitter:label1\" content=\"Procijenjeno vrijeme \u010ditanja\" \/>\n\t<meta name=\"twitter:data1\" content=\"1 minuta\" \/>\n<script type=\"application\/ld+json\" class=\"yoast-schema-graph\">{\"@context\":\"https:\/\/schema.org\",\"@graph\":[{\"@type\":\"WebPage\",\"@id\":\"https:\/\/oceansignal.com\/hr\/podrska\/\",\"url\":\"https:\/\/oceansignal.com\/hr\/podrska\/\",\"name\":\"Podr\u0161ka - Ocean Signal\",\"isPartOf\":{\"@id\":\"https:\/\/oceansignal.com\/hr\/#website\"},\"datePublished\":\"2023-03-17T08:00:24+00:00\",\"dateModified\":\"2025-02-27T11:50:14+00:00\",\"description\":\"Prona\u0111ite sveobuhvatnu podr\u0161ku za svoje proizvode Ocean Signal. Pristupite priru\u010dnicima, \u010desto postavljanim pitanjima i kontaktnim informacijama na na\u0161oj stranici za podr\u0161ku za proizvode.\",\"inLanguage\":\"hr\",\"potentialAction\":[{\"@type\":\"ReadAction\",\"target\":[\"https:\/\/oceansignal.com\/hr\/podrska\/\"]}]},{\"@type\":\"WebSite\",\"@id\":\"https:\/\/oceansignal.com\/hr\/#website\",\"url\":\"https:\/\/oceansignal.com\/hr\/\",\"name\":\"Ocean Signal\",\"description\":\"A leading manufacturer of EPIRBs, AIS, SARTs, Personal Locator Beacons, Man Overboard Beacon for the Marine and Outdoor Markets.\",\"potentialAction\":[{\"@type\":\"SearchAction\",\"target\":{\"@type\":\"EntryPoint\",\"urlTemplate\":\"https:\/\/oceansignal.com\/hr\/?s={search_term_string}\"},\"query-input\":{\"@type\":\"PropertyValueSpecification\",\"valueRequired\":true,\"valueName\":\"search_term_string\"}}],\"inLanguage\":\"hr\"}]}<\/script>\n<!-- \/ Yoast SEO Premium plugin. -->","yoast_head_json":{"title":"Podr\u0161ka - Ocean Signal","description":"Prona\u0111ite sveobuhvatnu podr\u0161ku za svoje proizvode Ocean Signal. Pristupite priru\u010dnicima, \u010desto postavljanim pitanjima i kontaktnim informacijama na na\u0161oj stranici za podr\u0161ku za proizvode.","robots":{"index":"index","follow":"follow","max-snippet":"max-snippet:-1","max-image-preview":"max-image-preview:large","max-video-preview":"max-video-preview:-1"},"canonical":"https:\/\/oceansignal.com\/hr\/podrska\/","og_locale":"hr_HR","og_type":"article","og_title":"Podr\u0161ka - Ocean Signal","og_description":"Prona\u0111ite sveobuhvatnu podr\u0161ku za svoje proizvode Ocean Signal. Pristupite priru\u010dnicima, \u010desto postavljanim pitanjima i kontaktnim informacijama na na\u0161oj stranici za podr\u0161ku za proizvode.","og_url":"https:\/\/oceansignal.com\/hr\/podrska\/","og_site_name":"Ocean Signal","article_modified_time":"2025-02-27T11:50:14+00:00","og_image":[{"width":1200,"height":630,"url":"https:\/\/oceansignal.com\/wp-content\/uploads\/2024\/03\/image-social-share-04.jpg","type":"image\/jpeg"}],"twitter_card":"summary_large_image","twitter_misc":{"Procijenjeno vrijeme \u010ditanja":"1 minuta"},"schema":{"@context":"https:\/\/schema.org","@graph":[{"@type":"WebPage","@id":"https:\/\/oceansignal.com\/hr\/podrska\/","url":"https:\/\/oceansignal.com\/hr\/podrska\/","name":"Podr\u0161ka - Ocean Signal","isPartOf":{"@id":"https:\/\/oceansignal.com\/hr\/#website"},"datePublished":"2023-03-17T08:00:24+00:00","dateModified":"2025-02-27T11:50:14+00:00","description":"Prona\u0111ite sveobuhvatnu podr\u0161ku za svoje proizvode Ocean Signal. Pristupite priru\u010dnicima, \u010desto postavljanim pitanjima i kontaktnim informacijama na na\u0161oj stranici za podr\u0161ku za proizvode.","inLanguage":"hr","potentialAction":[{"@type":"ReadAction","target":["https:\/\/oceansignal.com\/hr\/podrska\/"]}]},{"@type":"WebSite","@id":"https:\/\/oceansignal.com\/hr\/#website","url":"https:\/\/oceansignal.com\/hr\/","name":"Ocean Signal","description":"A leading manufacturer of EPIRBs, AIS, SARTs, Personal Locator Beacons, Man Overboard Beacon for the Marine and Outdoor Markets.","potentialAction":[{"@type":"SearchAction","target":{"@type":"EntryPoint","urlTemplate":"https:\/\/oceansignal.com\/hr\/?s={search_term_string}"},"query-input":{"@type":"PropertyValueSpecification","valueRequired":true,"valueName":"search_term_string"}}],"inLanguage":"hr"}]}},"_links":{"self":[{"href":"https:\/\/oceansignal.com\/hr\/wp-json\/wp\/v2\/pages\/8368","targetHints":{"allow":["GET"]}}],"collection":[{"href":"https:\/\/oceansignal.com\/hr\/wp-json\/wp\/v2\/pages"}],"about":[{"href":"https:\/\/oceansignal.com\/hr\/wp-json\/wp\/v2\/types\/page"}],"author":[{"embeddable":true,"href":"https:\/\/oceansignal.com\/hr\/wp-json\/wp\/v2\/users\/2"}],"replies":[{"embeddable":true,"href":"https:\/\/oceansignal.com\/hr\/wp-json\/wp\/v2\/comments?post=8368"}],"version-history":[{"count":1,"href":"https:\/\/oceansignal.com\/hr\/wp-json\/wp\/v2\/pages\/8368\/revisions"}],"predecessor-version":[{"id":8374,"href":"https:\/\/oceansignal.com\/hr\/wp-json\/wp\/v2\/pages\/8368\/revisions\/8374"}],"wp:attachment":[{"href":"https:\/\/oceansignal.com\/hr\/wp-json\/wp\/v2\/media?parent=8368"}],"curies":[{"name":"wp","href":"https:\/\/api.w.org\/{rel}","templated":true}]}}