{"id":12816,"date":"2024-11-12T19:50:16","date_gmt":"2024-11-12T19:50:16","guid":{"rendered":"https:\/\/oceansignal.com\/products\/sigurnosea-m200\/"},"modified":"2026-02-17T15:46:14","modified_gmt":"2026-02-17T15:46:14","slug":"sigurnosea-m200","status":"publish","type":"product","link":"https:\/\/oceansignal.com\/hr\/products\/sigurnosea-m200\/","title":{"rendered":"safeSEA M200"},"content":{"rendered":"<p class=\"ai-optimize-36 ai-optimize-introduction\"><em>\u017delite saznati vi\u0161e o najnovijim zahtjevima klase M za AIS MOB ?  <a href=\"https:\/\/oceansignal.com\/hr\/news\/razumijevanje-utjecaja-propisa-ais-klase-m-na-mob-ove\/\">Kliknite ovdje<\/a><\/em><\/p>\n<p class=\"ai-optimize-37\"><em>Samo za SAD: Ovaj ure\u0111aj nije odobren prema pravilima Savezne komisije za komunikacije. Ovaj ure\u0111aj nije i ne smije biti ponu\u0111en na prodaju ili najam, niti prodan ili iznajmljen, dok se ne dobije odobrenje. Odobreno za prodaju u zemljama koje su usvojile propis ECC\/DEC\/(22)02.  <\/em><\/p>\n<p class=\"ai-optimize-38\"><em><a href=\"https:\/\/www.dropbox.com\/s\/8343nj28z0d7bxa\/Prop%2065%20-%20BPA.pdf?dl=0\">UPOZORENJE: PROP 65<\/a><\/em><\/p>\n<h3 class=\"ai-optimize-39\">Sa\u017eetak<\/h3>\n<p class=\"ai-optimize-40\">Dizajniran kako bi zadovoljio potrebe i rekreativnih nauti\u010dara i profesionalnih pomorskih tr\u017ei\u0161ta i njegovih radnika na moru, M200 se mo\u017ee postaviti na prsluk za spa\u0161avanje i automatski se aktivira nakon napuhavanja prsluka. S vi\u0161estrukim metodama uzbunjivanja u slu\u010daju opasnosti, M200 ima dvostruka infracrveno-bijela stroboskopska svjetla i oda\u0161ilje putem AIS-a, DSC-a i 121,5 MHz kako bi olak\u0161ao spasila\u010dke napore i time pove\u0107ao brzinu i u\u010dinkovitost spa\u0161avanja. U skladu s regulativom AIS klase M, M200 je MOB ure\u0111aj klase M DSC (Digital Selective Calling) koji uklju\u010duje izdr\u017eljiv dizajn s faktorom oblika koji je prigodno manji od drugih usporedivih modela.  <\/p>\n<p class=\"ai-optimize-41\">Nadovezuju\u0107i se na isprobanu i dokazanu temeljnu arhitekturu svog prethodnika, safeSEA M200 AIS ostaje vjeran temeljnim na\u010delima dizajna Ocean Signal i posti\u017ee impresivan podvig spajanjem dodatnih zna\u010dajki u jo\u0161 kompaktniji oblik. U skladu s propisom o sastancima ECC\/DEC\/(22)02, ina\u010de poznatim kao AIS razred M propis, M200 uklju\u010duje DSC (Digital Selective Calling) prijemnik koji se koristi za zaustavljanje MOB a da nastavi slati DSC poruke preko DSC kanala nakon \u0161to je potvr\u0111en signal za pomo\u0107. Uklju\u010divanje dvostrukih infracrveno-bijelih stroboskopskih svjetala u kombinaciji s uzbunom u slu\u010daju opasnosti putem AIS-a, DSC-a i 121,5 MHz omogu\u0107uje maksimalnu detekciju od strane hitnih slu\u017ebi.  <\/p>\n<p class=\"ai-optimize-42\"><strong>Kako radi<\/strong><\/p>\n<p class=\"ai-optimize-43\">Nakon aktivacije, safeSEA M200 AIS po\u010dinje oda\u0161iljati signal za samonavo\u0111enje od 121,5 MHz, a zatim \u0107e se u roku od 15 sekundi emitirati prva pojedina\u010dna poruka opasnosti. M200 \u0161alje 8 AIS poruka u minuti i kada se dobije GNSS popravak, svaki niz od 8 AIS poruka uklju\u010duje GNSS koordinate kako bi spasioce upozorio na va\u0161u to\u010dnu lokaciju. M200 tako\u0111er ima mogu\u0107nost slanja razli\u010ditih vrsta DSC poruka*. Vrsta DSC poruke(a) koja se \u0161alje (Individualni relejni poziv u pomo\u0107, Grupni poziv ili Upozorenje na pomo\u0107 za sve brodove) je diktirana posebnim propisima svake zemlje.   <\/p>\n<p class=\"ai-optimize-44\"><strong>Aplikacija povezana<\/strong><\/p>\n<p class=\"ai-optimize-45\">Uz uklju\u010divanje tehnologije Near Field Communication (NFC), stavljanje telefona u blizinu svjetionika automatski pokre\u0107e aplikaciju Ocean Signal Product App, daju\u0107i vam pristup nizu podataka o kori\u0161tenju. Podaci specifi\u010dni za korisnika, kao \u0161to je MMSI plovila, mogu se unijeti u M200, a istovremeno omogu\u0107uju jednostavan prikaz vitalnih informacija poput trajanja baterije i povijesti samotestiranja. Kori\u0161tenje NFC-a tako\u0111er osigurava maksimalno produljenje trajanja unutarnje baterije iz sigurnosnih razloga.  <\/p>\n<p class=\"ai-optimize-46\"><strong>Integracija prsluka za spa\u0161avanje<\/strong><\/p>\n<p class=\"ai-optimize-47\">safeSEA M200 AIS mo\u017ee se aktivirati ru\u010dno ili automatski kada se instalira unutar prsluka za spa\u0161avanje na napuhavanje koji se automatski napuhuje. Instalacija je jednostavna pomo\u0107u prilo\u017eene kop\u010de cijevi za oralno napuhavanje za pri\u010dvr\u0161\u0107ivanje M200 na prsluk za spa\u0161avanje u kombinaciji s aktivacijskom trakom spojenom oko mjehura prsluka za spa\u0161avanje**. Nakon \u0161to je ispravno postavljen, djelovanje napuhavanja mjehura prsluka za spa\u0161avanje pokre\u0107e postavljanje antene i aktivaciju svjetionika.  <\/p>\n<p class=\"ai-optimize-48\">* Funkcionalnost DSC-a podlije\u017ee propisima zemlje.<\/p>\n<p class=\"ai-optimize-49\"><strong>** <i data-olk-copy-source=\"MailCompose\">Preporu\u010duje se konzultacija s proizvo\u0111a\u010dem prsluka za spa\u0161avanje prije ugradnje, jer odre\u0111eni modeli mogu imati vlastite preferirane na\u010dine postavljanja ili preporuke za integraciju.<\/i><\/strong><\/p>\n<p>&nbsp;<\/p>\n<p class=\"ai-optimize-50\"><strong>Zna\u010dajke i prednosti Ocean Signal safeSEA M200 AIS:<\/strong><\/p>\n<ul>\n<li class=\"ai-optimize-51\">AIS (sustav automatske identifikacije)<\/li>\n<li class=\"ai-optimize-52\">Sukladno klasi M (uredba ECC\/DEC\/(22)02)<\/li>\n<li class=\"ai-optimize-53\">Integrirani Tx i Rx DSC primopredajnik (digitalni selektivni poziv) *<\/li>\n<li class=\"ai-optimize-54\">LED diode provjeravaju prijem DSC signala za pomo\u0107<\/li>\n<li class=\"ai-optimize-55\">20% (tipi\u010dno) manji od konkurenata<\/li>\n<li class=\"ai-optimize-56\">GNSS putem GPS-a i Galilea<\/li>\n<li class=\"ai-optimize-57\">Brzo i precizno pozicioniranje<\/li>\n<li class=\"ai-optimize-58\">121,5 MHz signal za samonavo\u0111enje<\/li>\n<li class=\"ai-optimize-59\">IR i bijela stroboskopska svjetla<\/li>\n<li class=\"ai-optimize-60\">LED diode provjeravaju prijem DSC signala za pomo\u0107<\/li>\n<li class=\"ai-optimize-61\">Automatska aktivacija<\/li>\n<li class=\"ai-optimize-62\">Jednostavna integracija prsluka za spa\u0161avanje**<\/li>\n<li class=\"ai-optimize-63\">5-godi\u0161nje trajanje baterije<\/li>\n<li class=\"ai-optimize-64\">12+ sati radnog vijeka<\/li>\n<li class=\"ai-optimize-65\">Jamstvo 2 godine<\/li>\n<li class=\"ai-optimize-66\">Integrirana komunikacija bliskog polja (NFC)<\/li>\n<li class=\"ai-optimize-67\">Povezivanje pametnog telefona putem NFC-a<\/li>\n<li class=\"ai-optimize-68\">Mobilna aplikacija Ocean Signal (IOS i Android)<\/li>\n<\/ul>\n<p>&nbsp;<\/p>\n<p class=\"ai-optimize-69\"><strong><em>Kompatibilnost:<\/em><\/strong><em>  Ve\u0107ina modernih AIS crta\u010da i DSC VHF u skladu su sa standardima potrebnim za primanje MOB prijenosa. Me\u0111utim, osobito ako koristite stariju opremu, preporu\u010duje se da provjerite kompatibilnost kod proizvo\u0111a\u010da opreme. <\/em><\/p>\n<p class=\"ai-optimize-70\">\u017delite saznati vi\u0161e o najnovijim zahtjevima klase M za AIS MOB ?  <a href=\"https:\/\/oceansignal.com\/hr\/news\/razumijevanje-utjecaja-propisa-ais-klase-m-na-mob-ove\/\">Kliknite ovdje<\/a><\/p>\n<p>&nbsp;<\/p>\n","protected":false},"excerpt":{"rendered":"<div class=\"flex max-w-full flex-col flex-grow\">\n<div class=\"min-h-8 text-message relative flex w-full flex-col items-end gap-2 whitespace-normal break-words text-start [.text-message+&amp;]:mt-5\" dir=\"auto\" data-message-author-role=\"assistant\" data-message-id=\"933cc1c1-b547-4ddb-bf48-2e55b6592f46\" data-message-model-slug=\"gpt-4o\">\n<div class=\"flex w-full flex-col gap-1 empty:hidden first:pt-[3px]\">\n<div class=\"markdown prose w-full break-words dark:prose-invert light\">\n<ul data-start=\"81\" data-end=\"826\" data-is-last-node=\"\" data-is-only-node=\"\">\n<li class=\"\" data-start=\"81\" data-end=\"235\">\n<p class=\"\" data-start=\"83\" data-end=\"235\"><strong data-start=\"83\" data-end=\"112\">Napredno AIS MOB uzbunjivanje<\/strong> \u2013 uskla\u0111eno s klasom M (ECC\/DEC\/(22)02) s AIS, DSC i signalizacijom opasnosti od 121,5 MHz za maksimalnu vidljivost spasiocima.<\/p>\n<\/li>\n<li class=\"\" data-start=\"236\" data-end=\"387\">\n<p class=\"\" data-start=\"238\" data-end=\"387\"><strong data-start=\"238\" data-end=\"275\">Brzo i precizno pra\u0107enje lokacije<\/strong> \u2013 \u0160alje 8 AIS poruka u minuti s preciznim GNSS pozicioniranjem (GPS &amp; Galileo) za brz odgovor u hitnim slu\u010dajevima.<\/p>\n<\/li>\n<li class=\"\" data-start=\"388\" data-end=\"530\">\n<p class=\"\" data-start=\"390\" data-end=\"530\"><strong data-start=\"390\" data-end=\"417\">Integrirani DSC prijemnik<\/strong> \u2013 Zaustavlja upozorenja u slu\u010daju opasnosti nakon \u0161to se potvrdi, smanjuju\u0107i nepotrebne prijenose i pove\u0107avaju\u0107i u\u010dinkovitost pretra\u017eivanja.<\/p>\n<\/li>\n<li class=\"\" data-start=\"531\" data-end=\"678\">\n<p class=\"\" data-start=\"533\" data-end=\"678\"><strong data-start=\"533\" data-end=\"568\">Besprijekorna integracija prsluka za spa\u0161avanje<\/strong> \u2013 Automatska ili ru\u010dna aktivacija kada se ugradi u prsluk za spa\u0161avanje na napuhavanje, osiguravaju\u0107i rad bez ruku.<\/p>\n<\/li>\n<li class=\"\" data-start=\"679\" data-end=\"826\">\n<p class=\"\" data-start=\"681\" data-end=\"826\"><strong data-start=\"681\" data-end=\"708\">Povezivanje s pametnim telefonom<\/strong> \u2013 omogu\u0107en NFC za jednostavan pristup statusu baterije, povijesti samotestiranja i postavkama MMSI-a putem mobilne aplikacije Ocean Signal .<\/p>\n<\/li>\n<li data-start=\"679\" data-end=\"826\">Jednokratna kupnja bez mjese\u010dne pretplate<\/li>\n<\/ul>\n<\/div>\n<\/div>\n<\/div>\n<\/div>\n","protected":false},"featured_media":12394,"template":"","meta":{"_acf_changed":false,"om_disable_all_campaigns":false},"product_brand":[],"product_cat":[390,1080,1977,334],"product_tag":[],"class_list":{"0":"post-12816","1":"product","2":"type-product","3":"status-publish","4":"has-post-thumbnail","6":"product_cat-ais-hr-2","7":"product_cat-covjek-u-moru","8":"product_cat-kompatibilno-s-prslukom-za-spasavanje","9":"product_cat-safesea-hr","11":"first","12":"instock","13":"taxable","14":"shipping-taxable","15":"purchasable","16":"product-type-simple"},"acf":[],"yoast_head":"<!-- This site is optimized with the Yoast SEO Premium plugin v25.2 (Yoast SEO v26.4) - https:\/\/yoast.com\/wordpress\/plugins\/seo\/ -->\n<title>safeSEA M200 - Ocean Signal<\/title>\n<meta name=\"description\" content=\"Ocean Signal safeSEA M200 AIS svjetionik za \u010dovjeka u moru pove\u0107ava \u0161anse za spa\u0161avanje sa svoje 3 metode prijenosa u slu\u010daju opasnosti - AIS, DSC i 121,5 MHz\" \/>\n<meta name=\"robots\" content=\"index, follow, max-snippet:-1, max-image-preview:large, max-video-preview:-1\" \/>\n<link rel=\"canonical\" href=\"https:\/\/oceansignal.com\/hr\/products\/sigurnosea-m200\/\" \/>\n<meta property=\"og:locale\" content=\"hr_HR\" \/>\n<meta property=\"og:type\" content=\"article\" \/>\n<meta property=\"og:title\" content=\"safeSEA M200\" \/>\n<meta property=\"og:description\" content=\"Ocean Signal safeSEA M200 AIS svjetionik za \u010dovjeka u moru pove\u0107ava \u0161anse za spa\u0161avanje sa svoje 3 metode prijenosa u slu\u010daju opasnosti - AIS, DSC i 121,5 MHz\" \/>\n<meta property=\"og:url\" content=\"https:\/\/oceansignal.com\/hr\/products\/sigurnosea-m200\/\" \/>\n<meta property=\"og:site_name\" content=\"Ocean Signal\" \/>\n<meta property=\"article:modified_time\" content=\"2026-02-17T15:46:14+00:00\" \/>\n<meta property=\"og:image\" content=\"https:\/\/oceansignal.com\/wp-content\/uploads\/2024\/11\/M200-Front.png\" \/>\n\t<meta property=\"og:image:width\" content=\"800\" \/>\n\t<meta property=\"og:image:height\" content=\"800\" \/>\n\t<meta property=\"og:image:type\" content=\"image\/png\" \/>\n<meta name=\"twitter:card\" content=\"summary_large_image\" \/>\n<meta name=\"twitter:label1\" content=\"Procijenjeno vrijeme \u010ditanja\" \/>\n\t<meta name=\"twitter:data1\" content=\"4 minute\" \/>\n<script type=\"application\/ld+json\" class=\"yoast-schema-graph\">{\"@context\":\"https:\/\/schema.org\",\"@graph\":[{\"@type\":\"WebPage\",\"@id\":\"https:\/\/oceansignal.com\/hr\/products\/sigurnosea-m200\/\",\"url\":\"https:\/\/oceansignal.com\/hr\/products\/sigurnosea-m200\/\",\"name\":\"safeSEA M200 - Ocean Signal\",\"isPartOf\":{\"@id\":\"https:\/\/oceansignal.com\/hr\/#website\"},\"primaryImageOfPage\":{\"@id\":\"https:\/\/oceansignal.com\/hr\/products\/sigurnosea-m200\/#primaryimage\"},\"image\":{\"@id\":\"https:\/\/oceansignal.com\/hr\/products\/sigurnosea-m200\/#primaryimage\"},\"thumbnailUrl\":\"https:\/\/oceansignal.com\/wp-content\/uploads\/2024\/11\/M200-Front.png\",\"datePublished\":\"2024-11-12T19:50:16+00:00\",\"dateModified\":\"2026-02-17T15:46:14+00:00\",\"description\":\"Ocean Signal safeSEA M200 AIS svjetionik za \u010dovjeka u moru pove\u0107ava \u0161anse za spa\u0161avanje sa svoje 3 metode prijenosa u slu\u010daju opasnosti - AIS, DSC i 121,5 MHz\",\"breadcrumb\":{\"@id\":\"https:\/\/oceansignal.com\/hr\/products\/sigurnosea-m200\/#breadcrumb\"},\"inLanguage\":\"hr\",\"potentialAction\":[{\"@type\":\"ReadAction\",\"target\":[\"https:\/\/oceansignal.com\/hr\/products\/sigurnosea-m200\/\"]}]},{\"@type\":\"ImageObject\",\"inLanguage\":\"hr\",\"@id\":\"https:\/\/oceansignal.com\/hr\/products\/sigurnosea-m200\/#primaryimage\",\"url\":\"https:\/\/oceansignal.com\/wp-content\/uploads\/2024\/11\/M200-Front.png\",\"contentUrl\":\"https:\/\/oceansignal.com\/wp-content\/uploads\/2024\/11\/M200-Front.png\",\"width\":800,\"height\":800},{\"@type\":\"BreadcrumbList\",\"@id\":\"https:\/\/oceansignal.com\/hr\/products\/sigurnosea-m200\/#breadcrumb\",\"itemListElement\":[{\"@type\":\"ListItem\",\"position\":1,\"name\":\"Prera\u0111evina\",\"item\":\"https:\/\/oceansignal.com\/hr\/preradevina\/\"},{\"@type\":\"ListItem\",\"position\":2,\"name\":\"safeSEA M200\"}]},{\"@type\":\"WebSite\",\"@id\":\"https:\/\/oceansignal.com\/hr\/#website\",\"url\":\"https:\/\/oceansignal.com\/hr\/\",\"name\":\"Ocean Signal\",\"description\":\"A leading manufacturer of EPIRBs, AIS, SARTs, Personal Locator Beacons, Man Overboard Beacon for the Marine and Outdoor Markets.\",\"potentialAction\":[{\"@type\":\"SearchAction\",\"target\":{\"@type\":\"EntryPoint\",\"urlTemplate\":\"https:\/\/oceansignal.com\/hr\/?s={search_term_string}\"},\"query-input\":{\"@type\":\"PropertyValueSpecification\",\"valueRequired\":true,\"valueName\":\"search_term_string\"}}],\"inLanguage\":\"hr\"}]}<\/script>\n<!-- \/ Yoast SEO Premium plugin. -->","yoast_head_json":{"title":"safeSEA M200 - Ocean Signal","description":"Ocean Signal safeSEA M200 AIS svjetionik za \u010dovjeka u moru pove\u0107ava \u0161anse za spa\u0161avanje sa svoje 3 metode prijenosa u slu\u010daju opasnosti - AIS, DSC i 121,5 MHz","robots":{"index":"index","follow":"follow","max-snippet":"max-snippet:-1","max-image-preview":"max-image-preview:large","max-video-preview":"max-video-preview:-1"},"canonical":"https:\/\/oceansignal.com\/hr\/products\/sigurnosea-m200\/","og_locale":"hr_HR","og_type":"article","og_title":"safeSEA M200","og_description":"Ocean Signal safeSEA M200 AIS svjetionik za \u010dovjeka u moru pove\u0107ava \u0161anse za spa\u0161avanje sa svoje 3 metode prijenosa u slu\u010daju opasnosti - AIS, DSC i 121,5 MHz","og_url":"https:\/\/oceansignal.com\/hr\/products\/sigurnosea-m200\/","og_site_name":"Ocean Signal","article_modified_time":"2026-02-17T15:46:14+00:00","og_image":[{"width":800,"height":800,"url":"https:\/\/oceansignal.com\/wp-content\/uploads\/2024\/11\/M200-Front.png","type":"image\/png"}],"twitter_card":"summary_large_image","twitter_misc":{"Procijenjeno vrijeme \u010ditanja":"4 minute"},"schema":{"@context":"https:\/\/schema.org","@graph":[{"@type":"WebPage","@id":"https:\/\/oceansignal.com\/hr\/products\/sigurnosea-m200\/","url":"https:\/\/oceansignal.com\/hr\/products\/sigurnosea-m200\/","name":"safeSEA M200 - Ocean Signal","isPartOf":{"@id":"https:\/\/oceansignal.com\/hr\/#website"},"primaryImageOfPage":{"@id":"https:\/\/oceansignal.com\/hr\/products\/sigurnosea-m200\/#primaryimage"},"image":{"@id":"https:\/\/oceansignal.com\/hr\/products\/sigurnosea-m200\/#primaryimage"},"thumbnailUrl":"https:\/\/oceansignal.com\/wp-content\/uploads\/2024\/11\/M200-Front.png","datePublished":"2024-11-12T19:50:16+00:00","dateModified":"2026-02-17T15:46:14+00:00","description":"Ocean Signal safeSEA M200 AIS svjetionik za \u010dovjeka u moru pove\u0107ava \u0161anse za spa\u0161avanje sa svoje 3 metode prijenosa u slu\u010daju opasnosti - AIS, DSC i 121,5 MHz","breadcrumb":{"@id":"https:\/\/oceansignal.com\/hr\/products\/sigurnosea-m200\/#breadcrumb"},"inLanguage":"hr","potentialAction":[{"@type":"ReadAction","target":["https:\/\/oceansignal.com\/hr\/products\/sigurnosea-m200\/"]}]},{"@type":"ImageObject","inLanguage":"hr","@id":"https:\/\/oceansignal.com\/hr\/products\/sigurnosea-m200\/#primaryimage","url":"https:\/\/oceansignal.com\/wp-content\/uploads\/2024\/11\/M200-Front.png","contentUrl":"https:\/\/oceansignal.com\/wp-content\/uploads\/2024\/11\/M200-Front.png","width":800,"height":800},{"@type":"BreadcrumbList","@id":"https:\/\/oceansignal.com\/hr\/products\/sigurnosea-m200\/#breadcrumb","itemListElement":[{"@type":"ListItem","position":1,"name":"Prera\u0111evina","item":"https:\/\/oceansignal.com\/hr\/preradevina\/"},{"@type":"ListItem","position":2,"name":"safeSEA M200"}]},{"@type":"WebSite","@id":"https:\/\/oceansignal.com\/hr\/#website","url":"https:\/\/oceansignal.com\/hr\/","name":"Ocean Signal","description":"A leading manufacturer of EPIRBs, AIS, SARTs, Personal Locator Beacons, Man Overboard Beacon for the Marine and Outdoor Markets.","potentialAction":[{"@type":"SearchAction","target":{"@type":"EntryPoint","urlTemplate":"https:\/\/oceansignal.com\/hr\/?s={search_term_string}"},"query-input":{"@type":"PropertyValueSpecification","valueRequired":true,"valueName":"search_term_string"}}],"inLanguage":"hr"}]}},"_links":{"self":[{"href":"https:\/\/oceansignal.com\/hr\/wp-json\/wp\/v2\/product\/12816","targetHints":{"allow":["GET"]}}],"collection":[{"href":"https:\/\/oceansignal.com\/hr\/wp-json\/wp\/v2\/product"}],"about":[{"href":"https:\/\/oceansignal.com\/hr\/wp-json\/wp\/v2\/types\/product"}],"wp:featuredmedia":[{"embeddable":true,"href":"https:\/\/oceansignal.com\/hr\/wp-json\/wp\/v2\/media\/12394"}],"wp:attachment":[{"href":"https:\/\/oceansignal.com\/hr\/wp-json\/wp\/v2\/media?parent=12816"}],"wp:term":[{"taxonomy":"product_brand","embeddable":true,"href":"https:\/\/oceansignal.com\/hr\/wp-json\/wp\/v2\/product_brand?post=12816"},{"taxonomy":"product_cat","embeddable":true,"href":"https:\/\/oceansignal.com\/hr\/wp-json\/wp\/v2\/product_cat?post=12816"},{"taxonomy":"product_tag","embeddable":true,"href":"https:\/\/oceansignal.com\/hr\/wp-json\/wp\/v2\/product_tag?post=12816"}],"curies":[{"name":"wp","href":"https:\/\/api.w.org\/{rel}","templated":true}]}}