{"id":12826,"date":"2024-10-30T20:20:15","date_gmt":"2024-10-30T20:20:15","guid":{"rendered":"https:\/\/oceansignal.com\/products\/rescueme-edf2-flare\/"},"modified":"2025-11-24T16:36:41","modified_gmt":"2025-11-24T16:36:41","slug":"rescueme-edf2-flare","status":"publish","type":"product","link":"https:\/\/oceansignal.com\/hr\/products\/rescueme-edf2-flare\/","title":{"rendered":"rescueME EDF2 Flare"},"content":{"rendered":"<p><img loading=\"lazy\" decoding=\"async\" class=\"alignnone wp-image-26922 size-full\" src=\"https:\/\/oceansignal.com\/wp-content\/uploads\/2024\/10\/OSL-EDF2-Features-Group-001.jpeg\" alt=\"EDF2 elektroni\u010dka Flare pomo\u0107 IR LED STROBE, baterija koju mo\u017ee zamijeniti korisnik, vidljivost od 360\" width=\"550\" height=\"310\" srcset=\"https:\/\/oceansignal.com\/wp-content\/uploads\/2024\/10\/OSL-EDF2-Features-Group-001.jpeg 550w, https:\/\/oceansignal.com\/wp-content\/uploads\/2024\/10\/OSL-EDF2-Features-Group-001-300x169.jpeg 300w, https:\/\/oceansignal.com\/wp-content\/uploads\/2024\/10\/OSL-EDF2-Features-Group-001-60x34.jpeg 60w, https:\/\/oceansignal.com\/wp-content\/uploads\/2024\/10\/OSL-EDF2-Features-Group-001-110x62.jpeg 110w\" sizes=\"auto, (max-width: 550px) 100vw, 550px\" \/><\/p>\n<p><img loading=\"lazy\" decoding=\"async\" class=\"alignnone wp-image-26938 size-full\" src=\"https:\/\/oceansignal.com\/wp-content\/uploads\/2024\/10\/OSL-EDF2-Features-Group-002.jpeg\" alt=\"EDF2 Prikladan za obitelj\" width=\"550\" height=\"310\" srcset=\"https:\/\/oceansignal.com\/wp-content\/uploads\/2024\/10\/OSL-EDF2-Features-Group-002.jpeg 550w, https:\/\/oceansignal.com\/wp-content\/uploads\/2024\/10\/OSL-EDF2-Features-Group-002-300x169.jpeg 300w, https:\/\/oceansignal.com\/wp-content\/uploads\/2024\/10\/OSL-EDF2-Features-Group-002-60x34.jpeg 60w, https:\/\/oceansignal.com\/wp-content\/uploads\/2024\/10\/OSL-EDF2-Features-Group-002-110x62.jpeg 110w\" sizes=\"auto, (max-width: 550px) 100vw, 550px\" \/><\/p>\n<p><img loading=\"lazy\" decoding=\"async\" class=\"alignnone wp-image-26954 size-full\" src=\"https:\/\/oceansignal.com\/wp-content\/uploads\/2024\/10\/OSL-EDF2-Features-Group-003.jpeg\" alt=\"EDF2 Ugra\u0111ena LED lampica visokog intenziteta uzgona\" width=\"550\" height=\"310\" srcset=\"https:\/\/oceansignal.com\/wp-content\/uploads\/2024\/10\/OSL-EDF2-Features-Group-003.jpeg 550w, https:\/\/oceansignal.com\/wp-content\/uploads\/2024\/10\/OSL-EDF2-Features-Group-003-300x169.jpeg 300w, https:\/\/oceansignal.com\/wp-content\/uploads\/2024\/10\/OSL-EDF2-Features-Group-003-60x34.jpeg 60w, https:\/\/oceansignal.com\/wp-content\/uploads\/2024\/10\/OSL-EDF2-Features-Group-003-110x62.jpeg 110w\" sizes=\"auto, (max-width: 550px) 100vw, 550px\" \/><\/p>\n<p><strong>Sa\u017eetak:<\/strong><\/p>\n<p>Kao sljede\u0107i napredak u elektroni\u010dkim signalnim raketama za pomo\u0107, EDF2 Electronic Boat Flare uvodi vrhunsku tehnologiju SOS signalizacije za pomo\u0107. Koriste\u0107i crveno-naran\u010daste i cijan LED diode u kombinaciji s infracrvenom (IR) komponentom, EDF2 nudi znatan radni vijek (vrijeme gorenja) dok tako\u0111er zna\u010dajno pobolj\u0161ava razinu vidljivosti. <\/p>\n<p>Prodaje se s uklju\u010denom dnevnom zastavom za pomo\u0107, EDF2 i pripadaju\u0107a zastava certificirani su da ispunjavaju primjenjive zahtjeve Obalne stra\u017ee SAD-a \u0161to im dopu\u0161ta no\u0161enje umjesto tradicionalnih pirotehni\u010dkih baklji u SAD-u<\/p>\n<p><strong>Opis:<\/strong><\/p>\n<p>Ispunjavaju\u0107i zahtjeve RTCM 13200.00, plutaju\u0107a elektroni\u010dka brodska raketa EDF2 klasificirana je kao elektroni\u010dki vizualni signalni ure\u0111aj za pomo\u0107 (eVDSD) i koristi SOS signalizaciju za pomo\u0107 u vi\u0161e boja kako bi proizvela ve\u0107u svjetlinu sa znatno boljom distribucijom svjetla. Kori\u0161tenje crveno-naran\u010dastih i cijan LED dioda omogu\u0107uje pobolj\u0161anu vidljivost na vodi, dok dodavanje infracrvene (IR) komponente dovodi do jo\u0161 ve\u0107e vidljivosti kada se oprema za no\u0107no gledanje koristi za potragu i spa\u0161avanje. <\/p>\n<p>EDF2 olak\u0161ava spa\u0161avanje emitiranjem bljeska karakteristi\u010dnog za Me\u0111unarodni Morseov kod za SOS, gdje je prvo &#8220;S&#8221; predstavljeno s tri crveno-naran\u010dasta LED bljeska, zatim &#8220;O&#8221; koje je predstavljeno s tri cijan LED bljeska, i kona\u010dno &#8220;S&#8221; koje je predstavljeno s jo\u0161 tri crveno-naran\u010dasta LED bljeska. Istovremeno s vidljivim crveno-naran\u010dastim i cijan bljeskaju\u0107im LED diodama, IR komponenta bljeska istim SOS uzorkom koji je optimiziran za vidljivost putem nao\u010dala za no\u0107no gledanje (NVG). Mo\u017eda najimpresivnije, \u010dak i uz velik broj vidljivih i IR bljeskova koji se pojavljuju, visoku razinu proizvedenog intenziteta svjetlosti i zna\u010dajan raspon distribucije svjetlosti (Svjetlosni kut \u2265 180\u00b0) koji se posti\u017ee, EDF2 i dalje posti\u017ee impresivan radni vijek od najmanje tri sata (prema\u0161uju\u0107i RTCM zahtjeve za 50%).  <\/p>\n<p><strong>NAPOMENA: Prije postavljanja baterija, pomo\u0107u pri\u010dvr\u0161\u0107ene trake (koja se nalazi ispod \u010di\u010dka), pri\u010dvrstite gornji dio tijela za to\u010dku pri\u010dvr\u0161\u0107ivanja koja se nalazi na dnu odjeljka za baterije.<\/strong><\/p>\n<h4>\u0160to je uklju\u010deno<\/h4>\n<p>Tako\u0111er ispunjavaju\u0107i zahtjeve iz <a href=\"https:\/\/www.ecfr.gov\/current\/title-46\/chapter-I\/subchapter-Q\/part-161\/subpart-161.013?toc=1\">46 CFR 161.013<\/a> , elektroni\u010dka brodska signalna raketa EDF2 klasificirana je kao odobreni no\u0107ni vizualni signal za pomo\u0107. S obzirom na to da je zastava za pomo\u0107, koja ispunjava zahtjeve <a href=\"https:\/\/www.ecfr.gov\/current\/title-46\/chapter-I\/subchapter-Q\/part-160\/subpart-160.072\">46 CFR 160.072<\/a> , uklju\u010dena u paket sa svakim EDF2, korisnicima se tako\u0111er daje odobreni dnevni vizualni signal za pomo\u0107 (zahtjev za no\u0161enje odobrenih dnevnih i no\u0107nih vizualnih signala za pomo\u0107 mo\u017ee se prona\u0107i u 33 CFR dijelu 175). Isporu\u010dena zastava za pomo\u0107 pru\u017ea brojne mogu\u0107nosti signalizacije tijekom dana. Zastava se mo\u017ee vijoriti pri\u010dvr\u0161\u0107ivanjem na jarbol ili jednostavnim podizanjem na najvi\u0161u mogu\u0107u to\u010dku. Tako\u0111er se mo\u017ee izlo\u017eiti ru\u010dno, vezati za predmete poput udice za brod, vesla ili \u0161tapa za pecanje, a zatim mahati njima, ili se mo\u017ee polo\u017eiti ravno na palubu kako bi se privukli zrakoplovi. Zastava se treba koristiti samo kao dnevni signal i kada se ispravno isti\u010de, crni kvadrat treba biti iznad crnog kruga.<\/p>\n<p>Uz zastavu za pomo\u0107, uklju\u010den je i nosa\u010d i odgovaraju\u0107i hardver za monta\u017eu koji korisnicima omogu\u0107uje prikladnu monta\u017eu proizvoda na plovilo tako da je EDF2 uvijek dostupan kada je potrebno. Uzica od 1 metra tako\u0111er se mo\u017ee na\u0107i skrivena ispod crne \u010di\u010dak trake oko sredine tijela proizvoda. Ova u\u017ead se mo\u017ee koristiti za vezivanje EDF2 za osobu ili splav za spa\u0161avanje u hitnim situacijama.  <\/p>\n<h4>Zahtjevi za prijevoz<\/h4>\n<p>U SAD-u*, no\u0161enje brodske signalne rakete EDF2 i zastave za pogibelj zajedno omogu\u0107uje nauti\u010darima da se odreknu zahtjeva za tradicionalnim pirotehni\u010dkim signalnim raketama kada su na rekreacijskim plovilima do 65&#8242; duljine, plove na Velikim jezerima, unutar 12 milja od ameri\u010dkih voda ili na bilo kojem vodenom tijelu s prolazom do mora \u0161irokim najmanje dvije milje. Plovila manja od 16&#8242; ne moraju nositi dnevni vizualni signal opasnosti, ali i dalje moraju nositi no\u0107ni vizualni signal opasnosti, \u0161to EDF2 \u010dini vi\u0161e nego odr\u017eivom alternativom pirotehni\u010dkim bakljama i za plovila ove veli\u010dine. Napomena: U Kanadi se EDF2 mo\u017ee prevoziti na plovilu za razonodu umjesto pirotehni\u010dkih baklji (Pravila TP 13585 E) ako se nosi s odobrenim dimnim signalom (za uzbunu tijekom dana).  <\/p>\n<p>Uz dosljednu distribuciju svjetla u zna\u010dajnom rasponu** i vrijeme gorenja 15 puta du\u017ee od prosje\u010dnih pirotehni\u010dkih baklji***, EDF2 je o\u010dito &#8220;najsjajniji&#8221; izbor koji mo\u017eete napraviti.<\/p>\n<p>&nbsp;<\/p>\n<p>*Za odobrenja u drugim zemljama pogledajte zahtjeve primjenjivog nacionalnog tijela za referencu<\/p>\n<p>njihovo specifi\u010dno prihva\u0107anje eVDSD sastanka RTCM 13200,00<\/p>\n<p>**Svjetlosni kut \u2265 180\u00b0<\/p>\n<p>***Na temelju prijenosa 4 pirotehni\u010dke baklje s prosje\u010dnim vremenom gorenja od 3 minute svaka<\/p>\n<p>&nbsp;<\/p>\n<h4><strong>Zna\u010dajke i prednosti:<\/strong><\/h4>\n<ul>\n<li>Zadovoljava RTCM standard 13200.0 za eVDSD<\/li>\n<li>Elektroni\u010dka brodska raketa EDF2 i uklju\u010dena zastava za pogibelj, kada se nose zajedno, kvalificiraju se kao zamjena za no\u0161enje USCG pirotehni\u010dkih raketa (samo za SAD)<\/li>\n<li>Jaka svjetlost u svim smjerovima (360\u00b0 vidljivost i svjetlosni kut \u2265 180\u00b0)<\/li>\n<li>Automatski se uspravlja i pluta kada je u vodi (nije potreban uzgon\/plutaju\u0107i prsten)<\/li>\n<li>Vidljivo preko 8 milja<\/li>\n<li>Korisni\u010dki zamjenjive 123 litijske baterije (x8 &#8211; nisu uklju\u010dene)<\/li>\n<li>Maksimalni intenzitet svjetla&gt; 170 cd<\/li>\n<li>Prosje\u010dna efektivna ja\u010dina svjetla od 50 cd<\/li>\n<li>Radni vijek od 3 sata (pri minimalno 50 cd prosje\u010dnog efektivnog intenziteta svjetla) prema\u0161uje RTCM zahtjeve za 50%<\/li>\n<li>Izdr\u017eljiv dizajn: ispitan prema primjenjivim standardima za\u0161tite okoli\u0161a koji se odnose na suhu toplinu, vla\u017enu toplinu, niske temperature, toplinski \u0161ok, pad, vibracije, sun\u010devo zra\u010denje, ki\u0161u i prskanje, koroziju i EMC (prema IEC 60945)<\/li>\n<li>Vodootporan (IP67)<\/li>\n<li>Certificiran prema USCG 161.013 kao no\u0107ni vizualni signal opasnosti<\/li>\n<li>Uklju\u010duje zastavu za pogibelj (certificiranu prema USCG 160.072 kao dnevni vizualni signal za pogibelj), nosa\u010d za ugradnju i u\u017ee od 1 m (skriveno ispod \u010di\u010dak trake)<\/li>\n<\/ul>\n<p>&nbsp;<\/p>\n<h4><strong>Prednosti<\/strong> <strong>EDF2 elektroni\u010dke brodske Flare<\/strong> <strong>u odnosu na tradicionalne pirotehni\u010dke rakete:<\/strong><\/h4>\n<ul>\n<li>Nema roka valjanosti<\/li>\n<li>Prikladno za obitelj (bez goru\u0107eg plamena)<\/li>\n<li>Jednostavan za rukovanje (tako da \u010dak i va\u0161a djeca i po\u010detnici u plovidbi mogu njime upravljati u slu\u010daju nu\u017ede)<\/li>\n<li>Nema problema s postoje\u0107im strogim obveznim zahtjevima za odlaganje pirotehni\u010dkih baklji (zakonski se smatraju opasnim materijalima)<\/li>\n<li>Vodootporan i plutaju\u0107i<\/li>\n<li>Jednokratna kupnja (manji tro\u0161ak tijekom vijeka trajanja proizvoda)<\/li>\n<li>2 razli\u010dite metode signaliziranja u slu\u010daju opasnosti u jednom proizvodu \u2013 vi\u0161ebojni LED bljesak i infracrveni LED bljesak<\/li>\n<li>Mogu\u0107nost produljenja vijeka trajanja proizvoda u hitnim slu\u010dajevima zamjenom baterija<\/li>\n<\/ul>\n<p>&nbsp;<\/p>\n<p>Za informacije o dodatnim bitnim proizvodima za pomorsku sigurnost koji pobolj\u0161avaju va\u0161 prijevoz EDF2, pogledajte na\u0161 blog o <a href=\"https:\/\/oceansignal.com\/hr\/news\/strategije-za-sigurniju-sezonu-plovidbe-iz-ocean-signala\/\">strategijama za sigurniju sezonu plovidbe<\/a> .<\/p>\n","protected":false},"excerpt":{"rendered":"<p>EDF2: Vrhunska alternativa tradicionalnim pirotehni\u010dkim bakljama<\/p>\n<ul>\n<li>Dugotrajan i isplativ \u2013 bez roka valjanosti, jednokratna kupnja i litijske baterije koje korisnik mo\u017ee zamijeniti produ\u017euju radni vijek u hitnim slu\u010dajevima<\/li>\n<li>Sigurno i jednostavno za kori\u0161tenje \u2013 Bez plamena, pogodno za obitelj i jednostavno rukovanje za sve korisnike, uklju\u010duju\u0107i djecu i one koji prvi put plove.<\/li>\n<li>Vrhunska vidljivost \u2013 Jarko svjetlo od 360\u00b0, vidljivo preko 8 milja i prema\u0161uje zahtjeve RTCM radnog vijeka za 50%.<\/li>\n<li>Vodootporan i plutaju\u0107i \u2013 automatski se uspravlja i pluta bez plutaju\u0107eg prstena.<\/li>\n<li>Izdr\u017eljiv dizajn: ispitan prema primjenjivim standardima za\u0161tite okoli\u0161a koji se odnose na suhu toplinu, vla\u017enu toplinu, niske temperature, toplinski \u0161ok, pad, vibracije, sun\u010devo zra\u010denje, ki\u0161u i prskanje, koroziju i EMC (prema IEC 60945)<\/li>\n<\/ul>\n<p><a href=\"https:\/\/www.dropbox.com\/s\/0ezw0kexbm120vv\/Prop%2065%20-%20Lead%20and%20Lead%20Compounds.pdf?dl=0\">UPOZORENJE: PROP 65<\/a><\/p>\n","protected":false},"featured_media":38625,"template":"","meta":{"_acf_changed":false,"om_disable_all_campaigns":false},"product_brand":[],"product_cat":[1205,476],"product_tag":[1246,1207,1247],"class_list":{"0":"post-12826","1":"product","2":"type-product","3":"status-publish","4":"has-post-thumbnail","6":"product_cat-elektronicko-signaliziranje-i-signalna-flare-pomoc","7":"product_cat-rescueme-hr","8":"product_tag-edf2-hr","9":"product_tag-elektronska-signalna-flare","10":"product_tag-signalni-svjetionik","12":"first","13":"instock","14":"taxable","15":"shipping-taxable","16":"purchasable","17":"product-type-simple"},"acf":[],"yoast_head":"<!-- This site is optimized with the Yoast SEO Premium plugin v25.2 (Yoast SEO v26.4) - https:\/\/yoast.com\/wordpress\/plugins\/seo\/ -->\n<title>rescueME EDF2 Flare - Ocean Signal EDF2 elektroni\u010dka brodska Flare USCG RTCM odobreno | Ocean Signal<\/title>\n<meta name=\"description\" content=\"Ostanite sigurni uz Ocean Signal EDF2 elektroni\u010dku raketu za brod, mo\u0107nu elektroni\u010dku signalnu raketu za pomo\u0107 dizajniranu za optimalnu vidljivost i pouzdanost u hitnim situacijama. Kompaktan i izdr\u017eljiv, EDF2 je savr\u0161en izbor za nauti\u010dare koji tra\u017ee sigurniju, ekolo\u0161ki prihvatljiviju alternativu tradicionalnim bakljama.\" \/>\n<meta name=\"robots\" content=\"index, follow, max-snippet:-1, max-image-preview:large, max-video-preview:-1\" \/>\n<link rel=\"canonical\" href=\"https:\/\/oceansignal.com\/hr\/products\/rescueme-edf2-flare\/\" \/>\n<meta property=\"og:locale\" content=\"hr_HR\" \/>\n<meta property=\"og:type\" content=\"article\" \/>\n<meta property=\"og:title\" content=\"rescueME EDF2 Flare\" \/>\n<meta property=\"og:description\" content=\"Ostanite sigurni uz Ocean Signal EDF2 elektroni\u010dku raketu za brod, mo\u0107nu elektroni\u010dku signalnu raketu za pomo\u0107 dizajniranu za optimalnu vidljivost i pouzdanost u hitnim situacijama. Kompaktan i izdr\u017eljiv, EDF2 je savr\u0161en izbor za nauti\u010dare koji tra\u017ee sigurniju, ekolo\u0161ki prihvatljiviju alternativu tradicionalnim bakljama.\" \/>\n<meta property=\"og:url\" content=\"https:\/\/oceansignal.com\/hr\/products\/rescueme-edf2-flare\/\" \/>\n<meta property=\"og:site_name\" content=\"Ocean Signal\" \/>\n<meta property=\"article:modified_time\" content=\"2025-11-24T16:36:41+00:00\" \/>\n<meta property=\"og:image\" content=\"https:\/\/oceansignal.com\/wp-content\/uploads\/2025\/06\/EDF2-FRONT-e1752085297427.png\" \/>\n\t<meta property=\"og:image:width\" content=\"782\" \/>\n\t<meta property=\"og:image:height\" content=\"782\" \/>\n\t<meta property=\"og:image:type\" content=\"image\/png\" \/>\n<meta name=\"twitter:card\" content=\"summary_large_image\" \/>\n<meta name=\"twitter:label1\" content=\"Procijenjeno vrijeme \u010ditanja\" \/>\n\t<meta name=\"twitter:data1\" content=\"6 minuta\" \/>\n<script type=\"application\/ld+json\" class=\"yoast-schema-graph\">{\"@context\":\"https:\/\/schema.org\",\"@graph\":[{\"@type\":\"WebPage\",\"@id\":\"https:\/\/oceansignal.com\/hr\/products\/rescueme-edf2-flare\/\",\"url\":\"https:\/\/oceansignal.com\/hr\/products\/rescueme-edf2-flare\/\",\"name\":\"rescueME EDF2 Flare - Ocean Signal EDF2 elektroni\u010dka brodska Flare USCG RTCM odobreno | Ocean Signal\",\"isPartOf\":{\"@id\":\"https:\/\/oceansignal.com\/hr\/#website\"},\"primaryImageOfPage\":{\"@id\":\"https:\/\/oceansignal.com\/hr\/products\/rescueme-edf2-flare\/#primaryimage\"},\"image\":{\"@id\":\"https:\/\/oceansignal.com\/hr\/products\/rescueme-edf2-flare\/#primaryimage\"},\"thumbnailUrl\":\"https:\/\/oceansignal.com\/wp-content\/uploads\/2024\/10\/EDF2-FRONT_2025.png\",\"datePublished\":\"2024-10-30T20:20:15+00:00\",\"dateModified\":\"2025-11-24T16:36:41+00:00\",\"description\":\"Ostanite sigurni uz Ocean Signal EDF2 elektroni\u010dku raketu za brod, mo\u0107nu elektroni\u010dku signalnu raketu za pomo\u0107 dizajniranu za optimalnu vidljivost i pouzdanost u hitnim situacijama. Kompaktan i izdr\u017eljiv, EDF2 je savr\u0161en izbor za nauti\u010dare koji tra\u017ee sigurniju, ekolo\u0161ki prihvatljiviju alternativu tradicionalnim bakljama.\",\"breadcrumb\":{\"@id\":\"https:\/\/oceansignal.com\/hr\/products\/rescueme-edf2-flare\/#breadcrumb\"},\"inLanguage\":\"hr\",\"potentialAction\":[{\"@type\":\"ReadAction\",\"target\":[\"https:\/\/oceansignal.com\/hr\/products\/rescueme-edf2-flare\/\"]}]},{\"@type\":\"ImageObject\",\"inLanguage\":\"hr\",\"@id\":\"https:\/\/oceansignal.com\/hr\/products\/rescueme-edf2-flare\/#primaryimage\",\"url\":\"https:\/\/oceansignal.com\/wp-content\/uploads\/2024\/10\/EDF2-FRONT_2025.png\",\"contentUrl\":\"https:\/\/oceansignal.com\/wp-content\/uploads\/2024\/10\/EDF2-FRONT_2025.png\",\"width\":1000,\"height\":1000},{\"@type\":\"BreadcrumbList\",\"@id\":\"https:\/\/oceansignal.com\/hr\/products\/rescueme-edf2-flare\/#breadcrumb\",\"itemListElement\":[{\"@type\":\"ListItem\",\"position\":1,\"name\":\"Prera\u0111evina\",\"item\":\"https:\/\/oceansignal.com\/hr\/preradevina\/\"},{\"@type\":\"ListItem\",\"position\":2,\"name\":\"rescueME EDF2 Flare\"}]},{\"@type\":\"WebSite\",\"@id\":\"https:\/\/oceansignal.com\/hr\/#website\",\"url\":\"https:\/\/oceansignal.com\/hr\/\",\"name\":\"Ocean Signal\",\"description\":\"A leading manufacturer of EPIRBs, AIS, SARTs, Personal Locator Beacons, Man Overboard Beacon for the Marine and Outdoor Markets.\",\"potentialAction\":[{\"@type\":\"SearchAction\",\"target\":{\"@type\":\"EntryPoint\",\"urlTemplate\":\"https:\/\/oceansignal.com\/hr\/?s={search_term_string}\"},\"query-input\":{\"@type\":\"PropertyValueSpecification\",\"valueRequired\":true,\"valueName\":\"search_term_string\"}}],\"inLanguage\":\"hr\"}]}<\/script>\n<!-- \/ Yoast SEO Premium plugin. -->","yoast_head_json":{"title":"rescueME EDF2 Flare - Ocean Signal EDF2 elektroni\u010dka brodska Flare USCG RTCM odobreno | Ocean Signal","description":"Ostanite sigurni uz Ocean Signal EDF2 elektroni\u010dku raketu za brod, mo\u0107nu elektroni\u010dku signalnu raketu za pomo\u0107 dizajniranu za optimalnu vidljivost i pouzdanost u hitnim situacijama. Kompaktan i izdr\u017eljiv, EDF2 je savr\u0161en izbor za nauti\u010dare koji tra\u017ee sigurniju, ekolo\u0161ki prihvatljiviju alternativu tradicionalnim bakljama.","robots":{"index":"index","follow":"follow","max-snippet":"max-snippet:-1","max-image-preview":"max-image-preview:large","max-video-preview":"max-video-preview:-1"},"canonical":"https:\/\/oceansignal.com\/hr\/products\/rescueme-edf2-flare\/","og_locale":"hr_HR","og_type":"article","og_title":"rescueME EDF2 Flare","og_description":"Ostanite sigurni uz Ocean Signal EDF2 elektroni\u010dku raketu za brod, mo\u0107nu elektroni\u010dku signalnu raketu za pomo\u0107 dizajniranu za optimalnu vidljivost i pouzdanost u hitnim situacijama. Kompaktan i izdr\u017eljiv, EDF2 je savr\u0161en izbor za nauti\u010dare koji tra\u017ee sigurniju, ekolo\u0161ki prihvatljiviju alternativu tradicionalnim bakljama.","og_url":"https:\/\/oceansignal.com\/hr\/products\/rescueme-edf2-flare\/","og_site_name":"Ocean Signal","article_modified_time":"2025-11-24T16:36:41+00:00","og_image":[{"width":782,"height":782,"url":"https:\/\/oceansignal.com\/wp-content\/uploads\/2025\/06\/EDF2-FRONT-e1752085297427.png","type":"image\/png"}],"twitter_card":"summary_large_image","twitter_misc":{"Procijenjeno vrijeme \u010ditanja":"6 minuta"},"schema":{"@context":"https:\/\/schema.org","@graph":[{"@type":"WebPage","@id":"https:\/\/oceansignal.com\/hr\/products\/rescueme-edf2-flare\/","url":"https:\/\/oceansignal.com\/hr\/products\/rescueme-edf2-flare\/","name":"rescueME EDF2 Flare - Ocean Signal EDF2 elektroni\u010dka brodska Flare USCG RTCM odobreno | Ocean Signal","isPartOf":{"@id":"https:\/\/oceansignal.com\/hr\/#website"},"primaryImageOfPage":{"@id":"https:\/\/oceansignal.com\/hr\/products\/rescueme-edf2-flare\/#primaryimage"},"image":{"@id":"https:\/\/oceansignal.com\/hr\/products\/rescueme-edf2-flare\/#primaryimage"},"thumbnailUrl":"https:\/\/oceansignal.com\/wp-content\/uploads\/2024\/10\/EDF2-FRONT_2025.png","datePublished":"2024-10-30T20:20:15+00:00","dateModified":"2025-11-24T16:36:41+00:00","description":"Ostanite sigurni uz Ocean Signal EDF2 elektroni\u010dku raketu za brod, mo\u0107nu elektroni\u010dku signalnu raketu za pomo\u0107 dizajniranu za optimalnu vidljivost i pouzdanost u hitnim situacijama. Kompaktan i izdr\u017eljiv, EDF2 je savr\u0161en izbor za nauti\u010dare koji tra\u017ee sigurniju, ekolo\u0161ki prihvatljiviju alternativu tradicionalnim bakljama.","breadcrumb":{"@id":"https:\/\/oceansignal.com\/hr\/products\/rescueme-edf2-flare\/#breadcrumb"},"inLanguage":"hr","potentialAction":[{"@type":"ReadAction","target":["https:\/\/oceansignal.com\/hr\/products\/rescueme-edf2-flare\/"]}]},{"@type":"ImageObject","inLanguage":"hr","@id":"https:\/\/oceansignal.com\/hr\/products\/rescueme-edf2-flare\/#primaryimage","url":"https:\/\/oceansignal.com\/wp-content\/uploads\/2024\/10\/EDF2-FRONT_2025.png","contentUrl":"https:\/\/oceansignal.com\/wp-content\/uploads\/2024\/10\/EDF2-FRONT_2025.png","width":1000,"height":1000},{"@type":"BreadcrumbList","@id":"https:\/\/oceansignal.com\/hr\/products\/rescueme-edf2-flare\/#breadcrumb","itemListElement":[{"@type":"ListItem","position":1,"name":"Prera\u0111evina","item":"https:\/\/oceansignal.com\/hr\/preradevina\/"},{"@type":"ListItem","position":2,"name":"rescueME EDF2 Flare"}]},{"@type":"WebSite","@id":"https:\/\/oceansignal.com\/hr\/#website","url":"https:\/\/oceansignal.com\/hr\/","name":"Ocean Signal","description":"A leading manufacturer of EPIRBs, AIS, SARTs, Personal Locator Beacons, Man Overboard Beacon for the Marine and Outdoor Markets.","potentialAction":[{"@type":"SearchAction","target":{"@type":"EntryPoint","urlTemplate":"https:\/\/oceansignal.com\/hr\/?s={search_term_string}"},"query-input":{"@type":"PropertyValueSpecification","valueRequired":true,"valueName":"search_term_string"}}],"inLanguage":"hr"}]}},"_links":{"self":[{"href":"https:\/\/oceansignal.com\/hr\/wp-json\/wp\/v2\/product\/12826","targetHints":{"allow":["GET"]}}],"collection":[{"href":"https:\/\/oceansignal.com\/hr\/wp-json\/wp\/v2\/product"}],"about":[{"href":"https:\/\/oceansignal.com\/hr\/wp-json\/wp\/v2\/types\/product"}],"wp:featuredmedia":[{"embeddable":true,"href":"https:\/\/oceansignal.com\/hr\/wp-json\/wp\/v2\/media\/38625"}],"wp:attachment":[{"href":"https:\/\/oceansignal.com\/hr\/wp-json\/wp\/v2\/media?parent=12826"}],"wp:term":[{"taxonomy":"product_brand","embeddable":true,"href":"https:\/\/oceansignal.com\/hr\/wp-json\/wp\/v2\/product_brand?post=12826"},{"taxonomy":"product_cat","embeddable":true,"href":"https:\/\/oceansignal.com\/hr\/wp-json\/wp\/v2\/product_cat?post=12826"},{"taxonomy":"product_tag","embeddable":true,"href":"https:\/\/oceansignal.com\/hr\/wp-json\/wp\/v2\/product_tag?post=12826"}],"curies":[{"name":"wp","href":"https:\/\/api.w.org\/{rel}","templated":true}]}}