{"id":28562,"date":"2025-05-22T10:05:48","date_gmt":"2025-05-22T10:05:48","guid":{"rendered":"https:\/\/oceansignal.com\/?post_type=product&#038;p=28562"},"modified":"2025-07-24T15:19:06","modified_gmt":"2025-07-24T15:19:06","slug":"ocean-signal-grab-bag-2","status":"publish","type":"product","link":"https:\/\/oceansignal.com\/hr\/products\/ocean-signal-grab-bag-2\/","title":{"rendered":"Ocean Signal Grab Bag"},"content":{"rendered":"<h3 data-start=\"3285\" data-end=\"3337\"><strong data-start=\"3292\" data-end=\"3337\"><img loading=\"lazy\" decoding=\"async\" class=\"alignnone size-full wp-image-32359\" src=\"https:\/\/oceansignal.com\/wp-content\/uploads\/2025\/07\/View-New-Safety-Kits.png\" alt=\"\" width=\"300\" height=\"75\" srcset=\"https:\/\/oceansignal.com\/wp-content\/uploads\/2025\/07\/View-New-Safety-Kits.png 300w, https:\/\/oceansignal.com\/wp-content\/uploads\/2025\/07\/View-New-Safety-Kits-60x15.png 60w, https:\/\/oceansignal.com\/wp-content\/uploads\/2025\/07\/View-New-Safety-Kits-110x28.png 110w\" sizes=\"auto, (max-width: 300px) 100vw, 300px\" \/><\/strong><\/h3>\n<p><b><span data-contrast=\"auto\">Torba za hvatanje Ocean Signal \u2013 Namijenjena za sigurnost na moru<\/span><\/b><span data-ccp-props=\"{}\"> <\/span><\/p>\n<p><span data-contrast=\"auto\">Kada se dogode hitne situacije na moru, svaka sekunda je va\u017ena. Torba Ocean Signal Grab Bag namjenski je izra\u0111ena kako bi vam pomogla da ostanete spremni i brzo reagirate, pru\u017eaju\u0107i vam sigurno i lako dostupno mjesto za pohranu va\u0161e bitne sigurnosne opreme. Bez obzira jeste li na obalnom kruzeru ili se kre\u0107ete prema moru, namjenska torba za hvatanje mo\u017ee biti razlika izme\u0111u panike i pripravnosti.  <\/span><span data-ccp-props=\"{}\"> <\/span><\/p>\n<p><span data-contrast=\"auto\">Dizajnirana u suradnji tima Ocean Signal Engineering i profesionalnog dizajnera mornara i torbi sa sjedi\u0161tem u Southamptonu u Velikoj Britaniji, torba Ocean Signal Grab Bag oblikovana je na temelju iskustva iz stvarnog svijeta. Dovoljno je kompaktna da se spremi u naju\u017ee prostore na brodu, ali dovoljno prostrana da nosi va\u0161u vitalnu opremu za hitne slu\u010dajeve &#8211; EPIRB-ove, PLB-ove, VHF radio stanice, signalne signale i jo\u0161 mnogo toga. <\/span><span data-ccp-props=\"{}\"> <\/span><\/p>\n<p><b><span data-contrast=\"auto\">Za\u0161to vam je potrebna Grab Bag:<\/span><\/b><br \/>\n<span data-contrast=\"auto\">U hitnim slu\u010dajevima &#8211; poput po\u017eara, poplave ili napu\u0161tanja &#8211; nemate vremena razmi\u0161ljati o tome \u0161to \u0107ete ponijeti. S pravilno opskrbljenom torbom za ponijeti, va\u0161e osnovne stvari su ve\u0107 spakirane i spremne. To je va\u0161a glavna pomo\u0107 kada sve krene po zlu.  <\/span><span data-ccp-props=\"{}\"> <\/span><\/p>\n<p><b><span data-contrast=\"auto\">Zna\u010dajkama:<\/span><\/b><span data-ccp-props=\"{}\"> <\/span><\/p>\n<ul>\n<li data-leveltext=\"\uf0b7\" data-font=\"Symbol\" data-listid=\"2\" data-list-defn-props=\"{\"335552541\":1,\"335559685\":720,\"335559991\":360,\"469769226\":\"Symbol\",\"469769242\":[8226],\"469777803\":\"left\",\"469777804\":\"\uf0b7\",\"469777815\":\"multilevel\"}\" data-aria-posinset=\"1\" data-aria-level=\"1\"><b><span data-contrast=\"auto\">Prostran glavni odjeljak<\/span><\/b> <span data-contrast=\"auto\">\u2013 s 9 litara unutarnjeg kapaciteta \u2013 veliki unutarnji prostor za osnovne stvari poput baklji, obroka hrane, PLB-a, prve pomo\u0107i i jo\u0161 mnogo toga.<\/span><span data-ccp-props=\"{}\"> <\/span><\/li>\n<\/ul>\n<ul>\n<li data-leveltext=\"\uf0b7\" data-font=\"Symbol\" data-listid=\"2\" data-list-defn-props=\"{\"335552541\":1,\"335559685\":720,\"335559991\":360,\"469769226\":\"Symbol\",\"469769242\":[8226],\"469777803\":\"left\",\"469777804\":\"\uf0b7\",\"469777815\":\"multilevel\"}\" data-aria-posinset=\"2\" data-aria-level=\"1\"><b><span data-contrast=\"auto\">Unutarnja \u0161ina za pri\u010dvr\u0161\u0107ivanje \u2013<\/span><\/b> <span data-contrast=\"auto\">omogu\u0107uje pri\u010dvr\u0161\u0107ivanje klju\u010dnih predmeta pomo\u0107u trake ili karabina,<\/span> <span data-ccp-props=\"{}\"> <\/span><\/li>\n<\/ul>\n<ul>\n<li data-leveltext=\"\uf0b7\" data-font=\"Symbol\" data-listid=\"2\" data-list-defn-props=\"{\"335552541\":1,\"335559685\":720,\"335559991\":360,\"469769226\":\"Symbol\",\"469769242\":[8226],\"469777803\":\"left\",\"469777804\":\"\uf0b7\",\"469777815\":\"multilevel\"}\" data-aria-posinset=\"3\" data-aria-level=\"1\"><b><span data-contrast=\"auto\">2 vanjska d\u017eepa<\/span><\/b> <span data-contrast=\"auto\">\u2013 dizajnirana za sigurno prihva\u0107anje EPIRB ili VHF radija bilo koje veli\u010dine<\/span><span data-ccp-props=\"{}\"> <\/span><\/li>\n<\/ul>\n<ul>\n<li data-leveltext=\"\uf0b7\" data-font=\"Symbol\" data-listid=\"2\" data-list-defn-props=\"{\"335552541\":1,\"335559685\":720,\"335559991\":360,\"469769226\":\"Symbol\",\"469769242\":[8226],\"469777803\":\"left\",\"469777804\":\"\uf0b7\",\"469777815\":\"multilevel\"}\" data-aria-posinset=\"4\" data-aria-level=\"1\"><b><span data-contrast=\"auto\">Kompaktne i prakti\u010dne dimenzije<\/span><\/b> <span data-contrast=\"auto\">\u2013 \u016042 cm x V29 cm x D17 cm kada je zatvoreno; lako stane u male ormari\u0107e i ispod sjedala.<\/span><span data-ccp-props=\"{}\"> <\/span><\/li>\n<\/ul>\n<ul>\n<li data-leveltext=\"\uf0b7\" data-font=\"Symbol\" data-listid=\"2\" data-list-defn-props=\"{\"335552541\":1,\"335559685\":720,\"335559991\":360,\"469769226\":\"Symbol\",\"469769242\":[8226],\"469777803\":\"left\",\"469777804\":\"\uf0b7\",\"469777815\":\"multilevel\"}\" data-aria-posinset=\"5\" data-aria-level=\"1\"><b><span data-contrast=\"auto\">Vodootporan i lagan<\/span><\/b> <span data-contrast=\"auto\">\u2013 Napravljen za pre\u017eivljavanje te\u0161kih morskih uvjeta i jednostavan za no\u0161enje do splavi za spa\u0161avanje.<\/span><\/li>\n<\/ul>\n<ul>\n<li data-leveltext=\"\uf0b7\" data-font=\"Symbol\" data-listid=\"2\" data-list-defn-props=\"{\"335552541\":1,\"335559685\":720,\"335559991\":360,\"469769226\":\"Symbol\",\"469769242\":[8226],\"469777803\":\"left\",\"469777804\":\"\uf0b7\",\"469777815\":\"multilevel\"}\" data-aria-posinset=\"6\" data-aria-level=\"1\"><b><span data-contrast=\"auto\">Svijetla vanj\u0161tina koja se lako \u010disti brisanjem<\/span><\/b> <span data-contrast=\"auto\">\u2013 Visoko vidljivi materijal otporan je na plijesan i jednostavan za \u010di\u0161\u0107enje.<\/span><span data-ccp-props=\"{}\"> <\/span><\/li>\n<\/ul>\n<ul>\n<li data-leveltext=\"\uf0b7\" data-font=\"Symbol\" data-listid=\"2\" data-list-defn-props=\"{\"335552541\":1,\"335559685\":720,\"335559991\":360,\"469769226\":\"Symbol\",\"469769242\":[8226],\"469777803\":\"left\",\"469777804\":\"\uf0b7\",\"469777815\":\"multilevel\"}\" data-aria-posinset=\"7\" data-aria-level=\"1\"><b><span data-contrast=\"auto\">SOLAS-odobrena reflektiraju\u0107a traka<\/span><\/b> <span data-contrast=\"auto\">\u2013 Pobolj\u0161ava vidljivost u uvjetima slabog osvjetljenja ili u scenarijima spa\u0161avanja.<\/span><span data-ccp-props=\"{}\"> <\/span><\/li>\n<\/ul>\n<ul>\n<li data-leveltext=\"\uf0b7\" data-font=\"Symbol\" data-listid=\"2\" data-list-defn-props=\"{\"335552541\":1,\"335559685\":720,\"335559991\":360,\"469769226\":\"Symbol\",\"469769242\":[8226],\"469777803\":\"left\",\"469777804\":\"\uf0b7\",\"469777815\":\"multilevel\"}\" data-aria-posinset=\"8\" data-aria-level=\"1\"><b><span data-contrast=\"auto\">Plutaju\u0107a konstrukcija<\/span><\/b> <span data-contrast=\"auto\">\u2013 Odr\u017eava opremu na povr\u0161ini ako padne ili se potopi.<\/span><span data-ccp-props=\"{}\"> <\/span><\/li>\n<\/ul>\n<ul>\n<li data-leveltext=\"\uf0b7\" data-font=\"Symbol\" data-listid=\"2\" data-list-defn-props=\"{\"335552541\":1,\"335559685\":720,\"335559991\":360,\"469769226\":\"Symbol\",\"469769242\":[8226],\"469777803\":\"left\",\"469777804\":\"\uf0b7\",\"469777815\":\"multilevel\"}\" data-aria-posinset=\"9\" data-aria-level=\"1\"><b><span data-contrast=\"auto\">Odvojivi, podesivi remen za rame<\/span><\/b> <span data-contrast=\"auto\">\u2013 Za brzo i prakti\u010dno no\u0161enje.<\/span><span data-ccp-props=\"{}\"> <\/span><\/li>\n<\/ul>\n<ul>\n<li data-leveltext=\"\uf0b7\" data-font=\"Symbol\" data-listid=\"2\" data-list-defn-props=\"{\"335552541\":1,\"335559685\":720,\"335559991\":360,\"469769226\":\"Symbol\",\"469769242\":[8226],\"469777803\":\"left\",\"469777804\":\"\uf0b7\",\"469777815\":\"multilevel\"}\" data-aria-posinset=\"10\" data-aria-level=\"1\"><b><span data-contrast=\"auto\">Veliki prostori za ime\/pozivni znak\/MMSI ime na stra\u017enjoj strani<\/span><\/b><span data-ccp-props=\"{}\"> <\/span><\/li>\n<\/ul>\n","protected":false},"excerpt":{"rendered":"<p>Dizajnirana u suradnji s profesionalnim jedrili\u010darima, torba Ocean Signal Grab Bag va\u0161e je osnovno rje\u0161enje za pohranu opreme za hitne slu\u010dajeve. Kompaktna, a opet prostrana, nudi 9 l unutarnjeg kapaciteta s dva velika vanjska d\u017eepa za EPIRB-ove i VHF-ove. Izra\u0111ena da bude vodootporna, plutaju\u0107a, lako se \u010disti i jednostavna za brzo hvatanje, ima reflektiraju\u0107u traku odobrenu od strane SOLAS-a, unutarnje to\u010dke za pri\u010dvr\u0161\u0107ivanje i veliku stra\u017enju plo\u010du za detalje va\u0161eg plovila.  <\/p>\n","protected":false},"featured_media":31553,"template":"","meta":{"_acf_changed":false,"om_disable_all_campaigns":false},"product_brand":[],"product_cat":[476,1652],"product_tag":[1704,1654],"class_list":{"0":"post-28562","1":"product","2":"type-product","3":"status-publish","4":"has-post-thumbnail","6":"product_cat-rescueme-hr","7":"product_cat-sigurnosni-setovi","8":"product_tag-ditch-bag-hr","9":"product_tag-vreca-za-grabljenje","11":"first","12":"outofstock","13":"taxable","14":"shipping-taxable","15":"purchasable","16":"product-type-simple"},"acf":[],"yoast_head":"<!-- This site is optimized with the Yoast SEO Premium plugin v25.2 (Yoast SEO v26.4) - https:\/\/yoast.com\/wordpress\/plugins\/seo\/ -->\n<title>Ocean Signal Grab Bag - Ocean Signal<\/title>\n<meta name=\"robots\" content=\"index, follow, max-snippet:-1, max-image-preview:large, max-video-preview:-1\" \/>\n<link rel=\"canonical\" href=\"https:\/\/oceansignal.com\/hr\/products\/ocean-signal-grab-bag-2\/\" \/>\n<meta property=\"og:locale\" content=\"hr_HR\" \/>\n<meta property=\"og:type\" content=\"article\" \/>\n<meta property=\"og:title\" content=\"Ocean Signal Grab Bag\" \/>\n<meta property=\"og:description\" content=\"Dizajnirana u suradnji s profesionalnim jedrili\u010darima, torba Ocean Signal Grab Bag va\u0161e je osnovno rje\u0161enje za pohranu opreme za hitne slu\u010dajeve. Kompaktna, a opet prostrana, nudi 9 l unutarnjeg kapaciteta s dva velika vanjska d\u017eepa za EPIRB-ove i VHF-ove. Izra\u0111ena da bude vodootporna, plutaju\u0107a, lako se \u010disti i jednostavna za brzo hvatanje, ima reflektiraju\u0107u traku odobrenu od strane SOLAS-a, unutarnje to\u010dke za pri\u010dvr\u0161\u0107ivanje i veliku stra\u017enju plo\u010du za detalje va\u0161eg plovila.\" \/>\n<meta property=\"og:url\" content=\"https:\/\/oceansignal.com\/hr\/products\/ocean-signal-grab-bag-2\/\" \/>\n<meta property=\"og:site_name\" content=\"Ocean Signal\" \/>\n<meta property=\"article:modified_time\" content=\"2025-07-24T15:19:06+00:00\" \/>\n<meta property=\"og:image\" content=\"https:\/\/oceansignal.com\/wp-content\/uploads\/2025\/06\/Grab_Bag-copy.jpg\" \/>\n\t<meta property=\"og:image:width\" content=\"1120\" \/>\n\t<meta property=\"og:image:height\" content=\"756\" \/>\n\t<meta property=\"og:image:type\" content=\"image\/jpeg\" \/>\n<meta name=\"twitter:card\" content=\"summary_large_image\" \/>\n<meta name=\"twitter:label1\" content=\"Procijenjeno vrijeme \u010ditanja\" \/>\n\t<meta name=\"twitter:data1\" content=\"2 minute\" \/>\n<script type=\"application\/ld+json\" class=\"yoast-schema-graph\">{\"@context\":\"https:\/\/schema.org\",\"@graph\":[{\"@type\":\"WebPage\",\"@id\":\"https:\/\/oceansignal.com\/hr\/products\/ocean-signal-grab-bag-2\/\",\"url\":\"https:\/\/oceansignal.com\/hr\/products\/ocean-signal-grab-bag-2\/\",\"name\":\"Ocean Signal Grab Bag - Ocean Signal\",\"isPartOf\":{\"@id\":\"https:\/\/oceansignal.com\/hr\/#website\"},\"primaryImageOfPage\":{\"@id\":\"https:\/\/oceansignal.com\/hr\/products\/ocean-signal-grab-bag-2\/#primaryimage\"},\"image\":{\"@id\":\"https:\/\/oceansignal.com\/hr\/products\/ocean-signal-grab-bag-2\/#primaryimage\"},\"thumbnailUrl\":\"https:\/\/oceansignal.com\/wp-content\/uploads\/2025\/06\/Grab_Bag-copy.jpg\",\"datePublished\":\"2025-05-22T10:05:48+00:00\",\"dateModified\":\"2025-07-24T15:19:06+00:00\",\"breadcrumb\":{\"@id\":\"https:\/\/oceansignal.com\/hr\/products\/ocean-signal-grab-bag-2\/#breadcrumb\"},\"inLanguage\":\"hr\",\"potentialAction\":[{\"@type\":\"ReadAction\",\"target\":[\"https:\/\/oceansignal.com\/hr\/products\/ocean-signal-grab-bag-2\/\"]}]},{\"@type\":\"ImageObject\",\"inLanguage\":\"hr\",\"@id\":\"https:\/\/oceansignal.com\/hr\/products\/ocean-signal-grab-bag-2\/#primaryimage\",\"url\":\"https:\/\/oceansignal.com\/wp-content\/uploads\/2025\/06\/Grab_Bag-copy.jpg\",\"contentUrl\":\"https:\/\/oceansignal.com\/wp-content\/uploads\/2025\/06\/Grab_Bag-copy.jpg\",\"width\":1120,\"height\":756},{\"@type\":\"BreadcrumbList\",\"@id\":\"https:\/\/oceansignal.com\/hr\/products\/ocean-signal-grab-bag-2\/#breadcrumb\",\"itemListElement\":[{\"@type\":\"ListItem\",\"position\":1,\"name\":\"Prera\u0111evina\",\"item\":\"https:\/\/oceansignal.com\/hr\/preradevina\/\"},{\"@type\":\"ListItem\",\"position\":2,\"name\":\"Ocean Signal Grab Bag\"}]},{\"@type\":\"WebSite\",\"@id\":\"https:\/\/oceansignal.com\/hr\/#website\",\"url\":\"https:\/\/oceansignal.com\/hr\/\",\"name\":\"Ocean Signal\",\"description\":\"A leading manufacturer of EPIRBs, AIS, SARTs, Personal Locator Beacons, Man Overboard Beacon for the Marine and Outdoor Markets.\",\"potentialAction\":[{\"@type\":\"SearchAction\",\"target\":{\"@type\":\"EntryPoint\",\"urlTemplate\":\"https:\/\/oceansignal.com\/hr\/?s={search_term_string}\"},\"query-input\":{\"@type\":\"PropertyValueSpecification\",\"valueRequired\":true,\"valueName\":\"search_term_string\"}}],\"inLanguage\":\"hr\"}]}<\/script>\n<!-- \/ Yoast SEO Premium plugin. -->","yoast_head_json":{"title":"Ocean Signal Grab Bag - Ocean Signal","robots":{"index":"index","follow":"follow","max-snippet":"max-snippet:-1","max-image-preview":"max-image-preview:large","max-video-preview":"max-video-preview:-1"},"canonical":"https:\/\/oceansignal.com\/hr\/products\/ocean-signal-grab-bag-2\/","og_locale":"hr_HR","og_type":"article","og_title":"Ocean Signal Grab Bag","og_description":"Dizajnirana u suradnji s profesionalnim jedrili\u010darima, torba Ocean Signal Grab Bag va\u0161e je osnovno rje\u0161enje za pohranu opreme za hitne slu\u010dajeve. Kompaktna, a opet prostrana, nudi 9 l unutarnjeg kapaciteta s dva velika vanjska d\u017eepa za EPIRB-ove i VHF-ove. Izra\u0111ena da bude vodootporna, plutaju\u0107a, lako se \u010disti i jednostavna za brzo hvatanje, ima reflektiraju\u0107u traku odobrenu od strane SOLAS-a, unutarnje to\u010dke za pri\u010dvr\u0161\u0107ivanje i veliku stra\u017enju plo\u010du za detalje va\u0161eg plovila.","og_url":"https:\/\/oceansignal.com\/hr\/products\/ocean-signal-grab-bag-2\/","og_site_name":"Ocean Signal","article_modified_time":"2025-07-24T15:19:06+00:00","og_image":[{"width":1120,"height":756,"url":"https:\/\/oceansignal.com\/wp-content\/uploads\/2025\/06\/Grab_Bag-copy.jpg","type":"image\/jpeg"}],"twitter_card":"summary_large_image","twitter_misc":{"Procijenjeno vrijeme \u010ditanja":"2 minute"},"schema":{"@context":"https:\/\/schema.org","@graph":[{"@type":"WebPage","@id":"https:\/\/oceansignal.com\/hr\/products\/ocean-signal-grab-bag-2\/","url":"https:\/\/oceansignal.com\/hr\/products\/ocean-signal-grab-bag-2\/","name":"Ocean Signal Grab Bag - Ocean Signal","isPartOf":{"@id":"https:\/\/oceansignal.com\/hr\/#website"},"primaryImageOfPage":{"@id":"https:\/\/oceansignal.com\/hr\/products\/ocean-signal-grab-bag-2\/#primaryimage"},"image":{"@id":"https:\/\/oceansignal.com\/hr\/products\/ocean-signal-grab-bag-2\/#primaryimage"},"thumbnailUrl":"https:\/\/oceansignal.com\/wp-content\/uploads\/2025\/06\/Grab_Bag-copy.jpg","datePublished":"2025-05-22T10:05:48+00:00","dateModified":"2025-07-24T15:19:06+00:00","breadcrumb":{"@id":"https:\/\/oceansignal.com\/hr\/products\/ocean-signal-grab-bag-2\/#breadcrumb"},"inLanguage":"hr","potentialAction":[{"@type":"ReadAction","target":["https:\/\/oceansignal.com\/hr\/products\/ocean-signal-grab-bag-2\/"]}]},{"@type":"ImageObject","inLanguage":"hr","@id":"https:\/\/oceansignal.com\/hr\/products\/ocean-signal-grab-bag-2\/#primaryimage","url":"https:\/\/oceansignal.com\/wp-content\/uploads\/2025\/06\/Grab_Bag-copy.jpg","contentUrl":"https:\/\/oceansignal.com\/wp-content\/uploads\/2025\/06\/Grab_Bag-copy.jpg","width":1120,"height":756},{"@type":"BreadcrumbList","@id":"https:\/\/oceansignal.com\/hr\/products\/ocean-signal-grab-bag-2\/#breadcrumb","itemListElement":[{"@type":"ListItem","position":1,"name":"Prera\u0111evina","item":"https:\/\/oceansignal.com\/hr\/preradevina\/"},{"@type":"ListItem","position":2,"name":"Ocean Signal Grab Bag"}]},{"@type":"WebSite","@id":"https:\/\/oceansignal.com\/hr\/#website","url":"https:\/\/oceansignal.com\/hr\/","name":"Ocean Signal","description":"A leading manufacturer of EPIRBs, AIS, SARTs, Personal Locator Beacons, Man Overboard Beacon for the Marine and Outdoor Markets.","potentialAction":[{"@type":"SearchAction","target":{"@type":"EntryPoint","urlTemplate":"https:\/\/oceansignal.com\/hr\/?s={search_term_string}"},"query-input":{"@type":"PropertyValueSpecification","valueRequired":true,"valueName":"search_term_string"}}],"inLanguage":"hr"}]}},"_links":{"self":[{"href":"https:\/\/oceansignal.com\/hr\/wp-json\/wp\/v2\/product\/28562","targetHints":{"allow":["GET"]}}],"collection":[{"href":"https:\/\/oceansignal.com\/hr\/wp-json\/wp\/v2\/product"}],"about":[{"href":"https:\/\/oceansignal.com\/hr\/wp-json\/wp\/v2\/types\/product"}],"wp:featuredmedia":[{"embeddable":true,"href":"https:\/\/oceansignal.com\/hr\/wp-json\/wp\/v2\/media\/31553"}],"wp:attachment":[{"href":"https:\/\/oceansignal.com\/hr\/wp-json\/wp\/v2\/media?parent=28562"}],"wp:term":[{"taxonomy":"product_brand","embeddable":true,"href":"https:\/\/oceansignal.com\/hr\/wp-json\/wp\/v2\/product_brand?post=28562"},{"taxonomy":"product_cat","embeddable":true,"href":"https:\/\/oceansignal.com\/hr\/wp-json\/wp\/v2\/product_cat?post=28562"},{"taxonomy":"product_tag","embeddable":true,"href":"https:\/\/oceansignal.com\/hr\/wp-json\/wp\/v2\/product_tag?post=28562"}],"curies":[{"name":"wp","href":"https:\/\/api.w.org\/{rel}","templated":true}]}}