{"id":29733,"date":"2025-11-12T22:31:39","date_gmt":"2025-11-12T22:31:39","guid":{"rendered":"https:\/\/oceansignal.com\/?post_type=product&#038;p=29733"},"modified":"2026-03-24T17:41:09","modified_gmt":"2026-03-24T17:41:09","slug":"ocean-signal-safesea-v200-vhf-radio","status":"publish","type":"product","link":"https:\/\/oceansignal.com\/hr\/products\/ocean-signal-safesea-v200-vhf-radio\/","title":{"rendered":"safeSEA V200 VHF radio"},"content":{"rendered":"<p>Dostupan u dva prakti\u010dna formata, kao isklju\u010divo GMDSS VHF radio za hitne slu\u010dajeve ili kao kompletan komplet za op\u0107u svakodnevnu upotrebu i\/ili za hitne slu\u010dajeve, Ocean Signal V200 slu\u017ei kao sveobuhvatno rje\u0161enje za sve va\u0161e potrebe pomorske komunikacije.<\/p>\n<p>GMDSS VHF radio za hitne slu\u010dajeve dolazi s primarnom litijevom baterijom koja uklju\u010duje naljepnicu s oznakom baterije tako da nikada nema sumnje je li primarna baterija kori\u0161tena ili ne. Nakon \u0161to se naljepnica ukloni, radio \u0107e se automatski uklju\u010diti kada se baterija spoji, a ure\u0111aj \u0107e tako\u0111er automatski u\u0107i u GMDSS na\u010din rada sa sljede\u0107im unaprijed postavljenim postavkama: kanal 16, razina glasno\u0107e 8 i \u0161um postavljen na 2. <\/p>\n<p>Potpuni komplet uklju\u010duje primarnu litijevu bateriju kako je opisano, a dolazi i s litij-ionskom punjivom baterijom i bazom za punjenje. Standardni pribor koji se isporu\u010duje i sa samostalnom GMDSS VHF opcijom za hitne slu\u010dajeve ili s opcijom punog kompleta uklju\u010duje fleksibilnu gumenu antenu, kop\u010du za remen i uzicu za zglob. <\/p>\n<p>Izra\u0111en s jednostavno\u0161\u0107u kori\u0161tenja kao prioritetom dizajna, V200 je prikladan za rad s rukavicama za pre\u017eivljavanje i ima lako \u010ditljiv digitalni zaslon. I zaslon i tipkovnica imaju pozadinsko osvjetljenje \u0161to olak\u0161ava rad u okru\u017eenjima sa slabim osvjetljenjem. V200 tako\u0111er uklju\u010duje NFC (komunikaciju bliskog polja), \u0161to omogu\u0107uje pristup datumu zamjene baterije i informacijama o proizvodu na mobilnom ure\u0111aju.  <\/p>\n<p>Izdr\u017eljiv dizajn V200 \u010dini ga prikladnim za sve pomorske primjene i idealnim izborom za obvezni i dobrovoljni prijevoz. Sa zna\u010dajnim iskustvom u tehnologiji pomorske sigurnosti i kontinuiranom predano\u0161\u0107u kvaliteti i inovacijama, V200 pru\u017ea neusporedive performanse koje pomorci diljem svijeta o\u010dekuju od svih Ocean Signal proizvoda. <\/p>\n<p>&nbsp;<\/p>\n","protected":false},"excerpt":{"rendered":"<p>Ocean Signal V200 Marine GMDSS VHF radio izgra\u0111en je imaju\u0107i na umu fleksibilnost, nude\u0107i korisnicima prakti\u010dne opcije za olak\u0161avanje komunikacije na moru bez obzira na okolnosti. Dizajniran kao GMDSS (Globalni pomorski sustav za pomo\u0107 u nevolji i sigurnost) proizvod, ovaj vodootporni VHF radio u potpunosti je certificiran u skladu s IMO i SOLAS propisima te besprijekorno pru\u017ea bitnu komunikacijsku podr\u0161ku u kriti\u010dnim situacijama i tijekom svakodnevnih rutinskih pomorskih operacija. <\/p>\n<p>&nbsp;<\/p>\n","protected":false},"featured_media":29735,"template":"","meta":{"_acf_changed":false,"om_disable_all_campaigns":false},"product_brand":[],"product_cat":[334],"product_tag":[],"class_list":{"0":"post-29733","1":"product","2":"type-product","3":"status-publish","4":"has-post-thumbnail","6":"product_cat-safesea-hr","8":"first","9":"instock","10":"taxable","11":"shipping-taxable","12":"product-type-simple"},"acf":[],"yoast_head":"<!-- This site is optimized with the Yoast SEO Premium plugin v25.2 (Yoast SEO v26.4) - https:\/\/yoast.com\/wordpress\/plugins\/seo\/ -->\n<title>Ocean Signal V200 GMDSS VHF radio za hitne slu\u010dajeve safeSEA V200 VHF radio - Ocean Signal<\/title>\n<meta name=\"description\" content=\"Ostanite sigurni na moru s Ocean Signal V200 GMDSS VHF radiom za hitne slu\u010dajeve. Dizajniran za hitne slu\u010dajeve i svakodnevnu pomorsku upotrebu, ima automatski GMDSS na\u010din rada, prilago\u0111en je radu s rukavicama i robusnu izdr\u017eljivost.\" \/>\n<meta name=\"robots\" content=\"index, follow, max-snippet:-1, max-image-preview:large, max-video-preview:-1\" \/>\n<link rel=\"canonical\" href=\"https:\/\/oceansignal.com\/hr\/products\/ocean-signal-safesea-v200-vhf-radio\/\" \/>\n<meta property=\"og:locale\" content=\"hr_HR\" \/>\n<meta property=\"og:type\" content=\"article\" \/>\n<meta property=\"og:title\" content=\"safeSEA V200 VHF radio\" \/>\n<meta property=\"og:description\" content=\"Ostanite sigurni na moru s Ocean Signal V200 GMDSS VHF radiom za hitne slu\u010dajeve. Dizajniran za hitne slu\u010dajeve i svakodnevnu pomorsku upotrebu, ima automatski GMDSS na\u010din rada, prilago\u0111en je radu s rukavicama i robusnu izdr\u017eljivost.\" \/>\n<meta property=\"og:url\" content=\"https:\/\/oceansignal.com\/hr\/products\/ocean-signal-safesea-v200-vhf-radio\/\" \/>\n<meta property=\"og:site_name\" content=\"Ocean Signal\" \/>\n<meta property=\"article:modified_time\" content=\"2026-03-24T17:41:09+00:00\" \/>\n<meta property=\"og:image\" content=\"https:\/\/oceansignal.com\/wp-content\/uploads\/2025\/06\/OSL-V200-Front-2.png\" \/>\n\t<meta property=\"og:image:width\" content=\"2000\" \/>\n\t<meta property=\"og:image:height\" content=\"2000\" \/>\n\t<meta property=\"og:image:type\" content=\"image\/png\" \/>\n<meta name=\"twitter:card\" content=\"summary_large_image\" \/>\n<meta name=\"twitter:label1\" content=\"Procijenjeno vrijeme \u010ditanja\" \/>\n\t<meta name=\"twitter:data1\" content=\"1 minuta\" \/>\n<script type=\"application\/ld+json\" class=\"yoast-schema-graph\">{\"@context\":\"https:\/\/schema.org\",\"@graph\":[{\"@type\":\"WebPage\",\"@id\":\"https:\/\/oceansignal.com\/hr\/products\/ocean-signal-safesea-v200-vhf-radio\/\",\"url\":\"https:\/\/oceansignal.com\/hr\/products\/ocean-signal-safesea-v200-vhf-radio\/\",\"name\":\"Ocean Signal V200 GMDSS VHF radio za hitne slu\u010dajeve safeSEA V200 VHF radio - Ocean Signal\",\"isPartOf\":{\"@id\":\"https:\/\/oceansignal.com\/hr\/#website\"},\"primaryImageOfPage\":{\"@id\":\"https:\/\/oceansignal.com\/hr\/products\/ocean-signal-safesea-v200-vhf-radio\/#primaryimage\"},\"image\":{\"@id\":\"https:\/\/oceansignal.com\/hr\/products\/ocean-signal-safesea-v200-vhf-radio\/#primaryimage\"},\"thumbnailUrl\":\"https:\/\/oceansignal.com\/wp-content\/uploads\/2025\/06\/OSL-V200-Front-2.png\",\"datePublished\":\"2025-11-12T22:31:39+00:00\",\"dateModified\":\"2026-03-24T17:41:09+00:00\",\"description\":\"Ostanite sigurni na moru s Ocean Signal V200 GMDSS VHF radiom za hitne slu\u010dajeve. Dizajniran za hitne slu\u010dajeve i svakodnevnu pomorsku upotrebu, ima automatski GMDSS na\u010din rada, prilago\u0111en je radu s rukavicama i robusnu izdr\u017eljivost.\",\"breadcrumb\":{\"@id\":\"https:\/\/oceansignal.com\/hr\/products\/ocean-signal-safesea-v200-vhf-radio\/#breadcrumb\"},\"inLanguage\":\"hr\",\"potentialAction\":[{\"@type\":\"ReadAction\",\"target\":[\"https:\/\/oceansignal.com\/hr\/products\/ocean-signal-safesea-v200-vhf-radio\/\"]}]},{\"@type\":\"ImageObject\",\"inLanguage\":\"hr\",\"@id\":\"https:\/\/oceansignal.com\/hr\/products\/ocean-signal-safesea-v200-vhf-radio\/#primaryimage\",\"url\":\"https:\/\/oceansignal.com\/wp-content\/uploads\/2025\/06\/OSL-V200-Front-2.png\",\"contentUrl\":\"https:\/\/oceansignal.com\/wp-content\/uploads\/2025\/06\/OSL-V200-Front-2.png\",\"width\":2000,\"height\":2000},{\"@type\":\"BreadcrumbList\",\"@id\":\"https:\/\/oceansignal.com\/hr\/products\/ocean-signal-safesea-v200-vhf-radio\/#breadcrumb\",\"itemListElement\":[{\"@type\":\"ListItem\",\"position\":1,\"name\":\"Prera\u0111evina\",\"item\":\"https:\/\/oceansignal.com\/hr\/preradevina\/\"},{\"@type\":\"ListItem\",\"position\":2,\"name\":\"safeSEA V200 VHF radio\"}]},{\"@type\":\"WebSite\",\"@id\":\"https:\/\/oceansignal.com\/hr\/#website\",\"url\":\"https:\/\/oceansignal.com\/hr\/\",\"name\":\"Ocean Signal\",\"description\":\"A leading manufacturer of EPIRBs, AIS, SARTs, Personal Locator Beacons, Man Overboard Beacon for the Marine and Outdoor Markets.\",\"potentialAction\":[{\"@type\":\"SearchAction\",\"target\":{\"@type\":\"EntryPoint\",\"urlTemplate\":\"https:\/\/oceansignal.com\/hr\/?s={search_term_string}\"},\"query-input\":{\"@type\":\"PropertyValueSpecification\",\"valueRequired\":true,\"valueName\":\"search_term_string\"}}],\"inLanguage\":\"hr\"}]}<\/script>\n<!-- \/ Yoast SEO Premium plugin. -->","yoast_head_json":{"title":"Ocean Signal V200 GMDSS VHF radio za hitne slu\u010dajeve safeSEA V200 VHF radio - Ocean Signal","description":"Ostanite sigurni na moru s Ocean Signal V200 GMDSS VHF radiom za hitne slu\u010dajeve. Dizajniran za hitne slu\u010dajeve i svakodnevnu pomorsku upotrebu, ima automatski GMDSS na\u010din rada, prilago\u0111en je radu s rukavicama i robusnu izdr\u017eljivost.","robots":{"index":"index","follow":"follow","max-snippet":"max-snippet:-1","max-image-preview":"max-image-preview:large","max-video-preview":"max-video-preview:-1"},"canonical":"https:\/\/oceansignal.com\/hr\/products\/ocean-signal-safesea-v200-vhf-radio\/","og_locale":"hr_HR","og_type":"article","og_title":"safeSEA V200 VHF radio","og_description":"Ostanite sigurni na moru s Ocean Signal V200 GMDSS VHF radiom za hitne slu\u010dajeve. Dizajniran za hitne slu\u010dajeve i svakodnevnu pomorsku upotrebu, ima automatski GMDSS na\u010din rada, prilago\u0111en je radu s rukavicama i robusnu izdr\u017eljivost.","og_url":"https:\/\/oceansignal.com\/hr\/products\/ocean-signal-safesea-v200-vhf-radio\/","og_site_name":"Ocean Signal","article_modified_time":"2026-03-24T17:41:09+00:00","og_image":[{"width":2000,"height":2000,"url":"https:\/\/oceansignal.com\/wp-content\/uploads\/2025\/06\/OSL-V200-Front-2.png","type":"image\/png"}],"twitter_card":"summary_large_image","twitter_misc":{"Procijenjeno vrijeme \u010ditanja":"1 minuta"},"schema":{"@context":"https:\/\/schema.org","@graph":[{"@type":"WebPage","@id":"https:\/\/oceansignal.com\/hr\/products\/ocean-signal-safesea-v200-vhf-radio\/","url":"https:\/\/oceansignal.com\/hr\/products\/ocean-signal-safesea-v200-vhf-radio\/","name":"Ocean Signal V200 GMDSS VHF radio za hitne slu\u010dajeve safeSEA V200 VHF radio - Ocean Signal","isPartOf":{"@id":"https:\/\/oceansignal.com\/hr\/#website"},"primaryImageOfPage":{"@id":"https:\/\/oceansignal.com\/hr\/products\/ocean-signal-safesea-v200-vhf-radio\/#primaryimage"},"image":{"@id":"https:\/\/oceansignal.com\/hr\/products\/ocean-signal-safesea-v200-vhf-radio\/#primaryimage"},"thumbnailUrl":"https:\/\/oceansignal.com\/wp-content\/uploads\/2025\/06\/OSL-V200-Front-2.png","datePublished":"2025-11-12T22:31:39+00:00","dateModified":"2026-03-24T17:41:09+00:00","description":"Ostanite sigurni na moru s Ocean Signal V200 GMDSS VHF radiom za hitne slu\u010dajeve. Dizajniran za hitne slu\u010dajeve i svakodnevnu pomorsku upotrebu, ima automatski GMDSS na\u010din rada, prilago\u0111en je radu s rukavicama i robusnu izdr\u017eljivost.","breadcrumb":{"@id":"https:\/\/oceansignal.com\/hr\/products\/ocean-signal-safesea-v200-vhf-radio\/#breadcrumb"},"inLanguage":"hr","potentialAction":[{"@type":"ReadAction","target":["https:\/\/oceansignal.com\/hr\/products\/ocean-signal-safesea-v200-vhf-radio\/"]}]},{"@type":"ImageObject","inLanguage":"hr","@id":"https:\/\/oceansignal.com\/hr\/products\/ocean-signal-safesea-v200-vhf-radio\/#primaryimage","url":"https:\/\/oceansignal.com\/wp-content\/uploads\/2025\/06\/OSL-V200-Front-2.png","contentUrl":"https:\/\/oceansignal.com\/wp-content\/uploads\/2025\/06\/OSL-V200-Front-2.png","width":2000,"height":2000},{"@type":"BreadcrumbList","@id":"https:\/\/oceansignal.com\/hr\/products\/ocean-signal-safesea-v200-vhf-radio\/#breadcrumb","itemListElement":[{"@type":"ListItem","position":1,"name":"Prera\u0111evina","item":"https:\/\/oceansignal.com\/hr\/preradevina\/"},{"@type":"ListItem","position":2,"name":"safeSEA V200 VHF radio"}]},{"@type":"WebSite","@id":"https:\/\/oceansignal.com\/hr\/#website","url":"https:\/\/oceansignal.com\/hr\/","name":"Ocean Signal","description":"A leading manufacturer of EPIRBs, AIS, SARTs, Personal Locator Beacons, Man Overboard Beacon for the Marine and Outdoor Markets.","potentialAction":[{"@type":"SearchAction","target":{"@type":"EntryPoint","urlTemplate":"https:\/\/oceansignal.com\/hr\/?s={search_term_string}"},"query-input":{"@type":"PropertyValueSpecification","valueRequired":true,"valueName":"search_term_string"}}],"inLanguage":"hr"}]}},"_links":{"self":[{"href":"https:\/\/oceansignal.com\/hr\/wp-json\/wp\/v2\/product\/29733","targetHints":{"allow":["GET"]}}],"collection":[{"href":"https:\/\/oceansignal.com\/hr\/wp-json\/wp\/v2\/product"}],"about":[{"href":"https:\/\/oceansignal.com\/hr\/wp-json\/wp\/v2\/types\/product"}],"wp:featuredmedia":[{"embeddable":true,"href":"https:\/\/oceansignal.com\/hr\/wp-json\/wp\/v2\/media\/29735"}],"wp:attachment":[{"href":"https:\/\/oceansignal.com\/hr\/wp-json\/wp\/v2\/media?parent=29733"}],"wp:term":[{"taxonomy":"product_brand","embeddable":true,"href":"https:\/\/oceansignal.com\/hr\/wp-json\/wp\/v2\/product_brand?post=29733"},{"taxonomy":"product_cat","embeddable":true,"href":"https:\/\/oceansignal.com\/hr\/wp-json\/wp\/v2\/product_cat?post=29733"},{"taxonomy":"product_tag","embeddable":true,"href":"https:\/\/oceansignal.com\/hr\/wp-json\/wp\/v2\/product_tag?post=29733"}],"curies":[{"name":"wp","href":"https:\/\/api.w.org\/{rel}","templated":true}]}}