{"id":29839,"date":"2025-11-12T21:58:44","date_gmt":"2025-11-12T21:58:44","guid":{"rendered":"https:\/\/oceansignal.com\/?post_type=product&#038;p=29839"},"modified":"2026-03-24T16:22:58","modified_gmt":"2026-03-24T16:22:58","slug":"safesea-s200-ais-sart","status":"publish","type":"product","link":"https:\/\/oceansignal.com\/hr\/products\/safesea-s200-ais-sart\/","title":{"rendered":"safeSEA S200 AIS SART"},"content":{"rendered":"<p>Izgra\u0111en na provjerenom dizajnu S100, S200 SART nudi pobolj\u0161ano uzbunjivanje u nevolji putem tehnologije automatskog identifikacijskog sustava (AIS), nadilaze\u0107i tradicionalne sustave temeljene na radaru. Ovaj vrhunski ure\u0111aj \u0161alje precizne GNSS\/GPS koordinate satelitske lokacije svim plovilima opremljenim AIS-om unutar VHF dometa, osiguravaju\u0107i brzo raspore\u0111ivanje hitne pomo\u0107i kada je to potrebno. <\/p>\n<p>S prosje\u010dnim dometom detekcije od 5 nauti\u010dkih milja, S200 integrira tehnologiju komunikacije bliskog polja (NFC) za jednostavnu registraciju proizvoda i pristup podacima testiranja. Njegova visokou\u010dinkovita litijeva baterija pru\u017ea do 96 sati rada, osiguravaju\u0107i produljenu pouzdanost u najte\u017eim uvjetima. Sustav temeljen na AIS-u tako\u0111er pru\u017ea vrhunske performanse u nepovoljnim vremenskim uvjetima, sa smanjenom osjetljivo\u0161\u0107u na smetnje od jake ki\u0161e ili magle.  <\/p>\n<p>Dizajniran s prakti\u010dno\u0161\u0107u na umu, S200 uklju\u010duje elegantan zidni nosa\u010d za jednostavan pristup u hitnim slu\u010dajevima. Opcionalni teleskopski \u0161tap, koji se prote\u017ee 1 metar, mo\u017ee se pri\u010dvrstiti za maksimalnu visinu i vidljivost prilikom izvla\u010denja iz spasila\u010dkog plovila, a SART se mo\u017ee objesiti unutar plovila za kori\u0161tenje bez upotrebe ruku. <\/p>\n<p>Izgra\u0111en da izdr\u017ei najsurovije morske uvjete, S200 je pouzdan partner u svakoj hitnoj situaciji, osiguravaju\u0107i da va\u0161 signal za pomo\u0107 stigne do bilo kojeg plovila opremljenog AIS-om u dometu. Njegova robusna konstrukcija jam\u010di da \u0107e biti operativan kada vam je najpotrebniji, pru\u017eaju\u0107i vam bezbri\u017enost na vodi. <\/p>\n<p><strong>Zahtjevi za prijevoz<\/strong><\/p>\n<ul>\n<li>Svi IMO SOLAS brodovi na me\u0111unarodnim putovanjima moraju imati SART.<\/li>\n<li>Brodovi od 300-500 bruto registarskih tona (BRT) moraju imati najmanje 1 SART<\/li>\n<li>Preko 500 bruto registarskih tona (BRT) moraju imati najmanje 2 SART-a.<\/li>\n<li>1 SART za svaka \u010detiri splava za spa\u0161avanje na Ro-Ro putni\u010dkim brodovima<\/li>\n<li>Putni\u010dki brodovi bilo koje veli\u010dine moraju imati najmanje 2 SART-a bez obzira na tona\u017eu.<\/li>\n<li>\u010camci za spa\u0161avanje: SOLAS zahtijeva da u svakom plovilu za spa\u0161avanje bude dostupan barem jedan SART za kori\u0161tenje<\/li>\n<li>Splavi za spa\u0161avanje: U slu\u010daju putni\u010dkih brodova, ako postoji vi\u0161e od 2 splavi za spa\u0161avanje, trebaju se osigurati dodatni SART-ovi tako da je barem jedan SART dostupan za svaka 2 splavi za spa\u0161avanje.<\/li>\n<\/ul>\n<p>&nbsp;<\/p>\n","protected":false},"excerpt":{"rendered":"<p>S200 SART je AIS oda\u0161ilja\u010d za traganje i spa\u0161avanje (SART) kompatibilan s IMO SOLAS-om, koji plovilima koja se moraju pridr\u017eavati GMDSS propisa pru\u017ea pouzdano rje\u0161enje za ispunjavanje obveznih zahtjeva za no\u0161enje SART-a. Koriste\u0107i AIS izvje\u0161\u0107a o polo\u017eaju klase A, S200 oda\u0161ilje osam poruka o polo\u017eaju u minuti, omogu\u0107uju\u0107i pra\u0107enje u stvarnom vremenu u kriti\u010dnim situacijama. <\/p>\n<p><strong>Ovaj ure\u0111aj nije odobren prema propisima FCC-a. Ovaj ure\u0111aj nije i ne smije se nuditi na prodaju ili iznajmljivanje, niti prodavati ili iznajmljivati \u200b\u200bu Sjedinjenim Ameri\u010dkim Dr\u017eavama dok se ne dobije odobrenje. <\/strong><\/p>\n<p><a href=\"https:\/\/www.dropbox.com\/s\/fk04stqsp2hgk5f\/Prop%2065%20-%20DEHP.pdf?dl=0\">UPOZORENJE: PROP 65<\/a><\/p>\n<p>&nbsp;<\/p>\n","protected":false},"featured_media":29800,"template":"","meta":{"_acf_changed":false,"om_disable_all_campaigns":false},"product_brand":[],"product_cat":[334],"product_tag":[],"class_list":{"0":"post-29839","1":"product","2":"type-product","3":"status-publish","4":"has-post-thumbnail","6":"product_cat-safesea-hr","8":"first","9":"instock","10":"taxable","11":"shipping-taxable","12":"purchasable","13":"product-type-simple"},"acf":[],"yoast_head":"<!-- This site is optimized with the Yoast SEO Premium plugin v25.2 (Yoast SEO v26.4) - https:\/\/yoast.com\/wordpress\/plugins\/seo\/ -->\n<title>Ocean Signal safeSEA S200 AIS SART - Ocean Signal<\/title>\n<meta name=\"description\" content=\"S200 AIS SART ili oda\u0161ilja\u010d za traganje i spa\u0161avanje za GMDSS i SOLAS plovila pobolj\u0161ava pomorsku sigurnost i komunikaciju u hitnim slu\u010dajevima.\" \/>\n<meta name=\"robots\" content=\"index, follow, max-snippet:-1, max-image-preview:large, max-video-preview:-1\" \/>\n<link rel=\"canonical\" href=\"https:\/\/oceansignal.com\/hr\/products\/safesea-s200-ais-sart\/\" \/>\n<meta property=\"og:locale\" content=\"hr_HR\" \/>\n<meta property=\"og:type\" content=\"article\" \/>\n<meta property=\"og:title\" content=\"safeSEA S200 AIS SART\" \/>\n<meta property=\"og:description\" content=\"S200 AIS SART ili oda\u0161ilja\u010d za traganje i spa\u0161avanje za GMDSS i SOLAS plovila pobolj\u0161ava pomorsku sigurnost i komunikaciju u hitnim slu\u010dajevima.\" \/>\n<meta property=\"og:url\" content=\"https:\/\/oceansignal.com\/hr\/products\/safesea-s200-ais-sart\/\" \/>\n<meta property=\"og:site_name\" content=\"Ocean Signal\" \/>\n<meta property=\"article:modified_time\" content=\"2026-03-24T16:22:58+00:00\" \/>\n<meta property=\"og:image\" content=\"https:\/\/oceansignal.com\/wp-content\/uploads\/2025\/06\/OSL-AIS-SART-Front-1024x1024.png\" \/>\n\t<meta property=\"og:image:width\" content=\"1024\" \/>\n\t<meta property=\"og:image:height\" content=\"1024\" \/>\n\t<meta property=\"og:image:type\" content=\"image\/png\" \/>\n<meta name=\"twitter:card\" content=\"summary_large_image\" \/>\n<meta name=\"twitter:label1\" content=\"Procijenjeno vrijeme \u010ditanja\" \/>\n\t<meta name=\"twitter:data1\" content=\"2 minute\" \/>\n<script type=\"application\/ld+json\" class=\"yoast-schema-graph\">{\"@context\":\"https:\/\/schema.org\",\"@graph\":[{\"@type\":\"WebPage\",\"@id\":\"https:\/\/oceansignal.com\/hr\/products\/safesea-s200-ais-sart\/\",\"url\":\"https:\/\/oceansignal.com\/hr\/products\/safesea-s200-ais-sart\/\",\"name\":\"Ocean Signal safeSEA S200 AIS SART - Ocean Signal\",\"isPartOf\":{\"@id\":\"https:\/\/oceansignal.com\/hr\/#website\"},\"primaryImageOfPage\":{\"@id\":\"https:\/\/oceansignal.com\/hr\/products\/safesea-s200-ais-sart\/#primaryimage\"},\"image\":{\"@id\":\"https:\/\/oceansignal.com\/hr\/products\/safesea-s200-ais-sart\/#primaryimage\"},\"thumbnailUrl\":\"https:\/\/oceansignal.com\/wp-content\/uploads\/2025\/06\/OSL-AIS-SART-Front.png\",\"datePublished\":\"2025-11-12T21:58:44+00:00\",\"dateModified\":\"2026-03-24T16:22:58+00:00\",\"description\":\"S200 AIS SART ili oda\u0161ilja\u010d za traganje i spa\u0161avanje za GMDSS i SOLAS plovila pobolj\u0161ava pomorsku sigurnost i komunikaciju u hitnim slu\u010dajevima.\",\"breadcrumb\":{\"@id\":\"https:\/\/oceansignal.com\/hr\/products\/safesea-s200-ais-sart\/#breadcrumb\"},\"inLanguage\":\"hr\",\"potentialAction\":[{\"@type\":\"ReadAction\",\"target\":[\"https:\/\/oceansignal.com\/hr\/products\/safesea-s200-ais-sart\/\"]}]},{\"@type\":\"ImageObject\",\"inLanguage\":\"hr\",\"@id\":\"https:\/\/oceansignal.com\/hr\/products\/safesea-s200-ais-sart\/#primaryimage\",\"url\":\"https:\/\/oceansignal.com\/wp-content\/uploads\/2025\/06\/OSL-AIS-SART-Front.png\",\"contentUrl\":\"https:\/\/oceansignal.com\/wp-content\/uploads\/2025\/06\/OSL-AIS-SART-Front.png\",\"width\":3850,\"height\":3850,\"caption\":\"S200 AIS SART ili oda\u0161ilja\u010d za traganje i spa\u0161avanje za GMDSS i SOLAS plovila\"},{\"@type\":\"BreadcrumbList\",\"@id\":\"https:\/\/oceansignal.com\/hr\/products\/safesea-s200-ais-sart\/#breadcrumb\",\"itemListElement\":[{\"@type\":\"ListItem\",\"position\":1,\"name\":\"Prera\u0111evina\",\"item\":\"https:\/\/oceansignal.com\/hr\/preradevina\/\"},{\"@type\":\"ListItem\",\"position\":2,\"name\":\"safeSEA S200 AIS SART\"}]},{\"@type\":\"WebSite\",\"@id\":\"https:\/\/oceansignal.com\/hr\/#website\",\"url\":\"https:\/\/oceansignal.com\/hr\/\",\"name\":\"Ocean Signal\",\"description\":\"A leading manufacturer of EPIRBs, AIS, SARTs, Personal Locator Beacons, Man Overboard Beacon for the Marine and Outdoor Markets.\",\"potentialAction\":[{\"@type\":\"SearchAction\",\"target\":{\"@type\":\"EntryPoint\",\"urlTemplate\":\"https:\/\/oceansignal.com\/hr\/?s={search_term_string}\"},\"query-input\":{\"@type\":\"PropertyValueSpecification\",\"valueRequired\":true,\"valueName\":\"search_term_string\"}}],\"inLanguage\":\"hr\"}]}<\/script>\n<!-- \/ Yoast SEO Premium plugin. -->","yoast_head_json":{"title":"Ocean Signal safeSEA S200 AIS SART - Ocean Signal","description":"S200 AIS SART ili oda\u0161ilja\u010d za traganje i spa\u0161avanje za GMDSS i SOLAS plovila pobolj\u0161ava pomorsku sigurnost i komunikaciju u hitnim slu\u010dajevima.","robots":{"index":"index","follow":"follow","max-snippet":"max-snippet:-1","max-image-preview":"max-image-preview:large","max-video-preview":"max-video-preview:-1"},"canonical":"https:\/\/oceansignal.com\/hr\/products\/safesea-s200-ais-sart\/","og_locale":"hr_HR","og_type":"article","og_title":"safeSEA S200 AIS SART","og_description":"S200 AIS SART ili oda\u0161ilja\u010d za traganje i spa\u0161avanje za GMDSS i SOLAS plovila pobolj\u0161ava pomorsku sigurnost i komunikaciju u hitnim slu\u010dajevima.","og_url":"https:\/\/oceansignal.com\/hr\/products\/safesea-s200-ais-sart\/","og_site_name":"Ocean Signal","article_modified_time":"2026-03-24T16:22:58+00:00","og_image":[{"width":1024,"height":1024,"url":"https:\/\/oceansignal.com\/wp-content\/uploads\/2025\/06\/OSL-AIS-SART-Front-1024x1024.png","type":"image\/png"}],"twitter_card":"summary_large_image","twitter_misc":{"Procijenjeno vrijeme \u010ditanja":"2 minute"},"schema":{"@context":"https:\/\/schema.org","@graph":[{"@type":"WebPage","@id":"https:\/\/oceansignal.com\/hr\/products\/safesea-s200-ais-sart\/","url":"https:\/\/oceansignal.com\/hr\/products\/safesea-s200-ais-sart\/","name":"Ocean Signal safeSEA S200 AIS SART - Ocean Signal","isPartOf":{"@id":"https:\/\/oceansignal.com\/hr\/#website"},"primaryImageOfPage":{"@id":"https:\/\/oceansignal.com\/hr\/products\/safesea-s200-ais-sart\/#primaryimage"},"image":{"@id":"https:\/\/oceansignal.com\/hr\/products\/safesea-s200-ais-sart\/#primaryimage"},"thumbnailUrl":"https:\/\/oceansignal.com\/wp-content\/uploads\/2025\/06\/OSL-AIS-SART-Front.png","datePublished":"2025-11-12T21:58:44+00:00","dateModified":"2026-03-24T16:22:58+00:00","description":"S200 AIS SART ili oda\u0161ilja\u010d za traganje i spa\u0161avanje za GMDSS i SOLAS plovila pobolj\u0161ava pomorsku sigurnost i komunikaciju u hitnim slu\u010dajevima.","breadcrumb":{"@id":"https:\/\/oceansignal.com\/hr\/products\/safesea-s200-ais-sart\/#breadcrumb"},"inLanguage":"hr","potentialAction":[{"@type":"ReadAction","target":["https:\/\/oceansignal.com\/hr\/products\/safesea-s200-ais-sart\/"]}]},{"@type":"ImageObject","inLanguage":"hr","@id":"https:\/\/oceansignal.com\/hr\/products\/safesea-s200-ais-sart\/#primaryimage","url":"https:\/\/oceansignal.com\/wp-content\/uploads\/2025\/06\/OSL-AIS-SART-Front.png","contentUrl":"https:\/\/oceansignal.com\/wp-content\/uploads\/2025\/06\/OSL-AIS-SART-Front.png","width":3850,"height":3850,"caption":"S200 AIS SART ili oda\u0161ilja\u010d za traganje i spa\u0161avanje za GMDSS i SOLAS plovila"},{"@type":"BreadcrumbList","@id":"https:\/\/oceansignal.com\/hr\/products\/safesea-s200-ais-sart\/#breadcrumb","itemListElement":[{"@type":"ListItem","position":1,"name":"Prera\u0111evina","item":"https:\/\/oceansignal.com\/hr\/preradevina\/"},{"@type":"ListItem","position":2,"name":"safeSEA S200 AIS SART"}]},{"@type":"WebSite","@id":"https:\/\/oceansignal.com\/hr\/#website","url":"https:\/\/oceansignal.com\/hr\/","name":"Ocean Signal","description":"A leading manufacturer of EPIRBs, AIS, SARTs, Personal Locator Beacons, Man Overboard Beacon for the Marine and Outdoor Markets.","potentialAction":[{"@type":"SearchAction","target":{"@type":"EntryPoint","urlTemplate":"https:\/\/oceansignal.com\/hr\/?s={search_term_string}"},"query-input":{"@type":"PropertyValueSpecification","valueRequired":true,"valueName":"search_term_string"}}],"inLanguage":"hr"}]}},"_links":{"self":[{"href":"https:\/\/oceansignal.com\/hr\/wp-json\/wp\/v2\/product\/29839","targetHints":{"allow":["GET"]}}],"collection":[{"href":"https:\/\/oceansignal.com\/hr\/wp-json\/wp\/v2\/product"}],"about":[{"href":"https:\/\/oceansignal.com\/hr\/wp-json\/wp\/v2\/types\/product"}],"wp:featuredmedia":[{"embeddable":true,"href":"https:\/\/oceansignal.com\/hr\/wp-json\/wp\/v2\/media\/29800"}],"wp:attachment":[{"href":"https:\/\/oceansignal.com\/hr\/wp-json\/wp\/v2\/media?parent=29839"}],"wp:term":[{"taxonomy":"product_brand","embeddable":true,"href":"https:\/\/oceansignal.com\/hr\/wp-json\/wp\/v2\/product_brand?post=29839"},{"taxonomy":"product_cat","embeddable":true,"href":"https:\/\/oceansignal.com\/hr\/wp-json\/wp\/v2\/product_cat?post=29839"},{"taxonomy":"product_tag","embeddable":true,"href":"https:\/\/oceansignal.com\/hr\/wp-json\/wp\/v2\/product_tag?post=29839"}],"curies":[{"name":"wp","href":"https:\/\/api.w.org\/{rel}","templated":true}]}}