{"id":31894,"date":"2025-07-17T08:59:49","date_gmt":"2025-07-17T08:59:49","guid":{"rendered":"https:\/\/oceansignal.com\/products\/epirb2-sigurnosni-komplet-plus\/"},"modified":"2026-03-12T09:19:32","modified_gmt":"2026-03-12T09:19:32","slug":"epirb2-sigurnosni-komplet-plus","status":"publish","type":"product","link":"https:\/\/oceansignal.com\/hr\/products\/epirb2-sigurnosni-komplet-plus\/","title":{"rendered":"EPIRB2 Komplet za sigurnost jedrenja Plus"},"content":{"rendered":"<h3 data-start=\"3285\" data-end=\"3337\"><strong data-start=\"3292\" data-end=\"3337\"><img loading=\"lazy\" decoding=\"async\" class=\"alignnone size-full wp-image-32359\" src=\"https:\/\/oceansignal.com\/wp-content\/uploads\/2025\/07\/View-New-Safety-Kits.png\" alt=\"\" width=\"300\" height=\"75\" srcset=\"https:\/\/oceansignal.com\/wp-content\/uploads\/2025\/07\/View-New-Safety-Kits.png 300w, https:\/\/oceansignal.com\/wp-content\/uploads\/2025\/07\/View-New-Safety-Kits-60x15.png 60w, https:\/\/oceansignal.com\/wp-content\/uploads\/2025\/07\/View-New-Safety-Kits-110x28.png 110w\" sizes=\"auto, (max-width: 300px) 100vw, 300px\" \/><\/strong><\/h3>\n<h3 data-start=\"3285\" data-end=\"3337\"><strong data-start=\"3292\" data-end=\"3337\">Za\u0161to odabrati EPIRB2 sigurnosni komplet Plus?<\/strong><\/h3>\n<p data-start=\"195\" data-end=\"642\">EPIRB2 Safety Kit Plus posti\u017ee savr\u0161enu ravnote\u017eu performansi, vrijednosti i spremnosti za budu\u0107nost. Dizajniran oko Ocean Signalovog EPIRB2 sljede\u0107e generacije s NFC-om, uklju\u010duje EDF2 elektroni\u010dki signal za pomo\u0107 i klju\u010dne rezervne vizualne alate, sve pakirano u vodootpornoj, plutaju\u0107oj torbi. Bez obzira krstarite li obalom ili prelazite La Manche, ovaj komplet vas dr\u017ei spremnima za stvarne pomorske hitne slu\u010dajeve &#8211; bez kompromisa.  <\/p>\n<p data-start=\"644\" data-end=\"692\">Pametnija sigurnost. Moderna tehnologija. Bez naga\u0111anja.  <\/p>\n<h3 data-start=\"2903\" data-end=\"2924\"><strong data-start=\"2910\" data-end=\"2924\">Idealno za:<\/strong><\/h3>\n<ul>\n<li data-start=\"717\" data-end=\"786\">Nauti\u010dari na moru i obali koji tra\u017ee cjelovito sigurnosno rje\u0161enje<\/li>\n<li data-start=\"717\" data-end=\"786\">Vlasnici jahti koji se pripremaju za dulja putovanja (maksimiziranje sigurnosti bez potrebe za ispunjavanjem svih posebnih propisa za plovidbu na moru kategorije 0)<\/li>\n<li data-start=\"717\" data-end=\"786\">Krstarice se nadogra\u0111uju s tradicionalne pirotehnike<\/li>\n<li data-start=\"717\" data-end=\"786\">Kandidati za RYA Yachtmaster grade sigurnosnu strukturu otpornu na budu\u0107nost<\/li>\n<li data-start=\"717\" data-end=\"786\">Ekipe zamjenjuju istekle baklje odr\u017eivim alternativama za vi\u0161ekratnu upotrebu<\/li>\n<\/ul>\n<h3 data-start=\"661\" data-end=\"706\"><strong data-start=\"668\" data-end=\"706\">\u0160to je uklju\u010deno i za\u0161to je to va\u017eno?<\/strong><\/h3>\n<h4 data-start=\"708\" data-end=\"751\"><strong data-start=\"713\" data-end=\"749\">1 \u00d7 Ocean Signal EPIRB2 s NFC-om<\/strong><\/h4>\n<p data-start=\"752\" data-end=\"775\">Dobivate satelitsku pokrivenost za globalno spa\u0161avanje i RLS za bezbri\u017enost &#8211; sve u kompaktnom, propisno uskla\u0111enom ure\u0111aju.<br \/>\n<img loading=\"lazy\" decoding=\"async\" class=\"alignnone size-medium wp-image-31423\" src=\"https:\/\/oceansignal.com\/wp-content\/uploads\/2025\/06\/EPIRB2-FRONT-300-300x300.png\" alt=\"\" width=\"300\" height=\"300\" srcset=\"https:\/\/oceansignal.com\/wp-content\/uploads\/2025\/06\/EPIRB2-FRONT-300-300x300.png 300w, https:\/\/oceansignal.com\/wp-content\/uploads\/2025\/06\/EPIRB2-FRONT-300-150x150.png 150w, https:\/\/oceansignal.com\/wp-content\/uploads\/2025\/06\/EPIRB2-FRONT-300-100x100.png 100w, https:\/\/oceansignal.com\/wp-content\/uploads\/2025\/06\/EPIRB2-FRONT-300-60x60.png 60w, https:\/\/oceansignal.com\/wp-content\/uploads\/2025\/06\/EPIRB2-FRONT-300-110x110.png 110w, https:\/\/oceansignal.com\/wp-content\/uploads\/2025\/06\/EPIRB2-FRONT-300.png 411w\" sizes=\"auto, (max-width: 300px) 100vw, 300px\" \/><br \/>\n Ovaj EPIRB kategorije II najnovije generacije kombinira satelitsku signalizaciju od 406 MHz s uslugom povratne veze (RLS) i postavljanjem pametnog telefona putem NFC povezivosti.<\/p>\n<ul data-start=\"954\" data-end=\"1273\">\n<li data-start=\"954\" data-end=\"1004\">\n<p data-start=\"956\" data-end=\"1004\"><strong data-start=\"956\" data-end=\"984\">Globalno uzbunjivanje u nevolji<\/strong> putem satelitske mre\u017ee Cospas-Sarsat<\/p>\n<\/li>\n<li data-start=\"1064\" data-end=\"1131\">\n<p data-start=\"1066\" data-end=\"1131\"><strong data-start=\"1066\" data-end=\"1095\">Usluga povratne veze (RLS)<\/strong> potvr\u0111uje da je va\u0161 signal primljen<\/p>\n<\/li>\n<li data-start=\"1132\" data-end=\"1210\">\n<p data-start=\"1134\" data-end=\"1210\"><strong data-start=\"1134\" data-end=\"1166\">Postavljanje i testiranje pametnog telefona<\/strong> putem besplatne aplikacije Ocean Signal (iOS i Android)<\/p>\n<\/li>\n<li data-start=\"1211\" data-end=\"1273\">\n<p data-start=\"1213\" data-end=\"1273\"><strong data-start=\"1213\" data-end=\"1251\">Ru\u010dni nosa\u010d (Cat II)<\/strong> uklju\u010den za fleksibilnu monta\u017eu<\/p>\n<\/li>\n<\/ul>\n<hr data-start=\"2026\" data-end=\"2029\">\n<h4 data-start=\"2031\" data-end=\"2073\"><strong data-start=\"2036\" data-end=\"2071\">1 \u00d7<\/strong> <strong data-start=\"2191\" data-end=\"2242\">Ocean Signal EDF2 elektroni\u010dki signal za pomo\u0107<\/strong><\/h4>\n<p data-start=\"2245\" data-end=\"2268\">Signalna baklja kojoj mo\u017eete vjerovati da \u0107e djelovati &#8211; bez roka trajanja, rizika od po\u017eara ili problema s odlaganjem.<br \/>\n Maloprodajna vrijednost: 229,99 \u00a3<br \/>\n<img loading=\"lazy\" decoding=\"async\" class=\"alignnone wp-image-31439 size-medium\" src=\"https:\/\/oceansignal.com\/wp-content\/uploads\/2025\/06\/EDF2-FRONT-e1752085297427-198x300.png\" alt=\"\" width=\"198\" height=\"300\" srcset=\"https:\/\/oceansignal.com\/wp-content\/uploads\/2025\/06\/EDF2-FRONT-e1752085297427-198x300.png 198w, https:\/\/oceansignal.com\/wp-content\/uploads\/2025\/06\/EDF2-FRONT-e1752085297427-60x91.png 60w, https:\/\/oceansignal.com\/wp-content\/uploads\/2025\/06\/EDF2-FRONT-e1752085297427-110x166.png 110w, https:\/\/oceansignal.com\/wp-content\/uploads\/2025\/06\/EDF2-FRONT-e1752085297427.png 424w\" sizes=\"auto, (max-width: 198px) 100vw, 198px\" \/><br \/>\nVisokointenzivna, vi\u0161ebojna i IR LED bljeskalica. Vidljiva no\u0107u na udaljenosti ve\u0107oj od 13 kilometara. Vi\u0161ekratna upotreba i sigurnija od pirotehnike.  <\/p>\n<ul data-start=\"2183\" data-end=\"2300\">\n<li data-start=\"2183\" data-end=\"2216\">\n<p data-start=\"2185\" data-end=\"2216\">Emitira bljesak karakteristi\u010dan za me\u0111unarodnu Morseovu abecedu za SOS<\/p>\n<\/li>\n<li data-start=\"2183\" data-end=\"2216\">Uklju\u010duje dnevnu zastavu za pomo\u0107 i nosa\u010d za monta\u017eu<\/li>\n<li data-start=\"2217\" data-end=\"2261\">\n<p data-start=\"2219\" data-end=\"2261\">Pluta i radi 3 sata pri potrebnom intenzitetu svjetla<\/p>\n<\/li>\n<li data-start=\"2217\" data-end=\"2261\">\n<p data-start=\"2219\" data-end=\"2261\">Sigurnost za vi\u0161ekratnu upotrebu, na baterije<\/p>\n<\/li>\n<li data-start=\"2217\" data-end=\"2261\">\u2265180 Svjetlosni kut pri \u226550 cd za visoku vidljivost Range Plus<\/li>\n<\/ul>\n<hr data-start=\"2026\" data-end=\"2029\">\n<h4 data-start=\"2031\" data-end=\"2073\"><strong data-start=\"2036\" data-end=\"2071\">1 \u00d7 ACR signalno ogledalo i zvi\u017edaljka<\/strong><\/h4>\n<p data-start=\"2074\" data-end=\"2096\">Dodaje rezervnu signalizaciju va\u0161em alatu &#8211; posebno korisno kada su SAR zrakoplovi ili plovila na vidiku, ali jo\u0161 nisu locirali va\u0161u poziciju.<br \/>\n Maloprodajna vrijednost: 10,99 \u00a3<br \/>\n<img loading=\"lazy\" decoding=\"async\" class=\"alignnone wp-image-31407 size-medium\" src=\"https:\/\/oceansignal.com\/wp-content\/uploads\/2025\/06\/Grab_Bag_EPIRB1_Kit-e1752085331562-300x131.png\" alt=\"\" width=\"300\" height=\"131\" srcset=\"https:\/\/oceansignal.com\/wp-content\/uploads\/2025\/06\/Grab_Bag_EPIRB1_Kit-e1752085331562-300x131.png 300w, https:\/\/oceansignal.com\/wp-content\/uploads\/2025\/06\/Grab_Bag_EPIRB1_Kit-e1752085331562-60x26.png 60w, https:\/\/oceansignal.com\/wp-content\/uploads\/2025\/06\/Grab_Bag_EPIRB1_Kit-e1752085331562-110x48.png 110w, https:\/\/oceansignal.com\/wp-content\/uploads\/2025\/06\/Grab_Bag_EPIRB1_Kit-e1752085331562.png 344w\" sizes=\"auto, (max-width: 300px) 100vw, 300px\" \/><br \/>\n Jednostavni alati, pouzdani diljem svijeta, za signalizaciju na maloj udaljenosti kada je vidljivost va\u017ena.<\/p>\n<ul data-start=\"2183\" data-end=\"2300\">\n<li data-start=\"2183\" data-end=\"2216\">\n<p data-start=\"2185\" data-end=\"2216\">Visoko reflektiraju\u0107e kompaktno zrcalo za dnevne vizualne signale &#8211; Dizajnirano za reflektiranje sun\u010deve svjetlosti na velike udaljenosti, idealno za privla\u010denje pa\u017enje prolaze\u0107ih plovila ili zrakoplova<\/p>\n<\/li>\n<li data-start=\"2217\" data-end=\"2261\">\n<p data-start=\"2219\" data-end=\"2261\">Zvi\u017eduk visokog decibela za zvu\u010dnu signalizaciju<\/p>\n<\/li>\n<li data-start=\"2262\" data-end=\"2300\">\n<p data-start=\"2264\" data-end=\"2300\">Kompaktni, osnovni ure\u0111aji koji ne zahtijevaju odr\u017eavanje<\/p>\n<\/li>\n<\/ul>\n<hr data-start=\"2461\" data-end=\"2464\">\n<h4 data-start=\"2466\" data-end=\"2513\"><strong data-start=\"2471\" data-end=\"2511\">1 \u00d7 Vodootporna torba za hvatanje Ocean Signal<\/strong><\/h4>\n<p data-start=\"2514\" data-end=\"2536\">Hitni trenuci su kaoti\u010dni &#8211; ova torba osigurava da va\u0161a najbolja oprema ostane suha, na okupu, vidljiva i lako dostupna.<br \/>\n Maloprodajna vrijednost: 129,99 \u00a3<br \/>\n<img loading=\"lazy\" decoding=\"async\" class=\"alignnone wp-image-31488 size-medium\" src=\"https:\/\/oceansignal.com\/wp-content\/uploads\/2025\/06\/Grab_Bag-1-241x300.webp\" alt=\"\" width=\"241\" height=\"300\" srcset=\"https:\/\/oceansignal.com\/wp-content\/uploads\/2025\/06\/Grab_Bag-1-241x300.webp 241w, https:\/\/oceansignal.com\/wp-content\/uploads\/2025\/06\/Grab_Bag-1-60x75.webp 60w, https:\/\/oceansignal.com\/wp-content\/uploads\/2025\/06\/Grab_Bag-1-110x137.webp 110w, https:\/\/oceansignal.com\/wp-content\/uploads\/2025\/06\/Grab_Bag-1.webp 489w\" sizes=\"auto, (max-width: 241px) 100vw, 241px\" \/><\/p>\n<p data-start=\"2538\" data-end=\"2634\">Ova svijetla, plutaju\u0107a torba za hvatanje uklju\u010duje zna\u010dajke kao \u0161to su:<\/p>\n<ul data-start=\"2636\" data-end=\"2778\">\n<li data-start=\"2636\" data-end=\"2669\">\n<p data-start=\"2638\" data-end=\"2669\">Lagan i jednostavan za pohranu<\/p>\n<\/li>\n<li data-start=\"2670\" data-end=\"2722\">\n<p data-start=\"2672\" data-end=\"2722\">Pluta i \u0161titi sadr\u017eaj u te\u0161kim uvjetima<\/p>\n<\/li>\n<li data-start=\"2723\" data-end=\"2778\">\n<p data-start=\"2725\" data-end=\"2778\">Omogu\u0107uje brzo i bezbri\u017eno dohva\u0107anje va\u0161ih osnovnih potrep\u0161tina<\/p>\n<\/li>\n<\/ul>\n<p data-start=\"2780\" data-end=\"2896\">\n","protected":false},"excerpt":{"rendered":"<ul>\n<li>Budite spremni kada je svaka sekunda va\u017ena uz <strong data-start=\"43\" data-end=\"89\">Ocean Signal EPIRB2 Safety Kit Plus<\/strong> \u2014 klju\u010dno rje\u0161enje za hitne slu\u010dajeve za jedrili\u010dare koji grade svoju prvu vre\u0107u za hvatanje.<\/li>\n<p> \t<\/p>\n<li>Smje\u0161ten u robusnoj, plutaju\u0107oj <strong data-start=\"195\" data-end=\"220\">torbi za hvatanje signala Ocean Signal<\/strong> , ovaj komplet uklju\u010duje napredni <strong data-start=\"253\" data-end=\"263\">EPIRB2<\/strong> s GPS pozicioniranjem, uslugom povratne veze (RLS) za potvrdu prijema signala za pomo\u0107, dvostrukim stroboskopskim svjetlima (vidljivom i infracrvenom) i dijagnostikom pametnog telefona putem NFC-a.<\/li>\n<p> \t<\/p>\n<li>Uklju\u010dena je i sna\u017ena <strong data-start=\"444\" data-end=\"478\">elektroni\u010dka signalna raketa EDF2<\/strong> koja nudi vidljivost od 360\u00b0 s intenzivnim vi\u0161ebojnim i infracrvenim LED diodama &#8211; idealna za privla\u010denje pa\u017enje pri slabom osvjetljenju ili lo\u0161oj vidljivosti. Kompaktan, vodootporan i napravljen za stvarne scenarije spa\u0161avanja, ovaj komplet poma\u017ee osigurati da budete vi\u0111eni, prona\u0111eni i brzo dovedeni ku\u0107i. <\/li>\n<p> \t<\/p>\n<li>Ukupna vrijednost kompleta po preporu\u010denoj maloprodajnoj cijeni: 920,96 GBP. U\u0161tedite 170 GBP s ovim kompletom! <\/li>\n<\/ul>\n","protected":false},"featured_media":31354,"template":"","meta":{"_acf_changed":false,"om_disable_all_campaigns":false},"product_brand":[],"product_cat":[1205,476,1652],"product_tag":[1699,1654],"class_list":{"0":"post-31894","1":"product","2":"type-product","3":"status-publish","4":"has-post-thumbnail","6":"product_cat-elektronicko-signaliziranje-i-signalna-flare-pomoc","7":"product_cat-rescueme-hr","8":"product_cat-sigurnosni-setovi","9":"product_tag-sigurnosni-setovi","10":"product_tag-vreca-za-grabljenje","12":"first","13":"instock","14":"taxable","15":"shipping-taxable","16":"purchasable","17":"product-type-simple"},"acf":[],"yoast_head":"<!-- This site is optimized with the Yoast SEO Premium plugin v25.2 (Yoast SEO v26.4) - https:\/\/yoast.com\/wordpress\/plugins\/seo\/ -->\n<title>EPIRB2 Komplet za sigurnost jedrenja Plus - Ocean Signal<\/title>\n<meta name=\"robots\" content=\"index, follow, max-snippet:-1, max-image-preview:large, max-video-preview:-1\" \/>\n<link rel=\"canonical\" href=\"https:\/\/oceansignal.com\/hr\/products\/epirb2-sigurnosni-komplet-plus\/\" \/>\n<meta property=\"og:locale\" content=\"hr_HR\" \/>\n<meta property=\"og:type\" content=\"article\" \/>\n<meta property=\"og:title\" content=\"EPIRB2 Komplet za sigurnost jedrenja Plus\" \/>\n<meta property=\"og:description\" content=\"Budite spremni kada je svaka sekunda va\u017ena uz Ocean Signal EPIRB2 Safety Kit Plus \u2014 klju\u010dno rje\u0161enje za hitne slu\u010dajeve za jedrili\u010dare koji grade svoju prvu vre\u0107u za hvatanje. Smje\u0161ten u robusnoj, plutaju\u0107oj torbi za hvatanje signala Ocean Signal , ovaj komplet uklju\u010duje napredni EPIRB2 s GPS pozicioniranjem, uslugom povratne veze (RLS) za potvrdu prijema signala za pomo\u0107, dvostrukim stroboskopskim svjetlima (vidljivom i infracrvenom) i dijagnostikom pametnog telefona putem NFC-a. Uklju\u010dena je i sna\u017ena elektroni\u010dka signalna raketa EDF2 koja nudi vidljivost od 360\u00b0 s intenzivnim vi\u0161ebojnim i infracrvenim LED diodama - idealna za privla\u010denje pa\u017enje pri slabom osvjetljenju ili lo\u0161oj vidljivosti. Kompaktan, vodootporan i napravljen za stvarne scenarije spa\u0161avanja, ovaj komplet poma\u017ee osigurati da budete vi\u0111eni, prona\u0111eni i brzo dovedeni ku\u0107i.  Ukupna vrijednost kompleta po preporu\u010denoj maloprodajnoj cijeni: 920,96 GBP. U\u0161tedite 170 GBP s ovim kompletom!\" \/>\n<meta property=\"og:url\" content=\"https:\/\/oceansignal.com\/hr\/products\/epirb2-sigurnosni-komplet-plus\/\" \/>\n<meta property=\"og:site_name\" content=\"Ocean Signal\" \/>\n<meta property=\"article:modified_time\" content=\"2026-03-12T09:19:32+00:00\" \/>\n<meta property=\"og:image\" content=\"https:\/\/oceansignal.com\/wp-content\/uploads\/2025\/06\/Grab_Bag_EPIRB2_Safety_Kit_Plus-2.jpg\" \/>\n\t<meta property=\"og:image:width\" content=\"911\" \/>\n\t<meta property=\"og:image:height\" content=\"805\" \/>\n\t<meta property=\"og:image:type\" content=\"image\/jpeg\" \/>\n<meta name=\"twitter:card\" content=\"summary_large_image\" \/>\n<meta name=\"twitter:label1\" content=\"Procijenjeno vrijeme \u010ditanja\" \/>\n\t<meta name=\"twitter:data1\" content=\"3 minute\" \/>\n<script type=\"application\/ld+json\" class=\"yoast-schema-graph\">{\"@context\":\"https:\/\/schema.org\",\"@graph\":[{\"@type\":\"WebPage\",\"@id\":\"https:\/\/oceansignal.com\/hr\/products\/epirb2-sigurnosni-komplet-plus\/\",\"url\":\"https:\/\/oceansignal.com\/hr\/products\/epirb2-sigurnosni-komplet-plus\/\",\"name\":\"EPIRB2 Komplet za sigurnost jedrenja Plus - Ocean Signal\",\"isPartOf\":{\"@id\":\"https:\/\/oceansignal.com\/hr\/#website\"},\"primaryImageOfPage\":{\"@id\":\"https:\/\/oceansignal.com\/hr\/products\/epirb2-sigurnosni-komplet-plus\/#primaryimage\"},\"image\":{\"@id\":\"https:\/\/oceansignal.com\/hr\/products\/epirb2-sigurnosni-komplet-plus\/#primaryimage\"},\"thumbnailUrl\":\"https:\/\/oceansignal.com\/wp-content\/uploads\/2025\/06\/Grab_Bag_EPIRB2_Safety_Kit_Plus-2.jpg\",\"datePublished\":\"2025-07-17T08:59:49+00:00\",\"dateModified\":\"2026-03-12T09:19:32+00:00\",\"breadcrumb\":{\"@id\":\"https:\/\/oceansignal.com\/hr\/products\/epirb2-sigurnosni-komplet-plus\/#breadcrumb\"},\"inLanguage\":\"hr\",\"potentialAction\":[{\"@type\":\"ReadAction\",\"target\":[\"https:\/\/oceansignal.com\/hr\/products\/epirb2-sigurnosni-komplet-plus\/\"]}]},{\"@type\":\"ImageObject\",\"inLanguage\":\"hr\",\"@id\":\"https:\/\/oceansignal.com\/hr\/products\/epirb2-sigurnosni-komplet-plus\/#primaryimage\",\"url\":\"https:\/\/oceansignal.com\/wp-content\/uploads\/2025\/06\/Grab_Bag_EPIRB2_Safety_Kit_Plus-2.jpg\",\"contentUrl\":\"https:\/\/oceansignal.com\/wp-content\/uploads\/2025\/06\/Grab_Bag_EPIRB2_Safety_Kit_Plus-2.jpg\",\"width\":911,\"height\":805,\"caption\":\"Sigurnosni komplet za plovidbu Ocean Signal sada je dostupan\"},{\"@type\":\"BreadcrumbList\",\"@id\":\"https:\/\/oceansignal.com\/hr\/products\/epirb2-sigurnosni-komplet-plus\/#breadcrumb\",\"itemListElement\":[{\"@type\":\"ListItem\",\"position\":1,\"name\":\"Prera\u0111evina\",\"item\":\"https:\/\/oceansignal.com\/hr\/preradevina\/\"},{\"@type\":\"ListItem\",\"position\":2,\"name\":\"EPIRB2 Komplet za sigurnost jedrenja Plus\"}]},{\"@type\":\"WebSite\",\"@id\":\"https:\/\/oceansignal.com\/hr\/#website\",\"url\":\"https:\/\/oceansignal.com\/hr\/\",\"name\":\"Ocean Signal\",\"description\":\"A leading manufacturer of EPIRBs, AIS, SARTs, Personal Locator Beacons, Man Overboard Beacon for the Marine and Outdoor Markets.\",\"potentialAction\":[{\"@type\":\"SearchAction\",\"target\":{\"@type\":\"EntryPoint\",\"urlTemplate\":\"https:\/\/oceansignal.com\/hr\/?s={search_term_string}\"},\"query-input\":{\"@type\":\"PropertyValueSpecification\",\"valueRequired\":true,\"valueName\":\"search_term_string\"}}],\"inLanguage\":\"hr\"}]}<\/script>\n<!-- \/ Yoast SEO Premium plugin. -->","yoast_head_json":{"title":"EPIRB2 Komplet za sigurnost jedrenja Plus - Ocean Signal","robots":{"index":"index","follow":"follow","max-snippet":"max-snippet:-1","max-image-preview":"max-image-preview:large","max-video-preview":"max-video-preview:-1"},"canonical":"https:\/\/oceansignal.com\/hr\/products\/epirb2-sigurnosni-komplet-plus\/","og_locale":"hr_HR","og_type":"article","og_title":"EPIRB2 Komplet za sigurnost jedrenja Plus","og_description":"Budite spremni kada je svaka sekunda va\u017ena uz Ocean Signal EPIRB2 Safety Kit Plus \u2014 klju\u010dno rje\u0161enje za hitne slu\u010dajeve za jedrili\u010dare koji grade svoju prvu vre\u0107u za hvatanje. Smje\u0161ten u robusnoj, plutaju\u0107oj torbi za hvatanje signala Ocean Signal , ovaj komplet uklju\u010duje napredni EPIRB2 s GPS pozicioniranjem, uslugom povratne veze (RLS) za potvrdu prijema signala za pomo\u0107, dvostrukim stroboskopskim svjetlima (vidljivom i infracrvenom) i dijagnostikom pametnog telefona putem NFC-a. Uklju\u010dena je i sna\u017ena elektroni\u010dka signalna raketa EDF2 koja nudi vidljivost od 360\u00b0 s intenzivnim vi\u0161ebojnim i infracrvenim LED diodama - idealna za privla\u010denje pa\u017enje pri slabom osvjetljenju ili lo\u0161oj vidljivosti. Kompaktan, vodootporan i napravljen za stvarne scenarije spa\u0161avanja, ovaj komplet poma\u017ee osigurati da budete vi\u0111eni, prona\u0111eni i brzo dovedeni ku\u0107i.  Ukupna vrijednost kompleta po preporu\u010denoj maloprodajnoj cijeni: 920,96 GBP. U\u0161tedite 170 GBP s ovim kompletom!","og_url":"https:\/\/oceansignal.com\/hr\/products\/epirb2-sigurnosni-komplet-plus\/","og_site_name":"Ocean Signal","article_modified_time":"2026-03-12T09:19:32+00:00","og_image":[{"width":911,"height":805,"url":"https:\/\/oceansignal.com\/wp-content\/uploads\/2025\/06\/Grab_Bag_EPIRB2_Safety_Kit_Plus-2.jpg","type":"image\/jpeg"}],"twitter_card":"summary_large_image","twitter_misc":{"Procijenjeno vrijeme \u010ditanja":"3 minute"},"schema":{"@context":"https:\/\/schema.org","@graph":[{"@type":"WebPage","@id":"https:\/\/oceansignal.com\/hr\/products\/epirb2-sigurnosni-komplet-plus\/","url":"https:\/\/oceansignal.com\/hr\/products\/epirb2-sigurnosni-komplet-plus\/","name":"EPIRB2 Komplet za sigurnost jedrenja Plus - Ocean Signal","isPartOf":{"@id":"https:\/\/oceansignal.com\/hr\/#website"},"primaryImageOfPage":{"@id":"https:\/\/oceansignal.com\/hr\/products\/epirb2-sigurnosni-komplet-plus\/#primaryimage"},"image":{"@id":"https:\/\/oceansignal.com\/hr\/products\/epirb2-sigurnosni-komplet-plus\/#primaryimage"},"thumbnailUrl":"https:\/\/oceansignal.com\/wp-content\/uploads\/2025\/06\/Grab_Bag_EPIRB2_Safety_Kit_Plus-2.jpg","datePublished":"2025-07-17T08:59:49+00:00","dateModified":"2026-03-12T09:19:32+00:00","breadcrumb":{"@id":"https:\/\/oceansignal.com\/hr\/products\/epirb2-sigurnosni-komplet-plus\/#breadcrumb"},"inLanguage":"hr","potentialAction":[{"@type":"ReadAction","target":["https:\/\/oceansignal.com\/hr\/products\/epirb2-sigurnosni-komplet-plus\/"]}]},{"@type":"ImageObject","inLanguage":"hr","@id":"https:\/\/oceansignal.com\/hr\/products\/epirb2-sigurnosni-komplet-plus\/#primaryimage","url":"https:\/\/oceansignal.com\/wp-content\/uploads\/2025\/06\/Grab_Bag_EPIRB2_Safety_Kit_Plus-2.jpg","contentUrl":"https:\/\/oceansignal.com\/wp-content\/uploads\/2025\/06\/Grab_Bag_EPIRB2_Safety_Kit_Plus-2.jpg","width":911,"height":805,"caption":"Sigurnosni komplet za plovidbu Ocean Signal sada je dostupan"},{"@type":"BreadcrumbList","@id":"https:\/\/oceansignal.com\/hr\/products\/epirb2-sigurnosni-komplet-plus\/#breadcrumb","itemListElement":[{"@type":"ListItem","position":1,"name":"Prera\u0111evina","item":"https:\/\/oceansignal.com\/hr\/preradevina\/"},{"@type":"ListItem","position":2,"name":"EPIRB2 Komplet za sigurnost jedrenja Plus"}]},{"@type":"WebSite","@id":"https:\/\/oceansignal.com\/hr\/#website","url":"https:\/\/oceansignal.com\/hr\/","name":"Ocean Signal","description":"A leading manufacturer of EPIRBs, AIS, SARTs, Personal Locator Beacons, Man Overboard Beacon for the Marine and Outdoor Markets.","potentialAction":[{"@type":"SearchAction","target":{"@type":"EntryPoint","urlTemplate":"https:\/\/oceansignal.com\/hr\/?s={search_term_string}"},"query-input":{"@type":"PropertyValueSpecification","valueRequired":true,"valueName":"search_term_string"}}],"inLanguage":"hr"}]}},"_links":{"self":[{"href":"https:\/\/oceansignal.com\/hr\/wp-json\/wp\/v2\/product\/31894","targetHints":{"allow":["GET"]}}],"collection":[{"href":"https:\/\/oceansignal.com\/hr\/wp-json\/wp\/v2\/product"}],"about":[{"href":"https:\/\/oceansignal.com\/hr\/wp-json\/wp\/v2\/types\/product"}],"wp:featuredmedia":[{"embeddable":true,"href":"https:\/\/oceansignal.com\/hr\/wp-json\/wp\/v2\/media\/31354"}],"wp:attachment":[{"href":"https:\/\/oceansignal.com\/hr\/wp-json\/wp\/v2\/media?parent=31894"}],"wp:term":[{"taxonomy":"product_brand","embeddable":true,"href":"https:\/\/oceansignal.com\/hr\/wp-json\/wp\/v2\/product_brand?post=31894"},{"taxonomy":"product_cat","embeddable":true,"href":"https:\/\/oceansignal.com\/hr\/wp-json\/wp\/v2\/product_cat?post=31894"},{"taxonomy":"product_tag","embeddable":true,"href":"https:\/\/oceansignal.com\/hr\/wp-json\/wp\/v2\/product_tag?post=31894"}],"curies":[{"name":"wp","href":"https:\/\/api.w.org\/{rel}","templated":true}]}}